{"id":1002,"date":"2023-12-07T09:11:45","date_gmt":"2023-12-07T09:11:45","guid":{"rendered":"https:\/\/miningspareparts.com\/?post_type=product&#038;p=1002"},"modified":"2025-11-03T00:42:45","modified_gmt":"2025-11-03T00:42:45","slug":"liming-hpc220-bowl-liner","status":"publish","type":"product","link":"https:\/\/miningspareparts.com\/es\/producto\/liming-hpc220-bowl-liner\/","title":{"rendered":"Liming HPC220 Revestimiento de la taza de la trituradora de cono"},"content":{"rendered":"<p><strong>He aqu\u00ed la descripci\u00f3n de Liming HPC220 Bowl Liner<\/strong><\/p>\n<p style=\"font-weight: 400;\">MINING tiene una larga comprensi\u00f3n y cobertura de Henan Liming Keid Vipeak Vanguard Trituradoras de cono coinciden con los siguientes modelos<\/p>\n<p style=\"font-weight: 400;\"><strong>Serie Henan Liming Vipeak CS:<\/strong>\u00a0CS75B|CS75D|CS160B|CS160D|CS240B|CS240D|CS400B|CS400D<\/p>\n<p style=\"font-weight: 400;\"><strong>Shanghai SBM Zenith Serie HPT\/HPC<\/strong>: HPT100|HPT200|HPT300|HPT400|HPT500|HPT800|HPC220|HPC400<\/p>\n<p style=\"font-weight: 400;\"><strong>Liming Shibang Kefid Serie HST:\u00a0<\/strong>HST100|HST160|HST250|HST315|HST560|HST750<\/p>\n<h5>Por qu\u00e9 elegirnos\uff1f<\/h5>\n<p>Como fabricante l\u00edder especializado en equipos de miner\u00eda, nos enorgullece presentar nuestra camisa de cuba Liming HPC220, una soluci\u00f3n innovadora dise\u00f1ada para optimizar el rendimiento de su trituradora de cono. Dise\u00f1ada para adaptarse con precisi\u00f3n a las trituradoras de cono Liming HPC220, nuestra camisa de cuba destaca por su calidad excepcional y sus caracter\u00edsticas de vanguardia.<\/p>\n<p>La camisa de cuba HPC220 se ha fabricado centr\u00e1ndose en la durabilidad y la resistencia al desgaste, garantizando una s\u00f3lida protecci\u00f3n contra la abrasi\u00f3n y los impactos en aplicaciones de trituraci\u00f3n exigentes. La composici\u00f3n avanzada del material de la camisa mejora la resistencia al desgaste, minimizando la necesidad de sustituciones frecuentes y prolongando la vida \u00fatil del equipo. Esto se traduce en una mayor eficacia operativa y un menor tiempo de inactividad en sus operaciones de trituraci\u00f3n.<\/p>\n<p>Lo que distingue a nuestras camisas de cuba no es s\u00f3lo la calidad superior de sus materiales, sino tambi\u00e9n nuestro compromiso con una fabricaci\u00f3n precisa. Cumplimos rigurosas normas de control de calidad para suministrar productos que cumplan y superen los est\u00e1ndares del sector. El ajuste perfecto de la camisa de cuba HPC220 es un testimonio de nuestra dedicaci\u00f3n a la ingenier\u00eda de precisi\u00f3n, que garantiza la uniformidad y fiabilidad en las operaciones de trituraci\u00f3n.<\/p>\n<p>Adem\u00e1s de la excelencia de nuestros productos, damos prioridad a la satisfacci\u00f3n del cliente. Las entregas puntuales, la completa asistencia al cliente y un enfoque centrado en el cliente subrayan nuestro compromiso con su \u00e9xito. Elija nuestro revestimiento de taz\u00f3n HPC220 para obtener una soluci\u00f3n de trituraci\u00f3n superior, respaldada por un fabricante dedicado a mejorar el rendimiento y la fiabilidad en la industria minera.<\/p>","protected":false},"excerpt":{"rendered":"<p>Aqu\u00ed est\u00e1 una descripci\u00f3n de la Liming HPC220 Bowl Liner MINING tiene una larga comprensi\u00f3n y cobertura de Henan Liming Keid Vipeak Vanguard Trituradoras de cono coinciden con los siguientes modelos Henan Liming Vipeak CS Series: CS75B|CS75D|CS160B|CS160D|CS240B|CS240D|CS400B|CS400D Shanghai SBM Zenith HPT\/HPC Series: HPT100|HPT200|HPT300|HPT400|HPT500|HPT800|HPC220|HPC400 Liming Shibang Kefid Serie HST: HST100|HST160|HST250|HST315|HST560|HST750 Por qu\u00e9 elegirnos\uff1f Como fabricante l\u00edder especializado en equipos de [...]<\/p>","protected":false},"featured_media":11167,"template":"","meta":{"_uag_custom_page_level_css":"","site-sidebar-layout":"default","site-content-layout":"","ast-site-content-layout":"default","site-content-style":"default","site-sidebar-style":"default","ast-global-header-display":"","ast-banner-title-visibility":"","ast-main-header-display":"","ast-hfb-above-header-display":"","ast-hfb-below-header-display":"","ast-hfb-mobile-header-display":"","site-post-title":"","ast-breadcrumbs-content":"","ast-featured-img":"","footer-sml-layout":"","ast-disable-related-posts":"","theme-transparent-header-meta":"default","adv-header-id-meta":"","stick-header-meta":"default","header-above-stick-meta":"","header-main-stick-meta":"","header-below-stick-meta":"","astra-migrate-meta-layouts":"set","ast-page-background-enabled":"default","ast-page-background-meta":{"desktop":{"background-color":"var(--ast-global-color-4)","background-image":"","background-repeat":"repeat","background-position":"center center","background-size":"auto","background-attachment":"scroll","background-type":"","background-media":"","overlay-type":"","overlay-color":"","overlay-opacity":"","overlay-gradient":""},"tablet":{"background-color":"","background-image":"","background-repeat":"repeat","background-position":"center center","background-size":"auto","background-attachment":"scroll","background-type":"","background-media":"","overlay-type":"","overlay-color":"","overlay-opacity":"","overlay-gradient":""},"mobile":{"background-color":"","background-image":"","background-repeat":"repeat","background-position":"center center","background-size":"auto","background-attachment":"scroll","background-type":"","background-media":"","overlay-type":"","overlay-color":"","overlay-opacity":"","overlay-gradient":""}},"ast-content-background-meta":{"desktop":{"background-color":"var(--ast-global-color-5)","background-image":"","background-repeat":"repeat","background-position":"center center","background-size":"auto","background-attachment":"scroll","background-type":"","background-media":"","overlay-type":"","overlay-color":"","overlay-opacity":"","overlay-gradient":""},"tablet":{"background-color":"var(--ast-global-color-5)","background-image":"","background-repeat":"repeat","background-position":"center center","background-size":"auto","background-attachment":"scroll","background-type":"","background-media":"","overlay-type":"","overlay-color":"","overlay-opacity":"","overlay-gradient":""},"mobile":{"background-color":"var(--ast-global-color-5)","background-image":"","background-repeat":"repeat","background-position":"center center","background-size":"auto","background-attachment":"scroll","background-type":"","background-media":"","overlay-type":"","overlay-color":"","overlay-opacity":"","overlay-gradient":""}}},"product_brand":[],"product_cat":[36,114],"product_tag":[187,188],"class_list":{"0":"post-1002","1":"product","2":"type-product","3":"status-publish","4":"has-post-thumbnail","6":"product_cat-cone-liner","7":"product_cat-mesto","8":"product_tag-cone-liner","9":"product_tag-crusher","10":"desktop-align-left","11":"tablet-align-left","12":"mobile-align-left","13":"ast-product-gallery-layout-horizontal-slider","14":"ast-product-gallery-with-no-image","15":"ast-product-single-variable","16":"ast-product-tabs-layout-horizontal","18":"first","19":"instock","20":"shipping-taxable","21":"purchasable","22":"product-type-variable"},"yoast_head":"<!-- This site is optimized with the Yoast SEO plugin v27.4 - https:\/\/yoast.com\/product\/yoast-seo-wordpress\/ -->\n<title>Liming HPC220 Bowl Liner Cone Crusher - Crusher parts, Slurry Pump Parts, Excavator shovel parts<\/title>\n<meta name=\"description\" content=\"Liming HPC220 Bowl Liner, an original replacement made with Mn18cr2, ensures the best price and fast delivery for optimal performance.\" \/>\n<meta name=\"robots\" content=\"index, follow, max-snippet:-1, max-image-preview:large, max-video-preview:-1\" \/>\n<link rel=\"canonical\" href=\"https:\/\/miningspareparts.com\/es\/producto\/liming-hpc220-bowl-liner\/\" \/>\n<meta property=\"og:locale\" content=\"es_MX\" \/>\n<meta property=\"og:type\" content=\"article\" \/>\n<meta property=\"og:title\" content=\"Liming HPC220 Bowl Liner Cone Crusher - Crusher parts, Slurry Pump Parts, Excavator shovel parts\" \/>\n<meta property=\"og:description\" content=\"Liming HPC220 Bowl Liner, an original replacement made with Mn18cr2, ensures the best price and fast delivery for optimal performance.\" \/>\n<meta property=\"og:url\" content=\"https:\/\/miningspareparts.com\/es\/producto\/liming-hpc220-bowl-liner\/\" \/>\n<meta property=\"og:site_name\" content=\"Crusher parts, Slurry Pump Parts, Excavator shovel parts\" \/>\n<meta property=\"article:modified_time\" content=\"2025-11-03T00:42:45+00:00\" \/>\n<meta property=\"og:image\" content=\"https:\/\/miningspareparts.com\/wp-content\/uploads\/2023\/12\/87678678.webp\" \/>\n\t<meta property=\"og:image:width\" content=\"800\" \/>\n\t<meta property=\"og:image:height\" content=\"800\" \/>\n\t<meta property=\"og:image:type\" content=\"image\/webp\" \/>\n<meta name=\"twitter:card\" content=\"summary_large_image\" \/>\n<meta name=\"twitter:label1\" content=\"Tiempo de lectura\" \/>\n\t<meta name=\"twitter:data1\" content=\"2 minutos\" \/>\n<script type=\"application\/ld+json\" class=\"yoast-schema-graph\">{\"@context\":\"https:\\\/\\\/schema.org\",\"@graph\":[{\"@type\":\"WebPage\",\"@id\":\"https:\\\/\\\/miningspareparts.com\\\/product\\\/liming-hpc220-bowl-liner\\\/\",\"url\":\"https:\\\/\\\/miningspareparts.com\\\/product\\\/liming-hpc220-bowl-liner\\\/\",\"name\":\"Liming HPC220 Bowl Liner Cone Crusher - Crusher parts, Slurry Pump Parts, Excavator shovel parts\",\"isPartOf\":{\"@id\":\"https:\\\/\\\/miningspareparts.com\\\/#website\"},\"primaryImageOfPage\":{\"@id\":\"https:\\\/\\\/miningspareparts.com\\\/product\\\/liming-hpc220-bowl-liner\\\/#primaryimage\"},\"image\":{\"@id\":\"https:\\\/\\\/miningspareparts.com\\\/product\\\/liming-hpc220-bowl-liner\\\/#primaryimage\"},\"thumbnailUrl\":\"https:\\\/\\\/miningspareparts.com\\\/wp-content\\\/uploads\\\/2023\\\/12\\\/87678678.webp\",\"datePublished\":\"2023-12-07T09:11:45+00:00\",\"dateModified\":\"2025-11-03T00:42:45+00:00\",\"description\":\"Liming HPC220 Bowl Liner, an original replacement made with Mn18cr2, ensures the best price and fast delivery for optimal performance.\",\"breadcrumb\":{\"@id\":\"https:\\\/\\\/miningspareparts.com\\\/product\\\/liming-hpc220-bowl-liner\\\/#breadcrumb\"},\"inLanguage\":\"es\",\"potentialAction\":[{\"@type\":\"ReadAction\",\"target\":[\"https:\\\/\\\/miningspareparts.com\\\/product\\\/liming-hpc220-bowl-liner\\\/\"]}]},{\"@type\":\"ImageObject\",\"inLanguage\":\"es\",\"@id\":\"https:\\\/\\\/miningspareparts.com\\\/product\\\/liming-hpc220-bowl-liner\\\/#primaryimage\",\"url\":\"https:\\\/\\\/miningspareparts.com\\\/wp-content\\\/uploads\\\/2023\\\/12\\\/87678678.webp\",\"contentUrl\":\"https:\\\/\\\/miningspareparts.com\\\/wp-content\\\/uploads\\\/2023\\\/12\\\/87678678.webp\",\"width\":800,\"height\":800,\"caption\":\"Liming HPC220 Cone Crusher Bowl Liner\"},{\"@type\":\"BreadcrumbList\",\"@id\":\"https:\\\/\\\/miningspareparts.com\\\/product\\\/liming-hpc220-bowl-liner\\\/#breadcrumb\",\"itemListElement\":[{\"@type\":\"ListItem\",\"position\":1,\"name\":\"Home\",\"item\":\"https:\\\/\\\/miningspareparts.com\\\/\"},{\"@type\":\"ListItem\",\"position\":2,\"name\":\"Premium Mining Wear And Spare Parts\",\"item\":\"https:\\\/\\\/miningspareparts.com\\\/shop\\\/\"},{\"@type\":\"ListItem\",\"position\":3,\"name\":\"Liming HPC220 Cone Crusher Bowl Liner\"}]},{\"@type\":\"WebSite\",\"@id\":\"https:\\\/\\\/miningspareparts.com\\\/#website\",\"url\":\"https:\\\/\\\/miningspareparts.com\\\/\",\"name\":\"Crusher parts , Concrete Mixer Parts, Slurry Pump Parts, Mining Spares\",\"description\":\"Mining Wear &amp; Spare Parts Supplier\",\"publisher\":{\"@id\":\"https:\\\/\\\/miningspareparts.com\\\/#organization\"},\"potentialAction\":[{\"@type\":\"SearchAction\",\"target\":{\"@type\":\"EntryPoint\",\"urlTemplate\":\"https:\\\/\\\/miningspareparts.com\\\/?s={search_term_string}\"},\"query-input\":{\"@type\":\"PropertyValueSpecification\",\"valueRequired\":true,\"valueName\":\"search_term_string\"}}],\"inLanguage\":\"es\"},{\"@type\":\"Organization\",\"@id\":\"https:\\\/\\\/miningspareparts.com\\\/#organization\",\"name\":\"Crusher parts , Concrete Mixer Parts, Slurry Pump Parts, Mining Spares\",\"url\":\"https:\\\/\\\/miningspareparts.com\\\/\",\"logo\":{\"@type\":\"ImageObject\",\"inLanguage\":\"es\",\"@id\":\"https:\\\/\\\/miningspareparts.com\\\/#\\\/schema\\\/logo\\\/image\\\/\",\"url\":\"https:\\\/\\\/miningspareparts.com\\\/wp-content\\\/uploads\\\/2025\\\/04\\\/cropped-cropped-logo\u6b63\u65b9\u5f62.png\",\"contentUrl\":\"https:\\\/\\\/miningspareparts.com\\\/wp-content\\\/uploads\\\/2025\\\/04\\\/cropped-cropped-logo\u6b63\u65b9\u5f62.png\",\"width\":511,\"height\":171,\"caption\":\"Crusher parts , Concrete Mixer Parts, Slurry Pump Parts, Mining Spares\"},\"image\":{\"@id\":\"https:\\\/\\\/miningspareparts.com\\\/#\\\/schema\\\/logo\\\/image\\\/\"}}]}<\/script>\n<!-- \/ Yoast SEO plugin. -->","yoast_head_json":{"title":"Liming HPC220 Bowl Liner Cone Crusher - Crusher parts, Slurry Pump Parts, Excavator shovel parts","description":"Liming HPC220 Bowl Liner, an original replacement made with Mn18cr2, ensures the best price and fast delivery for optimal performance.","robots":{"index":"index","follow":"follow","max-snippet":"max-snippet:-1","max-image-preview":"max-image-preview:large","max-video-preview":"max-video-preview:-1"},"canonical":"https:\/\/miningspareparts.com\/es\/producto\/liming-hpc220-bowl-liner\/","og_locale":"es_MX","og_type":"article","og_title":"Liming HPC220 Bowl Liner Cone Crusher - Crusher parts, Slurry Pump Parts, Excavator shovel parts","og_description":"Liming HPC220 Bowl Liner, an original replacement made with Mn18cr2, ensures the best price and fast delivery for optimal performance.","og_url":"https:\/\/miningspareparts.com\/es\/producto\/liming-hpc220-bowl-liner\/","og_site_name":"Crusher parts, Slurry Pump Parts, Excavator shovel parts","article_modified_time":"2025-11-03T00:42:45+00:00","og_image":[{"width":800,"height":800,"url":"https:\/\/miningspareparts.com\/wp-content\/uploads\/2023\/12\/87678678.webp","type":"image\/webp"}],"twitter_card":"summary_large_image","twitter_misc":{"Tiempo de lectura":"2 minutos"},"schema":{"@context":"https:\/\/schema.org","@graph":[{"@type":"WebPage","@id":"https:\/\/miningspareparts.com\/product\/liming-hpc220-bowl-liner\/","url":"https:\/\/miningspareparts.com\/product\/liming-hpc220-bowl-liner\/","name":"Liming HPC220 Bowl Liner Cone Crusher - Crusher parts, Slurry Pump Parts, Excavator shovel parts","isPartOf":{"@id":"https:\/\/miningspareparts.com\/#website"},"primaryImageOfPage":{"@id":"https:\/\/miningspareparts.com\/product\/liming-hpc220-bowl-liner\/#primaryimage"},"image":{"@id":"https:\/\/miningspareparts.com\/product\/liming-hpc220-bowl-liner\/#primaryimage"},"thumbnailUrl":"https:\/\/miningspareparts.com\/wp-content\/uploads\/2023\/12\/87678678.webp","datePublished":"2023-12-07T09:11:45+00:00","dateModified":"2025-11-03T00:42:45+00:00","description":"Liming HPC220 Bowl Liner, an original replacement made with Mn18cr2, ensures the best price and fast delivery for optimal performance.","breadcrumb":{"@id":"https:\/\/miningspareparts.com\/product\/liming-hpc220-bowl-liner\/#breadcrumb"},"inLanguage":"es","potentialAction":[{"@type":"ReadAction","target":["https:\/\/miningspareparts.com\/product\/liming-hpc220-bowl-liner\/"]}]},{"@type":"ImageObject","inLanguage":"es","@id":"https:\/\/miningspareparts.com\/product\/liming-hpc220-bowl-liner\/#primaryimage","url":"https:\/\/miningspareparts.com\/wp-content\/uploads\/2023\/12\/87678678.webp","contentUrl":"https:\/\/miningspareparts.com\/wp-content\/uploads\/2023\/12\/87678678.webp","width":800,"height":800,"caption":"Liming HPC220 Cone Crusher Bowl Liner"},{"@type":"BreadcrumbList","@id":"https:\/\/miningspareparts.com\/product\/liming-hpc220-bowl-liner\/#breadcrumb","itemListElement":[{"@type":"ListItem","position":1,"name":"Home","item":"https:\/\/miningspareparts.com\/"},{"@type":"ListItem","position":2,"name":"Premium Mining Wear And Spare Parts","item":"https:\/\/miningspareparts.com\/shop\/"},{"@type":"ListItem","position":3,"name":"Liming HPC220 Cone Crusher Bowl Liner"}]},{"@type":"WebSite","@id":"https:\/\/miningspareparts.com\/#website","url":"https:\/\/miningspareparts.com\/","name":"Crusher parts , Concrete Mixer Parts, Slurry Pump Parts, Mining Spares","description":"Mining Wear &amp; Spare Parts Supplier","publisher":{"@id":"https:\/\/miningspareparts.com\/#organization"},"potentialAction":[{"@type":"SearchAction","target":{"@type":"EntryPoint","urlTemplate":"https:\/\/miningspareparts.com\/?s={search_term_string}"},"query-input":{"@type":"PropertyValueSpecification","valueRequired":true,"valueName":"search_term_string"}}],"inLanguage":"es"},{"@type":"Organization","@id":"https:\/\/miningspareparts.com\/#organization","name":"Crusher parts , Concrete Mixer Parts, Slurry Pump Parts, Mining Spares","url":"https:\/\/miningspareparts.com\/","logo":{"@type":"ImageObject","inLanguage":"es","@id":"https:\/\/miningspareparts.com\/#\/schema\/logo\/image\/","url":"https:\/\/miningspareparts.com\/wp-content\/uploads\/2025\/04\/cropped-cropped-logo\u6b63\u65b9\u5f62.png","contentUrl":"https:\/\/miningspareparts.com\/wp-content\/uploads\/2025\/04\/cropped-cropped-logo\u6b63\u65b9\u5f62.png","width":511,"height":171,"caption":"Crusher parts , Concrete Mixer Parts, Slurry Pump Parts, Mining Spares"},"image":{"@id":"https:\/\/miningspareparts.com\/#\/schema\/logo\/image\/"}}]}},"uagb_featured_image_src":{"full":["https:\/\/miningspareparts.com\/wp-content\/uploads\/2023\/12\/87678678.webp",800,800,false],"thumbnail":["https:\/\/miningspareparts.com\/wp-content\/uploads\/2023\/12\/87678678-150x150.webp",150,150,true],"medium":["https:\/\/miningspareparts.com\/wp-content\/uploads\/2023\/12\/87678678-300x300.webp",300,300,true],"medium_large":["https:\/\/miningspareparts.com\/wp-content\/uploads\/2023\/12\/87678678-768x768.webp",768,768,true],"large":["https:\/\/miningspareparts.com\/wp-content\/uploads\/2023\/12\/87678678.webp",800,800,false],"1536x1536":["https:\/\/miningspareparts.com\/wp-content\/uploads\/2023\/12\/87678678.webp",800,800,false],"2048x2048":["https:\/\/miningspareparts.com\/wp-content\/uploads\/2023\/12\/87678678.webp",800,800,false],"trp-custom-language-flag":["https:\/\/miningspareparts.com\/wp-content\/uploads\/2023\/12\/87678678-12x12.webp",12,12,true],"woocommerce_thumbnail":["https:\/\/miningspareparts.com\/wp-content\/uploads\/2023\/12\/87678678-300x300.webp",300,300,true],"woocommerce_single":["https:\/\/miningspareparts.com\/wp-content\/uploads\/2023\/12\/87678678-600x600.webp",600,600,true],"woocommerce_gallery_thumbnail":["https:\/\/miningspareparts.com\/wp-content\/uploads\/2023\/12\/87678678-100x100.webp",100,100,true]},"uagb_author_info":{"display_name":"Miningspareparts","author_link":"https:\/\/miningspareparts.com\/es\/author\/"},"uagb_comment_info":0,"uagb_excerpt":"Here is a description of the Liming HPC220 Bowl Liner MINING has long understanding and coverage Of Henan Liming Keid Vipeak Vanguard Cone crushers match with following models Henan Liming Vipeak CS Series:\u00a0CS75B|CS75D|CS160B|CS160D|CS240B|CS240D|CS400B|CS400D Shanghai SBM Zenith HPT\/HPC Series:\u00a0HPT100|HPT200|HPT300|HPT400|HPT500|HPT800|HPC220|HPC400 Liming Shibang Kefid HST Series:\u00a0HST100|HST160|HST250|HST315|HST560|HST750 Why Choose Us\uff1f As a leading manufacturer specializing in mining equipment, we&hellip;","_links":{"self":[{"href":"https:\/\/miningspareparts.com\/es\/wp-json\/wp\/v2\/product\/1002","targetHints":{"allow":["GET"]}}],"collection":[{"href":"https:\/\/miningspareparts.com\/es\/wp-json\/wp\/v2\/product"}],"about":[{"href":"https:\/\/miningspareparts.com\/es\/wp-json\/wp\/v2\/types\/product"}],"wp:featuredmedia":[{"embeddable":true,"href":"https:\/\/miningspareparts.com\/es\/wp-json\/wp\/v2\/media\/11167"}],"wp:attachment":[{"href":"https:\/\/miningspareparts.com\/es\/wp-json\/wp\/v2\/media?parent=1002"}],"wp:term":[{"taxonomy":"product_brand","embeddable":true,"href":"https:\/\/miningspareparts.com\/es\/wp-json\/wp\/v2\/product_brand?post=1002"},{"taxonomy":"product_cat","embeddable":true,"href":"https:\/\/miningspareparts.com\/es\/wp-json\/wp\/v2\/product_cat?post=1002"},{"taxonomy":"product_tag","embeddable":true,"href":"https:\/\/miningspareparts.com\/es\/wp-json\/wp\/v2\/product_tag?post=1002"}],"curies":[{"name":"wp","href":"https:\/\/api.w.org\/{rel}","templated":true}]}}