{"id":10159,"date":"2024-07-26T06:55:00","date_gmt":"2024-07-26T06:55:00","guid":{"rendered":"https:\/\/miningspareparts.com\/?post_type=product&#038;p=10159"},"modified":"2026-02-09T06:35:29","modified_gmt":"2026-02-09T06:35:29","slug":"ch865i-concave-ring-bg00369684","status":"publish","type":"product","link":"https:\/\/miningspareparts.com\/es\/producto\/ch865i-concave-ring-bg00369684\/","title":{"rendered":"CH865i Anillo c\u00f3ncavo para trituradora de cono BG00369684"},"content":{"rendered":"<p><strong>MiningSpares tiene larga comprensi\u00f3n y cobertura Thyssenkrupp Gyratory Crushers match \uff0c.<\/strong><strong>He aqu\u00ed la descripci\u00f3n del anillo c\u00f3ncavo CH865i.<\/strong><\/p>\n<p>MiningSpares&#8217; CH865i Concave Ring uses high-quality manganese alloys, including 13% Standard, 18% Premium, and 22% High alloys, to cater to diverse operational requirements and can be customized according to your needs<br \/>\nTambi\u00e9n tenemos varios colores para que usted elija, rojo, azul, verde, negro, gris y as\u00ed sucesivamente<\/p>\n<p><strong>El proceso de fabricaci\u00f3n es muy estricto para garantizar un ajuste perfecto con la m\u00e1quina.<\/strong><\/p>\n<p><img fetchpriority=\"high\" decoding=\"async\" class=\"alignnone wp-image-9910\" src=\"https:\/\/miningspareparts.com\/wp-content\/uploads\/2024\/06\/Bowl-Liner-and-Mantle-Casting-Process.webp\" alt=\"\" width=\"1566\" height=\"890\" \/><\/p>\n<p>MiningSpares&#8217;CH865i Concave Ring are manufactured using advanced casting processes. During the manufacturing process, we strictly control material selection and process flow to ensure excellence in product quality and performance. We use high-quality alloy steel materials, combined with advanced casting technology, to ensure that the blow hammer has excellent wear resistance and impact resistance. In addition, our production process includes precision machining and heat treatment processes to further improve the strength and durability of the blow bars.<\/p>\n<p>Para la mayor\u00eda de marcas de renombre mundial como Mettso, Sandvick, Terex, Shanbao, Telsmith, etc.<br \/>\n<strong>Todos tenemos un gran inventario de dibujos originales, lo que nos ayuda a producir a un coste relativamente bajo.<\/strong><\/p>\n<table width=\"1268\">\n<tbody>\n<tr>\n<td width=\"142\"><strong>Marca<\/strong><\/td>\n<td width=\"239\"><strong>Serie<\/strong><\/td>\n<td width=\"887\"><strong>Modelo de trituradora<\/strong><\/td>\n<\/tr>\n<tr>\n<td rowspan=\"4\">Mettso<\/td>\n<td>Serie de conos Nordberg HP<\/td>\n<td>HP100, HP200, HP300, HP400, HP500, HP700, HP800 , HP900, HP3, HP4, HP5, HP6<\/td>\n<\/tr>\n<tr>\n<td>Serie GP de Nordberg<\/td>\n<td>GP100, GP200, GP200S, GP300, GP300S, GP11F, GP500, GP550S, GP220, GP330, GP7<\/td>\n<\/tr>\n<tr>\n<td>Nordberg Serie MP<\/td>\n<td>MP800, MP1000, MP1250, MP2250<\/td>\n<\/tr>\n<tr>\n<td>Serie multicilindro Omnicone<\/td>\n<td>937SX, 1144SX, 1352, 1560, 937ST, 1352ST, 1144ST<\/td>\n<\/tr>\n<tr>\n<td rowspan=\"3\">Sandvick<\/td>\n<td>Trituradora de cono serie CH<\/td>\n<td>CH420, CH430, CH440, CH830i, CH540, CH550, CH840i, CH660, CH860i, CH865, CH865i, CH870, CH870i, CH880, CH890 CH890i, CH895i<\/td>\n<\/tr>\n<tr>\n<td>Trituradora de cono serie CS<\/td>\n<td>CS420, CS430, CS440, CS840i, CS660<\/td>\n<\/tr>\n<tr>\n<td>Gama superior de conos giratorios<\/td>\n<td>\u00a0S2800, S3800, S4800, S6800<\/td>\n<\/tr>\n<tr>\n<td>Kleemann<\/td>\n<td>Gama Mobicone<\/td>\n<td>MCO9, MCO9i, MCO9s, MCO9si, MCO11, MCO11s, MCO11sx, MCO11 Pro, MCO13, MCO13s<\/td>\n<\/tr>\n<tr>\n<td rowspan=\"3\">Shanbao<\/td>\n<td>Serie PYB<\/td>\n<td>PYB900, PYD900, PYZ900, PYB1200, PYD1200, PYZ1200, PYB1750, PYZ1750, PYD1750, PYB2200, PYZ2200, PYD2200<\/td>\n<\/tr>\n<tr>\n<td>Serie PYFB<\/td>\n<td>PYFB1325, PYFB1324, PYFB1321, PYFB1636, PYFB1626, PYFB1624, PYFB1620<\/td>\n<\/tr>\n<tr>\n<td>Serie PYFD<\/td>\n<td>\u00a0PYFD1313, PYFD1310, PYFD1308, PYFD1608, PYFD1607, PYFD1613, PYFD1614, PYFD1608, PYFD1607, PYFD1614<\/td>\n<\/tr>\n<tr>\n<td rowspan=\"2\">Symons<\/td>\n<td>Trituradora de cono serie FT<\/td>\n<td>2 PIES, 3 PIES, 4 PIES, 4-1\/4 PIES, 5-1\/2 PIES, 7 PIES<\/td>\n<\/tr>\n<tr>\n<td>Serie Gyradisc<\/td>\n<td>36&#8243;,\u00a0 48&#8243;,\u00a0 66&#8243;<\/td>\n<\/tr>\n<tr>\n<td rowspan=\"5\">Terex<\/td>\n<td>Gama Rollercone El-Jay<\/td>\n<td>ELJAY 45\u2033, ELJAY 54\u2033, ELJAY 66\u2033<\/td>\n<\/tr>\n<tr>\n<td>Cedarapids<\/td>\n<td>RC36, RC45<\/td>\n<\/tr>\n<tr>\n<td>Trituradora de cono serie TC\/TG<\/td>\n<td>TC1000, TC1150, TC1300, TG120, TG220, TG320, TG420, TG820, TG1020, TC100SR, TC1400, TC1500<\/td>\n<\/tr>\n<tr>\n<td>Trituradora de cono serie TGS\/MVP<\/td>\n<td>TGS120, TGS220, TGS320, TGS420, MVP380X, MVP450X, MVP550X, RC45III<\/td>\n<\/tr>\n<tr>\n<td>Gama de conos MVP Cedar Rapids<\/td>\n<td>MVP280, MVP380, MVP450, MVP550, MVP380X, MVP450X, MVP550X<\/td>\n<\/tr>\n<tr>\n<td rowspan=\"3\">Telsmith<\/td>\n<td>Trituradora de cono serie T<\/td>\n<td>T200, T300,T400, T500, T900.<\/td>\n<\/tr>\n<tr>\n<td>Serie Gyrasphere Cone<\/td>\n<td>24\u2033, 36\u2033Std, 36FC, 38H, 44\u2033, 48S\", 48FC<\/td>\n<\/tr>\n<tr>\n<td>Trituradora de cono serie SBS\/SBX<\/td>\n<td>SBS38, SBS44, SBS52, SBS57, SBS68, SBX44, SBX52, SBX57<\/td>\n<\/tr>\n<tr>\n<td rowspan=\"2\">Faco<\/td>\n<td>Serie de conos Allis Chalmers<\/td>\n<td>6-45,\u00a0 7-60,\u00a0 3-48, 3-84,\u00a0 2-60,\u00a0 10-60,\u00a0 3-60<\/td>\n<\/tr>\n<tr>\n<td>Serie Hydrocone de Allis Chalmers<\/td>\n<td>H2000, H3000, H4000, H6000, H7000, H8000, H36\u2033, H51<\/td>\n<\/tr>\n<tr>\n<td>Svedala<\/td>\n<td>\u00a0Serie Hydrocone<\/td>\n<td>H2800, H3800, H4800, H6800, H7800, H8800, H51, H36<\/td>\n<\/tr>\n<tr>\n<td>Chyi Meang<\/td>\n<td>Serie de conos hidr\u00e1ulicos<\/td>\n<td>PS2S , PC2S, PF2S, PC3S, PF3S, PC4S, PF4S, PSS2S<\/td>\n<\/tr>\n<tr>\n<td rowspan=\"2\">Minyu<\/td>\n<td>Serie de conos combinados<\/td>\n<td>MCC1000, MCF1150, MCC1300, MCSS1300, MCC1370, MCC1500, MCS1500, MCC1680, MCF1680<\/td>\n<\/tr>\n<tr>\n<td>Serie de conos hidr\u00e1ulicos<\/td>\n<td>MSP100, MSP200, MSP300, MSP400<\/td>\n<\/tr>\n<tr>\n<td>Kawasaki<\/td>\n<td>Serie RX Cone<\/td>\n<td>RXC150, RXC220, RXC270<\/td>\n<\/tr>\n<tr>\n<td>Tr\u00edo<\/td>\n<td width=\"239\">Serie TC<\/td>\n<td>TC36, TC51, TC66, TC84 Est\u00e1ndar y cabeza corta<\/td>\n<\/tr>\n<tr>\n<td>McColskey<\/td>\n<td width=\"239\">Serie de conos m\u00f3viles<\/td>\n<td>C38, C44, C40, C50<\/td>\n<\/tr>\n<tr>\n<td>Sovient<\/td>\n<td width=\"239\">Serie KMD<\/td>\n<td>KCD-600, KCD-900, KMD-1200, KMD-1750, KMD-2200, KSD-2200<\/td>\n<\/tr>\n<tr>\n<td>Kodiak<\/td>\n<td width=\"239\">Serie c\u00f3nica<\/td>\n<td>K200+ , k300+, K400+<\/td>\n<\/tr>\n<tr>\n<td>Sanme<\/td>\n<td width=\"239\">Serie SMH<\/td>\n<td>SMH120, SMH180, SMH250DC, SMH350EC, SMH550, CC51<\/td>\n<\/tr>\n<tr>\n<td>Nakayama<\/td>\n<td width=\"239\">Serie c\u00f3nica<\/td>\n<td>NEM40H, NCC40H, NCSH42H, NSC200, NSC300, NSC400<\/td>\n<\/tr>\n<tr>\n<td>FLS medio<\/td>\n<td width=\"239\">Serie Raptor Cone<\/td>\n<td>XL300, XL400, XL500, XL600, XL900, XL1100, XL1300, XL2000, XL410<\/td>\n<\/tr>\n<tr>\n<td rowspan=\"2\">Liming SBM<\/td>\n<td width=\"239\">Vipeak Serie CS<\/td>\n<td>CS75B, CS75D, CS160B, CS160D, CS240B, CS240D, CS400B, CS400D<\/td>\n<\/tr>\n<tr>\n<td width=\"239\">Kefid Serie HST<\/td>\n<td>HST100, HST160, HST250, HST315, HST560, HST750<\/td>\n<\/tr>\n<tr>\n<td>Zenith<\/td>\n<td width=\"239\">Serie HPT\/HPC<\/td>\n<td>HPT100, HPT200, HPT300, HPT400, HPT500, HPT800, HPC220, HPC400<\/td>\n<\/tr>\n<tr>\n<td style=\"text-align: center;\" colspan=\"3\"><strong>Otras marcas y dibujos personalizados por favor p\u00f3ngase en contacto con nosotros para promote@miningspareparts.com<\/strong><\/td>\n<\/tr>\n<\/tbody>\n<\/table>","protected":false},"excerpt":{"rendered":"<p><strong>Nombres de los art\u00edculos: <\/strong>C\u00f3ncavo, Manto, Anillo C\u00f3ncavo, Segmento C\u00f3ncavo, Revestimiento de Taz\u00f3n, Revestimiento de Cono, Guardabrazos, Placa de Distribuci\u00f3n, Manto Inferior, Manto Superior<\/p>\n<p><strong>Modelo:<\/strong> CH865i\u00a0 \u00a0 \u00a0 <strong>Pesos:<\/strong> 1315kg\u00a0 \u00a0 \u00a0 \u00a0<strong>C\u00f3digo del art\u00edculo:<\/strong> BG00369684<\/p>\n<p><strong>Material de fundici\u00f3n:<\/strong>\u00a0 M13Cr2, Mn18Cr2, Mn22Cr2<\/p>\n<p><strong>Material aplicable:<\/strong> Grava, Granito, Basalto, Mineral, Caliza, Arenisca, Quatz, Adoqu\u00edn<\/p>\n<p><strong>Aplicaciones:<\/strong> Miner\u00eda, canteras, construcci\u00f3n, cemento y materiales, reciclaje<\/p>","protected":false},"featured_media":11240,"template":"","meta":{"_uag_custom_page_level_css":"","site-sidebar-layout":"default","site-content-layout":"","ast-site-content-layout":"default","site-content-style":"default","site-sidebar-style":"default","ast-global-header-display":"","ast-banner-title-visibility":"","ast-main-header-display":"","ast-hfb-above-header-display":"","ast-hfb-below-header-display":"","ast-hfb-mobile-header-display":"","site-post-title":"","ast-breadcrumbs-content":"","ast-featured-img":"","footer-sml-layout":"","ast-disable-related-posts":"","theme-transparent-header-meta":"default","adv-header-id-meta":"","stick-header-meta":"default","header-above-stick-meta":"","header-main-stick-meta":"","header-below-stick-meta":"","astra-migrate-meta-layouts":"set","ast-page-background-enabled":"default","ast-page-background-meta":{"desktop":{"background-color":"var(--ast-global-color-4)","background-image":"","background-repeat":"repeat","background-position":"center center","background-size":"auto","background-attachment":"scroll","background-type":"","background-media":"","overlay-type":"","overlay-color":"","overlay-opacity":"","overlay-gradient":""},"tablet":{"background-color":"","background-image":"","background-repeat":"repeat","background-position":"center center","background-size":"auto","background-attachment":"scroll","background-type":"","background-media":"","overlay-type":"","overlay-color":"","overlay-opacity":"","overlay-gradient":""},"mobile":{"background-color":"","background-image":"","background-repeat":"repeat","background-position":"center center","background-size":"auto","background-attachment":"scroll","background-type":"","background-media":"","overlay-type":"","overlay-color":"","overlay-opacity":"","overlay-gradient":""}},"ast-content-background-meta":{"desktop":{"background-color":"var(--ast-global-color-5)","background-image":"","background-repeat":"repeat","background-position":"center center","background-size":"auto","background-attachment":"scroll","background-type":"","background-media":"","overlay-type":"","overlay-color":"","overlay-opacity":"","overlay-gradient":""},"tablet":{"background-color":"var(--ast-global-color-5)","background-image":"","background-repeat":"repeat","background-position":"center center","background-size":"auto","background-attachment":"scroll","background-type":"","background-media":"","overlay-type":"","overlay-color":"","overlay-opacity":"","overlay-gradient":""},"mobile":{"background-color":"var(--ast-global-color-5)","background-image":"","background-repeat":"repeat","background-position":"center center","background-size":"auto","background-attachment":"scroll","background-type":"","background-media":"","overlay-type":"","overlay-color":"","overlay-opacity":"","overlay-gradient":""}}},"product_brand":[],"product_cat":[284,407,15,100,37,46,38,36,53,57,225,245,244,223,226,87,251,184],"product_tag":[],"class_list":{"0":"post-10159","1":"product","2":"type-product","3":"status-publish","4":"has-post-thumbnail","6":"product_cat-by-brands","7":"product_cat-symons-by-brands","8":"product_cat-uncategorized","9":"product_cat-crusher-liner","10":"product_cat-bowl-liner","11":"product_cat-sandvik","12":"product_cat-concave-ring","13":"product_cat-cone-liner","14":"product_cat-gyratory-liner","15":"product_cat-crusher-spares","16":"product_cat-frame-shells","17":"product_cat-lower-shell","18":"product_cat-upper-shell","19":"product_cat-machining-parts","20":"product_cat-other-parts","21":"product_cat-engineering-parts","22":"product_cat-mantle","23":"product_cat-sandvick","24":"desktop-align-left","25":"tablet-align-left","26":"mobile-align-left","27":"ast-product-gallery-layout-horizontal-slider","28":"ast-product-gallery-with-no-image","29":"ast-product-tabs-layout-horizontal","31":"first","32":"instock","33":"shipping-taxable","34":"product-type-simple"},"yoast_head":"<!-- This site is optimized with the Yoast SEO plugin v27.4 - https:\/\/yoast.com\/product\/yoast-seo-wordpress\/ -->\n<title>CH865i Concave Ring For Cone Crusher BG00369684- Crusher parts, Slurry Pump Parts, Excavator shovel parts<\/title>\n<meta name=\"description\" content=\"CH865i Concave Ring For Cone Crusher BG00369684\uff0cConcave, Mantle, Concave Ring, Concave Segment , Bowl Liner,Cone Liner,Arm Guard,,Weights: 1315kg\" \/>\n<meta name=\"robots\" content=\"index, follow, max-snippet:-1, max-image-preview:large, max-video-preview:-1\" \/>\n<link rel=\"canonical\" href=\"https:\/\/miningspareparts.com\/es\/producto\/ch865i-concave-ring-bg00369684\/\" \/>\n<meta property=\"og:locale\" content=\"es_MX\" \/>\n<meta property=\"og:type\" content=\"article\" \/>\n<meta property=\"og:title\" content=\"CH865i Concave Ring For Cone Crusher BG00369684- Crusher parts, Slurry Pump Parts, Excavator shovel parts\" \/>\n<meta property=\"og:description\" content=\"CH865i Concave Ring For Cone Crusher BG00369684\uff0cConcave, Mantle, Concave Ring, Concave Segment , Bowl Liner,Cone Liner,Arm Guard,,Weights: 1315kg\" \/>\n<meta property=\"og:url\" content=\"https:\/\/miningspareparts.com\/es\/producto\/ch865i-concave-ring-bg00369684\/\" \/>\n<meta property=\"og:site_name\" content=\"Crusher parts, Slurry Pump Parts, Excavator shovel parts\" \/>\n<meta property=\"article:modified_time\" content=\"2026-02-09T06:35:29+00:00\" \/>\n<meta property=\"og:image\" content=\"https:\/\/miningspareparts.com\/wp-content\/uploads\/2024\/07\/CH865i-Concave-Ring-For-Cone-Crusher-BG00369684.webp\" \/>\n\t<meta property=\"og:image:width\" content=\"800\" \/>\n\t<meta property=\"og:image:height\" content=\"800\" \/>\n\t<meta property=\"og:image:type\" content=\"image\/webp\" \/>\n<meta name=\"twitter:card\" content=\"summary_large_image\" \/>\n<meta name=\"twitter:label1\" content=\"Tiempo de lectura\" \/>\n\t<meta name=\"twitter:data1\" content=\"4 minutos\" \/>\n<script type=\"application\/ld+json\" class=\"yoast-schema-graph\">{\"@context\":\"https:\\\/\\\/schema.org\",\"@graph\":[{\"@type\":\"WebPage\",\"@id\":\"https:\\\/\\\/miningspareparts.com\\\/product\\\/ch865i-concave-ring-bg00369684\\\/\",\"url\":\"https:\\\/\\\/miningspareparts.com\\\/product\\\/ch865i-concave-ring-bg00369684\\\/\",\"name\":\"CH865i Concave Ring For Cone Crusher BG00369684- Crusher parts, Slurry Pump Parts, Excavator shovel parts\",\"isPartOf\":{\"@id\":\"https:\\\/\\\/miningspareparts.com\\\/#website\"},\"primaryImageOfPage\":{\"@id\":\"https:\\\/\\\/miningspareparts.com\\\/product\\\/ch865i-concave-ring-bg00369684\\\/#primaryimage\"},\"image\":{\"@id\":\"https:\\\/\\\/miningspareparts.com\\\/product\\\/ch865i-concave-ring-bg00369684\\\/#primaryimage\"},\"thumbnailUrl\":\"https:\\\/\\\/miningspareparts.com\\\/wp-content\\\/uploads\\\/2024\\\/07\\\/CH865i-Concave-Ring-For-Cone-Crusher-BG00369684.webp\",\"datePublished\":\"2024-07-26T06:55:00+00:00\",\"dateModified\":\"2026-02-09T06:35:29+00:00\",\"description\":\"CH865i Concave Ring For Cone Crusher BG00369684\uff0cConcave, Mantle, Concave Ring, Concave Segment , Bowl Liner,Cone Liner,Arm Guard,,Weights: 1315kg\",\"breadcrumb\":{\"@id\":\"https:\\\/\\\/miningspareparts.com\\\/product\\\/ch865i-concave-ring-bg00369684\\\/#breadcrumb\"},\"inLanguage\":\"es\",\"potentialAction\":[{\"@type\":\"ReadAction\",\"target\":[\"https:\\\/\\\/miningspareparts.com\\\/product\\\/ch865i-concave-ring-bg00369684\\\/\"]}]},{\"@type\":\"ImageObject\",\"inLanguage\":\"es\",\"@id\":\"https:\\\/\\\/miningspareparts.com\\\/product\\\/ch865i-concave-ring-bg00369684\\\/#primaryimage\",\"url\":\"https:\\\/\\\/miningspareparts.com\\\/wp-content\\\/uploads\\\/2024\\\/07\\\/CH865i-Concave-Ring-For-Cone-Crusher-BG00369684.webp\",\"contentUrl\":\"https:\\\/\\\/miningspareparts.com\\\/wp-content\\\/uploads\\\/2024\\\/07\\\/CH865i-Concave-Ring-For-Cone-Crusher-BG00369684.webp\",\"width\":800,\"height\":800,\"caption\":\"CH865i Concave Ring For Cone Crusher BG00369684\"},{\"@type\":\"BreadcrumbList\",\"@id\":\"https:\\\/\\\/miningspareparts.com\\\/product\\\/ch865i-concave-ring-bg00369684\\\/#breadcrumb\",\"itemListElement\":[{\"@type\":\"ListItem\",\"position\":1,\"name\":\"Home\",\"item\":\"https:\\\/\\\/miningspareparts.com\\\/\"},{\"@type\":\"ListItem\",\"position\":2,\"name\":\"Premium Mining Wear And Spare Parts\",\"item\":\"https:\\\/\\\/miningspareparts.com\\\/shop\\\/\"},{\"@type\":\"ListItem\",\"position\":3,\"name\":\"CH865i Concave Ring For Cone Crusher BG00369684\"}]},{\"@type\":\"WebSite\",\"@id\":\"https:\\\/\\\/miningspareparts.com\\\/#website\",\"url\":\"https:\\\/\\\/miningspareparts.com\\\/\",\"name\":\"Crusher parts , Concrete Mixer Parts, Slurry Pump Parts, Mining Spares\",\"description\":\"Mining Wear &amp; Spare Parts Supplier\",\"publisher\":{\"@id\":\"https:\\\/\\\/miningspareparts.com\\\/#organization\"},\"potentialAction\":[{\"@type\":\"SearchAction\",\"target\":{\"@type\":\"EntryPoint\",\"urlTemplate\":\"https:\\\/\\\/miningspareparts.com\\\/?s={search_term_string}\"},\"query-input\":{\"@type\":\"PropertyValueSpecification\",\"valueRequired\":true,\"valueName\":\"search_term_string\"}}],\"inLanguage\":\"es\"},{\"@type\":\"Organization\",\"@id\":\"https:\\\/\\\/miningspareparts.com\\\/#organization\",\"name\":\"Crusher parts , Concrete Mixer Parts, Slurry Pump Parts, Mining Spares\",\"url\":\"https:\\\/\\\/miningspareparts.com\\\/\",\"logo\":{\"@type\":\"ImageObject\",\"inLanguage\":\"es\",\"@id\":\"https:\\\/\\\/miningspareparts.com\\\/#\\\/schema\\\/logo\\\/image\\\/\",\"url\":\"https:\\\/\\\/miningspareparts.com\\\/wp-content\\\/uploads\\\/2025\\\/04\\\/cropped-cropped-logo\u6b63\u65b9\u5f62.png\",\"contentUrl\":\"https:\\\/\\\/miningspareparts.com\\\/wp-content\\\/uploads\\\/2025\\\/04\\\/cropped-cropped-logo\u6b63\u65b9\u5f62.png\",\"width\":511,\"height\":171,\"caption\":\"Crusher parts , Concrete Mixer Parts, Slurry Pump Parts, Mining Spares\"},\"image\":{\"@id\":\"https:\\\/\\\/miningspareparts.com\\\/#\\\/schema\\\/logo\\\/image\\\/\"}}]}<\/script>\n<!-- \/ Yoast SEO plugin. -->","yoast_head_json":{"title":"CH865i Concave Ring For Cone Crusher BG00369684- Crusher parts, Slurry Pump Parts, Excavator shovel parts","description":"CH865i Concave Ring For Cone Crusher BG00369684\uff0cConcave, Mantle, Concave Ring, Concave Segment , Bowl Liner,Cone Liner,Arm Guard,,Weights: 1315kg","robots":{"index":"index","follow":"follow","max-snippet":"max-snippet:-1","max-image-preview":"max-image-preview:large","max-video-preview":"max-video-preview:-1"},"canonical":"https:\/\/miningspareparts.com\/es\/producto\/ch865i-concave-ring-bg00369684\/","og_locale":"es_MX","og_type":"article","og_title":"CH865i Concave Ring For Cone Crusher BG00369684- Crusher parts, Slurry Pump Parts, Excavator shovel parts","og_description":"CH865i Concave Ring For Cone Crusher BG00369684\uff0cConcave, Mantle, Concave Ring, Concave Segment , Bowl Liner,Cone Liner,Arm Guard,,Weights: 1315kg","og_url":"https:\/\/miningspareparts.com\/es\/producto\/ch865i-concave-ring-bg00369684\/","og_site_name":"Crusher parts, Slurry Pump Parts, Excavator shovel parts","article_modified_time":"2026-02-09T06:35:29+00:00","og_image":[{"width":800,"height":800,"url":"https:\/\/miningspareparts.com\/wp-content\/uploads\/2024\/07\/CH865i-Concave-Ring-For-Cone-Crusher-BG00369684.webp","type":"image\/webp"}],"twitter_card":"summary_large_image","twitter_misc":{"Tiempo de lectura":"4 minutos"},"schema":{"@context":"https:\/\/schema.org","@graph":[{"@type":"WebPage","@id":"https:\/\/miningspareparts.com\/product\/ch865i-concave-ring-bg00369684\/","url":"https:\/\/miningspareparts.com\/product\/ch865i-concave-ring-bg00369684\/","name":"CH865i Concave Ring For Cone Crusher BG00369684- Crusher parts, Slurry Pump Parts, Excavator shovel parts","isPartOf":{"@id":"https:\/\/miningspareparts.com\/#website"},"primaryImageOfPage":{"@id":"https:\/\/miningspareparts.com\/product\/ch865i-concave-ring-bg00369684\/#primaryimage"},"image":{"@id":"https:\/\/miningspareparts.com\/product\/ch865i-concave-ring-bg00369684\/#primaryimage"},"thumbnailUrl":"https:\/\/miningspareparts.com\/wp-content\/uploads\/2024\/07\/CH865i-Concave-Ring-For-Cone-Crusher-BG00369684.webp","datePublished":"2024-07-26T06:55:00+00:00","dateModified":"2026-02-09T06:35:29+00:00","description":"CH865i Concave Ring For Cone Crusher BG00369684\uff0cConcave, Mantle, Concave Ring, Concave Segment , Bowl Liner,Cone Liner,Arm Guard,,Weights: 1315kg","breadcrumb":{"@id":"https:\/\/miningspareparts.com\/product\/ch865i-concave-ring-bg00369684\/#breadcrumb"},"inLanguage":"es","potentialAction":[{"@type":"ReadAction","target":["https:\/\/miningspareparts.com\/product\/ch865i-concave-ring-bg00369684\/"]}]},{"@type":"ImageObject","inLanguage":"es","@id":"https:\/\/miningspareparts.com\/product\/ch865i-concave-ring-bg00369684\/#primaryimage","url":"https:\/\/miningspareparts.com\/wp-content\/uploads\/2024\/07\/CH865i-Concave-Ring-For-Cone-Crusher-BG00369684.webp","contentUrl":"https:\/\/miningspareparts.com\/wp-content\/uploads\/2024\/07\/CH865i-Concave-Ring-For-Cone-Crusher-BG00369684.webp","width":800,"height":800,"caption":"CH865i Concave Ring For Cone Crusher BG00369684"},{"@type":"BreadcrumbList","@id":"https:\/\/miningspareparts.com\/product\/ch865i-concave-ring-bg00369684\/#breadcrumb","itemListElement":[{"@type":"ListItem","position":1,"name":"Home","item":"https:\/\/miningspareparts.com\/"},{"@type":"ListItem","position":2,"name":"Premium Mining Wear And Spare Parts","item":"https:\/\/miningspareparts.com\/shop\/"},{"@type":"ListItem","position":3,"name":"CH865i Concave Ring For Cone Crusher BG00369684"}]},{"@type":"WebSite","@id":"https:\/\/miningspareparts.com\/#website","url":"https:\/\/miningspareparts.com\/","name":"Crusher parts , Concrete Mixer Parts, Slurry Pump Parts, Mining Spares","description":"Mining Wear &amp; Spare Parts Supplier","publisher":{"@id":"https:\/\/miningspareparts.com\/#organization"},"potentialAction":[{"@type":"SearchAction","target":{"@type":"EntryPoint","urlTemplate":"https:\/\/miningspareparts.com\/?s={search_term_string}"},"query-input":{"@type":"PropertyValueSpecification","valueRequired":true,"valueName":"search_term_string"}}],"inLanguage":"es"},{"@type":"Organization","@id":"https:\/\/miningspareparts.com\/#organization","name":"Crusher parts , Concrete Mixer Parts, Slurry Pump Parts, Mining Spares","url":"https:\/\/miningspareparts.com\/","logo":{"@type":"ImageObject","inLanguage":"es","@id":"https:\/\/miningspareparts.com\/#\/schema\/logo\/image\/","url":"https:\/\/miningspareparts.com\/wp-content\/uploads\/2025\/04\/cropped-cropped-logo\u6b63\u65b9\u5f62.png","contentUrl":"https:\/\/miningspareparts.com\/wp-content\/uploads\/2025\/04\/cropped-cropped-logo\u6b63\u65b9\u5f62.png","width":511,"height":171,"caption":"Crusher parts , Concrete Mixer Parts, Slurry Pump Parts, Mining Spares"},"image":{"@id":"https:\/\/miningspareparts.com\/#\/schema\/logo\/image\/"}}]}},"uagb_featured_image_src":{"full":["https:\/\/miningspareparts.com\/wp-content\/uploads\/2024\/07\/CH865i-Concave-Ring-For-Cone-Crusher-BG00369684.webp",800,800,false],"thumbnail":["https:\/\/miningspareparts.com\/wp-content\/uploads\/2024\/07\/CH865i-Concave-Ring-For-Cone-Crusher-BG00369684-150x150.webp",150,150,true],"medium":["https:\/\/miningspareparts.com\/wp-content\/uploads\/2024\/07\/CH865i-Concave-Ring-For-Cone-Crusher-BG00369684-300x300.webp",300,300,true],"medium_large":["https:\/\/miningspareparts.com\/wp-content\/uploads\/2024\/07\/CH865i-Concave-Ring-For-Cone-Crusher-BG00369684-768x768.webp",768,768,true],"large":["https:\/\/miningspareparts.com\/wp-content\/uploads\/2024\/07\/CH865i-Concave-Ring-For-Cone-Crusher-BG00369684.webp",800,800,false],"1536x1536":["https:\/\/miningspareparts.com\/wp-content\/uploads\/2024\/07\/CH865i-Concave-Ring-For-Cone-Crusher-BG00369684.webp",800,800,false],"2048x2048":["https:\/\/miningspareparts.com\/wp-content\/uploads\/2024\/07\/CH865i-Concave-Ring-For-Cone-Crusher-BG00369684.webp",800,800,false],"trp-custom-language-flag":["https:\/\/miningspareparts.com\/wp-content\/uploads\/2024\/07\/CH865i-Concave-Ring-For-Cone-Crusher-BG00369684-12x12.webp",12,12,true],"woocommerce_thumbnail":["https:\/\/miningspareparts.com\/wp-content\/uploads\/2024\/07\/CH865i-Concave-Ring-For-Cone-Crusher-BG00369684-300x300.webp",300,300,true],"woocommerce_single":["https:\/\/miningspareparts.com\/wp-content\/uploads\/2024\/07\/CH865i-Concave-Ring-For-Cone-Crusher-BG00369684-600x600.webp",600,600,true],"woocommerce_gallery_thumbnail":["https:\/\/miningspareparts.com\/wp-content\/uploads\/2024\/07\/CH865i-Concave-Ring-For-Cone-Crusher-BG00369684-100x100.webp",100,100,true]},"uagb_author_info":{"display_name":"Miningspareparts","author_link":"https:\/\/miningspareparts.com\/es\/author\/"},"uagb_comment_info":0,"uagb_excerpt":"Item Names: Concave, Mantle, Concave Ring, Concave Segment , Bowl Liner,Cone Liner,Arm Guard, Distribution Plate, Lower Mantle,Upper Mantle Model: CH865i\u00a0 \u00a0 \u00a0 Weights: 1315kg\u00a0 \u00a0 \u00a0 \u00a0Item code: BG00369684 Casting Material:\u00a0 M13Cr2,\u00a0 Mn18Cr2,\u00a0 Mn22Cr2 Applicable Material: Gravel, Granite, Basalt, Ore, Limestone, Sandstone ,Quatz,Cobblestone Applications: Mining , Quarry, Construction ,Cement and Materials ,Recycling","_links":{"self":[{"href":"https:\/\/miningspareparts.com\/es\/wp-json\/wp\/v2\/product\/10159","targetHints":{"allow":["GET"]}}],"collection":[{"href":"https:\/\/miningspareparts.com\/es\/wp-json\/wp\/v2\/product"}],"about":[{"href":"https:\/\/miningspareparts.com\/es\/wp-json\/wp\/v2\/types\/product"}],"wp:featuredmedia":[{"embeddable":true,"href":"https:\/\/miningspareparts.com\/es\/wp-json\/wp\/v2\/media\/11240"}],"wp:attachment":[{"href":"https:\/\/miningspareparts.com\/es\/wp-json\/wp\/v2\/media?parent=10159"}],"wp:term":[{"taxonomy":"product_brand","embeddable":true,"href":"https:\/\/miningspareparts.com\/es\/wp-json\/wp\/v2\/product_brand?post=10159"},{"taxonomy":"product_cat","embeddable":true,"href":"https:\/\/miningspareparts.com\/es\/wp-json\/wp\/v2\/product_cat?post=10159"},{"taxonomy":"product_tag","embeddable":true,"href":"https:\/\/miningspareparts.com\/es\/wp-json\/wp\/v2\/product_tag?post=10159"}],"curies":[{"name":"wp","href":"https:\/\/api.w.org\/{rel}","templated":true}]}}