{"id":10394,"date":"2024-08-12T02:52:52","date_gmt":"2024-08-12T02:52:52","guid":{"rendered":"https:\/\/miningspareparts.com\/?post_type=product&#038;p=10394"},"modified":"2025-12-02T01:17:48","modified_gmt":"2025-12-02T01:17:48","slug":"cj411-toggle-seat-for-jaw-crusher-89-242-895-000","status":"publish","type":"product","link":"https:\/\/miningspareparts.com\/es\/producto\/cj411-toggle-seat-for-jaw-crusher-89-242-895-000\/","title":{"rendered":"CJ411 Asiento de palanca para trituradora de mand\u00edbulas 89-242-895-000"},"content":{"rendered":"<p><strong>MiningSpares tiene larga comprensi\u00f3n y cobertura Las trituradoras de mand\u00edbula coinciden \uff0c.<\/strong><strong>He aqu\u00ed la descripci\u00f3n de CJ411 Toggle Seat .<\/strong><\/p>\n<p style=\"font-weight: 400;\"><strong>Placa basculante\u00a0<\/strong>es una pieza simple del conjunto de palanca fabricada normalmente en acero al carbono (hierro fundido).<strong>\u00a0rodamientos de palanca\u00a0<\/strong>en dos extremos uno se acomoda en el Pitman y otro en el toggle block para mantener las partes inferiores de la mordaza en posici\u00f3n.<\/p>\n<p style=\"font-weight: 400;\">Tambi\u00e9n sirve como un mecanismo de seguridad para toda la mand\u00edbula, si algo que no puede aplastar entra en la c\u00e1mara de trituraci\u00f3n accidentalmente o la roca es demasiado dura para aplastar, la placa de palanca se rompe y evita que el marco de la mand\u00edbula especialmente el Pitman (mand\u00edbula stock) de mayores da\u00f1os.<\/p>\n<p>Los asientos de palanca CJ411 de MiningSpares se fabrican mediante avanzados procesos de fundici\u00f3n. Durante el proceso de fabricaci\u00f3n, controlamos estrictamente la selecci\u00f3n de materiales y el flujo del proceso para garantizar la excelencia en la calidad y el rendimiento del producto. Utilizamos materiales de acero aleado de alta calidad combinados con una avanzada tecnolog\u00eda de fundici\u00f3n para garantizar que nuestros productos tengan una excelente resistencia al desgaste y a los impactos. Adem\u00e1s, nuestro proceso de fabricaci\u00f3n incluye procesos de mecanizado de precisi\u00f3n y tratamiento t\u00e9rmico para mejorar a\u00fan m\u00e1s la resistencia y la durabilidad.<\/p>\n<table width=\"639\">\n<tbody>\n<tr>\n<td width=\"43\">No.<\/td>\n<td width=\"181\">Nombre<\/td>\n<td width=\"168\">Modelo<\/td>\n<td width=\"148\">C\u00f3digo del art\u00edculo<\/td>\n<td width=\"99\">pesos\/kg<\/td>\n<\/tr>\n<tr>\n<td>1<\/td>\n<td>Placa basculante<\/td>\n<td>\u00a0CJ411<\/td>\n<td>89-242-877-000<\/td>\n<td>142<\/td>\n<\/tr>\n<tr>\n<td>2<\/td>\n<td>Placa basculante<\/td>\n<td>\u00a0CJ411<\/td>\n<td>89-242-894-000<\/td>\n<td>245<\/td>\n<\/tr>\n<tr>\n<td>3<\/td>\n<td>Asiento basculante<\/td>\n<td>\u00a0CJ411<\/td>\n<td>89-242-895-000<\/td>\n<td>34<\/td>\n<\/tr>\n<tr>\n<td>4<\/td>\n<td>Plato fijo C<\/td>\n<td>\u00a0CJ411\/JM1108<\/td>\n<td>400.0409-002<\/td>\n<td>1373<\/td>\n<\/tr>\n<tr>\n<td>5<\/td>\n<td>Placa de mordazas Desplazamiento C<\/td>\n<td>\u00a0CJ411\/JM1108<\/td>\n<td>400.0410-002<\/td>\n<td>1369<\/td>\n<\/tr>\n<tr>\n<td>6<\/td>\n<td>Placa de cu\u00f1a Fix\/Swin<\/td>\n<td>\u00a0CJ411 (4pcs\/Set)<\/td>\n<td>10-314-385-000<\/td>\n<td>21<\/td>\n<\/tr>\n<tr>\n<td>7<\/td>\n<td>Placa de mejilla UPR<\/td>\n<td>\u00a0CJ411\/CJ412<\/td>\n<td>10-314-262-000<\/td>\n<td>226<\/td>\n<\/tr>\n<tr>\n<td>8<\/td>\n<td>Placa de mejilla LWR<\/td>\n<td>\u00a0CJ411\/CJ412<\/td>\n<td>10-314-263-000<\/td>\n<td>195<\/td>\n<\/tr>\n<tr>\n<td>9<\/td>\n<td>Placa de mand\u00edbula estacionaria<\/td>\n<td>\u00a0JM1208\/CJ411<\/td>\n<td>400.0436<\/td>\n<td>1371<\/td>\n<\/tr>\n<tr>\n<td>10<\/td>\n<td>Arandela de pesta\u00f1a<\/td>\n<td>\u00a0CJ411<\/td>\n<td>847.0093-00<\/td>\n<td>0<\/td>\n<\/tr>\n<tr>\n<td>11<\/td>\n<td>Rodamiento de rodillos Exterior<\/td>\n<td>\u00a0CJ411\/JM1108<\/td>\n<td>868.0290-00<\/td>\n<td>87<\/td>\n<\/tr>\n<tr>\n<td>12<\/td>\n<td>Rodamiento de rodillos interior<\/td>\n<td>\u00a0CJ411\/JM1108<\/td>\n<td>868.0303-00<\/td>\n<td>96<\/td>\n<\/tr>\n<tr>\n<td>13<\/td>\n<td>Manga de retirada<\/td>\n<td>\u00a0CJ411<\/td>\n<td>868.0557-00<\/td>\n<td>16<\/td>\n<\/tr>\n<tr>\n<td>14<\/td>\n<td>Anillo en V<\/td>\n<td>\u00a0CJ411<\/td>\n<td>873.0910-00<\/td>\n<td>0<\/td>\n<\/tr>\n<tr>\n<td>15<\/td>\n<td>Anillo en V<\/td>\n<td>\u00a0CJ411<\/td>\n<td>873.1327-00<\/td>\n<td>0<\/td>\n<\/tr>\n<tr>\n<td>16<\/td>\n<td>Primavera<\/td>\n<td>\u00a0CJ411<\/td>\n<td>400-0450-001<\/td>\n<td>35.5<\/td>\n<\/tr>\n<tr>\n<td>17<\/td>\n<td>Mand\u00edbula fija ondulada<\/td>\n<td>CJ411\/JM1108<\/td>\n<td>400.0409-001<\/td>\n<td>1246<\/td>\n<\/tr>\n<tr>\n<td>18<\/td>\n<td>Placa de mand\u00edbula CC m\u00f3vil<\/td>\n<td>\u00a0CJ411\/JM1108<\/td>\n<td>400.0433-002<\/td>\n<td>1648<\/td>\n<\/tr>\n<tr>\n<td>19<\/td>\n<td>Placa mordaza fija CC<\/td>\n<td>\u00a0CJ411\/JM1108<\/td>\n<td>400.0437-002<\/td>\n<td>1555<\/td>\n<\/tr>\n<tr>\n<td>20<\/td>\n<td>Tira de soporte<\/td>\n<td>\u00a0CJ411<\/td>\n<td>400.0543-001<\/td>\n<td>36<\/td>\n<\/tr>\n<tr>\n<td>21<\/td>\n<td>Caja de rodamientos<\/td>\n<td>\u00a0CJ411<\/td>\n<td>10-115-283-500<\/td>\n<td>250<\/td>\n<\/tr>\n<tr>\n<td>22<\/td>\n<td>Tira de soporte Superior<\/td>\n<td>\u00a0CJ411<\/td>\n<td>10-214-269-000<\/td>\n<td>42<\/td>\n<\/tr>\n<tr>\n<td>23<\/td>\n<td>Placa deflectora<\/td>\n<td>\u00a0CJ411<\/td>\n<td>10-214-384-000<\/td>\n<td>217<\/td>\n<\/tr>\n<tr>\n<td>24<\/td>\n<td>Portada del Laberinto<\/td>\n<td>\u00a0CJ411\/JM1108<\/td>\n<td>10-214-388-000<\/td>\n<td>38<\/td>\n<\/tr>\n<tr>\n<td>25<\/td>\n<td>Anillo Laberinto<\/td>\n<td>\u00a0CJ411\/JM1108<\/td>\n<td>10-214-415-000<\/td>\n<td>19.5<\/td>\n<\/tr>\n<tr>\n<td>26<\/td>\n<td>Cubierta exterior del marco<\/td>\n<td>\u00a0CJ411<\/td>\n<td>10-214-416-000<\/td>\n<td>28.35<\/td>\n<\/tr>\n<tr>\n<td>27<\/td>\n<td>Placa superior de la mejilla<\/td>\n<td>CJ411\/JM1108<\/td>\n<td>10.314.262.000<\/td>\n<td>226<\/td>\n<\/tr>\n<tr>\n<td>28<\/td>\n<td>Placa inferior de la mejilla<\/td>\n<td>\u00a0CJ411 \/JM1108<\/td>\n<td>10.314.263.000<\/td>\n<td>188<\/td>\n<\/tr>\n<tr>\n<td>29<\/td>\n<td>Mand\u00edbula Pitman<\/td>\n<td>\u00a0CJ411<\/td>\n<td>53-167-440-500<\/td>\n<td>0<\/td>\n<\/tr>\n<tr>\n<td>30<\/td>\n<td>Alojamiento del rodamiento<\/td>\n<td>\u00a0CJ411<\/td>\n<td>53-173-767-500<\/td>\n<td>241.5<\/td>\n<\/tr>\n<tr>\n<td>31<\/td>\n<td>Barra de retracci\u00f3n<\/td>\n<td>\u00a0CJ411<\/td>\n<td>53-366-419-501<\/td>\n<td>21<\/td>\n<\/tr>\n<\/tbody>\n<\/table>\n<p>&nbsp;<\/p>","protected":false},"excerpt":{"rendered":"<p><strong>Nombres de los art\u00edculos:<\/strong>Placa basculante<\/p>\n<p><strong>Modelo:<\/strong> CJ411\u00a0 \u00a0 <strong>Pesos:<\/strong> 34 kg\u00a0 \u00a0 \u00a0 <strong>C\u00f3digo del art\u00edculo:<\/strong> 89-242-895-000<\/p>\n<p><strong>Material de fundici\u00f3n:<\/strong><\/p>\n<p><strong>Material aplicable:<\/strong> Grava, Granito, Basalto, Mineral, Caliza, Arenisca, Quatz, Adoqu\u00edn<\/p>\n<p><strong>Aplicaciones:<\/strong> Miner\u00eda, canteras, construcci\u00f3n, cemento y materiales, reciclaje<\/p>","protected":false},"featured_media":11226,"template":"","meta":{"_uag_custom_page_level_css":"","site-sidebar-layout":"default","site-content-layout":"","ast-site-content-layout":"default","site-content-style":"default","site-sidebar-style":"default","ast-global-header-display":"","ast-banner-title-visibility":"","ast-main-header-display":"","ast-hfb-above-header-display":"","ast-hfb-below-header-display":"","ast-hfb-mobile-header-display":"","site-post-title":"","ast-breadcrumbs-content":"","ast-featured-img":"","footer-sml-layout":"","ast-disable-related-posts":"","theme-transparent-header-meta":"default","adv-header-id-meta":"","stick-header-meta":"default","header-above-stick-meta":"","header-main-stick-meta":"","header-below-stick-meta":"","astra-migrate-meta-layouts":"set","ast-page-background-enabled":"default","ast-page-background-meta":{"desktop":{"background-color":"var(--ast-global-color-4)","background-image":"","background-repeat":"repeat","background-position":"center center","background-size":"auto","background-attachment":"scroll","background-type":"","background-media":"","overlay-type":"","overlay-color":"","overlay-opacity":"","overlay-gradient":""},"tablet":{"background-color":"","background-image":"","background-repeat":"repeat","background-position":"center center","background-size":"auto","background-attachment":"scroll","background-type":"","background-media":"","overlay-type":"","overlay-color":"","overlay-opacity":"","overlay-gradient":""},"mobile":{"background-color":"","background-image":"","background-repeat":"repeat","background-position":"center center","background-size":"auto","background-attachment":"scroll","background-type":"","background-media":"","overlay-type":"","overlay-color":"","overlay-opacity":"","overlay-gradient":""}},"ast-content-background-meta":{"desktop":{"background-color":"var(--ast-global-color-5)","background-image":"","background-repeat":"repeat","background-position":"center center","background-size":"auto","background-attachment":"scroll","background-type":"","background-media":"","overlay-type":"","overlay-color":"","overlay-opacity":"","overlay-gradient":""},"tablet":{"background-color":"var(--ast-global-color-5)","background-image":"","background-repeat":"repeat","background-position":"center center","background-size":"auto","background-attachment":"scroll","background-type":"","background-media":"","overlay-type":"","overlay-color":"","overlay-opacity":"","overlay-gradient":""},"mobile":{"background-color":"var(--ast-global-color-5)","background-image":"","background-repeat":"repeat","background-position":"center center","background-size":"auto","background-attachment":"scroll","background-type":"","background-media":"","overlay-type":"","overlay-color":"","overlay-opacity":"","overlay-gradient":""}}},"product_brand":[],"product_cat":[284,32,220,35,57,87,184],"product_tag":[],"class_list":{"0":"post-10394","1":"product","2":"type-product","3":"status-publish","4":"has-post-thumbnail","6":"product_cat-by-brands","7":"product_cat-jaw-liner","8":"product_cat-toggle-bearing","9":"product_cat-toggle-plate","10":"product_cat-crusher-spares","11":"product_cat-engineering-parts","12":"product_cat-sandvick","13":"desktop-align-left","14":"tablet-align-left","15":"mobile-align-left","16":"ast-product-gallery-layout-horizontal-slider","17":"ast-product-gallery-with-no-image","18":"ast-product-tabs-layout-horizontal","20":"first","21":"instock","22":"shipping-taxable","23":"product-type-simple"},"yoast_head":"<!-- This site is optimized with the Yoast SEO plugin v27.4 - https:\/\/yoast.com\/product\/yoast-seo-wordpress\/ -->\n<title>CJ411 Toggle Seat For Jaw Crusher 89-242-895-000- Crusher parts, Slurry Pump Parts, Excavator shovel parts<\/title>\n<meta name=\"description\" content=\"Aftermarket CJ411 Toggle Seat for quarry crushing ,Genuine Alternative,ready in stock with best price,89-242-895-000,Weights: 34kg\" \/>\n<meta name=\"robots\" content=\"index, follow, max-snippet:-1, max-image-preview:large, max-video-preview:-1\" \/>\n<link rel=\"canonical\" href=\"https:\/\/miningspareparts.com\/es\/producto\/cj411-toggle-seat-for-jaw-crusher-89-242-895-000\/\" \/>\n<meta property=\"og:locale\" content=\"es_MX\" \/>\n<meta property=\"og:type\" content=\"article\" \/>\n<meta property=\"og:title\" content=\"CJ411 Toggle Seat For Jaw Crusher 89-242-895-000- Crusher parts, Slurry Pump Parts, Excavator shovel parts\" \/>\n<meta property=\"og:description\" content=\"Aftermarket CJ411 Toggle Seat for quarry crushing ,Genuine Alternative,ready in stock with best price,89-242-895-000,Weights: 34kg\" \/>\n<meta property=\"og:url\" content=\"https:\/\/miningspareparts.com\/es\/producto\/cj411-toggle-seat-for-jaw-crusher-89-242-895-000\/\" \/>\n<meta property=\"og:site_name\" content=\"Crusher parts, Slurry Pump Parts, Excavator shovel parts\" \/>\n<meta property=\"article:modified_time\" content=\"2025-12-02T01:17:48+00:00\" \/>\n<meta property=\"og:image\" content=\"https:\/\/miningspareparts.com\/wp-content\/uploads\/2024\/08\/CJ411-Toggle-Seat-For-Jaw-Crusher-89-242-895-000.webp\" \/>\n\t<meta property=\"og:image:width\" content=\"800\" \/>\n\t<meta property=\"og:image:height\" content=\"800\" \/>\n\t<meta property=\"og:image:type\" content=\"image\/webp\" \/>\n<meta name=\"twitter:card\" content=\"summary_large_image\" \/>\n<meta name=\"twitter:label1\" content=\"Tiempo de lectura\" \/>\n\t<meta name=\"twitter:data1\" content=\"3 minutos\" \/>\n<script type=\"application\/ld+json\" class=\"yoast-schema-graph\">{\"@context\":\"https:\\\/\\\/schema.org\",\"@graph\":[{\"@type\":\"WebPage\",\"@id\":\"https:\\\/\\\/miningspareparts.com\\\/product\\\/cj411-toggle-seat-for-jaw-crusher-89-242-895-000\\\/\",\"url\":\"https:\\\/\\\/miningspareparts.com\\\/product\\\/cj411-toggle-seat-for-jaw-crusher-89-242-895-000\\\/\",\"name\":\"CJ411 Toggle Seat For Jaw Crusher 89-242-895-000- Crusher parts, Slurry Pump Parts, Excavator shovel parts\",\"isPartOf\":{\"@id\":\"https:\\\/\\\/miningspareparts.com\\\/#website\"},\"primaryImageOfPage\":{\"@id\":\"https:\\\/\\\/miningspareparts.com\\\/product\\\/cj411-toggle-seat-for-jaw-crusher-89-242-895-000\\\/#primaryimage\"},\"image\":{\"@id\":\"https:\\\/\\\/miningspareparts.com\\\/product\\\/cj411-toggle-seat-for-jaw-crusher-89-242-895-000\\\/#primaryimage\"},\"thumbnailUrl\":\"https:\\\/\\\/miningspareparts.com\\\/wp-content\\\/uploads\\\/2024\\\/08\\\/CJ411-Toggle-Seat-For-Jaw-Crusher-89-242-895-000.webp\",\"datePublished\":\"2024-08-12T02:52:52+00:00\",\"dateModified\":\"2025-12-02T01:17:48+00:00\",\"description\":\"Aftermarket CJ411 Toggle Seat for quarry crushing ,Genuine Alternative,ready in stock with best price,89-242-895-000,Weights: 34kg\",\"breadcrumb\":{\"@id\":\"https:\\\/\\\/miningspareparts.com\\\/product\\\/cj411-toggle-seat-for-jaw-crusher-89-242-895-000\\\/#breadcrumb\"},\"inLanguage\":\"es\",\"potentialAction\":[{\"@type\":\"ReadAction\",\"target\":[\"https:\\\/\\\/miningspareparts.com\\\/product\\\/cj411-toggle-seat-for-jaw-crusher-89-242-895-000\\\/\"]}]},{\"@type\":\"ImageObject\",\"inLanguage\":\"es\",\"@id\":\"https:\\\/\\\/miningspareparts.com\\\/product\\\/cj411-toggle-seat-for-jaw-crusher-89-242-895-000\\\/#primaryimage\",\"url\":\"https:\\\/\\\/miningspareparts.com\\\/wp-content\\\/uploads\\\/2024\\\/08\\\/CJ411-Toggle-Seat-For-Jaw-Crusher-89-242-895-000.webp\",\"contentUrl\":\"https:\\\/\\\/miningspareparts.com\\\/wp-content\\\/uploads\\\/2024\\\/08\\\/CJ411-Toggle-Seat-For-Jaw-Crusher-89-242-895-000.webp\",\"width\":800,\"height\":800,\"caption\":\"CJ411 Toggle Seat For Jaw Crusher 89-242-895-000\"},{\"@type\":\"BreadcrumbList\",\"@id\":\"https:\\\/\\\/miningspareparts.com\\\/product\\\/cj411-toggle-seat-for-jaw-crusher-89-242-895-000\\\/#breadcrumb\",\"itemListElement\":[{\"@type\":\"ListItem\",\"position\":1,\"name\":\"Home\",\"item\":\"https:\\\/\\\/miningspareparts.com\\\/\"},{\"@type\":\"ListItem\",\"position\":2,\"name\":\"Premium Mining Wear And Spare Parts\",\"item\":\"https:\\\/\\\/miningspareparts.com\\\/shop\\\/\"},{\"@type\":\"ListItem\",\"position\":3,\"name\":\"CJ411 Toggle Seat For Jaw Crusher 89-242-895-000\"}]},{\"@type\":\"WebSite\",\"@id\":\"https:\\\/\\\/miningspareparts.com\\\/#website\",\"url\":\"https:\\\/\\\/miningspareparts.com\\\/\",\"name\":\"Crusher parts , Concrete Mixer Parts, Slurry Pump Parts, Mining Spares\",\"description\":\"Mining Wear &amp; Spare Parts Supplier\",\"publisher\":{\"@id\":\"https:\\\/\\\/miningspareparts.com\\\/#organization\"},\"potentialAction\":[{\"@type\":\"SearchAction\",\"target\":{\"@type\":\"EntryPoint\",\"urlTemplate\":\"https:\\\/\\\/miningspareparts.com\\\/?s={search_term_string}\"},\"query-input\":{\"@type\":\"PropertyValueSpecification\",\"valueRequired\":true,\"valueName\":\"search_term_string\"}}],\"inLanguage\":\"es\"},{\"@type\":\"Organization\",\"@id\":\"https:\\\/\\\/miningspareparts.com\\\/#organization\",\"name\":\"Crusher parts , Concrete Mixer Parts, Slurry Pump Parts, Mining Spares\",\"url\":\"https:\\\/\\\/miningspareparts.com\\\/\",\"logo\":{\"@type\":\"ImageObject\",\"inLanguage\":\"es\",\"@id\":\"https:\\\/\\\/miningspareparts.com\\\/#\\\/schema\\\/logo\\\/image\\\/\",\"url\":\"https:\\\/\\\/miningspareparts.com\\\/wp-content\\\/uploads\\\/2025\\\/04\\\/cropped-cropped-logo\u6b63\u65b9\u5f62.png\",\"contentUrl\":\"https:\\\/\\\/miningspareparts.com\\\/wp-content\\\/uploads\\\/2025\\\/04\\\/cropped-cropped-logo\u6b63\u65b9\u5f62.png\",\"width\":511,\"height\":171,\"caption\":\"Crusher parts , Concrete Mixer Parts, Slurry Pump Parts, Mining Spares\"},\"image\":{\"@id\":\"https:\\\/\\\/miningspareparts.com\\\/#\\\/schema\\\/logo\\\/image\\\/\"}}]}<\/script>\n<!-- \/ Yoast SEO plugin. -->","yoast_head_json":{"title":"CJ411 Toggle Seat For Jaw Crusher 89-242-895-000- Crusher parts, Slurry Pump Parts, Excavator shovel parts","description":"Aftermarket CJ411 Toggle Seat for quarry crushing ,Genuine Alternative,ready in stock with best price,89-242-895-000,Weights: 34kg","robots":{"index":"index","follow":"follow","max-snippet":"max-snippet:-1","max-image-preview":"max-image-preview:large","max-video-preview":"max-video-preview:-1"},"canonical":"https:\/\/miningspareparts.com\/es\/producto\/cj411-toggle-seat-for-jaw-crusher-89-242-895-000\/","og_locale":"es_MX","og_type":"article","og_title":"CJ411 Toggle Seat For Jaw Crusher 89-242-895-000- Crusher parts, Slurry Pump Parts, Excavator shovel parts","og_description":"Aftermarket CJ411 Toggle Seat for quarry crushing ,Genuine Alternative,ready in stock with best price,89-242-895-000,Weights: 34kg","og_url":"https:\/\/miningspareparts.com\/es\/producto\/cj411-toggle-seat-for-jaw-crusher-89-242-895-000\/","og_site_name":"Crusher parts, Slurry Pump Parts, Excavator shovel parts","article_modified_time":"2025-12-02T01:17:48+00:00","og_image":[{"width":800,"height":800,"url":"https:\/\/miningspareparts.com\/wp-content\/uploads\/2024\/08\/CJ411-Toggle-Seat-For-Jaw-Crusher-89-242-895-000.webp","type":"image\/webp"}],"twitter_card":"summary_large_image","twitter_misc":{"Tiempo de lectura":"3 minutos"},"schema":{"@context":"https:\/\/schema.org","@graph":[{"@type":"WebPage","@id":"https:\/\/miningspareparts.com\/product\/cj411-toggle-seat-for-jaw-crusher-89-242-895-000\/","url":"https:\/\/miningspareparts.com\/product\/cj411-toggle-seat-for-jaw-crusher-89-242-895-000\/","name":"CJ411 Toggle Seat For Jaw Crusher 89-242-895-000- Crusher parts, Slurry Pump Parts, Excavator shovel parts","isPartOf":{"@id":"https:\/\/miningspareparts.com\/#website"},"primaryImageOfPage":{"@id":"https:\/\/miningspareparts.com\/product\/cj411-toggle-seat-for-jaw-crusher-89-242-895-000\/#primaryimage"},"image":{"@id":"https:\/\/miningspareparts.com\/product\/cj411-toggle-seat-for-jaw-crusher-89-242-895-000\/#primaryimage"},"thumbnailUrl":"https:\/\/miningspareparts.com\/wp-content\/uploads\/2024\/08\/CJ411-Toggle-Seat-For-Jaw-Crusher-89-242-895-000.webp","datePublished":"2024-08-12T02:52:52+00:00","dateModified":"2025-12-02T01:17:48+00:00","description":"Aftermarket CJ411 Toggle Seat for quarry crushing ,Genuine Alternative,ready in stock with best price,89-242-895-000,Weights: 34kg","breadcrumb":{"@id":"https:\/\/miningspareparts.com\/product\/cj411-toggle-seat-for-jaw-crusher-89-242-895-000\/#breadcrumb"},"inLanguage":"es","potentialAction":[{"@type":"ReadAction","target":["https:\/\/miningspareparts.com\/product\/cj411-toggle-seat-for-jaw-crusher-89-242-895-000\/"]}]},{"@type":"ImageObject","inLanguage":"es","@id":"https:\/\/miningspareparts.com\/product\/cj411-toggle-seat-for-jaw-crusher-89-242-895-000\/#primaryimage","url":"https:\/\/miningspareparts.com\/wp-content\/uploads\/2024\/08\/CJ411-Toggle-Seat-For-Jaw-Crusher-89-242-895-000.webp","contentUrl":"https:\/\/miningspareparts.com\/wp-content\/uploads\/2024\/08\/CJ411-Toggle-Seat-For-Jaw-Crusher-89-242-895-000.webp","width":800,"height":800,"caption":"CJ411 Toggle Seat For Jaw Crusher 89-242-895-000"},{"@type":"BreadcrumbList","@id":"https:\/\/miningspareparts.com\/product\/cj411-toggle-seat-for-jaw-crusher-89-242-895-000\/#breadcrumb","itemListElement":[{"@type":"ListItem","position":1,"name":"Home","item":"https:\/\/miningspareparts.com\/"},{"@type":"ListItem","position":2,"name":"Premium Mining Wear And Spare Parts","item":"https:\/\/miningspareparts.com\/shop\/"},{"@type":"ListItem","position":3,"name":"CJ411 Toggle Seat For Jaw Crusher 89-242-895-000"}]},{"@type":"WebSite","@id":"https:\/\/miningspareparts.com\/#website","url":"https:\/\/miningspareparts.com\/","name":"Crusher parts , Concrete Mixer Parts, Slurry Pump Parts, Mining Spares","description":"Mining Wear &amp; Spare Parts Supplier","publisher":{"@id":"https:\/\/miningspareparts.com\/#organization"},"potentialAction":[{"@type":"SearchAction","target":{"@type":"EntryPoint","urlTemplate":"https:\/\/miningspareparts.com\/?s={search_term_string}"},"query-input":{"@type":"PropertyValueSpecification","valueRequired":true,"valueName":"search_term_string"}}],"inLanguage":"es"},{"@type":"Organization","@id":"https:\/\/miningspareparts.com\/#organization","name":"Crusher parts , Concrete Mixer Parts, Slurry Pump Parts, Mining Spares","url":"https:\/\/miningspareparts.com\/","logo":{"@type":"ImageObject","inLanguage":"es","@id":"https:\/\/miningspareparts.com\/#\/schema\/logo\/image\/","url":"https:\/\/miningspareparts.com\/wp-content\/uploads\/2025\/04\/cropped-cropped-logo\u6b63\u65b9\u5f62.png","contentUrl":"https:\/\/miningspareparts.com\/wp-content\/uploads\/2025\/04\/cropped-cropped-logo\u6b63\u65b9\u5f62.png","width":511,"height":171,"caption":"Crusher parts , Concrete Mixer Parts, Slurry Pump Parts, Mining Spares"},"image":{"@id":"https:\/\/miningspareparts.com\/#\/schema\/logo\/image\/"}}]}},"uagb_featured_image_src":{"full":["https:\/\/miningspareparts.com\/wp-content\/uploads\/2024\/08\/CJ411-Toggle-Seat-For-Jaw-Crusher-89-242-895-000.webp",800,800,false],"thumbnail":["https:\/\/miningspareparts.com\/wp-content\/uploads\/2024\/08\/CJ411-Toggle-Seat-For-Jaw-Crusher-89-242-895-000-150x150.webp",150,150,true],"medium":["https:\/\/miningspareparts.com\/wp-content\/uploads\/2024\/08\/CJ411-Toggle-Seat-For-Jaw-Crusher-89-242-895-000-300x300.webp",300,300,true],"medium_large":["https:\/\/miningspareparts.com\/wp-content\/uploads\/2024\/08\/CJ411-Toggle-Seat-For-Jaw-Crusher-89-242-895-000-768x768.webp",768,768,true],"large":["https:\/\/miningspareparts.com\/wp-content\/uploads\/2024\/08\/CJ411-Toggle-Seat-For-Jaw-Crusher-89-242-895-000.webp",800,800,false],"1536x1536":["https:\/\/miningspareparts.com\/wp-content\/uploads\/2024\/08\/CJ411-Toggle-Seat-For-Jaw-Crusher-89-242-895-000.webp",800,800,false],"2048x2048":["https:\/\/miningspareparts.com\/wp-content\/uploads\/2024\/08\/CJ411-Toggle-Seat-For-Jaw-Crusher-89-242-895-000.webp",800,800,false],"trp-custom-language-flag":["https:\/\/miningspareparts.com\/wp-content\/uploads\/2024\/08\/CJ411-Toggle-Seat-For-Jaw-Crusher-89-242-895-000-12x12.webp",12,12,true],"woocommerce_thumbnail":["https:\/\/miningspareparts.com\/wp-content\/uploads\/2024\/08\/CJ411-Toggle-Seat-For-Jaw-Crusher-89-242-895-000-300x300.webp",300,300,true],"woocommerce_single":["https:\/\/miningspareparts.com\/wp-content\/uploads\/2024\/08\/CJ411-Toggle-Seat-For-Jaw-Crusher-89-242-895-000-600x600.webp",600,600,true],"woocommerce_gallery_thumbnail":["https:\/\/miningspareparts.com\/wp-content\/uploads\/2024\/08\/CJ411-Toggle-Seat-For-Jaw-Crusher-89-242-895-000-100x100.webp",100,100,true]},"uagb_author_info":{"display_name":"Miningspareparts","author_link":"https:\/\/miningspareparts.com\/es\/author\/"},"uagb_comment_info":0,"uagb_excerpt":"Item Names:Toggle Plate Model: CJ411\u00a0 \u00a0 Weights: 34kg\u00a0 \u00a0 \u00a0 Item code: 89-242-895-000 Casting Material: Applicable Material: Gravel, Granite, Basalt, Ore, Limestone, Sandstone ,Quatz,Cobblestone Applications: Mining , Quarry, Construction ,Cement and Materials ,Recycling","_links":{"self":[{"href":"https:\/\/miningspareparts.com\/es\/wp-json\/wp\/v2\/product\/10394","targetHints":{"allow":["GET"]}}],"collection":[{"href":"https:\/\/miningspareparts.com\/es\/wp-json\/wp\/v2\/product"}],"about":[{"href":"https:\/\/miningspareparts.com\/es\/wp-json\/wp\/v2\/types\/product"}],"wp:featuredmedia":[{"embeddable":true,"href":"https:\/\/miningspareparts.com\/es\/wp-json\/wp\/v2\/media\/11226"}],"wp:attachment":[{"href":"https:\/\/miningspareparts.com\/es\/wp-json\/wp\/v2\/media?parent=10394"}],"wp:term":[{"taxonomy":"product_brand","embeddable":true,"href":"https:\/\/miningspareparts.com\/es\/wp-json\/wp\/v2\/product_brand?post=10394"},{"taxonomy":"product_cat","embeddable":true,"href":"https:\/\/miningspareparts.com\/es\/wp-json\/wp\/v2\/product_cat?post=10394"},{"taxonomy":"product_tag","embeddable":true,"href":"https:\/\/miningspareparts.com\/es\/wp-json\/wp\/v2\/product_tag?post=10394"}],"curies":[{"name":"wp","href":"https:\/\/api.w.org\/{rel}","templated":true}]}}