{"id":10429,"date":"2024-08-15T05:27:21","date_gmt":"2024-08-15T05:27:21","guid":{"rendered":"https:\/\/miningspareparts.com\/?post_type=product&#038;p=10429"},"modified":"2025-12-02T01:11:59","modified_gmt":"2025-12-02T01:11:59","slug":"ch440-dust-seal-ring-for-jaw-crusher-442-7102-01","status":"publish","type":"product","link":"https:\/\/miningspareparts.com\/es\/producto\/ch440-dust-seal-ring-for-jaw-crusher-442-7102-01\/","title":{"rendered":"CH440 Anillo de sello de polvo para trituradora de mand\u00edbula 442.7102-01"},"content":{"rendered":"<p>MiningSpares ofrece un servicio integral para casi todas las piezas de repuesto y de desgaste, entre las que se incluyen principalmente: CH440 Dust Seal Ring<\/p>\n<p>Bastidor principal, anillo de ajuste, ensamblaje del cabezal, taz\u00f3n, engranaje de transmisi\u00f3n, ensamblaje del contrapeso, eje, Pitman, buje de bronce, bomba, cilindro de liberaci\u00f3n del amortiguador, buje de protecci\u00f3n, cojinete, sellos, resorte, cu\u00f1a, placa basculante, etc.<\/p>\n<table width=\"738\">\n<tbody>\n<tr>\n<td width=\"43\">No.<\/td>\n<td width=\"280\">Nombre<\/td>\n<td width=\"168\">Modelo<\/td>\n<td width=\"148\">C\u00f3digo del art\u00edculo<\/td>\n<td width=\"99\">pesos\/kg<\/td>\n<\/tr>\n<tr>\n<td>1<\/td>\n<td>Anillo c\u00f3ncavo<\/td>\n<td>CH440\/H4800<\/td>\n<td>442.8417<\/td>\n<td>840<\/td>\n<\/tr>\n<tr>\n<td>2<\/td>\n<td>C\u00f3ncavo CE<\/td>\n<td>\u00a0CH440\/H4800<\/td>\n<td>452.3027<\/td>\n<td>780<\/td>\n<\/tr>\n<tr>\n<td>3<\/td>\n<td>Manto<\/td>\n<td>CH440\/H4800<\/td>\n<td>442.7225<\/td>\n<td>704<\/td>\n<\/tr>\n<tr>\n<td>4<\/td>\n<td>Manto B<\/td>\n<td>\u00a0CH440\/H4800<\/td>\n<td>442.723<\/td>\n<td>618<\/td>\n<\/tr>\n<tr>\n<td>5<\/td>\n<td>Anillo c\u00f3ncavo MF<\/td>\n<td>CH440\/H4800<\/td>\n<td>442.8418<\/td>\n<td>814<\/td>\n<\/tr>\n<tr>\n<td>6<\/td>\n<td>Anillo c\u00f3ncavo M<\/td>\n<td>CH440\/H4800<\/td>\n<td>442.8419<\/td>\n<td>856<\/td>\n<\/tr>\n<tr>\n<td>7<\/td>\n<td>Manto<\/td>\n<td>CH440\/H4800<\/td>\n<td>442.9073<\/td>\n<td>752<\/td>\n<\/tr>\n<tr>\n<td>8<\/td>\n<td>Anillo de relleno<\/td>\n<td>CH440<\/td>\n<td>442.7484<\/td>\n<td>476<\/td>\n<\/tr>\n<tr>\n<td>9<\/td>\n<td>Eje principal<\/td>\n<td>\u00a0CH440<\/td>\n<td>442.7100-01<\/td>\n<td>1267<\/td>\n<\/tr>\n<tr>\n<td>10<\/td>\n<td>Anillo de sellado contra el polvo<\/td>\n<td>\u00a0CH440\/H4800<\/td>\n<td>442.7102-01<\/td>\n<td>13<\/td>\n<\/tr>\n<tr>\n<td>11<\/td>\n<td>Calza<\/td>\n<td>\u00a0CH440<\/td>\n<td>442.7252-01<\/td>\n<td>0.01<\/td>\n<\/tr>\n<tr>\n<td>12<\/td>\n<td>Calza<\/td>\n<td>\u00a0CH440<\/td>\n<td>442.7252-02<\/td>\n<td>0.04<\/td>\n<\/tr>\n<tr>\n<td>13<\/td>\n<td>Calza<\/td>\n<td>\u00a0CH440<\/td>\n<td>442.7252-03<\/td>\n<td>0.07<\/td>\n<\/tr>\n<tr>\n<td>14<\/td>\n<td>Carcasa del contraeje<\/td>\n<td>CH440<\/td>\n<td>442.7506-01<\/td>\n<td>127<\/td>\n<\/tr>\n<tr>\n<td>15<\/td>\n<td>C\u00f3ncavo<\/td>\n<td>CH440<\/td>\n<td>442.8417-02<\/td>\n<td>840<\/td>\n<\/tr>\n<tr>\n<td>16<\/td>\n<td>TORNILLO M6S 30\u00d7380 8.8<\/td>\n<td>\u00a0CH440<\/td>\n<td>442.8687-01<\/td>\n<td>2.21<\/td>\n<\/tr>\n<tr>\n<td>17<\/td>\n<td>Manto<\/td>\n<td>CH440<\/td>\n<td>442.9073-02<\/td>\n<td>735<\/td>\n<\/tr>\n<tr>\n<td>18<\/td>\n<td>Pist\u00f3n<\/td>\n<td>\u00a0CH440<\/td>\n<td>442.9672-00<\/td>\n<td>0<\/td>\n<\/tr>\n<tr>\n<td>19<\/td>\n<td>Conjunto del eje principal<\/td>\n<td>\u00a0CH440\/H4000<\/td>\n<td>442.7259-901<\/td>\n<td>3000<\/td>\n<\/tr>\n<tr>\n<td>20<\/td>\n<td>Casco inferior<\/td>\n<td>CH440<\/td>\n<td>452.0230-901<\/td>\n<td>4030<\/td>\n<\/tr>\n<\/tbody>\n<\/table>\n<p>MiningSpares dispone de todas las piezas de repuesto y de desgaste para los siguientes modelos<\/p>\n<h4>En el almac\u00e9n de piezas de recambio de MiningSpares encontrar\u00e1 todo tipo de accesorios, \u00a1y tambi\u00e9n ofrecemos la posibilidad de personalizarlos!<\/h4>\n<p><img fetchpriority=\"high\" decoding=\"async\" class=\"alignnone wp-image-7517\" src=\"https:\/\/miningspareparts.com\/wp-content\/uploads\/2024\/04\/wearplus-Accessories-Warehouse.webp\" alt=\"\" width=\"1956\" height=\"1468\" srcset=\"https:\/\/miningspareparts.com\/wp-content\/uploads\/2024\/04\/wearplus-Accessories-Warehouse.webp 1393w, https:\/\/miningspareparts.com\/wp-content\/uploads\/2024\/04\/wearplus-Accessories-Warehouse-300x225.webp 300w, https:\/\/miningspareparts.com\/wp-content\/uploads\/2024\/04\/wearplus-Accessories-Warehouse-1024x768.webp 1024w, https:\/\/miningspareparts.com\/wp-content\/uploads\/2024\/04\/wearplus-Accessories-Warehouse-768x576.webp 768w, https:\/\/miningspareparts.com\/wp-content\/uploads\/2024\/04\/wearplus-Accessories-Warehouse-16x12.webp 16w, https:\/\/miningspareparts.com\/wp-content\/uploads\/2024\/04\/wearplus-Accessories-Warehouse-600x450.webp 600w\" sizes=\"(max-width: 1956px) 100vw, 1956px\" \/><\/p>\n<p><img decoding=\"async\" class=\"alignnone wp-image-7518 size-full\" src=\"https:\/\/miningspareparts.com\/wp-content\/uploads\/2024\/04\/wearplus-copper-details.webp\" alt=\"wearplus copper details\" width=\"2279\" height=\"1304\" srcset=\"https:\/\/miningspareparts.com\/wp-content\/uploads\/2024\/04\/wearplus-copper-details.webp 2279w, https:\/\/miningspareparts.com\/wp-content\/uploads\/2024\/04\/wearplus-copper-details-300x172.webp 300w, https:\/\/miningspareparts.com\/wp-content\/uploads\/2024\/04\/wearplus-copper-details-1024x586.webp 1024w, https:\/\/miningspareparts.com\/wp-content\/uploads\/2024\/04\/wearplus-copper-details-768x439.webp 768w, https:\/\/miningspareparts.com\/wp-content\/uploads\/2024\/04\/wearplus-copper-details-1536x879.webp 1536w, https:\/\/miningspareparts.com\/wp-content\/uploads\/2024\/04\/wearplus-copper-details-2048x1172.webp 2048w, https:\/\/miningspareparts.com\/wp-content\/uploads\/2024\/04\/wearplus-copper-details-18x10.webp 18w, https:\/\/miningspareparts.com\/wp-content\/uploads\/2024\/04\/wearplus-copper-details-600x343.webp 600w\" sizes=\"(max-width: 2279px) 100vw, 2279px\" \/><\/p>\n<h4 data-immersive-translate-walked=\"2052f309-f134-4ed5-b706-91776e39a7da\"><span data-immersive-translate-walked=\"2052f309-f134-4ed5-b706-91776e39a7da\"><b data-immersive-translate-walked=\"2052f309-f134-4ed5-b706-91776e39a7da\" data-immersive-translate-paragraph=\"1\">Caracter\u00edsticas principales<\/b><\/span><\/h4>\n<div data-immersive-translate-walked=\"2052f309-f134-4ed5-b706-91776e39a7da\">\n<div data-immersive-translate-walked=\"2052f309-f134-4ed5-b706-91776e39a7da\">\n<div data-immersive-translate-walked=\"2052f309-f134-4ed5-b706-91776e39a7da\">\n<div data-immersive-translate-walked=\"2052f309-f134-4ed5-b706-91776e39a7da\"><span data-immersive-translate-walked=\"2052f309-f134-4ed5-b706-91776e39a7da\">1.20 a\u00f1os de experiencia, alta resistencia al desgaste, larga vida \u00fatil.<br data-immersive-translate-walked=\"2052f309-f134-4ed5-b706-91776e39a7da\" \/>2.Capacidad de producci\u00f3n: 30000 toneladas al a\u00f1o.<br data-immersive-translate-walked=\"2052f309-f134-4ed5-b706-91776e39a7da\" \/>3.Certificado por el sistema de certificaci\u00f3n ISO.<br data-immersive-translate-walked=\"2052f309-f134-4ed5-b706-91776e39a7da\" \/>4. Gran cantidad de stock para el cliente con precio competitivo.<br data-immersive-translate-walked=\"2052f309-f134-4ed5-b706-91776e39a7da\" \/>5. 5. Servicio OEM disponible.<\/span><\/div>\n<\/div>\n<\/div>\n<\/div>","protected":false},"excerpt":{"rendered":"<p>Anillo de sellado contra el polvo<\/p>\n<p>Fundiciones de bronce con alto contenido en plomo para trituradoras de cono<\/p>\n<p>Material\uff1a<\/p>\n<p>Modelo\uff1aCH440 Peso(kg):13kgs C\u00f3digo de art\u00edculo:442.7102-01<\/p>\n<p>Nuestra empresa se encarga de las piezas de bronce personalizadas de las trituradoras.<\/p>","protected":false},"featured_media":11301,"template":"","meta":{"_uag_custom_page_level_css":"","site-sidebar-layout":"default","site-content-layout":"","ast-site-content-layout":"default","site-content-style":"default","site-sidebar-style":"default","ast-global-header-display":"","ast-banner-title-visibility":"","ast-main-header-display":"","ast-hfb-above-header-display":"","ast-hfb-below-header-display":"","ast-hfb-mobile-header-display":"","site-post-title":"","ast-breadcrumbs-content":"","ast-featured-img":"","footer-sml-layout":"","ast-disable-related-posts":"","theme-transparent-header-meta":"default","adv-header-id-meta":"","stick-header-meta":"default","header-above-stick-meta":"","header-main-stick-meta":"","header-below-stick-meta":"","astra-migrate-meta-layouts":"set","ast-page-background-enabled":"default","ast-page-background-meta":{"desktop":{"background-color":"var(--ast-global-color-4)","background-image":"","background-repeat":"repeat","background-position":"center center","background-size":"auto","background-attachment":"scroll","background-type":"","background-media":"","overlay-type":"","overlay-color":"","overlay-opacity":"","overlay-gradient":""},"tablet":{"background-color":"","background-image":"","background-repeat":"repeat","background-position":"center center","background-size":"auto","background-attachment":"scroll","background-type":"","background-media":"","overlay-type":"","overlay-color":"","overlay-opacity":"","overlay-gradient":""},"mobile":{"background-color":"","background-image":"","background-repeat":"repeat","background-position":"center center","background-size":"auto","background-attachment":"scroll","background-type":"","background-media":"","overlay-type":"","overlay-color":"","overlay-opacity":"","overlay-gradient":""}},"ast-content-background-meta":{"desktop":{"background-color":"var(--ast-global-color-5)","background-image":"","background-repeat":"repeat","background-position":"center center","background-size":"auto","background-attachment":"scroll","background-type":"","background-media":"","overlay-type":"","overlay-color":"","overlay-opacity":"","overlay-gradient":""},"tablet":{"background-color":"var(--ast-global-color-5)","background-image":"","background-repeat":"repeat","background-position":"center center","background-size":"auto","background-attachment":"scroll","background-type":"","background-media":"","overlay-type":"","overlay-color":"","overlay-opacity":"","overlay-gradient":""},"mobile":{"background-color":"var(--ast-global-color-5)","background-image":"","background-repeat":"repeat","background-position":"center center","background-size":"auto","background-attachment":"scroll","background-type":"","background-media":"","overlay-type":"","overlay-color":"","overlay-opacity":"","overlay-gradient":""}}},"product_brand":[],"product_cat":[284,46,57,226,87],"product_tag":[],"class_list":{"0":"post-10429","1":"product","2":"type-product","3":"status-publish","4":"has-post-thumbnail","6":"product_cat-by-brands","7":"product_cat-sandvik","8":"product_cat-crusher-spares","9":"product_cat-other-parts","10":"product_cat-engineering-parts","11":"desktop-align-left","12":"tablet-align-left","13":"mobile-align-left","14":"ast-product-gallery-layout-horizontal-slider","15":"ast-product-gallery-with-no-image","16":"ast-product-tabs-layout-horizontal","18":"first","19":"instock","20":"shipping-taxable","21":"product-type-simple"},"yoast_head":"<!-- This site is optimized with the Yoast SEO plugin v27.4 - https:\/\/yoast.com\/product\/yoast-seo-wordpress\/ -->\n<title>CH440 Dust Seal Ring For Jaw Crusher 442.7102-01<\/title>\n<meta name=\"description\" content=\"CH440 Dust Seal Ring For Jaw Crusher 442.7102-01,durable quality and best price,aftermarket, inventory, ready in stock, durable , fast delivery\" \/>\n<meta name=\"robots\" content=\"index, follow, max-snippet:-1, max-image-preview:large, max-video-preview:-1\" \/>\n<link rel=\"canonical\" href=\"https:\/\/miningspareparts.com\/es\/producto\/ch440-dust-seal-ring-for-jaw-crusher-442-7102-01\/\" \/>\n<meta property=\"og:locale\" content=\"es_MX\" \/>\n<meta property=\"og:type\" content=\"article\" \/>\n<meta property=\"og:title\" content=\"CH440 Dust Seal Ring For Jaw Crusher 442.7102-01\" \/>\n<meta property=\"og:description\" content=\"CH440 Dust Seal Ring For Jaw Crusher 442.7102-01,durable quality and best price,aftermarket, inventory, ready in stock, durable , fast delivery\" \/>\n<meta property=\"og:url\" content=\"https:\/\/miningspareparts.com\/es\/producto\/ch440-dust-seal-ring-for-jaw-crusher-442-7102-01\/\" \/>\n<meta property=\"og:site_name\" content=\"Crusher parts, Slurry Pump Parts, Excavator shovel parts\" \/>\n<meta property=\"article:modified_time\" content=\"2025-12-02T01:11:59+00:00\" \/>\n<meta property=\"og:image\" content=\"https:\/\/miningspareparts.com\/wp-content\/uploads\/2024\/08\/CH440-Dust-Seal-Ring-For-Jaw-Crusher-442.7102-01.webp\" \/>\n\t<meta property=\"og:image:width\" content=\"800\" \/>\n\t<meta property=\"og:image:height\" content=\"800\" \/>\n\t<meta property=\"og:image:type\" content=\"image\/webp\" \/>\n<meta name=\"twitter:card\" content=\"summary_large_image\" \/>\n<meta name=\"twitter:label1\" content=\"Tiempo de lectura\" \/>\n\t<meta name=\"twitter:data1\" content=\"2 minutos\" \/>\n<script type=\"application\/ld+json\" class=\"yoast-schema-graph\">{\"@context\":\"https:\\\/\\\/schema.org\",\"@graph\":[{\"@type\":\"WebPage\",\"@id\":\"https:\\\/\\\/miningspareparts.com\\\/product\\\/ch440-dust-seal-ring-for-jaw-crusher-442-7102-01\\\/\",\"url\":\"https:\\\/\\\/miningspareparts.com\\\/product\\\/ch440-dust-seal-ring-for-jaw-crusher-442-7102-01\\\/\",\"name\":\"CH440 Dust Seal Ring For Jaw Crusher 442.7102-01\",\"isPartOf\":{\"@id\":\"https:\\\/\\\/miningspareparts.com\\\/#website\"},\"primaryImageOfPage\":{\"@id\":\"https:\\\/\\\/miningspareparts.com\\\/product\\\/ch440-dust-seal-ring-for-jaw-crusher-442-7102-01\\\/#primaryimage\"},\"image\":{\"@id\":\"https:\\\/\\\/miningspareparts.com\\\/product\\\/ch440-dust-seal-ring-for-jaw-crusher-442-7102-01\\\/#primaryimage\"},\"thumbnailUrl\":\"https:\\\/\\\/miningspareparts.com\\\/wp-content\\\/uploads\\\/2024\\\/08\\\/CH440-Dust-Seal-Ring-For-Jaw-Crusher-442.7102-01.webp\",\"datePublished\":\"2024-08-15T05:27:21+00:00\",\"dateModified\":\"2025-12-02T01:11:59+00:00\",\"description\":\"CH440 Dust Seal Ring For Jaw Crusher 442.7102-01,durable quality and best price,aftermarket, inventory, ready in stock, durable , fast delivery\",\"breadcrumb\":{\"@id\":\"https:\\\/\\\/miningspareparts.com\\\/product\\\/ch440-dust-seal-ring-for-jaw-crusher-442-7102-01\\\/#breadcrumb\"},\"inLanguage\":\"es\",\"potentialAction\":[{\"@type\":\"ReadAction\",\"target\":[\"https:\\\/\\\/miningspareparts.com\\\/product\\\/ch440-dust-seal-ring-for-jaw-crusher-442-7102-01\\\/\"]}]},{\"@type\":\"ImageObject\",\"inLanguage\":\"es\",\"@id\":\"https:\\\/\\\/miningspareparts.com\\\/product\\\/ch440-dust-seal-ring-for-jaw-crusher-442-7102-01\\\/#primaryimage\",\"url\":\"https:\\\/\\\/miningspareparts.com\\\/wp-content\\\/uploads\\\/2024\\\/08\\\/CH440-Dust-Seal-Ring-For-Jaw-Crusher-442.7102-01.webp\",\"contentUrl\":\"https:\\\/\\\/miningspareparts.com\\\/wp-content\\\/uploads\\\/2024\\\/08\\\/CH440-Dust-Seal-Ring-For-Jaw-Crusher-442.7102-01.webp\",\"width\":800,\"height\":800,\"caption\":\"CH440 Dust Seal Ring For Jaw Crusher 442.7102-01\"},{\"@type\":\"BreadcrumbList\",\"@id\":\"https:\\\/\\\/miningspareparts.com\\\/product\\\/ch440-dust-seal-ring-for-jaw-crusher-442-7102-01\\\/#breadcrumb\",\"itemListElement\":[{\"@type\":\"ListItem\",\"position\":1,\"name\":\"Home\",\"item\":\"https:\\\/\\\/miningspareparts.com\\\/\"},{\"@type\":\"ListItem\",\"position\":2,\"name\":\"Premium Mining Wear And Spare Parts\",\"item\":\"https:\\\/\\\/miningspareparts.com\\\/shop\\\/\"},{\"@type\":\"ListItem\",\"position\":3,\"name\":\"CH440 Dust Seal Ring For Jaw Crusher 442.7102-01\"}]},{\"@type\":\"WebSite\",\"@id\":\"https:\\\/\\\/miningspareparts.com\\\/#website\",\"url\":\"https:\\\/\\\/miningspareparts.com\\\/\",\"name\":\"Crusher parts , Concrete Mixer Parts, Slurry Pump Parts, Mining Spares\",\"description\":\"Mining Wear &amp; Spare Parts Supplier\",\"publisher\":{\"@id\":\"https:\\\/\\\/miningspareparts.com\\\/#organization\"},\"potentialAction\":[{\"@type\":\"SearchAction\",\"target\":{\"@type\":\"EntryPoint\",\"urlTemplate\":\"https:\\\/\\\/miningspareparts.com\\\/?s={search_term_string}\"},\"query-input\":{\"@type\":\"PropertyValueSpecification\",\"valueRequired\":true,\"valueName\":\"search_term_string\"}}],\"inLanguage\":\"es\"},{\"@type\":\"Organization\",\"@id\":\"https:\\\/\\\/miningspareparts.com\\\/#organization\",\"name\":\"Crusher parts , Concrete Mixer Parts, Slurry Pump Parts, Mining Spares\",\"url\":\"https:\\\/\\\/miningspareparts.com\\\/\",\"logo\":{\"@type\":\"ImageObject\",\"inLanguage\":\"es\",\"@id\":\"https:\\\/\\\/miningspareparts.com\\\/#\\\/schema\\\/logo\\\/image\\\/\",\"url\":\"https:\\\/\\\/miningspareparts.com\\\/wp-content\\\/uploads\\\/2025\\\/04\\\/cropped-cropped-logo\u6b63\u65b9\u5f62.png\",\"contentUrl\":\"https:\\\/\\\/miningspareparts.com\\\/wp-content\\\/uploads\\\/2025\\\/04\\\/cropped-cropped-logo\u6b63\u65b9\u5f62.png\",\"width\":511,\"height\":171,\"caption\":\"Crusher parts , Concrete Mixer Parts, Slurry Pump Parts, Mining Spares\"},\"image\":{\"@id\":\"https:\\\/\\\/miningspareparts.com\\\/#\\\/schema\\\/logo\\\/image\\\/\"}}]}<\/script>\n<!-- \/ Yoast SEO plugin. -->","yoast_head_json":{"title":"CH440 Dust Seal Ring For Jaw Crusher 442.7102-01","description":"CH440 Dust Seal Ring For Jaw Crusher 442.7102-01,durable quality and best price,aftermarket, inventory, ready in stock, durable , fast delivery","robots":{"index":"index","follow":"follow","max-snippet":"max-snippet:-1","max-image-preview":"max-image-preview:large","max-video-preview":"max-video-preview:-1"},"canonical":"https:\/\/miningspareparts.com\/es\/producto\/ch440-dust-seal-ring-for-jaw-crusher-442-7102-01\/","og_locale":"es_MX","og_type":"article","og_title":"CH440 Dust Seal Ring For Jaw Crusher 442.7102-01","og_description":"CH440 Dust Seal Ring For Jaw Crusher 442.7102-01,durable quality and best price,aftermarket, inventory, ready in stock, durable , fast delivery","og_url":"https:\/\/miningspareparts.com\/es\/producto\/ch440-dust-seal-ring-for-jaw-crusher-442-7102-01\/","og_site_name":"Crusher parts, Slurry Pump Parts, Excavator shovel parts","article_modified_time":"2025-12-02T01:11:59+00:00","og_image":[{"width":800,"height":800,"url":"https:\/\/miningspareparts.com\/wp-content\/uploads\/2024\/08\/CH440-Dust-Seal-Ring-For-Jaw-Crusher-442.7102-01.webp","type":"image\/webp"}],"twitter_card":"summary_large_image","twitter_misc":{"Tiempo de lectura":"2 minutos"},"schema":{"@context":"https:\/\/schema.org","@graph":[{"@type":"WebPage","@id":"https:\/\/miningspareparts.com\/product\/ch440-dust-seal-ring-for-jaw-crusher-442-7102-01\/","url":"https:\/\/miningspareparts.com\/product\/ch440-dust-seal-ring-for-jaw-crusher-442-7102-01\/","name":"CH440 Dust Seal Ring For Jaw Crusher 442.7102-01","isPartOf":{"@id":"https:\/\/miningspareparts.com\/#website"},"primaryImageOfPage":{"@id":"https:\/\/miningspareparts.com\/product\/ch440-dust-seal-ring-for-jaw-crusher-442-7102-01\/#primaryimage"},"image":{"@id":"https:\/\/miningspareparts.com\/product\/ch440-dust-seal-ring-for-jaw-crusher-442-7102-01\/#primaryimage"},"thumbnailUrl":"https:\/\/miningspareparts.com\/wp-content\/uploads\/2024\/08\/CH440-Dust-Seal-Ring-For-Jaw-Crusher-442.7102-01.webp","datePublished":"2024-08-15T05:27:21+00:00","dateModified":"2025-12-02T01:11:59+00:00","description":"CH440 Dust Seal Ring For Jaw Crusher 442.7102-01,durable quality and best price,aftermarket, inventory, ready in stock, durable , fast delivery","breadcrumb":{"@id":"https:\/\/miningspareparts.com\/product\/ch440-dust-seal-ring-for-jaw-crusher-442-7102-01\/#breadcrumb"},"inLanguage":"es","potentialAction":[{"@type":"ReadAction","target":["https:\/\/miningspareparts.com\/product\/ch440-dust-seal-ring-for-jaw-crusher-442-7102-01\/"]}]},{"@type":"ImageObject","inLanguage":"es","@id":"https:\/\/miningspareparts.com\/product\/ch440-dust-seal-ring-for-jaw-crusher-442-7102-01\/#primaryimage","url":"https:\/\/miningspareparts.com\/wp-content\/uploads\/2024\/08\/CH440-Dust-Seal-Ring-For-Jaw-Crusher-442.7102-01.webp","contentUrl":"https:\/\/miningspareparts.com\/wp-content\/uploads\/2024\/08\/CH440-Dust-Seal-Ring-For-Jaw-Crusher-442.7102-01.webp","width":800,"height":800,"caption":"CH440 Dust Seal Ring For Jaw Crusher 442.7102-01"},{"@type":"BreadcrumbList","@id":"https:\/\/miningspareparts.com\/product\/ch440-dust-seal-ring-for-jaw-crusher-442-7102-01\/#breadcrumb","itemListElement":[{"@type":"ListItem","position":1,"name":"Home","item":"https:\/\/miningspareparts.com\/"},{"@type":"ListItem","position":2,"name":"Premium Mining Wear And Spare Parts","item":"https:\/\/miningspareparts.com\/shop\/"},{"@type":"ListItem","position":3,"name":"CH440 Dust Seal Ring For Jaw Crusher 442.7102-01"}]},{"@type":"WebSite","@id":"https:\/\/miningspareparts.com\/#website","url":"https:\/\/miningspareparts.com\/","name":"Crusher parts , Concrete Mixer Parts, Slurry Pump Parts, Mining Spares","description":"Mining Wear &amp; Spare Parts Supplier","publisher":{"@id":"https:\/\/miningspareparts.com\/#organization"},"potentialAction":[{"@type":"SearchAction","target":{"@type":"EntryPoint","urlTemplate":"https:\/\/miningspareparts.com\/?s={search_term_string}"},"query-input":{"@type":"PropertyValueSpecification","valueRequired":true,"valueName":"search_term_string"}}],"inLanguage":"es"},{"@type":"Organization","@id":"https:\/\/miningspareparts.com\/#organization","name":"Crusher parts , Concrete Mixer Parts, Slurry Pump Parts, Mining Spares","url":"https:\/\/miningspareparts.com\/","logo":{"@type":"ImageObject","inLanguage":"es","@id":"https:\/\/miningspareparts.com\/#\/schema\/logo\/image\/","url":"https:\/\/miningspareparts.com\/wp-content\/uploads\/2025\/04\/cropped-cropped-logo\u6b63\u65b9\u5f62.png","contentUrl":"https:\/\/miningspareparts.com\/wp-content\/uploads\/2025\/04\/cropped-cropped-logo\u6b63\u65b9\u5f62.png","width":511,"height":171,"caption":"Crusher parts , Concrete Mixer Parts, Slurry Pump Parts, Mining Spares"},"image":{"@id":"https:\/\/miningspareparts.com\/#\/schema\/logo\/image\/"}}]}},"uagb_featured_image_src":{"full":["https:\/\/miningspareparts.com\/wp-content\/uploads\/2024\/08\/CH440-Dust-Seal-Ring-For-Jaw-Crusher-442.7102-01.webp",800,800,false],"thumbnail":["https:\/\/miningspareparts.com\/wp-content\/uploads\/2024\/08\/CH440-Dust-Seal-Ring-For-Jaw-Crusher-442.7102-01-150x150.webp",150,150,true],"medium":["https:\/\/miningspareparts.com\/wp-content\/uploads\/2024\/08\/CH440-Dust-Seal-Ring-For-Jaw-Crusher-442.7102-01-300x300.webp",300,300,true],"medium_large":["https:\/\/miningspareparts.com\/wp-content\/uploads\/2024\/08\/CH440-Dust-Seal-Ring-For-Jaw-Crusher-442.7102-01-768x768.webp",768,768,true],"large":["https:\/\/miningspareparts.com\/wp-content\/uploads\/2024\/08\/CH440-Dust-Seal-Ring-For-Jaw-Crusher-442.7102-01.webp",800,800,false],"1536x1536":["https:\/\/miningspareparts.com\/wp-content\/uploads\/2024\/08\/CH440-Dust-Seal-Ring-For-Jaw-Crusher-442.7102-01.webp",800,800,false],"2048x2048":["https:\/\/miningspareparts.com\/wp-content\/uploads\/2024\/08\/CH440-Dust-Seal-Ring-For-Jaw-Crusher-442.7102-01.webp",800,800,false],"trp-custom-language-flag":["https:\/\/miningspareparts.com\/wp-content\/uploads\/2024\/08\/CH440-Dust-Seal-Ring-For-Jaw-Crusher-442.7102-01-12x12.webp",12,12,true],"woocommerce_thumbnail":["https:\/\/miningspareparts.com\/wp-content\/uploads\/2024\/08\/CH440-Dust-Seal-Ring-For-Jaw-Crusher-442.7102-01-300x300.webp",300,300,true],"woocommerce_single":["https:\/\/miningspareparts.com\/wp-content\/uploads\/2024\/08\/CH440-Dust-Seal-Ring-For-Jaw-Crusher-442.7102-01-600x600.webp",600,600,true],"woocommerce_gallery_thumbnail":["https:\/\/miningspareparts.com\/wp-content\/uploads\/2024\/08\/CH440-Dust-Seal-Ring-For-Jaw-Crusher-442.7102-01-100x100.webp",100,100,true]},"uagb_author_info":{"display_name":"Miningspareparts","author_link":"https:\/\/miningspareparts.com\/es\/author\/"},"uagb_comment_info":0,"uagb_excerpt":"Dust Seal Ring High leaded bronze castings for cone crushers Material\uff1a Model\uff1aCH440\u00a0 \u00a0Weights(kg):13kgs\u00a0 Item code:442.7102-01 Our company undertakes the customized bronze parts of crushers.","_links":{"self":[{"href":"https:\/\/miningspareparts.com\/es\/wp-json\/wp\/v2\/product\/10429","targetHints":{"allow":["GET"]}}],"collection":[{"href":"https:\/\/miningspareparts.com\/es\/wp-json\/wp\/v2\/product"}],"about":[{"href":"https:\/\/miningspareparts.com\/es\/wp-json\/wp\/v2\/types\/product"}],"wp:featuredmedia":[{"embeddable":true,"href":"https:\/\/miningspareparts.com\/es\/wp-json\/wp\/v2\/media\/11301"}],"wp:attachment":[{"href":"https:\/\/miningspareparts.com\/es\/wp-json\/wp\/v2\/media?parent=10429"}],"wp:term":[{"taxonomy":"product_brand","embeddable":true,"href":"https:\/\/miningspareparts.com\/es\/wp-json\/wp\/v2\/product_brand?post=10429"},{"taxonomy":"product_cat","embeddable":true,"href":"https:\/\/miningspareparts.com\/es\/wp-json\/wp\/v2\/product_cat?post=10429"},{"taxonomy":"product_tag","embeddable":true,"href":"https:\/\/miningspareparts.com\/es\/wp-json\/wp\/v2\/product_tag?post=10429"}],"curies":[{"name":"wp","href":"https:\/\/api.w.org\/{rel}","templated":true}]}}