{"id":10430,"date":"2024-08-16T05:27:02","date_gmt":"2024-08-16T05:27:02","guid":{"rendered":"https:\/\/miningspareparts.com\/?post_type=product&#038;p=10430"},"modified":"2025-12-02T01:09:49","modified_gmt":"2025-12-02T01:09:49","slug":"ch440-head-nut-for-jaw-crusher-442-7105-01","status":"publish","type":"product","link":"https:\/\/miningspareparts.com\/es\/producto\/ch440-head-nut-for-jaw-crusher-442-7105-01\/","title":{"rendered":"CH440 Tuerca de cabeza para trituradora de mand\u00edbulas 442.7105-01"},"content":{"rendered":"<p><strong>MiningSpares tiene larga comprensi\u00f3n y cobertura Las trituradoras de mand\u00edbula coinciden \uff0c.<\/strong><strong>He aqu\u00ed una descripci\u00f3n de la tuerca de cabeza CH440.<\/strong><\/p>\n<p style=\"font-weight: 400;\">El anillo de corte, tambi\u00e9n conocido como anillo de quemado, se encuentra entre el manto c\u00f3nico y la tuerca de bloqueo, est\u00e1 fabricado en acero al carbono y su funci\u00f3n es bloquear el manto al conjunto del eje. El anillo ardiente es f\u00e1cil de cortar para perder el manto cuando hace el reemplazo los trazadores de l\u00edneas as\u00ed que tambi\u00e9n se llama como anillo del corte. Casteel mantiene diferentes stocks para los modelos de trituradoras Metso, Sanvik, Symons, Shanbao, Terex y Telsmith.<\/p>\n<p>Las placas de tolva CJ411 de MiningSpares se fabrican mediante avanzados procesos de fundici\u00f3n. Durante el proceso de fabricaci\u00f3n, controlamos estrictamente la selecci\u00f3n de materiales y el flujo del proceso para garantizar la excelencia en la calidad y el rendimiento del producto. Utilizamos materiales de acero aleado de alta calidad combinados con una avanzada tecnolog\u00eda de fundici\u00f3n para garantizar que nuestros productos tengan una excelente resistencia al desgaste y a los impactos. Adem\u00e1s, nuestro proceso de fabricaci\u00f3n incluye procesos de mecanizado de precisi\u00f3n y tratamiento t\u00e9rmico para mejorar a\u00fan m\u00e1s la resistencia y la durabilidad.<\/p>\n<table width=\"639\">\n<tbody>\n<tr>\n<td width=\"43\">No.<\/td>\n<td width=\"181\">Nombre<\/td>\n<td width=\"168\">Modelo<\/td>\n<td width=\"148\">C\u00f3digo del art\u00edculo<\/td>\n<td width=\"99\">pesos\/kg<\/td>\n<\/tr>\n<tr>\n<td>1<\/td>\n<td>Sello Presse<\/td>\n<td>CH440\/H4800<\/td>\n<td>442.7169R3<\/td>\n<td>12<\/td>\n<\/tr>\n<tr>\n<td>2<\/td>\n<td>Casquillo de ara\u00f1a<\/td>\n<td>CH440\/H4800<\/td>\n<td>BG00237121<\/td>\n<td>68<\/td>\n<\/tr>\n<tr>\n<td>3<\/td>\n<td>Juego de rodamientos para pelda\u00f1os<\/td>\n<td>CH440\/H4800<\/td>\n<td>BG00259470<\/td>\n<td>75<\/td>\n<\/tr>\n<tr>\n<td>4<\/td>\n<td>Conjunto del eje principal<\/td>\n<td>CH440\/H4800<\/td>\n<td>BG00296337<\/td>\n<td>3000<\/td>\n<\/tr>\n<tr>\n<td>5<\/td>\n<td>Conjunto del eje principal<\/td>\n<td>CH440\/H4800<\/td>\n<td>BG00566233<\/td>\n<td>3500<\/td>\n<\/tr>\n<tr>\n<td>6<\/td>\n<td>Manguera hidr\u00e1ulica<\/td>\n<td>CH440\/H4800<\/td>\n<td>442.1901-00<\/td>\n<td>3<\/td>\n<\/tr>\n<tr>\n<td>7<\/td>\n<td>Conjunto de la bomba de lubricaci\u00f3n<\/td>\n<td>CH440\/H4800<\/td>\n<td>442.5663-90<\/td>\n<td>0<\/td>\n<\/tr>\n<tr>\n<td>8<\/td>\n<td>Par de engranajes de transmisi\u00f3n<\/td>\n<td>CH440\/H4800<\/td>\n<td>442.7093-00<\/td>\n<td>127<\/td>\n<\/tr>\n<tr>\n<td>9<\/td>\n<td>Pi\u00f1\u00f3n<\/td>\n<td>CH440\/H4800<\/td>\n<td>442.7093-02<\/td>\n<td>15<\/td>\n<\/tr>\n<tr>\n<td>10<\/td>\n<td>Tuerca de cabeza con anillo quemado<\/td>\n<td>CH440\/H4800<\/td>\n<td>442.7105-00<\/td>\n<td>54<\/td>\n<\/tr>\n<tr>\n<td>11<\/td>\n<td>Placa de desgaste exc\u00e9ntrica<\/td>\n<td>CH440\/H4800<\/td>\n<td>442.7107-01<\/td>\n<td>23<\/td>\n<\/tr>\n<tr>\n<td>12<\/td>\n<td>Placa de desgaste exc\u00e9ntrica<\/td>\n<td>CH440\/H4800<\/td>\n<td>442.7107.01<\/td>\n<td>22<\/td>\n<\/tr>\n<tr>\n<td>13<\/td>\n<td>Anillo de estanqueidad<\/td>\n<td>CH440\/H4800<\/td>\n<td>442.7108-01<\/td>\n<td>1.8<\/td>\n<\/tr>\n<tr>\n<td>14<\/td>\n<td>Barra de localizaci\u00f3n<\/td>\n<td>CH440\/H4800<\/td>\n<td>442.7110-01<\/td>\n<td>3<\/td>\n<\/tr>\n<tr>\n<td>15<\/td>\n<td>Anillo Buring<\/td>\n<td>CH440\/H4800<\/td>\n<td>442.7115-01<\/td>\n<td>3.4<\/td>\n<\/tr>\n<tr>\n<td>16<\/td>\n<td>Manguito del eje principal<\/td>\n<td>CH440\/H4800<\/td>\n<td>442.7117-01<\/td>\n<td>39<\/td>\n<\/tr>\n<tr>\n<td>17<\/td>\n<td>Escal\u00f3n del eje principal<\/td>\n<td>CH440\/H4800<\/td>\n<td>442.7120-01<\/td>\n<td>24<\/td>\n<\/tr>\n<tr>\n<td>18<\/td>\n<td>Escal\u00f3n del eje principal<\/td>\n<td>CH440\/H4800<\/td>\n<td>442.7120.01<\/td>\n<td>24<\/td>\n<\/tr>\n<tr>\n<td>19<\/td>\n<td>Lavaparabrisas<\/td>\n<td>CH440\/H4800<\/td>\n<td>442.7121-01<\/td>\n<td>26<\/td>\n<\/tr>\n<tr>\n<td>20<\/td>\n<td>Placa de desgaste del pist\u00f3n<\/td>\n<td>CH440\/H4800<\/td>\n<td>442.7122-01<\/td>\n<td>26<\/td>\n<\/tr>\n<\/tbody>\n<\/table>","protected":false},"excerpt":{"rendered":"<p><strong>Nombres de los art\u00edculos:<\/strong>Tuerca de cabeza con anillo quemado<\/p>\n<p><strong>Modelo:<\/strong> CH440 \u00a0 \u00a0<strong>Pesos:<\/strong> 54 kg\u00a0 \u00a0 \u00a0 <strong>C\u00f3digo del art\u00edculo:<\/strong> 442.7105-01<\/p>\n<p><strong>Material de fundici\u00f3n:<\/strong><\/p>\n<p><strong>Material aplicable:<\/strong> Grava, Granito, Basalto, Mineral, Caliza, Arenisca, Quatz, Adoqu\u00edn<\/p>\n<p><strong>Aplicaciones:<\/strong> Miner\u00eda, canteras, construcci\u00f3n, cemento y materiales, reciclaje<\/p>","protected":false},"featured_media":11299,"template":"","meta":{"_uag_custom_page_level_css":"","site-sidebar-layout":"default","site-content-layout":"","ast-site-content-layout":"default","site-content-style":"default","site-sidebar-style":"default","ast-global-header-display":"","ast-banner-title-visibility":"","ast-main-header-display":"","ast-hfb-above-header-display":"","ast-hfb-below-header-display":"","ast-hfb-mobile-header-display":"","site-post-title":"","ast-breadcrumbs-content":"","ast-featured-img":"","footer-sml-layout":"","ast-disable-related-posts":"","theme-transparent-header-meta":"default","adv-header-id-meta":"","stick-header-meta":"default","header-above-stick-meta":"","header-main-stick-meta":"","header-below-stick-meta":"","astra-migrate-meta-layouts":"set","ast-page-background-enabled":"default","ast-page-background-meta":{"desktop":{"background-color":"var(--ast-global-color-4)","background-image":"","background-repeat":"repeat","background-position":"center center","background-size":"auto","background-attachment":"scroll","background-type":"","background-media":"","overlay-type":"","overlay-color":"","overlay-opacity":"","overlay-gradient":""},"tablet":{"background-color":"","background-image":"","background-repeat":"repeat","background-position":"center center","background-size":"auto","background-attachment":"scroll","background-type":"","background-media":"","overlay-type":"","overlay-color":"","overlay-opacity":"","overlay-gradient":""},"mobile":{"background-color":"","background-image":"","background-repeat":"repeat","background-position":"center center","background-size":"auto","background-attachment":"scroll","background-type":"","background-media":"","overlay-type":"","overlay-color":"","overlay-opacity":"","overlay-gradient":""}},"ast-content-background-meta":{"desktop":{"background-color":"var(--ast-global-color-5)","background-image":"","background-repeat":"repeat","background-position":"center center","background-size":"auto","background-attachment":"scroll","background-type":"","background-media":"","overlay-type":"","overlay-color":"","overlay-opacity":"","overlay-gradient":""},"tablet":{"background-color":"var(--ast-global-color-5)","background-image":"","background-repeat":"repeat","background-position":"center center","background-size":"auto","background-attachment":"scroll","background-type":"","background-media":"","overlay-type":"","overlay-color":"","overlay-opacity":"","overlay-gradient":""},"mobile":{"background-color":"var(--ast-global-color-5)","background-image":"","background-repeat":"repeat","background-position":"center center","background-size":"auto","background-attachment":"scroll","background-type":"","background-media":"","overlay-type":"","overlay-color":"","overlay-opacity":"","overlay-gradient":""}}},"product_brand":[],"product_cat":[284,57,87,184],"product_tag":[],"class_list":{"0":"post-10430","1":"product","2":"type-product","3":"status-publish","4":"has-post-thumbnail","6":"product_cat-by-brands","7":"product_cat-crusher-spares","8":"product_cat-engineering-parts","9":"product_cat-sandvick","10":"desktop-align-left","11":"tablet-align-left","12":"mobile-align-left","13":"ast-product-gallery-layout-horizontal-slider","14":"ast-product-gallery-with-no-image","15":"ast-product-tabs-layout-horizontal","17":"first","18":"instock","19":"shipping-taxable","20":"product-type-simple"},"yoast_head":"<!-- This site is optimized with the Yoast SEO plugin v27.4 - https:\/\/yoast.com\/product\/yoast-seo-wordpress\/ -->\n<title>CH440 Head Nut For Jaw Crusher 442.7105-01- Crusher parts, Slurry Pump Parts, Excavator shovel parts<\/title>\n<meta name=\"description\" content=\"CH440 Head Nut For Jaw Crusher 442.7105-01,durable quality and best price,aftermarket, inventory, ready in stock, durable , fast delivery\" \/>\n<meta name=\"robots\" content=\"index, follow, max-snippet:-1, max-image-preview:large, max-video-preview:-1\" \/>\n<link rel=\"canonical\" href=\"https:\/\/miningspareparts.com\/es\/producto\/ch440-head-nut-for-jaw-crusher-442-7105-01\/\" \/>\n<meta property=\"og:locale\" content=\"es_MX\" \/>\n<meta property=\"og:type\" content=\"article\" \/>\n<meta property=\"og:title\" content=\"CH440 Head Nut For Jaw Crusher 442.7105-01- Crusher parts, Slurry Pump Parts, Excavator shovel parts\" \/>\n<meta property=\"og:description\" content=\"CH440 Head Nut For Jaw Crusher 442.7105-01,durable quality and best price,aftermarket, inventory, ready in stock, durable , fast delivery\" \/>\n<meta property=\"og:url\" content=\"https:\/\/miningspareparts.com\/es\/producto\/ch440-head-nut-for-jaw-crusher-442-7105-01\/\" \/>\n<meta property=\"og:site_name\" content=\"Crusher parts, Slurry Pump Parts, Excavator shovel parts\" \/>\n<meta property=\"article:modified_time\" content=\"2025-12-02T01:09:49+00:00\" \/>\n<meta property=\"og:image\" content=\"https:\/\/miningspareparts.com\/wp-content\/uploads\/2024\/08\/CH440-Head-Nut-For-Jaw-Crusher-442.7105-01.webp\" \/>\n\t<meta property=\"og:image:width\" content=\"800\" \/>\n\t<meta property=\"og:image:height\" content=\"800\" \/>\n\t<meta property=\"og:image:type\" content=\"image\/webp\" \/>\n<meta name=\"twitter:card\" content=\"summary_large_image\" \/>\n<meta name=\"twitter:label1\" content=\"Tiempo de lectura\" \/>\n\t<meta name=\"twitter:data1\" content=\"2 minutos\" \/>\n<script type=\"application\/ld+json\" class=\"yoast-schema-graph\">{\"@context\":\"https:\\\/\\\/schema.org\",\"@graph\":[{\"@type\":\"WebPage\",\"@id\":\"https:\\\/\\\/miningspareparts.com\\\/product\\\/ch440-head-nut-for-jaw-crusher-442-7105-01\\\/\",\"url\":\"https:\\\/\\\/miningspareparts.com\\\/product\\\/ch440-head-nut-for-jaw-crusher-442-7105-01\\\/\",\"name\":\"CH440 Head Nut For Jaw Crusher 442.7105-01- Crusher parts, Slurry Pump Parts, Excavator shovel parts\",\"isPartOf\":{\"@id\":\"https:\\\/\\\/miningspareparts.com\\\/#website\"},\"primaryImageOfPage\":{\"@id\":\"https:\\\/\\\/miningspareparts.com\\\/product\\\/ch440-head-nut-for-jaw-crusher-442-7105-01\\\/#primaryimage\"},\"image\":{\"@id\":\"https:\\\/\\\/miningspareparts.com\\\/product\\\/ch440-head-nut-for-jaw-crusher-442-7105-01\\\/#primaryimage\"},\"thumbnailUrl\":\"https:\\\/\\\/miningspareparts.com\\\/wp-content\\\/uploads\\\/2024\\\/08\\\/CH440-Head-Nut-For-Jaw-Crusher-442.7105-01.webp\",\"datePublished\":\"2024-08-16T05:27:02+00:00\",\"dateModified\":\"2025-12-02T01:09:49+00:00\",\"description\":\"CH440 Head Nut For Jaw Crusher 442.7105-01,durable quality and best price,aftermarket, inventory, ready in stock, durable , fast delivery\",\"breadcrumb\":{\"@id\":\"https:\\\/\\\/miningspareparts.com\\\/product\\\/ch440-head-nut-for-jaw-crusher-442-7105-01\\\/#breadcrumb\"},\"inLanguage\":\"es\",\"potentialAction\":[{\"@type\":\"ReadAction\",\"target\":[\"https:\\\/\\\/miningspareparts.com\\\/product\\\/ch440-head-nut-for-jaw-crusher-442-7105-01\\\/\"]}]},{\"@type\":\"ImageObject\",\"inLanguage\":\"es\",\"@id\":\"https:\\\/\\\/miningspareparts.com\\\/product\\\/ch440-head-nut-for-jaw-crusher-442-7105-01\\\/#primaryimage\",\"url\":\"https:\\\/\\\/miningspareparts.com\\\/wp-content\\\/uploads\\\/2024\\\/08\\\/CH440-Head-Nut-For-Jaw-Crusher-442.7105-01.webp\",\"contentUrl\":\"https:\\\/\\\/miningspareparts.com\\\/wp-content\\\/uploads\\\/2024\\\/08\\\/CH440-Head-Nut-For-Jaw-Crusher-442.7105-01.webp\",\"width\":800,\"height\":800,\"caption\":\"CH440 Head Nut For Jaw Crusher 442.7105-01\"},{\"@type\":\"BreadcrumbList\",\"@id\":\"https:\\\/\\\/miningspareparts.com\\\/product\\\/ch440-head-nut-for-jaw-crusher-442-7105-01\\\/#breadcrumb\",\"itemListElement\":[{\"@type\":\"ListItem\",\"position\":1,\"name\":\"Home\",\"item\":\"https:\\\/\\\/miningspareparts.com\\\/\"},{\"@type\":\"ListItem\",\"position\":2,\"name\":\"Premium Mining Wear And Spare Parts\",\"item\":\"https:\\\/\\\/miningspareparts.com\\\/shop\\\/\"},{\"@type\":\"ListItem\",\"position\":3,\"name\":\"CH440 Head Nut For Jaw Crusher 442.7105-01\"}]},{\"@type\":\"WebSite\",\"@id\":\"https:\\\/\\\/miningspareparts.com\\\/#website\",\"url\":\"https:\\\/\\\/miningspareparts.com\\\/\",\"name\":\"Crusher parts , Concrete Mixer Parts, Slurry Pump Parts, Mining Spares\",\"description\":\"Mining Wear &amp; Spare Parts Supplier\",\"publisher\":{\"@id\":\"https:\\\/\\\/miningspareparts.com\\\/#organization\"},\"potentialAction\":[{\"@type\":\"SearchAction\",\"target\":{\"@type\":\"EntryPoint\",\"urlTemplate\":\"https:\\\/\\\/miningspareparts.com\\\/?s={search_term_string}\"},\"query-input\":{\"@type\":\"PropertyValueSpecification\",\"valueRequired\":true,\"valueName\":\"search_term_string\"}}],\"inLanguage\":\"es\"},{\"@type\":\"Organization\",\"@id\":\"https:\\\/\\\/miningspareparts.com\\\/#organization\",\"name\":\"Crusher parts , Concrete Mixer Parts, Slurry Pump Parts, Mining Spares\",\"url\":\"https:\\\/\\\/miningspareparts.com\\\/\",\"logo\":{\"@type\":\"ImageObject\",\"inLanguage\":\"es\",\"@id\":\"https:\\\/\\\/miningspareparts.com\\\/#\\\/schema\\\/logo\\\/image\\\/\",\"url\":\"https:\\\/\\\/miningspareparts.com\\\/wp-content\\\/uploads\\\/2025\\\/04\\\/cropped-cropped-logo\u6b63\u65b9\u5f62.png\",\"contentUrl\":\"https:\\\/\\\/miningspareparts.com\\\/wp-content\\\/uploads\\\/2025\\\/04\\\/cropped-cropped-logo\u6b63\u65b9\u5f62.png\",\"width\":511,\"height\":171,\"caption\":\"Crusher parts , Concrete Mixer Parts, Slurry Pump Parts, Mining Spares\"},\"image\":{\"@id\":\"https:\\\/\\\/miningspareparts.com\\\/#\\\/schema\\\/logo\\\/image\\\/\"}}]}<\/script>\n<!-- \/ Yoast SEO plugin. -->","yoast_head_json":{"title":"CH440 Head Nut For Jaw Crusher 442.7105-01- Crusher parts, Slurry Pump Parts, Excavator shovel parts","description":"CH440 Head Nut For Jaw Crusher 442.7105-01,durable quality and best price,aftermarket, inventory, ready in stock, durable , fast delivery","robots":{"index":"index","follow":"follow","max-snippet":"max-snippet:-1","max-image-preview":"max-image-preview:large","max-video-preview":"max-video-preview:-1"},"canonical":"https:\/\/miningspareparts.com\/es\/producto\/ch440-head-nut-for-jaw-crusher-442-7105-01\/","og_locale":"es_MX","og_type":"article","og_title":"CH440 Head Nut For Jaw Crusher 442.7105-01- Crusher parts, Slurry Pump Parts, Excavator shovel parts","og_description":"CH440 Head Nut For Jaw Crusher 442.7105-01,durable quality and best price,aftermarket, inventory, ready in stock, durable , fast delivery","og_url":"https:\/\/miningspareparts.com\/es\/producto\/ch440-head-nut-for-jaw-crusher-442-7105-01\/","og_site_name":"Crusher parts, Slurry Pump Parts, Excavator shovel parts","article_modified_time":"2025-12-02T01:09:49+00:00","og_image":[{"width":800,"height":800,"url":"https:\/\/miningspareparts.com\/wp-content\/uploads\/2024\/08\/CH440-Head-Nut-For-Jaw-Crusher-442.7105-01.webp","type":"image\/webp"}],"twitter_card":"summary_large_image","twitter_misc":{"Tiempo de lectura":"2 minutos"},"schema":{"@context":"https:\/\/schema.org","@graph":[{"@type":"WebPage","@id":"https:\/\/miningspareparts.com\/product\/ch440-head-nut-for-jaw-crusher-442-7105-01\/","url":"https:\/\/miningspareparts.com\/product\/ch440-head-nut-for-jaw-crusher-442-7105-01\/","name":"CH440 Head Nut For Jaw Crusher 442.7105-01- Crusher parts, Slurry Pump Parts, Excavator shovel parts","isPartOf":{"@id":"https:\/\/miningspareparts.com\/#website"},"primaryImageOfPage":{"@id":"https:\/\/miningspareparts.com\/product\/ch440-head-nut-for-jaw-crusher-442-7105-01\/#primaryimage"},"image":{"@id":"https:\/\/miningspareparts.com\/product\/ch440-head-nut-for-jaw-crusher-442-7105-01\/#primaryimage"},"thumbnailUrl":"https:\/\/miningspareparts.com\/wp-content\/uploads\/2024\/08\/CH440-Head-Nut-For-Jaw-Crusher-442.7105-01.webp","datePublished":"2024-08-16T05:27:02+00:00","dateModified":"2025-12-02T01:09:49+00:00","description":"CH440 Head Nut For Jaw Crusher 442.7105-01,durable quality and best price,aftermarket, inventory, ready in stock, durable , fast delivery","breadcrumb":{"@id":"https:\/\/miningspareparts.com\/product\/ch440-head-nut-for-jaw-crusher-442-7105-01\/#breadcrumb"},"inLanguage":"es","potentialAction":[{"@type":"ReadAction","target":["https:\/\/miningspareparts.com\/product\/ch440-head-nut-for-jaw-crusher-442-7105-01\/"]}]},{"@type":"ImageObject","inLanguage":"es","@id":"https:\/\/miningspareparts.com\/product\/ch440-head-nut-for-jaw-crusher-442-7105-01\/#primaryimage","url":"https:\/\/miningspareparts.com\/wp-content\/uploads\/2024\/08\/CH440-Head-Nut-For-Jaw-Crusher-442.7105-01.webp","contentUrl":"https:\/\/miningspareparts.com\/wp-content\/uploads\/2024\/08\/CH440-Head-Nut-For-Jaw-Crusher-442.7105-01.webp","width":800,"height":800,"caption":"CH440 Head Nut For Jaw Crusher 442.7105-01"},{"@type":"BreadcrumbList","@id":"https:\/\/miningspareparts.com\/product\/ch440-head-nut-for-jaw-crusher-442-7105-01\/#breadcrumb","itemListElement":[{"@type":"ListItem","position":1,"name":"Home","item":"https:\/\/miningspareparts.com\/"},{"@type":"ListItem","position":2,"name":"Premium Mining Wear And Spare Parts","item":"https:\/\/miningspareparts.com\/shop\/"},{"@type":"ListItem","position":3,"name":"CH440 Head Nut For Jaw Crusher 442.7105-01"}]},{"@type":"WebSite","@id":"https:\/\/miningspareparts.com\/#website","url":"https:\/\/miningspareparts.com\/","name":"Crusher parts , Concrete Mixer Parts, Slurry Pump Parts, Mining Spares","description":"Mining Wear &amp; Spare Parts Supplier","publisher":{"@id":"https:\/\/miningspareparts.com\/#organization"},"potentialAction":[{"@type":"SearchAction","target":{"@type":"EntryPoint","urlTemplate":"https:\/\/miningspareparts.com\/?s={search_term_string}"},"query-input":{"@type":"PropertyValueSpecification","valueRequired":true,"valueName":"search_term_string"}}],"inLanguage":"es"},{"@type":"Organization","@id":"https:\/\/miningspareparts.com\/#organization","name":"Crusher parts , Concrete Mixer Parts, Slurry Pump Parts, Mining Spares","url":"https:\/\/miningspareparts.com\/","logo":{"@type":"ImageObject","inLanguage":"es","@id":"https:\/\/miningspareparts.com\/#\/schema\/logo\/image\/","url":"https:\/\/miningspareparts.com\/wp-content\/uploads\/2025\/04\/cropped-cropped-logo\u6b63\u65b9\u5f62.png","contentUrl":"https:\/\/miningspareparts.com\/wp-content\/uploads\/2025\/04\/cropped-cropped-logo\u6b63\u65b9\u5f62.png","width":511,"height":171,"caption":"Crusher parts , Concrete Mixer Parts, Slurry Pump Parts, Mining Spares"},"image":{"@id":"https:\/\/miningspareparts.com\/#\/schema\/logo\/image\/"}}]}},"uagb_featured_image_src":{"full":["https:\/\/miningspareparts.com\/wp-content\/uploads\/2024\/08\/CH440-Head-Nut-For-Jaw-Crusher-442.7105-01.webp",800,800,false],"thumbnail":["https:\/\/miningspareparts.com\/wp-content\/uploads\/2024\/08\/CH440-Head-Nut-For-Jaw-Crusher-442.7105-01-150x150.webp",150,150,true],"medium":["https:\/\/miningspareparts.com\/wp-content\/uploads\/2024\/08\/CH440-Head-Nut-For-Jaw-Crusher-442.7105-01-300x300.webp",300,300,true],"medium_large":["https:\/\/miningspareparts.com\/wp-content\/uploads\/2024\/08\/CH440-Head-Nut-For-Jaw-Crusher-442.7105-01-768x768.webp",768,768,true],"large":["https:\/\/miningspareparts.com\/wp-content\/uploads\/2024\/08\/CH440-Head-Nut-For-Jaw-Crusher-442.7105-01.webp",800,800,false],"1536x1536":["https:\/\/miningspareparts.com\/wp-content\/uploads\/2024\/08\/CH440-Head-Nut-For-Jaw-Crusher-442.7105-01.webp",800,800,false],"2048x2048":["https:\/\/miningspareparts.com\/wp-content\/uploads\/2024\/08\/CH440-Head-Nut-For-Jaw-Crusher-442.7105-01.webp",800,800,false],"trp-custom-language-flag":["https:\/\/miningspareparts.com\/wp-content\/uploads\/2024\/08\/CH440-Head-Nut-For-Jaw-Crusher-442.7105-01-12x12.webp",12,12,true],"woocommerce_thumbnail":["https:\/\/miningspareparts.com\/wp-content\/uploads\/2024\/08\/CH440-Head-Nut-For-Jaw-Crusher-442.7105-01-300x300.webp",300,300,true],"woocommerce_single":["https:\/\/miningspareparts.com\/wp-content\/uploads\/2024\/08\/CH440-Head-Nut-For-Jaw-Crusher-442.7105-01-600x600.webp",600,600,true],"woocommerce_gallery_thumbnail":["https:\/\/miningspareparts.com\/wp-content\/uploads\/2024\/08\/CH440-Head-Nut-For-Jaw-Crusher-442.7105-01-100x100.webp",100,100,true]},"uagb_author_info":{"display_name":"Miningspareparts","author_link":"https:\/\/miningspareparts.com\/es\/author\/"},"uagb_comment_info":0,"uagb_excerpt":"Item Names:Head Nut W\/Burn Ring Model: CH440 \u00a0 \u00a0Weights: 54kg\u00a0 \u00a0 \u00a0 Item code: 442.7105-01 Casting Material: Applicable Material: Gravel, Granite, Basalt, Ore, Limestone, Sandstone ,Quatz,Cobblestone Applications: Mining , Quarry, Construction ,Cement and Materials ,Recycling","_links":{"self":[{"href":"https:\/\/miningspareparts.com\/es\/wp-json\/wp\/v2\/product\/10430","targetHints":{"allow":["GET"]}}],"collection":[{"href":"https:\/\/miningspareparts.com\/es\/wp-json\/wp\/v2\/product"}],"about":[{"href":"https:\/\/miningspareparts.com\/es\/wp-json\/wp\/v2\/types\/product"}],"wp:featuredmedia":[{"embeddable":true,"href":"https:\/\/miningspareparts.com\/es\/wp-json\/wp\/v2\/media\/11299"}],"wp:attachment":[{"href":"https:\/\/miningspareparts.com\/es\/wp-json\/wp\/v2\/media?parent=10430"}],"wp:term":[{"taxonomy":"product_brand","embeddable":true,"href":"https:\/\/miningspareparts.com\/es\/wp-json\/wp\/v2\/product_brand?post=10430"},{"taxonomy":"product_cat","embeddable":true,"href":"https:\/\/miningspareparts.com\/es\/wp-json\/wp\/v2\/product_cat?post=10430"},{"taxonomy":"product_tag","embeddable":true,"href":"https:\/\/miningspareparts.com\/es\/wp-json\/wp\/v2\/product_tag?post=10430"}],"curies":[{"name":"wp","href":"https:\/\/api.w.org\/{rel}","templated":true}]}}