{"id":11059,"date":"2025-10-31T05:45:24","date_gmt":"2025-10-31T05:45:24","guid":{"rendered":"https:\/\/miningspareparts.com\/?post_type=product&#038;p=11059"},"modified":"2026-02-02T01:55:30","modified_gmt":"2026-02-02T01:55:30","slug":"2080656706-gyratory-crusher","status":"publish","type":"product","link":"https:\/\/miningspareparts.com\/es\/producto\/2080656706-gyratory-crusher\/","title":{"rendered":"Insertos de desgaste sustituibles 2080656706 para trituradora giratoria KB63-89S"},"content":{"rendered":"<ul class=\"auto-hide-last-sibling-br\">\n<li>\n<div class=\"auto-hide-last-sibling-br paragraph-pP9ZLC paragraph-element br-paragraph-space\">Insertos de desgaste reemplazables 2080656706 para la trituradora giratoria KB63-89S. Utiliza material de aleaci\u00f3n de alta resistencia y avanzado proceso de fundici\u00f3n. Cuenta con una excelente resistencia a la corrosi\u00f3n y resistencia al desgaste.<\/div>\n<div class=\"auto-hide-last-sibling-br paragraph-pP9ZLC paragraph-element br-paragraph-space\">Este buje 2080656706 se adhiere estrictamente a las dimensiones del equipo original. Se adapta perfectamente a la trituradora giratoria KB63-89. Minimiza la dificultad y el tiempo de instalaci\u00f3n.<\/div>\n<div class=\"auto-hide-last-sibling-br paragraph-pP9ZLC paragraph-element br-paragraph-space\">En los duros entornos de trituraci\u00f3n de la miner\u00eda, Bushing 2080656706 funciona de forma fiable. Reduce eficazmente la fricci\u00f3n entre los componentes giratorios. Evita que los equipos se atasquen y prolonga su vida \u00fatil.<\/div>\n<div class=\"auto-hide-last-sibling-br paragraph-pP9ZLC paragraph-element br-paragraph-space\">Tanto si se trata de recambios como de piezas de repuesto, Bushing 2080656706 ofrece un rendimiento constante. Mantiene la estabilidad de toda la l\u00ednea de trituraci\u00f3n. Es una opci\u00f3n ideal para el mantenimiento de la trituradora giratoria KB63-89.<\/div>\n<\/li>\n<\/ul>","protected":false},"excerpt":{"rendered":"<div class=\"auto-hide-last-sibling-br paragraph-pP9ZLC paragraph-element br-paragraph-space\">\n<p>&nbsp;<\/p>\n<ul class=\"auto-hide-last-sibling-br\">\n<li>N\u00famero de pieza:  Inserto de desgaste 2080656706<\/li>\n<li>Peso de la pieza: 385,4 kg<\/li>\n<li>Nombre del producto: Buje 2080656706 para KB63-89 Trituradora Giratoria - Pieza de repuesto de alta resistencia<\/li>\n<li>Equipo aplicable: Trituradora giratoria KB63-89s<\/li>\n<li>Ventaja principal: Fundici\u00f3n de precisi\u00f3n, ajuste herm\u00e9tico, resistente a la corrosi\u00f3n, larga vida \u00fatil<\/li>\n<li>Funci\u00f3n principal: Reduce la fricci\u00f3n entre las piezas giratorias, garantiza un funcionamiento estable del equipo.<\/li>\n<\/ul>\n<\/div>","protected":false},"featured_media":11077,"template":"","meta":{"_uag_custom_page_level_css":"","site-sidebar-layout":"default","site-content-layout":"","ast-site-content-layout":"default","site-content-style":"default","site-sidebar-style":"default","ast-global-header-display":"","ast-banner-title-visibility":"","ast-main-header-display":"","ast-hfb-above-header-display":"","ast-hfb-below-header-display":"","ast-hfb-mobile-header-display":"","site-post-title":"","ast-breadcrumbs-content":"","ast-featured-img":"","footer-sml-layout":"","ast-disable-related-posts":"","theme-transparent-header-meta":"default","adv-header-id-meta":"","stick-header-meta":"default","header-above-stick-meta":"","header-main-stick-meta":"","header-below-stick-meta":"","astra-migrate-meta-layouts":"set","ast-page-background-enabled":"default","ast-page-background-meta":{"desktop":{"background-color":"var(--ast-global-color-4)","background-image":"","background-repeat":"repeat","background-position":"center center","background-size":"auto","background-attachment":"scroll","background-type":"","background-media":"","overlay-type":"","overlay-color":"","overlay-opacity":"","overlay-gradient":""},"tablet":{"background-color":"","background-image":"","background-repeat":"repeat","background-position":"center center","background-size":"auto","background-attachment":"scroll","background-type":"","background-media":"","overlay-type":"","overlay-color":"","overlay-opacity":"","overlay-gradient":""},"mobile":{"background-color":"","background-image":"","background-repeat":"repeat","background-position":"center center","background-size":"auto","background-attachment":"scroll","background-type":"","background-media":"","overlay-type":"","overlay-color":"","overlay-opacity":"","overlay-gradient":""}},"ast-content-background-meta":{"desktop":{"background-color":"var(--ast-global-color-5)","background-image":"","background-repeat":"repeat","background-position":"center center","background-size":"auto","background-attachment":"scroll","background-type":"","background-media":"","overlay-type":"","overlay-color":"","overlay-opacity":"","overlay-gradient":""},"tablet":{"background-color":"var(--ast-global-color-5)","background-image":"","background-repeat":"repeat","background-position":"center center","background-size":"auto","background-attachment":"scroll","background-type":"","background-media":"","overlay-type":"","overlay-color":"","overlay-opacity":"","overlay-gradient":""},"mobile":{"background-color":"var(--ast-global-color-5)","background-image":"","background-repeat":"repeat","background-position":"center center","background-size":"auto","background-attachment":"scroll","background-type":"","background-media":"","overlay-type":"","overlay-color":"","overlay-opacity":"","overlay-gradient":""}}},"product_brand":[],"product_cat":[409,100,53,57,222,87],"product_tag":[],"class_list":{"0":"post-11059","1":"product","2":"type-product","3":"status-publish","4":"has-post-thumbnail","6":"product_cat-thyssenkrupp","7":"product_cat-crusher-liner","8":"product_cat-gyratory-liner","9":"product_cat-crusher-spares","10":"product_cat-bronze-parts","11":"product_cat-engineering-parts","12":"desktop-align-left","13":"tablet-align-left","14":"mobile-align-left","15":"ast-product-gallery-layout-horizontal-slider","16":"ast-product-tabs-layout-horizontal","18":"first","19":"instock","20":"shipping-taxable","21":"product-type-simple"},"yoast_head":"<!-- This site is optimized with the Yoast SEO plugin v27.4 - https:\/\/yoast.com\/product\/yoast-seo-wordpress\/ -->\n<title>Replaceable Wear Inserts 2080656706 for KB63-89S Gyratory CrusherReplaceable Wear Inserts 2080656706 for KB63-89S Gyratory Crusher - Crusher parts, Slurry Pump Parts, Excavator shovel parts<\/title>\n<meta name=\"description\" content=\"Replaceable Wear Inserts 2080656706 for KB63-89S Gyratory Crusher Precision fit, wear-resistant, reduces friction, ensures stable operation. In stock.\" \/>\n<meta name=\"robots\" content=\"index, follow, max-snippet:-1, max-image-preview:large, max-video-preview:-1\" \/>\n<link rel=\"canonical\" href=\"https:\/\/miningspareparts.com\/es\/producto\/2080656706-gyratory-crusher\/\" \/>\n<meta property=\"og:locale\" content=\"es_MX\" \/>\n<meta property=\"og:type\" content=\"article\" \/>\n<meta property=\"og:title\" content=\"Replaceable Wear Inserts 2080656706 for KB63-89S Gyratory CrusherReplaceable Wear Inserts 2080656706 for KB63-89S Gyratory Crusher - Crusher parts, Slurry Pump Parts, Excavator shovel parts\" \/>\n<meta property=\"og:description\" content=\"Replaceable Wear Inserts 2080656706 for KB63-89S Gyratory Crusher Precision fit, wear-resistant, reduces friction, ensures stable operation. In stock.\" \/>\n<meta property=\"og:url\" content=\"https:\/\/miningspareparts.com\/es\/producto\/2080656706-gyratory-crusher\/\" \/>\n<meta property=\"og:site_name\" content=\"Crusher parts, Slurry Pump Parts, Excavator shovel parts\" \/>\n<meta property=\"article:modified_time\" content=\"2026-02-02T01:55:30+00:00\" \/>\n<meta property=\"og:image\" content=\"https:\/\/miningspareparts.com\/wp-content\/uploads\/2025\/10\/36.webp\" \/>\n\t<meta property=\"og:image:width\" content=\"800\" \/>\n\t<meta property=\"og:image:height\" content=\"800\" \/>\n\t<meta property=\"og:image:type\" content=\"image\/webp\" \/>\n<meta name=\"twitter:card\" content=\"summary_large_image\" \/>\n<meta name=\"twitter:label1\" content=\"Tiempo de lectura\" \/>\n\t<meta name=\"twitter:data1\" content=\"1 minuto\" \/>\n<script type=\"application\/ld+json\" class=\"yoast-schema-graph\">{\"@context\":\"https:\\\/\\\/schema.org\",\"@graph\":[{\"@type\":\"WebPage\",\"@id\":\"https:\\\/\\\/miningspareparts.com\\\/product\\\/2080656706-gyratory-crusher\\\/\",\"url\":\"https:\\\/\\\/miningspareparts.com\\\/product\\\/2080656706-gyratory-crusher\\\/\",\"name\":\"Replaceable Wear Inserts 2080656706 for KB63-89S Gyratory CrusherReplaceable Wear Inserts 2080656706 for KB63-89S Gyratory Crusher - Crusher parts, Slurry Pump Parts, Excavator shovel parts\",\"isPartOf\":{\"@id\":\"https:\\\/\\\/miningspareparts.com\\\/#website\"},\"primaryImageOfPage\":{\"@id\":\"https:\\\/\\\/miningspareparts.com\\\/product\\\/2080656706-gyratory-crusher\\\/#primaryimage\"},\"image\":{\"@id\":\"https:\\\/\\\/miningspareparts.com\\\/product\\\/2080656706-gyratory-crusher\\\/#primaryimage\"},\"thumbnailUrl\":\"https:\\\/\\\/miningspareparts.com\\\/wp-content\\\/uploads\\\/2025\\\/10\\\/36.webp\",\"datePublished\":\"2025-10-31T05:45:24+00:00\",\"dateModified\":\"2026-02-02T01:55:30+00:00\",\"description\":\"Replaceable Wear Inserts 2080656706 for KB63-89S Gyratory Crusher Precision fit, wear-resistant, reduces friction, ensures stable operation. In stock.\",\"breadcrumb\":{\"@id\":\"https:\\\/\\\/miningspareparts.com\\\/product\\\/2080656706-gyratory-crusher\\\/#breadcrumb\"},\"inLanguage\":\"es\",\"potentialAction\":[{\"@type\":\"ReadAction\",\"target\":[\"https:\\\/\\\/miningspareparts.com\\\/product\\\/2080656706-gyratory-crusher\\\/\"]}]},{\"@type\":\"ImageObject\",\"inLanguage\":\"es\",\"@id\":\"https:\\\/\\\/miningspareparts.com\\\/product\\\/2080656706-gyratory-crusher\\\/#primaryimage\",\"url\":\"https:\\\/\\\/miningspareparts.com\\\/wp-content\\\/uploads\\\/2025\\\/10\\\/36.webp\",\"contentUrl\":\"https:\\\/\\\/miningspareparts.com\\\/wp-content\\\/uploads\\\/2025\\\/10\\\/36.webp\",\"width\":800,\"height\":800,\"caption\":\"Bushing 2080656706 for KB63-89 Gyratory Crusher - High-Strength Spare Part\"},{\"@type\":\"BreadcrumbList\",\"@id\":\"https:\\\/\\\/miningspareparts.com\\\/product\\\/2080656706-gyratory-crusher\\\/#breadcrumb\",\"itemListElement\":[{\"@type\":\"ListItem\",\"position\":1,\"name\":\"Home\",\"item\":\"https:\\\/\\\/miningspareparts.com\\\/\"},{\"@type\":\"ListItem\",\"position\":2,\"name\":\"Premium Mining Wear And Spare Parts\",\"item\":\"https:\\\/\\\/miningspareparts.com\\\/shop\\\/\"},{\"@type\":\"ListItem\",\"position\":3,\"name\":\"Replaceable Wear Inserts 2080656706 for KB63-89S Gyratory Crusher\"}]},{\"@type\":\"WebSite\",\"@id\":\"https:\\\/\\\/miningspareparts.com\\\/#website\",\"url\":\"https:\\\/\\\/miningspareparts.com\\\/\",\"name\":\"Crusher parts , Concrete Mixer Parts, Slurry Pump Parts, Mining Spares\",\"description\":\"Mining Wear &amp; Spare Parts Supplier\",\"publisher\":{\"@id\":\"https:\\\/\\\/miningspareparts.com\\\/#organization\"},\"potentialAction\":[{\"@type\":\"SearchAction\",\"target\":{\"@type\":\"EntryPoint\",\"urlTemplate\":\"https:\\\/\\\/miningspareparts.com\\\/?s={search_term_string}\"},\"query-input\":{\"@type\":\"PropertyValueSpecification\",\"valueRequired\":true,\"valueName\":\"search_term_string\"}}],\"inLanguage\":\"es\"},{\"@type\":\"Organization\",\"@id\":\"https:\\\/\\\/miningspareparts.com\\\/#organization\",\"name\":\"Crusher parts , Concrete Mixer Parts, Slurry Pump Parts, Mining Spares\",\"url\":\"https:\\\/\\\/miningspareparts.com\\\/\",\"logo\":{\"@type\":\"ImageObject\",\"inLanguage\":\"es\",\"@id\":\"https:\\\/\\\/miningspareparts.com\\\/#\\\/schema\\\/logo\\\/image\\\/\",\"url\":\"https:\\\/\\\/miningspareparts.com\\\/wp-content\\\/uploads\\\/2025\\\/04\\\/cropped-cropped-logo\u6b63\u65b9\u5f62.png\",\"contentUrl\":\"https:\\\/\\\/miningspareparts.com\\\/wp-content\\\/uploads\\\/2025\\\/04\\\/cropped-cropped-logo\u6b63\u65b9\u5f62.png\",\"width\":511,\"height\":171,\"caption\":\"Crusher parts , Concrete Mixer Parts, Slurry Pump Parts, Mining Spares\"},\"image\":{\"@id\":\"https:\\\/\\\/miningspareparts.com\\\/#\\\/schema\\\/logo\\\/image\\\/\"}}]}<\/script>\n<!-- \/ Yoast SEO plugin. -->","yoast_head_json":{"title":"Replaceable Wear Inserts 2080656706 for KB63-89S Gyratory CrusherReplaceable Wear Inserts 2080656706 for KB63-89S Gyratory Crusher - Crusher parts, Slurry Pump Parts, Excavator shovel parts","description":"Replaceable Wear Inserts 2080656706 for KB63-89S Gyratory Crusher Precision fit, wear-resistant, reduces friction, ensures stable operation. In stock.","robots":{"index":"index","follow":"follow","max-snippet":"max-snippet:-1","max-image-preview":"max-image-preview:large","max-video-preview":"max-video-preview:-1"},"canonical":"https:\/\/miningspareparts.com\/es\/producto\/2080656706-gyratory-crusher\/","og_locale":"es_MX","og_type":"article","og_title":"Replaceable Wear Inserts 2080656706 for KB63-89S Gyratory CrusherReplaceable Wear Inserts 2080656706 for KB63-89S Gyratory Crusher - Crusher parts, Slurry Pump Parts, Excavator shovel parts","og_description":"Replaceable Wear Inserts 2080656706 for KB63-89S Gyratory Crusher Precision fit, wear-resistant, reduces friction, ensures stable operation. In stock.","og_url":"https:\/\/miningspareparts.com\/es\/producto\/2080656706-gyratory-crusher\/","og_site_name":"Crusher parts, Slurry Pump Parts, Excavator shovel parts","article_modified_time":"2026-02-02T01:55:30+00:00","og_image":[{"width":800,"height":800,"url":"https:\/\/miningspareparts.com\/wp-content\/uploads\/2025\/10\/36.webp","type":"image\/webp"}],"twitter_card":"summary_large_image","twitter_misc":{"Tiempo de lectura":"1 minuto"},"schema":{"@context":"https:\/\/schema.org","@graph":[{"@type":"WebPage","@id":"https:\/\/miningspareparts.com\/product\/2080656706-gyratory-crusher\/","url":"https:\/\/miningspareparts.com\/product\/2080656706-gyratory-crusher\/","name":"Replaceable Wear Inserts 2080656706 for KB63-89S Gyratory CrusherReplaceable Wear Inserts 2080656706 for KB63-89S Gyratory Crusher - Crusher parts, Slurry Pump Parts, Excavator shovel parts","isPartOf":{"@id":"https:\/\/miningspareparts.com\/#website"},"primaryImageOfPage":{"@id":"https:\/\/miningspareparts.com\/product\/2080656706-gyratory-crusher\/#primaryimage"},"image":{"@id":"https:\/\/miningspareparts.com\/product\/2080656706-gyratory-crusher\/#primaryimage"},"thumbnailUrl":"https:\/\/miningspareparts.com\/wp-content\/uploads\/2025\/10\/36.webp","datePublished":"2025-10-31T05:45:24+00:00","dateModified":"2026-02-02T01:55:30+00:00","description":"Replaceable Wear Inserts 2080656706 for KB63-89S Gyratory Crusher Precision fit, wear-resistant, reduces friction, ensures stable operation. In stock.","breadcrumb":{"@id":"https:\/\/miningspareparts.com\/product\/2080656706-gyratory-crusher\/#breadcrumb"},"inLanguage":"es","potentialAction":[{"@type":"ReadAction","target":["https:\/\/miningspareparts.com\/product\/2080656706-gyratory-crusher\/"]}]},{"@type":"ImageObject","inLanguage":"es","@id":"https:\/\/miningspareparts.com\/product\/2080656706-gyratory-crusher\/#primaryimage","url":"https:\/\/miningspareparts.com\/wp-content\/uploads\/2025\/10\/36.webp","contentUrl":"https:\/\/miningspareparts.com\/wp-content\/uploads\/2025\/10\/36.webp","width":800,"height":800,"caption":"Bushing 2080656706 for KB63-89 Gyratory Crusher - High-Strength Spare Part"},{"@type":"BreadcrumbList","@id":"https:\/\/miningspareparts.com\/product\/2080656706-gyratory-crusher\/#breadcrumb","itemListElement":[{"@type":"ListItem","position":1,"name":"Home","item":"https:\/\/miningspareparts.com\/"},{"@type":"ListItem","position":2,"name":"Premium Mining Wear And Spare Parts","item":"https:\/\/miningspareparts.com\/shop\/"},{"@type":"ListItem","position":3,"name":"Replaceable Wear Inserts 2080656706 for KB63-89S Gyratory Crusher"}]},{"@type":"WebSite","@id":"https:\/\/miningspareparts.com\/#website","url":"https:\/\/miningspareparts.com\/","name":"Crusher parts , Concrete Mixer Parts, Slurry Pump Parts, Mining Spares","description":"Mining Wear &amp; Spare Parts Supplier","publisher":{"@id":"https:\/\/miningspareparts.com\/#organization"},"potentialAction":[{"@type":"SearchAction","target":{"@type":"EntryPoint","urlTemplate":"https:\/\/miningspareparts.com\/?s={search_term_string}"},"query-input":{"@type":"PropertyValueSpecification","valueRequired":true,"valueName":"search_term_string"}}],"inLanguage":"es"},{"@type":"Organization","@id":"https:\/\/miningspareparts.com\/#organization","name":"Crusher parts , Concrete Mixer Parts, Slurry Pump Parts, Mining Spares","url":"https:\/\/miningspareparts.com\/","logo":{"@type":"ImageObject","inLanguage":"es","@id":"https:\/\/miningspareparts.com\/#\/schema\/logo\/image\/","url":"https:\/\/miningspareparts.com\/wp-content\/uploads\/2025\/04\/cropped-cropped-logo\u6b63\u65b9\u5f62.png","contentUrl":"https:\/\/miningspareparts.com\/wp-content\/uploads\/2025\/04\/cropped-cropped-logo\u6b63\u65b9\u5f62.png","width":511,"height":171,"caption":"Crusher parts , Concrete Mixer Parts, Slurry Pump Parts, Mining Spares"},"image":{"@id":"https:\/\/miningspareparts.com\/#\/schema\/logo\/image\/"}}]}},"uagb_featured_image_src":{"full":["https:\/\/miningspareparts.com\/wp-content\/uploads\/2025\/10\/36.webp",800,800,false],"thumbnail":["https:\/\/miningspareparts.com\/wp-content\/uploads\/2025\/10\/36-150x150.webp",150,150,true],"medium":["https:\/\/miningspareparts.com\/wp-content\/uploads\/2025\/10\/36-300x300.webp",300,300,true],"medium_large":["https:\/\/miningspareparts.com\/wp-content\/uploads\/2025\/10\/36-768x768.webp",768,768,true],"large":["https:\/\/miningspareparts.com\/wp-content\/uploads\/2025\/10\/36.webp",800,800,false],"1536x1536":["https:\/\/miningspareparts.com\/wp-content\/uploads\/2025\/10\/36.webp",800,800,false],"2048x2048":["https:\/\/miningspareparts.com\/wp-content\/uploads\/2025\/10\/36.webp",800,800,false],"trp-custom-language-flag":["https:\/\/miningspareparts.com\/wp-content\/uploads\/2025\/10\/36-12x12.webp",12,12,true],"woocommerce_thumbnail":["https:\/\/miningspareparts.com\/wp-content\/uploads\/2025\/10\/36-300x300.webp",300,300,true],"woocommerce_single":["https:\/\/miningspareparts.com\/wp-content\/uploads\/2025\/10\/36-600x600.webp",600,600,true],"woocommerce_gallery_thumbnail":["https:\/\/miningspareparts.com\/wp-content\/uploads\/2025\/10\/36-100x100.webp",100,100,true]},"uagb_author_info":{"display_name":"admin","author_link":"https:\/\/miningspareparts.com\/es\/author\/"},"uagb_comment_info":0,"uagb_excerpt":"&nbsp; Part Number:\u00a0 Wear Insert 2080656706 Part Weight: 385.4kgs Product Name: Bushing 2080656706 for KB63-89 Gyratory Crusher - High-Strength Spare Part Applicable Equipment: KB63-89s Gyratory Crusher Core Advantage: Precision casting, tight fit, corrosion-resistant, long service life Core Function: Reduces friction between rotating parts, ensures stable equipment operation","_links":{"self":[{"href":"https:\/\/miningspareparts.com\/es\/wp-json\/wp\/v2\/product\/11059","targetHints":{"allow":["GET"]}}],"collection":[{"href":"https:\/\/miningspareparts.com\/es\/wp-json\/wp\/v2\/product"}],"about":[{"href":"https:\/\/miningspareparts.com\/es\/wp-json\/wp\/v2\/types\/product"}],"wp:featuredmedia":[{"embeddable":true,"href":"https:\/\/miningspareparts.com\/es\/wp-json\/wp\/v2\/media\/11077"}],"wp:attachment":[{"href":"https:\/\/miningspareparts.com\/es\/wp-json\/wp\/v2\/media?parent=11059"}],"wp:term":[{"taxonomy":"product_brand","embeddable":true,"href":"https:\/\/miningspareparts.com\/es\/wp-json\/wp\/v2\/product_brand?post=11059"},{"taxonomy":"product_cat","embeddable":true,"href":"https:\/\/miningspareparts.com\/es\/wp-json\/wp\/v2\/product_cat?post=11059"},{"taxonomy":"product_tag","embeddable":true,"href":"https:\/\/miningspareparts.com\/es\/wp-json\/wp\/v2\/product_tag?post=11059"}],"curies":[{"name":"wp","href":"https:\/\/api.w.org\/{rel}","templated":true}]}}