{"id":11946,"date":"2025-11-20T07:25:31","date_gmt":"2025-11-20T07:25:31","guid":{"rendered":"https:\/\/miningspareparts.com\/?post_type=product&#038;p=11946"},"modified":"2026-02-02T01:09:23","modified_gmt":"2026-02-02T01:09:23","slug":"gyratory-crusher-2081609731","status":"publish","type":"product","link":"https:\/\/miningspareparts.com\/es\/producto\/gyratory-crusher-2081609731\/","title":{"rendered":"Conjunto de engranaje de transmisi\u00f3n para trituradora giratoria KB63-89S 2081609731"},"content":{"rendered":"<p>El manto 4609955 sirve como pieza de desgaste cr\u00edtica para la trituradora giratoria KB63-89. Coincide perfectamente con las especificaciones originales de f\u00e1brica para el reemplazo directo. Los fabricantes elaboran esta pieza a partir de material de aleaci\u00f3n resistente al desgaste de alta calidad. El tratamiento t\u00e9rmico avanzado mejora su dureza y tenacidad con eficacia. Puede soportar el impacto intenso y la fricci\u00f3n durante los procesos de trituraci\u00f3n de mineral. El producto sigue las estrictas normas dimensionales de la trituradora giratoria KB63-89. Su alto ajuste garantiza una instalaci\u00f3n sin problemas y un funcionamiento fiable. El manto 4609955 prolonga significativamente el tiempo de trabajo continuo del equipo. Reduce el tiempo de inactividad causado por el reemplazo frecuente de piezas. Esta pieza de repuesto se adapta bien a las l\u00edneas de producci\u00f3n de trituraci\u00f3n de miner\u00eda y canteras. Ofrece una excelente compatibilidad y rentabilidad para los usuarios. Cada unidad del manto 4609955 se somete a una estricta inspecci\u00f3n de calidad antes de su entrega. Cumple las normas internacionales del sector en cuanto a rendimiento y durabilidad. Los usuarios pueden confiar en su estabilidad en condiciones de trabajo pesado a largo plazo. Mantle 4609955 se convierte en una opci\u00f3n ideal para el mantenimiento de la trituradora giratoria KB63-89.<\/p>","protected":false},"excerpt":{"rendered":"<ul class=\"auto-hide-last-sibling-br\">\n<li>N\u00famero de pieza: 4609955<\/li>\n<li>Peso de la pieza:<\/li>\n<li>Nombre del producto: Manto 4609955<\/li>\n<li>Equipo compatible: Trituradora giratoria KB63-89<\/li>\n<li>Ventaja principal: aleaci\u00f3n de alta resistencia al desgaste, tolerancia dimensional precisa<\/li>\n<li>Funci\u00f3n principal: Soporta el impacto de la trituraci\u00f3n, garantiza el funcionamiento estable del equipo<\/li>\n<\/ul>","protected":false},"featured_media":11975,"template":"","meta":{"_uag_custom_page_level_css":"","site-sidebar-layout":"default","site-content-layout":"","ast-site-content-layout":"default","site-content-style":"default","site-sidebar-style":"default","ast-global-header-display":"","ast-banner-title-visibility":"","ast-main-header-display":"","ast-hfb-above-header-display":"","ast-hfb-below-header-display":"","ast-hfb-mobile-header-display":"","site-post-title":"","ast-breadcrumbs-content":"","ast-featured-img":"","footer-sml-layout":"","ast-disable-related-posts":"","theme-transparent-header-meta":"default","adv-header-id-meta":"","stick-header-meta":"default","header-above-stick-meta":"","header-main-stick-meta":"","header-below-stick-meta":"","astra-migrate-meta-layouts":"set","ast-page-background-enabled":"default","ast-page-background-meta":{"desktop":{"background-color":"var(--ast-global-color-4)","background-image":"","background-repeat":"repeat","background-position":"center center","background-size":"auto","background-attachment":"scroll","background-type":"","background-media":"","overlay-type":"","overlay-color":"","overlay-opacity":"","overlay-gradient":""},"tablet":{"background-color":"","background-image":"","background-repeat":"repeat","background-position":"center center","background-size":"auto","background-attachment":"scroll","background-type":"","background-media":"","overlay-type":"","overlay-color":"","overlay-opacity":"","overlay-gradient":""},"mobile":{"background-color":"","background-image":"","background-repeat":"repeat","background-position":"center center","background-size":"auto","background-attachment":"scroll","background-type":"","background-media":"","overlay-type":"","overlay-color":"","overlay-opacity":"","overlay-gradient":""}},"ast-content-background-meta":{"desktop":{"background-color":"var(--ast-global-color-5)","background-image":"","background-repeat":"repeat","background-position":"center center","background-size":"auto","background-attachment":"scroll","background-type":"","background-media":"","overlay-type":"","overlay-color":"","overlay-opacity":"","overlay-gradient":""},"tablet":{"background-color":"var(--ast-global-color-5)","background-image":"","background-repeat":"repeat","background-position":"center center","background-size":"auto","background-attachment":"scroll","background-type":"","background-media":"","overlay-type":"","overlay-color":"","overlay-opacity":"","overlay-gradient":""},"mobile":{"background-color":"var(--ast-global-color-5)","background-image":"","background-repeat":"repeat","background-position":"center center","background-size":"auto","background-attachment":"scroll","background-type":"","background-media":"","overlay-type":"","overlay-color":"","overlay-opacity":"","overlay-gradient":""}}},"product_brand":[],"product_cat":[284,409,100,53,57,224,227,223,235,87],"product_tag":[],"class_list":{"0":"post-11946","1":"product","2":"type-product","3":"status-publish","4":"has-post-thumbnail","6":"product_cat-by-brands","7":"product_cat-thyssenkrupp","8":"product_cat-crusher-liner","9":"product_cat-gyratory-liner","10":"product_cat-crusher-spares","11":"product_cat-assembly","12":"product_cat-gear-motor-pumps","13":"product_cat-machining-parts","14":"product_cat-gear-pinon","15":"product_cat-engineering-parts","16":"desktop-align-left","17":"tablet-align-left","18":"mobile-align-left","19":"ast-product-gallery-layout-horizontal-slider","20":"ast-product-tabs-layout-horizontal","22":"first","23":"instock","24":"shipping-taxable","25":"product-type-simple"},"yoast_head":"<!-- This site is optimized with the Yoast SEO plugin v27.4 - https:\/\/yoast.com\/product\/yoast-seo-wordpress\/ -->\n<title>Transmission Gear Assembly for KB63-89S Gyratory Crusher 2081609731 - Crusher parts, Slurry Pump Parts, Excavator shovel parts High-Wear Mantle 4609955 for KB63-89 Gyratory Crusher - Precision Spare Part<\/title>\n<meta name=\"description\" content=\"High-wear spare part for KB63-89 Gyratory Crusher. Precise fit, durable, easy to install\u2014trusted Mantle 4609955 for crushing operations.\" \/>\n<meta name=\"robots\" content=\"index, follow, max-snippet:-1, max-image-preview:large, max-video-preview:-1\" \/>\n<link rel=\"canonical\" href=\"https:\/\/miningspareparts.com\/es\/producto\/gyratory-crusher-2081609731\/\" \/>\n<meta property=\"og:locale\" content=\"es_MX\" \/>\n<meta property=\"og:type\" content=\"article\" \/>\n<meta property=\"og:title\" content=\"Transmission Gear Assembly for KB63-89S Gyratory Crusher 2081609731 - Crusher parts, Slurry Pump Parts, Excavator shovel parts High-Wear Mantle 4609955 for KB63-89 Gyratory Crusher - Precision Spare Part\" \/>\n<meta property=\"og:description\" content=\"High-wear spare part for KB63-89 Gyratory Crusher. Precise fit, durable, easy to install\u2014trusted Mantle 4609955 for crushing operations.\" \/>\n<meta property=\"og:url\" content=\"https:\/\/miningspareparts.com\/es\/producto\/gyratory-crusher-2081609731\/\" \/>\n<meta property=\"og:site_name\" content=\"Crusher parts, Slurry Pump Parts, Excavator shovel parts\" \/>\n<meta property=\"article:modified_time\" content=\"2026-02-02T01:09:23+00:00\" \/>\n<meta property=\"og:image\" content=\"https:\/\/miningspareparts.com\/wp-content\/uploads\/2025\/11\/22-1.png\" \/>\n\t<meta property=\"og:image:width\" content=\"800\" \/>\n\t<meta property=\"og:image:height\" content=\"800\" \/>\n\t<meta property=\"og:image:type\" content=\"image\/png\" \/>\n<meta name=\"twitter:card\" content=\"summary_large_image\" \/>\n<meta name=\"twitter:label1\" content=\"Tiempo de lectura\" \/>\n\t<meta name=\"twitter:data1\" content=\"2 minutos\" \/>\n<script type=\"application\/ld+json\" class=\"yoast-schema-graph\">{\"@context\":\"https:\\\/\\\/schema.org\",\"@graph\":[{\"@type\":\"WebPage\",\"@id\":\"https:\\\/\\\/miningspareparts.com\\\/product\\\/gyratory-crusher-2081609731\\\/\",\"url\":\"https:\\\/\\\/miningspareparts.com\\\/product\\\/gyratory-crusher-2081609731\\\/\",\"name\":\"Transmission Gear Assembly for KB63-89S Gyratory Crusher 2081609731 - Crusher parts, Slurry Pump Parts, Excavator shovel parts High-Wear Mantle 4609955 for KB63-89 Gyratory Crusher - Precision Spare Part\",\"isPartOf\":{\"@id\":\"https:\\\/\\\/miningspareparts.com\\\/#website\"},\"primaryImageOfPage\":{\"@id\":\"https:\\\/\\\/miningspareparts.com\\\/product\\\/gyratory-crusher-2081609731\\\/#primaryimage\"},\"image\":{\"@id\":\"https:\\\/\\\/miningspareparts.com\\\/product\\\/gyratory-crusher-2081609731\\\/#primaryimage\"},\"thumbnailUrl\":\"https:\\\/\\\/miningspareparts.com\\\/wp-content\\\/uploads\\\/2025\\\/11\\\/22-1.png\",\"datePublished\":\"2025-11-20T07:25:31+00:00\",\"dateModified\":\"2026-02-02T01:09:23+00:00\",\"description\":\"High-wear spare part for KB63-89 Gyratory Crusher. Precise fit, durable, easy to install\u2014trusted Mantle 4609955 for crushing operations.\",\"breadcrumb\":{\"@id\":\"https:\\\/\\\/miningspareparts.com\\\/product\\\/gyratory-crusher-2081609731\\\/#breadcrumb\"},\"inLanguage\":\"es\",\"potentialAction\":[{\"@type\":\"ReadAction\",\"target\":[\"https:\\\/\\\/miningspareparts.com\\\/product\\\/gyratory-crusher-2081609731\\\/\"]}]},{\"@type\":\"ImageObject\",\"inLanguage\":\"es\",\"@id\":\"https:\\\/\\\/miningspareparts.com\\\/product\\\/gyratory-crusher-2081609731\\\/#primaryimage\",\"url\":\"https:\\\/\\\/miningspareparts.com\\\/wp-content\\\/uploads\\\/2025\\\/11\\\/22-1.png\",\"contentUrl\":\"https:\\\/\\\/miningspareparts.com\\\/wp-content\\\/uploads\\\/2025\\\/11\\\/22-1.png\",\"width\":800,\"height\":800,\"caption\":\"Transmission Gear Assembly for KB63-89S Gyratory Crusher 2081609731\"},{\"@type\":\"BreadcrumbList\",\"@id\":\"https:\\\/\\\/miningspareparts.com\\\/product\\\/gyratory-crusher-2081609731\\\/#breadcrumb\",\"itemListElement\":[{\"@type\":\"ListItem\",\"position\":1,\"name\":\"Home\",\"item\":\"https:\\\/\\\/miningspareparts.com\\\/\"},{\"@type\":\"ListItem\",\"position\":2,\"name\":\"Premium Mining Wear And Spare Parts\",\"item\":\"https:\\\/\\\/miningspareparts.com\\\/shop\\\/\"},{\"@type\":\"ListItem\",\"position\":3,\"name\":\"Transmission Gear Assembly for KB63-89S Gyratory Crusher 2081609731\"}]},{\"@type\":\"WebSite\",\"@id\":\"https:\\\/\\\/miningspareparts.com\\\/#website\",\"url\":\"https:\\\/\\\/miningspareparts.com\\\/\",\"name\":\"Crusher parts , Concrete Mixer Parts, Slurry Pump Parts, Mining Spares\",\"description\":\"Mining Wear &amp; Spare Parts Supplier\",\"publisher\":{\"@id\":\"https:\\\/\\\/miningspareparts.com\\\/#organization\"},\"potentialAction\":[{\"@type\":\"SearchAction\",\"target\":{\"@type\":\"EntryPoint\",\"urlTemplate\":\"https:\\\/\\\/miningspareparts.com\\\/?s={search_term_string}\"},\"query-input\":{\"@type\":\"PropertyValueSpecification\",\"valueRequired\":true,\"valueName\":\"search_term_string\"}}],\"inLanguage\":\"es\"},{\"@type\":\"Organization\",\"@id\":\"https:\\\/\\\/miningspareparts.com\\\/#organization\",\"name\":\"Crusher parts , Concrete Mixer Parts, Slurry Pump Parts, Mining Spares\",\"url\":\"https:\\\/\\\/miningspareparts.com\\\/\",\"logo\":{\"@type\":\"ImageObject\",\"inLanguage\":\"es\",\"@id\":\"https:\\\/\\\/miningspareparts.com\\\/#\\\/schema\\\/logo\\\/image\\\/\",\"url\":\"https:\\\/\\\/miningspareparts.com\\\/wp-content\\\/uploads\\\/2025\\\/04\\\/cropped-cropped-logo\u6b63\u65b9\u5f62.png\",\"contentUrl\":\"https:\\\/\\\/miningspareparts.com\\\/wp-content\\\/uploads\\\/2025\\\/04\\\/cropped-cropped-logo\u6b63\u65b9\u5f62.png\",\"width\":511,\"height\":171,\"caption\":\"Crusher parts , Concrete Mixer Parts, Slurry Pump Parts, Mining Spares\"},\"image\":{\"@id\":\"https:\\\/\\\/miningspareparts.com\\\/#\\\/schema\\\/logo\\\/image\\\/\"}}]}<\/script>\n<!-- \/ Yoast SEO plugin. -->","yoast_head_json":{"title":"Transmission Gear Assembly for KB63-89S Gyratory Crusher 2081609731 - Crusher parts, Slurry Pump Parts, Excavator shovel parts High-Wear Mantle 4609955 for KB63-89 Gyratory Crusher - Precision Spare Part","description":"High-wear spare part for KB63-89 Gyratory Crusher. Precise fit, durable, easy to install\u2014trusted Mantle 4609955 for crushing operations.","robots":{"index":"index","follow":"follow","max-snippet":"max-snippet:-1","max-image-preview":"max-image-preview:large","max-video-preview":"max-video-preview:-1"},"canonical":"https:\/\/miningspareparts.com\/es\/producto\/gyratory-crusher-2081609731\/","og_locale":"es_MX","og_type":"article","og_title":"Transmission Gear Assembly for KB63-89S Gyratory Crusher 2081609731 - Crusher parts, Slurry Pump Parts, Excavator shovel parts High-Wear Mantle 4609955 for KB63-89 Gyratory Crusher - Precision Spare Part","og_description":"High-wear spare part for KB63-89 Gyratory Crusher. Precise fit, durable, easy to install\u2014trusted Mantle 4609955 for crushing operations.","og_url":"https:\/\/miningspareparts.com\/es\/producto\/gyratory-crusher-2081609731\/","og_site_name":"Crusher parts, Slurry Pump Parts, Excavator shovel parts","article_modified_time":"2026-02-02T01:09:23+00:00","og_image":[{"width":800,"height":800,"url":"https:\/\/miningspareparts.com\/wp-content\/uploads\/2025\/11\/22-1.png","type":"image\/png"}],"twitter_card":"summary_large_image","twitter_misc":{"Tiempo de lectura":"2 minutos"},"schema":{"@context":"https:\/\/schema.org","@graph":[{"@type":"WebPage","@id":"https:\/\/miningspareparts.com\/product\/gyratory-crusher-2081609731\/","url":"https:\/\/miningspareparts.com\/product\/gyratory-crusher-2081609731\/","name":"Transmission Gear Assembly for KB63-89S Gyratory Crusher 2081609731 - Crusher parts, Slurry Pump Parts, Excavator shovel parts High-Wear Mantle 4609955 for KB63-89 Gyratory Crusher - Precision Spare Part","isPartOf":{"@id":"https:\/\/miningspareparts.com\/#website"},"primaryImageOfPage":{"@id":"https:\/\/miningspareparts.com\/product\/gyratory-crusher-2081609731\/#primaryimage"},"image":{"@id":"https:\/\/miningspareparts.com\/product\/gyratory-crusher-2081609731\/#primaryimage"},"thumbnailUrl":"https:\/\/miningspareparts.com\/wp-content\/uploads\/2025\/11\/22-1.png","datePublished":"2025-11-20T07:25:31+00:00","dateModified":"2026-02-02T01:09:23+00:00","description":"High-wear spare part for KB63-89 Gyratory Crusher. Precise fit, durable, easy to install\u2014trusted Mantle 4609955 for crushing operations.","breadcrumb":{"@id":"https:\/\/miningspareparts.com\/product\/gyratory-crusher-2081609731\/#breadcrumb"},"inLanguage":"es","potentialAction":[{"@type":"ReadAction","target":["https:\/\/miningspareparts.com\/product\/gyratory-crusher-2081609731\/"]}]},{"@type":"ImageObject","inLanguage":"es","@id":"https:\/\/miningspareparts.com\/product\/gyratory-crusher-2081609731\/#primaryimage","url":"https:\/\/miningspareparts.com\/wp-content\/uploads\/2025\/11\/22-1.png","contentUrl":"https:\/\/miningspareparts.com\/wp-content\/uploads\/2025\/11\/22-1.png","width":800,"height":800,"caption":"Transmission Gear Assembly for KB63-89S Gyratory Crusher 2081609731"},{"@type":"BreadcrumbList","@id":"https:\/\/miningspareparts.com\/product\/gyratory-crusher-2081609731\/#breadcrumb","itemListElement":[{"@type":"ListItem","position":1,"name":"Home","item":"https:\/\/miningspareparts.com\/"},{"@type":"ListItem","position":2,"name":"Premium Mining Wear And Spare Parts","item":"https:\/\/miningspareparts.com\/shop\/"},{"@type":"ListItem","position":3,"name":"Transmission Gear Assembly for KB63-89S Gyratory Crusher 2081609731"}]},{"@type":"WebSite","@id":"https:\/\/miningspareparts.com\/#website","url":"https:\/\/miningspareparts.com\/","name":"Crusher parts , Concrete Mixer Parts, Slurry Pump Parts, Mining Spares","description":"Mining Wear &amp; Spare Parts Supplier","publisher":{"@id":"https:\/\/miningspareparts.com\/#organization"},"potentialAction":[{"@type":"SearchAction","target":{"@type":"EntryPoint","urlTemplate":"https:\/\/miningspareparts.com\/?s={search_term_string}"},"query-input":{"@type":"PropertyValueSpecification","valueRequired":true,"valueName":"search_term_string"}}],"inLanguage":"es"},{"@type":"Organization","@id":"https:\/\/miningspareparts.com\/#organization","name":"Crusher parts , Concrete Mixer Parts, Slurry Pump Parts, Mining Spares","url":"https:\/\/miningspareparts.com\/","logo":{"@type":"ImageObject","inLanguage":"es","@id":"https:\/\/miningspareparts.com\/#\/schema\/logo\/image\/","url":"https:\/\/miningspareparts.com\/wp-content\/uploads\/2025\/04\/cropped-cropped-logo\u6b63\u65b9\u5f62.png","contentUrl":"https:\/\/miningspareparts.com\/wp-content\/uploads\/2025\/04\/cropped-cropped-logo\u6b63\u65b9\u5f62.png","width":511,"height":171,"caption":"Crusher parts , Concrete Mixer Parts, Slurry Pump Parts, Mining Spares"},"image":{"@id":"https:\/\/miningspareparts.com\/#\/schema\/logo\/image\/"}}]}},"uagb_featured_image_src":{"full":["https:\/\/miningspareparts.com\/wp-content\/uploads\/2025\/11\/22-1.png",800,800,false],"thumbnail":["https:\/\/miningspareparts.com\/wp-content\/uploads\/2025\/11\/22-1-150x150.png",150,150,true],"medium":["https:\/\/miningspareparts.com\/wp-content\/uploads\/2025\/11\/22-1-300x300.png",300,300,true],"medium_large":["https:\/\/miningspareparts.com\/wp-content\/uploads\/2025\/11\/22-1-768x768.png",768,768,true],"large":["https:\/\/miningspareparts.com\/wp-content\/uploads\/2025\/11\/22-1.png",800,800,false],"1536x1536":["https:\/\/miningspareparts.com\/wp-content\/uploads\/2025\/11\/22-1.png",800,800,false],"2048x2048":["https:\/\/miningspareparts.com\/wp-content\/uploads\/2025\/11\/22-1.png",800,800,false],"trp-custom-language-flag":["https:\/\/miningspareparts.com\/wp-content\/uploads\/2025\/11\/22-1-12x12.png",12,12,true],"woocommerce_thumbnail":["https:\/\/miningspareparts.com\/wp-content\/uploads\/2025\/11\/22-1-300x300.png",300,300,true],"woocommerce_single":["https:\/\/miningspareparts.com\/wp-content\/uploads\/2025\/11\/22-1-600x600.png",600,600,true],"woocommerce_gallery_thumbnail":["https:\/\/miningspareparts.com\/wp-content\/uploads\/2025\/11\/22-1-100x100.png",100,100,true]},"uagb_author_info":{"display_name":"admin","author_link":"https:\/\/miningspareparts.com\/es\/author\/"},"uagb_comment_info":0,"uagb_excerpt":"Part Number: 4609955 Part Weight: Product Name: Mantle 4609955 Compatible Equipment: KB63-89 Gyratory Crusher Core Advantage: High-strength wear-resistant alloy, precise dimensional tolerance Core Function: Withstands crushing impact, ensures stable equipment operation","_links":{"self":[{"href":"https:\/\/miningspareparts.com\/es\/wp-json\/wp\/v2\/product\/11946","targetHints":{"allow":["GET"]}}],"collection":[{"href":"https:\/\/miningspareparts.com\/es\/wp-json\/wp\/v2\/product"}],"about":[{"href":"https:\/\/miningspareparts.com\/es\/wp-json\/wp\/v2\/types\/product"}],"wp:featuredmedia":[{"embeddable":true,"href":"https:\/\/miningspareparts.com\/es\/wp-json\/wp\/v2\/media\/11975"}],"wp:attachment":[{"href":"https:\/\/miningspareparts.com\/es\/wp-json\/wp\/v2\/media?parent=11946"}],"wp:term":[{"taxonomy":"product_brand","embeddable":true,"href":"https:\/\/miningspareparts.com\/es\/wp-json\/wp\/v2\/product_brand?post=11946"},{"taxonomy":"product_cat","embeddable":true,"href":"https:\/\/miningspareparts.com\/es\/wp-json\/wp\/v2\/product_cat?post=11946"},{"taxonomy":"product_tag","embeddable":true,"href":"https:\/\/miningspareparts.com\/es\/wp-json\/wp\/v2\/product_tag?post=11946"}],"curies":[{"name":"wp","href":"https:\/\/api.w.org\/{rel}","templated":true}]}}