{"id":1306,"date":"2023-12-10T07:51:26","date_gmt":"2023-12-10T07:51:26","guid":{"rendered":"https:\/\/miningspareparts.com\/?post_type=product&#038;p=1306"},"modified":"2025-11-03T00:38:32","modified_gmt":"2025-11-03T00:38:32","slug":"h8800-hydrocone-liner","status":"publish","type":"product","link":"https:\/\/miningspareparts.com\/es\/producto\/h8800-hydrocone-liner\/","title":{"rendered":"Revestimiento hidroc\u00f3nico de la trituradora de cono H8800"},"content":{"rendered":"<p><strong>He aqu\u00ed la descripci\u00f3n de H8800 Hydrocone Liner<\/strong><\/p>\n<p style=\"font-weight: 400;\"><strong>Serie Hydrocone de Sadvik<\/strong>: H2800| H3800 | H4800 | H6800| H7800 | H8800 |H51 |H36<\/p>\n<p style=\"font-weight: 400;\"><strong>Serie CH Cone<\/strong>\u00a0\u00a0CH420|CH430|CH440|CH660|CH830I|CH840I|CH860I|CH865I|CH870I|CH880|CH890I|CH895I<\/p>\n<h5><strong><u>Piezas de desgaste de la trituradora de cono:<\/u><\/strong><\/h5>\n<p style=\"text-align: left;\">Art\u00edculos: C\u00f3ncavo, Manto, Anillo C\u00f3ncavo, Segmento C\u00f3ncavo, Revestimiento de Taz\u00f3n, Revestimiento de Cono, Protector de Brazo, Placa de Distribuci\u00f3n<\/p>\n<p style=\"text-align: left;\">Material de fundici\u00f3n: Acero al manganeso austens\u00edtico (Mn14, M14Cr2, Mn18Cr2, Mn22Cr2)<\/p>\n<p style=\"text-align: left;\">M\u00e9todo de fundici\u00f3n: Colado en arena con vidrio al agua<\/p>\n<p style=\"text-align: left;\">Material aplicable:Grava, granito, basalto, mineral, piedra caliza, arenisca, Quatz, adoquines<\/p>\n<p style=\"text-align: left;\">Aplicaciones: Miner\u00eda , Canteras, Construcci\u00f3n ,Cemento y Materiales ,Reciclaje<\/p>\n<h5>Por qu\u00e9 elegirnos\uff1f<\/h5>\n<p>La camisa de hidrocono H8800 es un componente clave fabricado por nosotros, que ofrece un rendimiento y una durabilidad superiores. Fabricadas con precisi\u00f3n, nuestras camisas garantizan un funcionamiento \u00f3ptimo y prolongan la vida \u00fatil del equipo. Dise\u00f1adas para soportar condiciones abrasivas, ofrecen una excelente resistencia al desgaste, reduciendo la necesidad de sustituciones frecuentes. Nuestro compromiso con la calidad se refleja en el meticuloso proceso de fabricaci\u00f3n, que garantiza un ajuste perfecto para una integraci\u00f3n perfecta. La camisa Hydrocone de nuestra l\u00ednea de producci\u00f3n destaca por su fiabilidad y resistencia, lo que la convierte en la opci\u00f3n preferida para diversas aplicaciones. Gracias a las estrictas medidas de control de calidad, garantizamos a nuestros clientes productos de alta calidad y uniformes. Invierta en nuestra camisa de hidrocono para obtener una soluci\u00f3n fiable y eficaz que cumpla las exigentes normas del sector.<\/p>\n<p>1.100% Garant\u00eda de ajuste: Garantizamos nuestras piezas 100% ajuste a su m\u00e1quina si no le devolveremos el dinero.<\/p>\n<p>2.Garant\u00eda de calidad: Damos Garant\u00eda de nuestras piezas se han suministrado para Reemplazar una nueva piezas si las Piezas que tienen grave calidad de grieta y poco comunes problemas de desgaste.<\/p>\n<p>3. Amplia cobertura: Tenemos una amplia cobertura de dibujo y patr\u00f3n sobre 80% de modelos de trituradoras populares disponibles en el mercado, las edades de trituradoras pueden ser rastreadas antes de 1950.<\/p>\n<p>4.Disponibilidad de Stock: Mantenemos las piezas VSI y trituradora com\u00fan en stock nos permiten entrega r\u00e1pida.<\/p>\n<p>5.Flexibilidad: Somos lo suficientemente flexibles como para proporcionar diversas condiciones de pago a la conveniencia de nuestros clientes de diferentes regiones, tales como T \/ T, L \/ C, DP, Western Union, Udial como etc y podemos hacer el env\u00edo CIF LCL, FCL, carga a\u00e9rea, servicio de puerta a puerta. para la entrega FOB los art\u00edculos al almac\u00e9n en China y puede ser la entrega a Guangzhou y Yiwu.<\/p>\n<p>6.Personalizado: Podemos hacer fundici\u00f3n personalizada seg\u00fan los dibujos del cliente y la composici\u00f3n del material.<\/p>\n<p>7. Servicios: Inspecci\u00f3n, informe de pruebas de propiedades, informe de dimensiones e ingenier\u00eda inversa seg\u00fan las muestras del cliente.<\/p>","protected":false},"excerpt":{"rendered":"<p>He aqu\u00ed una descripci\u00f3n del H8800 Hydrocone Liner Sadvik Hydrocone Series: H2800| H3800 | H4800 | H6800| H7800 | H8800 |H51 |H36 CH Cone series CH420|CH430|CH440|CH660|CH830I|CH840I|CH860I|CH865I|CH870I|CH880|CH890I|CH895I Cone Crusher Wear Parts: Art\u00edculos: C\u00f3ncavo, Manto, Anillo del C\u00f3ncavo, Segmento del C\u00f3ncavo, Revestimiento del Taz\u00f3n, Revestimiento del Cono, Protector del Brazo, Placa de Distribuci\u00f3n Material de Fundici\u00f3n: Acero al manganeso austens\u00edtico (Mn14, M14Cr2, Mn18Cr2, Mn22Cr2) M\u00e9todo de fundici\u00f3n: Colada en arena con vidrio de agua Aplicable [...]<\/p>","protected":false},"featured_media":11164,"template":"","meta":{"_uag_custom_page_level_css":"","site-sidebar-layout":"default","site-content-layout":"","ast-site-content-layout":"default","site-content-style":"default","site-sidebar-style":"default","ast-global-header-display":"","ast-banner-title-visibility":"","ast-main-header-display":"","ast-hfb-above-header-display":"","ast-hfb-below-header-display":"","ast-hfb-mobile-header-display":"","site-post-title":"","ast-breadcrumbs-content":"","ast-featured-img":"","footer-sml-layout":"","ast-disable-related-posts":"","theme-transparent-header-meta":"default","adv-header-id-meta":"","stick-header-meta":"default","header-above-stick-meta":"","header-main-stick-meta":"","header-below-stick-meta":"","astra-migrate-meta-layouts":"set","ast-page-background-enabled":"default","ast-page-background-meta":{"desktop":{"background-color":"var(--ast-global-color-4)","background-image":"","background-repeat":"repeat","background-position":"center center","background-size":"auto","background-attachment":"scroll","background-type":"","background-media":"","overlay-type":"","overlay-color":"","overlay-opacity":"","overlay-gradient":""},"tablet":{"background-color":"","background-image":"","background-repeat":"repeat","background-position":"center center","background-size":"auto","background-attachment":"scroll","background-type":"","background-media":"","overlay-type":"","overlay-color":"","overlay-opacity":"","overlay-gradient":""},"mobile":{"background-color":"","background-image":"","background-repeat":"repeat","background-position":"center center","background-size":"auto","background-attachment":"scroll","background-type":"","background-media":"","overlay-type":"","overlay-color":"","overlay-opacity":"","overlay-gradient":""}},"ast-content-background-meta":{"desktop":{"background-color":"var(--ast-global-color-5)","background-image":"","background-repeat":"repeat","background-position":"center center","background-size":"auto","background-attachment":"scroll","background-type":"","background-media":"","overlay-type":"","overlay-color":"","overlay-opacity":"","overlay-gradient":""},"tablet":{"background-color":"var(--ast-global-color-5)","background-image":"","background-repeat":"repeat","background-position":"center center","background-size":"auto","background-attachment":"scroll","background-type":"","background-media":"","overlay-type":"","overlay-color":"","overlay-opacity":"","overlay-gradient":""},"mobile":{"background-color":"var(--ast-global-color-5)","background-image":"","background-repeat":"repeat","background-position":"center center","background-size":"auto","background-attachment":"scroll","background-type":"","background-media":"","overlay-type":"","overlay-color":"","overlay-opacity":"","overlay-gradient":""}}},"product_brand":[],"product_cat":[100,38,36,184],"product_tag":[],"class_list":{"0":"post-1306","1":"product","2":"type-product","3":"status-publish","4":"has-post-thumbnail","6":"product_cat-crusher-liner","7":"product_cat-concave-ring","8":"product_cat-cone-liner","9":"product_cat-sandvick","10":"desktop-align-left","11":"tablet-align-left","12":"mobile-align-left","13":"ast-product-gallery-layout-horizontal-slider","14":"ast-product-single-variable","15":"ast-product-tabs-layout-horizontal","17":"first","18":"instock","19":"shipping-taxable","20":"purchasable","21":"product-type-variable"},"yoast_head":"<!-- This site is optimized with the Yoast SEO plugin v27.4 - https:\/\/yoast.com\/product\/yoast-seo-wordpress\/ -->\n<title>H8800 Hydrocone Liner Cone Crusher- Crusher parts, Slurry Pump Parts, Excavator shovel parts<\/title>\n<meta name=\"description\" content=\"H8800 Hydrocone Liner, aftermarket solution crafted with durable Mn18cr2 material for enhanced performance and longevity.\" \/>\n<meta name=\"robots\" content=\"index, follow, max-snippet:-1, max-image-preview:large, max-video-preview:-1\" \/>\n<link rel=\"canonical\" href=\"https:\/\/miningspareparts.com\/es\/producto\/h8800-hydrocone-liner\/\" \/>\n<meta property=\"og:locale\" content=\"es_MX\" \/>\n<meta property=\"og:type\" content=\"article\" \/>\n<meta property=\"og:title\" content=\"H8800 Hydrocone Liner Cone Crusher- Crusher parts, Slurry Pump Parts, Excavator shovel parts\" \/>\n<meta property=\"og:description\" content=\"H8800 Hydrocone Liner, aftermarket solution crafted with durable Mn18cr2 material for enhanced performance and longevity.\" \/>\n<meta property=\"og:url\" content=\"https:\/\/miningspareparts.com\/es\/producto\/h8800-hydrocone-liner\/\" \/>\n<meta property=\"og:site_name\" content=\"Crusher parts, Slurry Pump Parts, Excavator shovel parts\" \/>\n<meta property=\"article:modified_time\" content=\"2025-11-03T00:38:32+00:00\" \/>\n<meta property=\"og:image\" content=\"https:\/\/miningspareparts.com\/wp-content\/uploads\/2023\/12\/442.9336-CH880.webp\" \/>\n\t<meta property=\"og:image:width\" content=\"800\" \/>\n\t<meta property=\"og:image:height\" content=\"800\" \/>\n\t<meta property=\"og:image:type\" content=\"image\/webp\" \/>\n<meta name=\"twitter:card\" content=\"summary_large_image\" \/>\n<meta name=\"twitter:label1\" content=\"Tiempo de lectura\" \/>\n\t<meta name=\"twitter:data1\" content=\"3 minutos\" \/>\n<script type=\"application\/ld+json\" class=\"yoast-schema-graph\">{\"@context\":\"https:\\\/\\\/schema.org\",\"@graph\":[{\"@type\":\"WebPage\",\"@id\":\"https:\\\/\\\/miningspareparts.com\\\/product\\\/h8800-hydrocone-liner\\\/\",\"url\":\"https:\\\/\\\/miningspareparts.com\\\/product\\\/h8800-hydrocone-liner\\\/\",\"name\":\"H8800 Hydrocone Liner Cone Crusher- Crusher parts, Slurry Pump Parts, Excavator shovel parts\",\"isPartOf\":{\"@id\":\"https:\\\/\\\/miningspareparts.com\\\/#website\"},\"primaryImageOfPage\":{\"@id\":\"https:\\\/\\\/miningspareparts.com\\\/product\\\/h8800-hydrocone-liner\\\/#primaryimage\"},\"image\":{\"@id\":\"https:\\\/\\\/miningspareparts.com\\\/product\\\/h8800-hydrocone-liner\\\/#primaryimage\"},\"thumbnailUrl\":\"https:\\\/\\\/miningspareparts.com\\\/wp-content\\\/uploads\\\/2023\\\/12\\\/442.9336-CH880.webp\",\"datePublished\":\"2023-12-10T07:51:26+00:00\",\"dateModified\":\"2025-11-03T00:38:32+00:00\",\"description\":\"H8800 Hydrocone Liner, aftermarket solution crafted with durable Mn18cr2 material for enhanced performance and longevity.\",\"breadcrumb\":{\"@id\":\"https:\\\/\\\/miningspareparts.com\\\/product\\\/h8800-hydrocone-liner\\\/#breadcrumb\"},\"inLanguage\":\"es\",\"potentialAction\":[{\"@type\":\"ReadAction\",\"target\":[\"https:\\\/\\\/miningspareparts.com\\\/product\\\/h8800-hydrocone-liner\\\/\"]}]},{\"@type\":\"ImageObject\",\"inLanguage\":\"es\",\"@id\":\"https:\\\/\\\/miningspareparts.com\\\/product\\\/h8800-hydrocone-liner\\\/#primaryimage\",\"url\":\"https:\\\/\\\/miningspareparts.com\\\/wp-content\\\/uploads\\\/2023\\\/12\\\/442.9336-CH880.webp\",\"contentUrl\":\"https:\\\/\\\/miningspareparts.com\\\/wp-content\\\/uploads\\\/2023\\\/12\\\/442.9336-CH880.webp\",\"width\":800,\"height\":800,\"caption\":\"H8800 Cone Crusher Hydrocone Liner\"},{\"@type\":\"BreadcrumbList\",\"@id\":\"https:\\\/\\\/miningspareparts.com\\\/product\\\/h8800-hydrocone-liner\\\/#breadcrumb\",\"itemListElement\":[{\"@type\":\"ListItem\",\"position\":1,\"name\":\"Home\",\"item\":\"https:\\\/\\\/miningspareparts.com\\\/\"},{\"@type\":\"ListItem\",\"position\":2,\"name\":\"Premium Mining Wear And Spare Parts\",\"item\":\"https:\\\/\\\/miningspareparts.com\\\/shop\\\/\"},{\"@type\":\"ListItem\",\"position\":3,\"name\":\"H8800 Cone Crusher Hydrocone Liner\"}]},{\"@type\":\"WebSite\",\"@id\":\"https:\\\/\\\/miningspareparts.com\\\/#website\",\"url\":\"https:\\\/\\\/miningspareparts.com\\\/\",\"name\":\"Crusher parts , Concrete Mixer Parts, Slurry Pump Parts, Mining Spares\",\"description\":\"Mining Wear &amp; Spare Parts Supplier\",\"publisher\":{\"@id\":\"https:\\\/\\\/miningspareparts.com\\\/#organization\"},\"potentialAction\":[{\"@type\":\"SearchAction\",\"target\":{\"@type\":\"EntryPoint\",\"urlTemplate\":\"https:\\\/\\\/miningspareparts.com\\\/?s={search_term_string}\"},\"query-input\":{\"@type\":\"PropertyValueSpecification\",\"valueRequired\":true,\"valueName\":\"search_term_string\"}}],\"inLanguage\":\"es\"},{\"@type\":\"Organization\",\"@id\":\"https:\\\/\\\/miningspareparts.com\\\/#organization\",\"name\":\"Crusher parts , Concrete Mixer Parts, Slurry Pump Parts, Mining Spares\",\"url\":\"https:\\\/\\\/miningspareparts.com\\\/\",\"logo\":{\"@type\":\"ImageObject\",\"inLanguage\":\"es\",\"@id\":\"https:\\\/\\\/miningspareparts.com\\\/#\\\/schema\\\/logo\\\/image\\\/\",\"url\":\"https:\\\/\\\/miningspareparts.com\\\/wp-content\\\/uploads\\\/2025\\\/04\\\/cropped-cropped-logo\u6b63\u65b9\u5f62.png\",\"contentUrl\":\"https:\\\/\\\/miningspareparts.com\\\/wp-content\\\/uploads\\\/2025\\\/04\\\/cropped-cropped-logo\u6b63\u65b9\u5f62.png\",\"width\":511,\"height\":171,\"caption\":\"Crusher parts , Concrete Mixer Parts, Slurry Pump Parts, Mining Spares\"},\"image\":{\"@id\":\"https:\\\/\\\/miningspareparts.com\\\/#\\\/schema\\\/logo\\\/image\\\/\"}}]}<\/script>\n<!-- \/ Yoast SEO plugin. -->","yoast_head_json":{"title":"H8800 Hydrocone Liner Cone Crusher- Crusher parts, Slurry Pump Parts, Excavator shovel parts","description":"H8800 Hydrocone Liner, aftermarket solution crafted with durable Mn18cr2 material for enhanced performance and longevity.","robots":{"index":"index","follow":"follow","max-snippet":"max-snippet:-1","max-image-preview":"max-image-preview:large","max-video-preview":"max-video-preview:-1"},"canonical":"https:\/\/miningspareparts.com\/es\/producto\/h8800-hydrocone-liner\/","og_locale":"es_MX","og_type":"article","og_title":"H8800 Hydrocone Liner Cone Crusher- Crusher parts, Slurry Pump Parts, Excavator shovel parts","og_description":"H8800 Hydrocone Liner, aftermarket solution crafted with durable Mn18cr2 material for enhanced performance and longevity.","og_url":"https:\/\/miningspareparts.com\/es\/producto\/h8800-hydrocone-liner\/","og_site_name":"Crusher parts, Slurry Pump Parts, Excavator shovel parts","article_modified_time":"2025-11-03T00:38:32+00:00","og_image":[{"width":800,"height":800,"url":"https:\/\/miningspareparts.com\/wp-content\/uploads\/2023\/12\/442.9336-CH880.webp","type":"image\/webp"}],"twitter_card":"summary_large_image","twitter_misc":{"Tiempo de lectura":"3 minutos"},"schema":{"@context":"https:\/\/schema.org","@graph":[{"@type":"WebPage","@id":"https:\/\/miningspareparts.com\/product\/h8800-hydrocone-liner\/","url":"https:\/\/miningspareparts.com\/product\/h8800-hydrocone-liner\/","name":"H8800 Hydrocone Liner Cone Crusher- Crusher parts, Slurry Pump Parts, Excavator shovel parts","isPartOf":{"@id":"https:\/\/miningspareparts.com\/#website"},"primaryImageOfPage":{"@id":"https:\/\/miningspareparts.com\/product\/h8800-hydrocone-liner\/#primaryimage"},"image":{"@id":"https:\/\/miningspareparts.com\/product\/h8800-hydrocone-liner\/#primaryimage"},"thumbnailUrl":"https:\/\/miningspareparts.com\/wp-content\/uploads\/2023\/12\/442.9336-CH880.webp","datePublished":"2023-12-10T07:51:26+00:00","dateModified":"2025-11-03T00:38:32+00:00","description":"H8800 Hydrocone Liner, aftermarket solution crafted with durable Mn18cr2 material for enhanced performance and longevity.","breadcrumb":{"@id":"https:\/\/miningspareparts.com\/product\/h8800-hydrocone-liner\/#breadcrumb"},"inLanguage":"es","potentialAction":[{"@type":"ReadAction","target":["https:\/\/miningspareparts.com\/product\/h8800-hydrocone-liner\/"]}]},{"@type":"ImageObject","inLanguage":"es","@id":"https:\/\/miningspareparts.com\/product\/h8800-hydrocone-liner\/#primaryimage","url":"https:\/\/miningspareparts.com\/wp-content\/uploads\/2023\/12\/442.9336-CH880.webp","contentUrl":"https:\/\/miningspareparts.com\/wp-content\/uploads\/2023\/12\/442.9336-CH880.webp","width":800,"height":800,"caption":"H8800 Cone Crusher Hydrocone Liner"},{"@type":"BreadcrumbList","@id":"https:\/\/miningspareparts.com\/product\/h8800-hydrocone-liner\/#breadcrumb","itemListElement":[{"@type":"ListItem","position":1,"name":"Home","item":"https:\/\/miningspareparts.com\/"},{"@type":"ListItem","position":2,"name":"Premium Mining Wear And Spare Parts","item":"https:\/\/miningspareparts.com\/shop\/"},{"@type":"ListItem","position":3,"name":"H8800 Cone Crusher Hydrocone Liner"}]},{"@type":"WebSite","@id":"https:\/\/miningspareparts.com\/#website","url":"https:\/\/miningspareparts.com\/","name":"Crusher parts , Concrete Mixer Parts, Slurry Pump Parts, Mining Spares","description":"Mining Wear &amp; Spare Parts Supplier","publisher":{"@id":"https:\/\/miningspareparts.com\/#organization"},"potentialAction":[{"@type":"SearchAction","target":{"@type":"EntryPoint","urlTemplate":"https:\/\/miningspareparts.com\/?s={search_term_string}"},"query-input":{"@type":"PropertyValueSpecification","valueRequired":true,"valueName":"search_term_string"}}],"inLanguage":"es"},{"@type":"Organization","@id":"https:\/\/miningspareparts.com\/#organization","name":"Crusher parts , Concrete Mixer Parts, Slurry Pump Parts, Mining Spares","url":"https:\/\/miningspareparts.com\/","logo":{"@type":"ImageObject","inLanguage":"es","@id":"https:\/\/miningspareparts.com\/#\/schema\/logo\/image\/","url":"https:\/\/miningspareparts.com\/wp-content\/uploads\/2025\/04\/cropped-cropped-logo\u6b63\u65b9\u5f62.png","contentUrl":"https:\/\/miningspareparts.com\/wp-content\/uploads\/2025\/04\/cropped-cropped-logo\u6b63\u65b9\u5f62.png","width":511,"height":171,"caption":"Crusher parts , Concrete Mixer Parts, Slurry Pump Parts, Mining Spares"},"image":{"@id":"https:\/\/miningspareparts.com\/#\/schema\/logo\/image\/"}}]}},"uagb_featured_image_src":{"full":["https:\/\/miningspareparts.com\/wp-content\/uploads\/2023\/12\/442.9336-CH880.webp",800,800,false],"thumbnail":["https:\/\/miningspareparts.com\/wp-content\/uploads\/2023\/12\/442.9336-CH880-150x150.webp",150,150,true],"medium":["https:\/\/miningspareparts.com\/wp-content\/uploads\/2023\/12\/442.9336-CH880-300x300.webp",300,300,true],"medium_large":["https:\/\/miningspareparts.com\/wp-content\/uploads\/2023\/12\/442.9336-CH880-768x768.webp",768,768,true],"large":["https:\/\/miningspareparts.com\/wp-content\/uploads\/2023\/12\/442.9336-CH880.webp",800,800,false],"1536x1536":["https:\/\/miningspareparts.com\/wp-content\/uploads\/2023\/12\/442.9336-CH880.webp",800,800,false],"2048x2048":["https:\/\/miningspareparts.com\/wp-content\/uploads\/2023\/12\/442.9336-CH880.webp",800,800,false],"trp-custom-language-flag":["https:\/\/miningspareparts.com\/wp-content\/uploads\/2023\/12\/442.9336-CH880-12x12.webp",12,12,true],"woocommerce_thumbnail":["https:\/\/miningspareparts.com\/wp-content\/uploads\/2023\/12\/442.9336-CH880-300x300.webp",300,300,true],"woocommerce_single":["https:\/\/miningspareparts.com\/wp-content\/uploads\/2023\/12\/442.9336-CH880-600x600.webp",600,600,true],"woocommerce_gallery_thumbnail":["https:\/\/miningspareparts.com\/wp-content\/uploads\/2023\/12\/442.9336-CH880-100x100.webp",100,100,true]},"uagb_author_info":{"display_name":"Miningspareparts","author_link":"https:\/\/miningspareparts.com\/es\/author\/"},"uagb_comment_info":0,"uagb_excerpt":"Here is a description of the H8800 Hydrocone Liner Sadvik Hydrocone Series: H2800| H3800\u00a0| H4800\u00a0| H6800| H7800\u00a0| H8800\u00a0|H51\u00a0|H36 CH Cone series\u00a0\u00a0CH420|CH430|CH440|CH660|CH830I|CH840I|CH860I|CH865I|CH870I|CH880|CH890I|CH895I Cone Crusher Wear Parts: Items: Concave, Mantle, Concave Ring, Concave Segment , Bowl Liner,Cone Liner,Arm Guard, Distribution Plate Casting Material: Austenstic Manganese Steel (Mn14, M14Cr2, Mn18Cr2, Mn22Cr2) Casting Method: Water Glass Sand Casting Applicable&hellip;","_links":{"self":[{"href":"https:\/\/miningspareparts.com\/es\/wp-json\/wp\/v2\/product\/1306","targetHints":{"allow":["GET"]}}],"collection":[{"href":"https:\/\/miningspareparts.com\/es\/wp-json\/wp\/v2\/product"}],"about":[{"href":"https:\/\/miningspareparts.com\/es\/wp-json\/wp\/v2\/types\/product"}],"wp:featuredmedia":[{"embeddable":true,"href":"https:\/\/miningspareparts.com\/es\/wp-json\/wp\/v2\/media\/11164"}],"wp:attachment":[{"href":"https:\/\/miningspareparts.com\/es\/wp-json\/wp\/v2\/media?parent=1306"}],"wp:term":[{"taxonomy":"product_brand","embeddable":true,"href":"https:\/\/miningspareparts.com\/es\/wp-json\/wp\/v2\/product_brand?post=1306"},{"taxonomy":"product_cat","embeddable":true,"href":"https:\/\/miningspareparts.com\/es\/wp-json\/wp\/v2\/product_cat?post=1306"},{"taxonomy":"product_tag","embeddable":true,"href":"https:\/\/miningspareparts.com\/es\/wp-json\/wp\/v2\/product_tag?post=1306"}],"curies":[{"name":"wp","href":"https:\/\/api.w.org\/{rel}","templated":true}]}}