{"id":1317,"date":"2023-12-11T05:56:24","date_gmt":"2023-12-11T05:56:24","guid":{"rendered":"https:\/\/miningspareparts.com\/?post_type=product&#038;p=1317"},"modified":"2025-11-03T05:23:04","modified_gmt":"2025-11-03T05:23:04","slug":"extec-c12-cheek-plate","status":"publish","type":"product","link":"https:\/\/miningspareparts.com\/es\/producto\/extec-c12-cheek-plate\/","title":{"rendered":"Placa de mejilla de trituradora de mand\u00edbula Extec C12"},"content":{"rendered":"<p><strong>He aqu\u00ed la descripci\u00f3n de la carrillera Extec C12<\/strong><\/p>\n<p>Fabricada en acero al manganeso de alta calidad, nuestra placa de mejillas est\u00e1 dise\u00f1ada para adaptarse perfectamente a la trituradora de mand\u00edbulas Extec C12, garantizando una adaptaci\u00f3n perfecta para una instalaci\u00f3n sin problemas. La composici\u00f3n del material, con acero de alto manganeso, a\u00f1ade una capa adicional de durabilidad y resistencia al desgaste, lo que la convierte en una soluci\u00f3n ideal para las exigentes aplicaciones de miner\u00eda y canteras.<\/p>\n<p>Como fabricante l\u00edder, nos especializamos en producir placas de mejilla Extec C12 de alta calidad, que sirven como reemplazos originales genuinos para su equipo de trituraci\u00f3n. Fabricadas con acero al manganeso o acero de alto manganeso de primera calidad, estas placas presentan una durabilidad y una resistencia al desgaste excepcionales, lo que garantiza un rendimiento \u00f3ptimo en aplicaciones de trituraci\u00f3n de canteras.<\/p>\n<p>Nuestras placas de mejilla Extec C12 est\u00e1n meticulosamente dise\u00f1adas seg\u00fan especificaciones exactas, garantizando un ajuste preciso y una integraci\u00f3n perfecta con su maquinaria. Como resultado, puede confiar en su fiabilidad y eficiencia, minimizando el tiempo de inactividad y maximizando la productividad de sus operaciones.<\/p>\n<p>Lo que diferencia a nuestras placas de mejillas no es s\u00f3lo su condici\u00f3n de repuesto original, sino tambi\u00e9n las ventajas que aportan a sus procesos de trituraci\u00f3n. Con un enfoque en la calidad y el rendimiento, nuestras placas est\u00e1n dise\u00f1adas para soportar los rigores de entornos exigentes, proporcionando una vida \u00fatil duradera y reduciendo la necesidad de sustituciones frecuentes.<\/p>\n<p>La composici\u00f3n de acero al manganeso garantiza una dureza y tenacidad excelentes, cruciales para la trituraci\u00f3n eficaz de materiales de roca dura. Adem\u00e1s, nuestro compromiso con la fabricaci\u00f3n de precisi\u00f3n significa que cada placa de mejilla cumple estrictas normas de calidad, proporcionando resultados consistentes y fiables.<\/p>\n<p>Al elegir nuestras placas de mejilla Extec C12, est\u00e1 invirtiendo en un producto que encarna la durabilidad, la fiabilidad y la excelencia en el rendimiento. Nuestro meticuloso proceso de fabricaci\u00f3n, junto con nuestra dedicaci\u00f3n a la satisfacci\u00f3n del cliente, nos convierte en la opci\u00f3n preferida para aquellos que buscan componentes de equipos de trituraci\u00f3n de primer nivel.<\/p>\n<p>Experimente la diferencia con nuestras carrilleras Extec C12: dise\u00f1adas para la excelencia, dise\u00f1adas para la durabilidad y fabricadas para su \u00e9xito en el campo.<\/p>","protected":false},"excerpt":{"rendered":"<p>A continuaci\u00f3n encontrar\u00e1 una descripci\u00f3n de la placa de mejillas Extec C12 Fabricada en acero al manganeso de alta calidad, nuestra placa de mejillas est\u00e1 dise\u00f1ada para adaptarse perfectamente a la trituradora de mand\u00edbulas Extec C12, garantizando una combinaci\u00f3n perfecta para una instalaci\u00f3n sin problemas. La composici\u00f3n del material, con acero de alto manganeso, a\u00f1ade una capa adicional de durabilidad y resistencia al desgaste, por lo que es [...]<\/p>","protected":false},"featured_media":11205,"template":"","meta":{"_uag_custom_page_level_css":"","site-sidebar-layout":"default","site-content-layout":"","ast-site-content-layout":"default","site-content-style":"default","site-sidebar-style":"default","ast-global-header-display":"","ast-banner-title-visibility":"","ast-main-header-display":"","ast-hfb-above-header-display":"","ast-hfb-below-header-display":"","ast-hfb-mobile-header-display":"","site-post-title":"","ast-breadcrumbs-content":"","ast-featured-img":"","footer-sml-layout":"","ast-disable-related-posts":"","theme-transparent-header-meta":"default","adv-header-id-meta":"","stick-header-meta":"default","header-above-stick-meta":"","header-main-stick-meta":"","header-below-stick-meta":"","astra-migrate-meta-layouts":"set","ast-page-background-enabled":"default","ast-page-background-meta":{"desktop":{"background-color":"var(--ast-global-color-4)","background-image":"","background-repeat":"repeat","background-position":"center center","background-size":"auto","background-attachment":"scroll","background-type":"","background-media":"","overlay-type":"","overlay-color":"","overlay-opacity":"","overlay-gradient":""},"tablet":{"background-color":"","background-image":"","background-repeat":"repeat","background-position":"center center","background-size":"auto","background-attachment":"scroll","background-type":"","background-media":"","overlay-type":"","overlay-color":"","overlay-opacity":"","overlay-gradient":""},"mobile":{"background-color":"","background-image":"","background-repeat":"repeat","background-position":"center center","background-size":"auto","background-attachment":"scroll","background-type":"","background-media":"","overlay-type":"","overlay-color":"","overlay-opacity":"","overlay-gradient":""}},"ast-content-background-meta":{"desktop":{"background-color":"var(--ast-global-color-5)","background-image":"","background-repeat":"repeat","background-position":"center center","background-size":"auto","background-attachment":"scroll","background-type":"","background-media":"","overlay-type":"","overlay-color":"","overlay-opacity":"","overlay-gradient":""},"tablet":{"background-color":"var(--ast-global-color-5)","background-image":"","background-repeat":"repeat","background-position":"center center","background-size":"auto","background-attachment":"scroll","background-type":"","background-media":"","overlay-type":"","overlay-color":"","overlay-opacity":"","overlay-gradient":""},"mobile":{"background-color":"var(--ast-global-color-5)","background-image":"","background-repeat":"repeat","background-position":"center center","background-size":"auto","background-attachment":"scroll","background-type":"","background-media":"","overlay-type":"","overlay-color":"","overlay-opacity":"","overlay-gradient":""}}},"product_brand":[],"product_cat":[34,32,252],"product_tag":[],"class_list":{"0":"post-1317","1":"product","2":"type-product","3":"status-publish","4":"has-post-thumbnail","6":"product_cat-cheek-plate","7":"product_cat-jaw-liner","8":"product_cat-extec","9":"desktop-align-left","10":"tablet-align-left","11":"mobile-align-left","12":"ast-product-gallery-layout-horizontal-slider","13":"ast-product-single-variable","14":"ast-product-tabs-layout-horizontal","16":"first","17":"instock","18":"shipping-taxable","19":"purchasable","20":"product-type-variable"},"yoast_head":"<!-- This site is optimized with the Yoast SEO plugin v27.4 - https:\/\/yoast.com\/product\/yoast-seo-wordpress\/ -->\n<title>Extec C12 Cheek Plate Jaw Crusher - Crusher parts, Slurry Pump Parts, Excavator shovel parts<\/title>\n<meta name=\"description\" content=\"Extec C12 Cheek Plate: Your original replacement choice for efficient quarry crushing. Elevate performance with our durable, high-quality cheek plate.\" \/>\n<meta name=\"robots\" content=\"index, follow, max-snippet:-1, max-image-preview:large, max-video-preview:-1\" \/>\n<link rel=\"canonical\" href=\"https:\/\/miningspareparts.com\/es\/producto\/extec-c12-cheek-plate\/\" \/>\n<meta property=\"og:locale\" content=\"es_MX\" \/>\n<meta property=\"og:type\" content=\"article\" \/>\n<meta property=\"og:title\" content=\"Extec C12 Cheek Plate Jaw Crusher - Crusher parts, Slurry Pump Parts, Excavator shovel parts\" \/>\n<meta property=\"og:description\" content=\"Extec C12 Cheek Plate: Your original replacement choice for efficient quarry crushing. Elevate performance with our durable, high-quality cheek plate.\" \/>\n<meta property=\"og:url\" content=\"https:\/\/miningspareparts.com\/es\/producto\/extec-c12-cheek-plate\/\" \/>\n<meta property=\"og:site_name\" content=\"Crusher parts, Slurry Pump Parts, Excavator shovel parts\" \/>\n<meta property=\"article:modified_time\" content=\"2025-11-03T05:23:04+00:00\" \/>\n<meta property=\"og:image\" content=\"https:\/\/miningspareparts.com\/wp-content\/uploads\/2023\/12\/Extec-C12-Jaw-Crusher-Cheek-Plate.png\" \/>\n\t<meta property=\"og:image:width\" content=\"800\" \/>\n\t<meta property=\"og:image:height\" content=\"800\" \/>\n\t<meta property=\"og:image:type\" content=\"image\/png\" \/>\n<meta name=\"twitter:card\" content=\"summary_large_image\" \/>\n<meta name=\"twitter:label1\" content=\"Tiempo de lectura\" \/>\n\t<meta name=\"twitter:data1\" content=\"2 minutos\" \/>\n<script type=\"application\/ld+json\" class=\"yoast-schema-graph\">{\"@context\":\"https:\\\/\\\/schema.org\",\"@graph\":[{\"@type\":\"WebPage\",\"@id\":\"https:\\\/\\\/miningspareparts.com\\\/product\\\/extec-c12-cheek-plate\\\/\",\"url\":\"https:\\\/\\\/miningspareparts.com\\\/product\\\/extec-c12-cheek-plate\\\/\",\"name\":\"Extec C12 Cheek Plate Jaw Crusher - Crusher parts, Slurry Pump Parts, Excavator shovel parts\",\"isPartOf\":{\"@id\":\"https:\\\/\\\/miningspareparts.com\\\/#website\"},\"primaryImageOfPage\":{\"@id\":\"https:\\\/\\\/miningspareparts.com\\\/product\\\/extec-c12-cheek-plate\\\/#primaryimage\"},\"image\":{\"@id\":\"https:\\\/\\\/miningspareparts.com\\\/product\\\/extec-c12-cheek-plate\\\/#primaryimage\"},\"thumbnailUrl\":\"https:\\\/\\\/miningspareparts.com\\\/wp-content\\\/uploads\\\/2023\\\/12\\\/Extec-C12-Jaw-Crusher-Cheek-Plate.png\",\"datePublished\":\"2023-12-11T05:56:24+00:00\",\"dateModified\":\"2025-11-03T05:23:04+00:00\",\"description\":\"Extec C12 Cheek Plate: Your original replacement choice for efficient quarry crushing. Elevate performance with our durable, high-quality cheek plate.\",\"breadcrumb\":{\"@id\":\"https:\\\/\\\/miningspareparts.com\\\/product\\\/extec-c12-cheek-plate\\\/#breadcrumb\"},\"inLanguage\":\"es\",\"potentialAction\":[{\"@type\":\"ReadAction\",\"target\":[\"https:\\\/\\\/miningspareparts.com\\\/product\\\/extec-c12-cheek-plate\\\/\"]}]},{\"@type\":\"ImageObject\",\"inLanguage\":\"es\",\"@id\":\"https:\\\/\\\/miningspareparts.com\\\/product\\\/extec-c12-cheek-plate\\\/#primaryimage\",\"url\":\"https:\\\/\\\/miningspareparts.com\\\/wp-content\\\/uploads\\\/2023\\\/12\\\/Extec-C12-Jaw-Crusher-Cheek-Plate.png\",\"contentUrl\":\"https:\\\/\\\/miningspareparts.com\\\/wp-content\\\/uploads\\\/2023\\\/12\\\/Extec-C12-Jaw-Crusher-Cheek-Plate.png\",\"width\":800,\"height\":800,\"caption\":\"Extec C12 Jaw Crusher Cheek Plate\"},{\"@type\":\"BreadcrumbList\",\"@id\":\"https:\\\/\\\/miningspareparts.com\\\/product\\\/extec-c12-cheek-plate\\\/#breadcrumb\",\"itemListElement\":[{\"@type\":\"ListItem\",\"position\":1,\"name\":\"Home\",\"item\":\"https:\\\/\\\/miningspareparts.com\\\/\"},{\"@type\":\"ListItem\",\"position\":2,\"name\":\"Premium Mining Wear And Spare Parts\",\"item\":\"https:\\\/\\\/miningspareparts.com\\\/shop\\\/\"},{\"@type\":\"ListItem\",\"position\":3,\"name\":\"Extec C12 Jaw Crusher Cheek Plate\"}]},{\"@type\":\"WebSite\",\"@id\":\"https:\\\/\\\/miningspareparts.com\\\/#website\",\"url\":\"https:\\\/\\\/miningspareparts.com\\\/\",\"name\":\"Crusher parts , Concrete Mixer Parts, Slurry Pump Parts, Mining Spares\",\"description\":\"Mining Wear &amp; Spare Parts Supplier\",\"publisher\":{\"@id\":\"https:\\\/\\\/miningspareparts.com\\\/#organization\"},\"potentialAction\":[{\"@type\":\"SearchAction\",\"target\":{\"@type\":\"EntryPoint\",\"urlTemplate\":\"https:\\\/\\\/miningspareparts.com\\\/?s={search_term_string}\"},\"query-input\":{\"@type\":\"PropertyValueSpecification\",\"valueRequired\":true,\"valueName\":\"search_term_string\"}}],\"inLanguage\":\"es\"},{\"@type\":\"Organization\",\"@id\":\"https:\\\/\\\/miningspareparts.com\\\/#organization\",\"name\":\"Crusher parts , Concrete Mixer Parts, Slurry Pump Parts, Mining Spares\",\"url\":\"https:\\\/\\\/miningspareparts.com\\\/\",\"logo\":{\"@type\":\"ImageObject\",\"inLanguage\":\"es\",\"@id\":\"https:\\\/\\\/miningspareparts.com\\\/#\\\/schema\\\/logo\\\/image\\\/\",\"url\":\"https:\\\/\\\/miningspareparts.com\\\/wp-content\\\/uploads\\\/2025\\\/04\\\/cropped-cropped-logo\u6b63\u65b9\u5f62.png\",\"contentUrl\":\"https:\\\/\\\/miningspareparts.com\\\/wp-content\\\/uploads\\\/2025\\\/04\\\/cropped-cropped-logo\u6b63\u65b9\u5f62.png\",\"width\":511,\"height\":171,\"caption\":\"Crusher parts , Concrete Mixer Parts, Slurry Pump Parts, Mining Spares\"},\"image\":{\"@id\":\"https:\\\/\\\/miningspareparts.com\\\/#\\\/schema\\\/logo\\\/image\\\/\"}}]}<\/script>\n<!-- \/ Yoast SEO plugin. -->","yoast_head_json":{"title":"Extec C12 Cheek Plate Jaw Crusher - Crusher parts, Slurry Pump Parts, Excavator shovel parts","description":"Extec C12 Cheek Plate: Your original replacement choice for efficient quarry crushing. Elevate performance with our durable, high-quality cheek plate.","robots":{"index":"index","follow":"follow","max-snippet":"max-snippet:-1","max-image-preview":"max-image-preview:large","max-video-preview":"max-video-preview:-1"},"canonical":"https:\/\/miningspareparts.com\/es\/producto\/extec-c12-cheek-plate\/","og_locale":"es_MX","og_type":"article","og_title":"Extec C12 Cheek Plate Jaw Crusher - Crusher parts, Slurry Pump Parts, Excavator shovel parts","og_description":"Extec C12 Cheek Plate: Your original replacement choice for efficient quarry crushing. Elevate performance with our durable, high-quality cheek plate.","og_url":"https:\/\/miningspareparts.com\/es\/producto\/extec-c12-cheek-plate\/","og_site_name":"Crusher parts, Slurry Pump Parts, Excavator shovel parts","article_modified_time":"2025-11-03T05:23:04+00:00","og_image":[{"width":800,"height":800,"url":"https:\/\/miningspareparts.com\/wp-content\/uploads\/2023\/12\/Extec-C12-Jaw-Crusher-Cheek-Plate.png","type":"image\/png"}],"twitter_card":"summary_large_image","twitter_misc":{"Tiempo de lectura":"2 minutos"},"schema":{"@context":"https:\/\/schema.org","@graph":[{"@type":"WebPage","@id":"https:\/\/miningspareparts.com\/product\/extec-c12-cheek-plate\/","url":"https:\/\/miningspareparts.com\/product\/extec-c12-cheek-plate\/","name":"Extec C12 Cheek Plate Jaw Crusher - Crusher parts, Slurry Pump Parts, Excavator shovel parts","isPartOf":{"@id":"https:\/\/miningspareparts.com\/#website"},"primaryImageOfPage":{"@id":"https:\/\/miningspareparts.com\/product\/extec-c12-cheek-plate\/#primaryimage"},"image":{"@id":"https:\/\/miningspareparts.com\/product\/extec-c12-cheek-plate\/#primaryimage"},"thumbnailUrl":"https:\/\/miningspareparts.com\/wp-content\/uploads\/2023\/12\/Extec-C12-Jaw-Crusher-Cheek-Plate.png","datePublished":"2023-12-11T05:56:24+00:00","dateModified":"2025-11-03T05:23:04+00:00","description":"Extec C12 Cheek Plate: Your original replacement choice for efficient quarry crushing. Elevate performance with our durable, high-quality cheek plate.","breadcrumb":{"@id":"https:\/\/miningspareparts.com\/product\/extec-c12-cheek-plate\/#breadcrumb"},"inLanguage":"es","potentialAction":[{"@type":"ReadAction","target":["https:\/\/miningspareparts.com\/product\/extec-c12-cheek-plate\/"]}]},{"@type":"ImageObject","inLanguage":"es","@id":"https:\/\/miningspareparts.com\/product\/extec-c12-cheek-plate\/#primaryimage","url":"https:\/\/miningspareparts.com\/wp-content\/uploads\/2023\/12\/Extec-C12-Jaw-Crusher-Cheek-Plate.png","contentUrl":"https:\/\/miningspareparts.com\/wp-content\/uploads\/2023\/12\/Extec-C12-Jaw-Crusher-Cheek-Plate.png","width":800,"height":800,"caption":"Extec C12 Jaw Crusher Cheek Plate"},{"@type":"BreadcrumbList","@id":"https:\/\/miningspareparts.com\/product\/extec-c12-cheek-plate\/#breadcrumb","itemListElement":[{"@type":"ListItem","position":1,"name":"Home","item":"https:\/\/miningspareparts.com\/"},{"@type":"ListItem","position":2,"name":"Premium Mining Wear And Spare Parts","item":"https:\/\/miningspareparts.com\/shop\/"},{"@type":"ListItem","position":3,"name":"Extec C12 Jaw Crusher Cheek Plate"}]},{"@type":"WebSite","@id":"https:\/\/miningspareparts.com\/#website","url":"https:\/\/miningspareparts.com\/","name":"Crusher parts , Concrete Mixer Parts, Slurry Pump Parts, Mining Spares","description":"Mining Wear &amp; Spare Parts Supplier","publisher":{"@id":"https:\/\/miningspareparts.com\/#organization"},"potentialAction":[{"@type":"SearchAction","target":{"@type":"EntryPoint","urlTemplate":"https:\/\/miningspareparts.com\/?s={search_term_string}"},"query-input":{"@type":"PropertyValueSpecification","valueRequired":true,"valueName":"search_term_string"}}],"inLanguage":"es"},{"@type":"Organization","@id":"https:\/\/miningspareparts.com\/#organization","name":"Crusher parts , Concrete Mixer Parts, Slurry Pump Parts, Mining Spares","url":"https:\/\/miningspareparts.com\/","logo":{"@type":"ImageObject","inLanguage":"es","@id":"https:\/\/miningspareparts.com\/#\/schema\/logo\/image\/","url":"https:\/\/miningspareparts.com\/wp-content\/uploads\/2025\/04\/cropped-cropped-logo\u6b63\u65b9\u5f62.png","contentUrl":"https:\/\/miningspareparts.com\/wp-content\/uploads\/2025\/04\/cropped-cropped-logo\u6b63\u65b9\u5f62.png","width":511,"height":171,"caption":"Crusher parts , Concrete Mixer Parts, Slurry Pump Parts, Mining Spares"},"image":{"@id":"https:\/\/miningspareparts.com\/#\/schema\/logo\/image\/"}}]}},"uagb_featured_image_src":{"full":["https:\/\/miningspareparts.com\/wp-content\/uploads\/2023\/12\/Extec-C12-Jaw-Crusher-Cheek-Plate.png",800,800,false],"thumbnail":["https:\/\/miningspareparts.com\/wp-content\/uploads\/2023\/12\/Extec-C12-Jaw-Crusher-Cheek-Plate-150x150.png",150,150,true],"medium":["https:\/\/miningspareparts.com\/wp-content\/uploads\/2023\/12\/Extec-C12-Jaw-Crusher-Cheek-Plate-300x300.png",300,300,true],"medium_large":["https:\/\/miningspareparts.com\/wp-content\/uploads\/2023\/12\/Extec-C12-Jaw-Crusher-Cheek-Plate-768x768.png",768,768,true],"large":["https:\/\/miningspareparts.com\/wp-content\/uploads\/2023\/12\/Extec-C12-Jaw-Crusher-Cheek-Plate.png",800,800,false],"1536x1536":["https:\/\/miningspareparts.com\/wp-content\/uploads\/2023\/12\/Extec-C12-Jaw-Crusher-Cheek-Plate.png",800,800,false],"2048x2048":["https:\/\/miningspareparts.com\/wp-content\/uploads\/2023\/12\/Extec-C12-Jaw-Crusher-Cheek-Plate.png",800,800,false],"trp-custom-language-flag":["https:\/\/miningspareparts.com\/wp-content\/uploads\/2023\/12\/Extec-C12-Jaw-Crusher-Cheek-Plate-12x12.png",12,12,true],"woocommerce_thumbnail":["https:\/\/miningspareparts.com\/wp-content\/uploads\/2023\/12\/Extec-C12-Jaw-Crusher-Cheek-Plate-300x300.png",300,300,true],"woocommerce_single":["https:\/\/miningspareparts.com\/wp-content\/uploads\/2023\/12\/Extec-C12-Jaw-Crusher-Cheek-Plate-600x600.png",600,600,true],"woocommerce_gallery_thumbnail":["https:\/\/miningspareparts.com\/wp-content\/uploads\/2023\/12\/Extec-C12-Jaw-Crusher-Cheek-Plate-100x100.png",100,100,true]},"uagb_author_info":{"display_name":"Miningspareparts","author_link":"https:\/\/miningspareparts.com\/es\/author\/"},"uagb_comment_info":0,"uagb_excerpt":"Here is a description of the Extec C12 Cheek Plate Crafted from high-quality manganese steel, our cheek plate is designed to seamlessly fit the Extec C12 jaw crusher, ensuring a perfect match for hassle-free installation. The material&#8217;s composition, featuring high manganese steel, adds an extra layer of durability and wear resistance, making it an ideal&hellip;","_links":{"self":[{"href":"https:\/\/miningspareparts.com\/es\/wp-json\/wp\/v2\/product\/1317","targetHints":{"allow":["GET"]}}],"collection":[{"href":"https:\/\/miningspareparts.com\/es\/wp-json\/wp\/v2\/product"}],"about":[{"href":"https:\/\/miningspareparts.com\/es\/wp-json\/wp\/v2\/types\/product"}],"wp:featuredmedia":[{"embeddable":true,"href":"https:\/\/miningspareparts.com\/es\/wp-json\/wp\/v2\/media\/11205"}],"wp:attachment":[{"href":"https:\/\/miningspareparts.com\/es\/wp-json\/wp\/v2\/media?parent=1317"}],"wp:term":[{"taxonomy":"product_brand","embeddable":true,"href":"https:\/\/miningspareparts.com\/es\/wp-json\/wp\/v2\/product_brand?post=1317"},{"taxonomy":"product_cat","embeddable":true,"href":"https:\/\/miningspareparts.com\/es\/wp-json\/wp\/v2\/product_cat?post=1317"},{"taxonomy":"product_tag","embeddable":true,"href":"https:\/\/miningspareparts.com\/es\/wp-json\/wp\/v2\/product_tag?post=1317"}],"curies":[{"name":"wp","href":"https:\/\/api.w.org\/{rel}","templated":true}]}}