{"id":1332,"date":"2023-12-11T09:07:07","date_gmt":"2023-12-11T09:07:07","guid":{"rendered":"https:\/\/miningspareparts.com\/?post_type=product&#038;p=1332"},"modified":"2024-01-16T08:38:09","modified_gmt":"2024-01-16T08:38:09","slug":"ammann-sim-150-mixer-and-parts","status":"publish","type":"product","link":"https:\/\/miningspareparts.com\/es\/producto\/ammann-sim-150-mixer-and-parts\/","title":{"rendered":"Ammann Sim 150 Mezclador Y Piezas"},"content":{"rendered":"<p><strong>He aqu\u00ed una descripci\u00f3n de la Ammann Sim 150 Mixer And Parts<\/strong><\/p>\n<table width=\"2170\">\n<tbody>\n<tr>\n<td colspan=\"6\" width=\"2170\"><b>Modelos:Ammann<\/b><b> Sim150<\/b><\/td>\n<\/tr>\n<tr>\n<td width=\"295\"><\/td>\n<td width=\"320\"><b>PUESTO<\/b><\/td>\n<td width=\"442\"><b>C\u00d3DIGO DE ART\u00cdCULO<\/b><\/td>\n<td width=\"224\"><b>CANT<\/b><\/td>\n<td width=\"403\"><b>CATEGOR\u00cdA<\/b><\/td>\n<td width=\"486\"><b>PESO NETO<\/b><\/td>\n<\/tr>\n<tr>\n<td rowspan=\"4\" width=\"295\"><b>Revestimientos murales<\/b><\/td>\n<td width=\"320\">1<\/td>\n<td width=\"442\">30500026 150\/515<\/td>\n<td width=\"224\">42<\/td>\n<td width=\"403\">Revestimientos murales 1<\/td>\n<td width=\"486\"><\/td>\n<\/tr>\n<tr>\n<td width=\"320\">2<\/td>\n<td width=\"442\">30500027 150\/516<\/td>\n<td width=\"224\">14<\/td>\n<td width=\"403\">Revestimientos murales 2<\/td>\n<td width=\"486\"><\/td>\n<\/tr>\n<tr>\n<td width=\"320\">3<\/td>\n<td width=\"442\">30500034 150\/522<\/td>\n<td width=\"224\">4<\/td>\n<td width=\"403\">Revestimientos murales 3<\/td>\n<td width=\"486\"><\/td>\n<\/tr>\n<tr>\n<td width=\"320\">4<\/td>\n<td width=\"442\">30500033 150\/521<\/td>\n<td width=\"224\">12<\/td>\n<td width=\"403\">Revestimientos murales 4<\/td>\n<td width=\"486\"><\/td>\n<\/tr>\n<tr>\n<td width=\"295\"><\/td>\n<td width=\"320\"><\/td>\n<td width=\"442\"><\/td>\n<td width=\"224\"><\/td>\n<td width=\"403\"><\/td>\n<td width=\"486\"><\/td>\n<\/tr>\n<tr>\n<td rowspan=\"5\" width=\"295\"><b>Brazo y puntas<\/b><\/td>\n<td width=\"320\">1<\/td>\n<td width=\"442\">3050005102 150\/502<\/td>\n<td width=\"224\">14<\/td>\n<td width=\"403\">Cuchilla central<\/td>\n<td width=\"486\"><\/td>\n<\/tr>\n<tr>\n<td width=\"320\">2<\/td>\n<td width=\"442\">3050005102 150\/503<\/td>\n<td width=\"224\">4<\/td>\n<td width=\"403\">Cuchilla lateral<\/td>\n<td width=\"486\"><\/td>\n<\/tr>\n<tr>\n<td width=\"320\">3<\/td>\n<td width=\"442\">30500006 150\/501<\/td>\n<td width=\"224\">14<\/td>\n<td width=\"403\">Brazo mezclador<\/td>\n<td width=\"486\"><\/td>\n<\/tr>\n<tr>\n<td width=\"320\">4<\/td>\n<td width=\"442\">30500007 150\/500<\/td>\n<td width=\"224\">4<\/td>\n<td width=\"403\">Brazo reversible<\/td>\n<td width=\"486\"><\/td>\n<\/tr>\n<tr>\n<td width=\"320\">5<\/td>\n<td width=\"442\">30500017 150\/500<\/td>\n<td width=\"224\">14<\/td>\n<td width=\"403\">Brazo Contraparte<\/td>\n<td width=\"486\"><\/td>\n<\/tr>\n<tr>\n<td width=\"295\"><\/td>\n<td width=\"320\"><\/td>\n<td width=\"442\"><\/td>\n<td width=\"224\"><\/td>\n<td width=\"403\"><\/td>\n<td width=\"486\"><\/td>\n<\/tr>\n<tr>\n<td rowspan=\"5\" width=\"295\"><b>Revestimiento final<\/b><\/td>\n<td width=\"320\">1<\/td>\n<td width=\"442\">30500031 150\/519<\/td>\n<td width=\"224\">8<\/td>\n<td width=\"403\">Forro final 1<\/td>\n<td width=\"486\"><\/td>\n<\/tr>\n<tr>\n<td width=\"320\">2<\/td>\n<td width=\"442\">30500029 150\/518 derecha<\/td>\n<td width=\"224\">2<\/td>\n<td width=\"403\">Forro final 2<\/td>\n<td width=\"486\"><\/td>\n<\/tr>\n<tr>\n<td width=\"320\">2a<\/td>\n<td width=\"442\">30500030 150\/518 izquierda<\/td>\n<td width=\"224\">2<\/td>\n<td width=\"403\">Revestimiento final 2a<\/td>\n<td width=\"486\"><\/td>\n<\/tr>\n<tr>\n<td width=\"320\">3<\/td>\n<td width=\"442\">30500028 150\/517<\/td>\n<td width=\"224\">16<\/td>\n<td width=\"403\">Fin del forro 3<\/td>\n<td width=\"486\"><\/td>\n<\/tr>\n<tr>\n<td width=\"320\">4<\/td>\n<td width=\"442\">30500032 150\/520<\/td>\n<td width=\"224\">4<\/td>\n<td width=\"403\">Forro final 4<\/td>\n<td width=\"486\"><\/td>\n<\/tr>\n<\/tbody>\n<\/table>\n<p><img fetchpriority=\"high\" decoding=\"async\" class=\"wp-image-3550 alignleft\" src=\"https:\/\/miningspareparts.com\/wp-content\/uploads\/2024\/01\/Mixer-And-Wear-Parts1-239x300.webp\" alt=\"\" width=\"498\" height=\"625\" srcset=\"https:\/\/miningspareparts.com\/wp-content\/uploads\/2024\/01\/Mixer-And-Wear-Parts1-239x300.webp 239w, https:\/\/miningspareparts.com\/wp-content\/uploads\/2024\/01\/Mixer-And-Wear-Parts1-817x1024.webp 817w, https:\/\/miningspareparts.com\/wp-content\/uploads\/2024\/01\/Mixer-And-Wear-Parts1-768x963.webp 768w, https:\/\/miningspareparts.com\/wp-content\/uploads\/2024\/01\/Mixer-And-Wear-Parts1-1226x1536.webp 1226w, https:\/\/miningspareparts.com\/wp-content\/uploads\/2024\/01\/Mixer-And-Wear-Parts1-1634x2048.webp 1634w, https:\/\/miningspareparts.com\/wp-content\/uploads\/2024\/01\/Mixer-And-Wear-Parts1-600x752.webp 600w, https:\/\/miningspareparts.com\/wp-content\/uploads\/2024\/01\/Mixer-And-Wear-Parts1.webp 2037w\" sizes=\"(max-width: 498px) 100vw, 498px\" \/><span style=\"font-size: 16px\">\u00a0<\/span><img decoding=\"async\" class=\"wp-image-3551 alignnone\" style=\"font-weight: inherit\" src=\"https:\/\/miningspareparts.com\/wp-content\/uploads\/2024\/01\/Mixer-And-Wear-Parts2-210x300.webp\" alt=\"\" width=\"454\" height=\"649\" srcset=\"https:\/\/miningspareparts.com\/wp-content\/uploads\/2024\/01\/Mixer-And-Wear-Parts2-210x300.webp 210w, https:\/\/miningspareparts.com\/wp-content\/uploads\/2024\/01\/Mixer-And-Wear-Parts2-600x856.webp 600w\" sizes=\"(max-width: 454px) 100vw, 454px\" \/><\/p>\n<p>Como fabricante l\u00edder, nuestras palas mezcladoras de doble eje, brazos mezcladores y revestimientos Ammann Sim 150 sirven como impecables recambios originales. Fabricados con precisi\u00f3n, estos componentes garantizan un rendimiento \u00f3ptimo, longevidad y fiabilidad en las exigentes aplicaciones de trituraci\u00f3n de canteras. Nuestro compromiso con la calidad superior, el dise\u00f1o innovador y los procesos de fabricaci\u00f3n eficientes nos distinguen en el sector. Centrados en ofrecer soluciones rentables, nos enorgullecemos de suministrar productos que cumplen y superan las expectativas de los clientes. La serie Sim 150 de Ammann es un testimonio de nuestra dedicaci\u00f3n a ofrecer excelencia en el campo de los accesorios para maquinaria de miner\u00eda.<\/p>","protected":false},"excerpt":{"rendered":"<p>Aqu\u00ed est\u00e1 una descripci\u00f3n de los modelos de Ammann Sim 150 Mixer And Parts:Ammann Sim150 POSICI\u00d3N C\u00d3DIGO DE ART\u00cdCULO CANTALIDAD CATEGOR\u00cdA PESO NETO Revestimientos de pared 1 30500026 150\/515 42 Revestimientos de pared 1 2 30500027 150\/516 14 Revestimientos de pared 2 3 30500034 150\/522 4 Revestimientos de pared 3 4 30500033 150\/521 12 Revestimientos de pared 4 Brazo y puntas 1 [...]<\/p>","protected":false},"featured_media":1336,"template":"","meta":{"_uag_custom_page_level_css":"","site-sidebar-layout":"default","site-content-layout":"","ast-site-content-layout":"default","site-content-style":"default","site-sidebar-style":"default","ast-global-header-display":"","ast-banner-title-visibility":"","ast-main-header-display":"","ast-hfb-above-header-display":"","ast-hfb-below-header-display":"","ast-hfb-mobile-header-display":"","site-post-title":"","ast-breadcrumbs-content":"","ast-featured-img":"","footer-sml-layout":"","ast-disable-related-posts":"","theme-transparent-header-meta":"default","adv-header-id-meta":"","stick-header-meta":"default","header-above-stick-meta":"","header-main-stick-meta":"","header-below-stick-meta":"","astra-migrate-meta-layouts":"set","ast-page-background-enabled":"default","ast-page-background-meta":{"desktop":{"background-color":"var(--ast-global-color-4)","background-image":"","background-repeat":"repeat","background-position":"center center","background-size":"auto","background-attachment":"scroll","background-type":"","background-media":"","overlay-type":"","overlay-color":"","overlay-opacity":"","overlay-gradient":""},"tablet":{"background-color":"","background-image":"","background-repeat":"repeat","background-position":"center center","background-size":"auto","background-attachment":"scroll","background-type":"","background-media":"","overlay-type":"","overlay-color":"","overlay-opacity":"","overlay-gradient":""},"mobile":{"background-color":"","background-image":"","background-repeat":"repeat","background-position":"center center","background-size":"auto","background-attachment":"scroll","background-type":"","background-media":"","overlay-type":"","overlay-color":"","overlay-opacity":"","overlay-gradient":""}},"ast-content-background-meta":{"desktop":{"background-color":"var(--ast-global-color-5)","background-image":"","background-repeat":"repeat","background-position":"center center","background-size":"auto","background-attachment":"scroll","background-type":"","background-media":"","overlay-type":"","overlay-color":"","overlay-opacity":"","overlay-gradient":""},"tablet":{"background-color":"var(--ast-global-color-5)","background-image":"","background-repeat":"repeat","background-position":"center center","background-size":"auto","background-attachment":"scroll","background-type":"","background-media":"","overlay-type":"","overlay-color":"","overlay-opacity":"","overlay-gradient":""},"mobile":{"background-color":"var(--ast-global-color-5)","background-image":"","background-repeat":"repeat","background-position":"center center","background-size":"auto","background-attachment":"scroll","background-type":"","background-media":"","overlay-type":"","overlay-color":"","overlay-opacity":"","overlay-gradient":""}}},"product_brand":[],"product_cat":[82,84],"product_tag":[],"class_list":{"0":"post-1332","1":"product","2":"type-product","3":"status-publish","4":"has-post-thumbnail","6":"product_cat-asphalt-mixer-parts","7":"product_cat-ammann","8":"desktop-align-left","9":"tablet-align-left","10":"mobile-align-left","11":"ast-product-gallery-layout-horizontal-slider","12":"ast-product-single-variable","13":"ast-product-tabs-layout-horizontal","15":"first","16":"instock","17":"shipping-taxable","18":"purchasable","19":"product-type-variable"},"yoast_head":"<!-- This site is optimized with the Yoast SEO plugin v27.4 - https:\/\/yoast.com\/product\/yoast-seo-wordpress\/ -->\n<title>Ammann Sim 150 Mixer And Parts- Crusher parts, Slurry Pump Parts, Excavator shovel parts<\/title>\n<meta name=\"description\" content=\"Designed for quarry crushing, our Ammann Sim 150 twin-shaft mixer blades, mixing arms, and liners stand out as top-tier original replacements.\" \/>\n<meta name=\"robots\" content=\"index, follow, max-snippet:-1, max-image-preview:large, max-video-preview:-1\" \/>\n<link rel=\"canonical\" href=\"https:\/\/miningspareparts.com\/es\/producto\/ammann-sim-150-mixer-and-parts\/\" \/>\n<meta property=\"og:locale\" content=\"es_MX\" \/>\n<meta property=\"og:type\" content=\"article\" \/>\n<meta property=\"og:title\" content=\"Ammann Sim 150 Mixer And Parts- Crusher parts, Slurry Pump Parts, Excavator shovel parts\" \/>\n<meta property=\"og:description\" content=\"Designed for quarry crushing, our Ammann Sim 150 twin-shaft mixer blades, mixing arms, and liners stand out as top-tier original replacements.\" \/>\n<meta property=\"og:url\" content=\"https:\/\/miningspareparts.com\/es\/producto\/ammann-sim-150-mixer-and-parts\/\" \/>\n<meta property=\"og:site_name\" content=\"Crusher parts, Slurry Pump Parts, Excavator shovel parts\" \/>\n<meta property=\"article:modified_time\" content=\"2024-01-16T08:38:09+00:00\" \/>\n<meta property=\"og:image\" content=\"https:\/\/miningspareparts.com\/wp-content\/uploads\/2023\/12\/\u5168\u89c6\u56fe.webp\" \/>\n\t<meta property=\"og:image:width\" content=\"1417\" \/>\n\t<meta property=\"og:image:height\" content=\"1417\" \/>\n\t<meta property=\"og:image:type\" content=\"image\/webp\" \/>\n<meta name=\"twitter:card\" content=\"summary_large_image\" \/>\n<meta name=\"twitter:label1\" content=\"Tiempo de lectura\" \/>\n\t<meta name=\"twitter:data1\" content=\"2 minutos\" \/>\n<script type=\"application\/ld+json\" class=\"yoast-schema-graph\">{\"@context\":\"https:\\\/\\\/schema.org\",\"@graph\":[{\"@type\":\"WebPage\",\"@id\":\"https:\\\/\\\/miningspareparts.com\\\/product\\\/ammann-sim-150-mixer-and-parts\\\/\",\"url\":\"https:\\\/\\\/miningspareparts.com\\\/product\\\/ammann-sim-150-mixer-and-parts\\\/\",\"name\":\"Ammann Sim 150 Mixer And Parts- Crusher parts, Slurry Pump Parts, Excavator shovel parts\",\"isPartOf\":{\"@id\":\"https:\\\/\\\/miningspareparts.com\\\/#website\"},\"primaryImageOfPage\":{\"@id\":\"https:\\\/\\\/miningspareparts.com\\\/product\\\/ammann-sim-150-mixer-and-parts\\\/#primaryimage\"},\"image\":{\"@id\":\"https:\\\/\\\/miningspareparts.com\\\/product\\\/ammann-sim-150-mixer-and-parts\\\/#primaryimage\"},\"thumbnailUrl\":\"https:\\\/\\\/miningspareparts.com\\\/wp-content\\\/uploads\\\/2023\\\/12\\\/\u5168\u89c6\u56fe.webp\",\"datePublished\":\"2023-12-11T09:07:07+00:00\",\"dateModified\":\"2024-01-16T08:38:09+00:00\",\"description\":\"Designed for quarry crushing, our Ammann Sim 150 twin-shaft mixer blades, mixing arms, and liners stand out as top-tier original replacements.\",\"breadcrumb\":{\"@id\":\"https:\\\/\\\/miningspareparts.com\\\/product\\\/ammann-sim-150-mixer-and-parts\\\/#breadcrumb\"},\"inLanguage\":\"es\",\"potentialAction\":[{\"@type\":\"ReadAction\",\"target\":[\"https:\\\/\\\/miningspareparts.com\\\/product\\\/ammann-sim-150-mixer-and-parts\\\/\"]}]},{\"@type\":\"ImageObject\",\"inLanguage\":\"es\",\"@id\":\"https:\\\/\\\/miningspareparts.com\\\/product\\\/ammann-sim-150-mixer-and-parts\\\/#primaryimage\",\"url\":\"https:\\\/\\\/miningspareparts.com\\\/wp-content\\\/uploads\\\/2023\\\/12\\\/\u5168\u89c6\u56fe.webp\",\"contentUrl\":\"https:\\\/\\\/miningspareparts.com\\\/wp-content\\\/uploads\\\/2023\\\/12\\\/\u5168\u89c6\u56fe.webp\",\"width\":1417,\"height\":1417,\"caption\":\"Ammann Sim 150 3d full view\"},{\"@type\":\"BreadcrumbList\",\"@id\":\"https:\\\/\\\/miningspareparts.com\\\/product\\\/ammann-sim-150-mixer-and-parts\\\/#breadcrumb\",\"itemListElement\":[{\"@type\":\"ListItem\",\"position\":1,\"name\":\"Home\",\"item\":\"https:\\\/\\\/miningspareparts.com\\\/\"},{\"@type\":\"ListItem\",\"position\":2,\"name\":\"Premium Mining Wear And Spare Parts\",\"item\":\"https:\\\/\\\/miningspareparts.com\\\/shop\\\/\"},{\"@type\":\"ListItem\",\"position\":3,\"name\":\"Ammann Sim 150 Mixer And Parts\"}]},{\"@type\":\"WebSite\",\"@id\":\"https:\\\/\\\/miningspareparts.com\\\/#website\",\"url\":\"https:\\\/\\\/miningspareparts.com\\\/\",\"name\":\"Crusher parts , Concrete Mixer Parts, Slurry Pump Parts, Mining Spares\",\"description\":\"Mining Wear &amp; Spare Parts Supplier\",\"publisher\":{\"@id\":\"https:\\\/\\\/miningspareparts.com\\\/#organization\"},\"potentialAction\":[{\"@type\":\"SearchAction\",\"target\":{\"@type\":\"EntryPoint\",\"urlTemplate\":\"https:\\\/\\\/miningspareparts.com\\\/?s={search_term_string}\"},\"query-input\":{\"@type\":\"PropertyValueSpecification\",\"valueRequired\":true,\"valueName\":\"search_term_string\"}}],\"inLanguage\":\"es\"},{\"@type\":\"Organization\",\"@id\":\"https:\\\/\\\/miningspareparts.com\\\/#organization\",\"name\":\"Crusher parts , Concrete Mixer Parts, Slurry Pump Parts, Mining Spares\",\"url\":\"https:\\\/\\\/miningspareparts.com\\\/\",\"logo\":{\"@type\":\"ImageObject\",\"inLanguage\":\"es\",\"@id\":\"https:\\\/\\\/miningspareparts.com\\\/#\\\/schema\\\/logo\\\/image\\\/\",\"url\":\"https:\\\/\\\/miningspareparts.com\\\/wp-content\\\/uploads\\\/2025\\\/04\\\/cropped-cropped-logo\u6b63\u65b9\u5f62.png\",\"contentUrl\":\"https:\\\/\\\/miningspareparts.com\\\/wp-content\\\/uploads\\\/2025\\\/04\\\/cropped-cropped-logo\u6b63\u65b9\u5f62.png\",\"width\":511,\"height\":171,\"caption\":\"Crusher parts , Concrete Mixer Parts, Slurry Pump Parts, Mining Spares\"},\"image\":{\"@id\":\"https:\\\/\\\/miningspareparts.com\\\/#\\\/schema\\\/logo\\\/image\\\/\"}}]}<\/script>\n<!-- \/ Yoast SEO plugin. -->","yoast_head_json":{"title":"Ammann Sim 150 Mixer And Parts- Crusher parts, Slurry Pump Parts, Excavator shovel parts","description":"Designed for quarry crushing, our Ammann Sim 150 twin-shaft mixer blades, mixing arms, and liners stand out as top-tier original replacements.","robots":{"index":"index","follow":"follow","max-snippet":"max-snippet:-1","max-image-preview":"max-image-preview:large","max-video-preview":"max-video-preview:-1"},"canonical":"https:\/\/miningspareparts.com\/es\/producto\/ammann-sim-150-mixer-and-parts\/","og_locale":"es_MX","og_type":"article","og_title":"Ammann Sim 150 Mixer And Parts- Crusher parts, Slurry Pump Parts, Excavator shovel parts","og_description":"Designed for quarry crushing, our Ammann Sim 150 twin-shaft mixer blades, mixing arms, and liners stand out as top-tier original replacements.","og_url":"https:\/\/miningspareparts.com\/es\/producto\/ammann-sim-150-mixer-and-parts\/","og_site_name":"Crusher parts, Slurry Pump Parts, Excavator shovel parts","article_modified_time":"2024-01-16T08:38:09+00:00","og_image":[{"width":1417,"height":1417,"url":"https:\/\/miningspareparts.com\/wp-content\/uploads\/2023\/12\/\u5168\u89c6\u56fe.webp","type":"image\/webp"}],"twitter_card":"summary_large_image","twitter_misc":{"Tiempo de lectura":"2 minutos"},"schema":{"@context":"https:\/\/schema.org","@graph":[{"@type":"WebPage","@id":"https:\/\/miningspareparts.com\/product\/ammann-sim-150-mixer-and-parts\/","url":"https:\/\/miningspareparts.com\/product\/ammann-sim-150-mixer-and-parts\/","name":"Ammann Sim 150 Mixer And Parts- Crusher parts, Slurry Pump Parts, Excavator shovel parts","isPartOf":{"@id":"https:\/\/miningspareparts.com\/#website"},"primaryImageOfPage":{"@id":"https:\/\/miningspareparts.com\/product\/ammann-sim-150-mixer-and-parts\/#primaryimage"},"image":{"@id":"https:\/\/miningspareparts.com\/product\/ammann-sim-150-mixer-and-parts\/#primaryimage"},"thumbnailUrl":"https:\/\/miningspareparts.com\/wp-content\/uploads\/2023\/12\/\u5168\u89c6\u56fe.webp","datePublished":"2023-12-11T09:07:07+00:00","dateModified":"2024-01-16T08:38:09+00:00","description":"Designed for quarry crushing, our Ammann Sim 150 twin-shaft mixer blades, mixing arms, and liners stand out as top-tier original replacements.","breadcrumb":{"@id":"https:\/\/miningspareparts.com\/product\/ammann-sim-150-mixer-and-parts\/#breadcrumb"},"inLanguage":"es","potentialAction":[{"@type":"ReadAction","target":["https:\/\/miningspareparts.com\/product\/ammann-sim-150-mixer-and-parts\/"]}]},{"@type":"ImageObject","inLanguage":"es","@id":"https:\/\/miningspareparts.com\/product\/ammann-sim-150-mixer-and-parts\/#primaryimage","url":"https:\/\/miningspareparts.com\/wp-content\/uploads\/2023\/12\/\u5168\u89c6\u56fe.webp","contentUrl":"https:\/\/miningspareparts.com\/wp-content\/uploads\/2023\/12\/\u5168\u89c6\u56fe.webp","width":1417,"height":1417,"caption":"Ammann Sim 150 3d full view"},{"@type":"BreadcrumbList","@id":"https:\/\/miningspareparts.com\/product\/ammann-sim-150-mixer-and-parts\/#breadcrumb","itemListElement":[{"@type":"ListItem","position":1,"name":"Home","item":"https:\/\/miningspareparts.com\/"},{"@type":"ListItem","position":2,"name":"Premium Mining Wear And Spare Parts","item":"https:\/\/miningspareparts.com\/shop\/"},{"@type":"ListItem","position":3,"name":"Ammann Sim 150 Mixer And Parts"}]},{"@type":"WebSite","@id":"https:\/\/miningspareparts.com\/#website","url":"https:\/\/miningspareparts.com\/","name":"Crusher parts , Concrete Mixer Parts, Slurry Pump Parts, Mining Spares","description":"Mining Wear &amp; Spare Parts Supplier","publisher":{"@id":"https:\/\/miningspareparts.com\/#organization"},"potentialAction":[{"@type":"SearchAction","target":{"@type":"EntryPoint","urlTemplate":"https:\/\/miningspareparts.com\/?s={search_term_string}"},"query-input":{"@type":"PropertyValueSpecification","valueRequired":true,"valueName":"search_term_string"}}],"inLanguage":"es"},{"@type":"Organization","@id":"https:\/\/miningspareparts.com\/#organization","name":"Crusher parts , Concrete Mixer Parts, Slurry Pump Parts, Mining Spares","url":"https:\/\/miningspareparts.com\/","logo":{"@type":"ImageObject","inLanguage":"es","@id":"https:\/\/miningspareparts.com\/#\/schema\/logo\/image\/","url":"https:\/\/miningspareparts.com\/wp-content\/uploads\/2025\/04\/cropped-cropped-logo\u6b63\u65b9\u5f62.png","contentUrl":"https:\/\/miningspareparts.com\/wp-content\/uploads\/2025\/04\/cropped-cropped-logo\u6b63\u65b9\u5f62.png","width":511,"height":171,"caption":"Crusher parts , Concrete Mixer Parts, Slurry Pump Parts, Mining Spares"},"image":{"@id":"https:\/\/miningspareparts.com\/#\/schema\/logo\/image\/"}}]}},"uagb_featured_image_src":{"full":["https:\/\/miningspareparts.com\/wp-content\/uploads\/2023\/12\/\u5168\u89c6\u56fe.webp",1417,1417,false],"thumbnail":["https:\/\/miningspareparts.com\/wp-content\/uploads\/2023\/12\/\u5168\u89c6\u56fe-150x150.webp",150,150,true],"medium":["https:\/\/miningspareparts.com\/wp-content\/uploads\/2023\/12\/\u5168\u89c6\u56fe-300x300.webp",300,300,true],"medium_large":["https:\/\/miningspareparts.com\/wp-content\/uploads\/2023\/12\/\u5168\u89c6\u56fe-768x768.webp",768,768,true],"large":["https:\/\/miningspareparts.com\/wp-content\/uploads\/2023\/12\/\u5168\u89c6\u56fe-1024x1024.webp",1024,1024,true],"1536x1536":["https:\/\/miningspareparts.com\/wp-content\/uploads\/2023\/12\/\u5168\u89c6\u56fe.webp",1417,1417,false],"2048x2048":["https:\/\/miningspareparts.com\/wp-content\/uploads\/2023\/12\/\u5168\u89c6\u56fe.webp",1417,1417,false],"trp-custom-language-flag":["https:\/\/miningspareparts.com\/wp-content\/uploads\/2023\/12\/\u5168\u89c6\u56fe.webp",12,12,false],"woocommerce_thumbnail":["https:\/\/miningspareparts.com\/wp-content\/uploads\/2023\/12\/\u5168\u89c6\u56fe-300x300.webp",300,300,true],"woocommerce_single":["https:\/\/miningspareparts.com\/wp-content\/uploads\/2023\/12\/\u5168\u89c6\u56fe-600x600.webp",600,600,true],"woocommerce_gallery_thumbnail":["https:\/\/miningspareparts.com\/wp-content\/uploads\/2023\/12\/\u5168\u89c6\u56fe-100x100.webp",100,100,true]},"uagb_author_info":{"display_name":"Miningspareparts","author_link":"https:\/\/miningspareparts.com\/es\/author\/"},"uagb_comment_info":0,"uagb_excerpt":"Here is a description of the Ammann Sim 150 Mixer And Parts Models:Ammann Sim150 POSITION ITEM CODE QTY CATEGORY NET WEIGHT Wall Liners 1 30500026 150\/515 42 Wall Liners 1 2 30500027 150\/516 14 Wall Liners 2 3 30500034 150\/522 4 Wall Liners 3 4 30500033 150\/521 12 Wall Liners 4 Arm &amp; Tips 1&hellip;","_links":{"self":[{"href":"https:\/\/miningspareparts.com\/es\/wp-json\/wp\/v2\/product\/1332","targetHints":{"allow":["GET"]}}],"collection":[{"href":"https:\/\/miningspareparts.com\/es\/wp-json\/wp\/v2\/product"}],"about":[{"href":"https:\/\/miningspareparts.com\/es\/wp-json\/wp\/v2\/types\/product"}],"wp:featuredmedia":[{"embeddable":true,"href":"https:\/\/miningspareparts.com\/es\/wp-json\/wp\/v2\/media\/1336"}],"wp:attachment":[{"href":"https:\/\/miningspareparts.com\/es\/wp-json\/wp\/v2\/media?parent=1332"}],"wp:term":[{"taxonomy":"product_brand","embeddable":true,"href":"https:\/\/miningspareparts.com\/es\/wp-json\/wp\/v2\/product_brand?post=1332"},{"taxonomy":"product_cat","embeddable":true,"href":"https:\/\/miningspareparts.com\/es\/wp-json\/wp\/v2\/product_cat?post=1332"},{"taxonomy":"product_tag","embeddable":true,"href":"https:\/\/miningspareparts.com\/es\/wp-json\/wp\/v2\/product_tag?post=1332"}],"curies":[{"name":"wp","href":"https:\/\/api.w.org\/{rel}","templated":true}]}}