{"id":1357,"date":"2023-12-16T02:50:47","date_gmt":"2023-12-16T02:50:47","guid":{"rendered":"https:\/\/miningspareparts.com\/?post_type=product&#038;p=1357"},"modified":"2024-01-16T08:39:13","modified_gmt":"2024-01-16T08:39:13","slug":"benninghoven-3000-mixer-and-parts","status":"publish","type":"product","link":"https:\/\/miningspareparts.com\/es\/producto\/benninghoven-3000-mixer-and-parts\/","title":{"rendered":"BENNINGHOVEN 3000 Mezclador Y Piezas"},"content":{"rendered":"<table width=\"1247\">\n<tbody>\n<tr>\n<td colspan=\"6\" width=\"1247\"><b>Modelos:<\/b><i>Benninghoven<\/i><i>\u00a03000<\/i><\/td>\n<\/tr>\n<tr>\n<td width=\"176\"><\/td>\n<td width=\"182\"><b>PUESTO<\/b><\/td>\n<td width=\"252\"><b>C\u00d3DIGO DE ART\u00cdCULO<\/b><\/td>\n<td width=\"127\"><b>CANT<\/b><\/td>\n<td width=\"230\"><b>CATEGOR\u00cdA<\/b><\/td>\n<td width=\"277\"><b>PESO NETO<\/b><\/td>\n<\/tr>\n<tr>\n<td rowspan=\"9\" width=\"176\"><b>Revestimientos murales<\/b><\/td>\n<td width=\"182\">1<\/td>\n<td width=\"252\">90-003121<\/td>\n<td width=\"127\">2<\/td>\n<td width=\"230\">Revestimientos murales 1<\/td>\n<td width=\"277\"><\/td>\n<\/tr>\n<tr>\n<td width=\"182\">2<\/td>\n<td width=\"252\">90-003122<\/td>\n<td width=\"127\">4<\/td>\n<td width=\"230\">Revestimientos murales 2<\/td>\n<td width=\"277\"><\/td>\n<\/tr>\n<tr>\n<td width=\"182\">3<\/td>\n<td width=\"252\">90-003120<\/td>\n<td width=\"127\">2<\/td>\n<td width=\"230\">Revestimientos murales 3<\/td>\n<td width=\"277\"><\/td>\n<\/tr>\n<tr>\n<td width=\"182\">4<\/td>\n<td width=\"252\">90-003118<\/td>\n<td width=\"127\">4<\/td>\n<td width=\"230\">Revestimientos murales 4<\/td>\n<td width=\"277\"><\/td>\n<\/tr>\n<tr>\n<td width=\"182\">5<\/td>\n<td width=\"252\">90-003119<\/td>\n<td width=\"127\">4<\/td>\n<td width=\"230\">Revestimientos murales 5<\/td>\n<td width=\"277\"><\/td>\n<\/tr>\n<tr>\n<td width=\"182\">6<\/td>\n<td width=\"252\">90-003123<\/td>\n<td width=\"127\">4<\/td>\n<td width=\"230\">Revestimientos murales 6<\/td>\n<td width=\"277\"><\/td>\n<\/tr>\n<tr>\n<td width=\"182\">7<\/td>\n<td width=\"252\">90-003124<\/td>\n<td width=\"127\">5<\/td>\n<td width=\"230\">Revestimientos murales 7<\/td>\n<td width=\"277\"><\/td>\n<\/tr>\n<tr>\n<td width=\"182\">8<\/td>\n<td width=\"252\">90-003125<\/td>\n<td width=\"127\">2<\/td>\n<td width=\"230\">Revestimientos murales 8<\/td>\n<td width=\"277\"><\/td>\n<\/tr>\n<tr>\n<td width=\"182\">9<\/td>\n<td width=\"252\">90-003126<\/td>\n<td width=\"127\">4<\/td>\n<td width=\"230\">Revestimientos murales 9<\/td>\n<td width=\"277\"><\/td>\n<\/tr>\n<\/tbody>\n<\/table>\n<table width=\"1239\">\n<tbody>\n<tr>\n<td width=\"172\"><\/td>\n<td width=\"205\"><b>PUESTO<\/b><\/td>\n<td width=\"226\"><b>C\u00d3DIGO DE ART\u00cdCULO<\/b><\/td>\n<td width=\"127\"><b>CANT<\/b><\/td>\n<td width=\"230\"><b>CATEGOR\u00cdA<\/b><\/td>\n<td width=\"277\"><b>PESO NETO<\/b><\/td>\n<\/tr>\n<tr>\n<td rowspan=\"10\" width=\"172\"><b>Revestimiento final<\/b><\/td>\n<td width=\"205\">1<\/td>\n<td width=\"226\">05-014883<\/td>\n<td width=\"127\">2<\/td>\n<td width=\"230\">Forro final 1<\/td>\n<td width=\"277\"><\/td>\n<\/tr>\n<tr>\n<td width=\"205\">2<\/td>\n<td width=\"226\">05-014884<\/td>\n<td width=\"127\">2<\/td>\n<td width=\"230\">Forro final 2<\/td>\n<td width=\"277\"><\/td>\n<\/tr>\n<tr>\n<td width=\"205\">3<\/td>\n<td width=\"226\">90-003108<\/td>\n<td width=\"127\">2<\/td>\n<td width=\"230\">Fin del forro 3<\/td>\n<td width=\"277\"><\/td>\n<\/tr>\n<tr>\n<td width=\"205\">4<\/td>\n<td width=\"226\">90-003107<\/td>\n<td width=\"127\">2<\/td>\n<td width=\"230\">Forro final 4<\/td>\n<td width=\"277\"><\/td>\n<\/tr>\n<tr>\n<td width=\"205\">5<\/td>\n<td width=\"226\">90-003111<\/td>\n<td width=\"127\">2<\/td>\n<td width=\"230\">Fin del forro 5<\/td>\n<td width=\"277\"><\/td>\n<\/tr>\n<tr>\n<td width=\"205\">6<\/td>\n<td width=\"226\">90-003112<\/td>\n<td width=\"127\">2<\/td>\n<td width=\"230\">Forro final 6<\/td>\n<td width=\"277\"><\/td>\n<\/tr>\n<tr>\n<td width=\"205\">7<\/td>\n<td width=\"226\">90-003110<\/td>\n<td width=\"127\">2<\/td>\n<td width=\"230\">Fin del forro 7<\/td>\n<td width=\"277\"><\/td>\n<\/tr>\n<tr>\n<td width=\"205\">8<\/td>\n<td width=\"226\">90-003109<\/td>\n<td width=\"127\">2<\/td>\n<td width=\"230\">Forro final 8<\/td>\n<td width=\"277\"><\/td>\n<\/tr>\n<tr>\n<td width=\"205\">9<\/td>\n<td width=\"226\">90-003106<\/td>\n<td width=\"127\">4<\/td>\n<td width=\"230\">Fin del forro 9<\/td>\n<td width=\"277\"><\/td>\n<\/tr>\n<tr>\n<td width=\"205\">10<\/td>\n<td width=\"226\">05-002782\u00a0\/\u00a005-002783<\/td>\n<td width=\"127\">2\/2<\/td>\n<td width=\"230\">Fin Forro 10<\/td>\n<td width=\"277\"><\/td>\n<\/tr>\n<tr>\n<td rowspan=\"7\" width=\"172\"><b>Brazo y puntas<\/b><\/td>\n<td width=\"205\">1<\/td>\n<td width=\"226\">90-003114<\/td>\n<td width=\"127\">12<\/td>\n<td width=\"230\">Esp\u00e1tula izquierda<\/td>\n<td width=\"277\"><\/td>\n<\/tr>\n<tr>\n<td width=\"205\">2<\/td>\n<td width=\"226\">90-003115<\/td>\n<td width=\"127\">4<\/td>\n<td width=\"230\">Pala derecha<\/td>\n<td width=\"277\"><\/td>\n<\/tr>\n<tr>\n<td width=\"205\">3<\/td>\n<td width=\"226\">90-003127<\/td>\n<td width=\"127\">12<\/td>\n<td width=\"230\">Estante izquierdo<\/td>\n<td width=\"277\"><\/td>\n<\/tr>\n<tr>\n<td width=\"205\">4<\/td>\n<td width=\"226\">90-003128<\/td>\n<td width=\"127\">2<\/td>\n<td width=\"230\">Estante derecho<\/td>\n<td width=\"277\"><\/td>\n<\/tr>\n<tr>\n<td width=\"205\">5<\/td>\n<td width=\"226\">90-039132<\/td>\n<td width=\"127\">16<\/td>\n<td width=\"230\">Protector de cremallera izquierdo<\/td>\n<td width=\"277\"><\/td>\n<\/tr>\n<tr>\n<td width=\"205\">6<\/td>\n<td width=\"226\">90-039131<\/td>\n<td width=\"127\">16<\/td>\n<td width=\"230\">Protector de cremallera derecho<\/td>\n<td width=\"277\"><\/td>\n<\/tr>\n<tr>\n<td width=\"205\">7<\/td>\n<td width=\"226\">90-047505<\/td>\n<td width=\"127\">16<\/td>\n<td width=\"230\">Lug<\/td>\n<td width=\"277\"><\/td>\n<\/tr>\n<\/tbody>\n<\/table>\n<p><img fetchpriority=\"high\" decoding=\"async\" class=\"wp-image-3550 alignleft\" src=\"https:\/\/miningspareparts.com\/wp-content\/uploads\/2024\/01\/Mixer-And-Wear-Parts1-239x300.webp\" alt=\"\" width=\"498\" height=\"625\" srcset=\"https:\/\/miningspareparts.com\/wp-content\/uploads\/2024\/01\/Mixer-And-Wear-Parts1-239x300.webp 239w, https:\/\/miningspareparts.com\/wp-content\/uploads\/2024\/01\/Mixer-And-Wear-Parts1-817x1024.webp 817w, https:\/\/miningspareparts.com\/wp-content\/uploads\/2024\/01\/Mixer-And-Wear-Parts1-768x963.webp 768w, https:\/\/miningspareparts.com\/wp-content\/uploads\/2024\/01\/Mixer-And-Wear-Parts1-1226x1536.webp 1226w, https:\/\/miningspareparts.com\/wp-content\/uploads\/2024\/01\/Mixer-And-Wear-Parts1-1634x2048.webp 1634w, https:\/\/miningspareparts.com\/wp-content\/uploads\/2024\/01\/Mixer-And-Wear-Parts1-600x752.webp 600w, https:\/\/miningspareparts.com\/wp-content\/uploads\/2024\/01\/Mixer-And-Wear-Parts1.webp 2037w\" sizes=\"(max-width: 498px) 100vw, 498px\" \/><span style=\"font-size: 16px\">\u00a0<\/span><img decoding=\"async\" class=\"wp-image-3551 alignnone\" style=\"font-weight: inherit\" src=\"https:\/\/miningspareparts.com\/wp-content\/uploads\/2024\/01\/Mixer-And-Wear-Parts2-210x300.webp\" alt=\"\" width=\"454\" height=\"649\" srcset=\"https:\/\/miningspareparts.com\/wp-content\/uploads\/2024\/01\/Mixer-And-Wear-Parts2-210x300.webp 210w, https:\/\/miningspareparts.com\/wp-content\/uploads\/2024\/01\/Mixer-And-Wear-Parts2-600x856.webp 600w\" sizes=\"(max-width: 454px) 100vw, 454px\" \/><\/p>\n<p>Como fabricante de primer nivel, nos especializamos en la producci\u00f3n de componentes de repuesto originales para la mezcladora de doble eje BENNINGHOVEN 3000, incluidas cuchillas, brazos mezcladores y revestimientos fabricados con precisi\u00f3n. Nuestro compromiso con la excelencia es evidente en la calidad superior de nuestros productos, dise\u00f1ados para satisfacer los exigentes requisitos de la industria de la construcci\u00f3n. Estos componentes sirven como recambios fiables, garantizando la eficacia y longevidad de su equipo mezclador. Lo que nos diferencia es nuestra dedicaci\u00f3n al uso de materiales de alta calidad y un dise\u00f1o innovador, lo que da como resultado productos que cumplen sistem\u00e1ticamente las normas m\u00e1s exigentes del sector. Nos enorgullecemos de ofrecer soluciones rentables, garantizando que nuestros productos ofrezcan un rendimiento y una durabilidad excepcionales. La serie 3000 de BENNINGHOVEN ejemplifica nuestro compromiso de fabricar accesorios de maquinaria minera de primera categor\u00eda, apoyando el \u00e9xito de sus proyectos con componentes fiables y de alto rendimiento.<\/p>","protected":false},"excerpt":{"rendered":"<p><b>Modelos:<\/b><i>Benninghoven<\/i><i>\u00a03000<\/i><\/p>","protected":false},"featured_media":1359,"template":"","meta":{"_uag_custom_page_level_css":"","site-sidebar-layout":"default","site-content-layout":"","ast-site-content-layout":"default","site-content-style":"default","site-sidebar-style":"default","ast-global-header-display":"","ast-banner-title-visibility":"","ast-main-header-display":"","ast-hfb-above-header-display":"","ast-hfb-below-header-display":"","ast-hfb-mobile-header-display":"","site-post-title":"","ast-breadcrumbs-content":"","ast-featured-img":"","footer-sml-layout":"","ast-disable-related-posts":"","theme-transparent-header-meta":"default","adv-header-id-meta":"","stick-header-meta":"default","header-above-stick-meta":"","header-main-stick-meta":"","header-below-stick-meta":"","astra-migrate-meta-layouts":"set","ast-page-background-enabled":"default","ast-page-background-meta":{"desktop":{"background-color":"var(--ast-global-color-4)","background-image":"","background-repeat":"repeat","background-position":"center center","background-size":"auto","background-attachment":"scroll","background-type":"","background-media":"","overlay-type":"","overlay-color":"","overlay-opacity":"","overlay-gradient":""},"tablet":{"background-color":"","background-image":"","background-repeat":"repeat","background-position":"center center","background-size":"auto","background-attachment":"scroll","background-type":"","background-media":"","overlay-type":"","overlay-color":"","overlay-opacity":"","overlay-gradient":""},"mobile":{"background-color":"","background-image":"","background-repeat":"repeat","background-position":"center center","background-size":"auto","background-attachment":"scroll","background-type":"","background-media":"","overlay-type":"","overlay-color":"","overlay-opacity":"","overlay-gradient":""}},"ast-content-background-meta":{"desktop":{"background-color":"var(--ast-global-color-5)","background-image":"","background-repeat":"repeat","background-position":"center center","background-size":"auto","background-attachment":"scroll","background-type":"","background-media":"","overlay-type":"","overlay-color":"","overlay-opacity":"","overlay-gradient":""},"tablet":{"background-color":"var(--ast-global-color-5)","background-image":"","background-repeat":"repeat","background-position":"center center","background-size":"auto","background-attachment":"scroll","background-type":"","background-media":"","overlay-type":"","overlay-color":"","overlay-opacity":"","overlay-gradient":""},"mobile":{"background-color":"var(--ast-global-color-5)","background-image":"","background-repeat":"repeat","background-position":"center center","background-size":"auto","background-attachment":"scroll","background-type":"","background-media":"","overlay-type":"","overlay-color":"","overlay-opacity":"","overlay-gradient":""}}},"product_brand":[],"product_cat":[266,82],"product_tag":[267,270,269],"class_list":{"0":"post-1357","1":"product","2":"type-product","3":"status-publish","4":"has-post-thumbnail","6":"product_cat-benninghoven","7":"product_cat-asphalt-mixer-parts","8":"product_tag-asphalt","9":"product_tag-benninghoven","10":"product_tag-mixing-arm","11":"desktop-align-left","12":"tablet-align-left","13":"mobile-align-left","14":"ast-product-gallery-layout-horizontal-slider","15":"ast-product-single-variable","16":"ast-product-tabs-layout-horizontal","18":"first","19":"instock","20":"shipping-taxable","21":"purchasable","22":"product-type-variable"},"yoast_head":"<!-- This site is optimized with the Yoast SEO plugin v27.4 - https:\/\/yoast.com\/product\/yoast-seo-wordpress\/ -->\n<title>BENNINGHOVEN 3000 Asphalt Mixer Parts - Crusher parts, Slurry Pump Parts, Excavator shovel parts<\/title>\n<meta name=\"description\" content=\"Crafted for excellence, BENNINGHOVEN 3000 twin-shaft mixer blades, mixing arms, and liners stand as original replacements with outstanding wear resistance.\" \/>\n<meta name=\"robots\" content=\"index, follow, max-snippet:-1, max-image-preview:large, max-video-preview:-1\" \/>\n<link rel=\"canonical\" href=\"https:\/\/miningspareparts.com\/es\/producto\/benninghoven-3000-mixer-and-parts\/\" \/>\n<meta property=\"og:locale\" content=\"es_MX\" \/>\n<meta property=\"og:type\" content=\"article\" \/>\n<meta property=\"og:title\" content=\"BENNINGHOVEN 3000 Asphalt Mixer Parts - Crusher parts, Slurry Pump Parts, Excavator shovel parts\" \/>\n<meta property=\"og:description\" content=\"Crafted for excellence, BENNINGHOVEN 3000 twin-shaft mixer blades, mixing arms, and liners stand as original replacements with outstanding wear resistance.\" \/>\n<meta property=\"og:url\" content=\"https:\/\/miningspareparts.com\/es\/producto\/benninghoven-3000-mixer-and-parts\/\" \/>\n<meta property=\"og:site_name\" content=\"Crusher parts, Slurry Pump Parts, Excavator shovel parts\" \/>\n<meta property=\"article:modified_time\" content=\"2024-01-16T08:39:13+00:00\" \/>\n<meta property=\"og:image\" content=\"https:\/\/miningspareparts.com\/wp-content\/uploads\/2023\/12\/\u7aef\u7532-3.webp\" \/>\n\t<meta property=\"og:image:width\" content=\"1417\" \/>\n\t<meta property=\"og:image:height\" content=\"1417\" \/>\n\t<meta property=\"og:image:type\" content=\"image\/webp\" \/>\n<meta name=\"twitter:card\" content=\"summary_large_image\" \/>\n<meta name=\"twitter:label1\" content=\"Tiempo de lectura\" \/>\n\t<meta name=\"twitter:data1\" content=\"2 minutos\" \/>\n<script type=\"application\/ld+json\" class=\"yoast-schema-graph\">{\"@context\":\"https:\\\/\\\/schema.org\",\"@graph\":[{\"@type\":\"WebPage\",\"@id\":\"https:\\\/\\\/miningspareparts.com\\\/product\\\/benninghoven-3000-mixer-and-parts\\\/\",\"url\":\"https:\\\/\\\/miningspareparts.com\\\/product\\\/benninghoven-3000-mixer-and-parts\\\/\",\"name\":\"BENNINGHOVEN 3000 Asphalt Mixer Parts - Crusher parts, Slurry Pump Parts, Excavator shovel parts\",\"isPartOf\":{\"@id\":\"https:\\\/\\\/miningspareparts.com\\\/#website\"},\"primaryImageOfPage\":{\"@id\":\"https:\\\/\\\/miningspareparts.com\\\/product\\\/benninghoven-3000-mixer-and-parts\\\/#primaryimage\"},\"image\":{\"@id\":\"https:\\\/\\\/miningspareparts.com\\\/product\\\/benninghoven-3000-mixer-and-parts\\\/#primaryimage\"},\"thumbnailUrl\":\"https:\\\/\\\/miningspareparts.com\\\/wp-content\\\/uploads\\\/2023\\\/12\\\/\u7aef\u7532-3.webp\",\"datePublished\":\"2023-12-16T02:50:47+00:00\",\"dateModified\":\"2024-01-16T08:39:13+00:00\",\"description\":\"Crafted for excellence, BENNINGHOVEN 3000 twin-shaft mixer blades, mixing arms, and liners stand as original replacements with outstanding wear resistance.\",\"breadcrumb\":{\"@id\":\"https:\\\/\\\/miningspareparts.com\\\/product\\\/benninghoven-3000-mixer-and-parts\\\/#breadcrumb\"},\"inLanguage\":\"es\",\"potentialAction\":[{\"@type\":\"ReadAction\",\"target\":[\"https:\\\/\\\/miningspareparts.com\\\/product\\\/benninghoven-3000-mixer-and-parts\\\/\"]}]},{\"@type\":\"ImageObject\",\"inLanguage\":\"es\",\"@id\":\"https:\\\/\\\/miningspareparts.com\\\/product\\\/benninghoven-3000-mixer-and-parts\\\/#primaryimage\",\"url\":\"https:\\\/\\\/miningspareparts.com\\\/wp-content\\\/uploads\\\/2023\\\/12\\\/\u7aef\u7532-3.webp\",\"contentUrl\":\"https:\\\/\\\/miningspareparts.com\\\/wp-content\\\/uploads\\\/2023\\\/12\\\/\u7aef\u7532-3.webp\",\"width\":1417,\"height\":1417,\"caption\":\"asphalt BENNINGHOVEN 3000 Mixer end liner\"},{\"@type\":\"BreadcrumbList\",\"@id\":\"https:\\\/\\\/miningspareparts.com\\\/product\\\/benninghoven-3000-mixer-and-parts\\\/#breadcrumb\",\"itemListElement\":[{\"@type\":\"ListItem\",\"position\":1,\"name\":\"Home\",\"item\":\"https:\\\/\\\/miningspareparts.com\\\/\"},{\"@type\":\"ListItem\",\"position\":2,\"name\":\"Premium Mining Wear And Spare Parts\",\"item\":\"https:\\\/\\\/miningspareparts.com\\\/shop\\\/\"},{\"@type\":\"ListItem\",\"position\":3,\"name\":\"BENNINGHOVEN 3000 Mixer And Parts\"}]},{\"@type\":\"WebSite\",\"@id\":\"https:\\\/\\\/miningspareparts.com\\\/#website\",\"url\":\"https:\\\/\\\/miningspareparts.com\\\/\",\"name\":\"Crusher parts , Concrete Mixer Parts, Slurry Pump Parts, Mining Spares\",\"description\":\"Mining Wear &amp; Spare Parts Supplier\",\"publisher\":{\"@id\":\"https:\\\/\\\/miningspareparts.com\\\/#organization\"},\"potentialAction\":[{\"@type\":\"SearchAction\",\"target\":{\"@type\":\"EntryPoint\",\"urlTemplate\":\"https:\\\/\\\/miningspareparts.com\\\/?s={search_term_string}\"},\"query-input\":{\"@type\":\"PropertyValueSpecification\",\"valueRequired\":true,\"valueName\":\"search_term_string\"}}],\"inLanguage\":\"es\"},{\"@type\":\"Organization\",\"@id\":\"https:\\\/\\\/miningspareparts.com\\\/#organization\",\"name\":\"Crusher parts , Concrete Mixer Parts, Slurry Pump Parts, Mining Spares\",\"url\":\"https:\\\/\\\/miningspareparts.com\\\/\",\"logo\":{\"@type\":\"ImageObject\",\"inLanguage\":\"es\",\"@id\":\"https:\\\/\\\/miningspareparts.com\\\/#\\\/schema\\\/logo\\\/image\\\/\",\"url\":\"https:\\\/\\\/miningspareparts.com\\\/wp-content\\\/uploads\\\/2025\\\/04\\\/cropped-cropped-logo\u6b63\u65b9\u5f62.png\",\"contentUrl\":\"https:\\\/\\\/miningspareparts.com\\\/wp-content\\\/uploads\\\/2025\\\/04\\\/cropped-cropped-logo\u6b63\u65b9\u5f62.png\",\"width\":511,\"height\":171,\"caption\":\"Crusher parts , Concrete Mixer Parts, Slurry Pump Parts, Mining Spares\"},\"image\":{\"@id\":\"https:\\\/\\\/miningspareparts.com\\\/#\\\/schema\\\/logo\\\/image\\\/\"}}]}<\/script>\n<!-- \/ Yoast SEO plugin. -->","yoast_head_json":{"title":"BENNINGHOVEN 3000 Asphalt Mixer Parts - Crusher parts, Slurry Pump Parts, Excavator shovel parts","description":"Crafted for excellence, BENNINGHOVEN 3000 twin-shaft mixer blades, mixing arms, and liners stand as original replacements with outstanding wear resistance.","robots":{"index":"index","follow":"follow","max-snippet":"max-snippet:-1","max-image-preview":"max-image-preview:large","max-video-preview":"max-video-preview:-1"},"canonical":"https:\/\/miningspareparts.com\/es\/producto\/benninghoven-3000-mixer-and-parts\/","og_locale":"es_MX","og_type":"article","og_title":"BENNINGHOVEN 3000 Asphalt Mixer Parts - Crusher parts, Slurry Pump Parts, Excavator shovel parts","og_description":"Crafted for excellence, BENNINGHOVEN 3000 twin-shaft mixer blades, mixing arms, and liners stand as original replacements with outstanding wear resistance.","og_url":"https:\/\/miningspareparts.com\/es\/producto\/benninghoven-3000-mixer-and-parts\/","og_site_name":"Crusher parts, Slurry Pump Parts, Excavator shovel parts","article_modified_time":"2024-01-16T08:39:13+00:00","og_image":[{"width":1417,"height":1417,"url":"https:\/\/miningspareparts.com\/wp-content\/uploads\/2023\/12\/\u7aef\u7532-3.webp","type":"image\/webp"}],"twitter_card":"summary_large_image","twitter_misc":{"Tiempo de lectura":"2 minutos"},"schema":{"@context":"https:\/\/schema.org","@graph":[{"@type":"WebPage","@id":"https:\/\/miningspareparts.com\/product\/benninghoven-3000-mixer-and-parts\/","url":"https:\/\/miningspareparts.com\/product\/benninghoven-3000-mixer-and-parts\/","name":"BENNINGHOVEN 3000 Asphalt Mixer Parts - Crusher parts, Slurry Pump Parts, Excavator shovel parts","isPartOf":{"@id":"https:\/\/miningspareparts.com\/#website"},"primaryImageOfPage":{"@id":"https:\/\/miningspareparts.com\/product\/benninghoven-3000-mixer-and-parts\/#primaryimage"},"image":{"@id":"https:\/\/miningspareparts.com\/product\/benninghoven-3000-mixer-and-parts\/#primaryimage"},"thumbnailUrl":"https:\/\/miningspareparts.com\/wp-content\/uploads\/2023\/12\/\u7aef\u7532-3.webp","datePublished":"2023-12-16T02:50:47+00:00","dateModified":"2024-01-16T08:39:13+00:00","description":"Crafted for excellence, BENNINGHOVEN 3000 twin-shaft mixer blades, mixing arms, and liners stand as original replacements with outstanding wear resistance.","breadcrumb":{"@id":"https:\/\/miningspareparts.com\/product\/benninghoven-3000-mixer-and-parts\/#breadcrumb"},"inLanguage":"es","potentialAction":[{"@type":"ReadAction","target":["https:\/\/miningspareparts.com\/product\/benninghoven-3000-mixer-and-parts\/"]}]},{"@type":"ImageObject","inLanguage":"es","@id":"https:\/\/miningspareparts.com\/product\/benninghoven-3000-mixer-and-parts\/#primaryimage","url":"https:\/\/miningspareparts.com\/wp-content\/uploads\/2023\/12\/\u7aef\u7532-3.webp","contentUrl":"https:\/\/miningspareparts.com\/wp-content\/uploads\/2023\/12\/\u7aef\u7532-3.webp","width":1417,"height":1417,"caption":"asphalt BENNINGHOVEN 3000 Mixer end liner"},{"@type":"BreadcrumbList","@id":"https:\/\/miningspareparts.com\/product\/benninghoven-3000-mixer-and-parts\/#breadcrumb","itemListElement":[{"@type":"ListItem","position":1,"name":"Home","item":"https:\/\/miningspareparts.com\/"},{"@type":"ListItem","position":2,"name":"Premium Mining Wear And Spare Parts","item":"https:\/\/miningspareparts.com\/shop\/"},{"@type":"ListItem","position":3,"name":"BENNINGHOVEN 3000 Mixer And Parts"}]},{"@type":"WebSite","@id":"https:\/\/miningspareparts.com\/#website","url":"https:\/\/miningspareparts.com\/","name":"Crusher parts , Concrete Mixer Parts, Slurry Pump Parts, Mining Spares","description":"Mining Wear &amp; Spare Parts Supplier","publisher":{"@id":"https:\/\/miningspareparts.com\/#organization"},"potentialAction":[{"@type":"SearchAction","target":{"@type":"EntryPoint","urlTemplate":"https:\/\/miningspareparts.com\/?s={search_term_string}"},"query-input":{"@type":"PropertyValueSpecification","valueRequired":true,"valueName":"search_term_string"}}],"inLanguage":"es"},{"@type":"Organization","@id":"https:\/\/miningspareparts.com\/#organization","name":"Crusher parts , Concrete Mixer Parts, Slurry Pump Parts, Mining Spares","url":"https:\/\/miningspareparts.com\/","logo":{"@type":"ImageObject","inLanguage":"es","@id":"https:\/\/miningspareparts.com\/#\/schema\/logo\/image\/","url":"https:\/\/miningspareparts.com\/wp-content\/uploads\/2025\/04\/cropped-cropped-logo\u6b63\u65b9\u5f62.png","contentUrl":"https:\/\/miningspareparts.com\/wp-content\/uploads\/2025\/04\/cropped-cropped-logo\u6b63\u65b9\u5f62.png","width":511,"height":171,"caption":"Crusher parts , Concrete Mixer Parts, Slurry Pump Parts, Mining Spares"},"image":{"@id":"https:\/\/miningspareparts.com\/#\/schema\/logo\/image\/"}}]}},"uagb_featured_image_src":{"full":["https:\/\/miningspareparts.com\/wp-content\/uploads\/2023\/12\/\u7aef\u7532-3.webp",1417,1417,false],"thumbnail":["https:\/\/miningspareparts.com\/wp-content\/uploads\/2023\/12\/\u7aef\u7532-3-150x150.webp",150,150,true],"medium":["https:\/\/miningspareparts.com\/wp-content\/uploads\/2023\/12\/\u7aef\u7532-3-300x300.webp",300,300,true],"medium_large":["https:\/\/miningspareparts.com\/wp-content\/uploads\/2023\/12\/\u7aef\u7532-3-768x768.webp",768,768,true],"large":["https:\/\/miningspareparts.com\/wp-content\/uploads\/2023\/12\/\u7aef\u7532-3-1024x1024.webp",1024,1024,true],"1536x1536":["https:\/\/miningspareparts.com\/wp-content\/uploads\/2023\/12\/\u7aef\u7532-3.webp",1417,1417,false],"2048x2048":["https:\/\/miningspareparts.com\/wp-content\/uploads\/2023\/12\/\u7aef\u7532-3.webp",1417,1417,false],"trp-custom-language-flag":["https:\/\/miningspareparts.com\/wp-content\/uploads\/2023\/12\/\u7aef\u7532-3.webp",12,12,false],"woocommerce_thumbnail":["https:\/\/miningspareparts.com\/wp-content\/uploads\/2023\/12\/\u7aef\u7532-3-300x300.webp",300,300,true],"woocommerce_single":["https:\/\/miningspareparts.com\/wp-content\/uploads\/2023\/12\/\u7aef\u7532-3-600x600.webp",600,600,true],"woocommerce_gallery_thumbnail":["https:\/\/miningspareparts.com\/wp-content\/uploads\/2023\/12\/\u7aef\u7532-3-100x100.webp",100,100,true]},"uagb_author_info":{"display_name":"Miningspareparts","author_link":"https:\/\/miningspareparts.com\/es\/author\/"},"uagb_comment_info":0,"uagb_excerpt":"Models:Benninghoven\u00a03000","_links":{"self":[{"href":"https:\/\/miningspareparts.com\/es\/wp-json\/wp\/v2\/product\/1357","targetHints":{"allow":["GET"]}}],"collection":[{"href":"https:\/\/miningspareparts.com\/es\/wp-json\/wp\/v2\/product"}],"about":[{"href":"https:\/\/miningspareparts.com\/es\/wp-json\/wp\/v2\/types\/product"}],"wp:featuredmedia":[{"embeddable":true,"href":"https:\/\/miningspareparts.com\/es\/wp-json\/wp\/v2\/media\/1359"}],"wp:attachment":[{"href":"https:\/\/miningspareparts.com\/es\/wp-json\/wp\/v2\/media?parent=1357"}],"wp:term":[{"taxonomy":"product_brand","embeddable":true,"href":"https:\/\/miningspareparts.com\/es\/wp-json\/wp\/v2\/product_brand?post=1357"},{"taxonomy":"product_cat","embeddable":true,"href":"https:\/\/miningspareparts.com\/es\/wp-json\/wp\/v2\/product_cat?post=1357"},{"taxonomy":"product_tag","embeddable":true,"href":"https:\/\/miningspareparts.com\/es\/wp-json\/wp\/v2\/product_tag?post=1357"}],"curies":[{"name":"wp","href":"https:\/\/api.w.org\/{rel}","templated":true}]}}