{"id":1377,"date":"2023-12-16T03:31:48","date_gmt":"2023-12-16T03:31:48","guid":{"rendered":"https:\/\/miningspareparts.com\/?post_type=product&#038;p=1377"},"modified":"2024-01-16T08:40:55","modified_gmt":"2024-01-16T08:40:55","slug":"ammann-amix-2-30-a-mixer-and-parts","status":"publish","type":"product","link":"https:\/\/miningspareparts.com\/es\/producto\/ammann-amix-2-30-a-mixer-and-parts\/","title":{"rendered":"Ammann AMIX-2.30-A Mezclador Y Piezas"},"content":{"rendered":"<p><strong>He aqu\u00ed una descripci\u00f3n de Ammann AMIX-2.30-A Mixer And Parts<\/strong><\/p>\n<table width=\"1239\">\n<tbody>\n<tr>\n<td colspan=\"6\" width=\"1239\"><b>Modelos:AMIX-2.30-A<\/b><\/td>\n<\/tr>\n<tr>\n<td width=\"168\"><\/td>\n<td width=\"182\"><b>PUESTO<\/b><\/td>\n<td width=\"252\"><b>C\u00d3DIGO DE ART\u00cdCULO<\/b><\/td>\n<td width=\"127\"><b>CANT<\/b><\/td>\n<td width=\"230\"><b>CATEGOR\u00cdA<\/b><\/td>\n<td width=\"277\"><b>PESO NETO<\/b><\/td>\n<\/tr>\n<tr>\n<td rowspan=\"9\" width=\"168\"><b>Revestimientos murales<\/b><\/td>\n<td width=\"182\">1<\/td>\n<td width=\"252\">1165148<\/td>\n<td width=\"127\">4<\/td>\n<td width=\"230\">Revestimientos murales 1<\/td>\n<td width=\"277\"><\/td>\n<\/tr>\n<tr>\n<td width=\"182\">2<\/td>\n<td width=\"252\">1165149<\/td>\n<td width=\"127\">20<\/td>\n<td width=\"230\">Revestimientos murales 2<\/td>\n<td width=\"277\"><\/td>\n<\/tr>\n<tr>\n<td width=\"182\">3<\/td>\n<td width=\"252\">1165147<\/td>\n<td width=\"127\">4<\/td>\n<td width=\"230\">Revestimientos murales 3<\/td>\n<td width=\"277\"><\/td>\n<\/tr>\n<tr>\n<td width=\"182\">4<\/td>\n<td width=\"252\">1236952<\/td>\n<td width=\"127\">2<\/td>\n<td width=\"230\">Revestimientos murales 4<\/td>\n<td width=\"277\"><\/td>\n<\/tr>\n<tr>\n<td width=\"182\">5<\/td>\n<td width=\"252\">1236953<\/td>\n<td width=\"127\">10<\/td>\n<td width=\"230\">Revestimientos murales 5<\/td>\n<td width=\"277\"><\/td>\n<\/tr>\n<tr>\n<td width=\"182\">6<\/td>\n<td width=\"252\">1236958<\/td>\n<td width=\"127\">2<\/td>\n<td width=\"230\">Revestimientos murales 6<\/td>\n<td width=\"277\"><\/td>\n<\/tr>\n<tr>\n<td width=\"182\">7<\/td>\n<td width=\"252\">1237020<\/td>\n<td width=\"127\">4<\/td>\n<td width=\"230\">Revestimientos murales 7<\/td>\n<td width=\"277\"><\/td>\n<\/tr>\n<tr>\n<td width=\"182\">8<\/td>\n<td width=\"252\">1236988<\/td>\n<td width=\"127\">10<\/td>\n<td width=\"230\">Revestimientos murales 8<\/td>\n<td width=\"277\"><\/td>\n<\/tr>\n<tr>\n<td width=\"182\">9<\/td>\n<td width=\"252\">1236991<\/td>\n<td width=\"127\">14<\/td>\n<td width=\"230\">Revestimientos murales 9<\/td>\n<td width=\"277\"><\/td>\n<\/tr>\n<tr>\n<td width=\"168\"><\/td>\n<td width=\"182\"><\/td>\n<td width=\"252\"><\/td>\n<td width=\"127\"><\/td>\n<td width=\"230\"><\/td>\n<td width=\"277\"><\/td>\n<\/tr>\n<tr>\n<td rowspan=\"3\" width=\"168\"><b>Revestimiento final<\/b><\/td>\n<td width=\"182\">1<\/td>\n<td width=\"252\">1165352<\/td>\n<td width=\"127\">16<\/td>\n<td width=\"230\">Forro final 1<\/td>\n<td width=\"277\"><\/td>\n<\/tr>\n<tr>\n<td width=\"182\">2<\/td>\n<td width=\"252\">1236899<\/td>\n<td width=\"127\">4<\/td>\n<td width=\"230\">Revestimiento final2<\/td>\n<td width=\"277\"><\/td>\n<\/tr>\n<tr>\n<td width=\"182\">3<\/td>\n<td width=\"252\">1236892<\/td>\n<td width=\"127\">4<\/td>\n<td width=\"230\">Fin del forro 3<\/td>\n<td width=\"277\"><\/td>\n<\/tr>\n<tr>\n<td width=\"168\"><\/td>\n<td width=\"182\"><\/td>\n<td width=\"252\"><\/td>\n<td width=\"127\"><\/td>\n<td width=\"230\"><\/td>\n<td width=\"277\"><\/td>\n<\/tr>\n<tr>\n<td rowspan=\"6\" width=\"168\"><b>Brazo y puntas<\/b><\/td>\n<td width=\"182\">1<\/td>\n<td width=\"252\">1029663<\/td>\n<td width=\"127\">22<\/td>\n<td width=\"230\">Esp\u00e1tula 1029663<\/td>\n<td width=\"277\"><\/td>\n<\/tr>\n<tr>\n<td width=\"182\">2<\/td>\n<td width=\"252\">1018427<\/td>\n<td width=\"127\">4<\/td>\n<td width=\"230\">Estante izquierdo 1018427<\/td>\n<td width=\"277\"><\/td>\n<\/tr>\n<tr>\n<td width=\"182\">3<\/td>\n<td width=\"252\">1023371<\/td>\n<td width=\"127\">18<\/td>\n<td width=\"230\">Cremallera derecha 1023371<\/td>\n<td width=\"277\"><\/td>\n<\/tr>\n<tr>\n<td width=\"182\">4<\/td>\n<td width=\"252\"><\/td>\n<td width=\"127\">4<\/td>\n<td width=\"230\">Puesto de protecci\u00f3n izquierdo<\/td>\n<td width=\"277\"><\/td>\n<\/tr>\n<tr>\n<td width=\"182\/\"><\/td>\n<td width=\"252\/\"><\/td>\n<td width=\"127\/\"><\/td>\n<td width=\"230\/\"><\/td>\n<td width=\"277\/\"><\/td>\n<\/tr>\n<tr>\n<td width=\"182\/\"><\/td>\n<td width=\"252\/\"><\/td>\n<td width=\"127\/\"><\/td>\n<td width=\"230\/\"><\/td>\n<td width=\"277\/\"><\/td>\n<\/tr>\n<\/tbody>\n<\/table>\n<p><img fetchpriority=\"high\" decoding=\"async\" class=\"wp-image-3550 alignleft\" src=\"https:\/\/miningspareparts.com\/wp-content\/uploads\/2024\/01\/Mixer-And-Wear-Parts1-239x300.webp\" alt=\"\" width=\"498\" height=\"625\" srcset=\"https:\/\/miningspareparts.com\/wp-content\/uploads\/2024\/01\/Mixer-And-Wear-Parts1-239x300.webp 239w, https:\/\/miningspareparts.com\/wp-content\/uploads\/2024\/01\/Mixer-And-Wear-Parts1-817x1024.webp 817w, https:\/\/miningspareparts.com\/wp-content\/uploads\/2024\/01\/Mixer-And-Wear-Parts1-768x963.webp 768w, https:\/\/miningspareparts.com\/wp-content\/uploads\/2024\/01\/Mixer-And-Wear-Parts1-1226x1536.webp 1226w, https:\/\/miningspareparts.com\/wp-content\/uploads\/2024\/01\/Mixer-And-Wear-Parts1-1634x2048.webp 1634w, https:\/\/miningspareparts.com\/wp-content\/uploads\/2024\/01\/Mixer-And-Wear-Parts1-600x752.webp 600w, https:\/\/miningspareparts.com\/wp-content\/uploads\/2024\/01\/Mixer-And-Wear-Parts1.webp 2037w\" sizes=\"(max-width: 498px) 100vw, 498px\" \/><span style=\"font-size: 16px\">\u00a0<\/span><img decoding=\"async\" class=\"wp-image-3551 alignnone\" style=\"font-weight: inherit\" src=\"https:\/\/miningspareparts.com\/wp-content\/uploads\/2024\/01\/Mixer-And-Wear-Parts2-210x300.webp\" alt=\"\" width=\"454\" height=\"649\" srcset=\"https:\/\/miningspareparts.com\/wp-content\/uploads\/2024\/01\/Mixer-And-Wear-Parts2-210x300.webp 210w, https:\/\/miningspareparts.com\/wp-content\/uploads\/2024\/01\/Mixer-And-Wear-Parts2-600x856.webp 600w\" sizes=\"(max-width: 454px) 100vw, 454px\" \/><\/p>\n<p>Como fabricante de primer nivel, nos enorgullecemos de producir componentes de alto rendimiento para la mezcladora de asfalto de doble eje Ammann AMIX-2.30-A, dise\u00f1ados espec\u00edficamente para satisfacer las demandas de sus operaciones de mezcla. Nuestro enfoque en la excelencia se extiende al suministro de piezas de repuesto originales que se integran perfectamente con su equipo, garantizando una funcionalidad y longevidad \u00f3ptimas.<\/p>\n<p>Fabricados con precisi\u00f3n, nuestras palas mezcladoras de doble eje, brazos mezcladores y revestimientos est\u00e1n dise\u00f1ados no s\u00f3lo para cumplir las normas del sector, sino para superarlas. Entendemos la importancia de la durabilidad en el duro entorno de la mezcla de asfalto, y nuestros componentes est\u00e1n fabricados para soportar los rigores de la operaci\u00f3n continua.<\/p>\n<p>Cuando se trata de recambios originales, nuestro compromiso es suministrar piezas que coincidan exactamente con las especificaciones de los componentes OEM. Esto garantiza un ajuste y una compatibilidad perfectos, lo que facilita la instalaci\u00f3n y minimiza el tiempo de inactividad durante el mantenimiento o las reparaciones. Nuestra dedicaci\u00f3n a suministrar recambios originales refleja nuestra comprensi\u00f3n del papel cr\u00edtico que desempe\u00f1an estos componentes en la eficiencia y productividad de su mezcladora Ammann AMIX-2.30-A.<\/p>\n<p>En el \u00e1mbito de las soluciones posventa, nuestras palas mezcladoras de doble eje, brazos mezcladores y revestimientos destacan por su durabilidad y fiabilidad. Dise\u00f1ados para soportar la naturaleza abrasiva del mezclado de asfalto, estos componentes contribuyen a un rendimiento sostenido, reduciendo la frecuencia de las sustituciones y los costes de mantenimiento asociados.<\/p>\n<p>Lo que nos diferencia no es s\u00f3lo la calidad de nuestros componentes, sino tambi\u00e9n nuestro inquebrantable compromiso con la satisfacci\u00f3n del cliente. Damos prioridad a la durabilidad en todos los aspectos de nuestro proceso de fabricaci\u00f3n, desde la selecci\u00f3n de materiales hasta la ingenier\u00eda de precisi\u00f3n. Nuestras soluciones posventa ofrecen una alternativa rentable sin comprometer el rendimiento, lo que le proporciona una ventaja competitiva en el sector.<\/p>\n<p>Elija nuestras palas, brazos mezcladores y camisas para mezcladoras de asfalto de doble eje Ammann AMIX-2.30-A para obtener una combinaci\u00f3n ganadora de precisi\u00f3n de recambio original, durabilidad posventa y excelencia general en el campo. Experimente la diferencia que nuestro compromiso con la calidad y la satisfacci\u00f3n del cliente puede marcar en sus operaciones de mezclado de asfalto.<\/p>","protected":false},"excerpt":{"rendered":"<table width=\"1239\">\n<tbody>\n<tr>\n<td colspan=\"6\" width=\"1239\"><b>Modelos:AMIX-2.30-A<\/b><\/td>\n<\/tr>\n<\/tbody>\n<\/table>","protected":false},"featured_media":1380,"template":"","meta":{"_uag_custom_page_level_css":"","site-sidebar-layout":"default","site-content-layout":"","ast-site-content-layout":"default","site-content-style":"default","site-sidebar-style":"default","ast-global-header-display":"","ast-banner-title-visibility":"","ast-main-header-display":"","ast-hfb-above-header-display":"","ast-hfb-below-header-display":"","ast-hfb-mobile-header-display":"","site-post-title":"","ast-breadcrumbs-content":"","ast-featured-img":"","footer-sml-layout":"","ast-disable-related-posts":"","theme-transparent-header-meta":"default","adv-header-id-meta":"","stick-header-meta":"default","header-above-stick-meta":"","header-main-stick-meta":"","header-below-stick-meta":"","astra-migrate-meta-layouts":"set","ast-page-background-enabled":"default","ast-page-background-meta":{"desktop":{"background-color":"var(--ast-global-color-4)","background-image":"","background-repeat":"repeat","background-position":"center center","background-size":"auto","background-attachment":"scroll","background-type":"","background-media":"","overlay-type":"","overlay-color":"","overlay-opacity":"","overlay-gradient":""},"tablet":{"background-color":"","background-image":"","background-repeat":"repeat","background-position":"center center","background-size":"auto","background-attachment":"scroll","background-type":"","background-media":"","overlay-type":"","overlay-color":"","overlay-opacity":"","overlay-gradient":""},"mobile":{"background-color":"","background-image":"","background-repeat":"repeat","background-position":"center center","background-size":"auto","background-attachment":"scroll","background-type":"","background-media":"","overlay-type":"","overlay-color":"","overlay-opacity":"","overlay-gradient":""}},"ast-content-background-meta":{"desktop":{"background-color":"var(--ast-global-color-5)","background-image":"","background-repeat":"repeat","background-position":"center center","background-size":"auto","background-attachment":"scroll","background-type":"","background-media":"","overlay-type":"","overlay-color":"","overlay-opacity":"","overlay-gradient":""},"tablet":{"background-color":"var(--ast-global-color-5)","background-image":"","background-repeat":"repeat","background-position":"center center","background-size":"auto","background-attachment":"scroll","background-type":"","background-media":"","overlay-type":"","overlay-color":"","overlay-opacity":"","overlay-gradient":""},"mobile":{"background-color":"var(--ast-global-color-5)","background-image":"","background-repeat":"repeat","background-position":"center center","background-size":"auto","background-attachment":"scroll","background-type":"","background-media":"","overlay-type":"","overlay-color":"","overlay-opacity":"","overlay-gradient":""}}},"product_brand":[],"product_cat":[82,84],"product_tag":[272,267,268,269],"class_list":{"0":"post-1377","1":"product","2":"type-product","3":"status-publish","4":"has-post-thumbnail","6":"product_cat-asphalt-mixer-parts","7":"product_cat-ammann","8":"product_tag-ammann","9":"product_tag-asphalt","10":"product_tag-blade","11":"product_tag-mixing-arm","12":"desktop-align-left","13":"tablet-align-left","14":"mobile-align-left","15":"ast-product-gallery-layout-horizontal-slider","16":"ast-product-single-variable","17":"ast-product-tabs-layout-horizontal","19":"first","20":"instock","21":"shipping-taxable","22":"purchasable","23":"product-type-variable"},"yoast_head":"<!-- This site is optimized with the Yoast SEO plugin v27.4 - https:\/\/yoast.com\/product\/yoast-seo-wordpress\/ -->\n<title>Ammann AMIX-2.30-A Asphalt Mixer And Parts - Crusher parts, Slurry Pump Parts, Excavator shovel parts<\/title>\n<meta name=\"description\" content=\"Original replacement Ammann AMIX-2.30-A asphalt twin-shaft mixer blades, mixing arms, and liners, ensuring precise fit and optimal performance.\" \/>\n<meta name=\"robots\" content=\"index, follow, max-snippet:-1, max-image-preview:large, max-video-preview:-1\" \/>\n<link rel=\"canonical\" href=\"https:\/\/miningspareparts.com\/es\/producto\/ammann-amix-2-30-a-mixer-and-parts\/\" \/>\n<meta property=\"og:locale\" content=\"es_MX\" \/>\n<meta property=\"og:type\" content=\"article\" \/>\n<meta property=\"og:title\" content=\"Ammann AMIX-2.30-A Asphalt Mixer And Parts - Crusher parts, Slurry Pump Parts, Excavator shovel parts\" \/>\n<meta property=\"og:description\" content=\"Original replacement Ammann AMIX-2.30-A asphalt twin-shaft mixer blades, mixing arms, and liners, ensuring precise fit and optimal performance.\" \/>\n<meta property=\"og:url\" content=\"https:\/\/miningspareparts.com\/es\/producto\/ammann-amix-2-30-a-mixer-and-parts\/\" \/>\n<meta property=\"og:site_name\" content=\"Crusher parts, Slurry Pump Parts, Excavator shovel parts\" \/>\n<meta property=\"article:modified_time\" content=\"2024-01-16T08:40:55+00:00\" \/>\n<meta property=\"og:image\" content=\"https:\/\/miningspareparts.com\/wp-content\/uploads\/2023\/12\/\u6df7\u6ce5\u571f-1.webp\" \/>\n\t<meta property=\"og:image:width\" content=\"1417\" \/>\n\t<meta property=\"og:image:height\" content=\"1417\" \/>\n\t<meta property=\"og:image:type\" content=\"image\/webp\" \/>\n<meta name=\"twitter:card\" content=\"summary_large_image\" \/>\n<meta name=\"twitter:label1\" content=\"Tiempo de lectura\" \/>\n\t<meta name=\"twitter:data1\" content=\"3 minutos\" \/>\n<script type=\"application\/ld+json\" class=\"yoast-schema-graph\">{\"@context\":\"https:\\\/\\\/schema.org\",\"@graph\":[{\"@type\":\"WebPage\",\"@id\":\"https:\\\/\\\/miningspareparts.com\\\/product\\\/ammann-amix-2-30-a-mixer-and-parts\\\/\",\"url\":\"https:\\\/\\\/miningspareparts.com\\\/product\\\/ammann-amix-2-30-a-mixer-and-parts\\\/\",\"name\":\"Ammann AMIX-2.30-A Asphalt Mixer And Parts - Crusher parts, Slurry Pump Parts, Excavator shovel parts\",\"isPartOf\":{\"@id\":\"https:\\\/\\\/miningspareparts.com\\\/#website\"},\"primaryImageOfPage\":{\"@id\":\"https:\\\/\\\/miningspareparts.com\\\/product\\\/ammann-amix-2-30-a-mixer-and-parts\\\/#primaryimage\"},\"image\":{\"@id\":\"https:\\\/\\\/miningspareparts.com\\\/product\\\/ammann-amix-2-30-a-mixer-and-parts\\\/#primaryimage\"},\"thumbnailUrl\":\"https:\\\/\\\/miningspareparts.com\\\/wp-content\\\/uploads\\\/2023\\\/12\\\/\u6df7\u6ce5\u571f-1.webp\",\"datePublished\":\"2023-12-16T03:31:48+00:00\",\"dateModified\":\"2024-01-16T08:40:55+00:00\",\"description\":\"Original replacement Ammann AMIX-2.30-A asphalt twin-shaft mixer blades, mixing arms, and liners, ensuring precise fit and optimal performance.\",\"breadcrumb\":{\"@id\":\"https:\\\/\\\/miningspareparts.com\\\/product\\\/ammann-amix-2-30-a-mixer-and-parts\\\/#breadcrumb\"},\"inLanguage\":\"es\",\"potentialAction\":[{\"@type\":\"ReadAction\",\"target\":[\"https:\\\/\\\/miningspareparts.com\\\/product\\\/ammann-amix-2-30-a-mixer-and-parts\\\/\"]}]},{\"@type\":\"ImageObject\",\"inLanguage\":\"es\",\"@id\":\"https:\\\/\\\/miningspareparts.com\\\/product\\\/ammann-amix-2-30-a-mixer-and-parts\\\/#primaryimage\",\"url\":\"https:\\\/\\\/miningspareparts.com\\\/wp-content\\\/uploads\\\/2023\\\/12\\\/\u6df7\u6ce5\u571f-1.webp\",\"contentUrl\":\"https:\\\/\\\/miningspareparts.com\\\/wp-content\\\/uploads\\\/2023\\\/12\\\/\u6df7\u6ce5\u571f-1.webp\",\"width\":1417,\"height\":1417,\"caption\":\"asphalt Ammann AMIX-2.3-A Mixer And Parts\"},{\"@type\":\"BreadcrumbList\",\"@id\":\"https:\\\/\\\/miningspareparts.com\\\/product\\\/ammann-amix-2-30-a-mixer-and-parts\\\/#breadcrumb\",\"itemListElement\":[{\"@type\":\"ListItem\",\"position\":1,\"name\":\"Home\",\"item\":\"https:\\\/\\\/miningspareparts.com\\\/\"},{\"@type\":\"ListItem\",\"position\":2,\"name\":\"Premium Mining Wear And Spare Parts\",\"item\":\"https:\\\/\\\/miningspareparts.com\\\/shop\\\/\"},{\"@type\":\"ListItem\",\"position\":3,\"name\":\"Ammann AMIX-2.30-A Mixer And Parts\"}]},{\"@type\":\"WebSite\",\"@id\":\"https:\\\/\\\/miningspareparts.com\\\/#website\",\"url\":\"https:\\\/\\\/miningspareparts.com\\\/\",\"name\":\"Crusher parts , Concrete Mixer Parts, Slurry Pump Parts, Mining Spares\",\"description\":\"Mining Wear &amp; Spare Parts Supplier\",\"publisher\":{\"@id\":\"https:\\\/\\\/miningspareparts.com\\\/#organization\"},\"potentialAction\":[{\"@type\":\"SearchAction\",\"target\":{\"@type\":\"EntryPoint\",\"urlTemplate\":\"https:\\\/\\\/miningspareparts.com\\\/?s={search_term_string}\"},\"query-input\":{\"@type\":\"PropertyValueSpecification\",\"valueRequired\":true,\"valueName\":\"search_term_string\"}}],\"inLanguage\":\"es\"},{\"@type\":\"Organization\",\"@id\":\"https:\\\/\\\/miningspareparts.com\\\/#organization\",\"name\":\"Crusher parts , Concrete Mixer Parts, Slurry Pump Parts, Mining Spares\",\"url\":\"https:\\\/\\\/miningspareparts.com\\\/\",\"logo\":{\"@type\":\"ImageObject\",\"inLanguage\":\"es\",\"@id\":\"https:\\\/\\\/miningspareparts.com\\\/#\\\/schema\\\/logo\\\/image\\\/\",\"url\":\"https:\\\/\\\/miningspareparts.com\\\/wp-content\\\/uploads\\\/2025\\\/04\\\/cropped-cropped-logo\u6b63\u65b9\u5f62.png\",\"contentUrl\":\"https:\\\/\\\/miningspareparts.com\\\/wp-content\\\/uploads\\\/2025\\\/04\\\/cropped-cropped-logo\u6b63\u65b9\u5f62.png\",\"width\":511,\"height\":171,\"caption\":\"Crusher parts , Concrete Mixer Parts, Slurry Pump Parts, Mining Spares\"},\"image\":{\"@id\":\"https:\\\/\\\/miningspareparts.com\\\/#\\\/schema\\\/logo\\\/image\\\/\"}}]}<\/script>\n<!-- \/ Yoast SEO plugin. -->","yoast_head_json":{"title":"Ammann AMIX-2.30-A Asphalt Mixer And Parts - Crusher parts, Slurry Pump Parts, Excavator shovel parts","description":"Original replacement Ammann AMIX-2.30-A asphalt twin-shaft mixer blades, mixing arms, and liners, ensuring precise fit and optimal performance.","robots":{"index":"index","follow":"follow","max-snippet":"max-snippet:-1","max-image-preview":"max-image-preview:large","max-video-preview":"max-video-preview:-1"},"canonical":"https:\/\/miningspareparts.com\/es\/producto\/ammann-amix-2-30-a-mixer-and-parts\/","og_locale":"es_MX","og_type":"article","og_title":"Ammann AMIX-2.30-A Asphalt Mixer And Parts - Crusher parts, Slurry Pump Parts, Excavator shovel parts","og_description":"Original replacement Ammann AMIX-2.30-A asphalt twin-shaft mixer blades, mixing arms, and liners, ensuring precise fit and optimal performance.","og_url":"https:\/\/miningspareparts.com\/es\/producto\/ammann-amix-2-30-a-mixer-and-parts\/","og_site_name":"Crusher parts, Slurry Pump Parts, Excavator shovel parts","article_modified_time":"2024-01-16T08:40:55+00:00","og_image":[{"width":1417,"height":1417,"url":"https:\/\/miningspareparts.com\/wp-content\/uploads\/2023\/12\/\u6df7\u6ce5\u571f-1.webp","type":"image\/webp"}],"twitter_card":"summary_large_image","twitter_misc":{"Tiempo de lectura":"3 minutos"},"schema":{"@context":"https:\/\/schema.org","@graph":[{"@type":"WebPage","@id":"https:\/\/miningspareparts.com\/product\/ammann-amix-2-30-a-mixer-and-parts\/","url":"https:\/\/miningspareparts.com\/product\/ammann-amix-2-30-a-mixer-and-parts\/","name":"Ammann AMIX-2.30-A Asphalt Mixer And Parts - Crusher parts, Slurry Pump Parts, Excavator shovel parts","isPartOf":{"@id":"https:\/\/miningspareparts.com\/#website"},"primaryImageOfPage":{"@id":"https:\/\/miningspareparts.com\/product\/ammann-amix-2-30-a-mixer-and-parts\/#primaryimage"},"image":{"@id":"https:\/\/miningspareparts.com\/product\/ammann-amix-2-30-a-mixer-and-parts\/#primaryimage"},"thumbnailUrl":"https:\/\/miningspareparts.com\/wp-content\/uploads\/2023\/12\/\u6df7\u6ce5\u571f-1.webp","datePublished":"2023-12-16T03:31:48+00:00","dateModified":"2024-01-16T08:40:55+00:00","description":"Original replacement Ammann AMIX-2.30-A asphalt twin-shaft mixer blades, mixing arms, and liners, ensuring precise fit and optimal performance.","breadcrumb":{"@id":"https:\/\/miningspareparts.com\/product\/ammann-amix-2-30-a-mixer-and-parts\/#breadcrumb"},"inLanguage":"es","potentialAction":[{"@type":"ReadAction","target":["https:\/\/miningspareparts.com\/product\/ammann-amix-2-30-a-mixer-and-parts\/"]}]},{"@type":"ImageObject","inLanguage":"es","@id":"https:\/\/miningspareparts.com\/product\/ammann-amix-2-30-a-mixer-and-parts\/#primaryimage","url":"https:\/\/miningspareparts.com\/wp-content\/uploads\/2023\/12\/\u6df7\u6ce5\u571f-1.webp","contentUrl":"https:\/\/miningspareparts.com\/wp-content\/uploads\/2023\/12\/\u6df7\u6ce5\u571f-1.webp","width":1417,"height":1417,"caption":"asphalt Ammann AMIX-2.3-A Mixer And Parts"},{"@type":"BreadcrumbList","@id":"https:\/\/miningspareparts.com\/product\/ammann-amix-2-30-a-mixer-and-parts\/#breadcrumb","itemListElement":[{"@type":"ListItem","position":1,"name":"Home","item":"https:\/\/miningspareparts.com\/"},{"@type":"ListItem","position":2,"name":"Premium Mining Wear And Spare Parts","item":"https:\/\/miningspareparts.com\/shop\/"},{"@type":"ListItem","position":3,"name":"Ammann AMIX-2.30-A Mixer And Parts"}]},{"@type":"WebSite","@id":"https:\/\/miningspareparts.com\/#website","url":"https:\/\/miningspareparts.com\/","name":"Crusher parts , Concrete Mixer Parts, Slurry Pump Parts, Mining Spares","description":"Mining Wear &amp; Spare Parts Supplier","publisher":{"@id":"https:\/\/miningspareparts.com\/#organization"},"potentialAction":[{"@type":"SearchAction","target":{"@type":"EntryPoint","urlTemplate":"https:\/\/miningspareparts.com\/?s={search_term_string}"},"query-input":{"@type":"PropertyValueSpecification","valueRequired":true,"valueName":"search_term_string"}}],"inLanguage":"es"},{"@type":"Organization","@id":"https:\/\/miningspareparts.com\/#organization","name":"Crusher parts , Concrete Mixer Parts, Slurry Pump Parts, Mining Spares","url":"https:\/\/miningspareparts.com\/","logo":{"@type":"ImageObject","inLanguage":"es","@id":"https:\/\/miningspareparts.com\/#\/schema\/logo\/image\/","url":"https:\/\/miningspareparts.com\/wp-content\/uploads\/2025\/04\/cropped-cropped-logo\u6b63\u65b9\u5f62.png","contentUrl":"https:\/\/miningspareparts.com\/wp-content\/uploads\/2025\/04\/cropped-cropped-logo\u6b63\u65b9\u5f62.png","width":511,"height":171,"caption":"Crusher parts , Concrete Mixer Parts, Slurry Pump Parts, Mining Spares"},"image":{"@id":"https:\/\/miningspareparts.com\/#\/schema\/logo\/image\/"}}]}},"uagb_featured_image_src":{"full":["https:\/\/miningspareparts.com\/wp-content\/uploads\/2023\/12\/\u6df7\u6ce5\u571f-1.webp",1417,1417,false],"thumbnail":["https:\/\/miningspareparts.com\/wp-content\/uploads\/2023\/12\/\u6df7\u6ce5\u571f-1-150x150.webp",150,150,true],"medium":["https:\/\/miningspareparts.com\/wp-content\/uploads\/2023\/12\/\u6df7\u6ce5\u571f-1-300x300.webp",300,300,true],"medium_large":["https:\/\/miningspareparts.com\/wp-content\/uploads\/2023\/12\/\u6df7\u6ce5\u571f-1-768x768.webp",768,768,true],"large":["https:\/\/miningspareparts.com\/wp-content\/uploads\/2023\/12\/\u6df7\u6ce5\u571f-1-1024x1024.webp",1024,1024,true],"1536x1536":["https:\/\/miningspareparts.com\/wp-content\/uploads\/2023\/12\/\u6df7\u6ce5\u571f-1.webp",1417,1417,false],"2048x2048":["https:\/\/miningspareparts.com\/wp-content\/uploads\/2023\/12\/\u6df7\u6ce5\u571f-1.webp",1417,1417,false],"trp-custom-language-flag":["https:\/\/miningspareparts.com\/wp-content\/uploads\/2023\/12\/\u6df7\u6ce5\u571f-1.webp",12,12,false],"woocommerce_thumbnail":["https:\/\/miningspareparts.com\/wp-content\/uploads\/2023\/12\/\u6df7\u6ce5\u571f-1-300x300.webp",300,300,true],"woocommerce_single":["https:\/\/miningspareparts.com\/wp-content\/uploads\/2023\/12\/\u6df7\u6ce5\u571f-1-600x600.webp",600,600,true],"woocommerce_gallery_thumbnail":["https:\/\/miningspareparts.com\/wp-content\/uploads\/2023\/12\/\u6df7\u6ce5\u571f-1-100x100.webp",100,100,true]},"uagb_author_info":{"display_name":"Miningspareparts","author_link":"https:\/\/miningspareparts.com\/es\/author\/"},"uagb_comment_info":0,"uagb_excerpt":"Models:AMIX-2.30-A","_links":{"self":[{"href":"https:\/\/miningspareparts.com\/es\/wp-json\/wp\/v2\/product\/1377","targetHints":{"allow":["GET"]}}],"collection":[{"href":"https:\/\/miningspareparts.com\/es\/wp-json\/wp\/v2\/product"}],"about":[{"href":"https:\/\/miningspareparts.com\/es\/wp-json\/wp\/v2\/types\/product"}],"wp:featuredmedia":[{"embeddable":true,"href":"https:\/\/miningspareparts.com\/es\/wp-json\/wp\/v2\/media\/1380"}],"wp:attachment":[{"href":"https:\/\/miningspareparts.com\/es\/wp-json\/wp\/v2\/media?parent=1377"}],"wp:term":[{"taxonomy":"product_brand","embeddable":true,"href":"https:\/\/miningspareparts.com\/es\/wp-json\/wp\/v2\/product_brand?post=1377"},{"taxonomy":"product_cat","embeddable":true,"href":"https:\/\/miningspareparts.com\/es\/wp-json\/wp\/v2\/product_cat?post=1377"},{"taxonomy":"product_tag","embeddable":true,"href":"https:\/\/miningspareparts.com\/es\/wp-json\/wp\/v2\/product_tag?post=1377"}],"curies":[{"name":"wp","href":"https:\/\/api.w.org\/{rel}","templated":true}]}}