{"id":1393,"date":"2023-12-16T05:01:22","date_gmt":"2023-12-16T05:01:22","guid":{"rendered":"https:\/\/miningspareparts.com\/?post_type=product&#038;p=1393"},"modified":"2024-01-16T08:37:01","modified_gmt":"2024-01-16T08:37:01","slug":"ammann-uniglobe-240-mixer-parts","status":"publish","type":"product","link":"https:\/\/miningspareparts.com\/es\/producto\/ammann-uniglobe-240-mixer-parts\/","title":{"rendered":"Ammann Uniglobe 240 Mezclador Y Piezas"},"content":{"rendered":"<p><strong>He aqu\u00ed una descripci\u00f3n de la Ammann Uniglobe 240 Mixer And Parts<\/strong><\/p>\n<table width=\"1239\">\n<tbody>\n<tr>\n<td colspan=\"6\" width=\"1239\"><b>Modelos:<\/b><i>Ammann<\/i><i>\u00a0Global 240<\/i><\/td>\n<\/tr>\n<tr>\n<td width=\"168\"><\/td>\n<td width=\"182\"><b>PUESTO<\/b><\/td>\n<td width=\"252\"><b>C\u00d3DIGO DE ART\u00cdCULO<\/b><\/td>\n<td width=\"127\"><b>CANT<\/b><\/td>\n<td width=\"230\"><b>CATEGOR\u00cdA<\/b><\/td>\n<td width=\"277\"><b>PESO NETO<\/b><\/td>\n<\/tr>\n<tr>\n<td rowspan=\"5\" width=\"168\"><b>Revestimientos murales<\/b><\/td>\n<td width=\"182\">1<\/td>\n<td width=\"252\">\u2116 J083126<\/td>\n<td width=\"127\">6<\/td>\n<td width=\"230\">Revestimientos murales 1<\/td>\n<td width=\"277\"><\/td>\n<\/tr>\n<tr>\n<td width=\"182\">2<\/td>\n<td width=\"252\">\u2116 J083127<\/td>\n<td width=\"127\">48<\/td>\n<td width=\"230\">Revestimientos murales 2<\/td>\n<td width=\"277\"><\/td>\n<\/tr>\n<tr>\n<td width=\"182\">3<\/td>\n<td width=\"252\">\u2116 J083128<\/td>\n<td width=\"127\">6<\/td>\n<td width=\"230\">Revestimientos murales 3<\/td>\n<td width=\"277\"><\/td>\n<\/tr>\n<tr>\n<td width=\"182\">4<\/td>\n<td width=\"252\">\u2116 J066155<\/td>\n<td width=\"127\">4<\/td>\n<td width=\"230\">Revestimientos murales 4<\/td>\n<td width=\"277\"><\/td>\n<\/tr>\n<tr>\n<td width=\"182\">5<\/td>\n<td width=\"252\">\u2116 J083120<\/td>\n<td width=\"127\">16<\/td>\n<td width=\"230\">Revestimientos murales 5<\/td>\n<td width=\"277\"><\/td>\n<\/tr>\n<tr>\n<td width=\"168\"><\/td>\n<td width=\"182\"><\/td>\n<td width=\"252\"><\/td>\n<td width=\"127\"><\/td>\n<td width=\"230\"><\/td>\n<td width=\"277\"><\/td>\n<\/tr>\n<tr>\n<td rowspan=\"5\" width=\"168\"><b>Revestimiento final<\/b><\/td>\n<td width=\"182\">1<\/td>\n<td width=\"252\">J083121<\/td>\n<td width=\"127\">16<\/td>\n<td width=\"230\">Forro final 1<\/td>\n<td width=\"277\"><\/td>\n<\/tr>\n<tr>\n<td width=\"182\">2<\/td>\n<td width=\"252\">J083125<\/td>\n<td width=\"127\">2<\/td>\n<td width=\"230\">Revestimiento final2<\/td>\n<td width=\"277\"><\/td>\n<\/tr>\n<tr>\n<td width=\"182\">3<\/td>\n<td width=\"252\">J083123<\/td>\n<td width=\"127\">2<\/td>\n<td width=\"230\">Fin del forro 3<\/td>\n<td width=\"277\"><\/td>\n<\/tr>\n<tr>\n<td width=\"182\">4<\/td>\n<td width=\"252\">1119074<\/td>\n<td width=\"127\">2<\/td>\n<td width=\"230\">Forro final 4<\/td>\n<td width=\"277\"><\/td>\n<\/tr>\n<tr>\n<td width=\"182\">5<\/td>\n<td width=\"252\">1119076<\/td>\n<td width=\"127\">2<\/td>\n<td width=\"230\">Fin del forro 5<\/td>\n<td width=\"277\"><\/td>\n<\/tr>\n<tr>\n<td width=\"168\"><\/td>\n<td width=\"182\"><\/td>\n<td width=\"252\"><\/td>\n<td width=\"127\"><\/td>\n<td width=\"230\"><\/td>\n<td width=\"277\"><\/td>\n<\/tr>\n<tr>\n<td rowspan=\"6\" width=\"168\"><b>Brazo y puntas<\/b><\/td>\n<td width=\"182\">1<\/td>\n<td width=\"252\">\u2116 1029663<\/td>\n<td width=\"127\">22<\/td>\n<td width=\"230\">Esp\u00e1tula<\/td>\n<td width=\"277\"><\/td>\n<\/tr>\n<tr>\n<td width=\"182\">2<\/td>\n<td width=\"252\">\u2116 1018427<\/td>\n<td width=\"127\">4<\/td>\n<td width=\"230\">Estante izquierdo<\/td>\n<td width=\"277\"><\/td>\n<\/tr>\n<tr>\n<td width=\"182\">3<\/td>\n<td width=\"252\">\u2116 1023371<\/td>\n<td width=\"127\">18<\/td>\n<td width=\"230\">Cremallera derecha<\/td>\n<td width=\"277\"><\/td>\n<\/tr>\n<tr>\n<td width=\"182\">4<\/td>\n<td width=\"252\"><\/td>\n<td width=\"127\">4<\/td>\n<td width=\"230\">Protector de cremallera izquierdo<\/td>\n<td width=\"277\"><\/td>\n<\/tr>\n<tr>\n<td width=\"182\">5<\/td>\n<td width=\"252\"><\/td>\n<td width=\"127\">18<\/td>\n<td width=\"230\">Protector de cremallera derecho<\/td>\n<td width=\"277\"><\/td>\n<\/tr>\n<tr>\n<td width=\"182\">6<\/td>\n<td width=\"252\">\u2116 1018428<\/td>\n<td width=\"127\">18<\/td>\n<td width=\"230\">Boogeyman<\/td>\n<td width=\"277\"><\/td>\n<\/tr>\n<\/tbody>\n<\/table>\n<p><img fetchpriority=\"high\" decoding=\"async\" class=\"wp-image-3550 alignleft\" src=\"https:\/\/miningspareparts.com\/wp-content\/uploads\/2024\/01\/Mixer-And-Wear-Parts1-239x300.webp\" alt=\"\" width=\"498\" height=\"625\" srcset=\"https:\/\/miningspareparts.com\/wp-content\/uploads\/2024\/01\/Mixer-And-Wear-Parts1-239x300.webp 239w, https:\/\/miningspareparts.com\/wp-content\/uploads\/2024\/01\/Mixer-And-Wear-Parts1-817x1024.webp 817w, https:\/\/miningspareparts.com\/wp-content\/uploads\/2024\/01\/Mixer-And-Wear-Parts1-768x963.webp 768w, https:\/\/miningspareparts.com\/wp-content\/uploads\/2024\/01\/Mixer-And-Wear-Parts1-1226x1536.webp 1226w, https:\/\/miningspareparts.com\/wp-content\/uploads\/2024\/01\/Mixer-And-Wear-Parts1-1634x2048.webp 1634w, https:\/\/miningspareparts.com\/wp-content\/uploads\/2024\/01\/Mixer-And-Wear-Parts1-600x752.webp 600w, https:\/\/miningspareparts.com\/wp-content\/uploads\/2024\/01\/Mixer-And-Wear-Parts1.webp 2037w\" sizes=\"(max-width: 498px) 100vw, 498px\" \/><span style=\"font-size: 16px\">\u00a0<\/span><img decoding=\"async\" class=\"wp-image-3551 alignnone\" style=\"font-weight: inherit\" src=\"https:\/\/miningspareparts.com\/wp-content\/uploads\/2024\/01\/Mixer-And-Wear-Parts2-210x300.webp\" alt=\"\" width=\"454\" height=\"649\" srcset=\"https:\/\/miningspareparts.com\/wp-content\/uploads\/2024\/01\/Mixer-And-Wear-Parts2-210x300.webp 210w, https:\/\/miningspareparts.com\/wp-content\/uploads\/2024\/01\/Mixer-And-Wear-Parts2-600x856.webp 600w\" sizes=\"(max-width: 454px) 100vw, 454px\" \/><\/p>\n<p>&nbsp;<\/p>\n<table width=\"586\">\n<tbody>\n<tr>\n<td width=\"71\">N\u00famero<\/td>\n<td width=\"184\">C\u00f3digo del art\u00edculo<\/td>\n<td width=\"151\">Nombre del art\u00edculo<\/td>\n<td width=\"94\">Cantidad\/set<\/td>\n<td width=\"86\">Peso<\/td>\n<\/tr>\n<tr>\n<td>1<\/td>\n<td>25677<\/td>\n<td>Revestimientos sectoriales<\/td>\n<td>16<\/td>\n<td>15.3<\/td>\n<\/tr>\n<tr>\n<td>2<\/td>\n<td>25679-D<\/td>\n<td>Revestimientos finales<\/td>\n<td>4<\/td>\n<td>19.7<\/td>\n<\/tr>\n<tr>\n<td>3<\/td>\n<td>25681-C<\/td>\n<td>Revestimientos finales<\/td>\n<td>4<\/td>\n<td>19.5<\/td>\n<\/tr>\n<tr>\n<td>4<\/td>\n<td>25682<\/td>\n<td>Revestimiento inferior<\/td>\n<td>6<\/td>\n<td>10.8<\/td>\n<\/tr>\n<tr>\n<td>5<\/td>\n<td>25683<\/td>\n<td>Revestimiento inferior<\/td>\n<td>48<\/td>\n<td>9.9<\/td>\n<\/tr>\n<tr>\n<td>6<\/td>\n<td>25684<\/td>\n<td>Revestimiento inferior<\/td>\n<td>6<\/td>\n<td>9<\/td>\n<\/tr>\n<tr>\n<td>7<\/td>\n<td>25689-L<\/td>\n<td>Protecci\u00f3n del brazo-L<\/td>\n<td>4<\/td>\n<td>6.3<\/td>\n<\/tr>\n<tr>\n<td>8<\/td>\n<td>25686-R<\/td>\n<td>Protecci\u00f3n del brazo-R<\/td>\n<td>18<\/td>\n<td>6.3<\/td>\n<\/tr>\n<tr>\n<td>9<\/td>\n<td>25676<\/td>\n<td>Puerta<\/td>\n<td>20<\/td>\n<td>6.6<\/td>\n<\/tr>\n<tr>\n<td>10<\/td>\n<td>1029663<\/td>\n<td>Consejos<\/td>\n<td>22<\/td>\n<td>8<\/td>\n<\/tr>\n<tr>\n<td>11<\/td>\n<td>1018428<\/td>\n<td>Cubo<\/td>\n<td>18<\/td>\n<td>21.9<\/td>\n<\/tr>\n<tr>\n<td>12<\/td>\n<td>1023371-L<\/td>\n<td>\u00a0Brazo-L<\/td>\n<td>4<\/td>\n<td>42.3<\/td>\n<\/tr>\n<tr>\n<td>13<\/td>\n<td>1018427-R<\/td>\n<td>\u00a0Brazo-R<\/td>\n<td>18<\/td>\n<td>42.3<\/td>\n<\/tr>\n<\/tbody>\n<\/table>\n<p>Como fabricante l\u00edder de palas, brazos mezcladores y revestimientos para mezcladoras asf\u00e1lticas de doble eje Ammann Uniglobe 240, nos enorgullecemos de ofrecer componentes de repuesto originales que garantizan un rendimiento excepcional. Nuestros productos sirven como alternativas fiables en el mercado de recambios, ofreciendo durabilidad y longevidad. Fabricados con precisi\u00f3n y utilizando materiales de alta calidad, nuestras palas mezcladoras, brazos mezcladores y camisas est\u00e1n dise\u00f1ados para soportar los rigores de las aplicaciones de mezclado de asfalto.<\/p>\n<p>La serie Uniglobe 240 de Ammann destaca por su ingenier\u00eda innovadora, contribuyendo a la eficiencia y productividad de las plantas mezcladoras de asfalto. Nuestros componentes de repuesto originales garantizan una compatibilidad perfecta y un funcionamiento \u00f3ptimo, manteniendo los altos est\u00e1ndares establecidos por Ammann.<\/p>\n<p>Comprometidos con la calidad, nuestros productos se someten a rigurosas pruebas para cumplir las especificaciones del sector. La construcci\u00f3n duradera de nuestras palas mezcladoras, brazos mezcladores y revestimientos garantiza un rendimiento constante y fiable, incluso en entornos exigentes. Tanto si se dedica a proyectos de construcci\u00f3n a gran escala como al mantenimiento rutinario, nuestros componentes proporcionan la durabilidad necesaria para una vida \u00fatil prolongada.<\/p>\n<p>La elecci\u00f3n de nuestras piezas de repuesto originales para su mezcladora de asfalto de doble eje Ammann Uniglobe 240 demuestra un compromiso con la calidad y la fiabilidad. Respaldados por nuestra experiencia y dedicaci\u00f3n a la satisfacci\u00f3n del cliente, ofrecemos una soluci\u00f3n integral para sus necesidades de mezclado de asfalto. Experimente la diferencia de nuestros componentes duraderos, dise\u00f1ados para resistir los desaf\u00edos de la operaci\u00f3n continua manteniendo el m\u00e1ximo rendimiento.<\/p>","protected":false},"excerpt":{"rendered":"<table width=\"1239\">\n<tbody>\n<tr>\n<td colspan=\"6\" width=\"1239\"><b>Modelos:<\/b><i>Ammann<\/i><i>\u00a0Global 240<\/i><\/td>\n<\/tr>\n<\/tbody>\n<\/table>","protected":false},"featured_media":1394,"template":"","meta":{"_uag_custom_page_level_css":"","site-sidebar-layout":"default","site-content-layout":"","ast-site-content-layout":"default","site-content-style":"default","site-sidebar-style":"default","ast-global-header-display":"","ast-banner-title-visibility":"","ast-main-header-display":"","ast-hfb-above-header-display":"","ast-hfb-below-header-display":"","ast-hfb-mobile-header-display":"","site-post-title":"","ast-breadcrumbs-content":"","ast-featured-img":"","footer-sml-layout":"","ast-disable-related-posts":"","theme-transparent-header-meta":"default","adv-header-id-meta":"","stick-header-meta":"default","header-above-stick-meta":"","header-main-stick-meta":"","header-below-stick-meta":"","astra-migrate-meta-layouts":"set","ast-page-background-enabled":"default","ast-page-background-meta":{"desktop":{"background-color":"var(--ast-global-color-4)","background-image":"","background-repeat":"repeat","background-position":"center center","background-size":"auto","background-attachment":"scroll","background-type":"","background-media":"","overlay-type":"","overlay-color":"","overlay-opacity":"","overlay-gradient":""},"tablet":{"background-color":"","background-image":"","background-repeat":"repeat","background-position":"center center","background-size":"auto","background-attachment":"scroll","background-type":"","background-media":"","overlay-type":"","overlay-color":"","overlay-opacity":"","overlay-gradient":""},"mobile":{"background-color":"","background-image":"","background-repeat":"repeat","background-position":"center center","background-size":"auto","background-attachment":"scroll","background-type":"","background-media":"","overlay-type":"","overlay-color":"","overlay-opacity":"","overlay-gradient":""}},"ast-content-background-meta":{"desktop":{"background-color":"var(--ast-global-color-5)","background-image":"","background-repeat":"repeat","background-position":"center center","background-size":"auto","background-attachment":"scroll","background-type":"","background-media":"","overlay-type":"","overlay-color":"","overlay-opacity":"","overlay-gradient":""},"tablet":{"background-color":"var(--ast-global-color-5)","background-image":"","background-repeat":"repeat","background-position":"center center","background-size":"auto","background-attachment":"scroll","background-type":"","background-media":"","overlay-type":"","overlay-color":"","overlay-opacity":"","overlay-gradient":""},"mobile":{"background-color":"var(--ast-global-color-5)","background-image":"","background-repeat":"repeat","background-position":"center center","background-size":"auto","background-attachment":"scroll","background-type":"","background-media":"","overlay-type":"","overlay-color":"","overlay-opacity":"","overlay-gradient":""}}},"product_brand":[],"product_cat":[82,84],"product_tag":[],"class_list":{"0":"post-1393","1":"product","2":"type-product","3":"status-publish","4":"has-post-thumbnail","6":"product_cat-asphalt-mixer-parts","7":"product_cat-ammann","8":"desktop-align-left","9":"tablet-align-left","10":"mobile-align-left","11":"ast-product-gallery-layout-horizontal-slider","12":"ast-product-single-variable","13":"ast-product-tabs-layout-horizontal","15":"first","16":"instock","17":"shipping-taxable","18":"purchasable","19":"product-type-variable"},"yoast_head":"<!-- This site is optimized with the Yoast SEO plugin v27.4 - https:\/\/yoast.com\/product\/yoast-seo-wordpress\/ -->\n<title>Ammann Uniglobe 240 Asphalt Mixer And Parts - Crusher parts, Slurry Pump Parts, Excavator shovel parts<\/title>\n<meta name=\"description\" content=\"Ammann Global 240The Ammann Uniglobe 240 asphalt twin-shaft mixer blades, mixing arms, and liners are original replacements, ensuring wear resistance\" \/>\n<meta name=\"robots\" content=\"index, follow, max-snippet:-1, max-image-preview:large, max-video-preview:-1\" \/>\n<link rel=\"canonical\" href=\"https:\/\/miningspareparts.com\/es\/producto\/ammann-uniglobe-240-mixer-parts\/\" \/>\n<meta property=\"og:locale\" content=\"es_MX\" \/>\n<meta property=\"og:type\" content=\"article\" \/>\n<meta property=\"og:title\" content=\"Ammann Uniglobe 240 Asphalt Mixer And Parts - Crusher parts, Slurry Pump Parts, Excavator shovel parts\" \/>\n<meta property=\"og:description\" content=\"Ammann Global 240The Ammann Uniglobe 240 asphalt twin-shaft mixer blades, mixing arms, and liners are original replacements, ensuring wear resistance\" \/>\n<meta property=\"og:url\" content=\"https:\/\/miningspareparts.com\/es\/producto\/ammann-uniglobe-240-mixer-parts\/\" \/>\n<meta property=\"og:site_name\" content=\"Crusher parts, Slurry Pump Parts, Excavator shovel parts\" \/>\n<meta property=\"article:modified_time\" content=\"2024-01-16T08:37:01+00:00\" \/>\n<meta property=\"og:image\" content=\"https:\/\/miningspareparts.com\/wp-content\/uploads\/2023\/12\/\u5b89\u66fc-Global-240.png\" \/>\n\t<meta property=\"og:image:width\" content=\"1417\" \/>\n\t<meta property=\"og:image:height\" content=\"1417\" \/>\n\t<meta property=\"og:image:type\" content=\"image\/png\" \/>\n<meta name=\"twitter:card\" content=\"summary_large_image\" \/>\n<meta name=\"twitter:label1\" content=\"Tiempo de lectura\" \/>\n\t<meta name=\"twitter:data1\" content=\"3 minutos\" \/>\n<script type=\"application\/ld+json\" class=\"yoast-schema-graph\">{\"@context\":\"https:\\\/\\\/schema.org\",\"@graph\":[{\"@type\":\"WebPage\",\"@id\":\"https:\\\/\\\/miningspareparts.com\\\/product\\\/ammann-uniglobe-240-mixer-parts\\\/\",\"url\":\"https:\\\/\\\/miningspareparts.com\\\/product\\\/ammann-uniglobe-240-mixer-parts\\\/\",\"name\":\"Ammann Uniglobe 240 Asphalt Mixer And Parts - Crusher parts, Slurry Pump Parts, Excavator shovel parts\",\"isPartOf\":{\"@id\":\"https:\\\/\\\/miningspareparts.com\\\/#website\"},\"primaryImageOfPage\":{\"@id\":\"https:\\\/\\\/miningspareparts.com\\\/product\\\/ammann-uniglobe-240-mixer-parts\\\/#primaryimage\"},\"image\":{\"@id\":\"https:\\\/\\\/miningspareparts.com\\\/product\\\/ammann-uniglobe-240-mixer-parts\\\/#primaryimage\"},\"thumbnailUrl\":\"https:\\\/\\\/miningspareparts.com\\\/wp-content\\\/uploads\\\/2023\\\/12\\\/\u5b89\u66fc-Global-240.png\",\"datePublished\":\"2023-12-16T05:01:22+00:00\",\"dateModified\":\"2024-01-16T08:37:01+00:00\",\"description\":\"Ammann Global 240The Ammann Uniglobe 240 asphalt twin-shaft mixer blades, mixing arms, and liners are original replacements, ensuring wear resistance\",\"breadcrumb\":{\"@id\":\"https:\\\/\\\/miningspareparts.com\\\/product\\\/ammann-uniglobe-240-mixer-parts\\\/#breadcrumb\"},\"inLanguage\":\"es\",\"potentialAction\":[{\"@type\":\"ReadAction\",\"target\":[\"https:\\\/\\\/miningspareparts.com\\\/product\\\/ammann-uniglobe-240-mixer-parts\\\/\"]}]},{\"@type\":\"ImageObject\",\"inLanguage\":\"es\",\"@id\":\"https:\\\/\\\/miningspareparts.com\\\/product\\\/ammann-uniglobe-240-mixer-parts\\\/#primaryimage\",\"url\":\"https:\\\/\\\/miningspareparts.com\\\/wp-content\\\/uploads\\\/2023\\\/12\\\/\u5b89\u66fc-Global-240.png\",\"contentUrl\":\"https:\\\/\\\/miningspareparts.com\\\/wp-content\\\/uploads\\\/2023\\\/12\\\/\u5b89\u66fc-Global-240.png\",\"width\":1417,\"height\":1417,\"caption\":\"asphalt Ammann Uniglobe 240 Mixer Parts liner\"},{\"@type\":\"BreadcrumbList\",\"@id\":\"https:\\\/\\\/miningspareparts.com\\\/product\\\/ammann-uniglobe-240-mixer-parts\\\/#breadcrumb\",\"itemListElement\":[{\"@type\":\"ListItem\",\"position\":1,\"name\":\"Home\",\"item\":\"https:\\\/\\\/miningspareparts.com\\\/\"},{\"@type\":\"ListItem\",\"position\":2,\"name\":\"Premium Mining Wear And Spare Parts\",\"item\":\"https:\\\/\\\/miningspareparts.com\\\/shop\\\/\"},{\"@type\":\"ListItem\",\"position\":3,\"name\":\"Ammann Uniglobe 240 Mixer And Parts\"}]},{\"@type\":\"WebSite\",\"@id\":\"https:\\\/\\\/miningspareparts.com\\\/#website\",\"url\":\"https:\\\/\\\/miningspareparts.com\\\/\",\"name\":\"Crusher parts , Concrete Mixer Parts, Slurry Pump Parts, Mining Spares\",\"description\":\"Mining Wear &amp; Spare Parts Supplier\",\"publisher\":{\"@id\":\"https:\\\/\\\/miningspareparts.com\\\/#organization\"},\"potentialAction\":[{\"@type\":\"SearchAction\",\"target\":{\"@type\":\"EntryPoint\",\"urlTemplate\":\"https:\\\/\\\/miningspareparts.com\\\/?s={search_term_string}\"},\"query-input\":{\"@type\":\"PropertyValueSpecification\",\"valueRequired\":true,\"valueName\":\"search_term_string\"}}],\"inLanguage\":\"es\"},{\"@type\":\"Organization\",\"@id\":\"https:\\\/\\\/miningspareparts.com\\\/#organization\",\"name\":\"Crusher parts , Concrete Mixer Parts, Slurry Pump Parts, Mining Spares\",\"url\":\"https:\\\/\\\/miningspareparts.com\\\/\",\"logo\":{\"@type\":\"ImageObject\",\"inLanguage\":\"es\",\"@id\":\"https:\\\/\\\/miningspareparts.com\\\/#\\\/schema\\\/logo\\\/image\\\/\",\"url\":\"https:\\\/\\\/miningspareparts.com\\\/wp-content\\\/uploads\\\/2025\\\/04\\\/cropped-cropped-logo\u6b63\u65b9\u5f62.png\",\"contentUrl\":\"https:\\\/\\\/miningspareparts.com\\\/wp-content\\\/uploads\\\/2025\\\/04\\\/cropped-cropped-logo\u6b63\u65b9\u5f62.png\",\"width\":511,\"height\":171,\"caption\":\"Crusher parts , Concrete Mixer Parts, Slurry Pump Parts, Mining Spares\"},\"image\":{\"@id\":\"https:\\\/\\\/miningspareparts.com\\\/#\\\/schema\\\/logo\\\/image\\\/\"}}]}<\/script>\n<!-- \/ Yoast SEO plugin. -->","yoast_head_json":{"title":"Ammann Uniglobe 240 Asphalt Mixer And Parts - Crusher parts, Slurry Pump Parts, Excavator shovel parts","description":"Ammann Global 240The Ammann Uniglobe 240 asphalt twin-shaft mixer blades, mixing arms, and liners are original replacements, ensuring wear resistance","robots":{"index":"index","follow":"follow","max-snippet":"max-snippet:-1","max-image-preview":"max-image-preview:large","max-video-preview":"max-video-preview:-1"},"canonical":"https:\/\/miningspareparts.com\/es\/producto\/ammann-uniglobe-240-mixer-parts\/","og_locale":"es_MX","og_type":"article","og_title":"Ammann Uniglobe 240 Asphalt Mixer And Parts - Crusher parts, Slurry Pump Parts, Excavator shovel parts","og_description":"Ammann Global 240The Ammann Uniglobe 240 asphalt twin-shaft mixer blades, mixing arms, and liners are original replacements, ensuring wear resistance","og_url":"https:\/\/miningspareparts.com\/es\/producto\/ammann-uniglobe-240-mixer-parts\/","og_site_name":"Crusher parts, Slurry Pump Parts, Excavator shovel parts","article_modified_time":"2024-01-16T08:37:01+00:00","og_image":[{"width":1417,"height":1417,"url":"https:\/\/miningspareparts.com\/wp-content\/uploads\/2023\/12\/\u5b89\u66fc-Global-240.png","type":"image\/png"}],"twitter_card":"summary_large_image","twitter_misc":{"Tiempo de lectura":"3 minutos"},"schema":{"@context":"https:\/\/schema.org","@graph":[{"@type":"WebPage","@id":"https:\/\/miningspareparts.com\/product\/ammann-uniglobe-240-mixer-parts\/","url":"https:\/\/miningspareparts.com\/product\/ammann-uniglobe-240-mixer-parts\/","name":"Ammann Uniglobe 240 Asphalt Mixer And Parts - Crusher parts, Slurry Pump Parts, Excavator shovel parts","isPartOf":{"@id":"https:\/\/miningspareparts.com\/#website"},"primaryImageOfPage":{"@id":"https:\/\/miningspareparts.com\/product\/ammann-uniglobe-240-mixer-parts\/#primaryimage"},"image":{"@id":"https:\/\/miningspareparts.com\/product\/ammann-uniglobe-240-mixer-parts\/#primaryimage"},"thumbnailUrl":"https:\/\/miningspareparts.com\/wp-content\/uploads\/2023\/12\/\u5b89\u66fc-Global-240.png","datePublished":"2023-12-16T05:01:22+00:00","dateModified":"2024-01-16T08:37:01+00:00","description":"Ammann Global 240The Ammann Uniglobe 240 asphalt twin-shaft mixer blades, mixing arms, and liners are original replacements, ensuring wear resistance","breadcrumb":{"@id":"https:\/\/miningspareparts.com\/product\/ammann-uniglobe-240-mixer-parts\/#breadcrumb"},"inLanguage":"es","potentialAction":[{"@type":"ReadAction","target":["https:\/\/miningspareparts.com\/product\/ammann-uniglobe-240-mixer-parts\/"]}]},{"@type":"ImageObject","inLanguage":"es","@id":"https:\/\/miningspareparts.com\/product\/ammann-uniglobe-240-mixer-parts\/#primaryimage","url":"https:\/\/miningspareparts.com\/wp-content\/uploads\/2023\/12\/\u5b89\u66fc-Global-240.png","contentUrl":"https:\/\/miningspareparts.com\/wp-content\/uploads\/2023\/12\/\u5b89\u66fc-Global-240.png","width":1417,"height":1417,"caption":"asphalt Ammann Uniglobe 240 Mixer Parts liner"},{"@type":"BreadcrumbList","@id":"https:\/\/miningspareparts.com\/product\/ammann-uniglobe-240-mixer-parts\/#breadcrumb","itemListElement":[{"@type":"ListItem","position":1,"name":"Home","item":"https:\/\/miningspareparts.com\/"},{"@type":"ListItem","position":2,"name":"Premium Mining Wear And Spare Parts","item":"https:\/\/miningspareparts.com\/shop\/"},{"@type":"ListItem","position":3,"name":"Ammann Uniglobe 240 Mixer And Parts"}]},{"@type":"WebSite","@id":"https:\/\/miningspareparts.com\/#website","url":"https:\/\/miningspareparts.com\/","name":"Crusher parts , Concrete Mixer Parts, Slurry Pump Parts, Mining Spares","description":"Mining Wear &amp; Spare Parts Supplier","publisher":{"@id":"https:\/\/miningspareparts.com\/#organization"},"potentialAction":[{"@type":"SearchAction","target":{"@type":"EntryPoint","urlTemplate":"https:\/\/miningspareparts.com\/?s={search_term_string}"},"query-input":{"@type":"PropertyValueSpecification","valueRequired":true,"valueName":"search_term_string"}}],"inLanguage":"es"},{"@type":"Organization","@id":"https:\/\/miningspareparts.com\/#organization","name":"Crusher parts , Concrete Mixer Parts, Slurry Pump Parts, Mining Spares","url":"https:\/\/miningspareparts.com\/","logo":{"@type":"ImageObject","inLanguage":"es","@id":"https:\/\/miningspareparts.com\/#\/schema\/logo\/image\/","url":"https:\/\/miningspareparts.com\/wp-content\/uploads\/2025\/04\/cropped-cropped-logo\u6b63\u65b9\u5f62.png","contentUrl":"https:\/\/miningspareparts.com\/wp-content\/uploads\/2025\/04\/cropped-cropped-logo\u6b63\u65b9\u5f62.png","width":511,"height":171,"caption":"Crusher parts , Concrete Mixer Parts, Slurry Pump Parts, Mining Spares"},"image":{"@id":"https:\/\/miningspareparts.com\/#\/schema\/logo\/image\/"}}]}},"uagb_featured_image_src":{"full":["https:\/\/miningspareparts.com\/wp-content\/uploads\/2023\/12\/\u5b89\u66fc-Global-240.png",1417,1417,false],"thumbnail":["https:\/\/miningspareparts.com\/wp-content\/uploads\/2023\/12\/\u5b89\u66fc-Global-240-150x150.png",150,150,true],"medium":["https:\/\/miningspareparts.com\/wp-content\/uploads\/2023\/12\/\u5b89\u66fc-Global-240-300x300.png",300,300,true],"medium_large":["https:\/\/miningspareparts.com\/wp-content\/uploads\/2023\/12\/\u5b89\u66fc-Global-240-768x768.png",768,768,true],"large":["https:\/\/miningspareparts.com\/wp-content\/uploads\/2023\/12\/\u5b89\u66fc-Global-240-1024x1024.png",1024,1024,true],"1536x1536":["https:\/\/miningspareparts.com\/wp-content\/uploads\/2023\/12\/\u5b89\u66fc-Global-240.png",1417,1417,false],"2048x2048":["https:\/\/miningspareparts.com\/wp-content\/uploads\/2023\/12\/\u5b89\u66fc-Global-240.png",1417,1417,false],"trp-custom-language-flag":["https:\/\/miningspareparts.com\/wp-content\/uploads\/2023\/12\/\u5b89\u66fc-Global-240.png",12,12,false],"woocommerce_thumbnail":["https:\/\/miningspareparts.com\/wp-content\/uploads\/2023\/12\/\u5b89\u66fc-Global-240-300x300.png",300,300,true],"woocommerce_single":["https:\/\/miningspareparts.com\/wp-content\/uploads\/2023\/12\/\u5b89\u66fc-Global-240-600x600.png",600,600,true],"woocommerce_gallery_thumbnail":["https:\/\/miningspareparts.com\/wp-content\/uploads\/2023\/12\/\u5b89\u66fc-Global-240-100x100.png",100,100,true]},"uagb_author_info":{"display_name":"Miningspareparts","author_link":"https:\/\/miningspareparts.com\/es\/author\/"},"uagb_comment_info":0,"uagb_excerpt":"Models:Ammann\u00a0Global\u00a0240","_links":{"self":[{"href":"https:\/\/miningspareparts.com\/es\/wp-json\/wp\/v2\/product\/1393","targetHints":{"allow":["GET"]}}],"collection":[{"href":"https:\/\/miningspareparts.com\/es\/wp-json\/wp\/v2\/product"}],"about":[{"href":"https:\/\/miningspareparts.com\/es\/wp-json\/wp\/v2\/types\/product"}],"wp:featuredmedia":[{"embeddable":true,"href":"https:\/\/miningspareparts.com\/es\/wp-json\/wp\/v2\/media\/1394"}],"wp:attachment":[{"href":"https:\/\/miningspareparts.com\/es\/wp-json\/wp\/v2\/media?parent=1393"}],"wp:term":[{"taxonomy":"product_brand","embeddable":true,"href":"https:\/\/miningspareparts.com\/es\/wp-json\/wp\/v2\/product_brand?post=1393"},{"taxonomy":"product_cat","embeddable":true,"href":"https:\/\/miningspareparts.com\/es\/wp-json\/wp\/v2\/product_cat?post=1393"},{"taxonomy":"product_tag","embeddable":true,"href":"https:\/\/miningspareparts.com\/es\/wp-json\/wp\/v2\/product_tag?post=1393"}],"curies":[{"name":"wp","href":"https:\/\/api.w.org\/{rel}","templated":true}]}}