{"id":1403,"date":"2023-12-16T05:26:45","date_gmt":"2023-12-16T05:26:45","guid":{"rendered":"https:\/\/miningspareparts.com\/?post_type=product&#038;p=1403"},"modified":"2024-01-16T08:36:20","modified_gmt":"2024-01-16T08:36:20","slug":"marini-be-tower-2000p-mixer-and-parts","status":"publish","type":"product","link":"https:\/\/miningspareparts.com\/es\/producto\/marini-be-tower-2000p-mixer-and-parts\/","title":{"rendered":"Marini BE-TOWER 2000P Mezclador Y Piezas"},"content":{"rendered":"<table width=\"1239\">\n<tbody>\n<tr>\n<td colspan=\"6\" width=\"1239\"><b>Modelos:Marini BE-TOWER 2000P<\/b><\/td>\n<\/tr>\n<tr>\n<td width=\"168\"><\/td>\n<td width=\"182\"><b>PUESTO<\/b><\/td>\n<td width=\"252\"><b>C\u00d3DIGO DE ART\u00cdCULO<\/b><\/td>\n<td width=\"127\"><b>CANT<\/b><\/td>\n<td width=\"230\"><b>CATEGOR\u00cdA<\/b><\/td>\n<td width=\"277\"><b>PESO NETO<\/b><\/td>\n<\/tr>\n<tr>\n<td rowspan=\"5\" width=\"168\"><b>Revestimientos murales<\/b><\/td>\n<td width=\"182\">1<\/td>\n<td width=\"252\">MD2773092<\/td>\n<td width=\"127\">4<\/td>\n<td width=\"230\">Revestimientos murales 1<\/td>\n<td width=\"277\"><\/td>\n<\/tr>\n<tr>\n<td width=\"182\">2<\/td>\n<td width=\"252\">MD2773123<\/td>\n<td width=\"127\">20<\/td>\n<td width=\"230\">Revestimientos murales 2<\/td>\n<td width=\"277\"><\/td>\n<\/tr>\n<tr>\n<td width=\"182\">3<\/td>\n<td width=\"252\">MD2773120<\/td>\n<td width=\"127\">4<\/td>\n<td width=\"230\">Revestimientos murales 3<\/td>\n<td width=\"277\"><\/td>\n<\/tr>\n<tr>\n<td width=\"182\">4<\/td>\n<td width=\"252\">MD2773088<\/td>\n<td width=\"127\">4<\/td>\n<td width=\"230\">Revestimientos murales 4<\/td>\n<td width=\"277\"><\/td>\n<\/tr>\n<tr>\n<td width=\"182\">5<\/td>\n<td width=\"252\">MD2773089<\/td>\n<td width=\"127\">10<\/td>\n<td width=\"230\">Revestimientos murales 5<\/td>\n<td width=\"277\"><\/td>\n<\/tr>\n<tr>\n<td width=\"168\"><\/td>\n<td width=\"182\"><\/td>\n<td width=\"252\"><\/td>\n<td width=\"127\"><\/td>\n<td width=\"230\"><\/td>\n<td width=\"277\"><\/td>\n<\/tr>\n<tr>\n<td rowspan=\"3\" width=\"168\"><b>Revestimiento final<\/b><\/td>\n<td width=\"182\">1<\/td>\n<td width=\"252\">MD2773059<\/td>\n<td width=\"127\">2<\/td>\n<td width=\"230\">Forro final 1<\/td>\n<td width=\"277\"><\/td>\n<\/tr>\n<tr>\n<td width=\"182\">2<\/td>\n<td width=\"252\">MD2773060<\/td>\n<td width=\"127\">2<\/td>\n<td width=\"230\">Revestimiento final2<\/td>\n<td width=\"277\"><\/td>\n<\/tr>\n<tr>\n<td width=\"182\">3<\/td>\n<td width=\"252\">MD2773061<\/td>\n<td width=\"127\">2<\/td>\n<td width=\"230\">Fin del forro 3<\/td>\n<td width=\"277\"><\/td>\n<\/tr>\n<tr>\n<td width=\"168\"><\/td>\n<td width=\"182\"><\/td>\n<td width=\"252\"><\/td>\n<td width=\"127\"><\/td>\n<td width=\"230\"><\/td>\n<td width=\"277\"><\/td>\n<\/tr>\n<tr>\n<td rowspan=\"7\" width=\"168\"><b>Brazo y puntas<\/b><\/td>\n<td width=\"182\">1<\/td>\n<td width=\"252\">MD2773138<\/td>\n<td width=\"127\">4<\/td>\n<td width=\"230\">Cuchilla derecha<\/td>\n<td width=\"277\"><\/td>\n<\/tr>\n<tr>\n<td width=\"182\">2<\/td>\n<td width=\"252\">MD2773119<\/td>\n<td width=\"127\">12<\/td>\n<td width=\"230\">Hoja izquierda<\/td>\n<td width=\"277\"><\/td>\n<\/tr>\n<tr>\n<td width=\"182\">3<\/td>\n<td width=\"252\">MD2773074<\/td>\n<td width=\"127\">4<\/td>\n<td width=\"230\">Ponte a la derecha<\/td>\n<td width=\"277\"><\/td>\n<\/tr>\n<tr>\n<td width=\"182\">4<\/td>\n<td width=\"252\">MD2773122<\/td>\n<td width=\"127\">12<\/td>\n<td width=\"230\">Sit\u00faate a la izquierda<\/td>\n<td width=\"277\"><\/td>\n<\/tr>\n<tr>\n<td width=\"182\">5<\/td>\n<td width=\"252\"><\/td>\n<td width=\"127\">4<\/td>\n<td width=\"230\">Protector de puntal derecho<\/td>\n<td width=\"277\"><\/td>\n<\/tr>\n<tr>\n<td width=\"182\">6<\/td>\n<td width=\"252\"><\/td>\n<td width=\"127\">12<\/td>\n<td width=\"230\">Protector de puntal izquierdo<\/td>\n<td width=\"277\"><\/td>\n<\/tr>\n<tr>\n<td width=\"182\">7<\/td>\n<td width=\"252\">MD2773147<\/td>\n<td width=\"127\">16<\/td>\n<td width=\"230\">Bota (Hub)<\/td>\n<td width=\"277\"><\/td>\n<\/tr>\n<\/tbody>\n<\/table>\n<p><img fetchpriority=\"high\" decoding=\"async\" class=\"wp-image-3550 alignleft\" src=\"https:\/\/miningspareparts.com\/wp-content\/uploads\/2024\/01\/Mixer-And-Wear-Parts1-239x300.webp\" alt=\"\" width=\"498\" height=\"625\" srcset=\"https:\/\/miningspareparts.com\/wp-content\/uploads\/2024\/01\/Mixer-And-Wear-Parts1-239x300.webp 239w, https:\/\/miningspareparts.com\/wp-content\/uploads\/2024\/01\/Mixer-And-Wear-Parts1-817x1024.webp 817w, https:\/\/miningspareparts.com\/wp-content\/uploads\/2024\/01\/Mixer-And-Wear-Parts1-768x963.webp 768w, https:\/\/miningspareparts.com\/wp-content\/uploads\/2024\/01\/Mixer-And-Wear-Parts1-1226x1536.webp 1226w, https:\/\/miningspareparts.com\/wp-content\/uploads\/2024\/01\/Mixer-And-Wear-Parts1-1634x2048.webp 1634w, https:\/\/miningspareparts.com\/wp-content\/uploads\/2024\/01\/Mixer-And-Wear-Parts1-600x752.webp 600w, https:\/\/miningspareparts.com\/wp-content\/uploads\/2024\/01\/Mixer-And-Wear-Parts1.webp 2037w\" sizes=\"(max-width: 498px) 100vw, 498px\" \/><span style=\"font-size: 16px\">\u00a0<\/span><img decoding=\"async\" class=\"wp-image-3551 alignnone\" style=\"font-weight: inherit\" src=\"https:\/\/miningspareparts.com\/wp-content\/uploads\/2024\/01\/Mixer-And-Wear-Parts2-210x300.webp\" alt=\"\" width=\"454\" height=\"649\" srcset=\"https:\/\/miningspareparts.com\/wp-content\/uploads\/2024\/01\/Mixer-And-Wear-Parts2-210x300.webp 210w, https:\/\/miningspareparts.com\/wp-content\/uploads\/2024\/01\/Mixer-And-Wear-Parts2-600x856.webp 600w\" sizes=\"(max-width: 454px) 100vw, 454px\" \/><\/p>\n<p>Nuestras palas, brazos mezcladores y camisas de la mezcladora de doble eje para asfalto Marini BE-TOWER 2000P son recambios originales que garantizan durabilidad y rendimiento. Explore nuestras soluciones posventa, dise\u00f1adas con precisi\u00f3n para sus necesidades espec\u00edficas. Con un compromiso con la excelencia, proporcionamos componentes fiables que ofrecen una resistencia al desgaste duradera. Conf\u00ede en nosotros para obtener una combinaci\u00f3n perfecta de calidad, innovaci\u00f3n y valor en cada producto.<\/p>\n<p>Por supuesto. En nuestras instalaciones de fabricaci\u00f3n, nos especializamos en producir componentes de alta calidad para la mezcladora de asfalto de doble eje Marini BE-TOWER 2000P. Nuestras cuchillas, brazos mezcladores y camisas de recambio originales est\u00e1n dise\u00f1ados para satisfacer las rigurosas exigencias del proceso de mezclado de asfalto, garantizando un rendimiento \u00f3ptimo y una larga vida \u00fatil.<\/p>\n<p>Adem\u00e1s de ser una fuente fiable de piezas de repuesto originales, ofrecemos soluciones posventa que satisfacen las diversas necesidades de los clientes. Nuestro compromiso con la durabilidad y la resistencia al desgaste nos distingue, proporcionando seguridad a los clientes que buscan componentes que resistan los retos de la mezcla continua de asfalto.<\/p>\n<p>Con un enfoque en la innovaci\u00f3n y la ingenier\u00eda de precisi\u00f3n, nuestros productos est\u00e1n dise\u00f1ados para ofrecer un funcionamiento perfecto, contribuyendo a la eficiencia de su planta mezcladora de asfalto. Conf\u00ede en nosotros para obtener componentes fiables y de alto rendimiento que cumplan las normas m\u00e1s exigentes del sector.<\/p>","protected":false},"excerpt":{"rendered":"<table width=\"1239\">\n<tbody>\n<tr>\n<td colspan=\"6\" width=\"1239\"><b>Modelos:Marini BE-TOWER 2000P<\/b><\/td>\n<\/tr>\n<\/tbody>\n<\/table>","protected":false},"featured_media":1407,"template":"","meta":{"_uag_custom_page_level_css":"","site-sidebar-layout":"default","site-content-layout":"","ast-site-content-layout":"default","site-content-style":"default","site-sidebar-style":"default","ast-global-header-display":"","ast-banner-title-visibility":"","ast-main-header-display":"","ast-hfb-above-header-display":"","ast-hfb-below-header-display":"","ast-hfb-mobile-header-display":"","site-post-title":"","ast-breadcrumbs-content":"","ast-featured-img":"","footer-sml-layout":"","ast-disable-related-posts":"","theme-transparent-header-meta":"default","adv-header-id-meta":"","stick-header-meta":"default","header-above-stick-meta":"","header-main-stick-meta":"","header-below-stick-meta":"","astra-migrate-meta-layouts":"set","ast-page-background-enabled":"default","ast-page-background-meta":{"desktop":{"background-color":"var(--ast-global-color-4)","background-image":"","background-repeat":"repeat","background-position":"center center","background-size":"auto","background-attachment":"scroll","background-type":"","background-media":"","overlay-type":"","overlay-color":"","overlay-opacity":"","overlay-gradient":""},"tablet":{"background-color":"","background-image":"","background-repeat":"repeat","background-position":"center center","background-size":"auto","background-attachment":"scroll","background-type":"","background-media":"","overlay-type":"","overlay-color":"","overlay-opacity":"","overlay-gradient":""},"mobile":{"background-color":"","background-image":"","background-repeat":"repeat","background-position":"center center","background-size":"auto","background-attachment":"scroll","background-type":"","background-media":"","overlay-type":"","overlay-color":"","overlay-opacity":"","overlay-gradient":""}},"ast-content-background-meta":{"desktop":{"background-color":"var(--ast-global-color-5)","background-image":"","background-repeat":"repeat","background-position":"center center","background-size":"auto","background-attachment":"scroll","background-type":"","background-media":"","overlay-type":"","overlay-color":"","overlay-opacity":"","overlay-gradient":""},"tablet":{"background-color":"var(--ast-global-color-5)","background-image":"","background-repeat":"repeat","background-position":"center center","background-size":"auto","background-attachment":"scroll","background-type":"","background-media":"","overlay-type":"","overlay-color":"","overlay-opacity":"","overlay-gradient":""},"mobile":{"background-color":"var(--ast-global-color-5)","background-image":"","background-repeat":"repeat","background-position":"center center","background-size":"auto","background-attachment":"scroll","background-type":"","background-media":"","overlay-type":"","overlay-color":"","overlay-opacity":"","overlay-gradient":""}}},"product_brand":[],"product_cat":[82,85],"product_tag":[],"class_list":{"0":"post-1403","1":"product","2":"type-product","3":"status-publish","4":"has-post-thumbnail","6":"product_cat-asphalt-mixer-parts","7":"product_cat-marini","8":"desktop-align-left","9":"tablet-align-left","10":"mobile-align-left","11":"ast-product-gallery-layout-horizontal-slider","12":"ast-product-single-variable","13":"ast-product-tabs-layout-horizontal","15":"first","16":"instock","17":"shipping-taxable","18":"purchasable","19":"product-type-variable"},"yoast_head":"<!-- This site is optimized with the Yoast SEO plugin v27.4 - https:\/\/yoast.com\/product\/yoast-seo-wordpress\/ -->\n<title>Marini BE-TOWER 2000P Asphalt Mixer And Parts - Crusher parts, Slurry Pump Parts, Excavator shovel parts<\/title>\n<meta name=\"description\" content=\"our Marini BE-TOWER 2000P asphalt twin-shaft mixer blades, mixing arms, and liners offer unparalleled performance as original replacements.\" \/>\n<meta name=\"robots\" content=\"index, follow, max-snippet:-1, max-image-preview:large, max-video-preview:-1\" \/>\n<link rel=\"canonical\" href=\"https:\/\/miningspareparts.com\/es\/producto\/marini-be-tower-2000p-mixer-and-parts\/\" \/>\n<meta property=\"og:locale\" content=\"es_MX\" \/>\n<meta property=\"og:type\" content=\"article\" \/>\n<meta property=\"og:title\" content=\"Marini BE-TOWER 2000P Asphalt Mixer And Parts - Crusher parts, Slurry Pump Parts, Excavator shovel parts\" \/>\n<meta property=\"og:description\" content=\"our Marini BE-TOWER 2000P asphalt twin-shaft mixer blades, mixing arms, and liners offer unparalleled performance as original replacements.\" \/>\n<meta property=\"og:url\" content=\"https:\/\/miningspareparts.com\/es\/producto\/marini-be-tower-2000p-mixer-and-parts\/\" \/>\n<meta property=\"og:site_name\" content=\"Crusher parts, Slurry Pump Parts, Excavator shovel parts\" \/>\n<meta property=\"article:modified_time\" content=\"2024-01-16T08:36:20+00:00\" \/>\n<meta property=\"og:image\" content=\"https:\/\/miningspareparts.com\/wp-content\/uploads\/2023\/12\/\u6405\u62cc\u81c2-5.png\" \/>\n\t<meta property=\"og:image:width\" content=\"1417\" \/>\n\t<meta property=\"og:image:height\" content=\"1417\" \/>\n\t<meta property=\"og:image:type\" content=\"image\/png\" \/>\n<meta name=\"twitter:card\" content=\"summary_large_image\" \/>\n<meta name=\"twitter:label1\" content=\"Tiempo de lectura\" \/>\n\t<meta name=\"twitter:data1\" content=\"2 minutos\" \/>\n<script type=\"application\/ld+json\" class=\"yoast-schema-graph\">{\"@context\":\"https:\\\/\\\/schema.org\",\"@graph\":[{\"@type\":\"WebPage\",\"@id\":\"https:\\\/\\\/miningspareparts.com\\\/product\\\/marini-be-tower-2000p-mixer-and-parts\\\/\",\"url\":\"https:\\\/\\\/miningspareparts.com\\\/product\\\/marini-be-tower-2000p-mixer-and-parts\\\/\",\"name\":\"Marini BE-TOWER 2000P Asphalt Mixer And Parts - Crusher parts, Slurry Pump Parts, Excavator shovel parts\",\"isPartOf\":{\"@id\":\"https:\\\/\\\/miningspareparts.com\\\/#website\"},\"primaryImageOfPage\":{\"@id\":\"https:\\\/\\\/miningspareparts.com\\\/product\\\/marini-be-tower-2000p-mixer-and-parts\\\/#primaryimage\"},\"image\":{\"@id\":\"https:\\\/\\\/miningspareparts.com\\\/product\\\/marini-be-tower-2000p-mixer-and-parts\\\/#primaryimage\"},\"thumbnailUrl\":\"https:\\\/\\\/miningspareparts.com\\\/wp-content\\\/uploads\\\/2023\\\/12\\\/\u6405\u62cc\u81c2-5.png\",\"datePublished\":\"2023-12-16T05:26:45+00:00\",\"dateModified\":\"2024-01-16T08:36:20+00:00\",\"description\":\"our Marini BE-TOWER 2000P asphalt twin-shaft mixer blades, mixing arms, and liners offer unparalleled performance as original replacements.\",\"breadcrumb\":{\"@id\":\"https:\\\/\\\/miningspareparts.com\\\/product\\\/marini-be-tower-2000p-mixer-and-parts\\\/#breadcrumb\"},\"inLanguage\":\"es\",\"potentialAction\":[{\"@type\":\"ReadAction\",\"target\":[\"https:\\\/\\\/miningspareparts.com\\\/product\\\/marini-be-tower-2000p-mixer-and-parts\\\/\"]}]},{\"@type\":\"ImageObject\",\"inLanguage\":\"es\",\"@id\":\"https:\\\/\\\/miningspareparts.com\\\/product\\\/marini-be-tower-2000p-mixer-and-parts\\\/#primaryimage\",\"url\":\"https:\\\/\\\/miningspareparts.com\\\/wp-content\\\/uploads\\\/2023\\\/12\\\/\u6405\u62cc\u81c2-5.png\",\"contentUrl\":\"https:\\\/\\\/miningspareparts.com\\\/wp-content\\\/uploads\\\/2023\\\/12\\\/\u6405\u62cc\u81c2-5.png\",\"width\":1417,\"height\":1417,\"caption\":\"asphalt Marini BE-TOWER 2000P Mixer And Parts mixing arm\"},{\"@type\":\"BreadcrumbList\",\"@id\":\"https:\\\/\\\/miningspareparts.com\\\/product\\\/marini-be-tower-2000p-mixer-and-parts\\\/#breadcrumb\",\"itemListElement\":[{\"@type\":\"ListItem\",\"position\":1,\"name\":\"Home\",\"item\":\"https:\\\/\\\/miningspareparts.com\\\/\"},{\"@type\":\"ListItem\",\"position\":2,\"name\":\"Premium Mining Wear And Spare Parts\",\"item\":\"https:\\\/\\\/miningspareparts.com\\\/shop\\\/\"},{\"@type\":\"ListItem\",\"position\":3,\"name\":\"Marini BE-TOWER 2000P Mixer And Parts\"}]},{\"@type\":\"WebSite\",\"@id\":\"https:\\\/\\\/miningspareparts.com\\\/#website\",\"url\":\"https:\\\/\\\/miningspareparts.com\\\/\",\"name\":\"Crusher parts , Concrete Mixer Parts, Slurry Pump Parts, Mining Spares\",\"description\":\"Mining Wear &amp; Spare Parts Supplier\",\"publisher\":{\"@id\":\"https:\\\/\\\/miningspareparts.com\\\/#organization\"},\"potentialAction\":[{\"@type\":\"SearchAction\",\"target\":{\"@type\":\"EntryPoint\",\"urlTemplate\":\"https:\\\/\\\/miningspareparts.com\\\/?s={search_term_string}\"},\"query-input\":{\"@type\":\"PropertyValueSpecification\",\"valueRequired\":true,\"valueName\":\"search_term_string\"}}],\"inLanguage\":\"es\"},{\"@type\":\"Organization\",\"@id\":\"https:\\\/\\\/miningspareparts.com\\\/#organization\",\"name\":\"Crusher parts , Concrete Mixer Parts, Slurry Pump Parts, Mining Spares\",\"url\":\"https:\\\/\\\/miningspareparts.com\\\/\",\"logo\":{\"@type\":\"ImageObject\",\"inLanguage\":\"es\",\"@id\":\"https:\\\/\\\/miningspareparts.com\\\/#\\\/schema\\\/logo\\\/image\\\/\",\"url\":\"https:\\\/\\\/miningspareparts.com\\\/wp-content\\\/uploads\\\/2025\\\/04\\\/cropped-cropped-logo\u6b63\u65b9\u5f62.png\",\"contentUrl\":\"https:\\\/\\\/miningspareparts.com\\\/wp-content\\\/uploads\\\/2025\\\/04\\\/cropped-cropped-logo\u6b63\u65b9\u5f62.png\",\"width\":511,\"height\":171,\"caption\":\"Crusher parts , Concrete Mixer Parts, Slurry Pump Parts, Mining Spares\"},\"image\":{\"@id\":\"https:\\\/\\\/miningspareparts.com\\\/#\\\/schema\\\/logo\\\/image\\\/\"}}]}<\/script>\n<!-- \/ Yoast SEO plugin. -->","yoast_head_json":{"title":"Marini BE-TOWER 2000P Asphalt Mixer And Parts - Crusher parts, Slurry Pump Parts, Excavator shovel parts","description":"our Marini BE-TOWER 2000P asphalt twin-shaft mixer blades, mixing arms, and liners offer unparalleled performance as original replacements.","robots":{"index":"index","follow":"follow","max-snippet":"max-snippet:-1","max-image-preview":"max-image-preview:large","max-video-preview":"max-video-preview:-1"},"canonical":"https:\/\/miningspareparts.com\/es\/producto\/marini-be-tower-2000p-mixer-and-parts\/","og_locale":"es_MX","og_type":"article","og_title":"Marini BE-TOWER 2000P Asphalt Mixer And Parts - Crusher parts, Slurry Pump Parts, Excavator shovel parts","og_description":"our Marini BE-TOWER 2000P asphalt twin-shaft mixer blades, mixing arms, and liners offer unparalleled performance as original replacements.","og_url":"https:\/\/miningspareparts.com\/es\/producto\/marini-be-tower-2000p-mixer-and-parts\/","og_site_name":"Crusher parts, Slurry Pump Parts, Excavator shovel parts","article_modified_time":"2024-01-16T08:36:20+00:00","og_image":[{"width":1417,"height":1417,"url":"https:\/\/miningspareparts.com\/wp-content\/uploads\/2023\/12\/\u6405\u62cc\u81c2-5.png","type":"image\/png"}],"twitter_card":"summary_large_image","twitter_misc":{"Tiempo de lectura":"2 minutos"},"schema":{"@context":"https:\/\/schema.org","@graph":[{"@type":"WebPage","@id":"https:\/\/miningspareparts.com\/product\/marini-be-tower-2000p-mixer-and-parts\/","url":"https:\/\/miningspareparts.com\/product\/marini-be-tower-2000p-mixer-and-parts\/","name":"Marini BE-TOWER 2000P Asphalt Mixer And Parts - Crusher parts, Slurry Pump Parts, Excavator shovel parts","isPartOf":{"@id":"https:\/\/miningspareparts.com\/#website"},"primaryImageOfPage":{"@id":"https:\/\/miningspareparts.com\/product\/marini-be-tower-2000p-mixer-and-parts\/#primaryimage"},"image":{"@id":"https:\/\/miningspareparts.com\/product\/marini-be-tower-2000p-mixer-and-parts\/#primaryimage"},"thumbnailUrl":"https:\/\/miningspareparts.com\/wp-content\/uploads\/2023\/12\/\u6405\u62cc\u81c2-5.png","datePublished":"2023-12-16T05:26:45+00:00","dateModified":"2024-01-16T08:36:20+00:00","description":"our Marini BE-TOWER 2000P asphalt twin-shaft mixer blades, mixing arms, and liners offer unparalleled performance as original replacements.","breadcrumb":{"@id":"https:\/\/miningspareparts.com\/product\/marini-be-tower-2000p-mixer-and-parts\/#breadcrumb"},"inLanguage":"es","potentialAction":[{"@type":"ReadAction","target":["https:\/\/miningspareparts.com\/product\/marini-be-tower-2000p-mixer-and-parts\/"]}]},{"@type":"ImageObject","inLanguage":"es","@id":"https:\/\/miningspareparts.com\/product\/marini-be-tower-2000p-mixer-and-parts\/#primaryimage","url":"https:\/\/miningspareparts.com\/wp-content\/uploads\/2023\/12\/\u6405\u62cc\u81c2-5.png","contentUrl":"https:\/\/miningspareparts.com\/wp-content\/uploads\/2023\/12\/\u6405\u62cc\u81c2-5.png","width":1417,"height":1417,"caption":"asphalt Marini BE-TOWER 2000P Mixer And Parts mixing arm"},{"@type":"BreadcrumbList","@id":"https:\/\/miningspareparts.com\/product\/marini-be-tower-2000p-mixer-and-parts\/#breadcrumb","itemListElement":[{"@type":"ListItem","position":1,"name":"Home","item":"https:\/\/miningspareparts.com\/"},{"@type":"ListItem","position":2,"name":"Premium Mining Wear And Spare Parts","item":"https:\/\/miningspareparts.com\/shop\/"},{"@type":"ListItem","position":3,"name":"Marini BE-TOWER 2000P Mixer And Parts"}]},{"@type":"WebSite","@id":"https:\/\/miningspareparts.com\/#website","url":"https:\/\/miningspareparts.com\/","name":"Crusher parts , Concrete Mixer Parts, Slurry Pump Parts, Mining Spares","description":"Mining Wear &amp; Spare Parts Supplier","publisher":{"@id":"https:\/\/miningspareparts.com\/#organization"},"potentialAction":[{"@type":"SearchAction","target":{"@type":"EntryPoint","urlTemplate":"https:\/\/miningspareparts.com\/?s={search_term_string}"},"query-input":{"@type":"PropertyValueSpecification","valueRequired":true,"valueName":"search_term_string"}}],"inLanguage":"es"},{"@type":"Organization","@id":"https:\/\/miningspareparts.com\/#organization","name":"Crusher parts , Concrete Mixer Parts, Slurry Pump Parts, Mining Spares","url":"https:\/\/miningspareparts.com\/","logo":{"@type":"ImageObject","inLanguage":"es","@id":"https:\/\/miningspareparts.com\/#\/schema\/logo\/image\/","url":"https:\/\/miningspareparts.com\/wp-content\/uploads\/2025\/04\/cropped-cropped-logo\u6b63\u65b9\u5f62.png","contentUrl":"https:\/\/miningspareparts.com\/wp-content\/uploads\/2025\/04\/cropped-cropped-logo\u6b63\u65b9\u5f62.png","width":511,"height":171,"caption":"Crusher parts , Concrete Mixer Parts, Slurry Pump Parts, Mining Spares"},"image":{"@id":"https:\/\/miningspareparts.com\/#\/schema\/logo\/image\/"}}]}},"uagb_featured_image_src":{"full":["https:\/\/miningspareparts.com\/wp-content\/uploads\/2023\/12\/\u6405\u62cc\u81c2-5.png",1417,1417,false],"thumbnail":["https:\/\/miningspareparts.com\/wp-content\/uploads\/2023\/12\/\u6405\u62cc\u81c2-5-150x150.png",150,150,true],"medium":["https:\/\/miningspareparts.com\/wp-content\/uploads\/2023\/12\/\u6405\u62cc\u81c2-5-300x300.png",300,300,true],"medium_large":["https:\/\/miningspareparts.com\/wp-content\/uploads\/2023\/12\/\u6405\u62cc\u81c2-5-768x768.png",768,768,true],"large":["https:\/\/miningspareparts.com\/wp-content\/uploads\/2023\/12\/\u6405\u62cc\u81c2-5-1024x1024.png",1024,1024,true],"1536x1536":["https:\/\/miningspareparts.com\/wp-content\/uploads\/2023\/12\/\u6405\u62cc\u81c2-5.png",1417,1417,false],"2048x2048":["https:\/\/miningspareparts.com\/wp-content\/uploads\/2023\/12\/\u6405\u62cc\u81c2-5.png",1417,1417,false],"trp-custom-language-flag":["https:\/\/miningspareparts.com\/wp-content\/uploads\/2023\/12\/\u6405\u62cc\u81c2-5.png",12,12,false],"woocommerce_thumbnail":["https:\/\/miningspareparts.com\/wp-content\/uploads\/2023\/12\/\u6405\u62cc\u81c2-5-300x300.png",300,300,true],"woocommerce_single":["https:\/\/miningspareparts.com\/wp-content\/uploads\/2023\/12\/\u6405\u62cc\u81c2-5-600x600.png",600,600,true],"woocommerce_gallery_thumbnail":["https:\/\/miningspareparts.com\/wp-content\/uploads\/2023\/12\/\u6405\u62cc\u81c2-5-100x100.png",100,100,true]},"uagb_author_info":{"display_name":"Miningspareparts","author_link":"https:\/\/miningspareparts.com\/es\/author\/"},"uagb_comment_info":0,"uagb_excerpt":"Models:Marini BE-TOWER 2000P","_links":{"self":[{"href":"https:\/\/miningspareparts.com\/es\/wp-json\/wp\/v2\/product\/1403","targetHints":{"allow":["GET"]}}],"collection":[{"href":"https:\/\/miningspareparts.com\/es\/wp-json\/wp\/v2\/product"}],"about":[{"href":"https:\/\/miningspareparts.com\/es\/wp-json\/wp\/v2\/types\/product"}],"wp:featuredmedia":[{"embeddable":true,"href":"https:\/\/miningspareparts.com\/es\/wp-json\/wp\/v2\/media\/1407"}],"wp:attachment":[{"href":"https:\/\/miningspareparts.com\/es\/wp-json\/wp\/v2\/media?parent=1403"}],"wp:term":[{"taxonomy":"product_brand","embeddable":true,"href":"https:\/\/miningspareparts.com\/es\/wp-json\/wp\/v2\/product_brand?post=1403"},{"taxonomy":"product_cat","embeddable":true,"href":"https:\/\/miningspareparts.com\/es\/wp-json\/wp\/v2\/product_cat?post=1403"},{"taxonomy":"product_tag","embeddable":true,"href":"https:\/\/miningspareparts.com\/es\/wp-json\/wp\/v2\/product_tag?post=1403"}],"curies":[{"name":"wp","href":"https:\/\/api.w.org\/{rel}","templated":true}]}}