{"id":1566,"date":"2023-12-20T04:50:15","date_gmt":"2023-12-20T04:50:15","guid":{"rendered":"https:\/\/miningspareparts.com\/?post_type=product&#038;p=1566"},"modified":"2024-01-16T08:32:54","modified_gmt":"2024-01-16T08:32:54","slug":"roady-105x-asphalt-mixer-and-parts","status":"publish","type":"product","link":"https:\/\/miningspareparts.com\/es\/producto\/roady-105x-asphalt-mixer-and-parts\/","title":{"rendered":"ROADY-105x Mezcladora Y Piezas"},"content":{"rendered":"<p><strong>He aqu\u00ed una descripci\u00f3n de ROADY-105x Mixer And Parts<\/strong><\/p>\n<table width=\"1308\">\n<tbody>\n<tr>\n<td colspan=\"6\" width=\"1308\"><b>Modelos:<\/b><i>RD-105x<\/i><\/td>\n<\/tr>\n<tr>\n<td width=\"237\"><\/td>\n<td width=\"182\"><b>PUESTO<\/b><\/td>\n<td width=\"252\"><b>C\u00d3DIGO DE ART\u00cdCULO<\/b><\/td>\n<td width=\"127\"><b>CANT<\/b><\/td>\n<td width=\"230\"><b>CATEGOR\u00cdA<\/b><\/td>\n<td width=\"277\"><b>PESO NETO<\/b><\/td>\n<\/tr>\n<tr>\n<td rowspan=\"4\" width=\"237\"><b>Revestimientos murales<\/b><\/td>\n<td width=\"182\">1<\/td>\n<td width=\"252\">Blindaje H<\/td>\n<td width=\"127\">64<\/td>\n<td width=\"230\">Revestimientos murales 1<\/td>\n<td width=\"277\"><\/td>\n<\/tr>\n<tr>\n<td width=\"182\">2<\/td>\n<td width=\"252\">\u00a0Blindaje K<\/td>\n<td width=\"127\">2<\/td>\n<td width=\"230\">Revestimientos murales 2<\/td>\n<td width=\"277\"><\/td>\n<\/tr>\n<tr>\n<td width=\"182\">3<\/td>\n<td width=\"252\">Obturador blindado 1<\/td>\n<td width=\"127\">1<\/td>\n<td width=\"230\">Revestimientos murales 3<\/td>\n<td width=\"277\"><\/td>\n<\/tr>\n<tr>\n<td width=\"182\">4<\/td>\n<td width=\"252\">\u00a0Persiana blindada2<\/td>\n<td width=\"127\">1<\/td>\n<td width=\"230\">Revestimientos murales 4<\/td>\n<td width=\"277\"><\/td>\n<\/tr>\n<tr>\n<td width=\"237\"><\/td>\n<td width=\"182\">5<\/td>\n<td width=\"252\">Persiana blindada3<\/td>\n<td width=\"127\">1<\/td>\n<td width=\"230\">Revestimientos murales 5<\/td>\n<td width=\"277\"><\/td>\n<\/tr>\n<tr>\n<td width=\"237\"><\/td>\n<td width=\"182\"><\/td>\n<td width=\"252\"><\/td>\n<td width=\"127\"><\/td>\n<td width=\"230\"><\/td>\n<td width=\"277\"><\/td>\n<\/tr>\n<tr>\n<td rowspan=\"5\" width=\"237\"><b>Revestimiento final<\/b><\/td>\n<td width=\"182\">1<\/td>\n<td width=\"252\">Blindaje A<\/td>\n<td width=\"127\">2<\/td>\n<td width=\"230\">Forro final 1<\/td>\n<td width=\"277\"><\/td>\n<\/tr>\n<tr>\n<td width=\"182\">1a<\/td>\n<td width=\"252\">\u00a0Blindaje D<\/td>\n<td width=\"127\">2<\/td>\n<td width=\"230\">Revestimiento final1a<\/td>\n<td width=\"277\"><\/td>\n<\/tr>\n<tr>\n<td width=\"182\">2<\/td>\n<td width=\"252\">Blindaje B<\/td>\n<td width=\"127\">2<\/td>\n<td width=\"230\">Forro final 2<\/td>\n<td width=\"277\"><\/td>\n<\/tr>\n<tr>\n<td width=\"182\">2a<\/td>\n<td width=\"252\">Blindaje C<\/td>\n<td width=\"127\">2<\/td>\n<td width=\"230\">Revestimiento final 2a<\/td>\n<td width=\"277\"><\/td>\n<\/tr>\n<tr>\n<td width=\"182\">3<\/td>\n<td width=\"252\">Blindaje E<\/td>\n<td width=\"127\">2<\/td>\n<td width=\"230\">Revestimiento final3<\/td>\n<td width=\"277\"><\/td>\n<\/tr>\n<tr>\n<td width=\"237\"><\/td>\n<td width=\"182\">3a<\/td>\n<td width=\"252\">\u00a0Blindaje F<\/td>\n<td width=\"127\">2<\/td>\n<td width=\"230\">Revestimiento final 3a<\/td>\n<td width=\"277\"><\/td>\n<\/tr>\n<tr>\n<td width=\"237\"><\/td>\n<td width=\"182\">4<\/td>\n<td width=\"252\">Blindaje G<\/td>\n<td width=\"127\">8<\/td>\n<td width=\"230\">Forro final 4<\/td>\n<td width=\"277\"><\/td>\n<\/tr>\n<tr>\n<td width=\"237\"><\/td>\n<td width=\"182\"><\/td>\n<td width=\"252\"><\/td>\n<td width=\"127\"><\/td>\n<td width=\"230\"><\/td>\n<td width=\"277\"><\/td>\n<\/tr>\n<tr>\n<td rowspan=\"3\" width=\"237\"><b>Brazo y puntas<\/b><\/td>\n<td width=\"182\">1<\/td>\n<td width=\"252\"><\/td>\n<td width=\"127\">36<\/td>\n<td width=\"230\">Esp\u00e1tula<\/td>\n<td width=\"277\"><\/td>\n<\/tr>\n<tr>\n<td width=\"182\">2<\/td>\n<td width=\"252\"><\/td>\n<td width=\"127\">8<\/td>\n<td width=\"230\">Estante izquierdo<\/td>\n<td width=\"277\"><\/td>\n<\/tr>\n<tr>\n<td width=\"182\">3<\/td>\n<td width=\"252\"><\/td>\n<td width=\"127\">28<\/td>\n<td width=\"230\">Estante derecho<\/td>\n<td width=\"277\"><\/td>\n<\/tr>\n<\/tbody>\n<\/table>\n<p><img fetchpriority=\"high\" decoding=\"async\" class=\"wp-image-3550 alignleft\" src=\"https:\/\/miningspareparts.com\/wp-content\/uploads\/2024\/01\/Mixer-And-Wear-Parts1-239x300.webp\" alt=\"\" width=\"498\" height=\"625\" srcset=\"https:\/\/miningspareparts.com\/wp-content\/uploads\/2024\/01\/Mixer-And-Wear-Parts1-239x300.webp 239w, https:\/\/miningspareparts.com\/wp-content\/uploads\/2024\/01\/Mixer-And-Wear-Parts1-817x1024.webp 817w, https:\/\/miningspareparts.com\/wp-content\/uploads\/2024\/01\/Mixer-And-Wear-Parts1-768x963.webp 768w, https:\/\/miningspareparts.com\/wp-content\/uploads\/2024\/01\/Mixer-And-Wear-Parts1-1226x1536.webp 1226w, https:\/\/miningspareparts.com\/wp-content\/uploads\/2024\/01\/Mixer-And-Wear-Parts1-1634x2048.webp 1634w, https:\/\/miningspareparts.com\/wp-content\/uploads\/2024\/01\/Mixer-And-Wear-Parts1-600x752.webp 600w, https:\/\/miningspareparts.com\/wp-content\/uploads\/2024\/01\/Mixer-And-Wear-Parts1.webp 2037w\" sizes=\"(max-width: 498px) 100vw, 498px\" \/><span style=\"font-size: 16px\">\u00a0<\/span><img decoding=\"async\" class=\"wp-image-3551 alignnone\" style=\"font-weight: inherit\" src=\"https:\/\/miningspareparts.com\/wp-content\/uploads\/2024\/01\/Mixer-And-Wear-Parts2-210x300.webp\" alt=\"\" width=\"454\" height=\"649\" srcset=\"https:\/\/miningspareparts.com\/wp-content\/uploads\/2024\/01\/Mixer-And-Wear-Parts2-210x300.webp 210w, https:\/\/miningspareparts.com\/wp-content\/uploads\/2024\/01\/Mixer-And-Wear-Parts2-600x856.webp 600w\" sizes=\"(max-width: 454px) 100vw, 454px\" \/><\/p>\n<p>Las palas, brazos mezcladores y revestimientos de la mezcladora de asfalto de doble eje ROADY-105x representan el pin\u00e1culo de la excelencia en recambios originales. Como fabricante l\u00edder, ofrecemos soluciones posventa que redefinen la durabilidad, garantizando un rendimiento sostenido en diversas aplicaciones. Fabricados con precisi\u00f3n, estos componentes subrayan nuestro compromiso con la calidad y la innovaci\u00f3n.<\/p>\n<p>En el \u00e1mbito de las mezcladoras de asfalto, la sustituci\u00f3n original es primordial para mantener una funcionalidad \u00f3ptima. ROADY destaca en el suministro de estos componentes esenciales, garantizando una compatibilidad sin fisuras y un rendimiento excepcional en todo un espectro de escenarios operativos. Nuestro compromiso va m\u00e1s all\u00e1 de la mera sustituci\u00f3n y se extiende al \u00e1mbito de la excelencia posventa, donde convergen la durabilidad y la fiabilidad.<\/p>\n<p>Forjados a partir de materiales de primera calidad, nuestras palas mezcladoras, brazos mezcladores y revestimientos son sin\u00f3nimo de durabilidad. Al hacer hincapi\u00e9 en la resistencia al desgaste, estos componentes soportan las exigentes condiciones del mezclado de asfalto, preservando el m\u00e1ximo rendimiento durante periodos prolongados. Nuestra dedicaci\u00f3n a la calidad y la innovaci\u00f3n posiciona a ROADY como un socio de confianza en la industria de la construcci\u00f3n.<\/p>\n<p>Tanto si busca un recambio original fiable como soluciones posventa para una mayor durabilidad, ROADY es el ep\u00edtome de la excelencia. Nuestros componentes para mezcladoras de asfalto de doble eje muestran la fusi\u00f3n de ingenier\u00eda de precisi\u00f3n, durabilidad e innovaci\u00f3n posventa, garantizando que sus operaciones se desarrollen sin problemas, de forma eficiente y con una calidad duradera. Conf\u00ede en ROADY para componentes que van m\u00e1s all\u00e1 de meras sustituciones, aportando un valor duradero a sus esfuerzos de mezclado de asfalto.<\/p>","protected":false},"excerpt":{"rendered":"<p><b>Modelos:<\/b><i>RD-105x<\/i><\/p>","protected":false},"featured_media":1569,"template":"","meta":{"_uag_custom_page_level_css":"","site-sidebar-layout":"default","site-content-layout":"","ast-site-content-layout":"default","site-content-style":"default","site-sidebar-style":"default","ast-global-header-display":"","ast-banner-title-visibility":"","ast-main-header-display":"","ast-hfb-above-header-display":"","ast-hfb-below-header-display":"","ast-hfb-mobile-header-display":"","site-post-title":"","ast-breadcrumbs-content":"","ast-featured-img":"","footer-sml-layout":"","ast-disable-related-posts":"","theme-transparent-header-meta":"default","adv-header-id-meta":"","stick-header-meta":"default","header-above-stick-meta":"","header-main-stick-meta":"","header-below-stick-meta":"","astra-migrate-meta-layouts":"set","ast-page-background-enabled":"default","ast-page-background-meta":{"desktop":{"background-color":"var(--ast-global-color-4)","background-image":"","background-repeat":"repeat","background-position":"center center","background-size":"auto","background-attachment":"scroll","background-type":"","background-media":"","overlay-type":"","overlay-color":"","overlay-opacity":"","overlay-gradient":""},"tablet":{"background-color":"","background-image":"","background-repeat":"repeat","background-position":"center center","background-size":"auto","background-attachment":"scroll","background-type":"","background-media":"","overlay-type":"","overlay-color":"","overlay-opacity":"","overlay-gradient":""},"mobile":{"background-color":"","background-image":"","background-repeat":"repeat","background-position":"center center","background-size":"auto","background-attachment":"scroll","background-type":"","background-media":"","overlay-type":"","overlay-color":"","overlay-opacity":"","overlay-gradient":""}},"ast-content-background-meta":{"desktop":{"background-color":"var(--ast-global-color-5)","background-image":"","background-repeat":"repeat","background-position":"center center","background-size":"auto","background-attachment":"scroll","background-type":"","background-media":"","overlay-type":"","overlay-color":"","overlay-opacity":"","overlay-gradient":""},"tablet":{"background-color":"var(--ast-global-color-5)","background-image":"","background-repeat":"repeat","background-position":"center center","background-size":"auto","background-attachment":"scroll","background-type":"","background-media":"","overlay-type":"","overlay-color":"","overlay-opacity":"","overlay-gradient":""},"mobile":{"background-color":"var(--ast-global-color-5)","background-image":"","background-repeat":"repeat","background-position":"center center","background-size":"auto","background-attachment":"scroll","background-type":"","background-media":"","overlay-type":"","overlay-color":"","overlay-opacity":"","overlay-gradient":""}}},"product_brand":[],"product_cat":[277,82],"product_tag":[267],"class_list":{"0":"post-1566","1":"product","2":"type-product","3":"status-publish","4":"has-post-thumbnail","6":"product_cat-roady","7":"product_cat-asphalt-mixer-parts","8":"product_tag-asphalt","9":"desktop-align-left","10":"tablet-align-left","11":"mobile-align-left","12":"ast-product-gallery-layout-horizontal-slider","13":"ast-product-single-variable","14":"ast-product-tabs-layout-horizontal","16":"first","17":"instock","18":"shipping-taxable","19":"purchasable","20":"product-type-variable"},"yoast_head":"<!-- This site is optimized with the Yoast SEO plugin v27.4 - https:\/\/yoast.com\/product\/yoast-seo-wordpress\/ -->\n<title>ROADY-105x Asphalt Mixer And Parts- Crusher parts, Slurry Pump Parts, Excavator shovel parts<\/title>\n<meta name=\"description\" content=\"ROADY-105x Asphalt Twin Shaft Mixer Blades, Mixing Arms and Liners: Original replacement accuracy and wear resistance ensure long-term performance\" \/>\n<meta name=\"robots\" content=\"index, follow, max-snippet:-1, max-image-preview:large, max-video-preview:-1\" \/>\n<link rel=\"canonical\" href=\"https:\/\/miningspareparts.com\/es\/producto\/roady-105x-asphalt-mixer-and-parts\/\" \/>\n<meta property=\"og:locale\" content=\"es_MX\" \/>\n<meta property=\"og:type\" content=\"article\" \/>\n<meta property=\"og:title\" content=\"ROADY-105x Asphalt Mixer And Parts- Crusher parts, Slurry Pump Parts, Excavator shovel parts\" \/>\n<meta property=\"og:description\" content=\"ROADY-105x Asphalt Twin Shaft Mixer Blades, Mixing Arms and Liners: Original replacement accuracy and wear resistance ensure long-term performance\" \/>\n<meta property=\"og:url\" content=\"https:\/\/miningspareparts.com\/es\/producto\/roady-105x-asphalt-mixer-and-parts\/\" \/>\n<meta property=\"og:site_name\" content=\"Crusher parts, Slurry Pump Parts, Excavator shovel parts\" \/>\n<meta property=\"article:modified_time\" content=\"2024-01-16T08:32:54+00:00\" \/>\n<meta property=\"og:image\" content=\"https:\/\/miningspareparts.com\/wp-content\/uploads\/2023\/12\/rd-torczevaya.jpg\" \/>\n\t<meta property=\"og:image:width\" content=\"1417\" \/>\n\t<meta property=\"og:image:height\" content=\"1417\" \/>\n\t<meta property=\"og:image:type\" content=\"image\/jpeg\" \/>\n<meta name=\"twitter:card\" content=\"summary_large_image\" \/>\n<meta name=\"twitter:label1\" content=\"Tiempo de lectura\" \/>\n\t<meta name=\"twitter:data1\" content=\"2 minutos\" \/>\n<script type=\"application\/ld+json\" class=\"yoast-schema-graph\">{\"@context\":\"https:\\\/\\\/schema.org\",\"@graph\":[{\"@type\":\"WebPage\",\"@id\":\"https:\\\/\\\/miningspareparts.com\\\/product\\\/roady-105x-asphalt-mixer-and-parts\\\/\",\"url\":\"https:\\\/\\\/miningspareparts.com\\\/product\\\/roady-105x-asphalt-mixer-and-parts\\\/\",\"name\":\"ROADY-105x Asphalt Mixer And Parts- Crusher parts, Slurry Pump Parts, Excavator shovel parts\",\"isPartOf\":{\"@id\":\"https:\\\/\\\/miningspareparts.com\\\/#website\"},\"primaryImageOfPage\":{\"@id\":\"https:\\\/\\\/miningspareparts.com\\\/product\\\/roady-105x-asphalt-mixer-and-parts\\\/#primaryimage\"},\"image\":{\"@id\":\"https:\\\/\\\/miningspareparts.com\\\/product\\\/roady-105x-asphalt-mixer-and-parts\\\/#primaryimage\"},\"thumbnailUrl\":\"https:\\\/\\\/miningspareparts.com\\\/wp-content\\\/uploads\\\/2023\\\/12\\\/rd-torczevaya.jpg\",\"datePublished\":\"2023-12-20T04:50:15+00:00\",\"dateModified\":\"2024-01-16T08:32:54+00:00\",\"description\":\"ROADY-105x Asphalt Twin Shaft Mixer Blades, Mixing Arms and Liners: Original replacement accuracy and wear resistance ensure long-term performance\",\"breadcrumb\":{\"@id\":\"https:\\\/\\\/miningspareparts.com\\\/product\\\/roady-105x-asphalt-mixer-and-parts\\\/#breadcrumb\"},\"inLanguage\":\"es\",\"potentialAction\":[{\"@type\":\"ReadAction\",\"target\":[\"https:\\\/\\\/miningspareparts.com\\\/product\\\/roady-105x-asphalt-mixer-and-parts\\\/\"]}]},{\"@type\":\"ImageObject\",\"inLanguage\":\"es\",\"@id\":\"https:\\\/\\\/miningspareparts.com\\\/product\\\/roady-105x-asphalt-mixer-and-parts\\\/#primaryimage\",\"url\":\"https:\\\/\\\/miningspareparts.com\\\/wp-content\\\/uploads\\\/2023\\\/12\\\/rd-torczevaya.jpg\",\"contentUrl\":\"https:\\\/\\\/miningspareparts.com\\\/wp-content\\\/uploads\\\/2023\\\/12\\\/rd-torczevaya.jpg\",\"width\":1417,\"height\":1417,\"caption\":\"ROADY-105x Mixer And Parts end liner\"},{\"@type\":\"BreadcrumbList\",\"@id\":\"https:\\\/\\\/miningspareparts.com\\\/product\\\/roady-105x-asphalt-mixer-and-parts\\\/#breadcrumb\",\"itemListElement\":[{\"@type\":\"ListItem\",\"position\":1,\"name\":\"Home\",\"item\":\"https:\\\/\\\/miningspareparts.com\\\/\"},{\"@type\":\"ListItem\",\"position\":2,\"name\":\"Premium Mining Wear And Spare Parts\",\"item\":\"https:\\\/\\\/miningspareparts.com\\\/shop\\\/\"},{\"@type\":\"ListItem\",\"position\":3,\"name\":\"ROADY-105x Mixer And Parts\"}]},{\"@type\":\"WebSite\",\"@id\":\"https:\\\/\\\/miningspareparts.com\\\/#website\",\"url\":\"https:\\\/\\\/miningspareparts.com\\\/\",\"name\":\"Crusher parts , Concrete Mixer Parts, Slurry Pump Parts, Mining Spares\",\"description\":\"Mining Wear &amp; Spare Parts Supplier\",\"publisher\":{\"@id\":\"https:\\\/\\\/miningspareparts.com\\\/#organization\"},\"potentialAction\":[{\"@type\":\"SearchAction\",\"target\":{\"@type\":\"EntryPoint\",\"urlTemplate\":\"https:\\\/\\\/miningspareparts.com\\\/?s={search_term_string}\"},\"query-input\":{\"@type\":\"PropertyValueSpecification\",\"valueRequired\":true,\"valueName\":\"search_term_string\"}}],\"inLanguage\":\"es\"},{\"@type\":\"Organization\",\"@id\":\"https:\\\/\\\/miningspareparts.com\\\/#organization\",\"name\":\"Crusher parts , Concrete Mixer Parts, Slurry Pump Parts, Mining Spares\",\"url\":\"https:\\\/\\\/miningspareparts.com\\\/\",\"logo\":{\"@type\":\"ImageObject\",\"inLanguage\":\"es\",\"@id\":\"https:\\\/\\\/miningspareparts.com\\\/#\\\/schema\\\/logo\\\/image\\\/\",\"url\":\"https:\\\/\\\/miningspareparts.com\\\/wp-content\\\/uploads\\\/2025\\\/04\\\/cropped-cropped-logo\u6b63\u65b9\u5f62.png\",\"contentUrl\":\"https:\\\/\\\/miningspareparts.com\\\/wp-content\\\/uploads\\\/2025\\\/04\\\/cropped-cropped-logo\u6b63\u65b9\u5f62.png\",\"width\":511,\"height\":171,\"caption\":\"Crusher parts , Concrete Mixer Parts, Slurry Pump Parts, Mining Spares\"},\"image\":{\"@id\":\"https:\\\/\\\/miningspareparts.com\\\/#\\\/schema\\\/logo\\\/image\\\/\"}}]}<\/script>\n<!-- \/ Yoast SEO plugin. -->","yoast_head_json":{"title":"ROADY-105x Asphalt Mixer And Parts- Crusher parts, Slurry Pump Parts, Excavator shovel parts","description":"ROADY-105x Asphalt Twin Shaft Mixer Blades, Mixing Arms and Liners: Original replacement accuracy and wear resistance ensure long-term performance","robots":{"index":"index","follow":"follow","max-snippet":"max-snippet:-1","max-image-preview":"max-image-preview:large","max-video-preview":"max-video-preview:-1"},"canonical":"https:\/\/miningspareparts.com\/es\/producto\/roady-105x-asphalt-mixer-and-parts\/","og_locale":"es_MX","og_type":"article","og_title":"ROADY-105x Asphalt Mixer And Parts- Crusher parts, Slurry Pump Parts, Excavator shovel parts","og_description":"ROADY-105x Asphalt Twin Shaft Mixer Blades, Mixing Arms and Liners: Original replacement accuracy and wear resistance ensure long-term performance","og_url":"https:\/\/miningspareparts.com\/es\/producto\/roady-105x-asphalt-mixer-and-parts\/","og_site_name":"Crusher parts, Slurry Pump Parts, Excavator shovel parts","article_modified_time":"2024-01-16T08:32:54+00:00","og_image":[{"width":1417,"height":1417,"url":"https:\/\/miningspareparts.com\/wp-content\/uploads\/2023\/12\/rd-torczevaya.jpg","type":"image\/jpeg"}],"twitter_card":"summary_large_image","twitter_misc":{"Tiempo de lectura":"2 minutos"},"schema":{"@context":"https:\/\/schema.org","@graph":[{"@type":"WebPage","@id":"https:\/\/miningspareparts.com\/product\/roady-105x-asphalt-mixer-and-parts\/","url":"https:\/\/miningspareparts.com\/product\/roady-105x-asphalt-mixer-and-parts\/","name":"ROADY-105x Asphalt Mixer And Parts- Crusher parts, Slurry Pump Parts, Excavator shovel parts","isPartOf":{"@id":"https:\/\/miningspareparts.com\/#website"},"primaryImageOfPage":{"@id":"https:\/\/miningspareparts.com\/product\/roady-105x-asphalt-mixer-and-parts\/#primaryimage"},"image":{"@id":"https:\/\/miningspareparts.com\/product\/roady-105x-asphalt-mixer-and-parts\/#primaryimage"},"thumbnailUrl":"https:\/\/miningspareparts.com\/wp-content\/uploads\/2023\/12\/rd-torczevaya.jpg","datePublished":"2023-12-20T04:50:15+00:00","dateModified":"2024-01-16T08:32:54+00:00","description":"ROADY-105x Asphalt Twin Shaft Mixer Blades, Mixing Arms and Liners: Original replacement accuracy and wear resistance ensure long-term performance","breadcrumb":{"@id":"https:\/\/miningspareparts.com\/product\/roady-105x-asphalt-mixer-and-parts\/#breadcrumb"},"inLanguage":"es","potentialAction":[{"@type":"ReadAction","target":["https:\/\/miningspareparts.com\/product\/roady-105x-asphalt-mixer-and-parts\/"]}]},{"@type":"ImageObject","inLanguage":"es","@id":"https:\/\/miningspareparts.com\/product\/roady-105x-asphalt-mixer-and-parts\/#primaryimage","url":"https:\/\/miningspareparts.com\/wp-content\/uploads\/2023\/12\/rd-torczevaya.jpg","contentUrl":"https:\/\/miningspareparts.com\/wp-content\/uploads\/2023\/12\/rd-torczevaya.jpg","width":1417,"height":1417,"caption":"ROADY-105x Mixer And Parts end liner"},{"@type":"BreadcrumbList","@id":"https:\/\/miningspareparts.com\/product\/roady-105x-asphalt-mixer-and-parts\/#breadcrumb","itemListElement":[{"@type":"ListItem","position":1,"name":"Home","item":"https:\/\/miningspareparts.com\/"},{"@type":"ListItem","position":2,"name":"Premium Mining Wear And Spare Parts","item":"https:\/\/miningspareparts.com\/shop\/"},{"@type":"ListItem","position":3,"name":"ROADY-105x Mixer And Parts"}]},{"@type":"WebSite","@id":"https:\/\/miningspareparts.com\/#website","url":"https:\/\/miningspareparts.com\/","name":"Crusher parts , Concrete Mixer Parts, Slurry Pump Parts, Mining Spares","description":"Mining Wear &amp; Spare Parts Supplier","publisher":{"@id":"https:\/\/miningspareparts.com\/#organization"},"potentialAction":[{"@type":"SearchAction","target":{"@type":"EntryPoint","urlTemplate":"https:\/\/miningspareparts.com\/?s={search_term_string}"},"query-input":{"@type":"PropertyValueSpecification","valueRequired":true,"valueName":"search_term_string"}}],"inLanguage":"es"},{"@type":"Organization","@id":"https:\/\/miningspareparts.com\/#organization","name":"Crusher parts , Concrete Mixer Parts, Slurry Pump Parts, Mining Spares","url":"https:\/\/miningspareparts.com\/","logo":{"@type":"ImageObject","inLanguage":"es","@id":"https:\/\/miningspareparts.com\/#\/schema\/logo\/image\/","url":"https:\/\/miningspareparts.com\/wp-content\/uploads\/2025\/04\/cropped-cropped-logo\u6b63\u65b9\u5f62.png","contentUrl":"https:\/\/miningspareparts.com\/wp-content\/uploads\/2025\/04\/cropped-cropped-logo\u6b63\u65b9\u5f62.png","width":511,"height":171,"caption":"Crusher parts , Concrete Mixer Parts, Slurry Pump Parts, Mining Spares"},"image":{"@id":"https:\/\/miningspareparts.com\/#\/schema\/logo\/image\/"}}]}},"uagb_featured_image_src":{"full":["https:\/\/miningspareparts.com\/wp-content\/uploads\/2023\/12\/rd-torczevaya.jpg",1417,1417,false],"thumbnail":["https:\/\/miningspareparts.com\/wp-content\/uploads\/2023\/12\/rd-torczevaya-150x150.jpg",150,150,true],"medium":["https:\/\/miningspareparts.com\/wp-content\/uploads\/2023\/12\/rd-torczevaya-300x300.jpg",300,300,true],"medium_large":["https:\/\/miningspareparts.com\/wp-content\/uploads\/2023\/12\/rd-torczevaya-768x768.jpg",768,768,true],"large":["https:\/\/miningspareparts.com\/wp-content\/uploads\/2023\/12\/rd-torczevaya-1024x1024.jpg",1024,1024,true],"1536x1536":["https:\/\/miningspareparts.com\/wp-content\/uploads\/2023\/12\/rd-torczevaya.jpg",1417,1417,false],"2048x2048":["https:\/\/miningspareparts.com\/wp-content\/uploads\/2023\/12\/rd-torczevaya.jpg",1417,1417,false],"trp-custom-language-flag":["https:\/\/miningspareparts.com\/wp-content\/uploads\/2023\/12\/rd-torczevaya.jpg",12,12,false],"woocommerce_thumbnail":["https:\/\/miningspareparts.com\/wp-content\/uploads\/2023\/12\/rd-torczevaya-300x300.jpg",300,300,true],"woocommerce_single":["https:\/\/miningspareparts.com\/wp-content\/uploads\/2023\/12\/rd-torczevaya-600x600.jpg",600,600,true],"woocommerce_gallery_thumbnail":["https:\/\/miningspareparts.com\/wp-content\/uploads\/2023\/12\/rd-torczevaya-100x100.jpg",100,100,true]},"uagb_author_info":{"display_name":"Miningspareparts","author_link":"https:\/\/miningspareparts.com\/es\/author\/"},"uagb_comment_info":0,"uagb_excerpt":"Models:RD-105x","_links":{"self":[{"href":"https:\/\/miningspareparts.com\/es\/wp-json\/wp\/v2\/product\/1566","targetHints":{"allow":["GET"]}}],"collection":[{"href":"https:\/\/miningspareparts.com\/es\/wp-json\/wp\/v2\/product"}],"about":[{"href":"https:\/\/miningspareparts.com\/es\/wp-json\/wp\/v2\/types\/product"}],"wp:featuredmedia":[{"embeddable":true,"href":"https:\/\/miningspareparts.com\/es\/wp-json\/wp\/v2\/media\/1569"}],"wp:attachment":[{"href":"https:\/\/miningspareparts.com\/es\/wp-json\/wp\/v2\/media?parent=1566"}],"wp:term":[{"taxonomy":"product_brand","embeddable":true,"href":"https:\/\/miningspareparts.com\/es\/wp-json\/wp\/v2\/product_brand?post=1566"},{"taxonomy":"product_cat","embeddable":true,"href":"https:\/\/miningspareparts.com\/es\/wp-json\/wp\/v2\/product_cat?post=1566"},{"taxonomy":"product_tag","embeddable":true,"href":"https:\/\/miningspareparts.com\/es\/wp-json\/wp\/v2\/product_tag?post=1566"}],"curies":[{"name":"wp","href":"https:\/\/api.w.org\/{rel}","templated":true}]}}