{"id":1603,"date":"2023-12-20T05:17:18","date_gmt":"2023-12-20T05:17:18","guid":{"rendered":"https:\/\/miningspareparts.com\/?post_type=product&#038;p=1603"},"modified":"2024-01-16T08:29:18","modified_gmt":"2024-01-16T08:29:18","slug":"%d0%bd%d0%be%d0%bc%d0%b1%d1%83%d1%81-hc-120-mixer-and-parts","status":"publish","type":"product","link":"https:\/\/miningspareparts.com\/es\/producto\/%d0%bd%d0%be%d0%bc%d0%b1%d1%83%d1%81-hc-120-mixer-and-parts\/","title":{"rendered":"\u041d\u043e\u043c\u0431\u0443\u0441 HC 120 Mezclador Y Piezas"},"content":{"rendered":"<table width=\"1253\">\n<tbody>\n<tr>\n<td colspan=\"6\" width=\"1253\"><b>Modelos:<\/b><i>\u041d\u043e\u043c\u0431\u0443\u0441\u00a0<\/i><i>HC 120<\/i><\/td>\n<\/tr>\n<tr>\n<td width=\"210\"><\/td>\n<td width=\"154\"><b>PUESTO<\/b><\/td>\n<td width=\"252\"><b>C\u00d3DIGO DE ART\u00cdCULO<\/b><\/td>\n<td width=\"127\"><b>CANT<\/b><\/td>\n<td width=\"230\"><b>CATEGOR\u00cdA<\/b><\/td>\n<td width=\"277\"><b>PESO NETO<\/b><\/td>\n<\/tr>\n<tr>\n<td rowspan=\"5\" width=\"210\"><b>Revestimientos murales<\/b><\/td>\n<td width=\"154\">1<\/td>\n<td width=\"252\">034<\/td>\n<td width=\"127\">6<\/td>\n<td width=\"230\">Revestimientos murales 1<\/td>\n<td width=\"277\"><\/td>\n<\/tr>\n<tr>\n<td width=\"154\">2<\/td>\n<td width=\"252\">032<\/td>\n<td width=\"127\">12<\/td>\n<td width=\"230\">Revestimientos murales 2<\/td>\n<td width=\"277\"><\/td>\n<\/tr>\n<tr>\n<td width=\"154\">3<\/td>\n<td width=\"252\">033<\/td>\n<td width=\"127\">6<\/td>\n<td width=\"230\">Revestimientos murales 3<\/td>\n<td width=\"277\"><\/td>\n<\/tr>\n<tr>\n<td width=\"154\">4<\/td>\n<td width=\"252\">031<\/td>\n<td width=\"127\">6<\/td>\n<td width=\"230\">Revestimientos murales 4<\/td>\n<td width=\"277\"><\/td>\n<\/tr>\n<tr>\n<td width=\"154\">5<\/td>\n<td width=\"252\">09<\/td>\n<td width=\"127\">6<\/td>\n<td width=\"230\">Revestimientos murales 5<\/td>\n<td width=\"277\"><\/td>\n<\/tr>\n<tr>\n<td width=\"210\"><\/td>\n<td width=\"154\"><\/td>\n<td width=\"252\"><\/td>\n<td width=\"127\"><\/td>\n<td width=\"230\"><\/td>\n<td width=\"277\"><\/td>\n<\/tr>\n<tr>\n<td rowspan=\"6\" width=\"210\"><b>Revestimiento final<\/b><\/td>\n<td width=\"154\">1<\/td>\n<td width=\"252\">025<\/td>\n<td width=\"127\">4<\/td>\n<td width=\"230\">Forro final 1<\/td>\n<td width=\"277\"><\/td>\n<\/tr>\n<tr>\n<td width=\"154\">2<\/td>\n<td width=\"252\">028<\/td>\n<td width=\"127\">2<\/td>\n<td width=\"230\">Revestimiento final2<\/td>\n<td width=\"277\"><\/td>\n<\/tr>\n<tr>\n<td width=\"154\">2\u0430<\/td>\n<td width=\"252\">028-1<\/td>\n<td width=\"127\">2<\/td>\n<td width=\"230\">Revestimiento final 2a<\/td>\n<td width=\"277\"><\/td>\n<\/tr>\n<tr>\n<td width=\"154\">3<\/td>\n<td width=\"252\">026<\/td>\n<td width=\"127\">2<\/td>\n<td width=\"230\">Fin del forro 3<\/td>\n<td width=\"277\"><\/td>\n<\/tr>\n<tr>\n<td width=\"154\">3\u0430<\/td>\n<td width=\"252\">026-1<\/td>\n<td width=\"127\">2<\/td>\n<td width=\"230\">Revestimiento final3a<\/td>\n<td width=\"277\"><\/td>\n<\/tr>\n<tr>\n<td width=\"154\">4<\/td>\n<td width=\"252\">030<\/td>\n<td width=\"127\">2<\/td>\n<td width=\"230\">Revestimiento final4<\/td>\n<td width=\"277\"><\/td>\n<\/tr>\n<tr>\n<td width=\"210\"><\/td>\n<td width=\"154\"><\/td>\n<td width=\"252\"><\/td>\n<td width=\"127\"><\/td>\n<td width=\"230\"><\/td>\n<td width=\"277\"><\/td>\n<\/tr>\n<tr>\n<td rowspan=\"4\" width=\"210\"><b>Brazo y puntas<\/b><\/td>\n<td width=\"154\">1<\/td>\n<td width=\"252\"><\/td>\n<td width=\"127\">12<\/td>\n<td width=\"230\">Pala<\/td>\n<td width=\"277\"><\/td>\n<\/tr>\n<tr>\n<td width=\"154\">2<\/td>\n<td width=\"252\"><\/td>\n<td width=\"127\">4<\/td>\n<td width=\"230\">Estante izquierdo<\/td>\n<td width=\"277\"><\/td>\n<\/tr>\n<tr>\n<td width=\"154\">3<\/td>\n<td width=\"252\"><\/td>\n<td width=\"127\">8<\/td>\n<td width=\"230\">Estante derecho<\/td>\n<td width=\"277\"><\/td>\n<\/tr>\n<tr>\n<td width=\"154\">4<\/td>\n<td width=\"252\"><\/td>\n<td width=\"127\">12<\/td>\n<td width=\"230\">Tal\u00f3n (cubo)<\/td>\n<td width=\"277\"><\/td>\n<\/tr>\n<\/tbody>\n<\/table>\n<p><img fetchpriority=\"high\" decoding=\"async\" class=\"wp-image-3550 alignleft\" src=\"https:\/\/miningspareparts.com\/wp-content\/uploads\/2024\/01\/Mixer-And-Wear-Parts1-239x300.webp\" alt=\"\" width=\"498\" height=\"625\" srcset=\"https:\/\/miningspareparts.com\/wp-content\/uploads\/2024\/01\/Mixer-And-Wear-Parts1-239x300.webp 239w, https:\/\/miningspareparts.com\/wp-content\/uploads\/2024\/01\/Mixer-And-Wear-Parts1-817x1024.webp 817w, https:\/\/miningspareparts.com\/wp-content\/uploads\/2024\/01\/Mixer-And-Wear-Parts1-768x963.webp 768w, https:\/\/miningspareparts.com\/wp-content\/uploads\/2024\/01\/Mixer-And-Wear-Parts1-1226x1536.webp 1226w, https:\/\/miningspareparts.com\/wp-content\/uploads\/2024\/01\/Mixer-And-Wear-Parts1-1634x2048.webp 1634w, https:\/\/miningspareparts.com\/wp-content\/uploads\/2024\/01\/Mixer-And-Wear-Parts1-600x752.webp 600w, https:\/\/miningspareparts.com\/wp-content\/uploads\/2024\/01\/Mixer-And-Wear-Parts1.webp 2037w\" sizes=\"(max-width: 498px) 100vw, 498px\" \/><span style=\"font-size: 16px\">\u00a0<\/span><img decoding=\"async\" class=\"wp-image-3551 alignnone\" style=\"font-weight: inherit\" src=\"https:\/\/miningspareparts.com\/wp-content\/uploads\/2024\/01\/Mixer-And-Wear-Parts2-210x300.webp\" alt=\"\" width=\"454\" height=\"649\" srcset=\"https:\/\/miningspareparts.com\/wp-content\/uploads\/2024\/01\/Mixer-And-Wear-Parts2-210x300.webp 210w, https:\/\/miningspareparts.com\/wp-content\/uploads\/2024\/01\/Mixer-And-Wear-Parts2-600x856.webp 600w\" sizes=\"(max-width: 454px) 100vw, 454px\" \/><\/p>\n<p>Nuestras palas, brazos mezcladores y revestimientos para mezcladoras asf\u00e1lticas de doble eje \u041d\u043e\u043c\u0431\u0443\u0441 HC 120 representan el pin\u00e1culo de los componentes de repuesto originales y encarnan la excelencia en maquinaria de construcci\u00f3n. Como fabricantes, nos enorgullecemos de ofrecer productos dise\u00f1ados con precisi\u00f3n que se integran a la perfecci\u00f3n en las mezcladoras de doble eje, garantizando un rendimiento \u00f3ptimo y una larga vida \u00fatil.<\/p>\n<p>En el \u00e1mbito de la posventa, nuestro compromiso con la calidad sigue siendo inquebrantable. Nuestros componentes siguen superando las expectativas, proporcionando soluciones duraderas para las necesidades cambiantes de los proyectos de construcci\u00f3n. Fabricados con un enfoque en la resistencia al desgaste, estos componentes resisten los rigores de la mezcla de asfalto, garantizando una vida \u00fatil prolongada y reduciendo el tiempo de inactividad.<\/p>\n<p>Lo que nos diferencia es nuestra dedicaci\u00f3n a ofrecer algo m\u00e1s que simples recambios; ofrecemos soluciones duraderas que redefinen los est\u00e1ndares del sector. Nuestros componentes \u041d\u043e\u043c\u0431\u0443\u0441 HC 120 son un testimonio de nuestra artesan\u00eda, ya que utilizamos materiales de primera calidad y t\u00e9cnicas de fabricaci\u00f3n avanzadas. Esto garantiza no s\u00f3lo una compatibilidad perfecta, sino tambi\u00e9n un nivel de durabilidad que resiste los retos de los entornos de construcci\u00f3n m\u00e1s exigentes.<\/p>\n<p>Empleamos una gram\u00e1tica fluida para articular con claridad las ventajas de nuestros productos. Somos conscientes del papel fundamental que desempe\u00f1a el lenguaje a la hora de transmitir nuestro compromiso con la excelencia. Con cada componente de \u041d\u043e\u043c\u0431\u0443\u0441 HC 120, pretendemos elevar el rendimiento de las mezcladoras asf\u00e1lticas de doble eje, proporcionando una base fiable para proyectos de construcci\u00f3n de todas las escalas.<\/p>","protected":false},"excerpt":{"rendered":"<table width=\"1253\">\n<tbody>\n<tr>\n<td colspan=\"6\" width=\"1253\"><b>Modelos:<\/b><i>\u041d\u043e\u043c\u0431\u0443\u0441\u00a0<\/i><i>HC 120<\/i><\/td>\n<\/tr>\n<\/tbody>\n<\/table>","protected":false},"featured_media":1606,"template":"","meta":{"_uag_custom_page_level_css":"","site-sidebar-layout":"default","site-content-layout":"","ast-site-content-layout":"default","site-content-style":"default","site-sidebar-style":"default","ast-global-header-display":"","ast-banner-title-visibility":"","ast-main-header-display":"","ast-hfb-above-header-display":"","ast-hfb-below-header-display":"","ast-hfb-mobile-header-display":"","site-post-title":"","ast-breadcrumbs-content":"","ast-featured-img":"","footer-sml-layout":"","ast-disable-related-posts":"","theme-transparent-header-meta":"default","adv-header-id-meta":"","stick-header-meta":"default","header-above-stick-meta":"","header-main-stick-meta":"","header-below-stick-meta":"","astra-migrate-meta-layouts":"set","ast-page-background-enabled":"default","ast-page-background-meta":{"desktop":{"background-color":"var(--ast-global-color-4)","background-image":"","background-repeat":"repeat","background-position":"center center","background-size":"auto","background-attachment":"scroll","background-type":"","background-media":"","overlay-type":"","overlay-color":"","overlay-opacity":"","overlay-gradient":""},"tablet":{"background-color":"","background-image":"","background-repeat":"repeat","background-position":"center center","background-size":"auto","background-attachment":"scroll","background-type":"","background-media":"","overlay-type":"","overlay-color":"","overlay-opacity":"","overlay-gradient":""},"mobile":{"background-color":"","background-image":"","background-repeat":"repeat","background-position":"center center","background-size":"auto","background-attachment":"scroll","background-type":"","background-media":"","overlay-type":"","overlay-color":"","overlay-opacity":"","overlay-gradient":""}},"ast-content-background-meta":{"desktop":{"background-color":"var(--ast-global-color-5)","background-image":"","background-repeat":"repeat","background-position":"center center","background-size":"auto","background-attachment":"scroll","background-type":"","background-media":"","overlay-type":"","overlay-color":"","overlay-opacity":"","overlay-gradient":""},"tablet":{"background-color":"var(--ast-global-color-5)","background-image":"","background-repeat":"repeat","background-position":"center center","background-size":"auto","background-attachment":"scroll","background-type":"","background-media":"","overlay-type":"","overlay-color":"","overlay-opacity":"","overlay-gradient":""},"mobile":{"background-color":"var(--ast-global-color-5)","background-image":"","background-repeat":"repeat","background-position":"center center","background-size":"auto","background-attachment":"scroll","background-type":"","background-media":"","overlay-type":"","overlay-color":"","overlay-opacity":"","overlay-gradient":""}}},"product_brand":[],"product_cat":[275,82],"product_tag":[267],"class_list":{"0":"post-1603","1":"product","2":"type-product","3":"status-publish","4":"has-post-thumbnail","6":"product_cat-other","7":"product_cat-asphalt-mixer-parts","8":"product_tag-asphalt","9":"desktop-align-left","10":"tablet-align-left","11":"mobile-align-left","12":"ast-product-gallery-layout-horizontal-slider","13":"ast-product-single-variable","14":"ast-product-tabs-layout-horizontal","16":"first","17":"instock","18":"shipping-taxable","19":"purchasable","20":"product-type-variable"},"yoast_head":"<!-- This site is optimized with the Yoast SEO plugin v27.4 - https:\/\/yoast.com\/product\/yoast-seo-wordpress\/ -->\n<title>\u041d\u043e\u043c\u0431\u0443\u0441 HC 120 Asphalt Mixer And Parts- Crusher parts, Slurry Pump Parts, Excavator shovel parts<\/title>\n<meta name=\"description\" content=\"\u041d\u043e\u043c\u0431\u0443\u0441 HC 120 twin-shaft mixer blades, mixing arms, and liners offer superior wear resistance, ensuring lasting performance as original replacements.\" \/>\n<meta name=\"robots\" content=\"index, follow, max-snippet:-1, max-image-preview:large, max-video-preview:-1\" \/>\n<link rel=\"canonical\" href=\"https:\/\/miningspareparts.com\/es\/producto\/\u043d\u043e\u043c\u0431\u0443\u0441-hc-120-mixer-and-parts\/\" \/>\n<meta property=\"og:locale\" content=\"es_MX\" \/>\n<meta property=\"og:type\" content=\"article\" \/>\n<meta property=\"og:title\" content=\"\u041d\u043e\u043c\u0431\u0443\u0441 HC 120 Asphalt Mixer And Parts- Crusher parts, Slurry Pump Parts, Excavator shovel parts\" \/>\n<meta property=\"og:description\" content=\"\u041d\u043e\u043c\u0431\u0443\u0441 HC 120 twin-shaft mixer blades, mixing arms, and liners offer superior wear resistance, ensuring lasting performance as original replacements.\" \/>\n<meta property=\"og:url\" content=\"https:\/\/miningspareparts.com\/es\/producto\/\u043d\u043e\u043c\u0431\u0443\u0441-hc-120-mixer-and-parts\/\" \/>\n<meta property=\"og:site_name\" content=\"Crusher parts, Slurry Pump Parts, Excavator shovel parts\" \/>\n<meta property=\"article:modified_time\" content=\"2024-01-16T08:29:18+00:00\" \/>\n<meta property=\"og:image\" content=\"https:\/\/miningspareparts.com\/wp-content\/uploads\/2023\/12\/nombus-hc-120-stojka-v-sbore.jpg\" \/>\n\t<meta property=\"og:image:width\" content=\"1417\" \/>\n\t<meta property=\"og:image:height\" content=\"1417\" \/>\n\t<meta property=\"og:image:type\" content=\"image\/jpeg\" \/>\n<meta name=\"twitter:card\" content=\"summary_large_image\" \/>\n<meta name=\"twitter:label1\" content=\"Tiempo de lectura\" \/>\n\t<meta name=\"twitter:data1\" content=\"2 minutos\" \/>\n<script type=\"application\/ld+json\" class=\"yoast-schema-graph\">{\"@context\":\"https:\\\/\\\/schema.org\",\"@graph\":[{\"@type\":\"WebPage\",\"@id\":\"https:\\\/\\\/miningspareparts.com\\\/product\\\/%d0%bd%d0%be%d0%bc%d0%b1%d1%83%d1%81-hc-120-mixer-and-parts\\\/\",\"url\":\"https:\\\/\\\/miningspareparts.com\\\/product\\\/%d0%bd%d0%be%d0%bc%d0%b1%d1%83%d1%81-hc-120-mixer-and-parts\\\/\",\"name\":\"\u041d\u043e\u043c\u0431\u0443\u0441 HC 120 Asphalt Mixer And Parts- Crusher parts, Slurry Pump Parts, Excavator shovel parts\",\"isPartOf\":{\"@id\":\"https:\\\/\\\/miningspareparts.com\\\/#website\"},\"primaryImageOfPage\":{\"@id\":\"https:\\\/\\\/miningspareparts.com\\\/product\\\/%d0%bd%d0%be%d0%bc%d0%b1%d1%83%d1%81-hc-120-mixer-and-parts\\\/#primaryimage\"},\"image\":{\"@id\":\"https:\\\/\\\/miningspareparts.com\\\/product\\\/%d0%bd%d0%be%d0%bc%d0%b1%d1%83%d1%81-hc-120-mixer-and-parts\\\/#primaryimage\"},\"thumbnailUrl\":\"https:\\\/\\\/miningspareparts.com\\\/wp-content\\\/uploads\\\/2023\\\/12\\\/nombus-hc-120-stojka-v-sbore.jpg\",\"datePublished\":\"2023-12-20T05:17:18+00:00\",\"dateModified\":\"2024-01-16T08:29:18+00:00\",\"description\":\"\u041d\u043e\u043c\u0431\u0443\u0441 HC 120 twin-shaft mixer blades, mixing arms, and liners offer superior wear resistance, ensuring lasting performance as original replacements.\",\"breadcrumb\":{\"@id\":\"https:\\\/\\\/miningspareparts.com\\\/product\\\/%d0%bd%d0%be%d0%bc%d0%b1%d1%83%d1%81-hc-120-mixer-and-parts\\\/#breadcrumb\"},\"inLanguage\":\"es\",\"potentialAction\":[{\"@type\":\"ReadAction\",\"target\":[\"https:\\\/\\\/miningspareparts.com\\\/product\\\/%d0%bd%d0%be%d0%bc%d0%b1%d1%83%d1%81-hc-120-mixer-and-parts\\\/\"]}]},{\"@type\":\"ImageObject\",\"inLanguage\":\"es\",\"@id\":\"https:\\\/\\\/miningspareparts.com\\\/product\\\/%d0%bd%d0%be%d0%bc%d0%b1%d1%83%d1%81-hc-120-mixer-and-parts\\\/#primaryimage\",\"url\":\"https:\\\/\\\/miningspareparts.com\\\/wp-content\\\/uploads\\\/2023\\\/12\\\/nombus-hc-120-stojka-v-sbore.jpg\",\"contentUrl\":\"https:\\\/\\\/miningspareparts.com\\\/wp-content\\\/uploads\\\/2023\\\/12\\\/nombus-hc-120-stojka-v-sbore.jpg\",\"width\":1417,\"height\":1417,\"caption\":\"asphalt \u041d\u043e\u043c\u0431\u0443\u0441 HC 120 Mixer And Parts mixing arm\"},{\"@type\":\"BreadcrumbList\",\"@id\":\"https:\\\/\\\/miningspareparts.com\\\/product\\\/%d0%bd%d0%be%d0%bc%d0%b1%d1%83%d1%81-hc-120-mixer-and-parts\\\/#breadcrumb\",\"itemListElement\":[{\"@type\":\"ListItem\",\"position\":1,\"name\":\"Home\",\"item\":\"https:\\\/\\\/miningspareparts.com\\\/\"},{\"@type\":\"ListItem\",\"position\":2,\"name\":\"Premium Mining Wear And Spare Parts\",\"item\":\"https:\\\/\\\/miningspareparts.com\\\/shop\\\/\"},{\"@type\":\"ListItem\",\"position\":3,\"name\":\"\u041d\u043e\u043c\u0431\u0443\u0441 HC 120 Mixer And Parts\"}]},{\"@type\":\"WebSite\",\"@id\":\"https:\\\/\\\/miningspareparts.com\\\/#website\",\"url\":\"https:\\\/\\\/miningspareparts.com\\\/\",\"name\":\"Crusher parts , Concrete Mixer Parts, Slurry Pump Parts, Mining Spares\",\"description\":\"Mining Wear &amp; Spare Parts Supplier\",\"publisher\":{\"@id\":\"https:\\\/\\\/miningspareparts.com\\\/#organization\"},\"potentialAction\":[{\"@type\":\"SearchAction\",\"target\":{\"@type\":\"EntryPoint\",\"urlTemplate\":\"https:\\\/\\\/miningspareparts.com\\\/?s={search_term_string}\"},\"query-input\":{\"@type\":\"PropertyValueSpecification\",\"valueRequired\":true,\"valueName\":\"search_term_string\"}}],\"inLanguage\":\"es\"},{\"@type\":\"Organization\",\"@id\":\"https:\\\/\\\/miningspareparts.com\\\/#organization\",\"name\":\"Crusher parts , Concrete Mixer Parts, Slurry Pump Parts, Mining Spares\",\"url\":\"https:\\\/\\\/miningspareparts.com\\\/\",\"logo\":{\"@type\":\"ImageObject\",\"inLanguage\":\"es\",\"@id\":\"https:\\\/\\\/miningspareparts.com\\\/#\\\/schema\\\/logo\\\/image\\\/\",\"url\":\"https:\\\/\\\/miningspareparts.com\\\/wp-content\\\/uploads\\\/2025\\\/04\\\/cropped-cropped-logo\u6b63\u65b9\u5f62.png\",\"contentUrl\":\"https:\\\/\\\/miningspareparts.com\\\/wp-content\\\/uploads\\\/2025\\\/04\\\/cropped-cropped-logo\u6b63\u65b9\u5f62.png\",\"width\":511,\"height\":171,\"caption\":\"Crusher parts , Concrete Mixer Parts, Slurry Pump Parts, Mining Spares\"},\"image\":{\"@id\":\"https:\\\/\\\/miningspareparts.com\\\/#\\\/schema\\\/logo\\\/image\\\/\"}}]}<\/script>\n<!-- \/ Yoast SEO plugin. -->","yoast_head_json":{"title":"\u041d\u043e\u043c\u0431\u0443\u0441 HC 120 Asphalt Mixer And Parts- Crusher parts, Slurry Pump Parts, Excavator shovel parts","description":"\u041d\u043e\u043c\u0431\u0443\u0441 HC 120 twin-shaft mixer blades, mixing arms, and liners offer superior wear resistance, ensuring lasting performance as original replacements.","robots":{"index":"index","follow":"follow","max-snippet":"max-snippet:-1","max-image-preview":"max-image-preview:large","max-video-preview":"max-video-preview:-1"},"canonical":"https:\/\/miningspareparts.com\/es\/producto\/\u043d\u043e\u043c\u0431\u0443\u0441-hc-120-mixer-and-parts\/","og_locale":"es_MX","og_type":"article","og_title":"\u041d\u043e\u043c\u0431\u0443\u0441 HC 120 Asphalt Mixer And Parts- Crusher parts, Slurry Pump Parts, Excavator shovel parts","og_description":"\u041d\u043e\u043c\u0431\u0443\u0441 HC 120 twin-shaft mixer blades, mixing arms, and liners offer superior wear resistance, ensuring lasting performance as original replacements.","og_url":"https:\/\/miningspareparts.com\/es\/producto\/\u043d\u043e\u043c\u0431\u0443\u0441-hc-120-mixer-and-parts\/","og_site_name":"Crusher parts, Slurry Pump Parts, Excavator shovel parts","article_modified_time":"2024-01-16T08:29:18+00:00","og_image":[{"width":1417,"height":1417,"url":"https:\/\/miningspareparts.com\/wp-content\/uploads\/2023\/12\/nombus-hc-120-stojka-v-sbore.jpg","type":"image\/jpeg"}],"twitter_card":"summary_large_image","twitter_misc":{"Tiempo de lectura":"2 minutos"},"schema":{"@context":"https:\/\/schema.org","@graph":[{"@type":"WebPage","@id":"https:\/\/miningspareparts.com\/product\/%d0%bd%d0%be%d0%bc%d0%b1%d1%83%d1%81-hc-120-mixer-and-parts\/","url":"https:\/\/miningspareparts.com\/product\/%d0%bd%d0%be%d0%bc%d0%b1%d1%83%d1%81-hc-120-mixer-and-parts\/","name":"\u041d\u043e\u043c\u0431\u0443\u0441 HC 120 Asphalt Mixer And Parts- Crusher parts, Slurry Pump Parts, Excavator shovel parts","isPartOf":{"@id":"https:\/\/miningspareparts.com\/#website"},"primaryImageOfPage":{"@id":"https:\/\/miningspareparts.com\/product\/%d0%bd%d0%be%d0%bc%d0%b1%d1%83%d1%81-hc-120-mixer-and-parts\/#primaryimage"},"image":{"@id":"https:\/\/miningspareparts.com\/product\/%d0%bd%d0%be%d0%bc%d0%b1%d1%83%d1%81-hc-120-mixer-and-parts\/#primaryimage"},"thumbnailUrl":"https:\/\/miningspareparts.com\/wp-content\/uploads\/2023\/12\/nombus-hc-120-stojka-v-sbore.jpg","datePublished":"2023-12-20T05:17:18+00:00","dateModified":"2024-01-16T08:29:18+00:00","description":"\u041d\u043e\u043c\u0431\u0443\u0441 HC 120 twin-shaft mixer blades, mixing arms, and liners offer superior wear resistance, ensuring lasting performance as original replacements.","breadcrumb":{"@id":"https:\/\/miningspareparts.com\/product\/%d0%bd%d0%be%d0%bc%d0%b1%d1%83%d1%81-hc-120-mixer-and-parts\/#breadcrumb"},"inLanguage":"es","potentialAction":[{"@type":"ReadAction","target":["https:\/\/miningspareparts.com\/product\/%d0%bd%d0%be%d0%bc%d0%b1%d1%83%d1%81-hc-120-mixer-and-parts\/"]}]},{"@type":"ImageObject","inLanguage":"es","@id":"https:\/\/miningspareparts.com\/product\/%d0%bd%d0%be%d0%bc%d0%b1%d1%83%d1%81-hc-120-mixer-and-parts\/#primaryimage","url":"https:\/\/miningspareparts.com\/wp-content\/uploads\/2023\/12\/nombus-hc-120-stojka-v-sbore.jpg","contentUrl":"https:\/\/miningspareparts.com\/wp-content\/uploads\/2023\/12\/nombus-hc-120-stojka-v-sbore.jpg","width":1417,"height":1417,"caption":"asphalt \u041d\u043e\u043c\u0431\u0443\u0441 HC 120 Mixer And Parts mixing arm"},{"@type":"BreadcrumbList","@id":"https:\/\/miningspareparts.com\/product\/%d0%bd%d0%be%d0%bc%d0%b1%d1%83%d1%81-hc-120-mixer-and-parts\/#breadcrumb","itemListElement":[{"@type":"ListItem","position":1,"name":"Home","item":"https:\/\/miningspareparts.com\/"},{"@type":"ListItem","position":2,"name":"Premium Mining Wear And Spare Parts","item":"https:\/\/miningspareparts.com\/shop\/"},{"@type":"ListItem","position":3,"name":"\u041d\u043e\u043c\u0431\u0443\u0441 HC 120 Mixer And Parts"}]},{"@type":"WebSite","@id":"https:\/\/miningspareparts.com\/#website","url":"https:\/\/miningspareparts.com\/","name":"Crusher parts , Concrete Mixer Parts, Slurry Pump Parts, Mining Spares","description":"Mining Wear &amp; Spare Parts Supplier","publisher":{"@id":"https:\/\/miningspareparts.com\/#organization"},"potentialAction":[{"@type":"SearchAction","target":{"@type":"EntryPoint","urlTemplate":"https:\/\/miningspareparts.com\/?s={search_term_string}"},"query-input":{"@type":"PropertyValueSpecification","valueRequired":true,"valueName":"search_term_string"}}],"inLanguage":"es"},{"@type":"Organization","@id":"https:\/\/miningspareparts.com\/#organization","name":"Crusher parts , Concrete Mixer Parts, Slurry Pump Parts, Mining Spares","url":"https:\/\/miningspareparts.com\/","logo":{"@type":"ImageObject","inLanguage":"es","@id":"https:\/\/miningspareparts.com\/#\/schema\/logo\/image\/","url":"https:\/\/miningspareparts.com\/wp-content\/uploads\/2025\/04\/cropped-cropped-logo\u6b63\u65b9\u5f62.png","contentUrl":"https:\/\/miningspareparts.com\/wp-content\/uploads\/2025\/04\/cropped-cropped-logo\u6b63\u65b9\u5f62.png","width":511,"height":171,"caption":"Crusher parts , Concrete Mixer Parts, Slurry Pump Parts, Mining Spares"},"image":{"@id":"https:\/\/miningspareparts.com\/#\/schema\/logo\/image\/"}}]}},"uagb_featured_image_src":{"full":["https:\/\/miningspareparts.com\/wp-content\/uploads\/2023\/12\/nombus-hc-120-stojka-v-sbore.jpg",1417,1417,false],"thumbnail":["https:\/\/miningspareparts.com\/wp-content\/uploads\/2023\/12\/nombus-hc-120-stojka-v-sbore-150x150.jpg",150,150,true],"medium":["https:\/\/miningspareparts.com\/wp-content\/uploads\/2023\/12\/nombus-hc-120-stojka-v-sbore-300x300.jpg",300,300,true],"medium_large":["https:\/\/miningspareparts.com\/wp-content\/uploads\/2023\/12\/nombus-hc-120-stojka-v-sbore-768x768.jpg",768,768,true],"large":["https:\/\/miningspareparts.com\/wp-content\/uploads\/2023\/12\/nombus-hc-120-stojka-v-sbore-1024x1024.jpg",1024,1024,true],"1536x1536":["https:\/\/miningspareparts.com\/wp-content\/uploads\/2023\/12\/nombus-hc-120-stojka-v-sbore.jpg",1417,1417,false],"2048x2048":["https:\/\/miningspareparts.com\/wp-content\/uploads\/2023\/12\/nombus-hc-120-stojka-v-sbore.jpg",1417,1417,false],"trp-custom-language-flag":["https:\/\/miningspareparts.com\/wp-content\/uploads\/2023\/12\/nombus-hc-120-stojka-v-sbore.jpg",12,12,false],"woocommerce_thumbnail":["https:\/\/miningspareparts.com\/wp-content\/uploads\/2023\/12\/nombus-hc-120-stojka-v-sbore-300x300.jpg",300,300,true],"woocommerce_single":["https:\/\/miningspareparts.com\/wp-content\/uploads\/2023\/12\/nombus-hc-120-stojka-v-sbore-600x600.jpg",600,600,true],"woocommerce_gallery_thumbnail":["https:\/\/miningspareparts.com\/wp-content\/uploads\/2023\/12\/nombus-hc-120-stojka-v-sbore-100x100.jpg",100,100,true]},"uagb_author_info":{"display_name":"Miningspareparts","author_link":"https:\/\/miningspareparts.com\/es\/author\/"},"uagb_comment_info":0,"uagb_excerpt":"Models:\u041d\u043e\u043c\u0431\u0443\u0441\u00a0HC\u00a0120","_links":{"self":[{"href":"https:\/\/miningspareparts.com\/es\/wp-json\/wp\/v2\/product\/1603","targetHints":{"allow":["GET"]}}],"collection":[{"href":"https:\/\/miningspareparts.com\/es\/wp-json\/wp\/v2\/product"}],"about":[{"href":"https:\/\/miningspareparts.com\/es\/wp-json\/wp\/v2\/types\/product"}],"wp:featuredmedia":[{"embeddable":true,"href":"https:\/\/miningspareparts.com\/es\/wp-json\/wp\/v2\/media\/1606"}],"wp:attachment":[{"href":"https:\/\/miningspareparts.com\/es\/wp-json\/wp\/v2\/media?parent=1603"}],"wp:term":[{"taxonomy":"product_brand","embeddable":true,"href":"https:\/\/miningspareparts.com\/es\/wp-json\/wp\/v2\/product_brand?post=1603"},{"taxonomy":"product_cat","embeddable":true,"href":"https:\/\/miningspareparts.com\/es\/wp-json\/wp\/v2\/product_cat?post=1603"},{"taxonomy":"product_tag","embeddable":true,"href":"https:\/\/miningspareparts.com\/es\/wp-json\/wp\/v2\/product_tag?post=1603"}],"curies":[{"name":"wp","href":"https:\/\/api.w.org\/{rel}","templated":true}]}}