{"id":1612,"date":"2023-12-20T05:21:58","date_gmt":"2023-12-20T05:21:58","guid":{"rendered":"https:\/\/miningspareparts.com\/?post_type=product&#038;p=1612"},"modified":"2024-01-16T08:28:38","modified_gmt":"2024-01-16T08:28:38","slug":"%d1%83%d0%b4%d0%bc-120-%d1%83%d0%b4%d0%bc-80-mixer-and-parts","status":"publish","type":"product","link":"https:\/\/miningspareparts.com\/es\/producto\/%d1%83%d0%b4%d0%bc-120-%d1%83%d0%b4%d0%bc-80-mixer-and-parts\/","title":{"rendered":"\u0423\u0414\u041c-120, \u0423\u0414\u041c-80 Mezclador Y Piezas"},"content":{"rendered":"<table width=\"1291\">\n<tbody>\n<tr>\n<td colspan=\"6\" width=\"1291\"><b>Modelos:<\/b><i>\u0423\u0414\u041c-120, \u0423\u0414\u041c-80<\/i><\/td>\n<\/tr>\n<tr>\n<td width=\"185\"><\/td>\n<td width=\"188\"><b>PUESTO<\/b><\/td>\n<td width=\"260\"><b>C\u00d3DIGO DE ART\u00cdCULO<\/b><\/td>\n<td width=\"131\"><b>CANT<\/b><\/td>\n<td width=\"238\"><b>CATEGOR\u00cdA<\/b><\/td>\n<td width=\"286\"><b>PESO NETO<\/b><\/td>\n<\/tr>\n<tr>\n<td rowspan=\"4\" width=\"185\"><b>Revestimientos murales<\/b><\/td>\n<td width=\"188\">1<\/td>\n<td width=\"260\">Armadura F\/D\/E<\/td>\n<td width=\"131\">2\/2\/2<\/td>\n<td width=\"238\">Revestimientos murales 1<\/td>\n<td width=\"286\"><\/td>\n<\/tr>\n<tr>\n<td width=\"188\">2<\/td>\n<td width=\"260\">Armadura C<\/td>\n<td width=\"131\">6<\/td>\n<td width=\"238\">Revestimientos murales 2<\/td>\n<td width=\"286\"><\/td>\n<\/tr>\n<tr>\n<td width=\"188\">3<\/td>\n<td width=\"260\">Armadura B<\/td>\n<td width=\"131\">6<\/td>\n<td width=\"238\">Revestimientos murales 3<\/td>\n<td width=\"286\"><\/td>\n<\/tr>\n<tr>\n<td width=\"188\">4<\/td>\n<td width=\"260\">Armadura A<\/td>\n<td width=\"131\">6<\/td>\n<td width=\"238\">Revestimientos murales 4<\/td>\n<td width=\"286\"><\/td>\n<\/tr>\n<tr>\n<td width=\"185\"><\/td>\n<td width=\"188\"><\/td>\n<td width=\"260\"><\/td>\n<td width=\"131\"><\/td>\n<td width=\"238\"><\/td>\n<td width=\"286\"><\/td>\n<\/tr>\n<tr>\n<td rowspan=\"3\" width=\"185\"><b>Brazo y puntas<\/b><\/td>\n<td width=\"188\">1<\/td>\n<td width=\"260\">Pala<\/td>\n<td width=\"131\">16<\/td>\n<td width=\"238\">Pala<\/td>\n<td width=\"286\"><\/td>\n<\/tr>\n<tr>\n<td width=\"188\">2<\/td>\n<td width=\"260\">Estanter\u00eda \u0410<\/td>\n<td width=\"131\">12<\/td>\n<td width=\"238\">Estante izquierdo<\/td>\n<td width=\"286\"><\/td>\n<\/tr>\n<tr>\n<td width=\"188\">3<\/td>\n<td width=\"260\">Estanter\u00eda \u0412<\/td>\n<td width=\"131\">4<\/td>\n<td width=\"238\">Estante derecho<\/td>\n<td width=\"286\"><\/td>\n<\/tr>\n<tr>\n<td width=\"185\"><\/td>\n<td width=\"188\"><\/td>\n<td width=\"260\"><\/td>\n<td width=\"131\"><\/td>\n<td width=\"238\"><\/td>\n<td width=\"286\"><\/td>\n<\/tr>\n<\/tbody>\n<\/table>\n<p><img fetchpriority=\"high\" decoding=\"async\" class=\"wp-image-3550 alignleft\" src=\"https:\/\/miningspareparts.com\/wp-content\/uploads\/2024\/01\/Mixer-And-Wear-Parts1-239x300.webp\" alt=\"\" width=\"498\" height=\"625\" srcset=\"https:\/\/miningspareparts.com\/wp-content\/uploads\/2024\/01\/Mixer-And-Wear-Parts1-239x300.webp 239w, https:\/\/miningspareparts.com\/wp-content\/uploads\/2024\/01\/Mixer-And-Wear-Parts1-817x1024.webp 817w, https:\/\/miningspareparts.com\/wp-content\/uploads\/2024\/01\/Mixer-And-Wear-Parts1-768x963.webp 768w, https:\/\/miningspareparts.com\/wp-content\/uploads\/2024\/01\/Mixer-And-Wear-Parts1-1226x1536.webp 1226w, https:\/\/miningspareparts.com\/wp-content\/uploads\/2024\/01\/Mixer-And-Wear-Parts1-1634x2048.webp 1634w, https:\/\/miningspareparts.com\/wp-content\/uploads\/2024\/01\/Mixer-And-Wear-Parts1-600x752.webp 600w, https:\/\/miningspareparts.com\/wp-content\/uploads\/2024\/01\/Mixer-And-Wear-Parts1.webp 2037w\" sizes=\"(max-width: 498px) 100vw, 498px\" \/><span style=\"font-size: 16px\">\u00a0<\/span><img decoding=\"async\" class=\"wp-image-3551 alignnone\" style=\"font-weight: inherit\" src=\"https:\/\/miningspareparts.com\/wp-content\/uploads\/2024\/01\/Mixer-And-Wear-Parts2-210x300.webp\" alt=\"\" width=\"454\" height=\"649\" srcset=\"https:\/\/miningspareparts.com\/wp-content\/uploads\/2024\/01\/Mixer-And-Wear-Parts2-210x300.webp 210w, https:\/\/miningspareparts.com\/wp-content\/uploads\/2024\/01\/Mixer-And-Wear-Parts2-600x856.webp 600w\" sizes=\"(max-width: 454px) 100vw, 454px\" \/><\/p>\n<p>Como fabricante l\u00edder de palas mezcladoras de doble eje \u0423\u0414\u041c-120 y \u0423\u0414\u041c-80, brazos mezcladores y camisas, nos enorgullecemos de ofrecer componentes de repuesto originales reconocidos por su resistencia al desgaste y durabilidad. Nuestro compromiso va m\u00e1s all\u00e1 de ofrecer soluciones posventa; damos prioridad a la calidad, garantizando que nuestros productos soporten los rigores de las aplicaciones m\u00e1s exigentes.<\/p>\n<p>Las palas mezcladoras de doble eje \u0423\u0414\u041c-120 y \u0423\u0414\u041c-80 est\u00e1n meticulosamente fabricadas con materiales avanzados, lo que garantiza una excepcional resistencia al desgaste. Tanto si se trata de los brazos mezcladores como de los revestimientos, cada componente se somete a rigurosas pruebas para cumplir las normas m\u00e1s exigentes del sector. Nuestra dedicaci\u00f3n a las piezas de repuesto originales subraya nuestro compromiso de ofrecer soluciones fiables que superen a la competencia.<\/p>\n<p>Adem\u00e1s de la solidez de nuestros productos, nuestros servicios posventa nos distinguen a\u00fan m\u00e1s en el mercado. Somos conscientes de la importancia de ofrecer soluciones integrales que incluyan una entrega r\u00e1pida y eficaz, asistencia t\u00e9cnica experta y precios competitivos. Nuestro enfoque centrado en el cliente garantiza que sus operaciones experimenten un tiempo de inactividad m\u00ednimo, lo que permite una producci\u00f3n continua y sin problemas.<\/p>\n<p>Adem\u00e1s, nuestro compromiso con la sostenibilidad se refleja en la durabilidad de nuestros componentes. Al suministrar palas, brazos mezcladores y revestimientos de doble eje \u0423\u0414\u041c-120 y \u0423\u0414\u041c-80 duraderos y fiables, contribuimos a reducir el impacto medioambiental asociado a las sustituciones frecuentes.<\/p>\n<p>En conclusi\u00f3n, nuestros componentes para mezcladoras de doble eje \u0423\u0414\u041c-120 y \u0423\u0414\u041c-80 ejemplifican el pin\u00e1culo de las piezas de repuesto originales, ofreciendo una resistencia al desgaste y una durabilidad insuperables. Adopte nuestras soluciones posventa para una asociaci\u00f3n completa y fiable que garantice la longevidad y la eficiencia de su equipo.<\/p>","protected":false},"excerpt":{"rendered":"<p>\u0423\u0414\u041c-120, \u0423\u0414\u041c-80<\/p>","protected":false},"featured_media":1614,"template":"","meta":{"_uag_custom_page_level_css":"","site-sidebar-layout":"default","site-content-layout":"","ast-site-content-layout":"default","site-content-style":"default","site-sidebar-style":"default","ast-global-header-display":"","ast-banner-title-visibility":"","ast-main-header-display":"","ast-hfb-above-header-display":"","ast-hfb-below-header-display":"","ast-hfb-mobile-header-display":"","site-post-title":"","ast-breadcrumbs-content":"","ast-featured-img":"","footer-sml-layout":"","ast-disable-related-posts":"","theme-transparent-header-meta":"default","adv-header-id-meta":"","stick-header-meta":"default","header-above-stick-meta":"","header-main-stick-meta":"","header-below-stick-meta":"","astra-migrate-meta-layouts":"set","ast-page-background-enabled":"default","ast-page-background-meta":{"desktop":{"background-color":"var(--ast-global-color-4)","background-image":"","background-repeat":"repeat","background-position":"center center","background-size":"auto","background-attachment":"scroll","background-type":"","background-media":"","overlay-type":"","overlay-color":"","overlay-opacity":"","overlay-gradient":""},"tablet":{"background-color":"","background-image":"","background-repeat":"repeat","background-position":"center center","background-size":"auto","background-attachment":"scroll","background-type":"","background-media":"","overlay-type":"","overlay-color":"","overlay-opacity":"","overlay-gradient":""},"mobile":{"background-color":"","background-image":"","background-repeat":"repeat","background-position":"center center","background-size":"auto","background-attachment":"scroll","background-type":"","background-media":"","overlay-type":"","overlay-color":"","overlay-opacity":"","overlay-gradient":""}},"ast-content-background-meta":{"desktop":{"background-color":"var(--ast-global-color-5)","background-image":"","background-repeat":"repeat","background-position":"center center","background-size":"auto","background-attachment":"scroll","background-type":"","background-media":"","overlay-type":"","overlay-color":"","overlay-opacity":"","overlay-gradient":""},"tablet":{"background-color":"var(--ast-global-color-5)","background-image":"","background-repeat":"repeat","background-position":"center center","background-size":"auto","background-attachment":"scroll","background-type":"","background-media":"","overlay-type":"","overlay-color":"","overlay-opacity":"","overlay-gradient":""},"mobile":{"background-color":"var(--ast-global-color-5)","background-image":"","background-repeat":"repeat","background-position":"center center","background-size":"auto","background-attachment":"scroll","background-type":"","background-media":"","overlay-type":"","overlay-color":"","overlay-opacity":"","overlay-gradient":""}}},"product_brand":[],"product_cat":[275,82],"product_tag":[267,268],"class_list":{"0":"post-1612","1":"product","2":"type-product","3":"status-publish","4":"has-post-thumbnail","6":"product_cat-other","7":"product_cat-asphalt-mixer-parts","8":"product_tag-asphalt","9":"product_tag-blade","10":"desktop-align-left","11":"tablet-align-left","12":"mobile-align-left","13":"ast-product-gallery-layout-horizontal-slider","14":"ast-product-single-variable","15":"ast-product-tabs-layout-horizontal","17":"first","18":"instock","19":"shipping-taxable","20":"purchasable","21":"product-type-variable"},"yoast_head":"<!-- This site is optimized with the Yoast SEO plugin v27.4 - https:\/\/yoast.com\/product\/yoast-seo-wordpress\/ -->\n<title>\u0423\u0414\u041c-120, \u0423\u0414\u041c-80 Asphalt Mixer And Parts - Crusher parts, Slurry Pump Parts, Excavator shovel parts<\/title>\n<meta name=\"description\" content=\"\u0423\u0414\u041c-120, \u0423\u0414\u041c-80 twin-shaft mixer blades, mixing arms, and liners provide unmatched wear resistance as original replacements, ensuring durable performance.\" \/>\n<meta name=\"robots\" content=\"index, follow, max-snippet:-1, max-image-preview:large, max-video-preview:-1\" \/>\n<link rel=\"canonical\" href=\"https:\/\/miningspareparts.com\/es\/producto\/\u0443\u0434\u043c-120-\u0443\u0434\u043c-80-mixer-and-parts\/\" \/>\n<meta property=\"og:locale\" content=\"es_MX\" \/>\n<meta property=\"og:type\" content=\"article\" \/>\n<meta property=\"og:title\" content=\"\u0423\u0414\u041c-120, \u0423\u0414\u041c-80 Asphalt Mixer And Parts - Crusher parts, Slurry Pump Parts, Excavator shovel parts\" \/>\n<meta property=\"og:description\" content=\"\u0423\u0414\u041c-120, \u0423\u0414\u041c-80 twin-shaft mixer blades, mixing arms, and liners provide unmatched wear resistance as original replacements, ensuring durable performance.\" \/>\n<meta property=\"og:url\" content=\"https:\/\/miningspareparts.com\/es\/producto\/\u0443\u0434\u043c-120-\u0443\u0434\u043c-80-mixer-and-parts\/\" \/>\n<meta property=\"og:site_name\" content=\"Crusher parts, Slurry Pump Parts, Excavator shovel parts\" \/>\n<meta property=\"article:modified_time\" content=\"2024-01-16T08:28:38+00:00\" \/>\n<meta property=\"og:image\" content=\"https:\/\/miningspareparts.com\/wp-content\/uploads\/2023\/12\/udm-80-120-stojki-v-sbore.jpg\" \/>\n\t<meta property=\"og:image:width\" content=\"1417\" \/>\n\t<meta property=\"og:image:height\" content=\"1417\" \/>\n\t<meta property=\"og:image:type\" content=\"image\/jpeg\" \/>\n<meta name=\"twitter:card\" content=\"summary_large_image\" \/>\n<meta name=\"twitter:label1\" content=\"Tiempo de lectura\" \/>\n\t<meta name=\"twitter:data1\" content=\"2 minutos\" \/>\n<script type=\"application\/ld+json\" class=\"yoast-schema-graph\">{\"@context\":\"https:\\\/\\\/schema.org\",\"@graph\":[{\"@type\":\"WebPage\",\"@id\":\"https:\\\/\\\/miningspareparts.com\\\/product\\\/%d1%83%d0%b4%d0%bc-120-%d1%83%d0%b4%d0%bc-80-mixer-and-parts\\\/\",\"url\":\"https:\\\/\\\/miningspareparts.com\\\/product\\\/%d1%83%d0%b4%d0%bc-120-%d1%83%d0%b4%d0%bc-80-mixer-and-parts\\\/\",\"name\":\"\u0423\u0414\u041c-120, \u0423\u0414\u041c-80 Asphalt Mixer And Parts - Crusher parts, Slurry Pump Parts, Excavator shovel parts\",\"isPartOf\":{\"@id\":\"https:\\\/\\\/miningspareparts.com\\\/#website\"},\"primaryImageOfPage\":{\"@id\":\"https:\\\/\\\/miningspareparts.com\\\/product\\\/%d1%83%d0%b4%d0%bc-120-%d1%83%d0%b4%d0%bc-80-mixer-and-parts\\\/#primaryimage\"},\"image\":{\"@id\":\"https:\\\/\\\/miningspareparts.com\\\/product\\\/%d1%83%d0%b4%d0%bc-120-%d1%83%d0%b4%d0%bc-80-mixer-and-parts\\\/#primaryimage\"},\"thumbnailUrl\":\"https:\\\/\\\/miningspareparts.com\\\/wp-content\\\/uploads\\\/2023\\\/12\\\/udm-80-120-stojki-v-sbore.jpg\",\"datePublished\":\"2023-12-20T05:21:58+00:00\",\"dateModified\":\"2024-01-16T08:28:38+00:00\",\"description\":\"\u0423\u0414\u041c-120, \u0423\u0414\u041c-80 twin-shaft mixer blades, mixing arms, and liners provide unmatched wear resistance as original replacements, ensuring durable performance.\",\"breadcrumb\":{\"@id\":\"https:\\\/\\\/miningspareparts.com\\\/product\\\/%d1%83%d0%b4%d0%bc-120-%d1%83%d0%b4%d0%bc-80-mixer-and-parts\\\/#breadcrumb\"},\"inLanguage\":\"es\",\"potentialAction\":[{\"@type\":\"ReadAction\",\"target\":[\"https:\\\/\\\/miningspareparts.com\\\/product\\\/%d1%83%d0%b4%d0%bc-120-%d1%83%d0%b4%d0%bc-80-mixer-and-parts\\\/\"]}]},{\"@type\":\"ImageObject\",\"inLanguage\":\"es\",\"@id\":\"https:\\\/\\\/miningspareparts.com\\\/product\\\/%d1%83%d0%b4%d0%bc-120-%d1%83%d0%b4%d0%bc-80-mixer-and-parts\\\/#primaryimage\",\"url\":\"https:\\\/\\\/miningspareparts.com\\\/wp-content\\\/uploads\\\/2023\\\/12\\\/udm-80-120-stojki-v-sbore.jpg\",\"contentUrl\":\"https:\\\/\\\/miningspareparts.com\\\/wp-content\\\/uploads\\\/2023\\\/12\\\/udm-80-120-stojki-v-sbore.jpg\",\"width\":1417,\"height\":1417,\"caption\":\"asphalt \u0423\u0414\u041c-120, \u0423\u0414\u041c-80 Mixer And Parts mixing arm\"},{\"@type\":\"BreadcrumbList\",\"@id\":\"https:\\\/\\\/miningspareparts.com\\\/product\\\/%d1%83%d0%b4%d0%bc-120-%d1%83%d0%b4%d0%bc-80-mixer-and-parts\\\/#breadcrumb\",\"itemListElement\":[{\"@type\":\"ListItem\",\"position\":1,\"name\":\"Home\",\"item\":\"https:\\\/\\\/miningspareparts.com\\\/\"},{\"@type\":\"ListItem\",\"position\":2,\"name\":\"Premium Mining Wear And Spare Parts\",\"item\":\"https:\\\/\\\/miningspareparts.com\\\/shop\\\/\"},{\"@type\":\"ListItem\",\"position\":3,\"name\":\"\u0423\u0414\u041c-120, \u0423\u0414\u041c-80 Mixer And Parts\"}]},{\"@type\":\"WebSite\",\"@id\":\"https:\\\/\\\/miningspareparts.com\\\/#website\",\"url\":\"https:\\\/\\\/miningspareparts.com\\\/\",\"name\":\"Crusher parts , Concrete Mixer Parts, Slurry Pump Parts, Mining Spares\",\"description\":\"Mining Wear &amp; Spare Parts Supplier\",\"publisher\":{\"@id\":\"https:\\\/\\\/miningspareparts.com\\\/#organization\"},\"potentialAction\":[{\"@type\":\"SearchAction\",\"target\":{\"@type\":\"EntryPoint\",\"urlTemplate\":\"https:\\\/\\\/miningspareparts.com\\\/?s={search_term_string}\"},\"query-input\":{\"@type\":\"PropertyValueSpecification\",\"valueRequired\":true,\"valueName\":\"search_term_string\"}}],\"inLanguage\":\"es\"},{\"@type\":\"Organization\",\"@id\":\"https:\\\/\\\/miningspareparts.com\\\/#organization\",\"name\":\"Crusher parts , Concrete Mixer Parts, Slurry Pump Parts, Mining Spares\",\"url\":\"https:\\\/\\\/miningspareparts.com\\\/\",\"logo\":{\"@type\":\"ImageObject\",\"inLanguage\":\"es\",\"@id\":\"https:\\\/\\\/miningspareparts.com\\\/#\\\/schema\\\/logo\\\/image\\\/\",\"url\":\"https:\\\/\\\/miningspareparts.com\\\/wp-content\\\/uploads\\\/2025\\\/04\\\/cropped-cropped-logo\u6b63\u65b9\u5f62.png\",\"contentUrl\":\"https:\\\/\\\/miningspareparts.com\\\/wp-content\\\/uploads\\\/2025\\\/04\\\/cropped-cropped-logo\u6b63\u65b9\u5f62.png\",\"width\":511,\"height\":171,\"caption\":\"Crusher parts , Concrete Mixer Parts, Slurry Pump Parts, Mining Spares\"},\"image\":{\"@id\":\"https:\\\/\\\/miningspareparts.com\\\/#\\\/schema\\\/logo\\\/image\\\/\"}}]}<\/script>\n<!-- \/ Yoast SEO plugin. -->","yoast_head_json":{"title":"\u0423\u0414\u041c-120, \u0423\u0414\u041c-80 Asphalt Mixer And Parts - Crusher parts, Slurry Pump Parts, Excavator shovel parts","description":"\u0423\u0414\u041c-120, \u0423\u0414\u041c-80 twin-shaft mixer blades, mixing arms, and liners provide unmatched wear resistance as original replacements, ensuring durable performance.","robots":{"index":"index","follow":"follow","max-snippet":"max-snippet:-1","max-image-preview":"max-image-preview:large","max-video-preview":"max-video-preview:-1"},"canonical":"https:\/\/miningspareparts.com\/es\/producto\/\u0443\u0434\u043c-120-\u0443\u0434\u043c-80-mixer-and-parts\/","og_locale":"es_MX","og_type":"article","og_title":"\u0423\u0414\u041c-120, \u0423\u0414\u041c-80 Asphalt Mixer And Parts - Crusher parts, Slurry Pump Parts, Excavator shovel parts","og_description":"\u0423\u0414\u041c-120, \u0423\u0414\u041c-80 twin-shaft mixer blades, mixing arms, and liners provide unmatched wear resistance as original replacements, ensuring durable performance.","og_url":"https:\/\/miningspareparts.com\/es\/producto\/\u0443\u0434\u043c-120-\u0443\u0434\u043c-80-mixer-and-parts\/","og_site_name":"Crusher parts, Slurry Pump Parts, Excavator shovel parts","article_modified_time":"2024-01-16T08:28:38+00:00","og_image":[{"width":1417,"height":1417,"url":"https:\/\/miningspareparts.com\/wp-content\/uploads\/2023\/12\/udm-80-120-stojki-v-sbore.jpg","type":"image\/jpeg"}],"twitter_card":"summary_large_image","twitter_misc":{"Tiempo de lectura":"2 minutos"},"schema":{"@context":"https:\/\/schema.org","@graph":[{"@type":"WebPage","@id":"https:\/\/miningspareparts.com\/product\/%d1%83%d0%b4%d0%bc-120-%d1%83%d0%b4%d0%bc-80-mixer-and-parts\/","url":"https:\/\/miningspareparts.com\/product\/%d1%83%d0%b4%d0%bc-120-%d1%83%d0%b4%d0%bc-80-mixer-and-parts\/","name":"\u0423\u0414\u041c-120, \u0423\u0414\u041c-80 Asphalt Mixer And Parts - Crusher parts, Slurry Pump Parts, Excavator shovel parts","isPartOf":{"@id":"https:\/\/miningspareparts.com\/#website"},"primaryImageOfPage":{"@id":"https:\/\/miningspareparts.com\/product\/%d1%83%d0%b4%d0%bc-120-%d1%83%d0%b4%d0%bc-80-mixer-and-parts\/#primaryimage"},"image":{"@id":"https:\/\/miningspareparts.com\/product\/%d1%83%d0%b4%d0%bc-120-%d1%83%d0%b4%d0%bc-80-mixer-and-parts\/#primaryimage"},"thumbnailUrl":"https:\/\/miningspareparts.com\/wp-content\/uploads\/2023\/12\/udm-80-120-stojki-v-sbore.jpg","datePublished":"2023-12-20T05:21:58+00:00","dateModified":"2024-01-16T08:28:38+00:00","description":"\u0423\u0414\u041c-120, \u0423\u0414\u041c-80 twin-shaft mixer blades, mixing arms, and liners provide unmatched wear resistance as original replacements, ensuring durable performance.","breadcrumb":{"@id":"https:\/\/miningspareparts.com\/product\/%d1%83%d0%b4%d0%bc-120-%d1%83%d0%b4%d0%bc-80-mixer-and-parts\/#breadcrumb"},"inLanguage":"es","potentialAction":[{"@type":"ReadAction","target":["https:\/\/miningspareparts.com\/product\/%d1%83%d0%b4%d0%bc-120-%d1%83%d0%b4%d0%bc-80-mixer-and-parts\/"]}]},{"@type":"ImageObject","inLanguage":"es","@id":"https:\/\/miningspareparts.com\/product\/%d1%83%d0%b4%d0%bc-120-%d1%83%d0%b4%d0%bc-80-mixer-and-parts\/#primaryimage","url":"https:\/\/miningspareparts.com\/wp-content\/uploads\/2023\/12\/udm-80-120-stojki-v-sbore.jpg","contentUrl":"https:\/\/miningspareparts.com\/wp-content\/uploads\/2023\/12\/udm-80-120-stojki-v-sbore.jpg","width":1417,"height":1417,"caption":"asphalt \u0423\u0414\u041c-120, \u0423\u0414\u041c-80 Mixer And Parts mixing arm"},{"@type":"BreadcrumbList","@id":"https:\/\/miningspareparts.com\/product\/%d1%83%d0%b4%d0%bc-120-%d1%83%d0%b4%d0%bc-80-mixer-and-parts\/#breadcrumb","itemListElement":[{"@type":"ListItem","position":1,"name":"Home","item":"https:\/\/miningspareparts.com\/"},{"@type":"ListItem","position":2,"name":"Premium Mining Wear And Spare Parts","item":"https:\/\/miningspareparts.com\/shop\/"},{"@type":"ListItem","position":3,"name":"\u0423\u0414\u041c-120, \u0423\u0414\u041c-80 Mixer And Parts"}]},{"@type":"WebSite","@id":"https:\/\/miningspareparts.com\/#website","url":"https:\/\/miningspareparts.com\/","name":"Crusher parts , Concrete Mixer Parts, Slurry Pump Parts, Mining Spares","description":"Mining Wear &amp; Spare Parts Supplier","publisher":{"@id":"https:\/\/miningspareparts.com\/#organization"},"potentialAction":[{"@type":"SearchAction","target":{"@type":"EntryPoint","urlTemplate":"https:\/\/miningspareparts.com\/?s={search_term_string}"},"query-input":{"@type":"PropertyValueSpecification","valueRequired":true,"valueName":"search_term_string"}}],"inLanguage":"es"},{"@type":"Organization","@id":"https:\/\/miningspareparts.com\/#organization","name":"Crusher parts , Concrete Mixer Parts, Slurry Pump Parts, Mining Spares","url":"https:\/\/miningspareparts.com\/","logo":{"@type":"ImageObject","inLanguage":"es","@id":"https:\/\/miningspareparts.com\/#\/schema\/logo\/image\/","url":"https:\/\/miningspareparts.com\/wp-content\/uploads\/2025\/04\/cropped-cropped-logo\u6b63\u65b9\u5f62.png","contentUrl":"https:\/\/miningspareparts.com\/wp-content\/uploads\/2025\/04\/cropped-cropped-logo\u6b63\u65b9\u5f62.png","width":511,"height":171,"caption":"Crusher parts , Concrete Mixer Parts, Slurry Pump Parts, Mining Spares"},"image":{"@id":"https:\/\/miningspareparts.com\/#\/schema\/logo\/image\/"}}]}},"uagb_featured_image_src":{"full":["https:\/\/miningspareparts.com\/wp-content\/uploads\/2023\/12\/udm-80-120-stojki-v-sbore.jpg",1417,1417,false],"thumbnail":["https:\/\/miningspareparts.com\/wp-content\/uploads\/2023\/12\/udm-80-120-stojki-v-sbore-150x150.jpg",150,150,true],"medium":["https:\/\/miningspareparts.com\/wp-content\/uploads\/2023\/12\/udm-80-120-stojki-v-sbore-300x300.jpg",300,300,true],"medium_large":["https:\/\/miningspareparts.com\/wp-content\/uploads\/2023\/12\/udm-80-120-stojki-v-sbore-768x768.jpg",768,768,true],"large":["https:\/\/miningspareparts.com\/wp-content\/uploads\/2023\/12\/udm-80-120-stojki-v-sbore-1024x1024.jpg",1024,1024,true],"1536x1536":["https:\/\/miningspareparts.com\/wp-content\/uploads\/2023\/12\/udm-80-120-stojki-v-sbore.jpg",1417,1417,false],"2048x2048":["https:\/\/miningspareparts.com\/wp-content\/uploads\/2023\/12\/udm-80-120-stojki-v-sbore.jpg",1417,1417,false],"trp-custom-language-flag":["https:\/\/miningspareparts.com\/wp-content\/uploads\/2023\/12\/udm-80-120-stojki-v-sbore.jpg",12,12,false],"woocommerce_thumbnail":["https:\/\/miningspareparts.com\/wp-content\/uploads\/2023\/12\/udm-80-120-stojki-v-sbore-300x300.jpg",300,300,true],"woocommerce_single":["https:\/\/miningspareparts.com\/wp-content\/uploads\/2023\/12\/udm-80-120-stojki-v-sbore-600x600.jpg",600,600,true],"woocommerce_gallery_thumbnail":["https:\/\/miningspareparts.com\/wp-content\/uploads\/2023\/12\/udm-80-120-stojki-v-sbore-100x100.jpg",100,100,true]},"uagb_author_info":{"display_name":"Miningspareparts","author_link":"https:\/\/miningspareparts.com\/es\/author\/"},"uagb_comment_info":0,"uagb_excerpt":"\u0423\u0414\u041c-120, \u0423\u0414\u041c-80","_links":{"self":[{"href":"https:\/\/miningspareparts.com\/es\/wp-json\/wp\/v2\/product\/1612","targetHints":{"allow":["GET"]}}],"collection":[{"href":"https:\/\/miningspareparts.com\/es\/wp-json\/wp\/v2\/product"}],"about":[{"href":"https:\/\/miningspareparts.com\/es\/wp-json\/wp\/v2\/types\/product"}],"wp:featuredmedia":[{"embeddable":true,"href":"https:\/\/miningspareparts.com\/es\/wp-json\/wp\/v2\/media\/1614"}],"wp:attachment":[{"href":"https:\/\/miningspareparts.com\/es\/wp-json\/wp\/v2\/media?parent=1612"}],"wp:term":[{"taxonomy":"product_brand","embeddable":true,"href":"https:\/\/miningspareparts.com\/es\/wp-json\/wp\/v2\/product_brand?post=1612"},{"taxonomy":"product_cat","embeddable":true,"href":"https:\/\/miningspareparts.com\/es\/wp-json\/wp\/v2\/product_cat?post=1612"},{"taxonomy":"product_tag","embeddable":true,"href":"https:\/\/miningspareparts.com\/es\/wp-json\/wp\/v2\/product_tag?post=1612"}],"curies":[{"name":"wp","href":"https:\/\/api.w.org\/{rel}","templated":true}]}}