{"id":1625,"date":"2023-12-20T05:31:36","date_gmt":"2023-12-20T05:31:36","guid":{"rendered":"https:\/\/miningspareparts.com\/?post_type=product&#038;p=1625"},"modified":"2024-01-16T08:27:17","modified_gmt":"2024-01-16T08:27:17","slug":"nflg-140-mixer-and-parts","status":"publish","type":"product","link":"https:\/\/miningspareparts.com\/es\/producto\/nflg-140-mixer-and-parts\/","title":{"rendered":"Mezcladora NFLG 140 y piezas"},"content":{"rendered":"<table width=\"1370\">\n<tbody>\n<tr>\n<td colspan=\"6\" width=\"1370\">Modelos:NFLG 140<\/td>\n<\/tr>\n<tr>\n<td><\/td>\n<td width=\"149\">PUESTO<\/td>\n<td width=\"272\">C\u00d3DIGO DE ART\u00cdCULO<\/td>\n<td width=\"263\">CATEGOR\u00cdA<\/td>\n<td width=\"258\">CANT\/SET<\/td>\n<td width=\"258\">PESO NETO<\/td>\n<\/tr>\n<tr>\n<td rowspan=\"4\" width=\"170\">Brazo y puntas<\/td>\n<td width=\"149\">1<\/td>\n<td width=\"272\">JB3000D\/6A-<br \/>\n1\/1100014602<\/td>\n<td width=\"263\">Veleta A<\/td>\n<td width=\"258\">4<\/td>\n<td>13.5<\/td>\n<\/tr>\n<tr>\n<td width=\"149\">2<\/td>\n<td width=\"272\">JB3000D\/6A-4\/1100014603<\/td>\n<td width=\"263\">Veleta B<\/td>\n<td width=\"258\">14<\/td>\n<td>13.5<\/td>\n<\/tr>\n<tr>\n<td width=\"149\">3<\/td>\n<td width=\"272\">JB3000D\/6-2\/2100001570<\/td>\n<td width=\"263\">Pilar A<\/td>\n<td width=\"258\">4<\/td>\n<td>33.5<\/td>\n<\/tr>\n<tr>\n<td width=\"149\">4<\/td>\n<td width=\"272\">JB3000D\/6-5\/2100001572<\/td>\n<td width=\"263\">Pilar B<\/td>\n<td width=\"258\">14<\/td>\n<td>33.5<\/td>\n<\/tr>\n<tr>\n<td width=\"170\"><\/td>\n<td width=\"149\">5<\/td>\n<td width=\"272\">JB3000D.6-<br \/>\n3\/2100001571<\/td>\n<td width=\"263\">Conector de cremallera (pieza de mecanizado)<\/td>\n<td width=\"258\">14<\/td>\n<td>20<\/td>\n<\/tr>\n<tr>\n<td>Revestimientos<\/td>\n<td><\/td>\n<td><\/td>\n<td>Revestimientos en mezcladora (incl. piezas)<\/td>\n<td><\/td>\n<td><\/td>\n<\/tr>\n<tr>\n<td rowspan=\"2\" width=\"170\">Liner de pared<\/td>\n<td width=\"149\">1<\/td>\n<td>JB2250C.6A-1\/1100014601<\/td>\n<td width=\"263\">Forro de puerta largo<\/td>\n<td width=\"258\">6<\/td>\n<td>10<\/td>\n<\/tr>\n<tr>\n<td width=\"149\">2<\/td>\n<td>JB3000D.3A-6\/1100014600<\/td>\n<td width=\"263\">Forro de puerta corto<\/td>\n<td width=\"258\">4<\/td>\n<td>3.1<\/td>\n<\/tr>\n<tr>\n<td rowspan=\"3\" width=\"170\">End Liner<\/td>\n<td width=\"149\">3<\/td>\n<td>JB3000D 3A-1\/1100014595<\/td>\n<td width=\"263\">End Liner I<\/td>\n<td width=\"258\">8<\/td>\n<td>25<\/td>\n<\/tr>\n<tr>\n<td width=\"149\">4<\/td>\n<td>JB3000D 3A-2\/1100014596<\/td>\n<td width=\"263\">End Liner II<\/td>\n<td width=\"258\">4<\/td>\n<td>20<\/td>\n<\/tr>\n<tr>\n<td width=\"149\">5<\/td>\n<td>JB3000D 3A-3\/1100014597<\/td>\n<td width=\"263\">End Liner III<\/td>\n<td width=\"258\">4<\/td>\n<td>20<\/td>\n<\/tr>\n<tr>\n<td>Filtro de polvo<\/td>\n<td><\/td>\n<td><\/td>\n<td><\/td>\n<td><\/td>\n<td><\/td>\n<\/tr>\n<\/tbody>\n<\/table>\n<p><img fetchpriority=\"high\" decoding=\"async\" class=\"wp-image-3550 alignleft\" src=\"https:\/\/miningspareparts.com\/wp-content\/uploads\/2024\/01\/Mixer-And-Wear-Parts1-239x300.webp\" alt=\"\" width=\"498\" height=\"625\" srcset=\"https:\/\/miningspareparts.com\/wp-content\/uploads\/2024\/01\/Mixer-And-Wear-Parts1-239x300.webp 239w, https:\/\/miningspareparts.com\/wp-content\/uploads\/2024\/01\/Mixer-And-Wear-Parts1-817x1024.webp 817w, https:\/\/miningspareparts.com\/wp-content\/uploads\/2024\/01\/Mixer-And-Wear-Parts1-768x963.webp 768w, https:\/\/miningspareparts.com\/wp-content\/uploads\/2024\/01\/Mixer-And-Wear-Parts1-1226x1536.webp 1226w, https:\/\/miningspareparts.com\/wp-content\/uploads\/2024\/01\/Mixer-And-Wear-Parts1-1634x2048.webp 1634w, https:\/\/miningspareparts.com\/wp-content\/uploads\/2024\/01\/Mixer-And-Wear-Parts1-600x752.webp 600w, https:\/\/miningspareparts.com\/wp-content\/uploads\/2024\/01\/Mixer-And-Wear-Parts1.webp 2037w\" sizes=\"(max-width: 498px) 100vw, 498px\" \/><span style=\"font-size: 16px\">\u00a0<\/span><img decoding=\"async\" class=\"wp-image-3551 alignnone\" style=\"font-weight: inherit\" src=\"https:\/\/miningspareparts.com\/wp-content\/uploads\/2024\/01\/Mixer-And-Wear-Parts2-210x300.webp\" alt=\"\" width=\"454\" height=\"649\" srcset=\"https:\/\/miningspareparts.com\/wp-content\/uploads\/2024\/01\/Mixer-And-Wear-Parts2-210x300.webp 210w, https:\/\/miningspareparts.com\/wp-content\/uploads\/2024\/01\/Mixer-And-Wear-Parts2-600x856.webp 600w\" sizes=\"(max-width: 454px) 100vw, 454px\" \/><\/p>\n<p>Nuestras palas, brazos mezcladores y camisas para mezcladoras de doble eje NFLG 140 ejemplifican la precisi\u00f3n de los recambios originales, ofreciendo la excelencia del mercado posventa con una durabilidad duradera. Fabricados meticulosamente, nuestros productos garantizan un rendimiento prolongado y cumplen los est\u00e1ndares m\u00e1s exigentes del sector.<\/p>\n<p>Como fabricante l\u00edder, nos enorgullecemos de ofrecer una amplia gama de componentes dise\u00f1ados para sustituir sin problemas las piezas desgastadas de las mezcladoras de doble eje. El t\u00e9rmino \"recambio original\" significa nuestro compromiso de proporcionar componentes que reflejen las especificaciones del equipo original, garantizando un ajuste perfecto y una funcionalidad \u00f3ptima.<\/p>\n<p>En el \u00e1mbito de las soluciones posventa, destacamos por nuestra dedicaci\u00f3n a la calidad. Nuestros productos se someten a rigurosas pruebas para cumplir estrictos criterios de rendimiento. Este compromiso se extiende a la durabilidad, ya que nuestras palas mezcladoras de doble eje, brazos mezcladores y revestimientos est\u00e1n fabricados con materiales robustos, capaces de soportar las duras condiciones del mezclado de asfalto.<\/p>\n<p>Las ventajas de elegir nuestros productos son m\u00faltiples. En primer lugar, nuestros componentes garantizan un ajuste preciso, lo que facilita una integraci\u00f3n perfecta en los sistemas existentes. Esto garantiza un tiempo de inactividad m\u00ednimo durante la sustituci\u00f3n y contribuye a la eficacia general del proceso de mezcla.<\/p>\n<p>Adem\u00e1s, nuestro enfoque en la durabilidad se traduce en rentabilidad para nuestros clientes. Al reducir la frecuencia de las sustituciones y el mantenimiento, las empresas pueden optimizar sus operaciones y asignar los recursos de forma m\u00e1s eficiente.<\/p>\n<p>En conclusi\u00f3n, nuestras palas, brazos mezcladores y camisas de mezcladoras de doble eje NFLG 140 encarnan la esencia de la sustituci\u00f3n original, ofreciendo soluciones posventa centradas en la durabilidad duradera. Como fabricante comprometido con la excelencia, nos esforzamos por elevar el rendimiento de las mezcladoras de doble eje, contribuyendo al \u00e9xito de las operaciones de mezcla de asfalto en todo el mundo.<\/p>","protected":false},"excerpt":{"rendered":"<table width=\"1239\">\n<tbody>\n<tr>\n<td colspan=\"6\" width=\"1239\"><b>Modelos:NFLG<\/b><b>\u00a0140<\/b><\/td>\n<\/tr>\n<\/tbody>\n<\/table>","protected":false},"featured_media":1627,"template":"","meta":{"_uag_custom_page_level_css":"","site-sidebar-layout":"default","site-content-layout":"","ast-site-content-layout":"default","site-content-style":"default","site-sidebar-style":"default","ast-global-header-display":"","ast-banner-title-visibility":"","ast-main-header-display":"","ast-hfb-above-header-display":"","ast-hfb-below-header-display":"","ast-hfb-mobile-header-display":"","site-post-title":"","ast-breadcrumbs-content":"","ast-featured-img":"","footer-sml-layout":"","ast-disable-related-posts":"","theme-transparent-header-meta":"default","adv-header-id-meta":"","stick-header-meta":"default","header-above-stick-meta":"","header-main-stick-meta":"","header-below-stick-meta":"","astra-migrate-meta-layouts":"set","ast-page-background-enabled":"default","ast-page-background-meta":{"desktop":{"background-color":"var(--ast-global-color-4)","background-image":"","background-repeat":"repeat","background-position":"center center","background-size":"auto","background-attachment":"scroll","background-type":"","background-media":"","overlay-type":"","overlay-color":"","overlay-opacity":"","overlay-gradient":""},"tablet":{"background-color":"","background-image":"","background-repeat":"repeat","background-position":"center center","background-size":"auto","background-attachment":"scroll","background-type":"","background-media":"","overlay-type":"","overlay-color":"","overlay-opacity":"","overlay-gradient":""},"mobile":{"background-color":"","background-image":"","background-repeat":"repeat","background-position":"center center","background-size":"auto","background-attachment":"scroll","background-type":"","background-media":"","overlay-type":"","overlay-color":"","overlay-opacity":"","overlay-gradient":""}},"ast-content-background-meta":{"desktop":{"background-color":"var(--ast-global-color-5)","background-image":"","background-repeat":"repeat","background-position":"center center","background-size":"auto","background-attachment":"scroll","background-type":"","background-media":"","overlay-type":"","overlay-color":"","overlay-opacity":"","overlay-gradient":""},"tablet":{"background-color":"var(--ast-global-color-5)","background-image":"","background-repeat":"repeat","background-position":"center center","background-size":"auto","background-attachment":"scroll","background-type":"","background-media":"","overlay-type":"","overlay-color":"","overlay-opacity":"","overlay-gradient":""},"mobile":{"background-color":"var(--ast-global-color-5)","background-image":"","background-repeat":"repeat","background-position":"center center","background-size":"auto","background-attachment":"scroll","background-type":"","background-media":"","overlay-type":"","overlay-color":"","overlay-opacity":"","overlay-gradient":""}}},"product_brand":[],"product_cat":[82,248],"product_tag":[267],"class_list":{"0":"post-1625","1":"product","2":"type-product","3":"status-publish","4":"has-post-thumbnail","6":"product_cat-asphalt-mixer-parts","7":"product_cat-nflg","8":"product_tag-asphalt","9":"desktop-align-left","10":"tablet-align-left","11":"mobile-align-left","12":"ast-product-gallery-layout-horizontal-slider","13":"ast-product-single-variable","14":"ast-product-tabs-layout-horizontal","16":"first","17":"instock","18":"shipping-taxable","19":"purchasable","20":"product-type-variable"},"yoast_head":"<!-- This site is optimized with the Yoast SEO plugin v27.4 - https:\/\/yoast.com\/product\/yoast-seo-wordpress\/ -->\n<title>NFLG 140 Mixer And Parts - Crusher parts, Slurry Pump Parts, Excavator shovel parts<\/title>\n<meta name=\"description\" content=\"NFLG 140 twin-shaft mixer blades, mixing arms, and liners: original replacement precision, ensuring wear resistance for optimal performance and longevity.\" \/>\n<meta name=\"robots\" content=\"index, follow, max-snippet:-1, max-image-preview:large, max-video-preview:-1\" \/>\n<link rel=\"canonical\" href=\"https:\/\/miningspareparts.com\/es\/producto\/nflg-140-mixer-and-parts\/\" \/>\n<meta property=\"og:locale\" content=\"es_MX\" \/>\n<meta property=\"og:type\" content=\"article\" \/>\n<meta property=\"og:title\" content=\"NFLG 140 Mixer And Parts - Crusher parts, Slurry Pump Parts, Excavator shovel parts\" \/>\n<meta property=\"og:description\" content=\"NFLG 140 twin-shaft mixer blades, mixing arms, and liners: original replacement precision, ensuring wear resistance for optimal performance and longevity.\" \/>\n<meta property=\"og:url\" content=\"https:\/\/miningspareparts.com\/es\/producto\/nflg-140-mixer-and-parts\/\" \/>\n<meta property=\"og:site_name\" content=\"Crusher parts, Slurry Pump Parts, Excavator shovel parts\" \/>\n<meta property=\"article:modified_time\" content=\"2024-01-16T08:27:17+00:00\" \/>\n<meta property=\"og:image\" content=\"https:\/\/miningspareparts.com\/wp-content\/uploads\/2023\/12\/nflg-140-stojka-300-1.jpg\" \/>\n\t<meta property=\"og:image:width\" content=\"1000\" \/>\n\t<meta property=\"og:image:height\" content=\"1000\" \/>\n\t<meta property=\"og:image:type\" content=\"image\/jpeg\" \/>\n<meta name=\"twitter:card\" content=\"summary_large_image\" \/>\n<meta name=\"twitter:label1\" content=\"Tiempo de lectura\" \/>\n\t<meta name=\"twitter:data1\" content=\"3 minutos\" \/>\n<script type=\"application\/ld+json\" class=\"yoast-schema-graph\">{\"@context\":\"https:\\\/\\\/schema.org\",\"@graph\":[{\"@type\":\"WebPage\",\"@id\":\"https:\\\/\\\/miningspareparts.com\\\/product\\\/nflg-140-mixer-and-parts\\\/\",\"url\":\"https:\\\/\\\/miningspareparts.com\\\/product\\\/nflg-140-mixer-and-parts\\\/\",\"name\":\"NFLG 140 Mixer And Parts - Crusher parts, Slurry Pump Parts, Excavator shovel parts\",\"isPartOf\":{\"@id\":\"https:\\\/\\\/miningspareparts.com\\\/#website\"},\"primaryImageOfPage\":{\"@id\":\"https:\\\/\\\/miningspareparts.com\\\/product\\\/nflg-140-mixer-and-parts\\\/#primaryimage\"},\"image\":{\"@id\":\"https:\\\/\\\/miningspareparts.com\\\/product\\\/nflg-140-mixer-and-parts\\\/#primaryimage\"},\"thumbnailUrl\":\"https:\\\/\\\/miningspareparts.com\\\/wp-content\\\/uploads\\\/2023\\\/12\\\/nflg-140-stojka-300-1.jpg\",\"datePublished\":\"2023-12-20T05:31:36+00:00\",\"dateModified\":\"2024-01-16T08:27:17+00:00\",\"description\":\"NFLG 140 twin-shaft mixer blades, mixing arms, and liners: original replacement precision, ensuring wear resistance for optimal performance and longevity.\",\"breadcrumb\":{\"@id\":\"https:\\\/\\\/miningspareparts.com\\\/product\\\/nflg-140-mixer-and-parts\\\/#breadcrumb\"},\"inLanguage\":\"es\",\"potentialAction\":[{\"@type\":\"ReadAction\",\"target\":[\"https:\\\/\\\/miningspareparts.com\\\/product\\\/nflg-140-mixer-and-parts\\\/\"]}]},{\"@type\":\"ImageObject\",\"inLanguage\":\"es\",\"@id\":\"https:\\\/\\\/miningspareparts.com\\\/product\\\/nflg-140-mixer-and-parts\\\/#primaryimage\",\"url\":\"https:\\\/\\\/miningspareparts.com\\\/wp-content\\\/uploads\\\/2023\\\/12\\\/nflg-140-stojka-300-1.jpg\",\"contentUrl\":\"https:\\\/\\\/miningspareparts.com\\\/wp-content\\\/uploads\\\/2023\\\/12\\\/nflg-140-stojka-300-1.jpg\",\"width\":1000,\"height\":1000,\"caption\":\"asphalt NFLG 140 Mixer And Parts mixing arm\"},{\"@type\":\"BreadcrumbList\",\"@id\":\"https:\\\/\\\/miningspareparts.com\\\/product\\\/nflg-140-mixer-and-parts\\\/#breadcrumb\",\"itemListElement\":[{\"@type\":\"ListItem\",\"position\":1,\"name\":\"Home\",\"item\":\"https:\\\/\\\/miningspareparts.com\\\/\"},{\"@type\":\"ListItem\",\"position\":2,\"name\":\"Premium Mining Wear And Spare Parts\",\"item\":\"https:\\\/\\\/miningspareparts.com\\\/shop\\\/\"},{\"@type\":\"ListItem\",\"position\":3,\"name\":\"NFLG 140 Mixer And Parts\"}]},{\"@type\":\"WebSite\",\"@id\":\"https:\\\/\\\/miningspareparts.com\\\/#website\",\"url\":\"https:\\\/\\\/miningspareparts.com\\\/\",\"name\":\"Crusher parts , Concrete Mixer Parts, Slurry Pump Parts, Mining Spares\",\"description\":\"Mining Wear &amp; Spare Parts Supplier\",\"publisher\":{\"@id\":\"https:\\\/\\\/miningspareparts.com\\\/#organization\"},\"potentialAction\":[{\"@type\":\"SearchAction\",\"target\":{\"@type\":\"EntryPoint\",\"urlTemplate\":\"https:\\\/\\\/miningspareparts.com\\\/?s={search_term_string}\"},\"query-input\":{\"@type\":\"PropertyValueSpecification\",\"valueRequired\":true,\"valueName\":\"search_term_string\"}}],\"inLanguage\":\"es\"},{\"@type\":\"Organization\",\"@id\":\"https:\\\/\\\/miningspareparts.com\\\/#organization\",\"name\":\"Crusher parts , Concrete Mixer Parts, Slurry Pump Parts, Mining Spares\",\"url\":\"https:\\\/\\\/miningspareparts.com\\\/\",\"logo\":{\"@type\":\"ImageObject\",\"inLanguage\":\"es\",\"@id\":\"https:\\\/\\\/miningspareparts.com\\\/#\\\/schema\\\/logo\\\/image\\\/\",\"url\":\"https:\\\/\\\/miningspareparts.com\\\/wp-content\\\/uploads\\\/2025\\\/04\\\/cropped-cropped-logo\u6b63\u65b9\u5f62.png\",\"contentUrl\":\"https:\\\/\\\/miningspareparts.com\\\/wp-content\\\/uploads\\\/2025\\\/04\\\/cropped-cropped-logo\u6b63\u65b9\u5f62.png\",\"width\":511,\"height\":171,\"caption\":\"Crusher parts , Concrete Mixer Parts, Slurry Pump Parts, Mining Spares\"},\"image\":{\"@id\":\"https:\\\/\\\/miningspareparts.com\\\/#\\\/schema\\\/logo\\\/image\\\/\"}}]}<\/script>\n<!-- \/ Yoast SEO plugin. -->","yoast_head_json":{"title":"NFLG 140 Mixer And Parts - Crusher parts, Slurry Pump Parts, Excavator shovel parts","description":"NFLG 140 twin-shaft mixer blades, mixing arms, and liners: original replacement precision, ensuring wear resistance for optimal performance and longevity.","robots":{"index":"index","follow":"follow","max-snippet":"max-snippet:-1","max-image-preview":"max-image-preview:large","max-video-preview":"max-video-preview:-1"},"canonical":"https:\/\/miningspareparts.com\/es\/producto\/nflg-140-mixer-and-parts\/","og_locale":"es_MX","og_type":"article","og_title":"NFLG 140 Mixer And Parts - Crusher parts, Slurry Pump Parts, Excavator shovel parts","og_description":"NFLG 140 twin-shaft mixer blades, mixing arms, and liners: original replacement precision, ensuring wear resistance for optimal performance and longevity.","og_url":"https:\/\/miningspareparts.com\/es\/producto\/nflg-140-mixer-and-parts\/","og_site_name":"Crusher parts, Slurry Pump Parts, Excavator shovel parts","article_modified_time":"2024-01-16T08:27:17+00:00","og_image":[{"width":1000,"height":1000,"url":"https:\/\/miningspareparts.com\/wp-content\/uploads\/2023\/12\/nflg-140-stojka-300-1.jpg","type":"image\/jpeg"}],"twitter_card":"summary_large_image","twitter_misc":{"Tiempo de lectura":"3 minutos"},"schema":{"@context":"https:\/\/schema.org","@graph":[{"@type":"WebPage","@id":"https:\/\/miningspareparts.com\/product\/nflg-140-mixer-and-parts\/","url":"https:\/\/miningspareparts.com\/product\/nflg-140-mixer-and-parts\/","name":"NFLG 140 Mixer And Parts - Crusher parts, Slurry Pump Parts, Excavator shovel parts","isPartOf":{"@id":"https:\/\/miningspareparts.com\/#website"},"primaryImageOfPage":{"@id":"https:\/\/miningspareparts.com\/product\/nflg-140-mixer-and-parts\/#primaryimage"},"image":{"@id":"https:\/\/miningspareparts.com\/product\/nflg-140-mixer-and-parts\/#primaryimage"},"thumbnailUrl":"https:\/\/miningspareparts.com\/wp-content\/uploads\/2023\/12\/nflg-140-stojka-300-1.jpg","datePublished":"2023-12-20T05:31:36+00:00","dateModified":"2024-01-16T08:27:17+00:00","description":"NFLG 140 twin-shaft mixer blades, mixing arms, and liners: original replacement precision, ensuring wear resistance for optimal performance and longevity.","breadcrumb":{"@id":"https:\/\/miningspareparts.com\/product\/nflg-140-mixer-and-parts\/#breadcrumb"},"inLanguage":"es","potentialAction":[{"@type":"ReadAction","target":["https:\/\/miningspareparts.com\/product\/nflg-140-mixer-and-parts\/"]}]},{"@type":"ImageObject","inLanguage":"es","@id":"https:\/\/miningspareparts.com\/product\/nflg-140-mixer-and-parts\/#primaryimage","url":"https:\/\/miningspareparts.com\/wp-content\/uploads\/2023\/12\/nflg-140-stojka-300-1.jpg","contentUrl":"https:\/\/miningspareparts.com\/wp-content\/uploads\/2023\/12\/nflg-140-stojka-300-1.jpg","width":1000,"height":1000,"caption":"asphalt NFLG 140 Mixer And Parts mixing arm"},{"@type":"BreadcrumbList","@id":"https:\/\/miningspareparts.com\/product\/nflg-140-mixer-and-parts\/#breadcrumb","itemListElement":[{"@type":"ListItem","position":1,"name":"Home","item":"https:\/\/miningspareparts.com\/"},{"@type":"ListItem","position":2,"name":"Premium Mining Wear And Spare Parts","item":"https:\/\/miningspareparts.com\/shop\/"},{"@type":"ListItem","position":3,"name":"NFLG 140 Mixer And Parts"}]},{"@type":"WebSite","@id":"https:\/\/miningspareparts.com\/#website","url":"https:\/\/miningspareparts.com\/","name":"Crusher parts , Concrete Mixer Parts, Slurry Pump Parts, Mining Spares","description":"Mining Wear &amp; Spare Parts Supplier","publisher":{"@id":"https:\/\/miningspareparts.com\/#organization"},"potentialAction":[{"@type":"SearchAction","target":{"@type":"EntryPoint","urlTemplate":"https:\/\/miningspareparts.com\/?s={search_term_string}"},"query-input":{"@type":"PropertyValueSpecification","valueRequired":true,"valueName":"search_term_string"}}],"inLanguage":"es"},{"@type":"Organization","@id":"https:\/\/miningspareparts.com\/#organization","name":"Crusher parts , Concrete Mixer Parts, Slurry Pump Parts, Mining Spares","url":"https:\/\/miningspareparts.com\/","logo":{"@type":"ImageObject","inLanguage":"es","@id":"https:\/\/miningspareparts.com\/#\/schema\/logo\/image\/","url":"https:\/\/miningspareparts.com\/wp-content\/uploads\/2025\/04\/cropped-cropped-logo\u6b63\u65b9\u5f62.png","contentUrl":"https:\/\/miningspareparts.com\/wp-content\/uploads\/2025\/04\/cropped-cropped-logo\u6b63\u65b9\u5f62.png","width":511,"height":171,"caption":"Crusher parts , Concrete Mixer Parts, Slurry Pump Parts, Mining Spares"},"image":{"@id":"https:\/\/miningspareparts.com\/#\/schema\/logo\/image\/"}}]}},"uagb_featured_image_src":{"full":["https:\/\/miningspareparts.com\/wp-content\/uploads\/2023\/12\/nflg-140-stojka-300-1.jpg",1000,1000,false],"thumbnail":["https:\/\/miningspareparts.com\/wp-content\/uploads\/2023\/12\/nflg-140-stojka-300-1-150x150.jpg",150,150,true],"medium":["https:\/\/miningspareparts.com\/wp-content\/uploads\/2023\/12\/nflg-140-stojka-300-1-300x300.jpg",300,300,true],"medium_large":["https:\/\/miningspareparts.com\/wp-content\/uploads\/2023\/12\/nflg-140-stojka-300-1-768x768.jpg",768,768,true],"large":["https:\/\/miningspareparts.com\/wp-content\/uploads\/2023\/12\/nflg-140-stojka-300-1.jpg",1000,1000,false],"1536x1536":["https:\/\/miningspareparts.com\/wp-content\/uploads\/2023\/12\/nflg-140-stojka-300-1.jpg",1000,1000,false],"2048x2048":["https:\/\/miningspareparts.com\/wp-content\/uploads\/2023\/12\/nflg-140-stojka-300-1.jpg",1000,1000,false],"trp-custom-language-flag":["https:\/\/miningspareparts.com\/wp-content\/uploads\/2023\/12\/nflg-140-stojka-300-1.jpg",12,12,false],"woocommerce_thumbnail":["https:\/\/miningspareparts.com\/wp-content\/uploads\/2023\/12\/nflg-140-stojka-300-1-300x300.jpg",300,300,true],"woocommerce_single":["https:\/\/miningspareparts.com\/wp-content\/uploads\/2023\/12\/nflg-140-stojka-300-1-600x600.jpg",600,600,true],"woocommerce_gallery_thumbnail":["https:\/\/miningspareparts.com\/wp-content\/uploads\/2023\/12\/nflg-140-stojka-300-1-100x100.jpg",100,100,true]},"uagb_author_info":{"display_name":"Miningspareparts","author_link":"https:\/\/miningspareparts.com\/es\/author\/"},"uagb_comment_info":0,"uagb_excerpt":"Models:NFLG\u00a0140","_links":{"self":[{"href":"https:\/\/miningspareparts.com\/es\/wp-json\/wp\/v2\/product\/1625","targetHints":{"allow":["GET"]}}],"collection":[{"href":"https:\/\/miningspareparts.com\/es\/wp-json\/wp\/v2\/product"}],"about":[{"href":"https:\/\/miningspareparts.com\/es\/wp-json\/wp\/v2\/types\/product"}],"wp:featuredmedia":[{"embeddable":true,"href":"https:\/\/miningspareparts.com\/es\/wp-json\/wp\/v2\/media\/1627"}],"wp:attachment":[{"href":"https:\/\/miningspareparts.com\/es\/wp-json\/wp\/v2\/media?parent=1625"}],"wp:term":[{"taxonomy":"product_brand","embeddable":true,"href":"https:\/\/miningspareparts.com\/es\/wp-json\/wp\/v2\/product_brand?post=1625"},{"taxonomy":"product_cat","embeddable":true,"href":"https:\/\/miningspareparts.com\/es\/wp-json\/wp\/v2\/product_cat?post=1625"},{"taxonomy":"product_tag","embeddable":true,"href":"https:\/\/miningspareparts.com\/es\/wp-json\/wp\/v2\/product_tag?post=1625"}],"curies":[{"name":"wp","href":"https:\/\/api.w.org\/{rel}","templated":true}]}}