{"id":1640,"date":"2023-12-20T05:41:09","date_gmt":"2023-12-20T05:41:09","guid":{"rendered":"https:\/\/miningspareparts.com\/?post_type=product&#038;p=1640"},"modified":"2024-01-16T08:24:27","modified_gmt":"2024-01-16T08:24:27","slug":"sany-240-mixer-and-parts","status":"publish","type":"product","link":"https:\/\/miningspareparts.com\/es\/producto\/sany-240-mixer-and-parts\/","title":{"rendered":"Sany 240 Mezclador Y Piezas"},"content":{"rendered":"<table width=\"1239\">\n<tbody>\n<tr>\n<td colspan=\"6\" width=\"1239\"><b>Modelos:<\/b><i>Sany<\/i><i>\u00a0240<\/i><\/td>\n<\/tr>\n<tr>\n<td width=\"168\"><\/td>\n<td width=\"182\"><b>PUESTO<\/b><\/td>\n<td width=\"252\"><b>C\u00d3DIGO DE ART\u00cdCULO<\/b><\/td>\n<td width=\"127\"><b>CANT<\/b><\/td>\n<td width=\"230\"><b>CATEGOR\u00cdA<\/b><\/td>\n<td width=\"277\"><b>PESO NETO<\/b><\/td>\n<\/tr>\n<tr>\n<td rowspan=\"3\" width=\"168\"><b>Revestimientos murales<\/b><\/td>\n<td width=\"182\">1<\/td>\n<td width=\"252\">14361938<\/td>\n<td width=\"127\">10<\/td>\n<td width=\"230\">Revestimientos murales 1<\/td>\n<td width=\"277\"><\/td>\n<\/tr>\n<tr>\n<td width=\"182\">2<\/td>\n<td width=\"252\">14361984<\/td>\n<td width=\"127\">20<\/td>\n<td width=\"230\">Revestimientos murales 2<\/td>\n<td width=\"277\"><\/td>\n<\/tr>\n<tr>\n<td width=\"182\">3<\/td>\n<td width=\"252\">14362214<\/td>\n<td width=\"127\">2<\/td>\n<td width=\"230\">Revestimientos murales 3<\/td>\n<td width=\"277\"><\/td>\n<\/tr>\n<tr>\n<td width=\"168\"><\/td>\n<td width=\"182\"><\/td>\n<td width=\"252\"><\/td>\n<td width=\"127\"><\/td>\n<td width=\"230\"><\/td>\n<td width=\"277\"><\/td>\n<\/tr>\n<tr>\n<td rowspan=\"5\" width=\"168\"><b>Revestimiento final<\/b><\/td>\n<td width=\"182\">1<\/td>\n<td width=\"252\">14362212<\/td>\n<td width=\"127\">20<\/td>\n<td width=\"230\">Forro final 1<\/td>\n<td width=\"277\"><\/td>\n<\/tr>\n<tr>\n<td width=\"182\">2<\/td>\n<td width=\"252\">14362213<\/td>\n<td width=\"127\">4<\/td>\n<td width=\"230\">Forro final 2<\/td>\n<td width=\"277\"><\/td>\n<\/tr>\n<tr>\n<td width=\"182\">3<\/td>\n<td width=\"252\">14362215<\/td>\n<td width=\"127\">4<\/td>\n<td width=\"230\">Fin del forro 3<\/td>\n<td width=\"277\"><\/td>\n<\/tr>\n<tr>\n<td width=\"182\">4<\/td>\n<td width=\"252\"><\/td>\n<td width=\"127\"><\/td>\n<td width=\"230\"><\/td>\n<td width=\"277\"><\/td>\n<\/tr>\n<tr>\n<td width=\"182\">5<\/td>\n<td width=\"252\"><\/td>\n<td width=\"127\"><\/td>\n<td width=\"230\"><\/td>\n<td width=\"277\"><\/td>\n<\/tr>\n<tr>\n<td width=\"168\"><\/td>\n<td width=\"182\"><\/td>\n<td width=\"252\"><\/td>\n<td width=\"127\"><\/td>\n<td width=\"230\"><\/td>\n<td width=\"277\"><\/td>\n<\/tr>\n<tr>\n<td rowspan=\"6\" width=\"168\"><b>Brazo y puntas<\/b><\/td>\n<td width=\"182\">1<\/td>\n<td width=\"252\"><\/td>\n<td width=\"127\">16<\/td>\n<td width=\"230\">Pala<\/td>\n<td width=\"277\"><\/td>\n<\/tr>\n<tr>\n<td width=\"182\">2<\/td>\n<td width=\"252\">13928940<\/td>\n<td width=\"127\">4<\/td>\n<td width=\"230\">Estante izquierdo<\/td>\n<td width=\"277\"><\/td>\n<\/tr>\n<tr>\n<td width=\"182\">3<\/td>\n<td width=\"252\">13928939<\/td>\n<td width=\"127\">12<\/td>\n<td width=\"230\">Estante derecho<\/td>\n<td width=\"277\"><\/td>\n<\/tr>\n<tr>\n<td width=\"182\">4<\/td>\n<td width=\"252\"><\/td>\n<td width=\"127\">6<\/td>\n<td width=\"230\">Protector de cremallera izquierdo<\/td>\n<td width=\"277\"><\/td>\n<\/tr>\n<tr>\n<td width=\"182\">5<\/td>\n<td width=\"252\"><\/td>\n<td width=\"127\">10<\/td>\n<td width=\"230\">Protector de cremallera derecho<\/td>\n<td width=\"277\"><\/td>\n<\/tr>\n<tr>\n<td width=\"182\">6<\/td>\n<td width=\"252\"><\/td>\n<td width=\"127\">12<\/td>\n<td width=\"230\">Carrito<\/td>\n<td width=\"277\"><\/td>\n<\/tr>\n<\/tbody>\n<\/table>\n<p><img fetchpriority=\"high\" decoding=\"async\" class=\"wp-image-3550 alignleft\" src=\"https:\/\/miningspareparts.com\/wp-content\/uploads\/2024\/01\/Mixer-And-Wear-Parts1-239x300.webp\" alt=\"\" width=\"498\" height=\"625\" srcset=\"https:\/\/miningspareparts.com\/wp-content\/uploads\/2024\/01\/Mixer-And-Wear-Parts1-239x300.webp 239w, https:\/\/miningspareparts.com\/wp-content\/uploads\/2024\/01\/Mixer-And-Wear-Parts1-817x1024.webp 817w, https:\/\/miningspareparts.com\/wp-content\/uploads\/2024\/01\/Mixer-And-Wear-Parts1-768x963.webp 768w, https:\/\/miningspareparts.com\/wp-content\/uploads\/2024\/01\/Mixer-And-Wear-Parts1-1226x1536.webp 1226w, https:\/\/miningspareparts.com\/wp-content\/uploads\/2024\/01\/Mixer-And-Wear-Parts1-1634x2048.webp 1634w, https:\/\/miningspareparts.com\/wp-content\/uploads\/2024\/01\/Mixer-And-Wear-Parts1-600x752.webp 600w, https:\/\/miningspareparts.com\/wp-content\/uploads\/2024\/01\/Mixer-And-Wear-Parts1.webp 2037w\" sizes=\"(max-width: 498px) 100vw, 498px\" \/><span style=\"font-size: 16px\">\u00a0<\/span><img decoding=\"async\" class=\"wp-image-3551 alignnone\" style=\"font-weight: inherit\" src=\"https:\/\/miningspareparts.com\/wp-content\/uploads\/2024\/01\/Mixer-And-Wear-Parts2-210x300.webp\" alt=\"\" width=\"454\" height=\"649\" srcset=\"https:\/\/miningspareparts.com\/wp-content\/uploads\/2024\/01\/Mixer-And-Wear-Parts2-210x300.webp 210w, https:\/\/miningspareparts.com\/wp-content\/uploads\/2024\/01\/Mixer-And-Wear-Parts2-600x856.webp 600w\" sizes=\"(max-width: 454px) 100vw, 454px\" \/><\/p>\n<p>Presentamos la mezcladora y piezas Sany 240, donde la precisi\u00f3n se une a la durabilidad en palas mezcladoras de doble eje, brazos mezcladores y revestimientos. Como su fabricante de confianza, redefinimos la excelencia con componentes de repuesto originales, garantizando una integraci\u00f3n perfecta en su equipo.<\/p>\n<p>Nuestro compromiso se extiende al mercado posventa, donde ofrecemos una asistencia completa. Adem\u00e1s de suministrar productos de primera calidad, damos prioridad a minimizar el tiempo de inactividad ofreciendo sustituciones r\u00e1pidas y eficientes. Elija Sany para una experiencia de posventa que complemente la durabilidad de nuestras palas mezcladoras, brazos mezcladores y revestimientos.<\/p>\n<p>Los componentes de repuesto originales de Sany est\u00e1n fabricados con materiales de alta calidad que garantizan una larga vida \u00fatil y fiabilidad. Entendemos los desaf\u00edos que plantean las aplicaciones exigentes, y nuestros productos est\u00e1n dise\u00f1ados para soportar los rigores de las operaciones de mezcla de alta resistencia.<\/p>\n<p>Adem\u00e1s de ser recambios originales, nuestros componentes para mezcladoras de doble eje encarnan la durabilidad. Reconocemos que la longevidad es clave para su \u00e9xito operativo, y nuestros productos est\u00e1n dise\u00f1ados para ofrecer un rendimiento que resista la prueba del tiempo.<\/p>\n<p>Las mezcladoras y piezas Sany 240 ofrecen algo m\u00e1s que componentes; representan un compromiso con su \u00e9xito operativo. Experimente la ventaja de la durabilidad, la fiabilidad y el rendimiento inigualable con nuestras palas mezcladoras de doble eje, brazos mezcladores y revestimientos. Elija Sany para obtener una soluci\u00f3n de mezclado que supere las expectativas y establezca nuevos est\u00e1ndares industriales.<\/p>","protected":false},"excerpt":{"rendered":"<p><b>Modelos:<\/b><i>Sany<\/i><i>\u00a0240<\/i><\/p>","protected":false},"featured_media":1642,"template":"","meta":{"_uag_custom_page_level_css":"","site-sidebar-layout":"default","site-content-layout":"","ast-site-content-layout":"default","site-content-style":"default","site-sidebar-style":"default","ast-global-header-display":"","ast-banner-title-visibility":"","ast-main-header-display":"","ast-hfb-above-header-display":"","ast-hfb-below-header-display":"","ast-hfb-mobile-header-display":"","site-post-title":"","ast-breadcrumbs-content":"","ast-featured-img":"","footer-sml-layout":"","ast-disable-related-posts":"","theme-transparent-header-meta":"default","adv-header-id-meta":"","stick-header-meta":"default","header-above-stick-meta":"","header-main-stick-meta":"","header-below-stick-meta":"","astra-migrate-meta-layouts":"set","ast-page-background-enabled":"default","ast-page-background-meta":{"desktop":{"background-color":"var(--ast-global-color-4)","background-image":"","background-repeat":"repeat","background-position":"center center","background-size":"auto","background-attachment":"scroll","background-type":"","background-media":"","overlay-type":"","overlay-color":"","overlay-opacity":"","overlay-gradient":""},"tablet":{"background-color":"","background-image":"","background-repeat":"repeat","background-position":"center center","background-size":"auto","background-attachment":"scroll","background-type":"","background-media":"","overlay-type":"","overlay-color":"","overlay-opacity":"","overlay-gradient":""},"mobile":{"background-color":"","background-image":"","background-repeat":"repeat","background-position":"center center","background-size":"auto","background-attachment":"scroll","background-type":"","background-media":"","overlay-type":"","overlay-color":"","overlay-opacity":"","overlay-gradient":""}},"ast-content-background-meta":{"desktop":{"background-color":"var(--ast-global-color-5)","background-image":"","background-repeat":"repeat","background-position":"center center","background-size":"auto","background-attachment":"scroll","background-type":"","background-media":"","overlay-type":"","overlay-color":"","overlay-opacity":"","overlay-gradient":""},"tablet":{"background-color":"var(--ast-global-color-5)","background-image":"","background-repeat":"repeat","background-position":"center center","background-size":"auto","background-attachment":"scroll","background-type":"","background-media":"","overlay-type":"","overlay-color":"","overlay-opacity":"","overlay-gradient":""},"mobile":{"background-color":"var(--ast-global-color-5)","background-image":"","background-repeat":"repeat","background-position":"center center","background-size":"auto","background-attachment":"scroll","background-type":"","background-media":"","overlay-type":"","overlay-color":"","overlay-opacity":"","overlay-gradient":""}}},"product_brand":[],"product_cat":[275,82],"product_tag":[],"class_list":{"0":"post-1640","1":"product","2":"type-product","3":"status-publish","4":"has-post-thumbnail","6":"product_cat-other","7":"product_cat-asphalt-mixer-parts","8":"desktop-align-left","9":"tablet-align-left","10":"mobile-align-left","11":"ast-product-gallery-layout-horizontal-slider","12":"ast-product-single-variable","13":"ast-product-tabs-layout-horizontal","15":"first","16":"instock","17":"shipping-taxable","18":"purchasable","19":"product-type-variable"},"yoast_head":"<!-- This site is optimized with the Yoast SEO plugin v27.4 - https:\/\/yoast.com\/product\/yoast-seo-wordpress\/ -->\n<title>Sany\u00a0240 Mixer And Parts- Crusher parts, Slurry Pump Parts, Excavator shovel parts<\/title>\n<meta name=\"description\" content=\"Sany 240 twin-shaft mixer blades, mixing arms, and liners ensure wear resistance, setting industry standards for original replacements.\" \/>\n<meta name=\"robots\" content=\"index, follow, max-snippet:-1, max-image-preview:large, max-video-preview:-1\" \/>\n<link rel=\"canonical\" href=\"https:\/\/miningspareparts.com\/es\/producto\/sany-240-mixer-and-parts\/\" \/>\n<meta property=\"og:locale\" content=\"es_MX\" \/>\n<meta property=\"og:type\" content=\"article\" \/>\n<meta property=\"og:title\" content=\"Sany\u00a0240 Mixer And Parts- Crusher parts, Slurry Pump Parts, Excavator shovel parts\" \/>\n<meta property=\"og:description\" content=\"Sany 240 twin-shaft mixer blades, mixing arms, and liners ensure wear resistance, setting industry standards for original replacements.\" \/>\n<meta property=\"og:url\" content=\"https:\/\/miningspareparts.com\/es\/producto\/sany-240-mixer-and-parts\/\" \/>\n<meta property=\"og:site_name\" content=\"Crusher parts, Slurry Pump Parts, Excavator shovel parts\" \/>\n<meta property=\"article:modified_time\" content=\"2024-01-16T08:24:27+00:00\" \/>\n<meta property=\"og:image\" content=\"https:\/\/miningspareparts.com\/wp-content\/uploads\/2023\/12\/smesitel-6.jpg\" \/>\n\t<meta property=\"og:image:width\" content=\"1417\" \/>\n\t<meta property=\"og:image:height\" content=\"1417\" \/>\n\t<meta property=\"og:image:type\" content=\"image\/jpeg\" \/>\n<meta name=\"twitter:card\" content=\"summary_large_image\" \/>\n<meta name=\"twitter:label1\" content=\"Tiempo de lectura\" \/>\n\t<meta name=\"twitter:data1\" content=\"2 minutos\" \/>\n<script type=\"application\/ld+json\" class=\"yoast-schema-graph\">{\"@context\":\"https:\\\/\\\/schema.org\",\"@graph\":[{\"@type\":\"WebPage\",\"@id\":\"https:\\\/\\\/miningspareparts.com\\\/product\\\/sany-240-mixer-and-parts\\\/\",\"url\":\"https:\\\/\\\/miningspareparts.com\\\/product\\\/sany-240-mixer-and-parts\\\/\",\"name\":\"Sany\u00a0240 Mixer And Parts- Crusher parts, Slurry Pump Parts, Excavator shovel parts\",\"isPartOf\":{\"@id\":\"https:\\\/\\\/miningspareparts.com\\\/#website\"},\"primaryImageOfPage\":{\"@id\":\"https:\\\/\\\/miningspareparts.com\\\/product\\\/sany-240-mixer-and-parts\\\/#primaryimage\"},\"image\":{\"@id\":\"https:\\\/\\\/miningspareparts.com\\\/product\\\/sany-240-mixer-and-parts\\\/#primaryimage\"},\"thumbnailUrl\":\"https:\\\/\\\/miningspareparts.com\\\/wp-content\\\/uploads\\\/2023\\\/12\\\/smesitel-6.jpg\",\"datePublished\":\"2023-12-20T05:41:09+00:00\",\"dateModified\":\"2024-01-16T08:24:27+00:00\",\"description\":\"Sany 240 twin-shaft mixer blades, mixing arms, and liners ensure wear resistance, setting industry standards for original replacements.\",\"breadcrumb\":{\"@id\":\"https:\\\/\\\/miningspareparts.com\\\/product\\\/sany-240-mixer-and-parts\\\/#breadcrumb\"},\"inLanguage\":\"es\",\"potentialAction\":[{\"@type\":\"ReadAction\",\"target\":[\"https:\\\/\\\/miningspareparts.com\\\/product\\\/sany-240-mixer-and-parts\\\/\"]}]},{\"@type\":\"ImageObject\",\"inLanguage\":\"es\",\"@id\":\"https:\\\/\\\/miningspareparts.com\\\/product\\\/sany-240-mixer-and-parts\\\/#primaryimage\",\"url\":\"https:\\\/\\\/miningspareparts.com\\\/wp-content\\\/uploads\\\/2023\\\/12\\\/smesitel-6.jpg\",\"contentUrl\":\"https:\\\/\\\/miningspareparts.com\\\/wp-content\\\/uploads\\\/2023\\\/12\\\/smesitel-6.jpg\",\"width\":1417,\"height\":1417,\"caption\":\"asphalt sany 240 Mixer And Parts\"},{\"@type\":\"BreadcrumbList\",\"@id\":\"https:\\\/\\\/miningspareparts.com\\\/product\\\/sany-240-mixer-and-parts\\\/#breadcrumb\",\"itemListElement\":[{\"@type\":\"ListItem\",\"position\":1,\"name\":\"Home\",\"item\":\"https:\\\/\\\/miningspareparts.com\\\/\"},{\"@type\":\"ListItem\",\"position\":2,\"name\":\"Premium Mining Wear And Spare Parts\",\"item\":\"https:\\\/\\\/miningspareparts.com\\\/shop\\\/\"},{\"@type\":\"ListItem\",\"position\":3,\"name\":\"Sany\u00a0240 Mixer And Parts\"}]},{\"@type\":\"WebSite\",\"@id\":\"https:\\\/\\\/miningspareparts.com\\\/#website\",\"url\":\"https:\\\/\\\/miningspareparts.com\\\/\",\"name\":\"Crusher parts , Concrete Mixer Parts, Slurry Pump Parts, Mining Spares\",\"description\":\"Mining Wear &amp; Spare Parts Supplier\",\"publisher\":{\"@id\":\"https:\\\/\\\/miningspareparts.com\\\/#organization\"},\"potentialAction\":[{\"@type\":\"SearchAction\",\"target\":{\"@type\":\"EntryPoint\",\"urlTemplate\":\"https:\\\/\\\/miningspareparts.com\\\/?s={search_term_string}\"},\"query-input\":{\"@type\":\"PropertyValueSpecification\",\"valueRequired\":true,\"valueName\":\"search_term_string\"}}],\"inLanguage\":\"es\"},{\"@type\":\"Organization\",\"@id\":\"https:\\\/\\\/miningspareparts.com\\\/#organization\",\"name\":\"Crusher parts , Concrete Mixer Parts, Slurry Pump Parts, Mining Spares\",\"url\":\"https:\\\/\\\/miningspareparts.com\\\/\",\"logo\":{\"@type\":\"ImageObject\",\"inLanguage\":\"es\",\"@id\":\"https:\\\/\\\/miningspareparts.com\\\/#\\\/schema\\\/logo\\\/image\\\/\",\"url\":\"https:\\\/\\\/miningspareparts.com\\\/wp-content\\\/uploads\\\/2025\\\/04\\\/cropped-cropped-logo\u6b63\u65b9\u5f62.png\",\"contentUrl\":\"https:\\\/\\\/miningspareparts.com\\\/wp-content\\\/uploads\\\/2025\\\/04\\\/cropped-cropped-logo\u6b63\u65b9\u5f62.png\",\"width\":511,\"height\":171,\"caption\":\"Crusher parts , Concrete Mixer Parts, Slurry Pump Parts, Mining Spares\"},\"image\":{\"@id\":\"https:\\\/\\\/miningspareparts.com\\\/#\\\/schema\\\/logo\\\/image\\\/\"}}]}<\/script>\n<!-- \/ Yoast SEO plugin. -->","yoast_head_json":{"title":"Sany\u00a0240 Mixer And Parts- Crusher parts, Slurry Pump Parts, Excavator shovel parts","description":"Sany 240 twin-shaft mixer blades, mixing arms, and liners ensure wear resistance, setting industry standards for original replacements.","robots":{"index":"index","follow":"follow","max-snippet":"max-snippet:-1","max-image-preview":"max-image-preview:large","max-video-preview":"max-video-preview:-1"},"canonical":"https:\/\/miningspareparts.com\/es\/producto\/sany-240-mixer-and-parts\/","og_locale":"es_MX","og_type":"article","og_title":"Sany\u00a0240 Mixer And Parts- Crusher parts, Slurry Pump Parts, Excavator shovel parts","og_description":"Sany 240 twin-shaft mixer blades, mixing arms, and liners ensure wear resistance, setting industry standards for original replacements.","og_url":"https:\/\/miningspareparts.com\/es\/producto\/sany-240-mixer-and-parts\/","og_site_name":"Crusher parts, Slurry Pump Parts, Excavator shovel parts","article_modified_time":"2024-01-16T08:24:27+00:00","og_image":[{"width":1417,"height":1417,"url":"https:\/\/miningspareparts.com\/wp-content\/uploads\/2023\/12\/smesitel-6.jpg","type":"image\/jpeg"}],"twitter_card":"summary_large_image","twitter_misc":{"Tiempo de lectura":"2 minutos"},"schema":{"@context":"https:\/\/schema.org","@graph":[{"@type":"WebPage","@id":"https:\/\/miningspareparts.com\/product\/sany-240-mixer-and-parts\/","url":"https:\/\/miningspareparts.com\/product\/sany-240-mixer-and-parts\/","name":"Sany\u00a0240 Mixer And Parts- Crusher parts, Slurry Pump Parts, Excavator shovel parts","isPartOf":{"@id":"https:\/\/miningspareparts.com\/#website"},"primaryImageOfPage":{"@id":"https:\/\/miningspareparts.com\/product\/sany-240-mixer-and-parts\/#primaryimage"},"image":{"@id":"https:\/\/miningspareparts.com\/product\/sany-240-mixer-and-parts\/#primaryimage"},"thumbnailUrl":"https:\/\/miningspareparts.com\/wp-content\/uploads\/2023\/12\/smesitel-6.jpg","datePublished":"2023-12-20T05:41:09+00:00","dateModified":"2024-01-16T08:24:27+00:00","description":"Sany 240 twin-shaft mixer blades, mixing arms, and liners ensure wear resistance, setting industry standards for original replacements.","breadcrumb":{"@id":"https:\/\/miningspareparts.com\/product\/sany-240-mixer-and-parts\/#breadcrumb"},"inLanguage":"es","potentialAction":[{"@type":"ReadAction","target":["https:\/\/miningspareparts.com\/product\/sany-240-mixer-and-parts\/"]}]},{"@type":"ImageObject","inLanguage":"es","@id":"https:\/\/miningspareparts.com\/product\/sany-240-mixer-and-parts\/#primaryimage","url":"https:\/\/miningspareparts.com\/wp-content\/uploads\/2023\/12\/smesitel-6.jpg","contentUrl":"https:\/\/miningspareparts.com\/wp-content\/uploads\/2023\/12\/smesitel-6.jpg","width":1417,"height":1417,"caption":"asphalt sany 240 Mixer And Parts"},{"@type":"BreadcrumbList","@id":"https:\/\/miningspareparts.com\/product\/sany-240-mixer-and-parts\/#breadcrumb","itemListElement":[{"@type":"ListItem","position":1,"name":"Home","item":"https:\/\/miningspareparts.com\/"},{"@type":"ListItem","position":2,"name":"Premium Mining Wear And Spare Parts","item":"https:\/\/miningspareparts.com\/shop\/"},{"@type":"ListItem","position":3,"name":"Sany\u00a0240 Mixer And Parts"}]},{"@type":"WebSite","@id":"https:\/\/miningspareparts.com\/#website","url":"https:\/\/miningspareparts.com\/","name":"Crusher parts , Concrete Mixer Parts, Slurry Pump Parts, Mining Spares","description":"Mining Wear &amp; Spare Parts Supplier","publisher":{"@id":"https:\/\/miningspareparts.com\/#organization"},"potentialAction":[{"@type":"SearchAction","target":{"@type":"EntryPoint","urlTemplate":"https:\/\/miningspareparts.com\/?s={search_term_string}"},"query-input":{"@type":"PropertyValueSpecification","valueRequired":true,"valueName":"search_term_string"}}],"inLanguage":"es"},{"@type":"Organization","@id":"https:\/\/miningspareparts.com\/#organization","name":"Crusher parts , Concrete Mixer Parts, Slurry Pump Parts, Mining Spares","url":"https:\/\/miningspareparts.com\/","logo":{"@type":"ImageObject","inLanguage":"es","@id":"https:\/\/miningspareparts.com\/#\/schema\/logo\/image\/","url":"https:\/\/miningspareparts.com\/wp-content\/uploads\/2025\/04\/cropped-cropped-logo\u6b63\u65b9\u5f62.png","contentUrl":"https:\/\/miningspareparts.com\/wp-content\/uploads\/2025\/04\/cropped-cropped-logo\u6b63\u65b9\u5f62.png","width":511,"height":171,"caption":"Crusher parts , Concrete Mixer Parts, Slurry Pump Parts, Mining Spares"},"image":{"@id":"https:\/\/miningspareparts.com\/#\/schema\/logo\/image\/"}}]}},"uagb_featured_image_src":{"full":["https:\/\/miningspareparts.com\/wp-content\/uploads\/2023\/12\/smesitel-6.jpg",1417,1417,false],"thumbnail":["https:\/\/miningspareparts.com\/wp-content\/uploads\/2023\/12\/smesitel-6-150x150.jpg",150,150,true],"medium":["https:\/\/miningspareparts.com\/wp-content\/uploads\/2023\/12\/smesitel-6-300x300.jpg",300,300,true],"medium_large":["https:\/\/miningspareparts.com\/wp-content\/uploads\/2023\/12\/smesitel-6-768x768.jpg",768,768,true],"large":["https:\/\/miningspareparts.com\/wp-content\/uploads\/2023\/12\/smesitel-6-1024x1024.jpg",1024,1024,true],"1536x1536":["https:\/\/miningspareparts.com\/wp-content\/uploads\/2023\/12\/smesitel-6.jpg",1417,1417,false],"2048x2048":["https:\/\/miningspareparts.com\/wp-content\/uploads\/2023\/12\/smesitel-6.jpg",1417,1417,false],"trp-custom-language-flag":["https:\/\/miningspareparts.com\/wp-content\/uploads\/2023\/12\/smesitel-6.jpg",12,12,false],"woocommerce_thumbnail":["https:\/\/miningspareparts.com\/wp-content\/uploads\/2023\/12\/smesitel-6-300x300.jpg",300,300,true],"woocommerce_single":["https:\/\/miningspareparts.com\/wp-content\/uploads\/2023\/12\/smesitel-6-600x600.jpg",600,600,true],"woocommerce_gallery_thumbnail":["https:\/\/miningspareparts.com\/wp-content\/uploads\/2023\/12\/smesitel-6-100x100.jpg",100,100,true]},"uagb_author_info":{"display_name":"Miningspareparts","author_link":"https:\/\/miningspareparts.com\/es\/author\/"},"uagb_comment_info":0,"uagb_excerpt":"Models:Sany\u00a0240","_links":{"self":[{"href":"https:\/\/miningspareparts.com\/es\/wp-json\/wp\/v2\/product\/1640","targetHints":{"allow":["GET"]}}],"collection":[{"href":"https:\/\/miningspareparts.com\/es\/wp-json\/wp\/v2\/product"}],"about":[{"href":"https:\/\/miningspareparts.com\/es\/wp-json\/wp\/v2\/types\/product"}],"wp:featuredmedia":[{"embeddable":true,"href":"https:\/\/miningspareparts.com\/es\/wp-json\/wp\/v2\/media\/1642"}],"wp:attachment":[{"href":"https:\/\/miningspareparts.com\/es\/wp-json\/wp\/v2\/media?parent=1640"}],"wp:term":[{"taxonomy":"product_brand","embeddable":true,"href":"https:\/\/miningspareparts.com\/es\/wp-json\/wp\/v2\/product_brand?post=1640"},{"taxonomy":"product_cat","embeddable":true,"href":"https:\/\/miningspareparts.com\/es\/wp-json\/wp\/v2\/product_cat?post=1640"},{"taxonomy":"product_tag","embeddable":true,"href":"https:\/\/miningspareparts.com\/es\/wp-json\/wp\/v2\/product_tag?post=1640"}],"curies":[{"name":"wp","href":"https:\/\/api.w.org\/{rel}","templated":true}]}}