{"id":1799,"date":"2023-12-26T02:55:18","date_gmt":"2023-12-26T02:55:18","guid":{"rendered":"https:\/\/miningspareparts.com\/?post_type=product&#038;p=1799"},"modified":"2024-01-16T08:21:29","modified_gmt":"2024-01-16T08:21:29","slug":"huatong-ljb1000-ljb1200-mixer-and-parts","status":"publish","type":"product","link":"https:\/\/miningspareparts.com\/es\/producto\/huatong-ljb1000-ljb1200-mixer-and-parts\/","title":{"rendered":"Mezcladora y piezas Huatong LJB1000\/LJB1200"},"content":{"rendered":"<table width=\"1370\">\n<tbody>\n<tr>\n<td colspan=\"6\" width=\"1370\">Modelos:Huatong LJB1000\/LJB1200<\/td>\n<\/tr>\n<tr>\n<td><\/td>\n<td width=\"149\">C\u00f3digo del sistema<\/td>\n<td width=\"272\">C\u00d3DIGO DE ART\u00cdCULO<\/td>\n<td width=\"263\">CATEGOR\u00cdA<\/td>\n<td width=\"258\">CANT\/SET<\/td>\n<td width=\"258\">PESO NETO<\/td>\n<\/tr>\n<tr>\n<td rowspan=\"3\" width=\"170\">Brazo y puntas<\/td>\n<td>B03329040<\/td>\n<td>B03.6.2-21<\/td>\n<td width=\"263\">Consejo de mezcla<\/td>\n<td>20.00<\/td>\n<td><\/td>\n<\/tr>\n<tr>\n<td style=\"font-weight: 400\">B03000251<\/td>\n<td>\u6d46\u81c2\u603b\u6210<\/td>\n<td width=\"263\">Brazos mezcladores positivos<\/td>\n<td>16.00<\/td>\n<td><\/td>\n<\/tr>\n<tr>\n<td style=\"font-weight: 400\">B03000251<\/td>\n<td>\u6d46\u81c2\u603b\u6210\u53cd<\/td>\n<td width=\"263\">Brazos mezcladores invertidos<\/td>\n<td>4.00<\/td>\n<td><\/td>\n<\/tr>\n<tr>\n<td>Revestimientos<\/td>\n<td><\/td>\n<td><\/td>\n<td>Revestimientos en mezcladora (Incl.76 piezas)<\/td>\n<td><\/td>\n<td><\/td>\n<\/tr>\n<tr>\n<td rowspan=\"10\" width=\"170\">Liner de pared<\/td>\n<td>B03329000<\/td>\n<td>B03.6.2A-9<\/td>\n<td width=\"263\">Revestimiento inferior<\/td>\n<td width=\"258\">30<\/td>\n<td><\/td>\n<\/tr>\n<tr>\n<td>B03328990<\/td>\n<td>B03.6.2A-10<\/td>\n<td width=\"263\">Liner lateral L<\/td>\n<td width=\"258\">2<\/td>\n<td><\/td>\n<\/tr>\n<tr>\n<td>B03328980<\/td>\n<td>B03.6.2A-8<\/td>\n<td width=\"263\">Liner lateral R<\/td>\n<td width=\"258\">2<\/td>\n<td><\/td>\n<\/tr>\n<tr>\n<td>B03000237<\/td>\n<td>B03.6.2-18<\/td>\n<td width=\"263\">Mn\u5de6\u4fa7\u76f8\u5207\u886c\u677f<\/td>\n<td width=\"258\">2<\/td>\n<td><\/td>\n<\/tr>\n<tr>\n<td>B03329060<\/td>\n<td>B03.6.2A-34<\/td>\n<td width=\"263\">Revestimiento de puerta 9<\/td>\n<td width=\"258\">8<\/td>\n<td><\/td>\n<\/tr>\n<tr>\n<td>B03000243<\/td>\n<td>B03.6.2-43<\/td>\n<td width=\"263\">Mn \u53f3\u4fa7\u76f8\u5207\u886c\u677f(10)<\/td>\n<td width=\"258\">2<\/td>\n<td><\/td>\n<\/tr>\n<tr>\n<td>B03000169<\/td>\n<td>B03.6.2-7<\/td>\n<td>\u5b9a\u8ddd\u5bc6\u5c01\u677f<\/td>\n<td width=\"258\">4<\/td>\n<td><\/td>\n<\/tr>\n<tr>\n<td>B03000170<\/td>\n<td>B03.6.2-8<\/td>\n<td>\u5b9a\u8ddd\u5bc6\u5c01\u677f<\/td>\n<td width=\"258\">4<\/td>\n<td><\/td>\n<\/tr>\n<tr>\n<td>B03000220<\/td>\n<td>B03.6.2-1<\/td>\n<td>\u5bc6\u5c01\u677f<\/td>\n<td width=\"258\">2<\/td>\n<td><\/td>\n<\/tr>\n<tr>\n<td>B03000144<\/td>\n<td>B03.6.2-2<\/td>\n<td>\u5bc6\u5c01\u677f\/\u5ea7\u677f<\/td>\n<td width=\"258\">2<\/td>\n<td><\/td>\n<\/tr>\n<tr>\n<td rowspan=\"8\" width=\"170\">End Liner<\/td>\n<td>B03329010<\/td>\n<td>B03.6.2A-11<\/td>\n<td width=\"263\">End Liner 1<\/td>\n<td width=\"258\">4<\/td>\n<td><\/td>\n<\/tr>\n<tr>\n<td>B03329020<\/td>\n<td>B03.6.2A-12<\/td>\n<td width=\"263\">End Liner 2<\/td>\n<td width=\"258\">2<\/td>\n<td><\/td>\n<\/tr>\n<tr>\n<td>B03329030<\/td>\n<td>B03.6.2A-13<\/td>\n<td width=\"263\">End Liner 3<\/td>\n<td width=\"258\">2<\/td>\n<td><\/td>\n<\/tr>\n<tr>\n<td>B03000238<\/td>\n<td>B03.6.2-19<\/td>\n<td width=\"263\">End Liner 4<\/td>\n<td width=\"258\">2<\/td>\n<td><\/td>\n<\/tr>\n<tr>\n<td>B03000239<\/td>\n<td>B03.6.2-22<\/td>\n<td width=\"263\">End Liner 5<\/td>\n<td width=\"258\">2<\/td>\n<td><\/td>\n<\/tr>\n<tr>\n<td>B03000240<\/td>\n<td>B03.6.2-25<\/td>\n<td width=\"263\">End Liner 6<\/td>\n<td width=\"258\">2<\/td>\n<td><\/td>\n<\/tr>\n<tr>\n<td>B03000241<\/td>\n<td>B03.6.2-26<\/td>\n<td width=\"263\">End Liner 7<\/td>\n<td width=\"258\">2<\/td>\n<td><\/td>\n<\/tr>\n<tr>\n<td>B03000242<\/td>\n<td>B03.6.2-30<\/td>\n<td width=\"263\">End Liner 8<\/td>\n<td width=\"258\">2<\/td>\n<td><\/td>\n<\/tr>\n<tr>\n<td rowspan=\"6\" width=\"170\">Pernos Para Brazo Y Puntas<\/td>\n<td>0201100058<\/td>\n<td>M20*120<\/td>\n<td>Perno de punta (\u6c89\u5934)<\/td>\n<td>20.00<\/td>\n<td><\/td>\n<\/tr>\n<tr>\n<td>020505300<\/td>\n<td>M20<\/td>\n<td>Tuerca<\/td>\n<td>20.00<\/td>\n<td><\/td>\n<\/tr>\n<tr>\n<td>020601500<\/td>\n<td>\u042420<\/td>\n<td>Lavadora<\/td>\n<td>20.00<\/td>\n<td><\/td>\n<\/tr>\n<tr>\n<td>0201100038<\/td>\n<td>M24*220<\/td>\n<td>Perno del brazo<\/td>\n<td>20.00<\/td>\n<td><\/td>\n<\/tr>\n<tr>\n<td>020506000<\/td>\n<td>M24<\/td>\n<td>Tuerca<\/td>\n<td>20.00<\/td>\n<td><\/td>\n<\/tr>\n<tr>\n<td>020604500<\/td>\n<td>\u042424<\/td>\n<td>Waseher<\/td>\n<td>20.00<\/td>\n<td><\/td>\n<\/tr>\n<tr>\n<td rowspan=\"6\" width=\"170\">Pernos y tuercas para camisas<\/td>\n<td>A01009060<\/td>\n<td>B25.21-29<\/td>\n<td>Perno de revestimiento de pared 16*40<\/td>\n<td>112.00<\/td>\n<td><\/td>\n<\/tr>\n<tr>\n<td>020504000<\/td>\n<td>M16<\/td>\n<td>Tuerca<\/td>\n<td>112.00<\/td>\n<td><\/td>\n<\/tr>\n<tr>\n<td>020604100<\/td>\n<td>\u03a616<\/td>\n<td>Lavadora<\/td>\n<td>112.00<\/td>\n<td><\/td>\n<\/tr>\n<tr>\n<td>A01009130<\/td>\n<td>B25.21-30<\/td>\n<td>Tornillo de la camisa 12*40<\/td>\n<td>64.00<\/td>\n<td><\/td>\n<\/tr>\n<tr>\n<td>020502500<\/td>\n<td>M12<\/td>\n<td>Tuerca<\/td>\n<td>64.00<\/td>\n<td><\/td>\n<\/tr>\n<tr>\n<td>020603900<\/td>\n<td>\u03a612<\/td>\n<td>Lavadora<\/td>\n<td>64.00<\/td>\n<td><\/td>\n<\/tr>\n<tr>\n<td>Filtro de polvo<\/td>\n<td><\/td>\n<td>130*1850mm<\/td>\n<td>Bolsas filtrantes 130*1850mm<\/td>\n<td>400<\/td>\n<td><\/td>\n<\/tr>\n<\/tbody>\n<\/table>\n<p><img fetchpriority=\"high\" decoding=\"async\" class=\"wp-image-3550 alignleft\" src=\"https:\/\/miningspareparts.com\/wp-content\/uploads\/2024\/01\/Mixer-And-Wear-Parts1-239x300.webp\" alt=\"\" width=\"498\" height=\"625\" srcset=\"https:\/\/miningspareparts.com\/wp-content\/uploads\/2024\/01\/Mixer-And-Wear-Parts1-239x300.webp 239w, https:\/\/miningspareparts.com\/wp-content\/uploads\/2024\/01\/Mixer-And-Wear-Parts1-817x1024.webp 817w, https:\/\/miningspareparts.com\/wp-content\/uploads\/2024\/01\/Mixer-And-Wear-Parts1-768x963.webp 768w, https:\/\/miningspareparts.com\/wp-content\/uploads\/2024\/01\/Mixer-And-Wear-Parts1-1226x1536.webp 1226w, https:\/\/miningspareparts.com\/wp-content\/uploads\/2024\/01\/Mixer-And-Wear-Parts1-1634x2048.webp 1634w, https:\/\/miningspareparts.com\/wp-content\/uploads\/2024\/01\/Mixer-And-Wear-Parts1-600x752.webp 600w, https:\/\/miningspareparts.com\/wp-content\/uploads\/2024\/01\/Mixer-And-Wear-Parts1.webp 2037w\" sizes=\"(max-width: 498px) 100vw, 498px\" \/><span style=\"font-size: 16px\">\u00a0<\/span><img decoding=\"async\" class=\"wp-image-3551 alignnone\" style=\"font-weight: inherit\" src=\"https:\/\/miningspareparts.com\/wp-content\/uploads\/2024\/01\/Mixer-And-Wear-Parts2-210x300.webp\" alt=\"\" width=\"454\" height=\"649\" srcset=\"https:\/\/miningspareparts.com\/wp-content\/uploads\/2024\/01\/Mixer-And-Wear-Parts2-210x300.webp 210w, https:\/\/miningspareparts.com\/wp-content\/uploads\/2024\/01\/Mixer-And-Wear-Parts2-600x856.webp 600w\" sizes=\"(max-width: 454px) 100vw, 454px\" \/><\/p>\n<p>Huatong LJB1000\/LJB1200 Cuchillas, Brazos Mezcladores y Revestimientos para Mezcladoras de Doble Eje: Elevando el rendimiento con recambios originales y durabilidad<\/p>\n<p>Como fabricante l\u00edder, nos enorgullecemos de producir componentes de alta calidad para la mezcladora de doble eje Huatong LJB1000\/LJB1200: palas, brazos mezcladores y camisas. Nuestro compromiso con la excelencia se plasma en nuestras ofertas, destacando la importancia de los recambios originales, la accesibilidad de las soluciones posventa y la incomparable durabilidad que define a nuestros productos.<\/p>\n<p>Sustituci\u00f3n original Excelencia:<br \/>\nNuestro enfoque en piezas de repuesto originales surge del reconocimiento de que la precisi\u00f3n y la compatibilidad no son negociables en el exigente campo de la mezcla de doble eje. Cada pala, brazo mezclador y camisa se fabrica meticulosamente para cumplir las especificaciones exactas de la mezcladora Huatong LJB1000\/LJB1200. Esto garantiza una integraci\u00f3n perfecta, un rendimiento \u00f3ptimo y una larga vida \u00fatil, salvaguardando su inversi\u00f3n.<\/p>\n<p>Soluciones posventa adaptadas a sus necesidades:<br \/>\nReconociendo las diversas necesidades de nuestra clientela, ofrecemos soluciones posventa que mantienen los mismos est\u00e1ndares rigurosos que nuestros componentes originales. Estas alternativas proporcionan flexibilidad sin comprometer la calidad, permiti\u00e9ndole elegir la opci\u00f3n que mejor se adapte a sus demandas operativas espec\u00edficas. Nuestra gama de recambios es una prueba de nuestra capacidad de adaptaci\u00f3n y nuestro compromiso de satisfacer las necesidades de nuestros clientes de forma integral.<\/p>\n<p>Durabilidad inigualable para una eficiencia a largo plazo:<br \/>\nLa durabilidad es la piedra angular de nuestra filosof\u00eda de dise\u00f1o. Nuestras palas, brazos mezcladores y revestimientos se someten a rigurosas pruebas para soportar las duras condiciones de las aplicaciones de mezclado de doble eje. Esta robusta construcci\u00f3n no s\u00f3lo garantiza una vida \u00fatil m\u00e1s larga, sino que tambi\u00e9n minimiza los tiempos de inactividad y los costes de mantenimiento, contribuyendo a la eficiencia general de sus operaciones.<\/p>\n<p>En conclusi\u00f3n, nuestros componentes para hormigoneras de doble eje Huatong LJB1000\/LJB1200 representan una mezcla armoniosa de precisi\u00f3n de recambio original, flexibilidad de posventa y durabilidad excepcional. Tanto si da prioridad a los exigentes est\u00e1ndares de las piezas originales como si busca alternativas adaptables del mercado de recambios, nuestras ofertas est\u00e1n dise\u00f1adas para satisfacer sus expectativas y superar los puntos de referencia del sector. As\u00f3ciese con nosotros para obtener componentes fiables y de alto rendimiento que aumenten la eficacia y la vida \u00fatil de su equipo mezclador de doble eje.<\/p>","protected":false},"excerpt":{"rendered":"<table style=\"font-size: 16px;font-style: normal\" width=\"1249\">\n<tbody>\n<tr>\n<td colspan=\"6\" width=\"1249\"><b>Modelos:Huatong LJB1000\/LJB1200<\/b><\/td>\n<\/tr>\n<\/tbody>\n<\/table>","protected":false},"featured_media":1644,"template":"","meta":{"_uag_custom_page_level_css":"","site-sidebar-layout":"default","site-content-layout":"","ast-site-content-layout":"default","site-content-style":"default","site-sidebar-style":"default","ast-global-header-display":"","ast-banner-title-visibility":"","ast-main-header-display":"","ast-hfb-above-header-display":"","ast-hfb-below-header-display":"","ast-hfb-mobile-header-display":"","site-post-title":"","ast-breadcrumbs-content":"","ast-featured-img":"","footer-sml-layout":"","ast-disable-related-posts":"","theme-transparent-header-meta":"default","adv-header-id-meta":"","stick-header-meta":"default","header-above-stick-meta":"","header-main-stick-meta":"","header-below-stick-meta":"","astra-migrate-meta-layouts":"set","ast-page-background-enabled":"default","ast-page-background-meta":{"desktop":{"background-color":"var(--ast-global-color-4)","background-image":"","background-repeat":"repeat","background-position":"center center","background-size":"auto","background-attachment":"scroll","background-type":"","background-media":"","overlay-type":"","overlay-color":"","overlay-opacity":"","overlay-gradient":""},"tablet":{"background-color":"","background-image":"","background-repeat":"repeat","background-position":"center center","background-size":"auto","background-attachment":"scroll","background-type":"","background-media":"","overlay-type":"","overlay-color":"","overlay-opacity":"","overlay-gradient":""},"mobile":{"background-color":"","background-image":"","background-repeat":"repeat","background-position":"center center","background-size":"auto","background-attachment":"scroll","background-type":"","background-media":"","overlay-type":"","overlay-color":"","overlay-opacity":"","overlay-gradient":""}},"ast-content-background-meta":{"desktop":{"background-color":"var(--ast-global-color-5)","background-image":"","background-repeat":"repeat","background-position":"center center","background-size":"auto","background-attachment":"scroll","background-type":"","background-media":"","overlay-type":"","overlay-color":"","overlay-opacity":"","overlay-gradient":""},"tablet":{"background-color":"var(--ast-global-color-5)","background-image":"","background-repeat":"repeat","background-position":"center center","background-size":"auto","background-attachment":"scroll","background-type":"","background-media":"","overlay-type":"","overlay-color":"","overlay-opacity":"","overlay-gradient":""},"mobile":{"background-color":"var(--ast-global-color-5)","background-image":"","background-repeat":"repeat","background-position":"center center","background-size":"auto","background-attachment":"scroll","background-type":"","background-media":"","overlay-type":"","overlay-color":"","overlay-opacity":"","overlay-gradient":""}}},"product_brand":[],"product_cat":[286,82],"product_tag":[267,268,269],"class_list":{"0":"post-1799","1":"product","2":"type-product","3":"status-publish","4":"has-post-thumbnail","6":"product_cat-huatong","7":"product_cat-asphalt-mixer-parts","8":"product_tag-asphalt","9":"product_tag-blade","10":"product_tag-mixing-arm","11":"desktop-align-left","12":"tablet-align-left","13":"mobile-align-left","14":"ast-product-gallery-layout-horizontal-slider","15":"ast-product-single-variable","16":"ast-product-tabs-layout-horizontal","18":"first","19":"instock","20":"shipping-taxable","21":"purchasable","22":"product-type-variable"},"yoast_head":"<!-- This site is optimized with the Yoast SEO plugin v27.4 - https:\/\/yoast.com\/product\/yoast-seo-wordpress\/ -->\n<title>Huatong LJB1000 LJB1200 Mixer And Parts - Crusher parts, Slurry Pump Parts, Excavator shovel parts<\/title>\n<meta name=\"description\" content=\"Huatong LJB1000\/LJB1200 twin-shaft mixer blades, mixing arms, and liners \u2013 original replacements, ensuring wear resistance for sustained performance excellence.\" \/>\n<meta name=\"robots\" content=\"index, follow, max-snippet:-1, max-image-preview:large, max-video-preview:-1\" \/>\n<link rel=\"canonical\" href=\"https:\/\/miningspareparts.com\/es\/producto\/huatong-ljb1000-ljb1200-mixer-and-parts\/\" \/>\n<meta property=\"og:locale\" content=\"es_MX\" \/>\n<meta property=\"og:type\" content=\"article\" \/>\n<meta property=\"og:title\" content=\"Huatong LJB1000 LJB1200 Mixer And Parts - Crusher parts, Slurry Pump Parts, Excavator shovel parts\" \/>\n<meta property=\"og:description\" content=\"Huatong LJB1000\/LJB1200 twin-shaft mixer blades, mixing arms, and liners \u2013 original replacements, ensuring wear resistance for sustained performance excellence.\" \/>\n<meta property=\"og:url\" content=\"https:\/\/miningspareparts.com\/es\/producto\/huatong-ljb1000-ljb1200-mixer-and-parts\/\" \/>\n<meta property=\"og:site_name\" content=\"Crusher parts, Slurry Pump Parts, Excavator shovel parts\" \/>\n<meta property=\"article:modified_time\" content=\"2024-01-16T08:21:29+00:00\" \/>\n<meta property=\"og:image\" content=\"https:\/\/miningspareparts.com\/wp-content\/uploads\/2023\/12\/torczevaya-6.jpg\" \/>\n\t<meta property=\"og:image:width\" content=\"1417\" \/>\n\t<meta property=\"og:image:height\" content=\"1417\" \/>\n\t<meta property=\"og:image:type\" content=\"image\/jpeg\" \/>\n<meta name=\"twitter:card\" content=\"summary_large_image\" \/>\n<meta name=\"twitter:label1\" content=\"Tiempo de lectura\" \/>\n\t<meta name=\"twitter:data1\" content=\"3 minutos\" \/>\n<script type=\"application\/ld+json\" class=\"yoast-schema-graph\">{\"@context\":\"https:\\\/\\\/schema.org\",\"@graph\":[{\"@type\":\"WebPage\",\"@id\":\"https:\\\/\\\/miningspareparts.com\\\/product\\\/huatong-ljb1000-ljb1200-mixer-and-parts\\\/\",\"url\":\"https:\\\/\\\/miningspareparts.com\\\/product\\\/huatong-ljb1000-ljb1200-mixer-and-parts\\\/\",\"name\":\"Huatong LJB1000 LJB1200 Mixer And Parts - Crusher parts, Slurry Pump Parts, Excavator shovel parts\",\"isPartOf\":{\"@id\":\"https:\\\/\\\/miningspareparts.com\\\/#website\"},\"primaryImageOfPage\":{\"@id\":\"https:\\\/\\\/miningspareparts.com\\\/product\\\/huatong-ljb1000-ljb1200-mixer-and-parts\\\/#primaryimage\"},\"image\":{\"@id\":\"https:\\\/\\\/miningspareparts.com\\\/product\\\/huatong-ljb1000-ljb1200-mixer-and-parts\\\/#primaryimage\"},\"thumbnailUrl\":\"https:\\\/\\\/miningspareparts.com\\\/wp-content\\\/uploads\\\/2023\\\/12\\\/torczevaya-6.jpg\",\"datePublished\":\"2023-12-26T02:55:18+00:00\",\"dateModified\":\"2024-01-16T08:21:29+00:00\",\"description\":\"Huatong LJB1000\\\/LJB1200 twin-shaft mixer blades, mixing arms, and liners \u2013 original replacements, ensuring wear resistance for sustained performance excellence.\",\"breadcrumb\":{\"@id\":\"https:\\\/\\\/miningspareparts.com\\\/product\\\/huatong-ljb1000-ljb1200-mixer-and-parts\\\/#breadcrumb\"},\"inLanguage\":\"es\",\"potentialAction\":[{\"@type\":\"ReadAction\",\"target\":[\"https:\\\/\\\/miningspareparts.com\\\/product\\\/huatong-ljb1000-ljb1200-mixer-and-parts\\\/\"]}]},{\"@type\":\"ImageObject\",\"inLanguage\":\"es\",\"@id\":\"https:\\\/\\\/miningspareparts.com\\\/product\\\/huatong-ljb1000-ljb1200-mixer-and-parts\\\/#primaryimage\",\"url\":\"https:\\\/\\\/miningspareparts.com\\\/wp-content\\\/uploads\\\/2023\\\/12\\\/torczevaya-6.jpg\",\"contentUrl\":\"https:\\\/\\\/miningspareparts.com\\\/wp-content\\\/uploads\\\/2023\\\/12\\\/torczevaya-6.jpg\",\"width\":1417,\"height\":1417,\"caption\":\"asphalt sany 240 Mixer And Parts end liner\"},{\"@type\":\"BreadcrumbList\",\"@id\":\"https:\\\/\\\/miningspareparts.com\\\/product\\\/huatong-ljb1000-ljb1200-mixer-and-parts\\\/#breadcrumb\",\"itemListElement\":[{\"@type\":\"ListItem\",\"position\":1,\"name\":\"Home\",\"item\":\"https:\\\/\\\/miningspareparts.com\\\/\"},{\"@type\":\"ListItem\",\"position\":2,\"name\":\"Premium Mining Wear And Spare Parts\",\"item\":\"https:\\\/\\\/miningspareparts.com\\\/shop\\\/\"},{\"@type\":\"ListItem\",\"position\":3,\"name\":\"Huatong LJB1000\\\/LJB1200 Mixer And Parts\"}]},{\"@type\":\"WebSite\",\"@id\":\"https:\\\/\\\/miningspareparts.com\\\/#website\",\"url\":\"https:\\\/\\\/miningspareparts.com\\\/\",\"name\":\"Crusher parts , Concrete Mixer Parts, Slurry Pump Parts, Mining Spares\",\"description\":\"Mining Wear &amp; Spare Parts Supplier\",\"publisher\":{\"@id\":\"https:\\\/\\\/miningspareparts.com\\\/#organization\"},\"potentialAction\":[{\"@type\":\"SearchAction\",\"target\":{\"@type\":\"EntryPoint\",\"urlTemplate\":\"https:\\\/\\\/miningspareparts.com\\\/?s={search_term_string}\"},\"query-input\":{\"@type\":\"PropertyValueSpecification\",\"valueRequired\":true,\"valueName\":\"search_term_string\"}}],\"inLanguage\":\"es\"},{\"@type\":\"Organization\",\"@id\":\"https:\\\/\\\/miningspareparts.com\\\/#organization\",\"name\":\"Crusher parts , Concrete Mixer Parts, Slurry Pump Parts, Mining Spares\",\"url\":\"https:\\\/\\\/miningspareparts.com\\\/\",\"logo\":{\"@type\":\"ImageObject\",\"inLanguage\":\"es\",\"@id\":\"https:\\\/\\\/miningspareparts.com\\\/#\\\/schema\\\/logo\\\/image\\\/\",\"url\":\"https:\\\/\\\/miningspareparts.com\\\/wp-content\\\/uploads\\\/2025\\\/04\\\/cropped-cropped-logo\u6b63\u65b9\u5f62.png\",\"contentUrl\":\"https:\\\/\\\/miningspareparts.com\\\/wp-content\\\/uploads\\\/2025\\\/04\\\/cropped-cropped-logo\u6b63\u65b9\u5f62.png\",\"width\":511,\"height\":171,\"caption\":\"Crusher parts , Concrete Mixer Parts, Slurry Pump Parts, Mining Spares\"},\"image\":{\"@id\":\"https:\\\/\\\/miningspareparts.com\\\/#\\\/schema\\\/logo\\\/image\\\/\"}}]}<\/script>\n<!-- \/ Yoast SEO plugin. -->","yoast_head_json":{"title":"Huatong LJB1000 LJB1200 Mixer And Parts - Crusher parts, Slurry Pump Parts, Excavator shovel parts","description":"Huatong LJB1000\/LJB1200 twin-shaft mixer blades, mixing arms, and liners \u2013 original replacements, ensuring wear resistance for sustained performance excellence.","robots":{"index":"index","follow":"follow","max-snippet":"max-snippet:-1","max-image-preview":"max-image-preview:large","max-video-preview":"max-video-preview:-1"},"canonical":"https:\/\/miningspareparts.com\/es\/producto\/huatong-ljb1000-ljb1200-mixer-and-parts\/","og_locale":"es_MX","og_type":"article","og_title":"Huatong LJB1000 LJB1200 Mixer And Parts - Crusher parts, Slurry Pump Parts, Excavator shovel parts","og_description":"Huatong LJB1000\/LJB1200 twin-shaft mixer blades, mixing arms, and liners \u2013 original replacements, ensuring wear resistance for sustained performance excellence.","og_url":"https:\/\/miningspareparts.com\/es\/producto\/huatong-ljb1000-ljb1200-mixer-and-parts\/","og_site_name":"Crusher parts, Slurry Pump Parts, Excavator shovel parts","article_modified_time":"2024-01-16T08:21:29+00:00","og_image":[{"width":1417,"height":1417,"url":"https:\/\/miningspareparts.com\/wp-content\/uploads\/2023\/12\/torczevaya-6.jpg","type":"image\/jpeg"}],"twitter_card":"summary_large_image","twitter_misc":{"Tiempo de lectura":"3 minutos"},"schema":{"@context":"https:\/\/schema.org","@graph":[{"@type":"WebPage","@id":"https:\/\/miningspareparts.com\/product\/huatong-ljb1000-ljb1200-mixer-and-parts\/","url":"https:\/\/miningspareparts.com\/product\/huatong-ljb1000-ljb1200-mixer-and-parts\/","name":"Huatong LJB1000 LJB1200 Mixer And Parts - Crusher parts, Slurry Pump Parts, Excavator shovel parts","isPartOf":{"@id":"https:\/\/miningspareparts.com\/#website"},"primaryImageOfPage":{"@id":"https:\/\/miningspareparts.com\/product\/huatong-ljb1000-ljb1200-mixer-and-parts\/#primaryimage"},"image":{"@id":"https:\/\/miningspareparts.com\/product\/huatong-ljb1000-ljb1200-mixer-and-parts\/#primaryimage"},"thumbnailUrl":"https:\/\/miningspareparts.com\/wp-content\/uploads\/2023\/12\/torczevaya-6.jpg","datePublished":"2023-12-26T02:55:18+00:00","dateModified":"2024-01-16T08:21:29+00:00","description":"Huatong LJB1000\/LJB1200 twin-shaft mixer blades, mixing arms, and liners \u2013 original replacements, ensuring wear resistance for sustained performance excellence.","breadcrumb":{"@id":"https:\/\/miningspareparts.com\/product\/huatong-ljb1000-ljb1200-mixer-and-parts\/#breadcrumb"},"inLanguage":"es","potentialAction":[{"@type":"ReadAction","target":["https:\/\/miningspareparts.com\/product\/huatong-ljb1000-ljb1200-mixer-and-parts\/"]}]},{"@type":"ImageObject","inLanguage":"es","@id":"https:\/\/miningspareparts.com\/product\/huatong-ljb1000-ljb1200-mixer-and-parts\/#primaryimage","url":"https:\/\/miningspareparts.com\/wp-content\/uploads\/2023\/12\/torczevaya-6.jpg","contentUrl":"https:\/\/miningspareparts.com\/wp-content\/uploads\/2023\/12\/torczevaya-6.jpg","width":1417,"height":1417,"caption":"asphalt sany 240 Mixer And Parts end liner"},{"@type":"BreadcrumbList","@id":"https:\/\/miningspareparts.com\/product\/huatong-ljb1000-ljb1200-mixer-and-parts\/#breadcrumb","itemListElement":[{"@type":"ListItem","position":1,"name":"Home","item":"https:\/\/miningspareparts.com\/"},{"@type":"ListItem","position":2,"name":"Premium Mining Wear And Spare Parts","item":"https:\/\/miningspareparts.com\/shop\/"},{"@type":"ListItem","position":3,"name":"Huatong LJB1000\/LJB1200 Mixer And Parts"}]},{"@type":"WebSite","@id":"https:\/\/miningspareparts.com\/#website","url":"https:\/\/miningspareparts.com\/","name":"Crusher parts , Concrete Mixer Parts, Slurry Pump Parts, Mining Spares","description":"Mining Wear &amp; Spare Parts Supplier","publisher":{"@id":"https:\/\/miningspareparts.com\/#organization"},"potentialAction":[{"@type":"SearchAction","target":{"@type":"EntryPoint","urlTemplate":"https:\/\/miningspareparts.com\/?s={search_term_string}"},"query-input":{"@type":"PropertyValueSpecification","valueRequired":true,"valueName":"search_term_string"}}],"inLanguage":"es"},{"@type":"Organization","@id":"https:\/\/miningspareparts.com\/#organization","name":"Crusher parts , Concrete Mixer Parts, Slurry Pump Parts, Mining Spares","url":"https:\/\/miningspareparts.com\/","logo":{"@type":"ImageObject","inLanguage":"es","@id":"https:\/\/miningspareparts.com\/#\/schema\/logo\/image\/","url":"https:\/\/miningspareparts.com\/wp-content\/uploads\/2025\/04\/cropped-cropped-logo\u6b63\u65b9\u5f62.png","contentUrl":"https:\/\/miningspareparts.com\/wp-content\/uploads\/2025\/04\/cropped-cropped-logo\u6b63\u65b9\u5f62.png","width":511,"height":171,"caption":"Crusher parts , Concrete Mixer Parts, Slurry Pump Parts, Mining Spares"},"image":{"@id":"https:\/\/miningspareparts.com\/#\/schema\/logo\/image\/"}}]}},"uagb_featured_image_src":{"full":["https:\/\/miningspareparts.com\/wp-content\/uploads\/2023\/12\/torczevaya-6.jpg",1417,1417,false],"thumbnail":["https:\/\/miningspareparts.com\/wp-content\/uploads\/2023\/12\/torczevaya-6-150x150.jpg",150,150,true],"medium":["https:\/\/miningspareparts.com\/wp-content\/uploads\/2023\/12\/torczevaya-6-300x300.jpg",300,300,true],"medium_large":["https:\/\/miningspareparts.com\/wp-content\/uploads\/2023\/12\/torczevaya-6-768x768.jpg",768,768,true],"large":["https:\/\/miningspareparts.com\/wp-content\/uploads\/2023\/12\/torczevaya-6-1024x1024.jpg",1024,1024,true],"1536x1536":["https:\/\/miningspareparts.com\/wp-content\/uploads\/2023\/12\/torczevaya-6.jpg",1417,1417,false],"2048x2048":["https:\/\/miningspareparts.com\/wp-content\/uploads\/2023\/12\/torczevaya-6.jpg",1417,1417,false],"trp-custom-language-flag":["https:\/\/miningspareparts.com\/wp-content\/uploads\/2023\/12\/torczevaya-6.jpg",12,12,false],"woocommerce_thumbnail":["https:\/\/miningspareparts.com\/wp-content\/uploads\/2023\/12\/torczevaya-6-300x300.jpg",300,300,true],"woocommerce_single":["https:\/\/miningspareparts.com\/wp-content\/uploads\/2023\/12\/torczevaya-6-600x600.jpg",600,600,true],"woocommerce_gallery_thumbnail":["https:\/\/miningspareparts.com\/wp-content\/uploads\/2023\/12\/torczevaya-6-100x100.jpg",100,100,true]},"uagb_author_info":{"display_name":"Miningspareparts","author_link":"https:\/\/miningspareparts.com\/es\/author\/"},"uagb_comment_info":0,"uagb_excerpt":"Models:Huatong LJB1000\/LJB1200","_links":{"self":[{"href":"https:\/\/miningspareparts.com\/es\/wp-json\/wp\/v2\/product\/1799","targetHints":{"allow":["GET"]}}],"collection":[{"href":"https:\/\/miningspareparts.com\/es\/wp-json\/wp\/v2\/product"}],"about":[{"href":"https:\/\/miningspareparts.com\/es\/wp-json\/wp\/v2\/types\/product"}],"wp:featuredmedia":[{"embeddable":true,"href":"https:\/\/miningspareparts.com\/es\/wp-json\/wp\/v2\/media\/1644"}],"wp:attachment":[{"href":"https:\/\/miningspareparts.com\/es\/wp-json\/wp\/v2\/media?parent=1799"}],"wp:term":[{"taxonomy":"product_brand","embeddable":true,"href":"https:\/\/miningspareparts.com\/es\/wp-json\/wp\/v2\/product_brand?post=1799"},{"taxonomy":"product_cat","embeddable":true,"href":"https:\/\/miningspareparts.com\/es\/wp-json\/wp\/v2\/product_cat?post=1799"},{"taxonomy":"product_tag","embeddable":true,"href":"https:\/\/miningspareparts.com\/es\/wp-json\/wp\/v2\/product_tag?post=1799"}],"curies":[{"name":"wp","href":"https:\/\/api.w.org\/{rel}","templated":true}]}}