{"id":1804,"date":"2023-12-26T05:11:38","date_gmt":"2023-12-26T05:11:38","guid":{"rendered":"https:\/\/miningspareparts.com\/?post_type=product&#038;p=1804"},"modified":"2024-01-16T08:21:03","modified_gmt":"2024-01-16T08:21:03","slug":"marini-320-4t-mixer-and-parts","status":"publish","type":"product","link":"https:\/\/miningspareparts.com\/es\/producto\/marini-320-4t-mixer-and-parts\/","title":{"rendered":"Marini 320 4T Mezclador Y Piezas"},"content":{"rendered":"<p><strong>He aqu\u00ed una descripci\u00f3n de Marini 320 4T Mixer And Parts<\/strong><\/p>\n<table width=\"586\">\n<tbody>\n<tr>\n<td width=\"71\">N\u00famero<\/td>\n<td width=\"184\">C\u00f3digo del art\u00edculo<\/td>\n<td width=\"151\">Nombre del art\u00edculo<\/td>\n<td width=\"94\">Cantidad\/set<\/td>\n<td width=\"86\">Peso<\/td>\n<\/tr>\n<tr>\n<td>1<\/td>\n<td>D2549016<\/td>\n<td>Revestimiento de pared<\/td>\n<td>2<\/td>\n<td>33.6<\/td>\n<\/tr>\n<tr>\n<td>2<\/td>\n<td>D2549017<\/td>\n<td>Revestimiento de pared<\/td>\n<td>4<\/td>\n<td>35.3<\/td>\n<\/tr>\n<tr>\n<td>3<\/td>\n<td>D2549018<\/td>\n<td>Revestimiento de pared<\/td>\n<td>2<\/td>\n<td>27.4<\/td>\n<\/tr>\n<tr>\n<td>4<\/td>\n<td>D2549019<\/td>\n<td>Revestimiento de pared<\/td>\n<td>36<\/td>\n<td>15.8<\/td>\n<\/tr>\n<tr>\n<td>6<\/td>\n<td>D2549040<\/td>\n<td>Revestimiento de pared<\/td>\n<td>2<\/td>\n<td>30.9<\/td>\n<\/tr>\n<tr>\n<td>7<\/td>\n<td>D2549041<\/td>\n<td>Revestimiento de pared<\/td>\n<td>2<\/td>\n<td>30.9<\/td>\n<\/tr>\n<tr>\n<td>8<\/td>\n<td>D2553004<\/td>\n<td>Revestimiento de pared<\/td>\n<td>2<\/td>\n<td>15<\/td>\n<\/tr>\n<tr>\n<td>9<\/td>\n<td>D2549045<\/td>\n<td>Revestimiento de pared<\/td>\n<td>2<\/td>\n<td>33.6<\/td>\n<\/tr>\n<tr>\n<td>10<\/td>\n<td>D2549046<\/td>\n<td>Revestimiento de pared<\/td>\n<td>2<\/td>\n<td>27.4<\/td>\n<\/tr>\n<tr>\n<td>11<\/td>\n<td>N.573-01<\/td>\n<td>Consejos-R<\/td>\n<td>20<\/td>\n<td>11.9<\/td>\n<\/tr>\n<tr>\n<td>12<\/td>\n<td>N.573-02<\/td>\n<td>Consejos-L<\/td>\n<td>8<\/td>\n<td>15<\/td>\n<\/tr>\n<tr>\n<td>13<\/td>\n<td>Total<\/td>\n<td><\/td>\n<td>82<\/td>\n<td><\/td>\n<\/tr>\n<\/tbody>\n<\/table>\n<p><img fetchpriority=\"high\" decoding=\"async\" class=\"wp-image-3550 alignleft\" src=\"https:\/\/miningspareparts.com\/wp-content\/uploads\/2024\/01\/Mixer-And-Wear-Parts1-239x300.webp\" alt=\"\" width=\"498\" height=\"625\" srcset=\"https:\/\/miningspareparts.com\/wp-content\/uploads\/2024\/01\/Mixer-And-Wear-Parts1-239x300.webp 239w, https:\/\/miningspareparts.com\/wp-content\/uploads\/2024\/01\/Mixer-And-Wear-Parts1-817x1024.webp 817w, https:\/\/miningspareparts.com\/wp-content\/uploads\/2024\/01\/Mixer-And-Wear-Parts1-768x963.webp 768w, https:\/\/miningspareparts.com\/wp-content\/uploads\/2024\/01\/Mixer-And-Wear-Parts1-1226x1536.webp 1226w, https:\/\/miningspareparts.com\/wp-content\/uploads\/2024\/01\/Mixer-And-Wear-Parts1-1634x2048.webp 1634w, https:\/\/miningspareparts.com\/wp-content\/uploads\/2024\/01\/Mixer-And-Wear-Parts1-600x752.webp 600w, https:\/\/miningspareparts.com\/wp-content\/uploads\/2024\/01\/Mixer-And-Wear-Parts1.webp 2037w\" sizes=\"(max-width: 498px) 100vw, 498px\" \/><span style=\"font-size: 16px\">\u00a0<\/span><img decoding=\"async\" class=\"wp-image-3551 alignnone\" style=\"font-weight: inherit\" src=\"https:\/\/miningspareparts.com\/wp-content\/uploads\/2024\/01\/Mixer-And-Wear-Parts2-210x300.webp\" alt=\"\" width=\"454\" height=\"649\" srcset=\"https:\/\/miningspareparts.com\/wp-content\/uploads\/2024\/01\/Mixer-And-Wear-Parts2-210x300.webp 210w, https:\/\/miningspareparts.com\/wp-content\/uploads\/2024\/01\/Mixer-And-Wear-Parts2-600x856.webp 600w\" sizes=\"(max-width: 454px) 100vw, 454px\" \/><\/p>\n<p>Nuestro compromiso con la excelencia se plasma en las palas, brazos mezcladores y revestimientos de la mezcladora de doble eje Marini 320 4T que fabricamos. Estos componentes sirven como elementos cruciales en la mezcla de asfalto, garantizando un rendimiento y una longevidad \u00f3ptimos.<\/p>\n<p>Sustituci\u00f3n original:<br \/>\nEn nuestras instalaciones de fabricaci\u00f3n, damos prioridad a la producci\u00f3n de piezas de repuesto originales que se integren perfectamente en las mezcladoras de doble eje Marini 320 4T. Esta dedicaci\u00f3n a la autenticidad garantiza un ajuste perfecto y una funcionalidad sin concesiones, manteniendo las especificaciones de dise\u00f1o originales de la mezcladora.<\/p>\n<p>Ventaja posventa:<br \/>\nReconocemos la importancia de ofrecer soluciones m\u00e1s all\u00e1 de la compra inicial. Nuestros componentes posventa para la hormigonera Marini 320 4T se someten a un riguroso control de calidad, garantizando que cumplen o superan los est\u00e1ndares del sector. Este compromiso con la excelencia prolonga la vida \u00fatil de su equipo, reduciendo el tiempo de inactividad y mejorando la eficiencia operativa general.<\/p>\n<p>Durabilidad redefinida:<br \/>\nLas palas, los brazos mezcladores y los revestimientos de las mezcladoras de doble eje Marini est\u00e1n fabricados con materiales de alta calidad que destacan por su durabilidad y resistencia al desgaste. Estos componentes soportan las exigentes condiciones del mezclado de asfalto, mostrando resistencia a la abrasi\u00f3n y a los factores ambientales adversos. El resultado es una vida \u00fatil m\u00e1s larga, lo que reduce la necesidad de sustituciones frecuentes y contribuye al ahorro de costes.<\/p>\n<p>Ventajas al descubierto:<br \/>\nNuestro proceso de fabricaci\u00f3n integra ingenier\u00eda de precisi\u00f3n con materiales avanzados, proporcionando componentes que superan sistem\u00e1ticamente las expectativas. La mezcladora de doble eje Marini se beneficia de nuestra experiencia, garantizando operaciones de mezcla fiables y eficientes. Tanto si busca recambios originales como soluciones posventa, nuestras ofertas priorizan la calidad, la fiabilidad y la durabilidad.<\/p>\n<p>Gram\u00e1tica fluida, rendimiento sin fisuras:<br \/>\nEn todos los aspectos de nuestra producci\u00f3n y comunicaci\u00f3n, defendemos la importancia de una gram\u00e1tica fluida y una articulaci\u00f3n precisa. Este compromiso se extiende desde la planta de fabricaci\u00f3n hasta la forma en que transmitimos las ventajas de nuestras palas mezcladoras de doble eje, brazos mezcladores y camisas Marini. Su experiencia con nuestros productos no s\u00f3lo tiene que ver con la durabilidad, sino tambi\u00e9n con la claridad y la coherencia de la informaci\u00f3n.<\/p>\n<p>Elija nuestros componentes para mezcladoras de doble eje Marini para obtener una combinaci\u00f3n armoniosa de calidad, longevidad y excelencia operativa en la industria del mezclado de asfalto.<\/p>","protected":false},"excerpt":{"rendered":"<p><b>Modelos:<\/b><i>Marini<\/i><i>\u00a0 320 4T<\/i><\/p>","protected":false},"featured_media":1807,"template":"","meta":{"_uag_custom_page_level_css":"","site-sidebar-layout":"default","site-content-layout":"","ast-site-content-layout":"default","site-content-style":"default","site-sidebar-style":"default","ast-global-header-display":"","ast-banner-title-visibility":"","ast-main-header-display":"","ast-hfb-above-header-display":"","ast-hfb-below-header-display":"","ast-hfb-mobile-header-display":"","site-post-title":"","ast-breadcrumbs-content":"","ast-featured-img":"","footer-sml-layout":"","ast-disable-related-posts":"","theme-transparent-header-meta":"default","adv-header-id-meta":"","stick-header-meta":"default","header-above-stick-meta":"","header-main-stick-meta":"","header-below-stick-meta":"","astra-migrate-meta-layouts":"set","ast-page-background-enabled":"default","ast-page-background-meta":{"desktop":{"background-color":"var(--ast-global-color-4)","background-image":"","background-repeat":"repeat","background-position":"center center","background-size":"auto","background-attachment":"scroll","background-type":"","background-media":"","overlay-type":"","overlay-color":"","overlay-opacity":"","overlay-gradient":""},"tablet":{"background-color":"","background-image":"","background-repeat":"repeat","background-position":"center center","background-size":"auto","background-attachment":"scroll","background-type":"","background-media":"","overlay-type":"","overlay-color":"","overlay-opacity":"","overlay-gradient":""},"mobile":{"background-color":"","background-image":"","background-repeat":"repeat","background-position":"center center","background-size":"auto","background-attachment":"scroll","background-type":"","background-media":"","overlay-type":"","overlay-color":"","overlay-opacity":"","overlay-gradient":""}},"ast-content-background-meta":{"desktop":{"background-color":"var(--ast-global-color-5)","background-image":"","background-repeat":"repeat","background-position":"center center","background-size":"auto","background-attachment":"scroll","background-type":"","background-media":"","overlay-type":"","overlay-color":"","overlay-opacity":"","overlay-gradient":""},"tablet":{"background-color":"var(--ast-global-color-5)","background-image":"","background-repeat":"repeat","background-position":"center center","background-size":"auto","background-attachment":"scroll","background-type":"","background-media":"","overlay-type":"","overlay-color":"","overlay-opacity":"","overlay-gradient":""},"mobile":{"background-color":"var(--ast-global-color-5)","background-image":"","background-repeat":"repeat","background-position":"center center","background-size":"auto","background-attachment":"scroll","background-type":"","background-media":"","overlay-type":"","overlay-color":"","overlay-opacity":"","overlay-gradient":""}}},"product_brand":[],"product_cat":[82,85],"product_tag":[267,268,269],"class_list":{"0":"post-1804","1":"product","2":"type-product","3":"status-publish","4":"has-post-thumbnail","6":"product_cat-asphalt-mixer-parts","7":"product_cat-marini","8":"product_tag-asphalt","9":"product_tag-blade","10":"product_tag-mixing-arm","11":"desktop-align-left","12":"tablet-align-left","13":"mobile-align-left","14":"ast-product-gallery-layout-horizontal-slider","15":"ast-product-single-variable","16":"ast-product-tabs-layout-horizontal","18":"first","19":"instock","20":"shipping-taxable","21":"purchasable","22":"product-type-variable"},"yoast_head":"<!-- This site is optimized with the Yoast SEO plugin v27.4 - https:\/\/yoast.com\/product\/yoast-seo-wordpress\/ -->\n<title>Marini 320 4T Mixer And Parts - Crusher parts, Slurry Pump Parts, Excavator shovel parts<\/title>\n<meta name=\"description\" content=\"Marini 320 4T Twin Shaft Mixer Blades, Mixer Arms and Liners, Original Replacement Parts, Unparalleled Wear Resistance for Long-lasting Performance\" \/>\n<meta name=\"robots\" content=\"index, follow, max-snippet:-1, max-image-preview:large, max-video-preview:-1\" \/>\n<link rel=\"canonical\" href=\"https:\/\/miningspareparts.com\/es\/producto\/marini-320-4t-mixer-and-parts\/\" \/>\n<meta property=\"og:locale\" content=\"es_MX\" \/>\n<meta property=\"og:type\" content=\"article\" \/>\n<meta property=\"og:title\" content=\"Marini 320 4T Mixer And Parts - Crusher parts, Slurry Pump Parts, Excavator shovel parts\" \/>\n<meta property=\"og:description\" content=\"Marini 320 4T Twin Shaft Mixer Blades, Mixer Arms and Liners, Original Replacement Parts, Unparalleled Wear Resistance for Long-lasting Performance\" \/>\n<meta property=\"og:url\" content=\"https:\/\/miningspareparts.com\/es\/producto\/marini-320-4t-mixer-and-parts\/\" \/>\n<meta property=\"og:site_name\" content=\"Crusher parts, Slurry Pump Parts, Excavator shovel parts\" \/>\n<meta property=\"article:modified_time\" content=\"2024-01-16T08:21:03+00:00\" \/>\n<meta property=\"og:image\" content=\"https:\/\/miningspareparts.com\/wp-content\/uploads\/2023\/12\/\u6405\u62cc\u81c2-6.webp\" \/>\n\t<meta property=\"og:image:width\" content=\"1417\" \/>\n\t<meta property=\"og:image:height\" content=\"1417\" \/>\n\t<meta property=\"og:image:type\" content=\"image\/webp\" \/>\n<meta name=\"twitter:card\" content=\"summary_large_image\" \/>\n<meta name=\"twitter:label1\" content=\"Tiempo de lectura\" \/>\n\t<meta name=\"twitter:data1\" content=\"2 minutos\" \/>\n<script type=\"application\/ld+json\" class=\"yoast-schema-graph\">{\"@context\":\"https:\\\/\\\/schema.org\",\"@graph\":[{\"@type\":\"WebPage\",\"@id\":\"https:\\\/\\\/miningspareparts.com\\\/product\\\/marini-320-4t-mixer-and-parts\\\/\",\"url\":\"https:\\\/\\\/miningspareparts.com\\\/product\\\/marini-320-4t-mixer-and-parts\\\/\",\"name\":\"Marini 320 4T Mixer And Parts - Crusher parts, Slurry Pump Parts, Excavator shovel parts\",\"isPartOf\":{\"@id\":\"https:\\\/\\\/miningspareparts.com\\\/#website\"},\"primaryImageOfPage\":{\"@id\":\"https:\\\/\\\/miningspareparts.com\\\/product\\\/marini-320-4t-mixer-and-parts\\\/#primaryimage\"},\"image\":{\"@id\":\"https:\\\/\\\/miningspareparts.com\\\/product\\\/marini-320-4t-mixer-and-parts\\\/#primaryimage\"},\"thumbnailUrl\":\"https:\\\/\\\/miningspareparts.com\\\/wp-content\\\/uploads\\\/2023\\\/12\\\/\u6405\u62cc\u81c2-6.webp\",\"datePublished\":\"2023-12-26T05:11:38+00:00\",\"dateModified\":\"2024-01-16T08:21:03+00:00\",\"description\":\"Marini 320 4T Twin Shaft Mixer Blades, Mixer Arms and Liners, Original Replacement Parts, Unparalleled Wear Resistance for Long-lasting Performance\",\"breadcrumb\":{\"@id\":\"https:\\\/\\\/miningspareparts.com\\\/product\\\/marini-320-4t-mixer-and-parts\\\/#breadcrumb\"},\"inLanguage\":\"es\",\"potentialAction\":[{\"@type\":\"ReadAction\",\"target\":[\"https:\\\/\\\/miningspareparts.com\\\/product\\\/marini-320-4t-mixer-and-parts\\\/\"]}]},{\"@type\":\"ImageObject\",\"inLanguage\":\"es\",\"@id\":\"https:\\\/\\\/miningspareparts.com\\\/product\\\/marini-320-4t-mixer-and-parts\\\/#primaryimage\",\"url\":\"https:\\\/\\\/miningspareparts.com\\\/wp-content\\\/uploads\\\/2023\\\/12\\\/\u6405\u62cc\u81c2-6.webp\",\"contentUrl\":\"https:\\\/\\\/miningspareparts.com\\\/wp-content\\\/uploads\\\/2023\\\/12\\\/\u6405\u62cc\u81c2-6.webp\",\"width\":1417,\"height\":1417,\"caption\":\"asphalt Marini 320 4T Mixer And Parts mixing arm\"},{\"@type\":\"BreadcrumbList\",\"@id\":\"https:\\\/\\\/miningspareparts.com\\\/product\\\/marini-320-4t-mixer-and-parts\\\/#breadcrumb\",\"itemListElement\":[{\"@type\":\"ListItem\",\"position\":1,\"name\":\"Home\",\"item\":\"https:\\\/\\\/miningspareparts.com\\\/\"},{\"@type\":\"ListItem\",\"position\":2,\"name\":\"Premium Mining Wear And Spare Parts\",\"item\":\"https:\\\/\\\/miningspareparts.com\\\/shop\\\/\"},{\"@type\":\"ListItem\",\"position\":3,\"name\":\"Marini 320 4T Mixer And Parts\"}]},{\"@type\":\"WebSite\",\"@id\":\"https:\\\/\\\/miningspareparts.com\\\/#website\",\"url\":\"https:\\\/\\\/miningspareparts.com\\\/\",\"name\":\"Crusher parts , Concrete Mixer Parts, Slurry Pump Parts, Mining Spares\",\"description\":\"Mining Wear &amp; Spare Parts Supplier\",\"publisher\":{\"@id\":\"https:\\\/\\\/miningspareparts.com\\\/#organization\"},\"potentialAction\":[{\"@type\":\"SearchAction\",\"target\":{\"@type\":\"EntryPoint\",\"urlTemplate\":\"https:\\\/\\\/miningspareparts.com\\\/?s={search_term_string}\"},\"query-input\":{\"@type\":\"PropertyValueSpecification\",\"valueRequired\":true,\"valueName\":\"search_term_string\"}}],\"inLanguage\":\"es\"},{\"@type\":\"Organization\",\"@id\":\"https:\\\/\\\/miningspareparts.com\\\/#organization\",\"name\":\"Crusher parts , Concrete Mixer Parts, Slurry Pump Parts, Mining Spares\",\"url\":\"https:\\\/\\\/miningspareparts.com\\\/\",\"logo\":{\"@type\":\"ImageObject\",\"inLanguage\":\"es\",\"@id\":\"https:\\\/\\\/miningspareparts.com\\\/#\\\/schema\\\/logo\\\/image\\\/\",\"url\":\"https:\\\/\\\/miningspareparts.com\\\/wp-content\\\/uploads\\\/2025\\\/04\\\/cropped-cropped-logo\u6b63\u65b9\u5f62.png\",\"contentUrl\":\"https:\\\/\\\/miningspareparts.com\\\/wp-content\\\/uploads\\\/2025\\\/04\\\/cropped-cropped-logo\u6b63\u65b9\u5f62.png\",\"width\":511,\"height\":171,\"caption\":\"Crusher parts , Concrete Mixer Parts, Slurry Pump Parts, Mining Spares\"},\"image\":{\"@id\":\"https:\\\/\\\/miningspareparts.com\\\/#\\\/schema\\\/logo\\\/image\\\/\"}}]}<\/script>\n<!-- \/ Yoast SEO plugin. -->","yoast_head_json":{"title":"Marini 320 4T Mixer And Parts - Crusher parts, Slurry Pump Parts, Excavator shovel parts","description":"Marini 320 4T Twin Shaft Mixer Blades, Mixer Arms and Liners, Original Replacement Parts, Unparalleled Wear Resistance for Long-lasting Performance","robots":{"index":"index","follow":"follow","max-snippet":"max-snippet:-1","max-image-preview":"max-image-preview:large","max-video-preview":"max-video-preview:-1"},"canonical":"https:\/\/miningspareparts.com\/es\/producto\/marini-320-4t-mixer-and-parts\/","og_locale":"es_MX","og_type":"article","og_title":"Marini 320 4T Mixer And Parts - Crusher parts, Slurry Pump Parts, Excavator shovel parts","og_description":"Marini 320 4T Twin Shaft Mixer Blades, Mixer Arms and Liners, Original Replacement Parts, Unparalleled Wear Resistance for Long-lasting Performance","og_url":"https:\/\/miningspareparts.com\/es\/producto\/marini-320-4t-mixer-and-parts\/","og_site_name":"Crusher parts, Slurry Pump Parts, Excavator shovel parts","article_modified_time":"2024-01-16T08:21:03+00:00","og_image":[{"width":1417,"height":1417,"url":"https:\/\/miningspareparts.com\/wp-content\/uploads\/2023\/12\/\u6405\u62cc\u81c2-6.webp","type":"image\/webp"}],"twitter_card":"summary_large_image","twitter_misc":{"Tiempo de lectura":"2 minutos"},"schema":{"@context":"https:\/\/schema.org","@graph":[{"@type":"WebPage","@id":"https:\/\/miningspareparts.com\/product\/marini-320-4t-mixer-and-parts\/","url":"https:\/\/miningspareparts.com\/product\/marini-320-4t-mixer-and-parts\/","name":"Marini 320 4T Mixer And Parts - Crusher parts, Slurry Pump Parts, Excavator shovel parts","isPartOf":{"@id":"https:\/\/miningspareparts.com\/#website"},"primaryImageOfPage":{"@id":"https:\/\/miningspareparts.com\/product\/marini-320-4t-mixer-and-parts\/#primaryimage"},"image":{"@id":"https:\/\/miningspareparts.com\/product\/marini-320-4t-mixer-and-parts\/#primaryimage"},"thumbnailUrl":"https:\/\/miningspareparts.com\/wp-content\/uploads\/2023\/12\/\u6405\u62cc\u81c2-6.webp","datePublished":"2023-12-26T05:11:38+00:00","dateModified":"2024-01-16T08:21:03+00:00","description":"Marini 320 4T Twin Shaft Mixer Blades, Mixer Arms and Liners, Original Replacement Parts, Unparalleled Wear Resistance for Long-lasting Performance","breadcrumb":{"@id":"https:\/\/miningspareparts.com\/product\/marini-320-4t-mixer-and-parts\/#breadcrumb"},"inLanguage":"es","potentialAction":[{"@type":"ReadAction","target":["https:\/\/miningspareparts.com\/product\/marini-320-4t-mixer-and-parts\/"]}]},{"@type":"ImageObject","inLanguage":"es","@id":"https:\/\/miningspareparts.com\/product\/marini-320-4t-mixer-and-parts\/#primaryimage","url":"https:\/\/miningspareparts.com\/wp-content\/uploads\/2023\/12\/\u6405\u62cc\u81c2-6.webp","contentUrl":"https:\/\/miningspareparts.com\/wp-content\/uploads\/2023\/12\/\u6405\u62cc\u81c2-6.webp","width":1417,"height":1417,"caption":"asphalt Marini 320 4T Mixer And Parts mixing arm"},{"@type":"BreadcrumbList","@id":"https:\/\/miningspareparts.com\/product\/marini-320-4t-mixer-and-parts\/#breadcrumb","itemListElement":[{"@type":"ListItem","position":1,"name":"Home","item":"https:\/\/miningspareparts.com\/"},{"@type":"ListItem","position":2,"name":"Premium Mining Wear And Spare Parts","item":"https:\/\/miningspareparts.com\/shop\/"},{"@type":"ListItem","position":3,"name":"Marini 320 4T Mixer And Parts"}]},{"@type":"WebSite","@id":"https:\/\/miningspareparts.com\/#website","url":"https:\/\/miningspareparts.com\/","name":"Crusher parts , Concrete Mixer Parts, Slurry Pump Parts, Mining Spares","description":"Mining Wear &amp; Spare Parts Supplier","publisher":{"@id":"https:\/\/miningspareparts.com\/#organization"},"potentialAction":[{"@type":"SearchAction","target":{"@type":"EntryPoint","urlTemplate":"https:\/\/miningspareparts.com\/?s={search_term_string}"},"query-input":{"@type":"PropertyValueSpecification","valueRequired":true,"valueName":"search_term_string"}}],"inLanguage":"es"},{"@type":"Organization","@id":"https:\/\/miningspareparts.com\/#organization","name":"Crusher parts , Concrete Mixer Parts, Slurry Pump Parts, Mining Spares","url":"https:\/\/miningspareparts.com\/","logo":{"@type":"ImageObject","inLanguage":"es","@id":"https:\/\/miningspareparts.com\/#\/schema\/logo\/image\/","url":"https:\/\/miningspareparts.com\/wp-content\/uploads\/2025\/04\/cropped-cropped-logo\u6b63\u65b9\u5f62.png","contentUrl":"https:\/\/miningspareparts.com\/wp-content\/uploads\/2025\/04\/cropped-cropped-logo\u6b63\u65b9\u5f62.png","width":511,"height":171,"caption":"Crusher parts , Concrete Mixer Parts, Slurry Pump Parts, Mining Spares"},"image":{"@id":"https:\/\/miningspareparts.com\/#\/schema\/logo\/image\/"}}]}},"uagb_featured_image_src":{"full":["https:\/\/miningspareparts.com\/wp-content\/uploads\/2023\/12\/\u6405\u62cc\u81c2-6.webp",1417,1417,false],"thumbnail":["https:\/\/miningspareparts.com\/wp-content\/uploads\/2023\/12\/\u6405\u62cc\u81c2-6-150x150.webp",150,150,true],"medium":["https:\/\/miningspareparts.com\/wp-content\/uploads\/2023\/12\/\u6405\u62cc\u81c2-6-300x300.webp",300,300,true],"medium_large":["https:\/\/miningspareparts.com\/wp-content\/uploads\/2023\/12\/\u6405\u62cc\u81c2-6-768x768.webp",768,768,true],"large":["https:\/\/miningspareparts.com\/wp-content\/uploads\/2023\/12\/\u6405\u62cc\u81c2-6-1024x1024.webp",1024,1024,true],"1536x1536":["https:\/\/miningspareparts.com\/wp-content\/uploads\/2023\/12\/\u6405\u62cc\u81c2-6.webp",1417,1417,false],"2048x2048":["https:\/\/miningspareparts.com\/wp-content\/uploads\/2023\/12\/\u6405\u62cc\u81c2-6.webp",1417,1417,false],"trp-custom-language-flag":["https:\/\/miningspareparts.com\/wp-content\/uploads\/2023\/12\/\u6405\u62cc\u81c2-6.webp",12,12,false],"woocommerce_thumbnail":["https:\/\/miningspareparts.com\/wp-content\/uploads\/2023\/12\/\u6405\u62cc\u81c2-6-300x300.webp",300,300,true],"woocommerce_single":["https:\/\/miningspareparts.com\/wp-content\/uploads\/2023\/12\/\u6405\u62cc\u81c2-6-600x600.webp",600,600,true],"woocommerce_gallery_thumbnail":["https:\/\/miningspareparts.com\/wp-content\/uploads\/2023\/12\/\u6405\u62cc\u81c2-6-100x100.webp",100,100,true]},"uagb_author_info":{"display_name":"Miningspareparts","author_link":"https:\/\/miningspareparts.com\/es\/author\/"},"uagb_comment_info":0,"uagb_excerpt":"Models:Marini\u00a0 320 4T","_links":{"self":[{"href":"https:\/\/miningspareparts.com\/es\/wp-json\/wp\/v2\/product\/1804","targetHints":{"allow":["GET"]}}],"collection":[{"href":"https:\/\/miningspareparts.com\/es\/wp-json\/wp\/v2\/product"}],"about":[{"href":"https:\/\/miningspareparts.com\/es\/wp-json\/wp\/v2\/types\/product"}],"wp:featuredmedia":[{"embeddable":true,"href":"https:\/\/miningspareparts.com\/es\/wp-json\/wp\/v2\/media\/1807"}],"wp:attachment":[{"href":"https:\/\/miningspareparts.com\/es\/wp-json\/wp\/v2\/media?parent=1804"}],"wp:term":[{"taxonomy":"product_brand","embeddable":true,"href":"https:\/\/miningspareparts.com\/es\/wp-json\/wp\/v2\/product_brand?post=1804"},{"taxonomy":"product_cat","embeddable":true,"href":"https:\/\/miningspareparts.com\/es\/wp-json\/wp\/v2\/product_cat?post=1804"},{"taxonomy":"product_tag","embeddable":true,"href":"https:\/\/miningspareparts.com\/es\/wp-json\/wp\/v2\/product_tag?post=1804"}],"curies":[{"name":"wp","href":"https:\/\/api.w.org\/{rel}","templated":true}]}}