{"id":1850,"date":"2023-12-27T08:21:34","date_gmt":"2023-12-27T08:21:34","guid":{"rendered":"https:\/\/miningspareparts.com\/?post_type=product&#038;p=1850"},"modified":"2024-01-16T08:16:34","modified_gmt":"2024-01-16T08:16:34","slug":"shantui-janeoo-3000m-mixer-and-parts","status":"publish","type":"product","link":"https:\/\/miningspareparts.com\/es\/producto\/shantui-janeoo-3000m-mixer-and-parts\/","title":{"rendered":"SHANTUI Janeoo 3000M Mezclador Y Piezas"},"content":{"rendered":"<p><strong>He aqu\u00ed una descripci\u00f3n de SHANTUI Janeoo 3000M Mixer And Parts<\/strong><\/p>\n<table width=\"100%\">\n<tbody>\n<tr>\n<td width=\"10%\">NO.<\/td>\n<td width=\"35%\">Especificaci\u00f3n<\/td>\n<td width=\"9%\">Cantidad<\/td>\n<td width=\"9%\">Unidad.<\/td>\n<td width=\"14%\">Peso unitario (Kg))<\/td>\n<td width=\"10%\">Peso total (Kg))<\/td>\n<td width=\"10%\">Observaciones<\/td>\n<\/tr>\n<tr>\n<td width=\"10%\">1<\/td>\n<td width=\"35%\">Brazo central<\/td>\n<td width=\"9%\">10<\/td>\n<td width=\"9%\">Pcs<\/td>\n<td width=\"14%\">49.6<\/td>\n<td width=\"10%\">496<\/td>\n<td width=\"10%\"><\/td>\n<\/tr>\n<tr>\n<td width=\"10%\">2<\/td>\n<td width=\"35%\">Brazo izquierdo<\/td>\n<td width=\"9%\">4<\/td>\n<td width=\"9%\">Pcs<\/td>\n<td width=\"14%\">37<\/td>\n<td width=\"10%\">148<\/td>\n<td width=\"10%\"><\/td>\n<\/tr>\n<tr>\n<td width=\"10%\">3<\/td>\n<td width=\"35%\">Brazo derecho<\/td>\n<td width=\"9%\">2<\/td>\n<td width=\"9%\">Pcs<\/td>\n<td width=\"14%\">40.2<\/td>\n<td width=\"10%\">80.4<\/td>\n<td width=\"10%\"><\/td>\n<\/tr>\n<tr>\n<td width=\"10%\">4<\/td>\n<td width=\"35%\">Asiento central<\/td>\n<td width=\"9%\">10<\/td>\n<td width=\"9%\">Pcs<\/td>\n<td width=\"14%\">20.9<\/td>\n<td width=\"10%\">209<\/td>\n<td width=\"10%\"><\/td>\n<\/tr>\n<tr>\n<td width=\"10%\">5<\/td>\n<td width=\"35%\">Asiento lateral<\/td>\n<td width=\"9%\">6<\/td>\n<td width=\"9%\">Pcs<\/td>\n<td width=\"14%\">18.6<\/td>\n<td width=\"10%\">111.6<\/td>\n<td width=\"10%\"><\/td>\n<\/tr>\n<tr>\n<td width=\"10%\">6<\/td>\n<td width=\"35%\">Cuchilla central<\/td>\n<td width=\"9%\">10<\/td>\n<td width=\"9%\">Pcs<\/td>\n<td width=\"14%\">17.3<\/td>\n<td width=\"10%\">173<\/td>\n<td width=\"10%\"><\/td>\n<\/tr>\n<tr>\n<td width=\"10%\">7<\/td>\n<td width=\"35%\">Hoja izquierda<\/td>\n<td width=\"9%\">4<\/td>\n<td width=\"9%\">Pcs<\/td>\n<td width=\"14%\">12.3<\/td>\n<td width=\"10%\">49.2<\/td>\n<td width=\"10%\"><\/td>\n<\/tr>\n<tr>\n<td width=\"10%\">8<\/td>\n<td width=\"35%\">Cuchilla derecha<\/td>\n<td width=\"9%\">2<\/td>\n<td width=\"9%\">Pcs<\/td>\n<td width=\"14%\">13.9<\/td>\n<td width=\"10%\">27.8<\/td>\n<td width=\"10%\"><\/td>\n<\/tr>\n<tr>\n<td width=\"10%\">9<\/td>\n<td width=\"35%\">Cuchillo izquierdo<\/td>\n<td width=\"9%\">4<\/td>\n<td width=\"9%\">Pcs<\/td>\n<td width=\"14%\">7.2<\/td>\n<td width=\"10%\">28.8<\/td>\n<td width=\"10%\"><\/td>\n<\/tr>\n<tr>\n<td width=\"10%\">10<\/td>\n<td width=\"35%\">Cuchillo derecho<\/td>\n<td width=\"9%\">2<\/td>\n<td width=\"9%\">Pcs<\/td>\n<td width=\"14%\">7.4<\/td>\n<td width=\"10%\">14.8<\/td>\n<td width=\"10%\"><\/td>\n<\/tr>\n<tr>\n<td width=\"10%\">11<\/td>\n<td width=\"35%\">Revestimiento del arco<\/td>\n<td width=\"9%\">108<\/td>\n<td width=\"9%\">Pcs<\/td>\n<td width=\"14%\">4.8<\/td>\n<td width=\"10%\">518.4<\/td>\n<td width=\"10%\"><\/td>\n<\/tr>\n<tr>\n<td width=\"10%\">12<\/td>\n<td width=\"35%\">Forro grande<\/td>\n<td width=\"9%\">16<\/td>\n<td width=\"9%\">Pcs<\/td>\n<td width=\"14%\">7.9<\/td>\n<td width=\"10%\">126.4<\/td>\n<td width=\"10%\"><\/td>\n<\/tr>\n<tr>\n<td width=\"10%\">13<\/td>\n<td width=\"35%\">Forro final 1<\/td>\n<td width=\"9%\">8<\/td>\n<td width=\"9%\">Pcs<\/td>\n<td width=\"14%\">6.5<\/td>\n<td width=\"10%\">52<\/td>\n<td width=\"10%\"><\/td>\n<\/tr>\n<tr>\n<td width=\"10%\">14<\/td>\n<td width=\"35%\">Forro final 2<\/td>\n<td width=\"9%\">8<\/td>\n<td width=\"9%\">Pcs<\/td>\n<td width=\"14%\">6.4<\/td>\n<td width=\"10%\">51.2<\/td>\n<td width=\"10%\"><\/td>\n<\/tr>\n<tr>\n<td width=\"10%\">15<\/td>\n<td width=\"35%\">Fin del forro 3<\/td>\n<td width=\"9%\">16<\/td>\n<td width=\"9%\">Pcs<\/td>\n<td width=\"14%\">6.8<\/td>\n<td width=\"10%\">108.8<\/td>\n<td width=\"10%\"><\/td>\n<\/tr>\n<tr>\n<td width=\"10%\">16<\/td>\n<td width=\"35%\">Forro final 4<\/td>\n<td width=\"9%\">8<\/td>\n<td width=\"9%\">Pcs<\/td>\n<td width=\"14%\">7.7<\/td>\n<td width=\"10%\">61.6<\/td>\n<td width=\"10%\"><\/td>\n<\/tr>\n<tr>\n<td width=\"10%\">17<\/td>\n<td width=\"35%\">Fin del forro 5<\/td>\n<td width=\"9%\">8<\/td>\n<td width=\"9%\">Pcs<\/td>\n<td width=\"14%\">11.8<\/td>\n<td width=\"10%\">94.4<\/td>\n<td width=\"10%\"><\/td>\n<\/tr>\n<tr>\n<td width=\"10%\">18<\/td>\n<td width=\"35%\">Forro final 6<\/td>\n<td width=\"9%\">16<\/td>\n<td width=\"9%\">Pcs<\/td>\n<td width=\"14%\">6.8<\/td>\n<td width=\"10%\">108.8<\/td>\n<td width=\"10%\"><\/td>\n<\/tr>\n<tr>\n<td width=\"10%\">19<\/td>\n<td width=\"35%\">Tapa de la puerta<\/td>\n<td width=\"9%\">2<\/td>\n<td width=\"9%\">Pcs<\/td>\n<td width=\"14%\">10<\/td>\n<td width=\"10%\">20<\/td>\n<td width=\"10%\"><\/td>\n<\/tr>\n<tr>\n<td width=\"10%\">total<\/td>\n<td width=\"35%\"><\/td>\n<td width=\"9%\">244<\/td>\n<td width=\"9%\"><\/td>\n<td width=\"14%\"><\/td>\n<td width=\"10%\">2480.2<\/td>\n<td width=\"10%\"><\/td>\n<\/tr>\n<\/tbody>\n<\/table>\n<p><img fetchpriority=\"high\" decoding=\"async\" class=\"wp-image-3550 alignleft\" src=\"https:\/\/miningspareparts.com\/wp-content\/uploads\/2024\/01\/Mixer-And-Wear-Parts1-239x300.webp\" alt=\"\" width=\"498\" height=\"625\" srcset=\"https:\/\/miningspareparts.com\/wp-content\/uploads\/2024\/01\/Mixer-And-Wear-Parts1-239x300.webp 239w, https:\/\/miningspareparts.com\/wp-content\/uploads\/2024\/01\/Mixer-And-Wear-Parts1-817x1024.webp 817w, https:\/\/miningspareparts.com\/wp-content\/uploads\/2024\/01\/Mixer-And-Wear-Parts1-768x963.webp 768w, https:\/\/miningspareparts.com\/wp-content\/uploads\/2024\/01\/Mixer-And-Wear-Parts1-1226x1536.webp 1226w, https:\/\/miningspareparts.com\/wp-content\/uploads\/2024\/01\/Mixer-And-Wear-Parts1-1634x2048.webp 1634w, https:\/\/miningspareparts.com\/wp-content\/uploads\/2024\/01\/Mixer-And-Wear-Parts1-600x752.webp 600w, https:\/\/miningspareparts.com\/wp-content\/uploads\/2024\/01\/Mixer-And-Wear-Parts1.webp 2037w\" sizes=\"(max-width: 498px) 100vw, 498px\" \/><span style=\"font-size: 16px\">\u00a0<\/span><img decoding=\"async\" class=\"wp-image-3551 alignnone\" style=\"font-weight: inherit\" src=\"https:\/\/miningspareparts.com\/wp-content\/uploads\/2024\/01\/Mixer-And-Wear-Parts2-210x300.webp\" alt=\"\" width=\"454\" height=\"649\" srcset=\"https:\/\/miningspareparts.com\/wp-content\/uploads\/2024\/01\/Mixer-And-Wear-Parts2-210x300.webp 210w, https:\/\/miningspareparts.com\/wp-content\/uploads\/2024\/01\/Mixer-And-Wear-Parts2-600x856.webp 600w\" sizes=\"(max-width: 454px) 100vw, 454px\" \/><\/p>\n<p>D\u00e9 rienda suelta a la potencia de una mezcla de hormig\u00f3n superior con nuestras palas, brazos mezcladores y revestimientos de la mezcladora de doble eje SHANTUI Janeoo 3000M. Como fabricante l\u00edder comprometido con la excelencia, redefinimos los est\u00e1ndares del sector con nuestros componentes de repuesto originales, soluciones posventa y una durabilidad inigualable.<\/p>\n<p>Sustituci\u00f3n original Excelencia:<br \/>\nNuestros componentes de repuesto originales est\u00e1n meticulosamente dise\u00f1ados para integrarse perfectamente en las mezcladoras de doble eje SHANTUI Janeoo 3000M. La precisi\u00f3n es nuestro sello distintivo, garantizando un ajuste perfecto para una instalaci\u00f3n sin problemas y un rendimiento \u00f3ptimo. Cuando elige nuestros recambios originales, elige una calidad sin compromisos y un compromiso para mantener la m\u00e1xima eficiencia de la mezcladora.<\/p>\n<p>Soluciones posventa para una mayor versatilidad:<br \/>\nExplore un mundo de posibilidades con nuestra oferta de recambios. Dise\u00f1ados para satisfacer las diversas necesidades de las aplicaciones de mezclado de hormig\u00f3n, nuestras palas, brazos mezcladores y revestimientos de repuesto proporcionan una soluci\u00f3n rentable sin comprometer el rendimiento. Dise\u00f1ados con la misma dedicaci\u00f3n a la calidad, prolongan la vida \u00fatil de su mezcladora, convirti\u00e9ndola en un caballo de batalla fiable durante muchos a\u00f1os.<\/p>\n<p>Rendimiento duradero redefinido:<br \/>\nLa durabilidad es el n\u00facleo de nuestra filosof\u00eda de fabricaci\u00f3n. Nuestros componentes se someten a rigurosas pruebas para soportar las condiciones de mezcla de hormig\u00f3n m\u00e1s duras. El resultado es un conjunto de cuchillas, brazos mezcladores y revestimientos que presumen de una longevidad y resistencia excepcionales. Cuando elige nuestros productos, invierte en durabilidad, lo que se traduce en una reducci\u00f3n del tiempo de inactividad y un aumento de la productividad.<\/p>\n<p>Crear excelencia en cada componente:<br \/>\nEn nuestras instalaciones de \u00faltima generaci\u00f3n, empleamos tecnolog\u00eda punta y un equipo de profesionales cualificados dedicados a crear excelencia en cada componente. Nuestro compromiso con el control de calidad garantiza que cada cuchilla, brazo mezclador y camisa cumpla las normas m\u00e1s exigentes del sector, ofreciendo un rendimiento en el que puede confiar.<\/p>\n<p>En una industria del hormig\u00f3n en r\u00e1pida evoluci\u00f3n, conf\u00ede en las palas mezcladoras de doble eje, brazos mezcladores y revestimientos SHANTUI Janeoo 3000M que reflejan nuestra dedicaci\u00f3n a la originalidad, versatilidad y durabilidad. Eleve su experiencia de mezclado con componentes dise\u00f1ados para superar las expectativas, proporcionando una base s\u00f3lida para sus proyectos de construcci\u00f3n.<\/p>","protected":false},"excerpt":{"rendered":"<p>Modelos:SHANTUI Janeoo 3000M<\/p>","protected":false},"featured_media":2420,"template":"","meta":{"_uag_custom_page_level_css":"","site-sidebar-layout":"default","site-content-layout":"","ast-site-content-layout":"default","site-content-style":"default","site-sidebar-style":"default","ast-global-header-display":"","ast-banner-title-visibility":"","ast-main-header-display":"","ast-hfb-above-header-display":"","ast-hfb-below-header-display":"","ast-hfb-mobile-header-display":"","site-post-title":"","ast-breadcrumbs-content":"","ast-featured-img":"","footer-sml-layout":"","ast-disable-related-posts":"","theme-transparent-header-meta":"default","adv-header-id-meta":"","stick-header-meta":"default","header-above-stick-meta":"","header-main-stick-meta":"","header-below-stick-meta":"","astra-migrate-meta-layouts":"set","ast-page-background-enabled":"default","ast-page-background-meta":{"desktop":{"background-color":"var(--ast-global-color-4)","background-image":"","background-repeat":"repeat","background-position":"center center","background-size":"auto","background-attachment":"scroll","background-type":"","background-media":"","overlay-type":"","overlay-color":"","overlay-opacity":"","overlay-gradient":""},"tablet":{"background-color":"","background-image":"","background-repeat":"repeat","background-position":"center center","background-size":"auto","background-attachment":"scroll","background-type":"","background-media":"","overlay-type":"","overlay-color":"","overlay-opacity":"","overlay-gradient":""},"mobile":{"background-color":"","background-image":"","background-repeat":"repeat","background-position":"center center","background-size":"auto","background-attachment":"scroll","background-type":"","background-media":"","overlay-type":"","overlay-color":"","overlay-opacity":"","overlay-gradient":""}},"ast-content-background-meta":{"desktop":{"background-color":"var(--ast-global-color-5)","background-image":"","background-repeat":"repeat","background-position":"center center","background-size":"auto","background-attachment":"scroll","background-type":"","background-media":"","overlay-type":"","overlay-color":"","overlay-opacity":"","overlay-gradient":""},"tablet":{"background-color":"var(--ast-global-color-5)","background-image":"","background-repeat":"repeat","background-position":"center center","background-size":"auto","background-attachment":"scroll","background-type":"","background-media":"","overlay-type":"","overlay-color":"","overlay-opacity":"","overlay-gradient":""},"mobile":{"background-color":"var(--ast-global-color-5)","background-image":"","background-repeat":"repeat","background-position":"center center","background-size":"auto","background-attachment":"scroll","background-type":"","background-media":"","overlay-type":"","overlay-color":"","overlay-opacity":"","overlay-gradient":""}}},"product_brand":[],"product_cat":[289,77],"product_tag":[268,288,269],"class_list":{"0":"post-1850","1":"product","2":"type-product","3":"status-publish","4":"has-post-thumbnail","6":"product_cat-other-concrete-mixer-parts","7":"product_cat-concrete-mixer-parts","8":"product_tag-blade","9":"product_tag-concrete-mixer","10":"product_tag-mixing-arm","11":"desktop-align-left","12":"tablet-align-left","13":"mobile-align-left","14":"ast-product-gallery-layout-horizontal-slider","15":"ast-product-single-variable","16":"ast-product-tabs-layout-horizontal","18":"first","19":"instock","20":"shipping-taxable","21":"purchasable","22":"product-type-variable"},"yoast_head":"<!-- This site is optimized with the Yoast SEO plugin v27.4 - https:\/\/yoast.com\/product\/yoast-seo-wordpress\/ -->\n<title>SHANTUI Janeoo 3000M Mixer And Parts - Crusher parts, Slurry Pump Parts, Excavator shovel parts<\/title>\n<meta name=\"description\" content=\"Shantui Janeoo 3000M Twin Shaft Mixer Blades, Mixing Arms and Liners, Original Replacements for Seamless Fit and Wear Resistance\" \/>\n<meta name=\"robots\" content=\"index, follow, max-snippet:-1, max-image-preview:large, max-video-preview:-1\" \/>\n<link rel=\"canonical\" href=\"https:\/\/miningspareparts.com\/es\/producto\/shantui-janeoo-3000m-mixer-and-parts\/\" \/>\n<meta property=\"og:locale\" content=\"es_MX\" \/>\n<meta property=\"og:type\" content=\"article\" \/>\n<meta property=\"og:title\" content=\"SHANTUI Janeoo 3000M Mixer And Parts - Crusher parts, Slurry Pump Parts, Excavator shovel parts\" \/>\n<meta property=\"og:description\" content=\"Shantui Janeoo 3000M Twin Shaft Mixer Blades, Mixing Arms and Liners, Original Replacements for Seamless Fit and Wear Resistance\" \/>\n<meta property=\"og:url\" content=\"https:\/\/miningspareparts.com\/es\/producto\/shantui-janeoo-3000m-mixer-and-parts\/\" \/>\n<meta property=\"og:site_name\" content=\"Crusher parts, Slurry Pump Parts, Excavator shovel parts\" \/>\n<meta property=\"article:modified_time\" content=\"2024-01-16T08:16:34+00:00\" \/>\n<meta property=\"og:image\" content=\"https:\/\/miningspareparts.com\/wp-content\/uploads\/2023\/12\/SHANTUI-Janeoo-3000M-concrete-mixer-and-parts.webp\" \/>\n\t<meta property=\"og:image:width\" content=\"1087\" \/>\n\t<meta property=\"og:image:height\" content=\"655\" \/>\n\t<meta property=\"og:image:type\" content=\"image\/webp\" \/>\n<meta name=\"twitter:card\" content=\"summary_large_image\" \/>\n<meta name=\"twitter:label1\" content=\"Tiempo de lectura\" \/>\n\t<meta name=\"twitter:data1\" content=\"3 minutos\" \/>\n<script type=\"application\/ld+json\" class=\"yoast-schema-graph\">{\"@context\":\"https:\\\/\\\/schema.org\",\"@graph\":[{\"@type\":\"WebPage\",\"@id\":\"https:\\\/\\\/miningspareparts.com\\\/product\\\/shantui-janeoo-3000m-mixer-and-parts\\\/\",\"url\":\"https:\\\/\\\/miningspareparts.com\\\/product\\\/shantui-janeoo-3000m-mixer-and-parts\\\/\",\"name\":\"SHANTUI Janeoo 3000M Mixer And Parts - Crusher parts, Slurry Pump Parts, Excavator shovel parts\",\"isPartOf\":{\"@id\":\"https:\\\/\\\/miningspareparts.com\\\/#website\"},\"primaryImageOfPage\":{\"@id\":\"https:\\\/\\\/miningspareparts.com\\\/product\\\/shantui-janeoo-3000m-mixer-and-parts\\\/#primaryimage\"},\"image\":{\"@id\":\"https:\\\/\\\/miningspareparts.com\\\/product\\\/shantui-janeoo-3000m-mixer-and-parts\\\/#primaryimage\"},\"thumbnailUrl\":\"https:\\\/\\\/miningspareparts.com\\\/wp-content\\\/uploads\\\/2023\\\/12\\\/SHANTUI-Janeoo-3000M-concrete-mixer-and-parts.webp\",\"datePublished\":\"2023-12-27T08:21:34+00:00\",\"dateModified\":\"2024-01-16T08:16:34+00:00\",\"description\":\"Shantui Janeoo 3000M Twin Shaft Mixer Blades, Mixing Arms and Liners, Original Replacements for Seamless Fit and Wear Resistance\",\"breadcrumb\":{\"@id\":\"https:\\\/\\\/miningspareparts.com\\\/product\\\/shantui-janeoo-3000m-mixer-and-parts\\\/#breadcrumb\"},\"inLanguage\":\"es\",\"potentialAction\":[{\"@type\":\"ReadAction\",\"target\":[\"https:\\\/\\\/miningspareparts.com\\\/product\\\/shantui-janeoo-3000m-mixer-and-parts\\\/\"]}]},{\"@type\":\"ImageObject\",\"inLanguage\":\"es\",\"@id\":\"https:\\\/\\\/miningspareparts.com\\\/product\\\/shantui-janeoo-3000m-mixer-and-parts\\\/#primaryimage\",\"url\":\"https:\\\/\\\/miningspareparts.com\\\/wp-content\\\/uploads\\\/2023\\\/12\\\/SHANTUI-Janeoo-3000M-concrete-mixer-and-parts.webp\",\"contentUrl\":\"https:\\\/\\\/miningspareparts.com\\\/wp-content\\\/uploads\\\/2023\\\/12\\\/SHANTUI-Janeoo-3000M-concrete-mixer-and-parts.webp\",\"width\":1087,\"height\":655,\"caption\":\"SHANTUI Janeoo 3000M concrete mixer\"},{\"@type\":\"BreadcrumbList\",\"@id\":\"https:\\\/\\\/miningspareparts.com\\\/product\\\/shantui-janeoo-3000m-mixer-and-parts\\\/#breadcrumb\",\"itemListElement\":[{\"@type\":\"ListItem\",\"position\":1,\"name\":\"Home\",\"item\":\"https:\\\/\\\/miningspareparts.com\\\/\"},{\"@type\":\"ListItem\",\"position\":2,\"name\":\"Premium Mining Wear And Spare Parts\",\"item\":\"https:\\\/\\\/miningspareparts.com\\\/shop\\\/\"},{\"@type\":\"ListItem\",\"position\":3,\"name\":\"SHANTUI Janeoo 3000M Mixer And Parts\"}]},{\"@type\":\"WebSite\",\"@id\":\"https:\\\/\\\/miningspareparts.com\\\/#website\",\"url\":\"https:\\\/\\\/miningspareparts.com\\\/\",\"name\":\"Crusher parts , Concrete Mixer Parts, Slurry Pump Parts, Mining Spares\",\"description\":\"Mining Wear &amp; Spare Parts Supplier\",\"publisher\":{\"@id\":\"https:\\\/\\\/miningspareparts.com\\\/#organization\"},\"potentialAction\":[{\"@type\":\"SearchAction\",\"target\":{\"@type\":\"EntryPoint\",\"urlTemplate\":\"https:\\\/\\\/miningspareparts.com\\\/?s={search_term_string}\"},\"query-input\":{\"@type\":\"PropertyValueSpecification\",\"valueRequired\":true,\"valueName\":\"search_term_string\"}}],\"inLanguage\":\"es\"},{\"@type\":\"Organization\",\"@id\":\"https:\\\/\\\/miningspareparts.com\\\/#organization\",\"name\":\"Crusher parts , Concrete Mixer Parts, Slurry Pump Parts, Mining Spares\",\"url\":\"https:\\\/\\\/miningspareparts.com\\\/\",\"logo\":{\"@type\":\"ImageObject\",\"inLanguage\":\"es\",\"@id\":\"https:\\\/\\\/miningspareparts.com\\\/#\\\/schema\\\/logo\\\/image\\\/\",\"url\":\"https:\\\/\\\/miningspareparts.com\\\/wp-content\\\/uploads\\\/2025\\\/04\\\/cropped-cropped-logo\u6b63\u65b9\u5f62.png\",\"contentUrl\":\"https:\\\/\\\/miningspareparts.com\\\/wp-content\\\/uploads\\\/2025\\\/04\\\/cropped-cropped-logo\u6b63\u65b9\u5f62.png\",\"width\":511,\"height\":171,\"caption\":\"Crusher parts , Concrete Mixer Parts, Slurry Pump Parts, Mining Spares\"},\"image\":{\"@id\":\"https:\\\/\\\/miningspareparts.com\\\/#\\\/schema\\\/logo\\\/image\\\/\"}}]}<\/script>\n<!-- \/ Yoast SEO plugin. -->","yoast_head_json":{"title":"SHANTUI Janeoo 3000M Mixer And Parts - Crusher parts, Slurry Pump Parts, Excavator shovel parts","description":"Shantui Janeoo 3000M Twin Shaft Mixer Blades, Mixing Arms and Liners, Original Replacements for Seamless Fit and Wear Resistance","robots":{"index":"index","follow":"follow","max-snippet":"max-snippet:-1","max-image-preview":"max-image-preview:large","max-video-preview":"max-video-preview:-1"},"canonical":"https:\/\/miningspareparts.com\/es\/producto\/shantui-janeoo-3000m-mixer-and-parts\/","og_locale":"es_MX","og_type":"article","og_title":"SHANTUI Janeoo 3000M Mixer And Parts - Crusher parts, Slurry Pump Parts, Excavator shovel parts","og_description":"Shantui Janeoo 3000M Twin Shaft Mixer Blades, Mixing Arms and Liners, Original Replacements for Seamless Fit and Wear Resistance","og_url":"https:\/\/miningspareparts.com\/es\/producto\/shantui-janeoo-3000m-mixer-and-parts\/","og_site_name":"Crusher parts, Slurry Pump Parts, Excavator shovel parts","article_modified_time":"2024-01-16T08:16:34+00:00","og_image":[{"width":1087,"height":655,"url":"https:\/\/miningspareparts.com\/wp-content\/uploads\/2023\/12\/SHANTUI-Janeoo-3000M-concrete-mixer-and-parts.webp","type":"image\/webp"}],"twitter_card":"summary_large_image","twitter_misc":{"Tiempo de lectura":"3 minutos"},"schema":{"@context":"https:\/\/schema.org","@graph":[{"@type":"WebPage","@id":"https:\/\/miningspareparts.com\/product\/shantui-janeoo-3000m-mixer-and-parts\/","url":"https:\/\/miningspareparts.com\/product\/shantui-janeoo-3000m-mixer-and-parts\/","name":"SHANTUI Janeoo 3000M Mixer And Parts - Crusher parts, Slurry Pump Parts, Excavator shovel parts","isPartOf":{"@id":"https:\/\/miningspareparts.com\/#website"},"primaryImageOfPage":{"@id":"https:\/\/miningspareparts.com\/product\/shantui-janeoo-3000m-mixer-and-parts\/#primaryimage"},"image":{"@id":"https:\/\/miningspareparts.com\/product\/shantui-janeoo-3000m-mixer-and-parts\/#primaryimage"},"thumbnailUrl":"https:\/\/miningspareparts.com\/wp-content\/uploads\/2023\/12\/SHANTUI-Janeoo-3000M-concrete-mixer-and-parts.webp","datePublished":"2023-12-27T08:21:34+00:00","dateModified":"2024-01-16T08:16:34+00:00","description":"Shantui Janeoo 3000M Twin Shaft Mixer Blades, Mixing Arms and Liners, Original Replacements for Seamless Fit and Wear Resistance","breadcrumb":{"@id":"https:\/\/miningspareparts.com\/product\/shantui-janeoo-3000m-mixer-and-parts\/#breadcrumb"},"inLanguage":"es","potentialAction":[{"@type":"ReadAction","target":["https:\/\/miningspareparts.com\/product\/shantui-janeoo-3000m-mixer-and-parts\/"]}]},{"@type":"ImageObject","inLanguage":"es","@id":"https:\/\/miningspareparts.com\/product\/shantui-janeoo-3000m-mixer-and-parts\/#primaryimage","url":"https:\/\/miningspareparts.com\/wp-content\/uploads\/2023\/12\/SHANTUI-Janeoo-3000M-concrete-mixer-and-parts.webp","contentUrl":"https:\/\/miningspareparts.com\/wp-content\/uploads\/2023\/12\/SHANTUI-Janeoo-3000M-concrete-mixer-and-parts.webp","width":1087,"height":655,"caption":"SHANTUI Janeoo 3000M concrete mixer"},{"@type":"BreadcrumbList","@id":"https:\/\/miningspareparts.com\/product\/shantui-janeoo-3000m-mixer-and-parts\/#breadcrumb","itemListElement":[{"@type":"ListItem","position":1,"name":"Home","item":"https:\/\/miningspareparts.com\/"},{"@type":"ListItem","position":2,"name":"Premium Mining Wear And Spare Parts","item":"https:\/\/miningspareparts.com\/shop\/"},{"@type":"ListItem","position":3,"name":"SHANTUI Janeoo 3000M Mixer And Parts"}]},{"@type":"WebSite","@id":"https:\/\/miningspareparts.com\/#website","url":"https:\/\/miningspareparts.com\/","name":"Crusher parts , Concrete Mixer Parts, Slurry Pump Parts, Mining Spares","description":"Mining Wear &amp; Spare Parts Supplier","publisher":{"@id":"https:\/\/miningspareparts.com\/#organization"},"potentialAction":[{"@type":"SearchAction","target":{"@type":"EntryPoint","urlTemplate":"https:\/\/miningspareparts.com\/?s={search_term_string}"},"query-input":{"@type":"PropertyValueSpecification","valueRequired":true,"valueName":"search_term_string"}}],"inLanguage":"es"},{"@type":"Organization","@id":"https:\/\/miningspareparts.com\/#organization","name":"Crusher parts , Concrete Mixer Parts, Slurry Pump Parts, Mining Spares","url":"https:\/\/miningspareparts.com\/","logo":{"@type":"ImageObject","inLanguage":"es","@id":"https:\/\/miningspareparts.com\/#\/schema\/logo\/image\/","url":"https:\/\/miningspareparts.com\/wp-content\/uploads\/2025\/04\/cropped-cropped-logo\u6b63\u65b9\u5f62.png","contentUrl":"https:\/\/miningspareparts.com\/wp-content\/uploads\/2025\/04\/cropped-cropped-logo\u6b63\u65b9\u5f62.png","width":511,"height":171,"caption":"Crusher parts , Concrete Mixer Parts, Slurry Pump Parts, Mining Spares"},"image":{"@id":"https:\/\/miningspareparts.com\/#\/schema\/logo\/image\/"}}]}},"uagb_featured_image_src":{"full":["https:\/\/miningspareparts.com\/wp-content\/uploads\/2023\/12\/SHANTUI-Janeoo-3000M-concrete-mixer-and-parts.webp",1087,655,false],"thumbnail":["https:\/\/miningspareparts.com\/wp-content\/uploads\/2023\/12\/SHANTUI-Janeoo-3000M-concrete-mixer-and-parts-150x150.webp",150,150,true],"medium":["https:\/\/miningspareparts.com\/wp-content\/uploads\/2023\/12\/SHANTUI-Janeoo-3000M-concrete-mixer-and-parts-300x181.webp",300,181,true],"medium_large":["https:\/\/miningspareparts.com\/wp-content\/uploads\/2023\/12\/SHANTUI-Janeoo-3000M-concrete-mixer-and-parts-768x463.webp",768,463,true],"large":["https:\/\/miningspareparts.com\/wp-content\/uploads\/2023\/12\/SHANTUI-Janeoo-3000M-concrete-mixer-and-parts-1024x617.webp",1024,617,true],"1536x1536":["https:\/\/miningspareparts.com\/wp-content\/uploads\/2023\/12\/SHANTUI-Janeoo-3000M-concrete-mixer-and-parts.webp",1087,655,false],"2048x2048":["https:\/\/miningspareparts.com\/wp-content\/uploads\/2023\/12\/SHANTUI-Janeoo-3000M-concrete-mixer-and-parts.webp",1087,655,false],"trp-custom-language-flag":["https:\/\/miningspareparts.com\/wp-content\/uploads\/2023\/12\/SHANTUI-Janeoo-3000M-concrete-mixer-and-parts.webp",18,12,false],"woocommerce_thumbnail":["https:\/\/miningspareparts.com\/wp-content\/uploads\/2023\/12\/SHANTUI-Janeoo-3000M-concrete-mixer-and-parts-300x300.webp",300,300,true],"woocommerce_single":["https:\/\/miningspareparts.com\/wp-content\/uploads\/2023\/12\/SHANTUI-Janeoo-3000M-concrete-mixer-and-parts-600x362.webp",600,362,true],"woocommerce_gallery_thumbnail":["https:\/\/miningspareparts.com\/wp-content\/uploads\/2023\/12\/SHANTUI-Janeoo-3000M-concrete-mixer-and-parts-100x100.webp",100,100,true]},"uagb_author_info":{"display_name":"Miningspareparts","author_link":"https:\/\/miningspareparts.com\/es\/author\/"},"uagb_comment_info":0,"uagb_excerpt":"Models:SHANTUI Janeoo 3000M","_links":{"self":[{"href":"https:\/\/miningspareparts.com\/es\/wp-json\/wp\/v2\/product\/1850","targetHints":{"allow":["GET"]}}],"collection":[{"href":"https:\/\/miningspareparts.com\/es\/wp-json\/wp\/v2\/product"}],"about":[{"href":"https:\/\/miningspareparts.com\/es\/wp-json\/wp\/v2\/types\/product"}],"wp:featuredmedia":[{"embeddable":true,"href":"https:\/\/miningspareparts.com\/es\/wp-json\/wp\/v2\/media\/2420"}],"wp:attachment":[{"href":"https:\/\/miningspareparts.com\/es\/wp-json\/wp\/v2\/media?parent=1850"}],"wp:term":[{"taxonomy":"product_brand","embeddable":true,"href":"https:\/\/miningspareparts.com\/es\/wp-json\/wp\/v2\/product_brand?post=1850"},{"taxonomy":"product_cat","embeddable":true,"href":"https:\/\/miningspareparts.com\/es\/wp-json\/wp\/v2\/product_cat?post=1850"},{"taxonomy":"product_tag","embeddable":true,"href":"https:\/\/miningspareparts.com\/es\/wp-json\/wp\/v2\/product_tag?post=1850"}],"curies":[{"name":"wp","href":"https:\/\/api.w.org\/{rel}","templated":true}]}}