{"id":1851,"date":"2023-12-27T08:24:43","date_gmt":"2023-12-27T08:24:43","guid":{"rendered":"https:\/\/miningspareparts.com\/?post_type=product&#038;p=1851"},"modified":"2024-01-16T08:16:00","modified_gmt":"2024-01-16T08:16:00","slug":"shantui-janeoo-2000m-mixer-and-parts","status":"publish","type":"product","link":"https:\/\/miningspareparts.com\/es\/producto\/shantui-janeoo-2000m-mixer-and-parts\/","title":{"rendered":"SHANTUI Janeoo 2000M Mezclador Y Piezas"},"content":{"rendered":"<p><strong>He aqu\u00ed una descripci\u00f3n de SHANTUI Janeoo 2000M Mixer And Parts<\/strong><\/p>\n<table>\n<tbody>\n<tr>\n<td width=\"75\">NO.<\/td>\n<td width=\"141\">Especificaci\u00f3n<\/td>\n<td width=\"78\">Cantidad<\/td>\n<td width=\"78\">Unidad.<\/td>\n<td width=\"137\">Peso unitario (Kg)<\/td>\n<td width=\"130\">Peso total (Kg)<\/td>\n<td width=\"78\">Observaciones<\/td>\n<\/tr>\n<tr>\n<td width=\"75\">1<\/td>\n<td width=\"141\">Brazo central<\/td>\n<td width=\"78\">8<\/td>\n<td width=\"78\">Pcs<\/td>\n<td width=\"137\">49.6<\/td>\n<td width=\"130\">396.8<\/td>\n<td width=\"78\"><\/td>\n<\/tr>\n<tr>\n<td width=\"75\">2<\/td>\n<td width=\"141\">Brazo izquierdo<\/td>\n<td width=\"78\">4<\/td>\n<td width=\"78\">Pcs<\/td>\n<td width=\"137\">37<\/td>\n<td width=\"130\">148<\/td>\n<td width=\"78\"><\/td>\n<\/tr>\n<tr>\n<td width=\"75\">3<\/td>\n<td width=\"141\">Brazo derecho<\/td>\n<td width=\"78\">2<\/td>\n<td width=\"78\">Pcs<\/td>\n<td width=\"137\">40.2<\/td>\n<td width=\"130\">80.4<\/td>\n<td width=\"78\"><\/td>\n<\/tr>\n<tr>\n<td width=\"75\">4<\/td>\n<td width=\"141\">Asiento central<\/td>\n<td width=\"78\">8<\/td>\n<td width=\"78\">Pcs<\/td>\n<td width=\"137\">20.9<\/td>\n<td width=\"130\">167.2<\/td>\n<td width=\"78\"><\/td>\n<\/tr>\n<tr>\n<td width=\"75\">5<\/td>\n<td width=\"141\">Asiento lateral<\/td>\n<td width=\"78\">6<\/td>\n<td width=\"78\">Pcs<\/td>\n<td width=\"137\">18.6<\/td>\n<td width=\"130\">111.6<\/td>\n<td width=\"78\"><\/td>\n<\/tr>\n<tr>\n<td width=\"75\">6<\/td>\n<td width=\"141\">Cuchilla central<\/td>\n<td width=\"78\">8<\/td>\n<td width=\"78\">Pcs<\/td>\n<td width=\"137\">17.3<\/td>\n<td width=\"130\">138.4<\/td>\n<td width=\"78\"><\/td>\n<\/tr>\n<tr>\n<td width=\"75\">7<\/td>\n<td width=\"141\">Hoja izquierda<\/td>\n<td width=\"78\">4<\/td>\n<td width=\"78\">Pcs<\/td>\n<td width=\"137\">12.3<\/td>\n<td width=\"130\">49.2<\/td>\n<td width=\"78\"><\/td>\n<\/tr>\n<tr>\n<td width=\"75\">8<\/td>\n<td width=\"141\">Cuchilla derecha<\/td>\n<td width=\"78\">2<\/td>\n<td width=\"78\">Pcs<\/td>\n<td width=\"137\">13.9<\/td>\n<td width=\"130\">27.8<\/td>\n<td width=\"78\"><\/td>\n<\/tr>\n<tr>\n<td width=\"75\">9<\/td>\n<td width=\"141\">Cuchillo izquierdo<\/td>\n<td width=\"78\">4<\/td>\n<td width=\"78\">Pcs<\/td>\n<td width=\"137\">7.2<\/td>\n<td width=\"130\">28.8<\/td>\n<td width=\"78\"><\/td>\n<\/tr>\n<tr>\n<td width=\"75\">10<\/td>\n<td width=\"141\">Cuchillo derecho<\/td>\n<td width=\"78\">2<\/td>\n<td width=\"78\">Pcs<\/td>\n<td width=\"137\">7.4<\/td>\n<td width=\"130\">14.8<\/td>\n<td width=\"78\"><\/td>\n<\/tr>\n<tr>\n<td width=\"75\">11<\/td>\n<td width=\"141\">Revestimiento del arco<\/td>\n<td width=\"78\">96<\/td>\n<td width=\"78\">Pcs<\/td>\n<td width=\"137\">4.8<\/td>\n<td width=\"130\">460.8<\/td>\n<td width=\"78\"><\/td>\n<\/tr>\n<tr>\n<td width=\"75\">12<\/td>\n<td width=\"141\">Forro grande<\/td>\n<td width=\"78\">16<\/td>\n<td width=\"78\">Pcs<\/td>\n<td width=\"137\">7.9<\/td>\n<td width=\"130\">126.4<\/td>\n<td width=\"78\"><\/td>\n<\/tr>\n<tr>\n<td width=\"75\">13<\/td>\n<td width=\"141\">Forro final 1<\/td>\n<td width=\"78\">8<\/td>\n<td width=\"78\">Pcs<\/td>\n<td width=\"137\">6.5<\/td>\n<td width=\"130\">52<\/td>\n<td width=\"78\"><\/td>\n<\/tr>\n<tr>\n<td width=\"75\">14<\/td>\n<td width=\"141\">Forro final 2<\/td>\n<td width=\"78\">8<\/td>\n<td width=\"78\">Pcs<\/td>\n<td width=\"137\">6.4<\/td>\n<td width=\"130\">51.2<\/td>\n<td width=\"78\"><\/td>\n<\/tr>\n<tr>\n<td width=\"75\">15<\/td>\n<td width=\"141\">Fin del forro 3<\/td>\n<td width=\"78\">16<\/td>\n<td width=\"78\">Pcs<\/td>\n<td width=\"137\">6.8<\/td>\n<td width=\"130\">108.8<\/td>\n<td width=\"78\"><\/td>\n<\/tr>\n<tr>\n<td width=\"75\">16<\/td>\n<td width=\"141\">Forro final 4<\/td>\n<td width=\"78\">8<\/td>\n<td width=\"78\">Pcs<\/td>\n<td width=\"137\">7.7<\/td>\n<td width=\"130\">61.6<\/td>\n<td width=\"78\"><\/td>\n<\/tr>\n<tr>\n<td width=\"75\">17<\/td>\n<td width=\"141\">Fin del forro 5<\/td>\n<td width=\"78\">8<\/td>\n<td width=\"78\">Pcs<\/td>\n<td width=\"137\">11.8<\/td>\n<td width=\"130\">94.4<\/td>\n<td width=\"78\"><\/td>\n<\/tr>\n<tr>\n<td width=\"75\">18<\/td>\n<td width=\"141\">Forro final 6<\/td>\n<td width=\"78\">16<\/td>\n<td width=\"78\">Pcs<\/td>\n<td width=\"137\">6.8<\/td>\n<td width=\"130\">108.8<\/td>\n<td width=\"78\"><\/td>\n<\/tr>\n<tr>\n<td width=\"75\">19<\/td>\n<td width=\"141\">Tapa de la puerta<\/td>\n<td width=\"78\">2<\/td>\n<td width=\"78\">Pcs<\/td>\n<td width=\"137\">10<\/td>\n<td width=\"130\">20<\/td>\n<td width=\"78\"><\/td>\n<\/tr>\n<tr>\n<td width=\"75\">total<\/td>\n<td width=\"141\"><\/td>\n<td width=\"78\">226<\/td>\n<td width=\"78\"><\/td>\n<td width=\"137\"><\/td>\n<td width=\"130\">2247<\/td>\n<td width=\"78\"><\/td>\n<\/tr>\n<\/tbody>\n<\/table>\n<p><img fetchpriority=\"high\" decoding=\"async\" class=\"wp-image-3550 alignleft\" src=\"https:\/\/miningspareparts.com\/wp-content\/uploads\/2024\/01\/Mixer-And-Wear-Parts1-239x300.webp\" alt=\"\" width=\"498\" height=\"625\" srcset=\"https:\/\/miningspareparts.com\/wp-content\/uploads\/2024\/01\/Mixer-And-Wear-Parts1-239x300.webp 239w, https:\/\/miningspareparts.com\/wp-content\/uploads\/2024\/01\/Mixer-And-Wear-Parts1-817x1024.webp 817w, https:\/\/miningspareparts.com\/wp-content\/uploads\/2024\/01\/Mixer-And-Wear-Parts1-768x963.webp 768w, https:\/\/miningspareparts.com\/wp-content\/uploads\/2024\/01\/Mixer-And-Wear-Parts1-1226x1536.webp 1226w, https:\/\/miningspareparts.com\/wp-content\/uploads\/2024\/01\/Mixer-And-Wear-Parts1-1634x2048.webp 1634w, https:\/\/miningspareparts.com\/wp-content\/uploads\/2024\/01\/Mixer-And-Wear-Parts1-600x752.webp 600w, https:\/\/miningspareparts.com\/wp-content\/uploads\/2024\/01\/Mixer-And-Wear-Parts1.webp 2037w\" sizes=\"(max-width: 498px) 100vw, 498px\" \/><span style=\"font-size: 16px\">\u00a0<\/span><img decoding=\"async\" class=\"wp-image-3551 alignnone\" style=\"font-weight: inherit\" src=\"https:\/\/miningspareparts.com\/wp-content\/uploads\/2024\/01\/Mixer-And-Wear-Parts2-210x300.webp\" alt=\"\" width=\"454\" height=\"649\" srcset=\"https:\/\/miningspareparts.com\/wp-content\/uploads\/2024\/01\/Mixer-And-Wear-Parts2-210x300.webp 210w, https:\/\/miningspareparts.com\/wp-content\/uploads\/2024\/01\/Mixer-And-Wear-Parts2-600x856.webp 600w\" sizes=\"(max-width: 454px) 100vw, 454px\" \/><\/p>\n<p>SHANTUI Janeoo 2000M cuchillas mezcladoras de doble eje, brazos mezcladores y revestimientos, Nuestro compromiso con la excelencia es evidente en la calidad superior de nuestras piezas de repuesto originales.<\/p>\n<p>Sustituci\u00f3n original:<br \/>\nNuestras palas, brazos mezcladores y revestimientos de la mezcladora de doble eje SHANTUI Janeoo 2000M son el ep\u00edtome de los recambios originales. Fabricados con precisi\u00f3n y siguiendo las especificaciones exactas de su modelo de mezcladora, estos componentes se integran perfectamente en su equipo, garantizando un rendimiento \u00f3ptimo y una larga vida \u00fatil. Damos prioridad a la autenticidad para garantizar un ajuste perfecto, manteniendo la eficacia y la integridad de su mezcladora.<\/p>\n<p>Excelencia en posventa:<br \/>\nEn el \u00e1mbito de las soluciones posventa, destacamos como pioneros. Nuestro compromiso va m\u00e1s all\u00e1 de la mera reproducci\u00f3n de piezas; mejoramos e innovamos. Las cuchillas, brazos mezcladores y camisas SHANTUI Janeoo 2000M del mercado de recambios no son meras sustituciones, sino actualizaciones que incorporan los \u00faltimos avances en materiales y dise\u00f1o. Espere compatibilidad, durabilidad y rendimiento mejorado que superan los est\u00e1ndares de la industria.<\/p>\n<p>Ingenier\u00eda duradera:<br \/>\nLa durabilidad es la piedra angular de nuestra filosof\u00eda de fabricaci\u00f3n. Los componentes de la mezcladora de doble eje SHANTUI Janeoo 2000M est\u00e1n dise\u00f1ados para soportar los rigores de la mezcla de hormig\u00f3n de alta resistencia. Si usted est\u00e1 involucrado en proyectos de construcci\u00f3n a gran escala o en la producci\u00f3n diaria de hormig\u00f3n, nuestras piezas garantizan la longevidad, reduciendo el tiempo de inactividad y los costes de mantenimiento.<\/p>\n<p>Nuestra dedicaci\u00f3n a la calidad se extiende m\u00e1s all\u00e1 del producto a toda la experiencia del usuario. Funcionamiento sin problemas, integraci\u00f3n perfecta y rendimiento fiable son las caracter\u00edsticas de las palas, brazos mezcladores y revestimientos de la mezcladora de doble eje SHANTUI Janeoo 2000M. Conf\u00ede en nuestra experiencia para elevar sus capacidades de mezcla de hormig\u00f3n, garantizando la eficiencia, fiabilidad y longevidad.<\/p>","protected":false},"excerpt":{"rendered":"<p>Modelos:SHANTUI Janeoo 2000M<\/p>","protected":false},"featured_media":2419,"template":"","meta":{"_uag_custom_page_level_css":"","site-sidebar-layout":"default","site-content-layout":"","ast-site-content-layout":"default","site-content-style":"default","site-sidebar-style":"default","ast-global-header-display":"","ast-banner-title-visibility":"","ast-main-header-display":"","ast-hfb-above-header-display":"","ast-hfb-below-header-display":"","ast-hfb-mobile-header-display":"","site-post-title":"","ast-breadcrumbs-content":"","ast-featured-img":"","footer-sml-layout":"","ast-disable-related-posts":"","theme-transparent-header-meta":"default","adv-header-id-meta":"","stick-header-meta":"default","header-above-stick-meta":"","header-main-stick-meta":"","header-below-stick-meta":"","astra-migrate-meta-layouts":"set","ast-page-background-enabled":"default","ast-page-background-meta":{"desktop":{"background-color":"var(--ast-global-color-4)","background-image":"","background-repeat":"repeat","background-position":"center center","background-size":"auto","background-attachment":"scroll","background-type":"","background-media":"","overlay-type":"","overlay-color":"","overlay-opacity":"","overlay-gradient":""},"tablet":{"background-color":"","background-image":"","background-repeat":"repeat","background-position":"center center","background-size":"auto","background-attachment":"scroll","background-type":"","background-media":"","overlay-type":"","overlay-color":"","overlay-opacity":"","overlay-gradient":""},"mobile":{"background-color":"","background-image":"","background-repeat":"repeat","background-position":"center center","background-size":"auto","background-attachment":"scroll","background-type":"","background-media":"","overlay-type":"","overlay-color":"","overlay-opacity":"","overlay-gradient":""}},"ast-content-background-meta":{"desktop":{"background-color":"var(--ast-global-color-5)","background-image":"","background-repeat":"repeat","background-position":"center center","background-size":"auto","background-attachment":"scroll","background-type":"","background-media":"","overlay-type":"","overlay-color":"","overlay-opacity":"","overlay-gradient":""},"tablet":{"background-color":"var(--ast-global-color-5)","background-image":"","background-repeat":"repeat","background-position":"center center","background-size":"auto","background-attachment":"scroll","background-type":"","background-media":"","overlay-type":"","overlay-color":"","overlay-opacity":"","overlay-gradient":""},"mobile":{"background-color":"var(--ast-global-color-5)","background-image":"","background-repeat":"repeat","background-position":"center center","background-size":"auto","background-attachment":"scroll","background-type":"","background-media":"","overlay-type":"","overlay-color":"","overlay-opacity":"","overlay-gradient":""}}},"product_brand":[],"product_cat":[289,77],"product_tag":[268,288,269],"class_list":{"0":"post-1851","1":"product","2":"type-product","3":"status-publish","4":"has-post-thumbnail","6":"product_cat-other-concrete-mixer-parts","7":"product_cat-concrete-mixer-parts","8":"product_tag-blade","9":"product_tag-concrete-mixer","10":"product_tag-mixing-arm","11":"desktop-align-left","12":"tablet-align-left","13":"mobile-align-left","14":"ast-product-gallery-layout-horizontal-slider","15":"ast-product-single-variable","16":"ast-product-tabs-layout-horizontal","18":"first","19":"instock","20":"shipping-taxable","21":"purchasable","22":"product-type-variable"},"yoast_head":"<!-- This site is optimized with the Yoast SEO plugin v27.4 - https:\/\/yoast.com\/product\/yoast-seo-wordpress\/ -->\n<title>SHANTUI Janeoo 2000M Mixer And Parts - Crusher parts, Slurry Pump Parts, Excavator shovel parts<\/title>\n<meta name=\"description\" content=\"Shantui Janeoo 2000M twin-shaft mixer blades, mixing arms and liners, original replacement with unrivaled wear resistance\" \/>\n<meta name=\"robots\" content=\"index, follow, max-snippet:-1, max-image-preview:large, max-video-preview:-1\" \/>\n<link rel=\"canonical\" href=\"https:\/\/miningspareparts.com\/es\/producto\/shantui-janeoo-2000m-mixer-and-parts\/\" \/>\n<meta property=\"og:locale\" content=\"es_MX\" \/>\n<meta property=\"og:type\" content=\"article\" \/>\n<meta property=\"og:title\" content=\"SHANTUI Janeoo 2000M Mixer And Parts - Crusher parts, Slurry Pump Parts, Excavator shovel parts\" \/>\n<meta property=\"og:description\" content=\"Shantui Janeoo 2000M twin-shaft mixer blades, mixing arms and liners, original replacement with unrivaled wear resistance\" \/>\n<meta property=\"og:url\" content=\"https:\/\/miningspareparts.com\/es\/producto\/shantui-janeoo-2000m-mixer-and-parts\/\" \/>\n<meta property=\"og:site_name\" content=\"Crusher parts, Slurry Pump Parts, Excavator shovel parts\" \/>\n<meta property=\"article:modified_time\" content=\"2024-01-16T08:16:00+00:00\" \/>\n<meta property=\"og:image\" content=\"https:\/\/miningspareparts.com\/wp-content\/uploads\/2023\/12\/SHANTUI-Janeoo-2000M-concrete-mixer-and-parts.webp\" \/>\n\t<meta property=\"og:image:width\" content=\"1082\" \/>\n\t<meta property=\"og:image:height\" content=\"656\" \/>\n\t<meta property=\"og:image:type\" content=\"image\/webp\" \/>\n<meta name=\"twitter:card\" content=\"summary_large_image\" \/>\n<meta name=\"twitter:label1\" content=\"Tiempo de lectura\" \/>\n\t<meta name=\"twitter:data1\" content=\"3 minutos\" \/>\n<script type=\"application\/ld+json\" class=\"yoast-schema-graph\">{\"@context\":\"https:\\\/\\\/schema.org\",\"@graph\":[{\"@type\":\"WebPage\",\"@id\":\"https:\\\/\\\/miningspareparts.com\\\/product\\\/shantui-janeoo-2000m-mixer-and-parts\\\/\",\"url\":\"https:\\\/\\\/miningspareparts.com\\\/product\\\/shantui-janeoo-2000m-mixer-and-parts\\\/\",\"name\":\"SHANTUI Janeoo 2000M Mixer And Parts - Crusher parts, Slurry Pump Parts, Excavator shovel parts\",\"isPartOf\":{\"@id\":\"https:\\\/\\\/miningspareparts.com\\\/#website\"},\"primaryImageOfPage\":{\"@id\":\"https:\\\/\\\/miningspareparts.com\\\/product\\\/shantui-janeoo-2000m-mixer-and-parts\\\/#primaryimage\"},\"image\":{\"@id\":\"https:\\\/\\\/miningspareparts.com\\\/product\\\/shantui-janeoo-2000m-mixer-and-parts\\\/#primaryimage\"},\"thumbnailUrl\":\"https:\\\/\\\/miningspareparts.com\\\/wp-content\\\/uploads\\\/2023\\\/12\\\/SHANTUI-Janeoo-2000M-concrete-mixer-and-parts.webp\",\"datePublished\":\"2023-12-27T08:24:43+00:00\",\"dateModified\":\"2024-01-16T08:16:00+00:00\",\"description\":\"Shantui Janeoo 2000M twin-shaft mixer blades, mixing arms and liners, original replacement with unrivaled wear resistance\",\"breadcrumb\":{\"@id\":\"https:\\\/\\\/miningspareparts.com\\\/product\\\/shantui-janeoo-2000m-mixer-and-parts\\\/#breadcrumb\"},\"inLanguage\":\"es\",\"potentialAction\":[{\"@type\":\"ReadAction\",\"target\":[\"https:\\\/\\\/miningspareparts.com\\\/product\\\/shantui-janeoo-2000m-mixer-and-parts\\\/\"]}]},{\"@type\":\"ImageObject\",\"inLanguage\":\"es\",\"@id\":\"https:\\\/\\\/miningspareparts.com\\\/product\\\/shantui-janeoo-2000m-mixer-and-parts\\\/#primaryimage\",\"url\":\"https:\\\/\\\/miningspareparts.com\\\/wp-content\\\/uploads\\\/2023\\\/12\\\/SHANTUI-Janeoo-2000M-concrete-mixer-and-parts.webp\",\"contentUrl\":\"https:\\\/\\\/miningspareparts.com\\\/wp-content\\\/uploads\\\/2023\\\/12\\\/SHANTUI-Janeoo-2000M-concrete-mixer-and-parts.webp\",\"width\":1082,\"height\":656,\"caption\":\"SHANTUI Janeoo 2000M concrete mixer\"},{\"@type\":\"BreadcrumbList\",\"@id\":\"https:\\\/\\\/miningspareparts.com\\\/product\\\/shantui-janeoo-2000m-mixer-and-parts\\\/#breadcrumb\",\"itemListElement\":[{\"@type\":\"ListItem\",\"position\":1,\"name\":\"Home\",\"item\":\"https:\\\/\\\/miningspareparts.com\\\/\"},{\"@type\":\"ListItem\",\"position\":2,\"name\":\"Premium Mining Wear And Spare Parts\",\"item\":\"https:\\\/\\\/miningspareparts.com\\\/shop\\\/\"},{\"@type\":\"ListItem\",\"position\":3,\"name\":\"SHANTUI Janeoo 2000M Mixer And Parts\"}]},{\"@type\":\"WebSite\",\"@id\":\"https:\\\/\\\/miningspareparts.com\\\/#website\",\"url\":\"https:\\\/\\\/miningspareparts.com\\\/\",\"name\":\"Crusher parts , Concrete Mixer Parts, Slurry Pump Parts, Mining Spares\",\"description\":\"Mining Wear &amp; Spare Parts Supplier\",\"publisher\":{\"@id\":\"https:\\\/\\\/miningspareparts.com\\\/#organization\"},\"potentialAction\":[{\"@type\":\"SearchAction\",\"target\":{\"@type\":\"EntryPoint\",\"urlTemplate\":\"https:\\\/\\\/miningspareparts.com\\\/?s={search_term_string}\"},\"query-input\":{\"@type\":\"PropertyValueSpecification\",\"valueRequired\":true,\"valueName\":\"search_term_string\"}}],\"inLanguage\":\"es\"},{\"@type\":\"Organization\",\"@id\":\"https:\\\/\\\/miningspareparts.com\\\/#organization\",\"name\":\"Crusher parts , Concrete Mixer Parts, Slurry Pump Parts, Mining Spares\",\"url\":\"https:\\\/\\\/miningspareparts.com\\\/\",\"logo\":{\"@type\":\"ImageObject\",\"inLanguage\":\"es\",\"@id\":\"https:\\\/\\\/miningspareparts.com\\\/#\\\/schema\\\/logo\\\/image\\\/\",\"url\":\"https:\\\/\\\/miningspareparts.com\\\/wp-content\\\/uploads\\\/2025\\\/04\\\/cropped-cropped-logo\u6b63\u65b9\u5f62.png\",\"contentUrl\":\"https:\\\/\\\/miningspareparts.com\\\/wp-content\\\/uploads\\\/2025\\\/04\\\/cropped-cropped-logo\u6b63\u65b9\u5f62.png\",\"width\":511,\"height\":171,\"caption\":\"Crusher parts , Concrete Mixer Parts, Slurry Pump Parts, Mining Spares\"},\"image\":{\"@id\":\"https:\\\/\\\/miningspareparts.com\\\/#\\\/schema\\\/logo\\\/image\\\/\"}}]}<\/script>\n<!-- \/ Yoast SEO plugin. -->","yoast_head_json":{"title":"SHANTUI Janeoo 2000M Mixer And Parts - Crusher parts, Slurry Pump Parts, Excavator shovel parts","description":"Shantui Janeoo 2000M twin-shaft mixer blades, mixing arms and liners, original replacement with unrivaled wear resistance","robots":{"index":"index","follow":"follow","max-snippet":"max-snippet:-1","max-image-preview":"max-image-preview:large","max-video-preview":"max-video-preview:-1"},"canonical":"https:\/\/miningspareparts.com\/es\/producto\/shantui-janeoo-2000m-mixer-and-parts\/","og_locale":"es_MX","og_type":"article","og_title":"SHANTUI Janeoo 2000M Mixer And Parts - Crusher parts, Slurry Pump Parts, Excavator shovel parts","og_description":"Shantui Janeoo 2000M twin-shaft mixer blades, mixing arms and liners, original replacement with unrivaled wear resistance","og_url":"https:\/\/miningspareparts.com\/es\/producto\/shantui-janeoo-2000m-mixer-and-parts\/","og_site_name":"Crusher parts, Slurry Pump Parts, Excavator shovel parts","article_modified_time":"2024-01-16T08:16:00+00:00","og_image":[{"width":1082,"height":656,"url":"https:\/\/miningspareparts.com\/wp-content\/uploads\/2023\/12\/SHANTUI-Janeoo-2000M-concrete-mixer-and-parts.webp","type":"image\/webp"}],"twitter_card":"summary_large_image","twitter_misc":{"Tiempo de lectura":"3 minutos"},"schema":{"@context":"https:\/\/schema.org","@graph":[{"@type":"WebPage","@id":"https:\/\/miningspareparts.com\/product\/shantui-janeoo-2000m-mixer-and-parts\/","url":"https:\/\/miningspareparts.com\/product\/shantui-janeoo-2000m-mixer-and-parts\/","name":"SHANTUI Janeoo 2000M Mixer And Parts - Crusher parts, Slurry Pump Parts, Excavator shovel parts","isPartOf":{"@id":"https:\/\/miningspareparts.com\/#website"},"primaryImageOfPage":{"@id":"https:\/\/miningspareparts.com\/product\/shantui-janeoo-2000m-mixer-and-parts\/#primaryimage"},"image":{"@id":"https:\/\/miningspareparts.com\/product\/shantui-janeoo-2000m-mixer-and-parts\/#primaryimage"},"thumbnailUrl":"https:\/\/miningspareparts.com\/wp-content\/uploads\/2023\/12\/SHANTUI-Janeoo-2000M-concrete-mixer-and-parts.webp","datePublished":"2023-12-27T08:24:43+00:00","dateModified":"2024-01-16T08:16:00+00:00","description":"Shantui Janeoo 2000M twin-shaft mixer blades, mixing arms and liners, original replacement with unrivaled wear resistance","breadcrumb":{"@id":"https:\/\/miningspareparts.com\/product\/shantui-janeoo-2000m-mixer-and-parts\/#breadcrumb"},"inLanguage":"es","potentialAction":[{"@type":"ReadAction","target":["https:\/\/miningspareparts.com\/product\/shantui-janeoo-2000m-mixer-and-parts\/"]}]},{"@type":"ImageObject","inLanguage":"es","@id":"https:\/\/miningspareparts.com\/product\/shantui-janeoo-2000m-mixer-and-parts\/#primaryimage","url":"https:\/\/miningspareparts.com\/wp-content\/uploads\/2023\/12\/SHANTUI-Janeoo-2000M-concrete-mixer-and-parts.webp","contentUrl":"https:\/\/miningspareparts.com\/wp-content\/uploads\/2023\/12\/SHANTUI-Janeoo-2000M-concrete-mixer-and-parts.webp","width":1082,"height":656,"caption":"SHANTUI Janeoo 2000M concrete mixer"},{"@type":"BreadcrumbList","@id":"https:\/\/miningspareparts.com\/product\/shantui-janeoo-2000m-mixer-and-parts\/#breadcrumb","itemListElement":[{"@type":"ListItem","position":1,"name":"Home","item":"https:\/\/miningspareparts.com\/"},{"@type":"ListItem","position":2,"name":"Premium Mining Wear And Spare Parts","item":"https:\/\/miningspareparts.com\/shop\/"},{"@type":"ListItem","position":3,"name":"SHANTUI Janeoo 2000M Mixer And Parts"}]},{"@type":"WebSite","@id":"https:\/\/miningspareparts.com\/#website","url":"https:\/\/miningspareparts.com\/","name":"Crusher parts , Concrete Mixer Parts, Slurry Pump Parts, Mining Spares","description":"Mining Wear &amp; Spare Parts Supplier","publisher":{"@id":"https:\/\/miningspareparts.com\/#organization"},"potentialAction":[{"@type":"SearchAction","target":{"@type":"EntryPoint","urlTemplate":"https:\/\/miningspareparts.com\/?s={search_term_string}"},"query-input":{"@type":"PropertyValueSpecification","valueRequired":true,"valueName":"search_term_string"}}],"inLanguage":"es"},{"@type":"Organization","@id":"https:\/\/miningspareparts.com\/#organization","name":"Crusher parts , Concrete Mixer Parts, Slurry Pump Parts, Mining Spares","url":"https:\/\/miningspareparts.com\/","logo":{"@type":"ImageObject","inLanguage":"es","@id":"https:\/\/miningspareparts.com\/#\/schema\/logo\/image\/","url":"https:\/\/miningspareparts.com\/wp-content\/uploads\/2025\/04\/cropped-cropped-logo\u6b63\u65b9\u5f62.png","contentUrl":"https:\/\/miningspareparts.com\/wp-content\/uploads\/2025\/04\/cropped-cropped-logo\u6b63\u65b9\u5f62.png","width":511,"height":171,"caption":"Crusher parts , Concrete Mixer Parts, Slurry Pump Parts, Mining Spares"},"image":{"@id":"https:\/\/miningspareparts.com\/#\/schema\/logo\/image\/"}}]}},"uagb_featured_image_src":{"full":["https:\/\/miningspareparts.com\/wp-content\/uploads\/2023\/12\/SHANTUI-Janeoo-2000M-concrete-mixer-and-parts.webp",1082,656,false],"thumbnail":["https:\/\/miningspareparts.com\/wp-content\/uploads\/2023\/12\/SHANTUI-Janeoo-2000M-concrete-mixer-and-parts-150x150.webp",150,150,true],"medium":["https:\/\/miningspareparts.com\/wp-content\/uploads\/2023\/12\/SHANTUI-Janeoo-2000M-concrete-mixer-and-parts-300x182.webp",300,182,true],"medium_large":["https:\/\/miningspareparts.com\/wp-content\/uploads\/2023\/12\/SHANTUI-Janeoo-2000M-concrete-mixer-and-parts-768x466.webp",768,466,true],"large":["https:\/\/miningspareparts.com\/wp-content\/uploads\/2023\/12\/SHANTUI-Janeoo-2000M-concrete-mixer-and-parts-1024x621.webp",1024,621,true],"1536x1536":["https:\/\/miningspareparts.com\/wp-content\/uploads\/2023\/12\/SHANTUI-Janeoo-2000M-concrete-mixer-and-parts.webp",1082,656,false],"2048x2048":["https:\/\/miningspareparts.com\/wp-content\/uploads\/2023\/12\/SHANTUI-Janeoo-2000M-concrete-mixer-and-parts.webp",1082,656,false],"trp-custom-language-flag":["https:\/\/miningspareparts.com\/wp-content\/uploads\/2023\/12\/SHANTUI-Janeoo-2000M-concrete-mixer-and-parts.webp",18,12,false],"woocommerce_thumbnail":["https:\/\/miningspareparts.com\/wp-content\/uploads\/2023\/12\/SHANTUI-Janeoo-2000M-concrete-mixer-and-parts-300x300.webp",300,300,true],"woocommerce_single":["https:\/\/miningspareparts.com\/wp-content\/uploads\/2023\/12\/SHANTUI-Janeoo-2000M-concrete-mixer-and-parts-600x364.webp",600,364,true],"woocommerce_gallery_thumbnail":["https:\/\/miningspareparts.com\/wp-content\/uploads\/2023\/12\/SHANTUI-Janeoo-2000M-concrete-mixer-and-parts-100x100.webp",100,100,true]},"uagb_author_info":{"display_name":"Miningspareparts","author_link":"https:\/\/miningspareparts.com\/es\/author\/"},"uagb_comment_info":0,"uagb_excerpt":"Models:SHANTUI Janeoo 2000M","_links":{"self":[{"href":"https:\/\/miningspareparts.com\/es\/wp-json\/wp\/v2\/product\/1851","targetHints":{"allow":["GET"]}}],"collection":[{"href":"https:\/\/miningspareparts.com\/es\/wp-json\/wp\/v2\/product"}],"about":[{"href":"https:\/\/miningspareparts.com\/es\/wp-json\/wp\/v2\/types\/product"}],"wp:featuredmedia":[{"embeddable":true,"href":"https:\/\/miningspareparts.com\/es\/wp-json\/wp\/v2\/media\/2419"}],"wp:attachment":[{"href":"https:\/\/miningspareparts.com\/es\/wp-json\/wp\/v2\/media?parent=1851"}],"wp:term":[{"taxonomy":"product_brand","embeddable":true,"href":"https:\/\/miningspareparts.com\/es\/wp-json\/wp\/v2\/product_brand?post=1851"},{"taxonomy":"product_cat","embeddable":true,"href":"https:\/\/miningspareparts.com\/es\/wp-json\/wp\/v2\/product_cat?post=1851"},{"taxonomy":"product_tag","embeddable":true,"href":"https:\/\/miningspareparts.com\/es\/wp-json\/wp\/v2\/product_tag?post=1851"}],"curies":[{"name":"wp","href":"https:\/\/api.w.org\/{rel}","templated":true}]}}