{"id":1852,"date":"2023-12-27T08:26:10","date_gmt":"2023-12-27T08:26:10","guid":{"rendered":"https:\/\/miningspareparts.com\/?post_type=product&#038;p=1852"},"modified":"2024-01-16T08:15:40","modified_gmt":"2024-01-16T08:15:40","slug":"shantui-janeoo-1000a-mixer-and-parts","status":"publish","type":"product","link":"https:\/\/miningspareparts.com\/es\/producto\/shantui-janeoo-1000a-mixer-and-parts\/","title":{"rendered":"SHANTUI Janeoo 1000A Mezclador Y Piezas"},"content":{"rendered":"<p><strong>He aqu\u00ed una descripci\u00f3n de SHANTUI Janeoo 1000A Mixer And Parts<\/strong><\/p>\n<table width=\"100%\">\n<tbody>\n<tr>\n<td width=\"8%\">NO.<\/td>\n<td width=\"17%\">Especificaci\u00f3n<\/td>\n<td width=\"8%\">Cantidad<\/td>\n<td width=\"8%\">Unidad.<\/td>\n<td width=\"16%\">Peso unitario (Kg)<\/td>\n<td width=\"21%\">Peso total (Kg)<\/td>\n<td width=\"17%\">Observaciones<\/td>\n<\/tr>\n<tr>\n<td width=\"8%\">1<\/td>\n<td width=\"17%\">Brazo central<\/td>\n<td width=\"8%\">12<\/td>\n<td width=\"8%\">Pcs<\/td>\n<td width=\"16%\">25<\/td>\n<td width=\"21%\">300<\/td>\n<td width=\"17%\"><\/td>\n<\/tr>\n<tr>\n<td width=\"8%\">2<\/td>\n<td width=\"17%\">Asiento central<\/td>\n<td width=\"8%\">12<\/td>\n<td width=\"8%\">Pcs<\/td>\n<td width=\"16%\">12.2<\/td>\n<td width=\"21%\">146.4<\/td>\n<td width=\"17%\"><\/td>\n<\/tr>\n<tr>\n<td width=\"8%\">3<\/td>\n<td width=\"17%\">Brazo lateral<\/td>\n<td width=\"8%\">4<\/td>\n<td width=\"8%\">Pcs<\/td>\n<td width=\"16%\">25<\/td>\n<td width=\"21%\">100<\/td>\n<td width=\"17%\"><\/td>\n<\/tr>\n<tr>\n<td width=\"8%\">4<\/td>\n<td width=\"17%\">Asiento lateral<\/td>\n<td width=\"8%\">4<\/td>\n<td width=\"8%\">Pcs<\/td>\n<td width=\"16%\">12.2<\/td>\n<td width=\"21%\">48.8<\/td>\n<td width=\"17%\"><\/td>\n<\/tr>\n<tr>\n<td width=\"8%\">5<\/td>\n<td width=\"17%\">Cuchilla central<\/td>\n<td width=\"8%\">12<\/td>\n<td width=\"8%\">Pcs<\/td>\n<td width=\"16%\">8.5<\/td>\n<td width=\"21%\">102<\/td>\n<td width=\"17%\">\u6b6310\u53cd2<\/td>\n<\/tr>\n<tr>\n<td width=\"8%\">6<\/td>\n<td width=\"17%\">Cuchilla lateral<\/td>\n<td width=\"8%\">4<\/td>\n<td width=\"8%\">Pcs<\/td>\n<td width=\"16%\">11.9<\/td>\n<td width=\"21%\">47.6<\/td>\n<td width=\"17%\">\u54042<\/td>\n<\/tr>\n<tr>\n<td width=\"8%\">7<\/td>\n<td width=\"17%\">Revestimiento del arco<\/td>\n<td width=\"8%\">98<\/td>\n<td width=\"8%\">Pcs<\/td>\n<td width=\"16%\">3.6<\/td>\n<td width=\"21%\">352.8<\/td>\n<td width=\"17%\"><\/td>\n<\/tr>\n<tr>\n<td width=\"8%\">8<\/td>\n<td width=\"17%\">Forro bucal<\/td>\n<td width=\"8%\">14<\/td>\n<td width=\"8%\">Pcs<\/td>\n<td width=\"16%\">4.8<\/td>\n<td width=\"21%\">67.2<\/td>\n<td width=\"17%\"><\/td>\n<\/tr>\n<tr>\n<td width=\"8%\">9<\/td>\n<td width=\"17%\">Forro final en forma de abanico<\/td>\n<td width=\"8%\">16<\/td>\n<td width=\"8%\">Pcs<\/td>\n<td width=\"16%\">13.6<\/td>\n<td width=\"21%\">217.6<\/td>\n<td width=\"17%\"><\/td>\n<\/tr>\n<tr>\n<td width=\"8%\">10<\/td>\n<td width=\"17%\">Forro<\/td>\n<td width=\"8%\">8<\/td>\n<td width=\"8%\">Pcs<\/td>\n<td width=\"16%\">9<\/td>\n<td width=\"21%\">72<\/td>\n<td width=\"17%\">\u54044<\/td>\n<\/tr>\n<tr>\n<td width=\"8%\">total<\/td>\n<td width=\"17%\"><\/td>\n<td width=\"8%\">184<\/td>\n<td width=\"8%\"><\/td>\n<td width=\"16%\"><\/td>\n<td width=\"21%\">1454.4<\/td>\n<td width=\"17%\"><\/td>\n<\/tr>\n<\/tbody>\n<\/table>\n<p><img fetchpriority=\"high\" decoding=\"async\" class=\"wp-image-3550 alignleft\" src=\"https:\/\/miningspareparts.com\/wp-content\/uploads\/2024\/01\/Mixer-And-Wear-Parts1-239x300.webp\" alt=\"\" width=\"498\" height=\"625\" srcset=\"https:\/\/miningspareparts.com\/wp-content\/uploads\/2024\/01\/Mixer-And-Wear-Parts1-239x300.webp 239w, https:\/\/miningspareparts.com\/wp-content\/uploads\/2024\/01\/Mixer-And-Wear-Parts1-817x1024.webp 817w, https:\/\/miningspareparts.com\/wp-content\/uploads\/2024\/01\/Mixer-And-Wear-Parts1-768x963.webp 768w, https:\/\/miningspareparts.com\/wp-content\/uploads\/2024\/01\/Mixer-And-Wear-Parts1-1226x1536.webp 1226w, https:\/\/miningspareparts.com\/wp-content\/uploads\/2024\/01\/Mixer-And-Wear-Parts1-1634x2048.webp 1634w, https:\/\/miningspareparts.com\/wp-content\/uploads\/2024\/01\/Mixer-And-Wear-Parts1-600x752.webp 600w, https:\/\/miningspareparts.com\/wp-content\/uploads\/2024\/01\/Mixer-And-Wear-Parts1.webp 2037w\" sizes=\"(max-width: 498px) 100vw, 498px\" \/><span style=\"font-size: 16px\">\u00a0<\/span><img decoding=\"async\" class=\"wp-image-3551 alignnone\" style=\"font-weight: inherit\" src=\"https:\/\/miningspareparts.com\/wp-content\/uploads\/2024\/01\/Mixer-And-Wear-Parts2-210x300.webp\" alt=\"\" width=\"454\" height=\"649\" srcset=\"https:\/\/miningspareparts.com\/wp-content\/uploads\/2024\/01\/Mixer-And-Wear-Parts2-210x300.webp 210w, https:\/\/miningspareparts.com\/wp-content\/uploads\/2024\/01\/Mixer-And-Wear-Parts2-600x856.webp 600w\" sizes=\"(max-width: 454px) 100vw, 454px\" \/><\/p>\n<p>En el \u00e1mbito de la mezcla de hormig\u00f3n, la precisi\u00f3n y la longevidad son primordiales, y nuestras palas mezcladoras de doble eje, brazos mezcladores y revestimientos SHANTUI Janeoo 1000A son el ep\u00edtome de la excelencia. Como fabricante distinguido, nos enorgullecemos de ofrecer componentes de repuesto originales que trascienden los est\u00e1ndares de la industria.<\/p>\n<p>Sustituci\u00f3n original Significado:<br \/>\nNuestro compromiso con las piezas de repuesto originales subraya nuestra dedicaci\u00f3n a la calidad y funcionalidad. Los componentes de la mezcladora SHANTUI Janeoo 1000A est\u00e1n meticulosamente fabricados para encajar y funcionar con precisi\u00f3n en la mezcladora, garantizando un funcionamiento perfecto y un rendimiento \u00f3ptimo. El uso de recambios originales salvaguarda la eficiencia de la mezcladora, proporcionando una experiencia de mezclado fiable y consistente.<\/p>\n<p>Garant\u00eda de posventa:<br \/>\nAunque la originalidad es primordial, tambi\u00e9n entendemos la necesidad de flexibilidad. Nuestros componentes de posventa mantienen los mismos altos est\u00e1ndares que nuestras piezas originales. Dise\u00f1ados teniendo en cuenta la compatibilidad y la durabilidad, estos productos ofrecen una excelente alternativa sin comprometer el rendimiento. Los clientes pueden confiar en la fiabilidad de nuestras soluciones posventa, que garantizan la funcionalidad continua de la mezcladora.<\/p>\n<p>Excelencia duradera:<br \/>\nLa durabilidad es el n\u00facleo de nuestra filosof\u00eda de dise\u00f1o. Las palas, brazos mezcladores y revestimientos de la mezcladora SHANTUI Janeoo 1000A est\u00e1n dise\u00f1ados para soportar los rigores de las aplicaciones de mezclado de hormig\u00f3n. Los materiales utilizados aseguran la resistencia al desgaste, corrosi\u00f3n y condiciones extremas, garantizando una prolongada vida \u00fatil. Esta durabilidad se traduce en un menor tiempo de inactividad, menores costes de mantenimiento y una mayor eficiencia general.<\/p>\n<p>Artesan\u00eda y experiencia:<br \/>\nNuestro proceso de fabricaci\u00f3n incorpora t\u00e9cnicas avanzadas y tecnolog\u00eda punta. La precisi\u00f3n en la fabricaci\u00f3n de cada componente refleja nuestro compromiso inquebrantable con la excelencia. La experiencia de nuestros cualificados ingenieros y t\u00e9cnicos garantiza que cada cuchilla, brazo mezclador y camisa cumpla las estrictas normas de calidad establecidas por nuestra empresa.<\/p>\n<p>Garant\u00eda del cliente:<br \/>\nElegir los componentes de la mezcladora de doble eje SHANTUI Janeoo 1000A significa un compromiso con la fiabilidad y la longevidad. Damos prioridad a la satisfacci\u00f3n del cliente mediante la entrega de productos que superan las expectativas. Nuestro amplio conocimiento de la industria de la mezcla de hormig\u00f3n nos permite atender a las necesidades \u00fanicas de nuestros clientes, proporcion\u00e1ndoles soluciones que elevan sus procesos de mezcla.<\/p>\n<p>En conclusi\u00f3n, nuestras palas mezcladoras de doble eje, brazos mezcladores y revestimientos SHANTUI Janeoo 1000A encarnan la trifecta de la originalidad, la adaptabilidad al mercado de accesorios y la excelencia duradera. Eleve su experiencia de mezclado de hormig\u00f3n con componentes que son un testimonio de nuestra dedicaci\u00f3n a la innovaci\u00f3n y la calidad.<\/p>","protected":false},"excerpt":{"rendered":"<p>Modelos:SHANTUI Janeoo 1000A<\/p>","protected":false},"featured_media":1866,"template":"","meta":{"_uag_custom_page_level_css":"","site-sidebar-layout":"default","site-content-layout":"","ast-site-content-layout":"default","site-content-style":"default","site-sidebar-style":"default","ast-global-header-display":"","ast-banner-title-visibility":"","ast-main-header-display":"","ast-hfb-above-header-display":"","ast-hfb-below-header-display":"","ast-hfb-mobile-header-display":"","site-post-title":"","ast-breadcrumbs-content":"","ast-featured-img":"","footer-sml-layout":"","ast-disable-related-posts":"","theme-transparent-header-meta":"default","adv-header-id-meta":"","stick-header-meta":"default","header-above-stick-meta":"","header-main-stick-meta":"","header-below-stick-meta":"","astra-migrate-meta-layouts":"set","ast-page-background-enabled":"default","ast-page-background-meta":{"desktop":{"background-color":"var(--ast-global-color-4)","background-image":"","background-repeat":"repeat","background-position":"center center","background-size":"auto","background-attachment":"scroll","background-type":"","background-media":"","overlay-type":"","overlay-color":"","overlay-opacity":"","overlay-gradient":""},"tablet":{"background-color":"","background-image":"","background-repeat":"repeat","background-position":"center center","background-size":"auto","background-attachment":"scroll","background-type":"","background-media":"","overlay-type":"","overlay-color":"","overlay-opacity":"","overlay-gradient":""},"mobile":{"background-color":"","background-image":"","background-repeat":"repeat","background-position":"center center","background-size":"auto","background-attachment":"scroll","background-type":"","background-media":"","overlay-type":"","overlay-color":"","overlay-opacity":"","overlay-gradient":""}},"ast-content-background-meta":{"desktop":{"background-color":"var(--ast-global-color-5)","background-image":"","background-repeat":"repeat","background-position":"center center","background-size":"auto","background-attachment":"scroll","background-type":"","background-media":"","overlay-type":"","overlay-color":"","overlay-opacity":"","overlay-gradient":""},"tablet":{"background-color":"var(--ast-global-color-5)","background-image":"","background-repeat":"repeat","background-position":"center center","background-size":"auto","background-attachment":"scroll","background-type":"","background-media":"","overlay-type":"","overlay-color":"","overlay-opacity":"","overlay-gradient":""},"mobile":{"background-color":"var(--ast-global-color-5)","background-image":"","background-repeat":"repeat","background-position":"center center","background-size":"auto","background-attachment":"scroll","background-type":"","background-media":"","overlay-type":"","overlay-color":"","overlay-opacity":"","overlay-gradient":""}}},"product_brand":[],"product_cat":[289,77],"product_tag":[268,288,269],"class_list":{"0":"post-1852","1":"product","2":"type-product","3":"status-publish","4":"has-post-thumbnail","6":"product_cat-other-concrete-mixer-parts","7":"product_cat-concrete-mixer-parts","8":"product_tag-blade","9":"product_tag-concrete-mixer","10":"product_tag-mixing-arm","11":"desktop-align-left","12":"tablet-align-left","13":"mobile-align-left","14":"ast-product-gallery-layout-horizontal-slider","15":"ast-product-gallery-with-no-image","16":"ast-product-single-variable","17":"ast-product-tabs-layout-horizontal","19":"first","20":"instock","21":"shipping-taxable","22":"purchasable","23":"product-type-variable"},"yoast_head":"<!-- This site is optimized with the Yoast SEO plugin v27.4 - https:\/\/yoast.com\/product\/yoast-seo-wordpress\/ -->\n<title>SHANTUI Janeoo 1000A Mixer And Parts- Crusher parts, Slurry Pump Parts, Excavator shovel parts<\/title>\n<meta name=\"description\" content=\"SHANTUI Janeoo 1000A twin-shaft mixer blades, mixing arms and liners, original replacement parts designed for wear resistance, ensuring extended efficiency\" \/>\n<meta name=\"robots\" content=\"index, follow, max-snippet:-1, max-image-preview:large, max-video-preview:-1\" \/>\n<link rel=\"canonical\" href=\"https:\/\/miningspareparts.com\/es\/producto\/shantui-janeoo-1000a-mixer-and-parts\/\" \/>\n<meta property=\"og:locale\" content=\"es_MX\" \/>\n<meta property=\"og:type\" content=\"article\" \/>\n<meta property=\"og:title\" content=\"SHANTUI Janeoo 1000A Mixer And Parts- Crusher parts, Slurry Pump Parts, Excavator shovel parts\" \/>\n<meta property=\"og:description\" content=\"SHANTUI Janeoo 1000A twin-shaft mixer blades, mixing arms and liners, original replacement parts designed for wear resistance, ensuring extended efficiency\" \/>\n<meta property=\"og:url\" content=\"https:\/\/miningspareparts.com\/es\/producto\/shantui-janeoo-1000a-mixer-and-parts\/\" \/>\n<meta property=\"og:site_name\" content=\"Crusher parts, Slurry Pump Parts, Excavator shovel parts\" \/>\n<meta property=\"article:modified_time\" content=\"2024-01-16T08:15:40+00:00\" \/>\n<meta property=\"og:image\" content=\"https:\/\/miningspareparts.com\/wp-content\/uploads\/2023\/12\/\u5efa\u673a1000A.webp\" \/>\n\t<meta property=\"og:image:width\" content=\"350\" \/>\n\t<meta property=\"og:image:height\" content=\"350\" \/>\n\t<meta property=\"og:image:type\" content=\"image\/webp\" \/>\n<meta name=\"twitter:card\" content=\"summary_large_image\" \/>\n<meta name=\"twitter:label1\" content=\"Tiempo de lectura\" \/>\n\t<meta name=\"twitter:data1\" content=\"3 minutos\" \/>\n<script type=\"application\/ld+json\" class=\"yoast-schema-graph\">{\"@context\":\"https:\\\/\\\/schema.org\",\"@graph\":[{\"@type\":\"WebPage\",\"@id\":\"https:\\\/\\\/miningspareparts.com\\\/product\\\/shantui-janeoo-1000a-mixer-and-parts\\\/\",\"url\":\"https:\\\/\\\/miningspareparts.com\\\/product\\\/shantui-janeoo-1000a-mixer-and-parts\\\/\",\"name\":\"SHANTUI Janeoo 1000A Mixer And Parts- Crusher parts, Slurry Pump Parts, Excavator shovel parts\",\"isPartOf\":{\"@id\":\"https:\\\/\\\/miningspareparts.com\\\/#website\"},\"primaryImageOfPage\":{\"@id\":\"https:\\\/\\\/miningspareparts.com\\\/product\\\/shantui-janeoo-1000a-mixer-and-parts\\\/#primaryimage\"},\"image\":{\"@id\":\"https:\\\/\\\/miningspareparts.com\\\/product\\\/shantui-janeoo-1000a-mixer-and-parts\\\/#primaryimage\"},\"thumbnailUrl\":\"https:\\\/\\\/miningspareparts.com\\\/wp-content\\\/uploads\\\/2023\\\/12\\\/\u5efa\u673a1000A.webp\",\"datePublished\":\"2023-12-27T08:26:10+00:00\",\"dateModified\":\"2024-01-16T08:15:40+00:00\",\"description\":\"SHANTUI Janeoo 1000A twin-shaft mixer blades, mixing arms and liners, original replacement parts designed for wear resistance, ensuring extended efficiency\",\"breadcrumb\":{\"@id\":\"https:\\\/\\\/miningspareparts.com\\\/product\\\/shantui-janeoo-1000a-mixer-and-parts\\\/#breadcrumb\"},\"inLanguage\":\"es\",\"potentialAction\":[{\"@type\":\"ReadAction\",\"target\":[\"https:\\\/\\\/miningspareparts.com\\\/product\\\/shantui-janeoo-1000a-mixer-and-parts\\\/\"]}]},{\"@type\":\"ImageObject\",\"inLanguage\":\"es\",\"@id\":\"https:\\\/\\\/miningspareparts.com\\\/product\\\/shantui-janeoo-1000a-mixer-and-parts\\\/#primaryimage\",\"url\":\"https:\\\/\\\/miningspareparts.com\\\/wp-content\\\/uploads\\\/2023\\\/12\\\/\u5efa\u673a1000A.webp\",\"contentUrl\":\"https:\\\/\\\/miningspareparts.com\\\/wp-content\\\/uploads\\\/2023\\\/12\\\/\u5efa\u673a1000A.webp\",\"width\":350,\"height\":350,\"caption\":\"shantui janeoo 1000a concrete mixer\"},{\"@type\":\"BreadcrumbList\",\"@id\":\"https:\\\/\\\/miningspareparts.com\\\/product\\\/shantui-janeoo-1000a-mixer-and-parts\\\/#breadcrumb\",\"itemListElement\":[{\"@type\":\"ListItem\",\"position\":1,\"name\":\"Home\",\"item\":\"https:\\\/\\\/miningspareparts.com\\\/\"},{\"@type\":\"ListItem\",\"position\":2,\"name\":\"Premium Mining Wear And Spare Parts\",\"item\":\"https:\\\/\\\/miningspareparts.com\\\/shop\\\/\"},{\"@type\":\"ListItem\",\"position\":3,\"name\":\"SHANTUI Janeoo 1000A Mixer And Parts\"}]},{\"@type\":\"WebSite\",\"@id\":\"https:\\\/\\\/miningspareparts.com\\\/#website\",\"url\":\"https:\\\/\\\/miningspareparts.com\\\/\",\"name\":\"Crusher parts , Concrete Mixer Parts, Slurry Pump Parts, Mining Spares\",\"description\":\"Mining Wear &amp; Spare Parts Supplier\",\"publisher\":{\"@id\":\"https:\\\/\\\/miningspareparts.com\\\/#organization\"},\"potentialAction\":[{\"@type\":\"SearchAction\",\"target\":{\"@type\":\"EntryPoint\",\"urlTemplate\":\"https:\\\/\\\/miningspareparts.com\\\/?s={search_term_string}\"},\"query-input\":{\"@type\":\"PropertyValueSpecification\",\"valueRequired\":true,\"valueName\":\"search_term_string\"}}],\"inLanguage\":\"es\"},{\"@type\":\"Organization\",\"@id\":\"https:\\\/\\\/miningspareparts.com\\\/#organization\",\"name\":\"Crusher parts , Concrete Mixer Parts, Slurry Pump Parts, Mining Spares\",\"url\":\"https:\\\/\\\/miningspareparts.com\\\/\",\"logo\":{\"@type\":\"ImageObject\",\"inLanguage\":\"es\",\"@id\":\"https:\\\/\\\/miningspareparts.com\\\/#\\\/schema\\\/logo\\\/image\\\/\",\"url\":\"https:\\\/\\\/miningspareparts.com\\\/wp-content\\\/uploads\\\/2025\\\/04\\\/cropped-cropped-logo\u6b63\u65b9\u5f62.png\",\"contentUrl\":\"https:\\\/\\\/miningspareparts.com\\\/wp-content\\\/uploads\\\/2025\\\/04\\\/cropped-cropped-logo\u6b63\u65b9\u5f62.png\",\"width\":511,\"height\":171,\"caption\":\"Crusher parts , Concrete Mixer Parts, Slurry Pump Parts, Mining Spares\"},\"image\":{\"@id\":\"https:\\\/\\\/miningspareparts.com\\\/#\\\/schema\\\/logo\\\/image\\\/\"}}]}<\/script>\n<!-- \/ Yoast SEO plugin. -->","yoast_head_json":{"title":"SHANTUI Janeoo 1000A Mixer And Parts- Crusher parts, Slurry Pump Parts, Excavator shovel parts","description":"SHANTUI Janeoo 1000A twin-shaft mixer blades, mixing arms and liners, original replacement parts designed for wear resistance, ensuring extended efficiency","robots":{"index":"index","follow":"follow","max-snippet":"max-snippet:-1","max-image-preview":"max-image-preview:large","max-video-preview":"max-video-preview:-1"},"canonical":"https:\/\/miningspareparts.com\/es\/producto\/shantui-janeoo-1000a-mixer-and-parts\/","og_locale":"es_MX","og_type":"article","og_title":"SHANTUI Janeoo 1000A Mixer And Parts- Crusher parts, Slurry Pump Parts, Excavator shovel parts","og_description":"SHANTUI Janeoo 1000A twin-shaft mixer blades, mixing arms and liners, original replacement parts designed for wear resistance, ensuring extended efficiency","og_url":"https:\/\/miningspareparts.com\/es\/producto\/shantui-janeoo-1000a-mixer-and-parts\/","og_site_name":"Crusher parts, Slurry Pump Parts, Excavator shovel parts","article_modified_time":"2024-01-16T08:15:40+00:00","og_image":[{"width":350,"height":350,"url":"https:\/\/miningspareparts.com\/wp-content\/uploads\/2023\/12\/\u5efa\u673a1000A.webp","type":"image\/webp"}],"twitter_card":"summary_large_image","twitter_misc":{"Tiempo de lectura":"3 minutos"},"schema":{"@context":"https:\/\/schema.org","@graph":[{"@type":"WebPage","@id":"https:\/\/miningspareparts.com\/product\/shantui-janeoo-1000a-mixer-and-parts\/","url":"https:\/\/miningspareparts.com\/product\/shantui-janeoo-1000a-mixer-and-parts\/","name":"SHANTUI Janeoo 1000A Mixer And Parts- Crusher parts, Slurry Pump Parts, Excavator shovel parts","isPartOf":{"@id":"https:\/\/miningspareparts.com\/#website"},"primaryImageOfPage":{"@id":"https:\/\/miningspareparts.com\/product\/shantui-janeoo-1000a-mixer-and-parts\/#primaryimage"},"image":{"@id":"https:\/\/miningspareparts.com\/product\/shantui-janeoo-1000a-mixer-and-parts\/#primaryimage"},"thumbnailUrl":"https:\/\/miningspareparts.com\/wp-content\/uploads\/2023\/12\/\u5efa\u673a1000A.webp","datePublished":"2023-12-27T08:26:10+00:00","dateModified":"2024-01-16T08:15:40+00:00","description":"SHANTUI Janeoo 1000A twin-shaft mixer blades, mixing arms and liners, original replacement parts designed for wear resistance, ensuring extended efficiency","breadcrumb":{"@id":"https:\/\/miningspareparts.com\/product\/shantui-janeoo-1000a-mixer-and-parts\/#breadcrumb"},"inLanguage":"es","potentialAction":[{"@type":"ReadAction","target":["https:\/\/miningspareparts.com\/product\/shantui-janeoo-1000a-mixer-and-parts\/"]}]},{"@type":"ImageObject","inLanguage":"es","@id":"https:\/\/miningspareparts.com\/product\/shantui-janeoo-1000a-mixer-and-parts\/#primaryimage","url":"https:\/\/miningspareparts.com\/wp-content\/uploads\/2023\/12\/\u5efa\u673a1000A.webp","contentUrl":"https:\/\/miningspareparts.com\/wp-content\/uploads\/2023\/12\/\u5efa\u673a1000A.webp","width":350,"height":350,"caption":"shantui janeoo 1000a concrete mixer"},{"@type":"BreadcrumbList","@id":"https:\/\/miningspareparts.com\/product\/shantui-janeoo-1000a-mixer-and-parts\/#breadcrumb","itemListElement":[{"@type":"ListItem","position":1,"name":"Home","item":"https:\/\/miningspareparts.com\/"},{"@type":"ListItem","position":2,"name":"Premium Mining Wear And Spare Parts","item":"https:\/\/miningspareparts.com\/shop\/"},{"@type":"ListItem","position":3,"name":"SHANTUI Janeoo 1000A Mixer And Parts"}]},{"@type":"WebSite","@id":"https:\/\/miningspareparts.com\/#website","url":"https:\/\/miningspareparts.com\/","name":"Crusher parts , Concrete Mixer Parts, Slurry Pump Parts, Mining Spares","description":"Mining Wear &amp; Spare Parts Supplier","publisher":{"@id":"https:\/\/miningspareparts.com\/#organization"},"potentialAction":[{"@type":"SearchAction","target":{"@type":"EntryPoint","urlTemplate":"https:\/\/miningspareparts.com\/?s={search_term_string}"},"query-input":{"@type":"PropertyValueSpecification","valueRequired":true,"valueName":"search_term_string"}}],"inLanguage":"es"},{"@type":"Organization","@id":"https:\/\/miningspareparts.com\/#organization","name":"Crusher parts , Concrete Mixer Parts, Slurry Pump Parts, Mining Spares","url":"https:\/\/miningspareparts.com\/","logo":{"@type":"ImageObject","inLanguage":"es","@id":"https:\/\/miningspareparts.com\/#\/schema\/logo\/image\/","url":"https:\/\/miningspareparts.com\/wp-content\/uploads\/2025\/04\/cropped-cropped-logo\u6b63\u65b9\u5f62.png","contentUrl":"https:\/\/miningspareparts.com\/wp-content\/uploads\/2025\/04\/cropped-cropped-logo\u6b63\u65b9\u5f62.png","width":511,"height":171,"caption":"Crusher parts , Concrete Mixer Parts, Slurry Pump Parts, Mining Spares"},"image":{"@id":"https:\/\/miningspareparts.com\/#\/schema\/logo\/image\/"}}]}},"uagb_featured_image_src":{"full":["https:\/\/miningspareparts.com\/wp-content\/uploads\/2023\/12\/\u5efa\u673a1000A.webp",350,350,false],"thumbnail":["https:\/\/miningspareparts.com\/wp-content\/uploads\/2023\/12\/\u5efa\u673a1000A-150x150.webp",150,150,true],"medium":["https:\/\/miningspareparts.com\/wp-content\/uploads\/2023\/12\/\u5efa\u673a1000A-300x300.webp",300,300,true],"medium_large":["https:\/\/miningspareparts.com\/wp-content\/uploads\/2023\/12\/\u5efa\u673a1000A.webp",350,350,false],"large":["https:\/\/miningspareparts.com\/wp-content\/uploads\/2023\/12\/\u5efa\u673a1000A.webp",350,350,false],"1536x1536":["https:\/\/miningspareparts.com\/wp-content\/uploads\/2023\/12\/\u5efa\u673a1000A.webp",350,350,false],"2048x2048":["https:\/\/miningspareparts.com\/wp-content\/uploads\/2023\/12\/\u5efa\u673a1000A.webp",350,350,false],"trp-custom-language-flag":["https:\/\/miningspareparts.com\/wp-content\/uploads\/2023\/12\/\u5efa\u673a1000A.webp",12,12,false],"woocommerce_thumbnail":["https:\/\/miningspareparts.com\/wp-content\/uploads\/2023\/12\/\u5efa\u673a1000A-300x300.webp",300,300,true],"woocommerce_single":["https:\/\/miningspareparts.com\/wp-content\/uploads\/2023\/12\/\u5efa\u673a1000A.webp",350,350,false],"woocommerce_gallery_thumbnail":["https:\/\/miningspareparts.com\/wp-content\/uploads\/2023\/12\/\u5efa\u673a1000A-100x100.webp",100,100,true]},"uagb_author_info":{"display_name":"Miningspareparts","author_link":"https:\/\/miningspareparts.com\/es\/author\/"},"uagb_comment_info":0,"uagb_excerpt":"Models:SHANTUI Janeoo 1000A","_links":{"self":[{"href":"https:\/\/miningspareparts.com\/es\/wp-json\/wp\/v2\/product\/1852","targetHints":{"allow":["GET"]}}],"collection":[{"href":"https:\/\/miningspareparts.com\/es\/wp-json\/wp\/v2\/product"}],"about":[{"href":"https:\/\/miningspareparts.com\/es\/wp-json\/wp\/v2\/types\/product"}],"wp:featuredmedia":[{"embeddable":true,"href":"https:\/\/miningspareparts.com\/es\/wp-json\/wp\/v2\/media\/1866"}],"wp:attachment":[{"href":"https:\/\/miningspareparts.com\/es\/wp-json\/wp\/v2\/media?parent=1852"}],"wp:term":[{"taxonomy":"product_brand","embeddable":true,"href":"https:\/\/miningspareparts.com\/es\/wp-json\/wp\/v2\/product_brand?post=1852"},{"taxonomy":"product_cat","embeddable":true,"href":"https:\/\/miningspareparts.com\/es\/wp-json\/wp\/v2\/product_cat?post=1852"},{"taxonomy":"product_tag","embeddable":true,"href":"https:\/\/miningspareparts.com\/es\/wp-json\/wp\/v2\/product_tag?post=1852"}],"curies":[{"name":"wp","href":"https:\/\/api.w.org\/{rel}","templated":true}]}}