{"id":1874,"date":"2023-12-30T03:25:04","date_gmt":"2023-12-30T03:25:04","guid":{"rendered":"https:\/\/miningspareparts.com\/?post_type=product&#038;p=1874"},"modified":"2024-01-17T03:14:55","modified_gmt":"2024-01-17T03:14:55","slug":"nflg-3000d-mixer-and-parts","status":"publish","type":"product","link":"https:\/\/miningspareparts.com\/es\/producto\/nflg-3000d-mixer-and-parts\/","title":{"rendered":"Mezcladora NFLG 3000D y piezas"},"content":{"rendered":"<p><strong>He aqu\u00ed una descripci\u00f3n de NFLG 3000D Mixer And Parts<\/strong><\/p>\n<table>\n<tbody>\n<tr>\n<td width=\"36\">NO.<\/td>\n<td width=\"247\">Especificaci\u00f3n<\/td>\n<td width=\"143\">C\u00f3digo del art\u00edculo<\/td>\n<td width=\"40\">Cantidad<\/td>\n<td width=\"45\">Unidad.<\/td>\n<td width=\"65\">Peso unitario (Kg)<\/td>\n<td width=\"62\">Peso total (Kg)<\/td>\n<td width=\"78\">Observaciones<\/td>\n<\/tr>\n<tr>\n<td width=\"36\">1<\/td>\n<td width=\"247\">Brazo largo de alimentaci\u00f3n<\/td>\n<td width=\"143\">JS3000XD. 5. 2-2<\/td>\n<td width=\"40\">16<\/td>\n<td width=\"45\">Pcs<\/td>\n<td width=\"65\">46<\/td>\n<td width=\"62\">736<\/td>\n<td width=\"78\"><\/td>\n<\/tr>\n<tr>\n<td width=\"36\">2<\/td>\n<td width=\"247\">Brazo largo de retorno<\/td>\n<td width=\"143\">JS3000XD.5.5-2<\/td>\n<td width=\"40\">6<\/td>\n<td width=\"45\">Pcs<\/td>\n<td width=\"65\">46<\/td>\n<td width=\"62\">276<\/td>\n<td width=\"78\"><\/td>\n<\/tr>\n<tr>\n<td width=\"36\">3<\/td>\n<td width=\"247\">Brazo corto de alimentaci\u00f3n<\/td>\n<td width=\"143\">JS3000XD.5.1-2<\/td>\n<td width=\"40\">16<\/td>\n<td width=\"45\">Pcs<\/td>\n<td width=\"65\">26.5<\/td>\n<td width=\"62\">424<\/td>\n<td width=\"78\"><\/td>\n<\/tr>\n<tr>\n<td width=\"36\">4<\/td>\n<td width=\"247\">Brazo de retorno corto<\/td>\n<td width=\"143\">JS3000XD.5.6-2<\/td>\n<td width=\"40\">6<\/td>\n<td width=\"45\">Pcs<\/td>\n<td width=\"65\">26.5<\/td>\n<td width=\"62\">159<\/td>\n<td width=\"78\"><\/td>\n<\/tr>\n<tr>\n<td width=\"36\"><\/td>\n<td width=\"247\">Tornillo de cabeza cil\u00edndrica hexagonal M20*95 GB\/T 70.1<\/td>\n<td width=\"143\"><\/td>\n<td width=\"40\">88<\/td>\n<td width=\"45\">Pcs<\/td>\n<td width=\"65\"><\/td>\n<td width=\"62\"><\/td>\n<td width=\"78\"><\/td>\n<\/tr>\n<tr>\n<td width=\"36\">5<\/td>\n<td width=\"247\">Cuchilla de alimentaci\u00f3n (larga)<\/td>\n<td width=\"143\">JS3000XD.5.4-1<\/td>\n<td width=\"40\">14<\/td>\n<td width=\"45\">Pcs<\/td>\n<td width=\"65\">17.8<\/td>\n<td width=\"62\">249.2<\/td>\n<td width=\"78\"><\/td>\n<\/tr>\n<tr>\n<td width=\"36\">6<\/td>\n<td width=\"247\">Hoja de retorno (larga)<\/td>\n<td width=\"143\">JS3000XD.5.5-1<\/td>\n<td width=\"40\">4<\/td>\n<td width=\"45\">Pcs<\/td>\n<td width=\"65\">17.8<\/td>\n<td width=\"62\">71.2<\/td>\n<td width=\"78\"><\/td>\n<\/tr>\n<tr>\n<td width=\"36\">7<\/td>\n<td width=\"247\">Cuchilla de alimentaci\u00f3n (corta)<\/td>\n<td width=\"143\">JS3000XD.5.3-1<\/td>\n<td width=\"40\">14<\/td>\n<td width=\"45\">Pcs<\/td>\n<td width=\"65\">7.3<\/td>\n<td width=\"62\">102.2<\/td>\n<td width=\"78\"><\/td>\n<\/tr>\n<tr>\n<td width=\"36\">8<\/td>\n<td width=\"247\">Return Blade (Corto)<\/td>\n<td width=\"143\">JS3000XD.5.6-1<\/td>\n<td width=\"40\">4<\/td>\n<td width=\"45\">Pcs<\/td>\n<td width=\"65\">7.3<\/td>\n<td width=\"62\">29.2<\/td>\n<td width=\"78\"><\/td>\n<\/tr>\n<tr>\n<td width=\"36\">9<\/td>\n<td width=\"247\">Cuchilla de alimentaci\u00f3n lateral (larga)<\/td>\n<td width=\"143\">JS3000XD.5.2-1<\/td>\n<td width=\"40\">2<\/td>\n<td width=\"45\">Pcs<\/td>\n<td width=\"65\">22.4<\/td>\n<td width=\"62\">44.8<\/td>\n<td width=\"78\"><\/td>\n<\/tr>\n<tr>\n<td width=\"36\">10<\/td>\n<td width=\"247\">Hoja de retorno lateral (larga)<\/td>\n<td width=\"143\">JS3000XD.5.8-1<\/td>\n<td width=\"40\">2<\/td>\n<td width=\"45\">Pcs<\/td>\n<td width=\"65\">22.4<\/td>\n<td width=\"62\">44.8<\/td>\n<td width=\"78\"><\/td>\n<\/tr>\n<tr>\n<td width=\"36\">11<\/td>\n<td width=\"247\">Cuchilla de alimentaci\u00f3n lateral (corta)<\/td>\n<td width=\"143\">JS3000XD.5.1-1<\/td>\n<td width=\"40\">2<\/td>\n<td width=\"45\">Pcs<\/td>\n<td width=\"65\">8.8<\/td>\n<td width=\"62\">17.6<\/td>\n<td width=\"78\"><\/td>\n<\/tr>\n<tr>\n<td width=\"36\">12<\/td>\n<td width=\"247\">Hoja de retorno lateral (corta)<\/td>\n<td width=\"143\">JS3000XD.5.7-1<\/td>\n<td width=\"40\">2<\/td>\n<td width=\"45\">Pcs<\/td>\n<td width=\"65\">8.8<\/td>\n<td width=\"62\">17.6<\/td>\n<td width=\"78\"><\/td>\n<\/tr>\n<tr>\n<td width=\"36\">13<\/td>\n<td width=\"247\">Tornillo de cabeza hexagonal M16*1,5*65GB\/T578510.9\u7ea7<\/td>\n<td width=\"143\"><\/td>\n<td width=\"40\">44<\/td>\n<td width=\"45\">Pcs<\/td>\n<td width=\"65\"><\/td>\n<td width=\"62\"><\/td>\n<td width=\"78\"><\/td>\n<\/tr>\n<tr>\n<td width=\"36\">14<\/td>\n<td width=\"247\">Perno de cuchilla<\/td>\n<td width=\"143\">M16*1.5*90<\/td>\n<td width=\"40\">44<\/td>\n<td width=\"45\">Pcs<\/td>\n<td width=\"65\"><\/td>\n<td width=\"62\"><\/td>\n<td width=\"78\"><\/td>\n<\/tr>\n<tr>\n<td width=\"36\">15<\/td>\n<td width=\"247\">Liner inclinado 3<\/td>\n<td width=\"143\">JS3000XD.5.3-8<\/td>\n<td width=\"40\">98<\/td>\n<td width=\"45\">Pcs<\/td>\n<td width=\"65\">7<\/td>\n<td width=\"62\">686<\/td>\n<td width=\"78\"><\/td>\n<\/tr>\n<tr>\n<td width=\"36\">16<\/td>\n<td width=\"247\">Liner inclinado 4<\/td>\n<td width=\"143\">JS3000XD.5.3-9<\/td>\n<td width=\"40\">28<\/td>\n<td width=\"45\">Pcs<\/td>\n<td width=\"65\">7<\/td>\n<td width=\"62\">196<\/td>\n<td width=\"78\"><\/td>\n<\/tr>\n<tr>\n<td width=\"36\">17<\/td>\n<td width=\"247\">Placa de revestimiento<\/td>\n<td width=\"143\">JS3000C2.3-1<\/td>\n<td width=\"40\">8<\/td>\n<td width=\"45\">Pcs<\/td>\n<td width=\"65\">22<\/td>\n<td width=\"62\">176<\/td>\n<td width=\"78\"><\/td>\n<\/tr>\n<tr>\n<td width=\"36\">18<\/td>\n<td width=\"247\">Placa Tornillo<\/td>\n<td width=\"143\">M14*1.5*50<\/td>\n<td width=\"40\">158<\/td>\n<td width=\"45\">Pcs<\/td>\n<td width=\"65\"><\/td>\n<td width=\"62\"><\/td>\n<td width=\"78\"><\/td>\n<\/tr>\n<tr>\n<td width=\"36\">19<\/td>\n<td width=\"247\">Liner en abanico<\/td>\n<td width=\"143\">JS3000XD.5.3-4<\/td>\n<td width=\"40\">16<\/td>\n<td width=\"45\">Pcs<\/td>\n<td width=\"65\">18<\/td>\n<td width=\"62\">288<\/td>\n<td width=\"78\"><\/td>\n<\/tr>\n<tr>\n<td width=\"36\">20<\/td>\n<td width=\"247\">Collar\u00edn (Positivo)<\/td>\n<td width=\"143\">JS3000XD.5.3-5<\/td>\n<td width=\"40\">4<\/td>\n<td width=\"45\">Pcs<\/td>\n<td width=\"65\">15.5<\/td>\n<td width=\"62\">62<\/td>\n<td width=\"78\"><\/td>\n<\/tr>\n<tr>\n<td width=\"36\">21<\/td>\n<td width=\"247\">Collar\u00edn (Reverso)<\/td>\n<td width=\"143\">JS3000XD.5.3-6<\/td>\n<td width=\"40\">4<\/td>\n<td width=\"45\">Pcs<\/td>\n<td width=\"65\">15.5<\/td>\n<td width=\"62\">62<\/td>\n<td width=\"78\"><\/td>\n<\/tr>\n<tr>\n<td width=\"36\">22<\/td>\n<td width=\"247\">Semic\u00edrculo peque\u00f1o<\/td>\n<td width=\"143\">JS2000C.3a-4b<\/td>\n<td width=\"40\">24<\/td>\n<td width=\"45\">Pcs<\/td>\n<td width=\"65\">7<\/td>\n<td width=\"62\">168<\/td>\n<td width=\"78\"><\/td>\n<\/tr>\n<tr>\n<td width=\"36\">23<\/td>\n<td width=\"247\">Placa Tornillo<\/td>\n<td width=\"143\">M12*1.5*45<\/td>\n<td width=\"40\">96<\/td>\n<td width=\"45\">Pcs<\/td>\n<td width=\"65\"><\/td>\n<td width=\"62\"><\/td>\n<td width=\"78\"><\/td>\n<\/tr>\n<tr>\n<td width=\"36\">\u5408\u8ba1<\/td>\n<td width=\"247\"><\/td>\n<td width=\"143\"><\/td>\n<td width=\"40\">262<\/td>\n<td width=\"45\"><\/td>\n<td width=\"65\"><\/td>\n<td width=\"62\">3809.6<\/td>\n<td width=\"78\"><\/td>\n<\/tr>\n<\/tbody>\n<\/table>\n<p><img fetchpriority=\"high\" decoding=\"async\" class=\"wp-image-3550 alignleft\" src=\"https:\/\/miningspareparts.com\/wp-content\/uploads\/2024\/01\/Mixer-And-Wear-Parts1-239x300.webp\" alt=\"\" width=\"498\" height=\"625\" srcset=\"https:\/\/miningspareparts.com\/wp-content\/uploads\/2024\/01\/Mixer-And-Wear-Parts1-239x300.webp 239w, https:\/\/miningspareparts.com\/wp-content\/uploads\/2024\/01\/Mixer-And-Wear-Parts1-817x1024.webp 817w, https:\/\/miningspareparts.com\/wp-content\/uploads\/2024\/01\/Mixer-And-Wear-Parts1-768x963.webp 768w, https:\/\/miningspareparts.com\/wp-content\/uploads\/2024\/01\/Mixer-And-Wear-Parts1-1226x1536.webp 1226w, https:\/\/miningspareparts.com\/wp-content\/uploads\/2024\/01\/Mixer-And-Wear-Parts1-1634x2048.webp 1634w, https:\/\/miningspareparts.com\/wp-content\/uploads\/2024\/01\/Mixer-And-Wear-Parts1-600x752.webp 600w, https:\/\/miningspareparts.com\/wp-content\/uploads\/2024\/01\/Mixer-And-Wear-Parts1.webp 2037w\" sizes=\"(max-width: 498px) 100vw, 498px\" \/><span style=\"font-size: 16px\">\u00a0<\/span><img decoding=\"async\" class=\"wp-image-3551 alignnone\" style=\"font-weight: inherit\" src=\"https:\/\/miningspareparts.com\/wp-content\/uploads\/2024\/01\/Mixer-And-Wear-Parts2-210x300.webp\" alt=\"\" width=\"454\" height=\"649\" srcset=\"https:\/\/miningspareparts.com\/wp-content\/uploads\/2024\/01\/Mixer-And-Wear-Parts2-210x300.webp 210w, https:\/\/miningspareparts.com\/wp-content\/uploads\/2024\/01\/Mixer-And-Wear-Parts2-600x856.webp 600w\" sizes=\"(max-width: 454px) 100vw, 454px\" \/><\/p>\n<p>Como fabricante l\u00edder, nuestras palas mezcladoras de doble eje, brazos mezcladores y camisas NFLG 3000D son sin\u00f3nimo de excelencia en recambios originales, fiabilidad posventa y durabilidad duradera. Nuestro compromiso con la calidad garantiza una experiencia de mezcla perfecta, mientras que nuestros productos destacan como los recambios originales perfectos, ofreciendo un rendimiento constante a lo largo de su ciclo de vida. Los componentes del mercado de recambios que proporcionamos mantienen los mismos altos est\u00e1ndares, garantizando la compatibilidad y la longevidad.<\/p>\n<p>El recambio original significa nuestra dedicaci\u00f3n a suministrar componentes que coincidan exactamente con las especificaciones de las piezas originales de la mezcladora, manteniendo la integridad y funcionalidad del equipo. Nuestros productos posventa, dise\u00f1ados para encajar a la perfecci\u00f3n, prolongan la vida \u00fatil de su mezcladora, proporcionando una soluci\u00f3n rentable y eficiente.<\/p>\n<p>Con un dise\u00f1o duradero, nuestras palas, brazos mezcladores y revestimientos presentan una excepcional resistencia al desgaste, lo que contribuye a prolongar su vida \u00fatil y a reducir los costes de mantenimiento. Fabricados con precisi\u00f3n y utilizando materiales avanzados, nuestros componentes soportan los rigores de las mezclas de alta resistencia, garantizando una productividad continua sin comprometer la calidad.<\/p>\n<p>En resumen, nuestros componentes para mezcladoras de doble eje NFLG 3000D representan el pin\u00e1culo de la sustituci\u00f3n original, la fiabilidad posventa y la durabilidad duradera. Elija nuestros productos para obtener una soluci\u00f3n de mezclado que destaque por su rendimiento, longevidad y rentabilidad.<\/p>","protected":false},"excerpt":{"rendered":"<p>Modelos:NFLG 3000D<\/p>","protected":false},"featured_media":2403,"template":"","meta":{"_uag_custom_page_level_css":"","site-sidebar-layout":"default","site-content-layout":"","ast-site-content-layout":"default","site-content-style":"default","site-sidebar-style":"default","ast-global-header-display":"","ast-banner-title-visibility":"","ast-main-header-display":"","ast-hfb-above-header-display":"","ast-hfb-below-header-display":"","ast-hfb-mobile-header-display":"","site-post-title":"","ast-breadcrumbs-content":"","ast-featured-img":"","footer-sml-layout":"","ast-disable-related-posts":"","theme-transparent-header-meta":"default","adv-header-id-meta":"","stick-header-meta":"default","header-above-stick-meta":"","header-main-stick-meta":"","header-below-stick-meta":"","astra-migrate-meta-layouts":"set","ast-page-background-enabled":"default","ast-page-background-meta":{"desktop":{"background-color":"var(--ast-global-color-4)","background-image":"","background-repeat":"repeat","background-position":"center center","background-size":"auto","background-attachment":"scroll","background-type":"","background-media":"","overlay-type":"","overlay-color":"","overlay-opacity":"","overlay-gradient":""},"tablet":{"background-color":"","background-image":"","background-repeat":"repeat","background-position":"center center","background-size":"auto","background-attachment":"scroll","background-type":"","background-media":"","overlay-type":"","overlay-color":"","overlay-opacity":"","overlay-gradient":""},"mobile":{"background-color":"","background-image":"","background-repeat":"repeat","background-position":"center center","background-size":"auto","background-attachment":"scroll","background-type":"","background-media":"","overlay-type":"","overlay-color":"","overlay-opacity":"","overlay-gradient":""}},"ast-content-background-meta":{"desktop":{"background-color":"var(--ast-global-color-5)","background-image":"","background-repeat":"repeat","background-position":"center center","background-size":"auto","background-attachment":"scroll","background-type":"","background-media":"","overlay-type":"","overlay-color":"","overlay-opacity":"","overlay-gradient":""},"tablet":{"background-color":"var(--ast-global-color-5)","background-image":"","background-repeat":"repeat","background-position":"center center","background-size":"auto","background-attachment":"scroll","background-type":"","background-media":"","overlay-type":"","overlay-color":"","overlay-opacity":"","overlay-gradient":""},"mobile":{"background-color":"var(--ast-global-color-5)","background-image":"","background-repeat":"repeat","background-position":"center center","background-size":"auto","background-attachment":"scroll","background-type":"","background-media":"","overlay-type":"","overlay-color":"","overlay-opacity":"","overlay-gradient":""}}},"product_brand":[],"product_cat":[82,248],"product_tag":[267,268,269],"class_list":{"0":"post-1874","1":"product","2":"type-product","3":"status-publish","4":"has-post-thumbnail","6":"product_cat-asphalt-mixer-parts","7":"product_cat-nflg","8":"product_tag-asphalt","9":"product_tag-blade","10":"product_tag-mixing-arm","11":"desktop-align-left","12":"tablet-align-left","13":"mobile-align-left","14":"ast-product-gallery-layout-horizontal-slider","15":"ast-product-single-variable","16":"ast-product-tabs-layout-horizontal","18":"first","19":"instock","20":"shipping-taxable","21":"purchasable","22":"product-type-variable"},"yoast_head":"<!-- This site is optimized with the Yoast SEO plugin v27.4 - https:\/\/yoast.com\/product\/yoast-seo-wordpress\/ -->\n<title>NFLG 3000D Mixer And Parts - Crusher parts, Slurry Pump Parts, Excavator shovel parts<\/title>\n<meta name=\"description\" content=\"NFLG 3000D twin-shaft mixer blades, mixing arms and liners, original replacement precision, ensuring wear resistance and long-lasting quality\" \/>\n<meta name=\"robots\" content=\"index, follow, max-snippet:-1, max-image-preview:large, max-video-preview:-1\" \/>\n<link rel=\"canonical\" href=\"https:\/\/miningspareparts.com\/es\/producto\/nflg-3000d-mixer-and-parts\/\" \/>\n<meta property=\"og:locale\" content=\"es_MX\" \/>\n<meta property=\"og:type\" content=\"article\" \/>\n<meta property=\"og:title\" content=\"NFLG 3000D Mixer And Parts - Crusher parts, Slurry Pump Parts, Excavator shovel parts\" \/>\n<meta property=\"og:description\" content=\"NFLG 3000D twin-shaft mixer blades, mixing arms and liners, original replacement precision, ensuring wear resistance and long-lasting quality\" \/>\n<meta property=\"og:url\" content=\"https:\/\/miningspareparts.com\/es\/producto\/nflg-3000d-mixer-and-parts\/\" \/>\n<meta property=\"og:site_name\" content=\"Crusher parts, Slurry Pump Parts, Excavator shovel parts\" \/>\n<meta property=\"article:modified_time\" content=\"2024-01-17T03:14:55+00:00\" \/>\n<meta property=\"og:image\" content=\"https:\/\/miningspareparts.com\/wp-content\/uploads\/2024\/01\/NFLG-3000D-concrete-mixer-and-parts.webp\" \/>\n\t<meta property=\"og:image:width\" content=\"1020\" \/>\n\t<meta property=\"og:image:height\" content=\"561\" \/>\n\t<meta property=\"og:image:type\" content=\"image\/webp\" \/>\n<meta name=\"twitter:card\" content=\"summary_large_image\" \/>\n<meta name=\"twitter:label1\" content=\"Tiempo de lectura\" \/>\n\t<meta name=\"twitter:data1\" content=\"3 minutos\" \/>\n<script type=\"application\/ld+json\" class=\"yoast-schema-graph\">{\"@context\":\"https:\\\/\\\/schema.org\",\"@graph\":[{\"@type\":\"WebPage\",\"@id\":\"https:\\\/\\\/miningspareparts.com\\\/product\\\/nflg-3000d-mixer-and-parts\\\/\",\"url\":\"https:\\\/\\\/miningspareparts.com\\\/product\\\/nflg-3000d-mixer-and-parts\\\/\",\"name\":\"NFLG 3000D Mixer And Parts - Crusher parts, Slurry Pump Parts, Excavator shovel parts\",\"isPartOf\":{\"@id\":\"https:\\\/\\\/miningspareparts.com\\\/#website\"},\"primaryImageOfPage\":{\"@id\":\"https:\\\/\\\/miningspareparts.com\\\/product\\\/nflg-3000d-mixer-and-parts\\\/#primaryimage\"},\"image\":{\"@id\":\"https:\\\/\\\/miningspareparts.com\\\/product\\\/nflg-3000d-mixer-and-parts\\\/#primaryimage\"},\"thumbnailUrl\":\"https:\\\/\\\/miningspareparts.com\\\/wp-content\\\/uploads\\\/2024\\\/01\\\/NFLG-3000D-concrete-mixer-and-parts.webp\",\"datePublished\":\"2023-12-30T03:25:04+00:00\",\"dateModified\":\"2024-01-17T03:14:55+00:00\",\"description\":\"NFLG 3000D twin-shaft mixer blades, mixing arms and liners, original replacement precision, ensuring wear resistance and long-lasting quality\",\"breadcrumb\":{\"@id\":\"https:\\\/\\\/miningspareparts.com\\\/product\\\/nflg-3000d-mixer-and-parts\\\/#breadcrumb\"},\"inLanguage\":\"es\",\"potentialAction\":[{\"@type\":\"ReadAction\",\"target\":[\"https:\\\/\\\/miningspareparts.com\\\/product\\\/nflg-3000d-mixer-and-parts\\\/\"]}]},{\"@type\":\"ImageObject\",\"inLanguage\":\"es\",\"@id\":\"https:\\\/\\\/miningspareparts.com\\\/product\\\/nflg-3000d-mixer-and-parts\\\/#primaryimage\",\"url\":\"https:\\\/\\\/miningspareparts.com\\\/wp-content\\\/uploads\\\/2024\\\/01\\\/NFLG-3000D-concrete-mixer-and-parts.webp\",\"contentUrl\":\"https:\\\/\\\/miningspareparts.com\\\/wp-content\\\/uploads\\\/2024\\\/01\\\/NFLG-3000D-concrete-mixer-and-parts.webp\",\"width\":1020,\"height\":561},{\"@type\":\"BreadcrumbList\",\"@id\":\"https:\\\/\\\/miningspareparts.com\\\/product\\\/nflg-3000d-mixer-and-parts\\\/#breadcrumb\",\"itemListElement\":[{\"@type\":\"ListItem\",\"position\":1,\"name\":\"Home\",\"item\":\"https:\\\/\\\/miningspareparts.com\\\/\"},{\"@type\":\"ListItem\",\"position\":2,\"name\":\"Premium Mining Wear And Spare Parts\",\"item\":\"https:\\\/\\\/miningspareparts.com\\\/shop\\\/\"},{\"@type\":\"ListItem\",\"position\":3,\"name\":\"NFLG 3000D Mixer And Parts\"}]},{\"@type\":\"WebSite\",\"@id\":\"https:\\\/\\\/miningspareparts.com\\\/#website\",\"url\":\"https:\\\/\\\/miningspareparts.com\\\/\",\"name\":\"Crusher parts , Concrete Mixer Parts, Slurry Pump Parts, Mining Spares\",\"description\":\"Mining Wear &amp; Spare Parts Supplier\",\"publisher\":{\"@id\":\"https:\\\/\\\/miningspareparts.com\\\/#organization\"},\"potentialAction\":[{\"@type\":\"SearchAction\",\"target\":{\"@type\":\"EntryPoint\",\"urlTemplate\":\"https:\\\/\\\/miningspareparts.com\\\/?s={search_term_string}\"},\"query-input\":{\"@type\":\"PropertyValueSpecification\",\"valueRequired\":true,\"valueName\":\"search_term_string\"}}],\"inLanguage\":\"es\"},{\"@type\":\"Organization\",\"@id\":\"https:\\\/\\\/miningspareparts.com\\\/#organization\",\"name\":\"Crusher parts , Concrete Mixer Parts, Slurry Pump Parts, Mining Spares\",\"url\":\"https:\\\/\\\/miningspareparts.com\\\/\",\"logo\":{\"@type\":\"ImageObject\",\"inLanguage\":\"es\",\"@id\":\"https:\\\/\\\/miningspareparts.com\\\/#\\\/schema\\\/logo\\\/image\\\/\",\"url\":\"https:\\\/\\\/miningspareparts.com\\\/wp-content\\\/uploads\\\/2025\\\/04\\\/cropped-cropped-logo\u6b63\u65b9\u5f62.png\",\"contentUrl\":\"https:\\\/\\\/miningspareparts.com\\\/wp-content\\\/uploads\\\/2025\\\/04\\\/cropped-cropped-logo\u6b63\u65b9\u5f62.png\",\"width\":511,\"height\":171,\"caption\":\"Crusher parts , Concrete Mixer Parts, Slurry Pump Parts, Mining Spares\"},\"image\":{\"@id\":\"https:\\\/\\\/miningspareparts.com\\\/#\\\/schema\\\/logo\\\/image\\\/\"}}]}<\/script>\n<!-- \/ Yoast SEO plugin. -->","yoast_head_json":{"title":"NFLG 3000D Mixer And Parts - Crusher parts, Slurry Pump Parts, Excavator shovel parts","description":"NFLG 3000D twin-shaft mixer blades, mixing arms and liners, original replacement precision, ensuring wear resistance and long-lasting quality","robots":{"index":"index","follow":"follow","max-snippet":"max-snippet:-1","max-image-preview":"max-image-preview:large","max-video-preview":"max-video-preview:-1"},"canonical":"https:\/\/miningspareparts.com\/es\/producto\/nflg-3000d-mixer-and-parts\/","og_locale":"es_MX","og_type":"article","og_title":"NFLG 3000D Mixer And Parts - Crusher parts, Slurry Pump Parts, Excavator shovel parts","og_description":"NFLG 3000D twin-shaft mixer blades, mixing arms and liners, original replacement precision, ensuring wear resistance and long-lasting quality","og_url":"https:\/\/miningspareparts.com\/es\/producto\/nflg-3000d-mixer-and-parts\/","og_site_name":"Crusher parts, Slurry Pump Parts, Excavator shovel parts","article_modified_time":"2024-01-17T03:14:55+00:00","og_image":[{"width":1020,"height":561,"url":"https:\/\/miningspareparts.com\/wp-content\/uploads\/2024\/01\/NFLG-3000D-concrete-mixer-and-parts.webp","type":"image\/webp"}],"twitter_card":"summary_large_image","twitter_misc":{"Tiempo de lectura":"3 minutos"},"schema":{"@context":"https:\/\/schema.org","@graph":[{"@type":"WebPage","@id":"https:\/\/miningspareparts.com\/product\/nflg-3000d-mixer-and-parts\/","url":"https:\/\/miningspareparts.com\/product\/nflg-3000d-mixer-and-parts\/","name":"NFLG 3000D Mixer And Parts - Crusher parts, Slurry Pump Parts, Excavator shovel parts","isPartOf":{"@id":"https:\/\/miningspareparts.com\/#website"},"primaryImageOfPage":{"@id":"https:\/\/miningspareparts.com\/product\/nflg-3000d-mixer-and-parts\/#primaryimage"},"image":{"@id":"https:\/\/miningspareparts.com\/product\/nflg-3000d-mixer-and-parts\/#primaryimage"},"thumbnailUrl":"https:\/\/miningspareparts.com\/wp-content\/uploads\/2024\/01\/NFLG-3000D-concrete-mixer-and-parts.webp","datePublished":"2023-12-30T03:25:04+00:00","dateModified":"2024-01-17T03:14:55+00:00","description":"NFLG 3000D twin-shaft mixer blades, mixing arms and liners, original replacement precision, ensuring wear resistance and long-lasting quality","breadcrumb":{"@id":"https:\/\/miningspareparts.com\/product\/nflg-3000d-mixer-and-parts\/#breadcrumb"},"inLanguage":"es","potentialAction":[{"@type":"ReadAction","target":["https:\/\/miningspareparts.com\/product\/nflg-3000d-mixer-and-parts\/"]}]},{"@type":"ImageObject","inLanguage":"es","@id":"https:\/\/miningspareparts.com\/product\/nflg-3000d-mixer-and-parts\/#primaryimage","url":"https:\/\/miningspareparts.com\/wp-content\/uploads\/2024\/01\/NFLG-3000D-concrete-mixer-and-parts.webp","contentUrl":"https:\/\/miningspareparts.com\/wp-content\/uploads\/2024\/01\/NFLG-3000D-concrete-mixer-and-parts.webp","width":1020,"height":561},{"@type":"BreadcrumbList","@id":"https:\/\/miningspareparts.com\/product\/nflg-3000d-mixer-and-parts\/#breadcrumb","itemListElement":[{"@type":"ListItem","position":1,"name":"Home","item":"https:\/\/miningspareparts.com\/"},{"@type":"ListItem","position":2,"name":"Premium Mining Wear And Spare Parts","item":"https:\/\/miningspareparts.com\/shop\/"},{"@type":"ListItem","position":3,"name":"NFLG 3000D Mixer And Parts"}]},{"@type":"WebSite","@id":"https:\/\/miningspareparts.com\/#website","url":"https:\/\/miningspareparts.com\/","name":"Crusher parts , Concrete Mixer Parts, Slurry Pump Parts, Mining Spares","description":"Mining Wear &amp; Spare Parts Supplier","publisher":{"@id":"https:\/\/miningspareparts.com\/#organization"},"potentialAction":[{"@type":"SearchAction","target":{"@type":"EntryPoint","urlTemplate":"https:\/\/miningspareparts.com\/?s={search_term_string}"},"query-input":{"@type":"PropertyValueSpecification","valueRequired":true,"valueName":"search_term_string"}}],"inLanguage":"es"},{"@type":"Organization","@id":"https:\/\/miningspareparts.com\/#organization","name":"Crusher parts , Concrete Mixer Parts, Slurry Pump Parts, Mining Spares","url":"https:\/\/miningspareparts.com\/","logo":{"@type":"ImageObject","inLanguage":"es","@id":"https:\/\/miningspareparts.com\/#\/schema\/logo\/image\/","url":"https:\/\/miningspareparts.com\/wp-content\/uploads\/2025\/04\/cropped-cropped-logo\u6b63\u65b9\u5f62.png","contentUrl":"https:\/\/miningspareparts.com\/wp-content\/uploads\/2025\/04\/cropped-cropped-logo\u6b63\u65b9\u5f62.png","width":511,"height":171,"caption":"Crusher parts , Concrete Mixer Parts, Slurry Pump Parts, Mining Spares"},"image":{"@id":"https:\/\/miningspareparts.com\/#\/schema\/logo\/image\/"}}]}},"uagb_featured_image_src":{"full":["https:\/\/miningspareparts.com\/wp-content\/uploads\/2024\/01\/NFLG-3000D-concrete-mixer-and-parts.webp",1020,561,false],"thumbnail":["https:\/\/miningspareparts.com\/wp-content\/uploads\/2024\/01\/NFLG-3000D-concrete-mixer-and-parts-150x150.webp",150,150,true],"medium":["https:\/\/miningspareparts.com\/wp-content\/uploads\/2024\/01\/NFLG-3000D-concrete-mixer-and-parts-300x165.webp",300,165,true],"medium_large":["https:\/\/miningspareparts.com\/wp-content\/uploads\/2024\/01\/NFLG-3000D-concrete-mixer-and-parts-768x422.webp",768,422,true],"large":["https:\/\/miningspareparts.com\/wp-content\/uploads\/2024\/01\/NFLG-3000D-concrete-mixer-and-parts.webp",1020,561,false],"1536x1536":["https:\/\/miningspareparts.com\/wp-content\/uploads\/2024\/01\/NFLG-3000D-concrete-mixer-and-parts.webp",1020,561,false],"2048x2048":["https:\/\/miningspareparts.com\/wp-content\/uploads\/2024\/01\/NFLG-3000D-concrete-mixer-and-parts.webp",1020,561,false],"trp-custom-language-flag":["https:\/\/miningspareparts.com\/wp-content\/uploads\/2024\/01\/NFLG-3000D-concrete-mixer-and-parts.webp",18,10,false],"woocommerce_thumbnail":["https:\/\/miningspareparts.com\/wp-content\/uploads\/2024\/01\/NFLG-3000D-concrete-mixer-and-parts-300x300.webp",300,300,true],"woocommerce_single":["https:\/\/miningspareparts.com\/wp-content\/uploads\/2024\/01\/NFLG-3000D-concrete-mixer-and-parts-600x330.webp",600,330,true],"woocommerce_gallery_thumbnail":["https:\/\/miningspareparts.com\/wp-content\/uploads\/2024\/01\/NFLG-3000D-concrete-mixer-and-parts-100x100.webp",100,100,true]},"uagb_author_info":{"display_name":"Miningspareparts","author_link":"https:\/\/miningspareparts.com\/es\/author\/"},"uagb_comment_info":0,"uagb_excerpt":"Models:NFLG 3000D","_links":{"self":[{"href":"https:\/\/miningspareparts.com\/es\/wp-json\/wp\/v2\/product\/1874","targetHints":{"allow":["GET"]}}],"collection":[{"href":"https:\/\/miningspareparts.com\/es\/wp-json\/wp\/v2\/product"}],"about":[{"href":"https:\/\/miningspareparts.com\/es\/wp-json\/wp\/v2\/types\/product"}],"wp:featuredmedia":[{"embeddable":true,"href":"https:\/\/miningspareparts.com\/es\/wp-json\/wp\/v2\/media\/2403"}],"wp:attachment":[{"href":"https:\/\/miningspareparts.com\/es\/wp-json\/wp\/v2\/media?parent=1874"}],"wp:term":[{"taxonomy":"product_brand","embeddable":true,"href":"https:\/\/miningspareparts.com\/es\/wp-json\/wp\/v2\/product_brand?post=1874"},{"taxonomy":"product_cat","embeddable":true,"href":"https:\/\/miningspareparts.com\/es\/wp-json\/wp\/v2\/product_cat?post=1874"},{"taxonomy":"product_tag","embeddable":true,"href":"https:\/\/miningspareparts.com\/es\/wp-json\/wp\/v2\/product_tag?post=1874"}],"curies":[{"name":"wp","href":"https:\/\/api.w.org\/{rel}","templated":true}]}}