{"id":1875,"date":"2023-12-30T03:31:07","date_gmt":"2023-12-30T03:31:07","guid":{"rendered":"https:\/\/miningspareparts.com\/?post_type=product&#038;p=1875"},"modified":"2024-04-05T12:14:06","modified_gmt":"2024-04-05T12:14:06","slug":"nflg-2000d-mixer-and-parts","status":"publish","type":"product","link":"https:\/\/miningspareparts.com\/es\/producto\/nflg-2000d-mixer-and-parts\/","title":{"rendered":"Mezcladora NFLG 2000D y piezas"},"content":{"rendered":"<p><strong>He aqu\u00ed una descripci\u00f3n de NFLG 2000D Mixer And Parts<\/strong><\/p>\n<table>\n<tbody>\n<tr>\n<td width=\"46\">NO.<\/td>\n<td width=\"218\">Especificaci\u00f3n<\/td>\n<td width=\"151\">C\u00f3digo del art\u00edculo<\/td>\n<td width=\"47\">Cantidad<\/td>\n<td width=\"66\">Unidad.<\/td>\n<td width=\"76\">Peso unitario (Kg)<\/td>\n<td width=\"80\">Peso total (Kg)<\/td>\n<td width=\"33\">Observaciones<\/td>\n<\/tr>\n<tr>\n<td width=\"46\">1<\/td>\n<td width=\"218\">Brazo largo de alimentaci\u00f3n<\/td>\n<td width=\"151\">JS3000XD.5.2-2<\/td>\n<td width=\"47\">12<\/td>\n<td width=\"66\">Pcs<\/td>\n<td width=\"76\">46.2<\/td>\n<td width=\"80\">554.4<\/td>\n<td width=\"33\"><\/td>\n<\/tr>\n<tr>\n<td width=\"46\">2<\/td>\n<td width=\"218\">Brazo largo de retorno<\/td>\n<td width=\"151\">JS3000XD.5.5-2<\/td>\n<td width=\"47\">4<\/td>\n<td width=\"66\">Pcs<\/td>\n<td width=\"76\">46.2<\/td>\n<td width=\"80\">184.8<\/td>\n<td width=\"33\"><\/td>\n<\/tr>\n<tr>\n<td width=\"46\">3<\/td>\n<td width=\"218\">Brazo corto de alimentaci\u00f3n<\/td>\n<td width=\"151\">JS3000XD.5.1-2<\/td>\n<td width=\"47\">12<\/td>\n<td width=\"66\">Pcs<\/td>\n<td width=\"76\">28.4<\/td>\n<td width=\"80\">340.8<\/td>\n<td width=\"33\"><\/td>\n<\/tr>\n<tr>\n<td width=\"46\">4<\/td>\n<td width=\"218\">Brazo de retorno corto<\/td>\n<td width=\"151\">JS3000XD.5.6-2<\/td>\n<td width=\"47\">4<\/td>\n<td width=\"66\">Pcs<\/td>\n<td width=\"76\">28.4<\/td>\n<td width=\"80\">113.6<\/td>\n<td width=\"33\"><\/td>\n<\/tr>\n<tr>\n<td width=\"46\">5<\/td>\n<td width=\"218\">Cuchilla de alimentaci\u00f3n (larga)<\/td>\n<td width=\"151\">JS3000XD.5.4-1<\/td>\n<td width=\"47\">10<\/td>\n<td width=\"66\">Pcs<\/td>\n<td width=\"76\">17.8<\/td>\n<td width=\"80\">178<\/td>\n<td width=\"33\"><\/td>\n<\/tr>\n<tr>\n<td width=\"46\">6<\/td>\n<td width=\"218\">Hoja de retorno (larga)<\/td>\n<td width=\"151\">JS3000XD.5.5-1<\/td>\n<td width=\"47\">2<\/td>\n<td width=\"66\">Pcs<\/td>\n<td width=\"76\">17.8<\/td>\n<td width=\"80\">35.6<\/td>\n<td width=\"33\"><\/td>\n<\/tr>\n<tr>\n<td width=\"46\">7<\/td>\n<td width=\"218\">Cuchilla de alimentaci\u00f3n (corta)<\/td>\n<td width=\"151\">JS3000XD.5.3-1<\/td>\n<td width=\"47\">10<\/td>\n<td width=\"66\">Pcs<\/td>\n<td width=\"76\">7.3<\/td>\n<td width=\"80\">73<\/td>\n<td width=\"33\"><\/td>\n<\/tr>\n<tr>\n<td width=\"46\">8<\/td>\n<td width=\"218\">Return Blade (Corto)<\/td>\n<td width=\"151\">JS3000XD.5.6-1<\/td>\n<td width=\"47\">2<\/td>\n<td width=\"66\">Pcs<\/td>\n<td width=\"76\">7.3<\/td>\n<td width=\"80\">14.6<\/td>\n<td width=\"33\"><\/td>\n<\/tr>\n<tr>\n<td width=\"46\">9<\/td>\n<td width=\"218\">Cuchilla de alimentaci\u00f3n lateral (larga)<\/td>\n<td width=\"151\">JS3000XD.5.2-1<\/td>\n<td width=\"47\">2<\/td>\n<td width=\"66\">Pcs<\/td>\n<td width=\"76\">22.4<\/td>\n<td width=\"80\">44.8<\/td>\n<td width=\"33\"><\/td>\n<\/tr>\n<tr>\n<td width=\"46\">10<\/td>\n<td width=\"218\">Hoja de retorno lateral (larga)<\/td>\n<td width=\"151\">JS3000XD.5.8-1<\/td>\n<td width=\"47\">2<\/td>\n<td width=\"66\">Pcs<\/td>\n<td width=\"76\">22.4<\/td>\n<td width=\"80\">44.8<\/td>\n<td width=\"33\"><\/td>\n<\/tr>\n<tr>\n<td width=\"46\">11<\/td>\n<td width=\"218\">Cuchilla de alimentaci\u00f3n lateral (corta)<\/td>\n<td width=\"151\">JS3000XD.5.1-1.<\/td>\n<td width=\"47\">2<\/td>\n<td width=\"66\">Pcs<\/td>\n<td width=\"76\">8.8<\/td>\n<td width=\"80\">17.6<\/td>\n<td width=\"33\"><\/td>\n<\/tr>\n<tr>\n<td width=\"46\">12<\/td>\n<td width=\"218\">Hoja de retorno lateral (corta)<\/td>\n<td width=\"151\">JS3000XD.5.7-1<\/td>\n<td width=\"47\">2<\/td>\n<td width=\"66\">Pcs<\/td>\n<td width=\"76\">8.8<\/td>\n<td width=\"80\">17.6<\/td>\n<td width=\"33\"><\/td>\n<\/tr>\n<tr>\n<td width=\"46\">13<\/td>\n<td width=\"218\">Liner inclinado (rombo)<\/td>\n<td width=\"151\">JS3000XD.5.3-8.<\/td>\n<td width=\"47\">70<\/td>\n<td width=\"66\">Pcs<\/td>\n<td width=\"76\">7<\/td>\n<td width=\"80\">490<\/td>\n<td width=\"33\"><\/td>\n<\/tr>\n<tr>\n<td width=\"46\">14<\/td>\n<td width=\"218\">Liner inclinado (trapezoidal)<\/td>\n<td width=\"151\">JS3000XD.5.3-9<\/td>\n<td width=\"47\">28<\/td>\n<td width=\"66\">Pcs<\/td>\n<td width=\"76\">4.8<\/td>\n<td width=\"80\">134.4<\/td>\n<td width=\"33\"><\/td>\n<\/tr>\n<tr>\n<td width=\"46\">16<\/td>\n<td width=\"218\">Liner en abanico<\/td>\n<td width=\"151\">JS3000XD.5.3-4<\/td>\n<td width=\"47\">16<\/td>\n<td width=\"66\">Pcs<\/td>\n<td width=\"76\">18<\/td>\n<td width=\"80\">288<\/td>\n<td width=\"33\"><\/td>\n<\/tr>\n<tr>\n<td width=\"46\">17<\/td>\n<td width=\"218\">Collar\u00edn (Positivo)<\/td>\n<td width=\"151\">JS3000XD.5.3-5<\/td>\n<td width=\"47\">4<\/td>\n<td width=\"66\">Pcs<\/td>\n<td width=\"76\">15.5<\/td>\n<td width=\"80\">62<\/td>\n<td width=\"33\"><\/td>\n<\/tr>\n<tr>\n<td width=\"46\">18<\/td>\n<td width=\"218\">Collar\u00edn (Reverso)<\/td>\n<td width=\"151\">JS3000XD.5.3-6<\/td>\n<td width=\"47\">4<\/td>\n<td width=\"66\">Pcs<\/td>\n<td width=\"76\">15.5<\/td>\n<td width=\"80\">62<\/td>\n<td width=\"33\"><\/td>\n<\/tr>\n<tr>\n<td width=\"46\">19<\/td>\n<td width=\"218\">Semic\u00edrculo peque\u00f1o<\/td>\n<td width=\"151\">JS2000C.3a-4b<\/td>\n<td width=\"47\">24<\/td>\n<td width=\"66\">Pcs<\/td>\n<td width=\"76\">7<\/td>\n<td width=\"80\">168<\/td>\n<td width=\"33\"><\/td>\n<\/tr>\n<tr>\n<td width=\"46\">Total<\/td>\n<td width=\"218\"><\/td>\n<td width=\"151\"><\/td>\n<td width=\"47\">210<\/td>\n<td width=\"66\"><\/td>\n<td width=\"76\"><\/td>\n<td width=\"80\">2824<\/td>\n<td width=\"33\"><\/td>\n<\/tr>\n<\/tbody>\n<\/table>\n<p><img fetchpriority=\"high\" decoding=\"async\" class=\"wp-image-3550 alignleft\" src=\"https:\/\/miningspareparts.com\/wp-content\/uploads\/2024\/01\/Mixer-And-Wear-Parts1-239x300.webp\" alt=\"\" width=\"498\" height=\"625\" srcset=\"https:\/\/miningspareparts.com\/wp-content\/uploads\/2024\/01\/Mixer-And-Wear-Parts1-239x300.webp 239w, https:\/\/miningspareparts.com\/wp-content\/uploads\/2024\/01\/Mixer-And-Wear-Parts1-817x1024.webp 817w, https:\/\/miningspareparts.com\/wp-content\/uploads\/2024\/01\/Mixer-And-Wear-Parts1-768x963.webp 768w, https:\/\/miningspareparts.com\/wp-content\/uploads\/2024\/01\/Mixer-And-Wear-Parts1-1226x1536.webp 1226w, https:\/\/miningspareparts.com\/wp-content\/uploads\/2024\/01\/Mixer-And-Wear-Parts1-1634x2048.webp 1634w, https:\/\/miningspareparts.com\/wp-content\/uploads\/2024\/01\/Mixer-And-Wear-Parts1-600x752.webp 600w, https:\/\/miningspareparts.com\/wp-content\/uploads\/2024\/01\/Mixer-And-Wear-Parts1.webp 2037w\" sizes=\"(max-width: 498px) 100vw, 498px\" \/><span style=\"font-size: 16px\">\u00a0<\/span><img decoding=\"async\" class=\"wp-image-3551 alignnone\" style=\"font-weight: inherit\" src=\"https:\/\/miningspareparts.com\/wp-content\/uploads\/2024\/01\/Mixer-And-Wear-Parts2-210x300.webp\" alt=\"\" width=\"454\" height=\"649\" srcset=\"https:\/\/miningspareparts.com\/wp-content\/uploads\/2024\/01\/Mixer-And-Wear-Parts2-210x300.webp 210w, https:\/\/miningspareparts.com\/wp-content\/uploads\/2024\/01\/Mixer-And-Wear-Parts2-600x856.webp 600w\" sizes=\"(max-width: 454px) 100vw, 454px\" \/><\/p>\n<p>Nuestra fabricaci\u00f3n de vanguardia de palas, brazos mezcladores y revestimientos para mezcladoras de doble eje NFLG 2000D representa el pin\u00e1culo de los componentes de repuesto originales. Damos prioridad a la durabilidad, lo que garantiza una mayor vida \u00fatil del producto y un rendimiento constante.<\/p>\n<p>En el \u00e1mbito del mezclado de asfalto, las piezas de repuesto originales desempe\u00f1an un papel fundamental en el mantenimiento de la eficiencia y la longevidad de su equipo. En nuestras instalaciones, nos especializamos en la fabricaci\u00f3n de palas mezcladoras de doble eje, brazos mezcladores y revestimientos NFLG 2000D de alta calidad dise\u00f1ados para sustituir sin problemas los componentes desgastados, garantizando que su maquinaria funcione al m\u00e1ximo rendimiento.<\/p>\n<p>El t\u00e9rmino \"recambio original\" engloba nuestro compromiso con la ingenier\u00eda de precisi\u00f3n, que se adhiere a las especificaciones y normas exactas establecidas por NFLG. Elegir nuestras piezas de repuesto significa elegir componentes que se integran perfectamente en su sistema actual, mitigando el tiempo de inactividad y optimizando la funcionalidad de su mezcladora.<\/p>\n<p>Adem\u00e1s de ser recambios originales, nuestros componentes ofrecen una durabilidad excepcional. Fabricados con materiales robustos, las palas, brazos mezcladores y revestimientos de la mezcladora de doble eje NFLG 2000D resisten el desgaste, incluso en los entornos de mezcla m\u00e1s exigentes. Esta longevidad no s\u00f3lo reduce la frecuencia de las sustituciones, sino que tambi\u00e9n contribuye a ahorrar costes a lo largo de la vida \u00fatil del equipo.<\/p>\n<p>Adem\u00e1s, nuestro compromiso va m\u00e1s all\u00e1 del suministro de repuestos para garantizar la eficacia general de su equipo. La resistencia al desgaste de nuestros componentes se traduce en un rendimiento constante y fiable, que contribuye al buen funcionamiento de sus procesos de mezcla.<\/p>","protected":false},"excerpt":{"rendered":"<p>Modelos:NFLG 2000D<\/p>","protected":false},"featured_media":4779,"template":"","meta":{"_uag_custom_page_level_css":"","site-sidebar-layout":"default","site-content-layout":"","ast-site-content-layout":"default","site-content-style":"default","site-sidebar-style":"default","ast-global-header-display":"","ast-banner-title-visibility":"","ast-main-header-display":"","ast-hfb-above-header-display":"","ast-hfb-below-header-display":"","ast-hfb-mobile-header-display":"","site-post-title":"","ast-breadcrumbs-content":"","ast-featured-img":"","footer-sml-layout":"","ast-disable-related-posts":"","theme-transparent-header-meta":"default","adv-header-id-meta":"","stick-header-meta":"default","header-above-stick-meta":"","header-main-stick-meta":"","header-below-stick-meta":"","astra-migrate-meta-layouts":"set","ast-page-background-enabled":"default","ast-page-background-meta":{"desktop":{"background-color":"var(--ast-global-color-4)","background-image":"","background-repeat":"repeat","background-position":"center center","background-size":"auto","background-attachment":"scroll","background-type":"","background-media":"","overlay-type":"","overlay-color":"","overlay-opacity":"","overlay-gradient":""},"tablet":{"background-color":"","background-image":"","background-repeat":"repeat","background-position":"center center","background-size":"auto","background-attachment":"scroll","background-type":"","background-media":"","overlay-type":"","overlay-color":"","overlay-opacity":"","overlay-gradient":""},"mobile":{"background-color":"","background-image":"","background-repeat":"repeat","background-position":"center center","background-size":"auto","background-attachment":"scroll","background-type":"","background-media":"","overlay-type":"","overlay-color":"","overlay-opacity":"","overlay-gradient":""}},"ast-content-background-meta":{"desktop":{"background-color":"var(--ast-global-color-5)","background-image":"","background-repeat":"repeat","background-position":"center center","background-size":"auto","background-attachment":"scroll","background-type":"","background-media":"","overlay-type":"","overlay-color":"","overlay-opacity":"","overlay-gradient":""},"tablet":{"background-color":"var(--ast-global-color-5)","background-image":"","background-repeat":"repeat","background-position":"center center","background-size":"auto","background-attachment":"scroll","background-type":"","background-media":"","overlay-type":"","overlay-color":"","overlay-opacity":"","overlay-gradient":""},"mobile":{"background-color":"var(--ast-global-color-5)","background-image":"","background-repeat":"repeat","background-position":"center center","background-size":"auto","background-attachment":"scroll","background-type":"","background-media":"","overlay-type":"","overlay-color":"","overlay-opacity":"","overlay-gradient":""}}},"product_brand":[],"product_cat":[82,248],"product_tag":[267,268,269],"class_list":{"0":"post-1875","1":"product","2":"type-product","3":"status-publish","4":"has-post-thumbnail","6":"product_cat-asphalt-mixer-parts","7":"product_cat-nflg","8":"product_tag-asphalt","9":"product_tag-blade","10":"product_tag-mixing-arm","11":"desktop-align-left","12":"tablet-align-left","13":"mobile-align-left","14":"ast-product-gallery-layout-horizontal-slider","15":"ast-product-gallery-with-no-image","16":"ast-product-single-variable","17":"ast-product-tabs-layout-horizontal","19":"first","20":"instock","21":"shipping-taxable","22":"purchasable","23":"product-type-variable"},"yoast_head":"<!-- This site is optimized with the Yoast SEO plugin v27.4 - https:\/\/yoast.com\/product\/yoast-seo-wordpress\/ -->\n<title>NFLG 2000D Mixer And Parts - Crusher parts, Slurry Pump Parts, Excavator shovel parts<\/title>\n<meta name=\"description\" content=\"Our NFLG 2000D twin-shaft mixer blades, mixing arms, and liners: original replacements ensuring seamless integration, durability, and wear resistance.\" \/>\n<meta name=\"robots\" content=\"index, follow, max-snippet:-1, max-image-preview:large, max-video-preview:-1\" \/>\n<link rel=\"canonical\" href=\"https:\/\/miningspareparts.com\/es\/producto\/nflg-2000d-mixer-and-parts\/\" \/>\n<meta property=\"og:locale\" content=\"es_MX\" \/>\n<meta property=\"og:type\" content=\"article\" \/>\n<meta property=\"og:title\" content=\"NFLG 2000D Mixer And Parts - Crusher parts, Slurry Pump Parts, Excavator shovel parts\" \/>\n<meta property=\"og:description\" content=\"Our NFLG 2000D twin-shaft mixer blades, mixing arms, and liners: original replacements ensuring seamless integration, durability, and wear resistance.\" \/>\n<meta property=\"og:url\" content=\"https:\/\/miningspareparts.com\/es\/producto\/nflg-2000d-mixer-and-parts\/\" \/>\n<meta property=\"og:site_name\" content=\"Crusher parts, Slurry Pump Parts, Excavator shovel parts\" \/>\n<meta property=\"article:modified_time\" content=\"2024-04-05T12:14:06+00:00\" \/>\n<meta property=\"og:image\" content=\"https:\/\/miningspareparts.com\/wp-content\/uploads\/2023\/12\/NFLG-2000D-Mixer-And-Parts.webp\" \/>\n\t<meta property=\"og:image:width\" content=\"800\" \/>\n\t<meta property=\"og:image:height\" content=\"800\" \/>\n\t<meta property=\"og:image:type\" content=\"image\/webp\" \/>\n<meta name=\"twitter:card\" content=\"summary_large_image\" \/>\n<meta name=\"twitter:label1\" content=\"Tiempo de lectura\" \/>\n\t<meta name=\"twitter:data1\" content=\"3 minutos\" \/>\n<script type=\"application\/ld+json\" class=\"yoast-schema-graph\">{\"@context\":\"https:\\\/\\\/schema.org\",\"@graph\":[{\"@type\":\"WebPage\",\"@id\":\"https:\\\/\\\/miningspareparts.com\\\/product\\\/nflg-2000d-mixer-and-parts\\\/\",\"url\":\"https:\\\/\\\/miningspareparts.com\\\/product\\\/nflg-2000d-mixer-and-parts\\\/\",\"name\":\"NFLG 2000D Mixer And Parts - Crusher parts, Slurry Pump Parts, Excavator shovel parts\",\"isPartOf\":{\"@id\":\"https:\\\/\\\/miningspareparts.com\\\/#website\"},\"primaryImageOfPage\":{\"@id\":\"https:\\\/\\\/miningspareparts.com\\\/product\\\/nflg-2000d-mixer-and-parts\\\/#primaryimage\"},\"image\":{\"@id\":\"https:\\\/\\\/miningspareparts.com\\\/product\\\/nflg-2000d-mixer-and-parts\\\/#primaryimage\"},\"thumbnailUrl\":\"https:\\\/\\\/miningspareparts.com\\\/wp-content\\\/uploads\\\/2023\\\/12\\\/NFLG-2000D-Mixer-And-Parts.webp\",\"datePublished\":\"2023-12-30T03:31:07+00:00\",\"dateModified\":\"2024-04-05T12:14:06+00:00\",\"description\":\"Our NFLG 2000D twin-shaft mixer blades, mixing arms, and liners: original replacements ensuring seamless integration, durability, and wear resistance.\",\"breadcrumb\":{\"@id\":\"https:\\\/\\\/miningspareparts.com\\\/product\\\/nflg-2000d-mixer-and-parts\\\/#breadcrumb\"},\"inLanguage\":\"es\",\"potentialAction\":[{\"@type\":\"ReadAction\",\"target\":[\"https:\\\/\\\/miningspareparts.com\\\/product\\\/nflg-2000d-mixer-and-parts\\\/\"]}]},{\"@type\":\"ImageObject\",\"inLanguage\":\"es\",\"@id\":\"https:\\\/\\\/miningspareparts.com\\\/product\\\/nflg-2000d-mixer-and-parts\\\/#primaryimage\",\"url\":\"https:\\\/\\\/miningspareparts.com\\\/wp-content\\\/uploads\\\/2023\\\/12\\\/NFLG-2000D-Mixer-And-Parts.webp\",\"contentUrl\":\"https:\\\/\\\/miningspareparts.com\\\/wp-content\\\/uploads\\\/2023\\\/12\\\/NFLG-2000D-Mixer-And-Parts.webp\",\"width\":800,\"height\":800},{\"@type\":\"BreadcrumbList\",\"@id\":\"https:\\\/\\\/miningspareparts.com\\\/product\\\/nflg-2000d-mixer-and-parts\\\/#breadcrumb\",\"itemListElement\":[{\"@type\":\"ListItem\",\"position\":1,\"name\":\"Home\",\"item\":\"https:\\\/\\\/miningspareparts.com\\\/\"},{\"@type\":\"ListItem\",\"position\":2,\"name\":\"Premium Mining Wear And Spare Parts\",\"item\":\"https:\\\/\\\/miningspareparts.com\\\/shop\\\/\"},{\"@type\":\"ListItem\",\"position\":3,\"name\":\"NFLG 2000D Mixer And Parts\"}]},{\"@type\":\"WebSite\",\"@id\":\"https:\\\/\\\/miningspareparts.com\\\/#website\",\"url\":\"https:\\\/\\\/miningspareparts.com\\\/\",\"name\":\"Crusher parts , Concrete Mixer Parts, Slurry Pump Parts, Mining Spares\",\"description\":\"Mining Wear &amp; Spare Parts Supplier\",\"publisher\":{\"@id\":\"https:\\\/\\\/miningspareparts.com\\\/#organization\"},\"potentialAction\":[{\"@type\":\"SearchAction\",\"target\":{\"@type\":\"EntryPoint\",\"urlTemplate\":\"https:\\\/\\\/miningspareparts.com\\\/?s={search_term_string}\"},\"query-input\":{\"@type\":\"PropertyValueSpecification\",\"valueRequired\":true,\"valueName\":\"search_term_string\"}}],\"inLanguage\":\"es\"},{\"@type\":\"Organization\",\"@id\":\"https:\\\/\\\/miningspareparts.com\\\/#organization\",\"name\":\"Crusher parts , Concrete Mixer Parts, Slurry Pump Parts, Mining Spares\",\"url\":\"https:\\\/\\\/miningspareparts.com\\\/\",\"logo\":{\"@type\":\"ImageObject\",\"inLanguage\":\"es\",\"@id\":\"https:\\\/\\\/miningspareparts.com\\\/#\\\/schema\\\/logo\\\/image\\\/\",\"url\":\"https:\\\/\\\/miningspareparts.com\\\/wp-content\\\/uploads\\\/2025\\\/04\\\/cropped-cropped-logo\u6b63\u65b9\u5f62.png\",\"contentUrl\":\"https:\\\/\\\/miningspareparts.com\\\/wp-content\\\/uploads\\\/2025\\\/04\\\/cropped-cropped-logo\u6b63\u65b9\u5f62.png\",\"width\":511,\"height\":171,\"caption\":\"Crusher parts , Concrete Mixer Parts, Slurry Pump Parts, Mining Spares\"},\"image\":{\"@id\":\"https:\\\/\\\/miningspareparts.com\\\/#\\\/schema\\\/logo\\\/image\\\/\"}}]}<\/script>\n<!-- \/ Yoast SEO plugin. -->","yoast_head_json":{"title":"NFLG 2000D Mixer And Parts - Crusher parts, Slurry Pump Parts, Excavator shovel parts","description":"Our NFLG 2000D twin-shaft mixer blades, mixing arms, and liners: original replacements ensuring seamless integration, durability, and wear resistance.","robots":{"index":"index","follow":"follow","max-snippet":"max-snippet:-1","max-image-preview":"max-image-preview:large","max-video-preview":"max-video-preview:-1"},"canonical":"https:\/\/miningspareparts.com\/es\/producto\/nflg-2000d-mixer-and-parts\/","og_locale":"es_MX","og_type":"article","og_title":"NFLG 2000D Mixer And Parts - Crusher parts, Slurry Pump Parts, Excavator shovel parts","og_description":"Our NFLG 2000D twin-shaft mixer blades, mixing arms, and liners: original replacements ensuring seamless integration, durability, and wear resistance.","og_url":"https:\/\/miningspareparts.com\/es\/producto\/nflg-2000d-mixer-and-parts\/","og_site_name":"Crusher parts, Slurry Pump Parts, Excavator shovel parts","article_modified_time":"2024-04-05T12:14:06+00:00","og_image":[{"width":800,"height":800,"url":"https:\/\/miningspareparts.com\/wp-content\/uploads\/2023\/12\/NFLG-2000D-Mixer-And-Parts.webp","type":"image\/webp"}],"twitter_card":"summary_large_image","twitter_misc":{"Tiempo de lectura":"3 minutos"},"schema":{"@context":"https:\/\/schema.org","@graph":[{"@type":"WebPage","@id":"https:\/\/miningspareparts.com\/product\/nflg-2000d-mixer-and-parts\/","url":"https:\/\/miningspareparts.com\/product\/nflg-2000d-mixer-and-parts\/","name":"NFLG 2000D Mixer And Parts - Crusher parts, Slurry Pump Parts, Excavator shovel parts","isPartOf":{"@id":"https:\/\/miningspareparts.com\/#website"},"primaryImageOfPage":{"@id":"https:\/\/miningspareparts.com\/product\/nflg-2000d-mixer-and-parts\/#primaryimage"},"image":{"@id":"https:\/\/miningspareparts.com\/product\/nflg-2000d-mixer-and-parts\/#primaryimage"},"thumbnailUrl":"https:\/\/miningspareparts.com\/wp-content\/uploads\/2023\/12\/NFLG-2000D-Mixer-And-Parts.webp","datePublished":"2023-12-30T03:31:07+00:00","dateModified":"2024-04-05T12:14:06+00:00","description":"Our NFLG 2000D twin-shaft mixer blades, mixing arms, and liners: original replacements ensuring seamless integration, durability, and wear resistance.","breadcrumb":{"@id":"https:\/\/miningspareparts.com\/product\/nflg-2000d-mixer-and-parts\/#breadcrumb"},"inLanguage":"es","potentialAction":[{"@type":"ReadAction","target":["https:\/\/miningspareparts.com\/product\/nflg-2000d-mixer-and-parts\/"]}]},{"@type":"ImageObject","inLanguage":"es","@id":"https:\/\/miningspareparts.com\/product\/nflg-2000d-mixer-and-parts\/#primaryimage","url":"https:\/\/miningspareparts.com\/wp-content\/uploads\/2023\/12\/NFLG-2000D-Mixer-And-Parts.webp","contentUrl":"https:\/\/miningspareparts.com\/wp-content\/uploads\/2023\/12\/NFLG-2000D-Mixer-And-Parts.webp","width":800,"height":800},{"@type":"BreadcrumbList","@id":"https:\/\/miningspareparts.com\/product\/nflg-2000d-mixer-and-parts\/#breadcrumb","itemListElement":[{"@type":"ListItem","position":1,"name":"Home","item":"https:\/\/miningspareparts.com\/"},{"@type":"ListItem","position":2,"name":"Premium Mining Wear And Spare Parts","item":"https:\/\/miningspareparts.com\/shop\/"},{"@type":"ListItem","position":3,"name":"NFLG 2000D Mixer And Parts"}]},{"@type":"WebSite","@id":"https:\/\/miningspareparts.com\/#website","url":"https:\/\/miningspareparts.com\/","name":"Crusher parts , Concrete Mixer Parts, Slurry Pump Parts, Mining Spares","description":"Mining Wear &amp; Spare Parts Supplier","publisher":{"@id":"https:\/\/miningspareparts.com\/#organization"},"potentialAction":[{"@type":"SearchAction","target":{"@type":"EntryPoint","urlTemplate":"https:\/\/miningspareparts.com\/?s={search_term_string}"},"query-input":{"@type":"PropertyValueSpecification","valueRequired":true,"valueName":"search_term_string"}}],"inLanguage":"es"},{"@type":"Organization","@id":"https:\/\/miningspareparts.com\/#organization","name":"Crusher parts , Concrete Mixer Parts, Slurry Pump Parts, Mining Spares","url":"https:\/\/miningspareparts.com\/","logo":{"@type":"ImageObject","inLanguage":"es","@id":"https:\/\/miningspareparts.com\/#\/schema\/logo\/image\/","url":"https:\/\/miningspareparts.com\/wp-content\/uploads\/2025\/04\/cropped-cropped-logo\u6b63\u65b9\u5f62.png","contentUrl":"https:\/\/miningspareparts.com\/wp-content\/uploads\/2025\/04\/cropped-cropped-logo\u6b63\u65b9\u5f62.png","width":511,"height":171,"caption":"Crusher parts , Concrete Mixer Parts, Slurry Pump Parts, Mining Spares"},"image":{"@id":"https:\/\/miningspareparts.com\/#\/schema\/logo\/image\/"}}]}},"uagb_featured_image_src":{"full":["https:\/\/miningspareparts.com\/wp-content\/uploads\/2023\/12\/NFLG-2000D-Mixer-And-Parts.webp",800,800,false],"thumbnail":["https:\/\/miningspareparts.com\/wp-content\/uploads\/2023\/12\/NFLG-2000D-Mixer-And-Parts-150x150.webp",150,150,true],"medium":["https:\/\/miningspareparts.com\/wp-content\/uploads\/2023\/12\/NFLG-2000D-Mixer-And-Parts-300x300.webp",300,300,true],"medium_large":["https:\/\/miningspareparts.com\/wp-content\/uploads\/2023\/12\/NFLG-2000D-Mixer-And-Parts-768x768.webp",768,768,true],"large":["https:\/\/miningspareparts.com\/wp-content\/uploads\/2023\/12\/NFLG-2000D-Mixer-And-Parts.webp",800,800,false],"1536x1536":["https:\/\/miningspareparts.com\/wp-content\/uploads\/2023\/12\/NFLG-2000D-Mixer-And-Parts.webp",800,800,false],"2048x2048":["https:\/\/miningspareparts.com\/wp-content\/uploads\/2023\/12\/NFLG-2000D-Mixer-And-Parts.webp",800,800,false],"trp-custom-language-flag":["https:\/\/miningspareparts.com\/wp-content\/uploads\/2023\/12\/NFLG-2000D-Mixer-And-Parts-12x12.webp",12,12,true],"woocommerce_thumbnail":["https:\/\/miningspareparts.com\/wp-content\/uploads\/2023\/12\/NFLG-2000D-Mixer-And-Parts-300x300.webp",300,300,true],"woocommerce_single":["https:\/\/miningspareparts.com\/wp-content\/uploads\/2023\/12\/NFLG-2000D-Mixer-And-Parts-600x600.webp",600,600,true],"woocommerce_gallery_thumbnail":["https:\/\/miningspareparts.com\/wp-content\/uploads\/2023\/12\/NFLG-2000D-Mixer-And-Parts-100x100.webp",100,100,true]},"uagb_author_info":{"display_name":"Miningspareparts","author_link":"https:\/\/miningspareparts.com\/es\/author\/"},"uagb_comment_info":0,"uagb_excerpt":"Models:NFLG 2000D","_links":{"self":[{"href":"https:\/\/miningspareparts.com\/es\/wp-json\/wp\/v2\/product\/1875","targetHints":{"allow":["GET"]}}],"collection":[{"href":"https:\/\/miningspareparts.com\/es\/wp-json\/wp\/v2\/product"}],"about":[{"href":"https:\/\/miningspareparts.com\/es\/wp-json\/wp\/v2\/types\/product"}],"wp:featuredmedia":[{"embeddable":true,"href":"https:\/\/miningspareparts.com\/es\/wp-json\/wp\/v2\/media\/4779"}],"wp:attachment":[{"href":"https:\/\/miningspareparts.com\/es\/wp-json\/wp\/v2\/media?parent=1875"}],"wp:term":[{"taxonomy":"product_brand","embeddable":true,"href":"https:\/\/miningspareparts.com\/es\/wp-json\/wp\/v2\/product_brand?post=1875"},{"taxonomy":"product_cat","embeddable":true,"href":"https:\/\/miningspareparts.com\/es\/wp-json\/wp\/v2\/product_cat?post=1875"},{"taxonomy":"product_tag","embeddable":true,"href":"https:\/\/miningspareparts.com\/es\/wp-json\/wp\/v2\/product_tag?post=1875"}],"curies":[{"name":"wp","href":"https:\/\/api.w.org\/{rel}","templated":true}]}}