{"id":1957,"date":"2023-12-30T04:50:04","date_gmt":"2023-12-30T04:50:04","guid":{"rendered":"https:\/\/miningspareparts.com\/?post_type=product&#038;p=1957"},"modified":"2024-01-17T06:27:17","modified_gmt":"2024-01-17T06:27:17","slug":"nflg-1500b-mixer-and-parts","status":"publish","type":"product","link":"https:\/\/miningspareparts.com\/es\/producto\/nflg-1500b-mixer-and-parts\/","title":{"rendered":"Mezcladora NFLG 1500B y piezas"},"content":{"rendered":"<p><strong>He aqu\u00ed una descripci\u00f3n de NFLG 1500B Mixer And Parts<\/strong><\/p>\n<table>\n<tbody>\n<tr>\n<td width=\"64\">NO.<\/td>\n<td width=\"219\">Especificaci\u00f3n<\/td>\n<td width=\"85\">Cantidad<\/td>\n<td width=\"66\">Unidad.<\/td>\n<td width=\"104\">Peso unitario (Kg)<\/td>\n<td width=\"84\">Peso total (Kg)<\/td>\n<td width=\"95\">Observaciones<\/td>\n<\/tr>\n<tr>\n<td width=\"64\">1<\/td>\n<td width=\"219\">Hoja central<\/td>\n<td width=\"85\">12<\/td>\n<td width=\"66\">Pcs<\/td>\n<td width=\"104\">11.4<\/td>\n<td width=\"84\">136.8<\/td>\n<td width=\"95\"><\/td>\n<\/tr>\n<tr>\n<td width=\"64\">2<\/td>\n<td width=\"219\">Cuchilla lateral<\/td>\n<td width=\"85\">4<\/td>\n<td width=\"66\">Pcs<\/td>\n<td width=\"104\">9.6<\/td>\n<td width=\"84\">38.4<\/td>\n<td width=\"95\"><\/td>\n<\/tr>\n<tr>\n<td width=\"64\">3<\/td>\n<td width=\"219\">Rascador<\/td>\n<td width=\"85\">4<\/td>\n<td width=\"66\">Pcs<\/td>\n<td width=\"104\">7.4<\/td>\n<td width=\"84\">29.6<\/td>\n<td width=\"95\"><\/td>\n<\/tr>\n<tr>\n<td width=\"64\">4<\/td>\n<td width=\"219\">Brazo central<\/td>\n<td width=\"85\">12<\/td>\n<td width=\"66\">Pcs<\/td>\n<td width=\"104\"><\/td>\n<td width=\"84\"><\/td>\n<td width=\"95\"><\/td>\n<\/tr>\n<tr>\n<td width=\"64\">5<\/td>\n<td width=\"219\">Brazo lateral<\/td>\n<td width=\"85\">4<\/td>\n<td width=\"66\">Pcs<\/td>\n<td width=\"104\"><\/td>\n<td width=\"84\"><\/td>\n<td width=\"95\"><\/td>\n<\/tr>\n<tr>\n<td width=\"64\">6<\/td>\n<td width=\"219\">Arco Liner<\/td>\n<td width=\"85\">108<\/td>\n<td width=\"66\">Pcs<\/td>\n<td width=\"104\">5.2<\/td>\n<td width=\"84\">561.6<\/td>\n<td width=\"95\"><\/td>\n<\/tr>\n<tr>\n<td width=\"64\">7<\/td>\n<td width=\"219\">Liner bucal<\/td>\n<td width=\"85\">16<\/td>\n<td width=\"66\">Pcs<\/td>\n<td width=\"104\">8.4<\/td>\n<td width=\"84\">134.4<\/td>\n<td width=\"95\"><\/td>\n<\/tr>\n<tr>\n<td width=\"64\">8<\/td>\n<td width=\"219\">Liner en abanico<\/td>\n<td width=\"85\">8<\/td>\n<td width=\"66\">Pcs<\/td>\n<td width=\"104\">23<\/td>\n<td width=\"84\">184<\/td>\n<td width=\"95\"><\/td>\n<\/tr>\n<tr>\n<td width=\"64\">9<\/td>\n<td width=\"219\">Collar\u00edn<\/td>\n<td width=\"85\">8<\/td>\n<td width=\"66\">Pcs<\/td>\n<td width=\"104\">18.5<\/td>\n<td width=\"84\">148<\/td>\n<td width=\"95\"><\/td>\n<\/tr>\n<tr>\n<td width=\"64\">Total<\/td>\n<td width=\"219\"><\/td>\n<td width=\"85\">176<\/td>\n<td width=\"66\"><\/td>\n<td width=\"104\"><\/td>\n<td width=\"84\">1232.8<\/td>\n<td width=\"95\"><\/td>\n<\/tr>\n<\/tbody>\n<\/table>\n<p><img fetchpriority=\"high\" decoding=\"async\" class=\"wp-image-3550 alignleft\" src=\"https:\/\/miningspareparts.com\/wp-content\/uploads\/2024\/01\/Mixer-And-Wear-Parts1-239x300.webp\" alt=\"\" width=\"498\" height=\"625\" srcset=\"https:\/\/miningspareparts.com\/wp-content\/uploads\/2024\/01\/Mixer-And-Wear-Parts1-239x300.webp 239w, https:\/\/miningspareparts.com\/wp-content\/uploads\/2024\/01\/Mixer-And-Wear-Parts1-817x1024.webp 817w, https:\/\/miningspareparts.com\/wp-content\/uploads\/2024\/01\/Mixer-And-Wear-Parts1-768x963.webp 768w, https:\/\/miningspareparts.com\/wp-content\/uploads\/2024\/01\/Mixer-And-Wear-Parts1-1226x1536.webp 1226w, https:\/\/miningspareparts.com\/wp-content\/uploads\/2024\/01\/Mixer-And-Wear-Parts1-1634x2048.webp 1634w, https:\/\/miningspareparts.com\/wp-content\/uploads\/2024\/01\/Mixer-And-Wear-Parts1-600x752.webp 600w, https:\/\/miningspareparts.com\/wp-content\/uploads\/2024\/01\/Mixer-And-Wear-Parts1.webp 2037w\" sizes=\"(max-width: 498px) 100vw, 498px\" \/><span style=\"font-size: 16px\">\u00a0<\/span><img decoding=\"async\" class=\"wp-image-3551 alignnone\" style=\"font-weight: inherit\" src=\"https:\/\/miningspareparts.com\/wp-content\/uploads\/2024\/01\/Mixer-And-Wear-Parts2-210x300.webp\" alt=\"\" width=\"454\" height=\"649\" srcset=\"https:\/\/miningspareparts.com\/wp-content\/uploads\/2024\/01\/Mixer-And-Wear-Parts2-210x300.webp 210w, https:\/\/miningspareparts.com\/wp-content\/uploads\/2024\/01\/Mixer-And-Wear-Parts2-600x856.webp 600w\" sizes=\"(max-width: 454px) 100vw, 454px\" \/><\/p>\n<p>Mejore su experiencia de mezclado con nuestras vanguardistas palas, brazos mezcladores y camisas de mezcladora de doble eje NFLG 1500B. Como fabricante, nos enorgullecemos de ofrecer recambios originales que redefinen la durabilidad, garantizando un rendimiento \u00f3ptimo durante todo su ciclo de vida.<\/p>\n<p>El t\u00e9rmino \"recambio original\" resume nuestro compromiso de proporcionar componentes dise\u00f1ados para ajustarse a las especificaciones exactas de su mezcladora. Cuando elige piezas de repuesto NFLG 1500B, est\u00e1 invirtiendo en ingenier\u00eda de precisi\u00f3n que se integra perfectamente en su equipo, devolvi\u00e9ndole su eficiencia original.<\/p>\n<p>En el \u00e1mbito de las opciones de posventa, nuestros productos destacan por su calidad inigualable. Somos conscientes de las exigencias a las que se ven sometidos los equipos de mezclado en diversos sectores, y nuestros componentes de posventa est\u00e1n dise\u00f1ados no s\u00f3lo para cumplir esas expectativas, sino para superarlas. Este compromiso con la excelencia se traduce en una mayor vida \u00fatil, un menor tiempo de inactividad y una mayor rentabilidad para sus operaciones.<\/p>\n<p>La durabilidad es la piedra angular de nuestra filosof\u00eda de dise\u00f1o. Las palas, los brazos mezcladores y los revestimientos de la mezcladora de doble eje NFLG 1500B est\u00e1n forjados con materiales de primera calidad, meticulosamente seleccionados por su resistencia al desgaste. Tanto si se enfrentan a \u00e1ridos abrasivos como si soportan mezclas de alta intensidad, nuestros componentes mantienen su integridad estructural, garantizando un rendimiento sostenido a lo largo del tiempo.<\/p>","protected":false},"excerpt":{"rendered":"<p>Modelos:NFLG 1500B<\/p>","protected":false},"featured_media":1873,"template":"","meta":{"_uag_custom_page_level_css":"","site-sidebar-layout":"default","site-content-layout":"","ast-site-content-layout":"default","site-content-style":"default","site-sidebar-style":"default","ast-global-header-display":"","ast-banner-title-visibility":"","ast-main-header-display":"","ast-hfb-above-header-display":"","ast-hfb-below-header-display":"","ast-hfb-mobile-header-display":"","site-post-title":"","ast-breadcrumbs-content":"","ast-featured-img":"","footer-sml-layout":"","ast-disable-related-posts":"","theme-transparent-header-meta":"default","adv-header-id-meta":"","stick-header-meta":"default","header-above-stick-meta":"","header-main-stick-meta":"","header-below-stick-meta":"","astra-migrate-meta-layouts":"set","ast-page-background-enabled":"default","ast-page-background-meta":{"desktop":{"background-color":"var(--ast-global-color-4)","background-image":"","background-repeat":"repeat","background-position":"center center","background-size":"auto","background-attachment":"scroll","background-type":"","background-media":"","overlay-type":"","overlay-color":"","overlay-opacity":"","overlay-gradient":""},"tablet":{"background-color":"","background-image":"","background-repeat":"repeat","background-position":"center center","background-size":"auto","background-attachment":"scroll","background-type":"","background-media":"","overlay-type":"","overlay-color":"","overlay-opacity":"","overlay-gradient":""},"mobile":{"background-color":"","background-image":"","background-repeat":"repeat","background-position":"center center","background-size":"auto","background-attachment":"scroll","background-type":"","background-media":"","overlay-type":"","overlay-color":"","overlay-opacity":"","overlay-gradient":""}},"ast-content-background-meta":{"desktop":{"background-color":"var(--ast-global-color-5)","background-image":"","background-repeat":"repeat","background-position":"center center","background-size":"auto","background-attachment":"scroll","background-type":"","background-media":"","overlay-type":"","overlay-color":"","overlay-opacity":"","overlay-gradient":""},"tablet":{"background-color":"var(--ast-global-color-5)","background-image":"","background-repeat":"repeat","background-position":"center center","background-size":"auto","background-attachment":"scroll","background-type":"","background-media":"","overlay-type":"","overlay-color":"","overlay-opacity":"","overlay-gradient":""},"mobile":{"background-color":"var(--ast-global-color-5)","background-image":"","background-repeat":"repeat","background-position":"center center","background-size":"auto","background-attachment":"scroll","background-type":"","background-media":"","overlay-type":"","overlay-color":"","overlay-opacity":"","overlay-gradient":""}}},"product_brand":[],"product_cat":[82,248],"product_tag":[267,268,269],"class_list":{"0":"post-1957","1":"product","2":"type-product","3":"status-publish","4":"has-post-thumbnail","6":"product_cat-asphalt-mixer-parts","7":"product_cat-nflg","8":"product_tag-asphalt","9":"product_tag-blade","10":"product_tag-mixing-arm","11":"desktop-align-left","12":"tablet-align-left","13":"mobile-align-left","14":"ast-product-gallery-layout-horizontal-slider","15":"ast-product-gallery-with-no-image","16":"ast-product-single-variable","17":"ast-product-tabs-layout-horizontal","19":"first","20":"instock","21":"shipping-taxable","22":"product-type-variable"},"yoast_head":"<!-- This site is optimized with the Yoast SEO plugin v27.4 - https:\/\/yoast.com\/product\/yoast-seo-wordpress\/ -->\n<title>NFLG 1500B Mixer And Parts - Crusher parts, Slurry Pump Parts, Excavator shovel parts<\/title>\n<meta name=\"description\" content=\"NFLG 1500B Twin Shaft Mixer Blades, Arms and Liners: Original replacement parts ensure optimal performance and unparalleled wear resistance.\" \/>\n<meta name=\"robots\" content=\"index, follow, max-snippet:-1, max-image-preview:large, max-video-preview:-1\" \/>\n<link rel=\"canonical\" href=\"https:\/\/miningspareparts.com\/es\/producto\/nflg-1500b-mixer-and-parts\/\" \/>\n<meta property=\"og:locale\" content=\"es_MX\" \/>\n<meta property=\"og:type\" content=\"article\" \/>\n<meta property=\"og:title\" content=\"NFLG 1500B Mixer And Parts - Crusher parts, Slurry Pump Parts, Excavator shovel parts\" \/>\n<meta property=\"og:description\" content=\"NFLG 1500B Twin Shaft Mixer Blades, Arms and Liners: Original replacement parts ensure optimal performance and unparalleled wear resistance.\" \/>\n<meta property=\"og:url\" content=\"https:\/\/miningspareparts.com\/es\/producto\/nflg-1500b-mixer-and-parts\/\" \/>\n<meta property=\"og:site_name\" content=\"Crusher parts, Slurry Pump Parts, Excavator shovel parts\" \/>\n<meta property=\"article:modified_time\" content=\"2024-01-17T06:27:17+00:00\" \/>\n<meta property=\"og:image\" content=\"https:\/\/miningspareparts.com\/wp-content\/uploads\/2023\/12\/NFLG-JS4500XD.webp\" \/>\n\t<meta property=\"og:image:width\" content=\"640\" \/>\n\t<meta property=\"og:image:height\" content=\"435\" \/>\n\t<meta property=\"og:image:type\" content=\"image\/webp\" \/>\n<meta name=\"twitter:card\" content=\"summary_large_image\" \/>\n<meta name=\"twitter:label1\" content=\"Tiempo de lectura\" \/>\n\t<meta name=\"twitter:data1\" content=\"2 minutos\" \/>\n<script type=\"application\/ld+json\" class=\"yoast-schema-graph\">{\"@context\":\"https:\\\/\\\/schema.org\",\"@graph\":[{\"@type\":\"WebPage\",\"@id\":\"https:\\\/\\\/miningspareparts.com\\\/product\\\/nflg-1500b-mixer-and-parts\\\/\",\"url\":\"https:\\\/\\\/miningspareparts.com\\\/product\\\/nflg-1500b-mixer-and-parts\\\/\",\"name\":\"NFLG 1500B Mixer And Parts - Crusher parts, Slurry Pump Parts, Excavator shovel parts\",\"isPartOf\":{\"@id\":\"https:\\\/\\\/miningspareparts.com\\\/#website\"},\"primaryImageOfPage\":{\"@id\":\"https:\\\/\\\/miningspareparts.com\\\/product\\\/nflg-1500b-mixer-and-parts\\\/#primaryimage\"},\"image\":{\"@id\":\"https:\\\/\\\/miningspareparts.com\\\/product\\\/nflg-1500b-mixer-and-parts\\\/#primaryimage\"},\"thumbnailUrl\":\"https:\\\/\\\/miningspareparts.com\\\/wp-content\\\/uploads\\\/2023\\\/12\\\/NFLG-JS4500XD.webp\",\"datePublished\":\"2023-12-30T04:50:04+00:00\",\"dateModified\":\"2024-01-17T06:27:17+00:00\",\"description\":\"NFLG 1500B Twin Shaft Mixer Blades, Arms and Liners: Original replacement parts ensure optimal performance and unparalleled wear resistance.\",\"breadcrumb\":{\"@id\":\"https:\\\/\\\/miningspareparts.com\\\/product\\\/nflg-1500b-mixer-and-parts\\\/#breadcrumb\"},\"inLanguage\":\"es\",\"potentialAction\":[{\"@type\":\"ReadAction\",\"target\":[\"https:\\\/\\\/miningspareparts.com\\\/product\\\/nflg-1500b-mixer-and-parts\\\/\"]}]},{\"@type\":\"ImageObject\",\"inLanguage\":\"es\",\"@id\":\"https:\\\/\\\/miningspareparts.com\\\/product\\\/nflg-1500b-mixer-and-parts\\\/#primaryimage\",\"url\":\"https:\\\/\\\/miningspareparts.com\\\/wp-content\\\/uploads\\\/2023\\\/12\\\/NFLG-JS4500XD.webp\",\"contentUrl\":\"https:\\\/\\\/miningspareparts.com\\\/wp-content\\\/uploads\\\/2023\\\/12\\\/NFLG-JS4500XD.webp\",\"width\":640,\"height\":435,\"caption\":\"NFLG JS4500XD concrete mixer\"},{\"@type\":\"BreadcrumbList\",\"@id\":\"https:\\\/\\\/miningspareparts.com\\\/product\\\/nflg-1500b-mixer-and-parts\\\/#breadcrumb\",\"itemListElement\":[{\"@type\":\"ListItem\",\"position\":1,\"name\":\"Home\",\"item\":\"https:\\\/\\\/miningspareparts.com\\\/\"},{\"@type\":\"ListItem\",\"position\":2,\"name\":\"Premium Mining Wear And Spare Parts\",\"item\":\"https:\\\/\\\/miningspareparts.com\\\/shop\\\/\"},{\"@type\":\"ListItem\",\"position\":3,\"name\":\"NFLG 1500B Mixer And Parts\"}]},{\"@type\":\"WebSite\",\"@id\":\"https:\\\/\\\/miningspareparts.com\\\/#website\",\"url\":\"https:\\\/\\\/miningspareparts.com\\\/\",\"name\":\"Crusher parts , Concrete Mixer Parts, Slurry Pump Parts, Mining Spares\",\"description\":\"Mining Wear &amp; Spare Parts Supplier\",\"publisher\":{\"@id\":\"https:\\\/\\\/miningspareparts.com\\\/#organization\"},\"potentialAction\":[{\"@type\":\"SearchAction\",\"target\":{\"@type\":\"EntryPoint\",\"urlTemplate\":\"https:\\\/\\\/miningspareparts.com\\\/?s={search_term_string}\"},\"query-input\":{\"@type\":\"PropertyValueSpecification\",\"valueRequired\":true,\"valueName\":\"search_term_string\"}}],\"inLanguage\":\"es\"},{\"@type\":\"Organization\",\"@id\":\"https:\\\/\\\/miningspareparts.com\\\/#organization\",\"name\":\"Crusher parts , Concrete Mixer Parts, Slurry Pump Parts, Mining Spares\",\"url\":\"https:\\\/\\\/miningspareparts.com\\\/\",\"logo\":{\"@type\":\"ImageObject\",\"inLanguage\":\"es\",\"@id\":\"https:\\\/\\\/miningspareparts.com\\\/#\\\/schema\\\/logo\\\/image\\\/\",\"url\":\"https:\\\/\\\/miningspareparts.com\\\/wp-content\\\/uploads\\\/2025\\\/04\\\/cropped-cropped-logo\u6b63\u65b9\u5f62.png\",\"contentUrl\":\"https:\\\/\\\/miningspareparts.com\\\/wp-content\\\/uploads\\\/2025\\\/04\\\/cropped-cropped-logo\u6b63\u65b9\u5f62.png\",\"width\":511,\"height\":171,\"caption\":\"Crusher parts , Concrete Mixer Parts, Slurry Pump Parts, Mining Spares\"},\"image\":{\"@id\":\"https:\\\/\\\/miningspareparts.com\\\/#\\\/schema\\\/logo\\\/image\\\/\"}}]}<\/script>\n<!-- \/ Yoast SEO plugin. -->","yoast_head_json":{"title":"NFLG 1500B Mixer And Parts - Crusher parts, Slurry Pump Parts, Excavator shovel parts","description":"NFLG 1500B Twin Shaft Mixer Blades, Arms and Liners: Original replacement parts ensure optimal performance and unparalleled wear resistance.","robots":{"index":"index","follow":"follow","max-snippet":"max-snippet:-1","max-image-preview":"max-image-preview:large","max-video-preview":"max-video-preview:-1"},"canonical":"https:\/\/miningspareparts.com\/es\/producto\/nflg-1500b-mixer-and-parts\/","og_locale":"es_MX","og_type":"article","og_title":"NFLG 1500B Mixer And Parts - Crusher parts, Slurry Pump Parts, Excavator shovel parts","og_description":"NFLG 1500B Twin Shaft Mixer Blades, Arms and Liners: Original replacement parts ensure optimal performance and unparalleled wear resistance.","og_url":"https:\/\/miningspareparts.com\/es\/producto\/nflg-1500b-mixer-and-parts\/","og_site_name":"Crusher parts, Slurry Pump Parts, Excavator shovel parts","article_modified_time":"2024-01-17T06:27:17+00:00","og_image":[{"width":640,"height":435,"url":"https:\/\/miningspareparts.com\/wp-content\/uploads\/2023\/12\/NFLG-JS4500XD.webp","type":"image\/webp"}],"twitter_card":"summary_large_image","twitter_misc":{"Tiempo de lectura":"2 minutos"},"schema":{"@context":"https:\/\/schema.org","@graph":[{"@type":"WebPage","@id":"https:\/\/miningspareparts.com\/product\/nflg-1500b-mixer-and-parts\/","url":"https:\/\/miningspareparts.com\/product\/nflg-1500b-mixer-and-parts\/","name":"NFLG 1500B Mixer And Parts - Crusher parts, Slurry Pump Parts, Excavator shovel parts","isPartOf":{"@id":"https:\/\/miningspareparts.com\/#website"},"primaryImageOfPage":{"@id":"https:\/\/miningspareparts.com\/product\/nflg-1500b-mixer-and-parts\/#primaryimage"},"image":{"@id":"https:\/\/miningspareparts.com\/product\/nflg-1500b-mixer-and-parts\/#primaryimage"},"thumbnailUrl":"https:\/\/miningspareparts.com\/wp-content\/uploads\/2023\/12\/NFLG-JS4500XD.webp","datePublished":"2023-12-30T04:50:04+00:00","dateModified":"2024-01-17T06:27:17+00:00","description":"NFLG 1500B Twin Shaft Mixer Blades, Arms and Liners: Original replacement parts ensure optimal performance and unparalleled wear resistance.","breadcrumb":{"@id":"https:\/\/miningspareparts.com\/product\/nflg-1500b-mixer-and-parts\/#breadcrumb"},"inLanguage":"es","potentialAction":[{"@type":"ReadAction","target":["https:\/\/miningspareparts.com\/product\/nflg-1500b-mixer-and-parts\/"]}]},{"@type":"ImageObject","inLanguage":"es","@id":"https:\/\/miningspareparts.com\/product\/nflg-1500b-mixer-and-parts\/#primaryimage","url":"https:\/\/miningspareparts.com\/wp-content\/uploads\/2023\/12\/NFLG-JS4500XD.webp","contentUrl":"https:\/\/miningspareparts.com\/wp-content\/uploads\/2023\/12\/NFLG-JS4500XD.webp","width":640,"height":435,"caption":"NFLG JS4500XD concrete mixer"},{"@type":"BreadcrumbList","@id":"https:\/\/miningspareparts.com\/product\/nflg-1500b-mixer-and-parts\/#breadcrumb","itemListElement":[{"@type":"ListItem","position":1,"name":"Home","item":"https:\/\/miningspareparts.com\/"},{"@type":"ListItem","position":2,"name":"Premium Mining Wear And Spare Parts","item":"https:\/\/miningspareparts.com\/shop\/"},{"@type":"ListItem","position":3,"name":"NFLG 1500B Mixer And Parts"}]},{"@type":"WebSite","@id":"https:\/\/miningspareparts.com\/#website","url":"https:\/\/miningspareparts.com\/","name":"Crusher parts , Concrete Mixer Parts, Slurry Pump Parts, Mining Spares","description":"Mining Wear &amp; Spare Parts Supplier","publisher":{"@id":"https:\/\/miningspareparts.com\/#organization"},"potentialAction":[{"@type":"SearchAction","target":{"@type":"EntryPoint","urlTemplate":"https:\/\/miningspareparts.com\/?s={search_term_string}"},"query-input":{"@type":"PropertyValueSpecification","valueRequired":true,"valueName":"search_term_string"}}],"inLanguage":"es"},{"@type":"Organization","@id":"https:\/\/miningspareparts.com\/#organization","name":"Crusher parts , Concrete Mixer Parts, Slurry Pump Parts, Mining Spares","url":"https:\/\/miningspareparts.com\/","logo":{"@type":"ImageObject","inLanguage":"es","@id":"https:\/\/miningspareparts.com\/#\/schema\/logo\/image\/","url":"https:\/\/miningspareparts.com\/wp-content\/uploads\/2025\/04\/cropped-cropped-logo\u6b63\u65b9\u5f62.png","contentUrl":"https:\/\/miningspareparts.com\/wp-content\/uploads\/2025\/04\/cropped-cropped-logo\u6b63\u65b9\u5f62.png","width":511,"height":171,"caption":"Crusher parts , Concrete Mixer Parts, Slurry Pump Parts, Mining Spares"},"image":{"@id":"https:\/\/miningspareparts.com\/#\/schema\/logo\/image\/"}}]}},"uagb_featured_image_src":{"full":["https:\/\/miningspareparts.com\/wp-content\/uploads\/2023\/12\/NFLG-JS4500XD.webp",640,435,false],"thumbnail":["https:\/\/miningspareparts.com\/wp-content\/uploads\/2023\/12\/NFLG-JS4500XD-150x150.webp",150,150,true],"medium":["https:\/\/miningspareparts.com\/wp-content\/uploads\/2023\/12\/NFLG-JS4500XD-300x204.webp",300,204,true],"medium_large":["https:\/\/miningspareparts.com\/wp-content\/uploads\/2023\/12\/NFLG-JS4500XD.webp",640,435,false],"large":["https:\/\/miningspareparts.com\/wp-content\/uploads\/2023\/12\/NFLG-JS4500XD.webp",640,435,false],"1536x1536":["https:\/\/miningspareparts.com\/wp-content\/uploads\/2023\/12\/NFLG-JS4500XD.webp",640,435,false],"2048x2048":["https:\/\/miningspareparts.com\/wp-content\/uploads\/2023\/12\/NFLG-JS4500XD.webp",640,435,false],"trp-custom-language-flag":["https:\/\/miningspareparts.com\/wp-content\/uploads\/2023\/12\/NFLG-JS4500XD.webp",18,12,false],"woocommerce_thumbnail":["https:\/\/miningspareparts.com\/wp-content\/uploads\/2023\/12\/NFLG-JS4500XD-300x300.webp",300,300,true],"woocommerce_single":["https:\/\/miningspareparts.com\/wp-content\/uploads\/2023\/12\/NFLG-JS4500XD-600x408.webp",600,408,true],"woocommerce_gallery_thumbnail":["https:\/\/miningspareparts.com\/wp-content\/uploads\/2023\/12\/NFLG-JS4500XD-100x100.webp",100,100,true]},"uagb_author_info":{"display_name":"Miningspareparts","author_link":"https:\/\/miningspareparts.com\/es\/author\/"},"uagb_comment_info":0,"uagb_excerpt":"Models:NFLG 1500B","_links":{"self":[{"href":"https:\/\/miningspareparts.com\/es\/wp-json\/wp\/v2\/product\/1957","targetHints":{"allow":["GET"]}}],"collection":[{"href":"https:\/\/miningspareparts.com\/es\/wp-json\/wp\/v2\/product"}],"about":[{"href":"https:\/\/miningspareparts.com\/es\/wp-json\/wp\/v2\/types\/product"}],"wp:featuredmedia":[{"embeddable":true,"href":"https:\/\/miningspareparts.com\/es\/wp-json\/wp\/v2\/media\/1873"}],"wp:attachment":[{"href":"https:\/\/miningspareparts.com\/es\/wp-json\/wp\/v2\/media?parent=1957"}],"wp:term":[{"taxonomy":"product_brand","embeddable":true,"href":"https:\/\/miningspareparts.com\/es\/wp-json\/wp\/v2\/product_brand?post=1957"},{"taxonomy":"product_cat","embeddable":true,"href":"https:\/\/miningspareparts.com\/es\/wp-json\/wp\/v2\/product_cat?post=1957"},{"taxonomy":"product_tag","embeddable":true,"href":"https:\/\/miningspareparts.com\/es\/wp-json\/wp\/v2\/product_tag?post=1957"}],"curies":[{"name":"wp","href":"https:\/\/api.w.org\/{rel}","templated":true}]}}