{"id":1979,"date":"2023-12-30T05:09:38","date_gmt":"2023-12-30T05:09:38","guid":{"rendered":"https:\/\/miningspareparts.com\/?post_type=product&#038;p=1979"},"modified":"2024-01-17T06:53:19","modified_gmt":"2024-01-17T06:53:19","slug":"sany-js3000-mixer-and-parts","status":"publish","type":"product","link":"https:\/\/miningspareparts.com\/es\/producto\/sany-js3000-mixer-and-parts\/","title":{"rendered":"Mezcladora SANY JS3000 y repuestos"},"content":{"rendered":"<p><strong>He aqu\u00ed una descripci\u00f3n de la Mezcladora SANY JS3000 y sus piezas<\/strong><\/p>\n<table width=\"100%\">\n<tbody>\n<tr>\n<td width=\"6%\">NO.<\/td>\n<td width=\"25%\">Especificaci\u00f3n<\/td>\n<td width=\"20%\">C\u00f3digo del art\u00edculo<\/td>\n<td width=\"7%\">Cantidad<\/td>\n<td width=\"7%\">Unidad.<\/td>\n<td width=\"10%\">Peso unitario (Kg)<\/td>\n<td width=\"11%\">Peso total (Kg)<\/td>\n<td width=\"10%\">Observaciones<\/td>\n<\/tr>\n<tr>\n<td width=\"6%\">1<\/td>\n<td width=\"25%\">centro Hoja<\/td>\n<td width=\"20%\">11336330<\/td>\n<td width=\"7%\">12<\/td>\n<td width=\"7%\">Pcs<\/td>\n<td width=\"10%\">17.5<\/td>\n<td width=\"11%\">210<\/td>\n<td width=\"10%\"><\/td>\n<\/tr>\n<tr>\n<td width=\"6%\">2<\/td>\n<td width=\"25%\">Hoja izquierda<\/td>\n<td width=\"20%\">11336331<\/td>\n<td width=\"7%\">4<\/td>\n<td width=\"7%\">Pcs<\/td>\n<td width=\"10%\">12.4<\/td>\n<td width=\"11%\">49.6<\/td>\n<td width=\"10%\"><\/td>\n<\/tr>\n<tr>\n<td width=\"6%\">3<\/td>\n<td width=\"25%\">Hoja derecha<\/td>\n<td width=\"20%\">11336328<\/td>\n<td width=\"7%\">2<\/td>\n<td width=\"7%\">Pcs<\/td>\n<td width=\"10%\">15.4<\/td>\n<td width=\"11%\">30.8<\/td>\n<td width=\"10%\"><\/td>\n<\/tr>\n<tr>\n<td width=\"6%\">4<\/td>\n<td width=\"25%\">Hoja izquierda<\/td>\n<td width=\"20%\">11336332<\/td>\n<td width=\"7%\">4<\/td>\n<td width=\"7%\">Pcs<\/td>\n<td width=\"10%\">9.7<\/td>\n<td width=\"11%\">38.8<\/td>\n<td width=\"10%\"><\/td>\n<\/tr>\n<tr>\n<td width=\"6%\">5<\/td>\n<td width=\"25%\">Cuchilla derecha<\/td>\n<td width=\"20%\">11336329<\/td>\n<td width=\"7%\">2<\/td>\n<td width=\"7%\">Pcs<\/td>\n<td width=\"10%\">10.2<\/td>\n<td width=\"11%\">20.4<\/td>\n<td width=\"10%\"><\/td>\n<\/tr>\n<tr>\n<td width=\"6%\">6<\/td>\n<td width=\"25%\">Brazo central<\/td>\n<td width=\"20%\">A820403000625<\/td>\n<td width=\"7%\">12<\/td>\n<td width=\"7%\">Pcs<\/td>\n<td width=\"10%\">41.4<\/td>\n<td width=\"11%\">496.8<\/td>\n<td width=\"10%\"><\/td>\n<\/tr>\n<tr>\n<td width=\"6%\">7<\/td>\n<td width=\"25%\">Brazo izquierdo<\/td>\n<td width=\"20%\">A820403000627<\/td>\n<td width=\"7%\">4<\/td>\n<td width=\"7%\">Pcs<\/td>\n<td width=\"10%\">31.6<\/td>\n<td width=\"11%\">126.4<\/td>\n<td width=\"10%\"><\/td>\n<\/tr>\n<tr>\n<td width=\"6%\">8<\/td>\n<td width=\"25%\">Brazo derecho<\/td>\n<td width=\"20%\">A820403000223<\/td>\n<td width=\"7%\">2<\/td>\n<td width=\"7%\">Pcs<\/td>\n<td width=\"10%\">39.8<\/td>\n<td width=\"11%\">79.6<\/td>\n<td width=\"10%\"><\/td>\n<\/tr>\n<tr>\n<td width=\"6%\">9<\/td>\n<td width=\"25%\">Asiento central<\/td>\n<td width=\"20%\"><\/td>\n<td width=\"7%\">12<\/td>\n<td width=\"7%\">Pcs<\/td>\n<td width=\"10%\">16.4<\/td>\n<td width=\"11%\">196.8<\/td>\n<td width=\"10%\"><\/td>\n<\/tr>\n<tr>\n<td width=\"6%\">10<\/td>\n<td width=\"25%\">Asiento lateral<\/td>\n<td width=\"20%\"><\/td>\n<td width=\"7%\">6<\/td>\n<td width=\"7%\">Pcs<\/td>\n<td width=\"10%\">14.8<\/td>\n<td width=\"11%\">88.8<\/td>\n<td width=\"10%\"><\/td>\n<\/tr>\n<tr>\n<td width=\"6%\">11<\/td>\n<td width=\"25%\">Liner cuadrado<\/td>\n<td width=\"20%\">A810497000069<\/td>\n<td width=\"7%\">32<\/td>\n<td width=\"7%\">Pcs<\/td>\n<td width=\"10%\">8.4<\/td>\n<td width=\"11%\">268.8<\/td>\n<td width=\"10%\"><\/td>\n<\/tr>\n<tr>\n<td width=\"6%\">12<\/td>\n<td width=\"25%\">Liner Diamante<\/td>\n<td width=\"20%\">A820401000256<\/td>\n<td width=\"7%\">48<\/td>\n<td width=\"7%\">Pcs<\/td>\n<td width=\"10%\">9.8<\/td>\n<td width=\"11%\">470.4<\/td>\n<td width=\"10%\"><\/td>\n<\/tr>\n<tr>\n<td width=\"6%\">13<\/td>\n<td width=\"25%\">Liner trapezoidal<\/td>\n<td width=\"20%\">A820401000255<\/td>\n<td width=\"7%\">16<\/td>\n<td width=\"7%\">Pcs<\/td>\n<td width=\"10%\">10<\/td>\n<td width=\"11%\">160<\/td>\n<td width=\"10%\"><\/td>\n<\/tr>\n<tr>\n<td width=\"6%\">14<\/td>\n<td width=\"25%\">Revestimiento final en forma de abanico<\/td>\n<td width=\"20%\">A820401000257<\/td>\n<td width=\"7%\">8<\/td>\n<td width=\"7%\">Pcs<\/td>\n<td width=\"10%\">35.3<\/td>\n<td width=\"11%\">282.4<\/td>\n<td width=\"10%\"><\/td>\n<\/tr>\n<tr>\n<td width=\"6%\">15<\/td>\n<td width=\"25%\">Forro de cuello izquierdo<\/td>\n<td width=\"20%\">A820401000258<\/td>\n<td width=\"7%\">4<\/td>\n<td width=\"7%\">Pcs<\/td>\n<td width=\"10%\">30.7<\/td>\n<td width=\"11%\">122.8<\/td>\n<td width=\"10%\"><\/td>\n<\/tr>\n<tr>\n<td width=\"6%\">16<\/td>\n<td width=\"25%\">Forro de cuello derecho<\/td>\n<td width=\"20%\">A820401000259<\/td>\n<td width=\"7%\">4<\/td>\n<td width=\"7%\">Pcs<\/td>\n<td width=\"10%\">30.7<\/td>\n<td width=\"11%\">122.8<\/td>\n<td width=\"10%\"><\/td>\n<\/tr>\n<tr>\n<td width=\"6%\">17<\/td>\n<td width=\"25%\">Liner lateral central<\/td>\n<td width=\"20%\">A820401000260<\/td>\n<td width=\"7%\">4<\/td>\n<td width=\"7%\">Pcs<\/td>\n<td width=\"10%\">13.8<\/td>\n<td width=\"11%\">55.2<\/td>\n<td width=\"10%\"><\/td>\n<\/tr>\n<tr>\n<td width=\"6%\">18<\/td>\n<td width=\"25%\">Teja<\/td>\n<td width=\"20%\">A820401000261<\/td>\n<td width=\"7%\">4<\/td>\n<td width=\"7%\">Pcs<\/td>\n<td width=\"10%\">18<\/td>\n<td width=\"11%\">72<\/td>\n<td width=\"10%\"><\/td>\n<\/tr>\n<tr>\n<td width=\"6%\">19<\/td>\n<td width=\"25%\">Puerta Citron<\/td>\n<td width=\"20%\">11087192<\/td>\n<td width=\"7%\">6<\/td>\n<td width=\"7%\">Pcs<\/td>\n<td width=\"10%\">13.6<\/td>\n<td width=\"11%\">81.6<\/td>\n<td width=\"10%\"><\/td>\n<\/tr>\n<tr>\n<td width=\"6%\">20<\/td>\n<td width=\"25%\">Placa protectora de puerta<\/td>\n<td width=\"20%\">11074193<\/td>\n<td width=\"7%\">6<\/td>\n<td width=\"7%\">Pcs<\/td>\n<td width=\"10%\">9.8<\/td>\n<td width=\"11%\">58.8<\/td>\n<td width=\"10%\"><\/td>\n<\/tr>\n<tr>\n<td width=\"6%\">Total<\/td>\n<td width=\"25%\"><\/td>\n<td width=\"20%\"><\/td>\n<td width=\"7%\">192<\/td>\n<td width=\"7%\"><\/td>\n<td width=\"10%\"><\/td>\n<td width=\"11%\">3032.8<\/td>\n<td width=\"10%\"><\/td>\n<\/tr>\n<\/tbody>\n<\/table>\n<p><img fetchpriority=\"high\" decoding=\"async\" class=\"wp-image-3550 alignleft\" src=\"https:\/\/miningspareparts.com\/wp-content\/uploads\/2024\/01\/Mixer-And-Wear-Parts1-239x300.webp\" alt=\"\" width=\"498\" height=\"625\" srcset=\"https:\/\/miningspareparts.com\/wp-content\/uploads\/2024\/01\/Mixer-And-Wear-Parts1-239x300.webp 239w, https:\/\/miningspareparts.com\/wp-content\/uploads\/2024\/01\/Mixer-And-Wear-Parts1-817x1024.webp 817w, https:\/\/miningspareparts.com\/wp-content\/uploads\/2024\/01\/Mixer-And-Wear-Parts1-768x963.webp 768w, https:\/\/miningspareparts.com\/wp-content\/uploads\/2024\/01\/Mixer-And-Wear-Parts1-1226x1536.webp 1226w, https:\/\/miningspareparts.com\/wp-content\/uploads\/2024\/01\/Mixer-And-Wear-Parts1-1634x2048.webp 1634w, https:\/\/miningspareparts.com\/wp-content\/uploads\/2024\/01\/Mixer-And-Wear-Parts1-600x752.webp 600w, https:\/\/miningspareparts.com\/wp-content\/uploads\/2024\/01\/Mixer-And-Wear-Parts1.webp 2037w\" sizes=\"(max-width: 498px) 100vw, 498px\" \/><span style=\"font-size: 16px\">\u00a0<\/span><img decoding=\"async\" class=\"wp-image-3551 alignnone\" style=\"font-weight: inherit\" src=\"https:\/\/miningspareparts.com\/wp-content\/uploads\/2024\/01\/Mixer-And-Wear-Parts2-210x300.webp\" alt=\"\" width=\"454\" height=\"649\" srcset=\"https:\/\/miningspareparts.com\/wp-content\/uploads\/2024\/01\/Mixer-And-Wear-Parts2-210x300.webp 210w, https:\/\/miningspareparts.com\/wp-content\/uploads\/2024\/01\/Mixer-And-Wear-Parts2-600x856.webp 600w\" sizes=\"(max-width: 454px) 100vw, 454px\" \/><\/p>\n<p>Distinguido como fabricante l\u00edder de palas mezcladoras de doble eje, brazos mezcladores y camisas SANY JS3000, nuestro compromiso con la excelencia gira en torno a los conceptos fundamentales de sustituci\u00f3n original, competencia en el mercado posventa y durabilidad duradera.<\/p>\n<p>Un recambio original significa algo m\u00e1s que un mero intercambio de productos; representa ingenier\u00eda de precisi\u00f3n y un dise\u00f1o meticuloso. Al elegir nuestros componentes SANY JS3000, est\u00e1 optando por un ajuste exacto que garantiza una integraci\u00f3n perfecta con su mezcladora. Esto no s\u00f3lo preserva el rendimiento original de la mezcladora, sino que tambi\u00e9n prolonga su vida \u00fatil.<\/p>\n<p>En el \u00e1mbito de las soluciones posventa, destacamos por nuestra inquebrantable dedicaci\u00f3n a ofrecer excelencia m\u00e1s all\u00e1 de la compra inicial. Nuestros productos posventa mantienen los mismos altos est\u00e1ndares que los originales, ofreciendo una alternativa fiable y rentable sin comprometer la calidad. Comprendemos la importancia de que sus operaciones funcionen sin problemas, y nuestras soluciones posventa est\u00e1n dise\u00f1adas para satisfacer este imperativo.<\/p>\n<p>La durabilidad es la piedra angular de nuestra filosof\u00eda de dise\u00f1o. Las duras condiciones a las que se ven sometidos los componentes de las mezcladoras exigen resistencia, y nuestras palas, brazos mezcladores y camisas SANY JS3000 est\u00e1n dise\u00f1ados para soportar los rigores de las mezclas de alta resistencia. Los materiales robustos y las t\u00e9cnicas de fabricaci\u00f3n de precisi\u00f3n garantizan una resistencia excepcional al desgaste, lo que reduce la necesidad de sustituciones frecuentes y minimiza el tiempo de inactividad.<\/p>","protected":false},"excerpt":{"rendered":"<p>Modelos:SANY JS3000<\/p>","protected":false},"featured_media":2415,"template":"","meta":{"_uag_custom_page_level_css":"","site-sidebar-layout":"default","site-content-layout":"","ast-site-content-layout":"default","site-content-style":"default","site-sidebar-style":"default","ast-global-header-display":"","ast-banner-title-visibility":"","ast-main-header-display":"","ast-hfb-above-header-display":"","ast-hfb-below-header-display":"","ast-hfb-mobile-header-display":"","site-post-title":"","ast-breadcrumbs-content":"","ast-featured-img":"","footer-sml-layout":"","ast-disable-related-posts":"","theme-transparent-header-meta":"default","adv-header-id-meta":"","stick-header-meta":"default","header-above-stick-meta":"","header-main-stick-meta":"","header-below-stick-meta":"","astra-migrate-meta-layouts":"set","ast-page-background-enabled":"default","ast-page-background-meta":{"desktop":{"background-color":"var(--ast-global-color-4)","background-image":"","background-repeat":"repeat","background-position":"center center","background-size":"auto","background-attachment":"scroll","background-type":"","background-media":"","overlay-type":"","overlay-color":"","overlay-opacity":"","overlay-gradient":""},"tablet":{"background-color":"","background-image":"","background-repeat":"repeat","background-position":"center center","background-size":"auto","background-attachment":"scroll","background-type":"","background-media":"","overlay-type":"","overlay-color":"","overlay-opacity":"","overlay-gradient":""},"mobile":{"background-color":"","background-image":"","background-repeat":"repeat","background-position":"center center","background-size":"auto","background-attachment":"scroll","background-type":"","background-media":"","overlay-type":"","overlay-color":"","overlay-opacity":"","overlay-gradient":""}},"ast-content-background-meta":{"desktop":{"background-color":"var(--ast-global-color-5)","background-image":"","background-repeat":"repeat","background-position":"center center","background-size":"auto","background-attachment":"scroll","background-type":"","background-media":"","overlay-type":"","overlay-color":"","overlay-opacity":"","overlay-gradient":""},"tablet":{"background-color":"var(--ast-global-color-5)","background-image":"","background-repeat":"repeat","background-position":"center center","background-size":"auto","background-attachment":"scroll","background-type":"","background-media":"","overlay-type":"","overlay-color":"","overlay-opacity":"","overlay-gradient":""},"mobile":{"background-color":"var(--ast-global-color-5)","background-image":"","background-repeat":"repeat","background-position":"center center","background-size":"auto","background-attachment":"scroll","background-type":"","background-media":"","overlay-type":"","overlay-color":"","overlay-opacity":"","overlay-gradient":""}}},"product_brand":[],"product_cat":[282,77],"product_tag":[267,268,269],"class_list":{"0":"post-1979","1":"product","2":"type-product","3":"status-publish","4":"has-post-thumbnail","6":"product_cat-sany-concrete-mixer-parts","7":"product_cat-concrete-mixer-parts","8":"product_tag-asphalt","9":"product_tag-blade","10":"product_tag-mixing-arm","11":"desktop-align-left","12":"tablet-align-left","13":"mobile-align-left","14":"ast-product-gallery-layout-horizontal-slider","15":"ast-product-single-variable","16":"ast-product-tabs-layout-horizontal","18":"first","19":"instock","20":"shipping-taxable","21":"purchasable","22":"product-type-variable"},"yoast_head":"<!-- This site is optimized with the Yoast SEO plugin v27.4 - https:\/\/yoast.com\/product\/yoast-seo-wordpress\/ -->\n<title>SANY JS3000 Mixer And Parts - Crusher parts, Slurry Pump Parts, Excavator shovel parts<\/title>\n<meta name=\"description\" content=\"SANY JS3000 twin-shaft mixer blades, mixing arms, and liners - synonymous with original replacement precision and unparalleled wear resistance\" \/>\n<meta name=\"robots\" content=\"index, follow, max-snippet:-1, max-image-preview:large, max-video-preview:-1\" \/>\n<link rel=\"canonical\" href=\"https:\/\/miningspareparts.com\/es\/producto\/sany-js3000-mixer-and-parts\/\" \/>\n<meta property=\"og:locale\" content=\"es_MX\" \/>\n<meta property=\"og:type\" content=\"article\" \/>\n<meta property=\"og:title\" content=\"SANY JS3000 Mixer And Parts - Crusher parts, Slurry Pump Parts, Excavator shovel parts\" \/>\n<meta property=\"og:description\" content=\"SANY JS3000 twin-shaft mixer blades, mixing arms, and liners - synonymous with original replacement precision and unparalleled wear resistance\" \/>\n<meta property=\"og:url\" content=\"https:\/\/miningspareparts.com\/es\/producto\/sany-js3000-mixer-and-parts\/\" \/>\n<meta property=\"og:site_name\" content=\"Crusher parts, Slurry Pump Parts, Excavator shovel parts\" \/>\n<meta property=\"article:modified_time\" content=\"2024-01-17T06:53:19+00:00\" \/>\n<meta property=\"og:image\" content=\"https:\/\/miningspareparts.com\/wp-content\/uploads\/2023\/12\/SANY-JS3000-concrete-mixer-and-parts.webp\" \/>\n\t<meta property=\"og:image:width\" content=\"1162\" \/>\n\t<meta property=\"og:image:height\" content=\"657\" \/>\n\t<meta property=\"og:image:type\" content=\"image\/webp\" \/>\n<meta name=\"twitter:card\" content=\"summary_large_image\" \/>\n<meta name=\"twitter:label1\" content=\"Tiempo de lectura\" \/>\n\t<meta name=\"twitter:data1\" content=\"3 minutos\" \/>\n<script type=\"application\/ld+json\" class=\"yoast-schema-graph\">{\"@context\":\"https:\\\/\\\/schema.org\",\"@graph\":[{\"@type\":\"WebPage\",\"@id\":\"https:\\\/\\\/miningspareparts.com\\\/product\\\/sany-js3000-mixer-and-parts\\\/\",\"url\":\"https:\\\/\\\/miningspareparts.com\\\/product\\\/sany-js3000-mixer-and-parts\\\/\",\"name\":\"SANY JS3000 Mixer And Parts - Crusher parts, Slurry Pump Parts, Excavator shovel parts\",\"isPartOf\":{\"@id\":\"https:\\\/\\\/miningspareparts.com\\\/#website\"},\"primaryImageOfPage\":{\"@id\":\"https:\\\/\\\/miningspareparts.com\\\/product\\\/sany-js3000-mixer-and-parts\\\/#primaryimage\"},\"image\":{\"@id\":\"https:\\\/\\\/miningspareparts.com\\\/product\\\/sany-js3000-mixer-and-parts\\\/#primaryimage\"},\"thumbnailUrl\":\"https:\\\/\\\/miningspareparts.com\\\/wp-content\\\/uploads\\\/2023\\\/12\\\/SANY-JS3000-concrete-mixer-and-parts.webp\",\"datePublished\":\"2023-12-30T05:09:38+00:00\",\"dateModified\":\"2024-01-17T06:53:19+00:00\",\"description\":\"SANY JS3000 twin-shaft mixer blades, mixing arms, and liners - synonymous with original replacement precision and unparalleled wear resistance\",\"breadcrumb\":{\"@id\":\"https:\\\/\\\/miningspareparts.com\\\/product\\\/sany-js3000-mixer-and-parts\\\/#breadcrumb\"},\"inLanguage\":\"es\",\"potentialAction\":[{\"@type\":\"ReadAction\",\"target\":[\"https:\\\/\\\/miningspareparts.com\\\/product\\\/sany-js3000-mixer-and-parts\\\/\"]}]},{\"@type\":\"ImageObject\",\"inLanguage\":\"es\",\"@id\":\"https:\\\/\\\/miningspareparts.com\\\/product\\\/sany-js3000-mixer-and-parts\\\/#primaryimage\",\"url\":\"https:\\\/\\\/miningspareparts.com\\\/wp-content\\\/uploads\\\/2023\\\/12\\\/SANY-JS3000-concrete-mixer-and-parts.webp\",\"contentUrl\":\"https:\\\/\\\/miningspareparts.com\\\/wp-content\\\/uploads\\\/2023\\\/12\\\/SANY-JS3000-concrete-mixer-and-parts.webp\",\"width\":1162,\"height\":657},{\"@type\":\"BreadcrumbList\",\"@id\":\"https:\\\/\\\/miningspareparts.com\\\/product\\\/sany-js3000-mixer-and-parts\\\/#breadcrumb\",\"itemListElement\":[{\"@type\":\"ListItem\",\"position\":1,\"name\":\"Home\",\"item\":\"https:\\\/\\\/miningspareparts.com\\\/\"},{\"@type\":\"ListItem\",\"position\":2,\"name\":\"Premium Mining Wear And Spare Parts\",\"item\":\"https:\\\/\\\/miningspareparts.com\\\/shop\\\/\"},{\"@type\":\"ListItem\",\"position\":3,\"name\":\"SANY JS3000 Mixer And Parts\"}]},{\"@type\":\"WebSite\",\"@id\":\"https:\\\/\\\/miningspareparts.com\\\/#website\",\"url\":\"https:\\\/\\\/miningspareparts.com\\\/\",\"name\":\"Crusher parts , Concrete Mixer Parts, Slurry Pump Parts, Mining Spares\",\"description\":\"Mining Wear &amp; Spare Parts Supplier\",\"publisher\":{\"@id\":\"https:\\\/\\\/miningspareparts.com\\\/#organization\"},\"potentialAction\":[{\"@type\":\"SearchAction\",\"target\":{\"@type\":\"EntryPoint\",\"urlTemplate\":\"https:\\\/\\\/miningspareparts.com\\\/?s={search_term_string}\"},\"query-input\":{\"@type\":\"PropertyValueSpecification\",\"valueRequired\":true,\"valueName\":\"search_term_string\"}}],\"inLanguage\":\"es\"},{\"@type\":\"Organization\",\"@id\":\"https:\\\/\\\/miningspareparts.com\\\/#organization\",\"name\":\"Crusher parts , Concrete Mixer Parts, Slurry Pump Parts, Mining Spares\",\"url\":\"https:\\\/\\\/miningspareparts.com\\\/\",\"logo\":{\"@type\":\"ImageObject\",\"inLanguage\":\"es\",\"@id\":\"https:\\\/\\\/miningspareparts.com\\\/#\\\/schema\\\/logo\\\/image\\\/\",\"url\":\"https:\\\/\\\/miningspareparts.com\\\/wp-content\\\/uploads\\\/2025\\\/04\\\/cropped-cropped-logo\u6b63\u65b9\u5f62.png\",\"contentUrl\":\"https:\\\/\\\/miningspareparts.com\\\/wp-content\\\/uploads\\\/2025\\\/04\\\/cropped-cropped-logo\u6b63\u65b9\u5f62.png\",\"width\":511,\"height\":171,\"caption\":\"Crusher parts , Concrete Mixer Parts, Slurry Pump Parts, Mining Spares\"},\"image\":{\"@id\":\"https:\\\/\\\/miningspareparts.com\\\/#\\\/schema\\\/logo\\\/image\\\/\"}}]}<\/script>\n<!-- \/ Yoast SEO plugin. -->","yoast_head_json":{"title":"SANY JS3000 Mixer And Parts - Crusher parts, Slurry Pump Parts, Excavator shovel parts","description":"SANY JS3000 twin-shaft mixer blades, mixing arms, and liners - synonymous with original replacement precision and unparalleled wear resistance","robots":{"index":"index","follow":"follow","max-snippet":"max-snippet:-1","max-image-preview":"max-image-preview:large","max-video-preview":"max-video-preview:-1"},"canonical":"https:\/\/miningspareparts.com\/es\/producto\/sany-js3000-mixer-and-parts\/","og_locale":"es_MX","og_type":"article","og_title":"SANY JS3000 Mixer And Parts - Crusher parts, Slurry Pump Parts, Excavator shovel parts","og_description":"SANY JS3000 twin-shaft mixer blades, mixing arms, and liners - synonymous with original replacement precision and unparalleled wear resistance","og_url":"https:\/\/miningspareparts.com\/es\/producto\/sany-js3000-mixer-and-parts\/","og_site_name":"Crusher parts, Slurry Pump Parts, Excavator shovel parts","article_modified_time":"2024-01-17T06:53:19+00:00","og_image":[{"width":1162,"height":657,"url":"https:\/\/miningspareparts.com\/wp-content\/uploads\/2023\/12\/SANY-JS3000-concrete-mixer-and-parts.webp","type":"image\/webp"}],"twitter_card":"summary_large_image","twitter_misc":{"Tiempo de lectura":"3 minutos"},"schema":{"@context":"https:\/\/schema.org","@graph":[{"@type":"WebPage","@id":"https:\/\/miningspareparts.com\/product\/sany-js3000-mixer-and-parts\/","url":"https:\/\/miningspareparts.com\/product\/sany-js3000-mixer-and-parts\/","name":"SANY JS3000 Mixer And Parts - Crusher parts, Slurry Pump Parts, Excavator shovel parts","isPartOf":{"@id":"https:\/\/miningspareparts.com\/#website"},"primaryImageOfPage":{"@id":"https:\/\/miningspareparts.com\/product\/sany-js3000-mixer-and-parts\/#primaryimage"},"image":{"@id":"https:\/\/miningspareparts.com\/product\/sany-js3000-mixer-and-parts\/#primaryimage"},"thumbnailUrl":"https:\/\/miningspareparts.com\/wp-content\/uploads\/2023\/12\/SANY-JS3000-concrete-mixer-and-parts.webp","datePublished":"2023-12-30T05:09:38+00:00","dateModified":"2024-01-17T06:53:19+00:00","description":"SANY JS3000 twin-shaft mixer blades, mixing arms, and liners - synonymous with original replacement precision and unparalleled wear resistance","breadcrumb":{"@id":"https:\/\/miningspareparts.com\/product\/sany-js3000-mixer-and-parts\/#breadcrumb"},"inLanguage":"es","potentialAction":[{"@type":"ReadAction","target":["https:\/\/miningspareparts.com\/product\/sany-js3000-mixer-and-parts\/"]}]},{"@type":"ImageObject","inLanguage":"es","@id":"https:\/\/miningspareparts.com\/product\/sany-js3000-mixer-and-parts\/#primaryimage","url":"https:\/\/miningspareparts.com\/wp-content\/uploads\/2023\/12\/SANY-JS3000-concrete-mixer-and-parts.webp","contentUrl":"https:\/\/miningspareparts.com\/wp-content\/uploads\/2023\/12\/SANY-JS3000-concrete-mixer-and-parts.webp","width":1162,"height":657},{"@type":"BreadcrumbList","@id":"https:\/\/miningspareparts.com\/product\/sany-js3000-mixer-and-parts\/#breadcrumb","itemListElement":[{"@type":"ListItem","position":1,"name":"Home","item":"https:\/\/miningspareparts.com\/"},{"@type":"ListItem","position":2,"name":"Premium Mining Wear And Spare Parts","item":"https:\/\/miningspareparts.com\/shop\/"},{"@type":"ListItem","position":3,"name":"SANY JS3000 Mixer And Parts"}]},{"@type":"WebSite","@id":"https:\/\/miningspareparts.com\/#website","url":"https:\/\/miningspareparts.com\/","name":"Crusher parts , Concrete Mixer Parts, Slurry Pump Parts, Mining Spares","description":"Mining Wear &amp; Spare Parts Supplier","publisher":{"@id":"https:\/\/miningspareparts.com\/#organization"},"potentialAction":[{"@type":"SearchAction","target":{"@type":"EntryPoint","urlTemplate":"https:\/\/miningspareparts.com\/?s={search_term_string}"},"query-input":{"@type":"PropertyValueSpecification","valueRequired":true,"valueName":"search_term_string"}}],"inLanguage":"es"},{"@type":"Organization","@id":"https:\/\/miningspareparts.com\/#organization","name":"Crusher parts , Concrete Mixer Parts, Slurry Pump Parts, Mining Spares","url":"https:\/\/miningspareparts.com\/","logo":{"@type":"ImageObject","inLanguage":"es","@id":"https:\/\/miningspareparts.com\/#\/schema\/logo\/image\/","url":"https:\/\/miningspareparts.com\/wp-content\/uploads\/2025\/04\/cropped-cropped-logo\u6b63\u65b9\u5f62.png","contentUrl":"https:\/\/miningspareparts.com\/wp-content\/uploads\/2025\/04\/cropped-cropped-logo\u6b63\u65b9\u5f62.png","width":511,"height":171,"caption":"Crusher parts , Concrete Mixer Parts, Slurry Pump Parts, Mining Spares"},"image":{"@id":"https:\/\/miningspareparts.com\/#\/schema\/logo\/image\/"}}]}},"uagb_featured_image_src":{"full":["https:\/\/miningspareparts.com\/wp-content\/uploads\/2023\/12\/SANY-JS3000-concrete-mixer-and-parts.webp",1162,657,false],"thumbnail":["https:\/\/miningspareparts.com\/wp-content\/uploads\/2023\/12\/SANY-JS3000-concrete-mixer-and-parts-150x150.webp",150,150,true],"medium":["https:\/\/miningspareparts.com\/wp-content\/uploads\/2023\/12\/SANY-JS3000-concrete-mixer-and-parts-300x170.webp",300,170,true],"medium_large":["https:\/\/miningspareparts.com\/wp-content\/uploads\/2023\/12\/SANY-JS3000-concrete-mixer-and-parts-768x434.webp",768,434,true],"large":["https:\/\/miningspareparts.com\/wp-content\/uploads\/2023\/12\/SANY-JS3000-concrete-mixer-and-parts-1024x579.webp",1024,579,true],"1536x1536":["https:\/\/miningspareparts.com\/wp-content\/uploads\/2023\/12\/SANY-JS3000-concrete-mixer-and-parts.webp",1162,657,false],"2048x2048":["https:\/\/miningspareparts.com\/wp-content\/uploads\/2023\/12\/SANY-JS3000-concrete-mixer-and-parts.webp",1162,657,false],"trp-custom-language-flag":["https:\/\/miningspareparts.com\/wp-content\/uploads\/2023\/12\/SANY-JS3000-concrete-mixer-and-parts.webp",18,10,false],"woocommerce_thumbnail":["https:\/\/miningspareparts.com\/wp-content\/uploads\/2023\/12\/SANY-JS3000-concrete-mixer-and-parts-300x300.webp",300,300,true],"woocommerce_single":["https:\/\/miningspareparts.com\/wp-content\/uploads\/2023\/12\/SANY-JS3000-concrete-mixer-and-parts-600x339.webp",600,339,true],"woocommerce_gallery_thumbnail":["https:\/\/miningspareparts.com\/wp-content\/uploads\/2023\/12\/SANY-JS3000-concrete-mixer-and-parts-100x100.webp",100,100,true]},"uagb_author_info":{"display_name":"Miningspareparts","author_link":"https:\/\/miningspareparts.com\/es\/author\/"},"uagb_comment_info":0,"uagb_excerpt":"Models:SANY JS3000","_links":{"self":[{"href":"https:\/\/miningspareparts.com\/es\/wp-json\/wp\/v2\/product\/1979","targetHints":{"allow":["GET"]}}],"collection":[{"href":"https:\/\/miningspareparts.com\/es\/wp-json\/wp\/v2\/product"}],"about":[{"href":"https:\/\/miningspareparts.com\/es\/wp-json\/wp\/v2\/types\/product"}],"wp:featuredmedia":[{"embeddable":true,"href":"https:\/\/miningspareparts.com\/es\/wp-json\/wp\/v2\/media\/2415"}],"wp:attachment":[{"href":"https:\/\/miningspareparts.com\/es\/wp-json\/wp\/v2\/media?parent=1979"}],"wp:term":[{"taxonomy":"product_brand","embeddable":true,"href":"https:\/\/miningspareparts.com\/es\/wp-json\/wp\/v2\/product_brand?post=1979"},{"taxonomy":"product_cat","embeddable":true,"href":"https:\/\/miningspareparts.com\/es\/wp-json\/wp\/v2\/product_cat?post=1979"},{"taxonomy":"product_tag","embeddable":true,"href":"https:\/\/miningspareparts.com\/es\/wp-json\/wp\/v2\/product_tag?post=1979"}],"curies":[{"name":"wp","href":"https:\/\/api.w.org\/{rel}","templated":true}]}}