{"id":2065,"date":"2023-12-30T06:23:16","date_gmt":"2023-12-30T06:23:16","guid":{"rendered":"https:\/\/miningspareparts.com\/?post_type=product&#038;p=2065"},"modified":"2024-04-05T12:18:18","modified_gmt":"2024-04-05T12:18:18","slug":"nflg-js5000d-mixer-and-parts","status":"publish","type":"product","link":"https:\/\/miningspareparts.com\/es\/producto\/nflg-js5000d-mixer-and-parts\/","title":{"rendered":"Mezcladora NFLG JS5000D y piezas de repuesto"},"content":{"rendered":"<p><strong>He aqu\u00ed una descripci\u00f3n de NFLG JS5000D Mixer And Parts<\/strong><\/p>\n<table>\n<tbody>\n<tr>\n<td width=\"45\">NO.<\/td>\n<td width=\"163\">Especificaci\u00f3n<\/td>\n<td width=\"123\">C\u00f3digo del art\u00edculo<\/td>\n<td width=\"69\">Unidad.<\/td>\n<td width=\"66\">Cantidad<\/td>\n<td width=\"86\">Peso unitario (Kg)<\/td>\n<td width=\"88\">Peso total (Kg)<\/td>\n<td width=\"78\">Observaciones<\/td>\n<\/tr>\n<tr>\n<td width=\"45\">1<\/td>\n<td width=\"163\">Brazo largo de alimentaci\u00f3n<\/td>\n<td width=\"123\">JS5000D.5-4<\/td>\n<td width=\"69\">14<\/td>\n<td width=\"66\">Pcs<\/td>\n<td width=\"86\">110.00<\/td>\n<td width=\"88\">1540.00<\/td>\n<td width=\"78\"><\/td>\n<\/tr>\n<tr>\n<td width=\"45\">2<\/td>\n<td width=\"163\">Brazo largo de retorno<\/td>\n<td width=\"123\">JS5000D.5-9<\/td>\n<td width=\"69\">4<\/td>\n<td width=\"66\">Pcs<\/td>\n<td width=\"86\">110.00<\/td>\n<td width=\"88\">440.00<\/td>\n<td width=\"78\"><\/td>\n<\/tr>\n<tr>\n<td width=\"45\">3<\/td>\n<td width=\"163\">Brazo corto de alimentaci\u00f3n<\/td>\n<td width=\"123\">JS5000D.5-3<\/td>\n<td width=\"69\">14<\/td>\n<td width=\"66\">Pcs<\/td>\n<td width=\"86\">65.00<\/td>\n<td width=\"88\">910.00<\/td>\n<td width=\"78\"><\/td>\n<\/tr>\n<tr>\n<td width=\"45\">4<\/td>\n<td width=\"163\">Brazo corto de retorno<\/td>\n<td width=\"123\">JS5000D.5-7<\/td>\n<td width=\"69\">4<\/td>\n<td width=\"66\">Pcs<\/td>\n<td width=\"86\">65.00<\/td>\n<td width=\"88\">260.00<\/td>\n<td width=\"78\"><\/td>\n<\/tr>\n<tr>\n<td width=\"45\">5<\/td>\n<td width=\"163\">Tornillo de cabeza cil\u00edndrica hexagonal<\/td>\n<td width=\"123\">M30\u00d7150 GB\/T 70.1<\/td>\n<td width=\"69\">72<\/td>\n<td width=\"66\">Establecer<\/td>\n<td width=\"86\"><\/td>\n<td width=\"88\"><\/td>\n<td width=\"78\"><\/td>\n<\/tr>\n<tr>\n<td width=\"45\">6<\/td>\n<td width=\"163\">Cuchilla de alimentaci\u00f3n lateral (larga)<\/td>\n<td width=\"123\">JS5000D.5-15<\/td>\n<td width=\"69\">2<\/td>\n<td width=\"66\">Pcs<\/td>\n<td width=\"86\">50.00<\/td>\n<td width=\"88\">100.00<\/td>\n<td width=\"78\"><\/td>\n<\/tr>\n<tr>\n<td width=\"45\">7<\/td>\n<td width=\"163\">Cuchilla de alimentaci\u00f3n lateral (corta)<\/td>\n<td width=\"123\">JS5000D.5-1<\/td>\n<td width=\"69\">2<\/td>\n<td width=\"66\">Pcs<\/td>\n<td width=\"86\">17.50<\/td>\n<td width=\"88\">35.00<\/td>\n<td width=\"78\"><\/td>\n<\/tr>\n<tr>\n<td width=\"45\">8<\/td>\n<td width=\"163\">Cuchilla de alimentaci\u00f3n (larga)<\/td>\n<td width=\"123\">JS5000D.5-5<\/td>\n<td width=\"69\">12<\/td>\n<td width=\"66\">Pcs<\/td>\n<td width=\"86\">40.00<\/td>\n<td width=\"88\">480.00<\/td>\n<td width=\"78\"><\/td>\n<\/tr>\n<tr>\n<td width=\"45\">9<\/td>\n<td width=\"163\">Cuchilla de alimentaci\u00f3n (corta)<\/td>\n<td width=\"123\">JS5000D.5-2<\/td>\n<td width=\"69\">12<\/td>\n<td width=\"66\">Pcs<\/td>\n<td width=\"86\">15.50<\/td>\n<td width=\"88\">186.00<\/td>\n<td width=\"78\"><\/td>\n<\/tr>\n<tr>\n<td width=\"45\">10<\/td>\n<td width=\"163\">Hoja de retorno (larga)<\/td>\n<td width=\"123\">JS5000D.5-12<\/td>\n<td width=\"69\">12 2<\/td>\n<td width=\"66\">Pcs<\/td>\n<td width=\"86\">40.00<\/td>\n<td width=\"88\">80.00<\/td>\n<td width=\"78\"><\/td>\n<\/tr>\n<tr>\n<td width=\"45\">11<\/td>\n<td width=\"163\">Return Blade (Corto)<\/td>\n<td width=\"123\">JS5000D.5-6<\/td>\n<td width=\"69\">2<\/td>\n<td width=\"66\">Pcs<\/td>\n<td width=\"86\">15.50<\/td>\n<td width=\"88\">31.00<\/td>\n<td width=\"78\"><\/td>\n<\/tr>\n<tr>\n<td width=\"45\">12<\/td>\n<td width=\"163\">Hoja de retorno lateral (corta)<\/td>\n<td width=\"123\">JS5000D.5-8<\/td>\n<td width=\"69\">2<\/td>\n<td width=\"66\">Pcs<\/td>\n<td width=\"86\">17.50<\/td>\n<td width=\"88\">35.00<\/td>\n<td width=\"78\"><\/td>\n<\/tr>\n<tr>\n<td width=\"45\">13<\/td>\n<td width=\"163\">Hoja de retorno lateral (larga)<\/td>\n<td width=\"123\">JS5000D.5-10<\/td>\n<td width=\"69\">2<\/td>\n<td width=\"66\">Pcs<\/td>\n<td width=\"86\">50.00<\/td>\n<td width=\"88\">100.00<\/td>\n<td width=\"78\"><\/td>\n<\/tr>\n<tr>\n<td width=\"45\">14<\/td>\n<td width=\"163\">Perno de cuchilla<\/td>\n<td width=\"123\">M20\u00d71.5\u00d790<\/td>\n<td width=\"69\">108<\/td>\n<td width=\"66\">Pcs<\/td>\n<td width=\"86\"><\/td>\n<td width=\"88\"><\/td>\n<td width=\"78\"><\/td>\n<\/tr>\n<tr>\n<td width=\"45\">15<\/td>\n<td width=\"163\">Placa de revestimiento 1<\/td>\n<td width=\"123\">JS5000D.3-2<\/td>\n<td width=\"69\">6<\/td>\n<td width=\"66\">Establecer<\/td>\n<td width=\"86\">30.00<\/td>\n<td width=\"88\">180.00<\/td>\n<td width=\"78\"><\/td>\n<\/tr>\n<tr>\n<td width=\"45\">16<\/td>\n<td width=\"163\">Placa de revestimiento 2<\/td>\n<td width=\"123\">JS5000D.3-3<\/td>\n<td width=\"69\">112<\/td>\n<td width=\"66\">Pcs<\/td>\n<td width=\"86\">10.80<\/td>\n<td width=\"88\">1209.60<\/td>\n<td width=\"78\"><\/td>\n<\/tr>\n<tr>\n<td width=\"45\">17<\/td>\n<td width=\"163\">Placa de revestimiento 3<\/td>\n<td width=\"123\">JS5000D.3-4<\/td>\n<td width=\"69\">32<\/td>\n<td width=\"66\">Pcs<\/td>\n<td width=\"86\">10.50<\/td>\n<td width=\"88\">336.00<\/td>\n<td width=\"78\"><\/td>\n<\/tr>\n<tr>\n<td width=\"45\">18<\/td>\n<td width=\"163\">Placa de revestimiento final A<\/td>\n<td width=\"123\">JS5000D.3-5<\/td>\n<td width=\"69\">20<\/td>\n<td width=\"66\">Pcs<\/td>\n<td width=\"86\">35.00<\/td>\n<td width=\"88\">700.00<\/td>\n<td width=\"78\"><\/td>\n<\/tr>\n<tr>\n<td width=\"45\">19<\/td>\n<td width=\"163\">Placa de revestimiento final B<\/td>\n<td width=\"123\">JS5000D.3-6<\/td>\n<td width=\"69\">4<\/td>\n<td width=\"66\">Pcs<\/td>\n<td width=\"86\">32.00<\/td>\n<td width=\"88\">128.00<\/td>\n<td width=\"78\"><\/td>\n<\/tr>\n<tr>\n<td width=\"45\">20<\/td>\n<td width=\"163\">Placa de revestimiento final C<\/td>\n<td width=\"123\">JS5000D.3-7<\/td>\n<td width=\"69\">4<\/td>\n<td width=\"66\">Pcs<\/td>\n<td width=\"86\">32.00<\/td>\n<td width=\"88\">128.00<\/td>\n<td width=\"78\"><\/td>\n<\/tr>\n<tr>\n<td width=\"45\">21<\/td>\n<td width=\"163\">Placa Tornillo<\/td>\n<td width=\"123\">M16\u00d71.5\u00d760<\/td>\n<td width=\"69\">270<\/td>\n<td width=\"66\">Establecer<\/td>\n<td width=\"86\"><\/td>\n<td width=\"88\"><\/td>\n<td width=\"78\"><\/td>\n<\/tr>\n<tr>\n<td width=\"45\"><\/td>\n<td width=\"163\">Total<\/td>\n<td width=\"123\"><\/td>\n<td width=\"69\"><\/td>\n<td width=\"66\"><\/td>\n<td width=\"86\"><\/td>\n<td width=\"88\">6878.60<\/td>\n<td width=\"78\"><\/td>\n<\/tr>\n<\/tbody>\n<\/table>\n<p><img fetchpriority=\"high\" decoding=\"async\" class=\"wp-image-3550 alignleft\" src=\"https:\/\/miningspareparts.com\/wp-content\/uploads\/2024\/01\/Mixer-And-Wear-Parts1-239x300.webp\" alt=\"\" width=\"498\" height=\"625\" srcset=\"https:\/\/miningspareparts.com\/wp-content\/uploads\/2024\/01\/Mixer-And-Wear-Parts1-239x300.webp 239w, https:\/\/miningspareparts.com\/wp-content\/uploads\/2024\/01\/Mixer-And-Wear-Parts1-817x1024.webp 817w, https:\/\/miningspareparts.com\/wp-content\/uploads\/2024\/01\/Mixer-And-Wear-Parts1-768x963.webp 768w, https:\/\/miningspareparts.com\/wp-content\/uploads\/2024\/01\/Mixer-And-Wear-Parts1-1226x1536.webp 1226w, https:\/\/miningspareparts.com\/wp-content\/uploads\/2024\/01\/Mixer-And-Wear-Parts1-1634x2048.webp 1634w, https:\/\/miningspareparts.com\/wp-content\/uploads\/2024\/01\/Mixer-And-Wear-Parts1-600x752.webp 600w, https:\/\/miningspareparts.com\/wp-content\/uploads\/2024\/01\/Mixer-And-Wear-Parts1.webp 2037w\" sizes=\"(max-width: 498px) 100vw, 498px\" \/><span style=\"font-size: 16px\">\u00a0<\/span><img decoding=\"async\" class=\"wp-image-3551 alignnone\" style=\"font-weight: inherit\" src=\"https:\/\/miningspareparts.com\/wp-content\/uploads\/2024\/01\/Mixer-And-Wear-Parts2-210x300.webp\" alt=\"\" width=\"454\" height=\"649\" srcset=\"https:\/\/miningspareparts.com\/wp-content\/uploads\/2024\/01\/Mixer-And-Wear-Parts2-210x300.webp 210w, https:\/\/miningspareparts.com\/wp-content\/uploads\/2024\/01\/Mixer-And-Wear-Parts2-600x856.webp 600w\" sizes=\"(max-width: 454px) 100vw, 454px\" \/><\/p>\n<p>Como fabricante l\u00edder, nos enorgullecemos de ofrecer componentes de recambio originales que marcan la pauta en el sector. Nuestro compromiso con la asistencia posventa garantiza la excelencia operativa continua, mientras que el dise\u00f1o duradero garantiza la longevidad incluso en condiciones exigentes.<\/p>\n<p>El concepto de recambio original significa nuestra dedicaci\u00f3n a proporcionar componentes que se integren perfectamente con las mezcladoras NFLG JS5000D, manteniendo los m\u00e1s altos est\u00e1ndares de calidad y compatibilidad. Cuando elige nuestros productos, opta por una ingenier\u00eda de precisi\u00f3n que se ajusta perfectamente a las especificaciones de la mezcladora, garantizando un rendimiento y una eficiencia \u00f3ptimos.<\/p>\n<p>En el \u00e1mbito de la asistencia posventa, vamos m\u00e1s all\u00e1 de las expectativas. Nuestra amplia gama de piezas de repuesto est\u00e1 disponible de inmediato, lo que garantiza un tiempo de inactividad m\u00ednimo para su mezcladora. Somos conscientes de la importancia de que sus operaciones funcionen sin problemas, y nuestro compromiso con la disponibilidad de piezas de repuesto refleja esta dedicaci\u00f3n.<\/p>\n<p>La durabilidad es el n\u00facleo de nuestra filosof\u00eda de dise\u00f1o. Nuestras palas, brazos mezcladores y revestimientos se someten a rigurosas pruebas para soportar las duras condiciones de la mezcla de hormig\u00f3n. Tanto si se enfrenta a proyectos de gran envergadura como si trabaja en entornos dif\u00edciles, nuestros componentes son resistentes y minimizan el desgaste con el paso del tiempo.<\/p>\n<p>Elija nuestros componentes para mezcladoras de doble eje NFLG JS5000D para una fusi\u00f3n perfecta de innovaci\u00f3n, fiabilidad y durabilidad. Mejore su experiencia de mezclado de hormig\u00f3n con la garant\u00eda de la precisi\u00f3n de los recambios originales, una amplia asistencia posventa y componentes dise\u00f1ados para resistir el paso del tiempo.<\/p>","protected":false},"excerpt":{"rendered":"<p>Modelos:NFLG JS5000D<\/p>","protected":false},"featured_media":4783,"template":"","meta":{"_uag_custom_page_level_css":"","site-sidebar-layout":"default","site-content-layout":"","ast-site-content-layout":"default","site-content-style":"default","site-sidebar-style":"default","ast-global-header-display":"","ast-banner-title-visibility":"","ast-main-header-display":"","ast-hfb-above-header-display":"","ast-hfb-below-header-display":"","ast-hfb-mobile-header-display":"","site-post-title":"","ast-breadcrumbs-content":"","ast-featured-img":"","footer-sml-layout":"","ast-disable-related-posts":"","theme-transparent-header-meta":"default","adv-header-id-meta":"","stick-header-meta":"default","header-above-stick-meta":"","header-main-stick-meta":"","header-below-stick-meta":"","astra-migrate-meta-layouts":"set","ast-page-background-enabled":"default","ast-page-background-meta":{"desktop":{"background-color":"var(--ast-global-color-4)","background-image":"","background-repeat":"repeat","background-position":"center center","background-size":"auto","background-attachment":"scroll","background-type":"","background-media":"","overlay-type":"","overlay-color":"","overlay-opacity":"","overlay-gradient":""},"tablet":{"background-color":"","background-image":"","background-repeat":"repeat","background-position":"center center","background-size":"auto","background-attachment":"scroll","background-type":"","background-media":"","overlay-type":"","overlay-color":"","overlay-opacity":"","overlay-gradient":""},"mobile":{"background-color":"","background-image":"","background-repeat":"repeat","background-position":"center center","background-size":"auto","background-attachment":"scroll","background-type":"","background-media":"","overlay-type":"","overlay-color":"","overlay-opacity":"","overlay-gradient":""}},"ast-content-background-meta":{"desktop":{"background-color":"var(--ast-global-color-5)","background-image":"","background-repeat":"repeat","background-position":"center center","background-size":"auto","background-attachment":"scroll","background-type":"","background-media":"","overlay-type":"","overlay-color":"","overlay-opacity":"","overlay-gradient":""},"tablet":{"background-color":"var(--ast-global-color-5)","background-image":"","background-repeat":"repeat","background-position":"center center","background-size":"auto","background-attachment":"scroll","background-type":"","background-media":"","overlay-type":"","overlay-color":"","overlay-opacity":"","overlay-gradient":""},"mobile":{"background-color":"var(--ast-global-color-5)","background-image":"","background-repeat":"repeat","background-position":"center center","background-size":"auto","background-attachment":"scroll","background-type":"","background-media":"","overlay-type":"","overlay-color":"","overlay-opacity":"","overlay-gradient":""}}},"product_brand":[],"product_cat":[82,248],"product_tag":[267,268,269],"class_list":{"0":"post-2065","1":"product","2":"type-product","3":"status-publish","4":"has-post-thumbnail","6":"product_cat-asphalt-mixer-parts","7":"product_cat-nflg","8":"product_tag-asphalt","9":"product_tag-blade","10":"product_tag-mixing-arm","11":"desktop-align-left","12":"tablet-align-left","13":"mobile-align-left","14":"ast-product-gallery-layout-horizontal-slider","15":"ast-product-gallery-with-no-image","16":"ast-product-single-variable","17":"ast-product-tabs-layout-horizontal","19":"first","20":"instock","21":"shipping-taxable","22":"purchasable","23":"product-type-variable"},"yoast_head":"<!-- This site is optimized with the Yoast SEO plugin v27.4 - https:\/\/yoast.com\/product\/yoast-seo-wordpress\/ -->\n<title>NFLG JS5000D Mixer And Parts - Crusher parts, Slurry Pump Parts, Excavator shovel parts<\/title>\n<meta name=\"description\" content=\"Use our NFLG JS5000D twin-shaft mixer blades, mixer arms and liners as original replacements for high wear resistance and long service life\" \/>\n<meta name=\"robots\" content=\"index, follow, max-snippet:-1, max-image-preview:large, max-video-preview:-1\" \/>\n<link rel=\"canonical\" href=\"https:\/\/miningspareparts.com\/es\/producto\/nflg-js5000d-mixer-and-parts\/\" \/>\n<meta property=\"og:locale\" content=\"es_MX\" \/>\n<meta property=\"og:type\" content=\"article\" \/>\n<meta property=\"og:title\" content=\"NFLG JS5000D Mixer And Parts - Crusher parts, Slurry Pump Parts, Excavator shovel parts\" \/>\n<meta property=\"og:description\" content=\"Use our NFLG JS5000D twin-shaft mixer blades, mixer arms and liners as original replacements for high wear resistance and long service life\" \/>\n<meta property=\"og:url\" content=\"https:\/\/miningspareparts.com\/es\/producto\/nflg-js5000d-mixer-and-parts\/\" \/>\n<meta property=\"og:site_name\" content=\"Crusher parts, Slurry Pump Parts, Excavator shovel parts\" \/>\n<meta property=\"article:modified_time\" content=\"2024-04-05T12:18:18+00:00\" \/>\n<meta property=\"og:image\" content=\"https:\/\/miningspareparts.com\/wp-content\/uploads\/2023\/12\/NFLG-JS5000D-Mixer-And-Parts.webp\" \/>\n\t<meta property=\"og:image:width\" content=\"800\" \/>\n\t<meta property=\"og:image:height\" content=\"800\" \/>\n\t<meta property=\"og:image:type\" content=\"image\/webp\" \/>\n<meta name=\"twitter:card\" content=\"summary_large_image\" \/>\n<meta name=\"twitter:label1\" content=\"Tiempo de lectura\" \/>\n\t<meta name=\"twitter:data1\" content=\"3 minutos\" \/>\n<script type=\"application\/ld+json\" class=\"yoast-schema-graph\">{\"@context\":\"https:\\\/\\\/schema.org\",\"@graph\":[{\"@type\":\"WebPage\",\"@id\":\"https:\\\/\\\/miningspareparts.com\\\/product\\\/nflg-js5000d-mixer-and-parts\\\/\",\"url\":\"https:\\\/\\\/miningspareparts.com\\\/product\\\/nflg-js5000d-mixer-and-parts\\\/\",\"name\":\"NFLG JS5000D Mixer And Parts - Crusher parts, Slurry Pump Parts, Excavator shovel parts\",\"isPartOf\":{\"@id\":\"https:\\\/\\\/miningspareparts.com\\\/#website\"},\"primaryImageOfPage\":{\"@id\":\"https:\\\/\\\/miningspareparts.com\\\/product\\\/nflg-js5000d-mixer-and-parts\\\/#primaryimage\"},\"image\":{\"@id\":\"https:\\\/\\\/miningspareparts.com\\\/product\\\/nflg-js5000d-mixer-and-parts\\\/#primaryimage\"},\"thumbnailUrl\":\"https:\\\/\\\/miningspareparts.com\\\/wp-content\\\/uploads\\\/2023\\\/12\\\/NFLG-JS5000D-Mixer-And-Parts.webp\",\"datePublished\":\"2023-12-30T06:23:16+00:00\",\"dateModified\":\"2024-04-05T12:18:18+00:00\",\"description\":\"Use our NFLG JS5000D twin-shaft mixer blades, mixer arms and liners as original replacements for high wear resistance and long service life\",\"breadcrumb\":{\"@id\":\"https:\\\/\\\/miningspareparts.com\\\/product\\\/nflg-js5000d-mixer-and-parts\\\/#breadcrumb\"},\"inLanguage\":\"es\",\"potentialAction\":[{\"@type\":\"ReadAction\",\"target\":[\"https:\\\/\\\/miningspareparts.com\\\/product\\\/nflg-js5000d-mixer-and-parts\\\/\"]}]},{\"@type\":\"ImageObject\",\"inLanguage\":\"es\",\"@id\":\"https:\\\/\\\/miningspareparts.com\\\/product\\\/nflg-js5000d-mixer-and-parts\\\/#primaryimage\",\"url\":\"https:\\\/\\\/miningspareparts.com\\\/wp-content\\\/uploads\\\/2023\\\/12\\\/NFLG-JS5000D-Mixer-And-Parts.webp\",\"contentUrl\":\"https:\\\/\\\/miningspareparts.com\\\/wp-content\\\/uploads\\\/2023\\\/12\\\/NFLG-JS5000D-Mixer-And-Parts.webp\",\"width\":800,\"height\":800},{\"@type\":\"BreadcrumbList\",\"@id\":\"https:\\\/\\\/miningspareparts.com\\\/product\\\/nflg-js5000d-mixer-and-parts\\\/#breadcrumb\",\"itemListElement\":[{\"@type\":\"ListItem\",\"position\":1,\"name\":\"Home\",\"item\":\"https:\\\/\\\/miningspareparts.com\\\/\"},{\"@type\":\"ListItem\",\"position\":2,\"name\":\"Premium Mining Wear And Spare Parts\",\"item\":\"https:\\\/\\\/miningspareparts.com\\\/shop\\\/\"},{\"@type\":\"ListItem\",\"position\":3,\"name\":\"NFLG JS5000D Mixer And Parts\"}]},{\"@type\":\"WebSite\",\"@id\":\"https:\\\/\\\/miningspareparts.com\\\/#website\",\"url\":\"https:\\\/\\\/miningspareparts.com\\\/\",\"name\":\"Crusher parts , Concrete Mixer Parts, Slurry Pump Parts, Mining Spares\",\"description\":\"Mining Wear &amp; Spare Parts Supplier\",\"publisher\":{\"@id\":\"https:\\\/\\\/miningspareparts.com\\\/#organization\"},\"potentialAction\":[{\"@type\":\"SearchAction\",\"target\":{\"@type\":\"EntryPoint\",\"urlTemplate\":\"https:\\\/\\\/miningspareparts.com\\\/?s={search_term_string}\"},\"query-input\":{\"@type\":\"PropertyValueSpecification\",\"valueRequired\":true,\"valueName\":\"search_term_string\"}}],\"inLanguage\":\"es\"},{\"@type\":\"Organization\",\"@id\":\"https:\\\/\\\/miningspareparts.com\\\/#organization\",\"name\":\"Crusher parts , Concrete Mixer Parts, Slurry Pump Parts, Mining Spares\",\"url\":\"https:\\\/\\\/miningspareparts.com\\\/\",\"logo\":{\"@type\":\"ImageObject\",\"inLanguage\":\"es\",\"@id\":\"https:\\\/\\\/miningspareparts.com\\\/#\\\/schema\\\/logo\\\/image\\\/\",\"url\":\"https:\\\/\\\/miningspareparts.com\\\/wp-content\\\/uploads\\\/2025\\\/04\\\/cropped-cropped-logo\u6b63\u65b9\u5f62.png\",\"contentUrl\":\"https:\\\/\\\/miningspareparts.com\\\/wp-content\\\/uploads\\\/2025\\\/04\\\/cropped-cropped-logo\u6b63\u65b9\u5f62.png\",\"width\":511,\"height\":171,\"caption\":\"Crusher parts , Concrete Mixer Parts, Slurry Pump Parts, Mining Spares\"},\"image\":{\"@id\":\"https:\\\/\\\/miningspareparts.com\\\/#\\\/schema\\\/logo\\\/image\\\/\"}}]}<\/script>\n<!-- \/ Yoast SEO plugin. -->","yoast_head_json":{"title":"NFLG JS5000D Mixer And Parts - Crusher parts, Slurry Pump Parts, Excavator shovel parts","description":"Use our NFLG JS5000D twin-shaft mixer blades, mixer arms and liners as original replacements for high wear resistance and long service life","robots":{"index":"index","follow":"follow","max-snippet":"max-snippet:-1","max-image-preview":"max-image-preview:large","max-video-preview":"max-video-preview:-1"},"canonical":"https:\/\/miningspareparts.com\/es\/producto\/nflg-js5000d-mixer-and-parts\/","og_locale":"es_MX","og_type":"article","og_title":"NFLG JS5000D Mixer And Parts - Crusher parts, Slurry Pump Parts, Excavator shovel parts","og_description":"Use our NFLG JS5000D twin-shaft mixer blades, mixer arms and liners as original replacements for high wear resistance and long service life","og_url":"https:\/\/miningspareparts.com\/es\/producto\/nflg-js5000d-mixer-and-parts\/","og_site_name":"Crusher parts, Slurry Pump Parts, Excavator shovel parts","article_modified_time":"2024-04-05T12:18:18+00:00","og_image":[{"width":800,"height":800,"url":"https:\/\/miningspareparts.com\/wp-content\/uploads\/2023\/12\/NFLG-JS5000D-Mixer-And-Parts.webp","type":"image\/webp"}],"twitter_card":"summary_large_image","twitter_misc":{"Tiempo de lectura":"3 minutos"},"schema":{"@context":"https:\/\/schema.org","@graph":[{"@type":"WebPage","@id":"https:\/\/miningspareparts.com\/product\/nflg-js5000d-mixer-and-parts\/","url":"https:\/\/miningspareparts.com\/product\/nflg-js5000d-mixer-and-parts\/","name":"NFLG JS5000D Mixer And Parts - Crusher parts, Slurry Pump Parts, Excavator shovel parts","isPartOf":{"@id":"https:\/\/miningspareparts.com\/#website"},"primaryImageOfPage":{"@id":"https:\/\/miningspareparts.com\/product\/nflg-js5000d-mixer-and-parts\/#primaryimage"},"image":{"@id":"https:\/\/miningspareparts.com\/product\/nflg-js5000d-mixer-and-parts\/#primaryimage"},"thumbnailUrl":"https:\/\/miningspareparts.com\/wp-content\/uploads\/2023\/12\/NFLG-JS5000D-Mixer-And-Parts.webp","datePublished":"2023-12-30T06:23:16+00:00","dateModified":"2024-04-05T12:18:18+00:00","description":"Use our NFLG JS5000D twin-shaft mixer blades, mixer arms and liners as original replacements for high wear resistance and long service life","breadcrumb":{"@id":"https:\/\/miningspareparts.com\/product\/nflg-js5000d-mixer-and-parts\/#breadcrumb"},"inLanguage":"es","potentialAction":[{"@type":"ReadAction","target":["https:\/\/miningspareparts.com\/product\/nflg-js5000d-mixer-and-parts\/"]}]},{"@type":"ImageObject","inLanguage":"es","@id":"https:\/\/miningspareparts.com\/product\/nflg-js5000d-mixer-and-parts\/#primaryimage","url":"https:\/\/miningspareparts.com\/wp-content\/uploads\/2023\/12\/NFLG-JS5000D-Mixer-And-Parts.webp","contentUrl":"https:\/\/miningspareparts.com\/wp-content\/uploads\/2023\/12\/NFLG-JS5000D-Mixer-And-Parts.webp","width":800,"height":800},{"@type":"BreadcrumbList","@id":"https:\/\/miningspareparts.com\/product\/nflg-js5000d-mixer-and-parts\/#breadcrumb","itemListElement":[{"@type":"ListItem","position":1,"name":"Home","item":"https:\/\/miningspareparts.com\/"},{"@type":"ListItem","position":2,"name":"Premium Mining Wear And Spare Parts","item":"https:\/\/miningspareparts.com\/shop\/"},{"@type":"ListItem","position":3,"name":"NFLG JS5000D Mixer And Parts"}]},{"@type":"WebSite","@id":"https:\/\/miningspareparts.com\/#website","url":"https:\/\/miningspareparts.com\/","name":"Crusher parts , Concrete Mixer Parts, Slurry Pump Parts, Mining Spares","description":"Mining Wear &amp; Spare Parts Supplier","publisher":{"@id":"https:\/\/miningspareparts.com\/#organization"},"potentialAction":[{"@type":"SearchAction","target":{"@type":"EntryPoint","urlTemplate":"https:\/\/miningspareparts.com\/?s={search_term_string}"},"query-input":{"@type":"PropertyValueSpecification","valueRequired":true,"valueName":"search_term_string"}}],"inLanguage":"es"},{"@type":"Organization","@id":"https:\/\/miningspareparts.com\/#organization","name":"Crusher parts , Concrete Mixer Parts, Slurry Pump Parts, Mining Spares","url":"https:\/\/miningspareparts.com\/","logo":{"@type":"ImageObject","inLanguage":"es","@id":"https:\/\/miningspareparts.com\/#\/schema\/logo\/image\/","url":"https:\/\/miningspareparts.com\/wp-content\/uploads\/2025\/04\/cropped-cropped-logo\u6b63\u65b9\u5f62.png","contentUrl":"https:\/\/miningspareparts.com\/wp-content\/uploads\/2025\/04\/cropped-cropped-logo\u6b63\u65b9\u5f62.png","width":511,"height":171,"caption":"Crusher parts , Concrete Mixer Parts, Slurry Pump Parts, Mining Spares"},"image":{"@id":"https:\/\/miningspareparts.com\/#\/schema\/logo\/image\/"}}]}},"uagb_featured_image_src":{"full":["https:\/\/miningspareparts.com\/wp-content\/uploads\/2023\/12\/NFLG-JS5000D-Mixer-And-Parts.webp",800,800,false],"thumbnail":["https:\/\/miningspareparts.com\/wp-content\/uploads\/2023\/12\/NFLG-JS5000D-Mixer-And-Parts-150x150.webp",150,150,true],"medium":["https:\/\/miningspareparts.com\/wp-content\/uploads\/2023\/12\/NFLG-JS5000D-Mixer-And-Parts-300x300.webp",300,300,true],"medium_large":["https:\/\/miningspareparts.com\/wp-content\/uploads\/2023\/12\/NFLG-JS5000D-Mixer-And-Parts-768x768.webp",768,768,true],"large":["https:\/\/miningspareparts.com\/wp-content\/uploads\/2023\/12\/NFLG-JS5000D-Mixer-And-Parts.webp",800,800,false],"1536x1536":["https:\/\/miningspareparts.com\/wp-content\/uploads\/2023\/12\/NFLG-JS5000D-Mixer-And-Parts.webp",800,800,false],"2048x2048":["https:\/\/miningspareparts.com\/wp-content\/uploads\/2023\/12\/NFLG-JS5000D-Mixer-And-Parts.webp",800,800,false],"trp-custom-language-flag":["https:\/\/miningspareparts.com\/wp-content\/uploads\/2023\/12\/NFLG-JS5000D-Mixer-And-Parts-12x12.webp",12,12,true],"woocommerce_thumbnail":["https:\/\/miningspareparts.com\/wp-content\/uploads\/2023\/12\/NFLG-JS5000D-Mixer-And-Parts-300x300.webp",300,300,true],"woocommerce_single":["https:\/\/miningspareparts.com\/wp-content\/uploads\/2023\/12\/NFLG-JS5000D-Mixer-And-Parts-600x600.webp",600,600,true],"woocommerce_gallery_thumbnail":["https:\/\/miningspareparts.com\/wp-content\/uploads\/2023\/12\/NFLG-JS5000D-Mixer-And-Parts-100x100.webp",100,100,true]},"uagb_author_info":{"display_name":"Miningspareparts","author_link":"https:\/\/miningspareparts.com\/es\/author\/"},"uagb_comment_info":0,"uagb_excerpt":"Models:NFLG JS5000D","_links":{"self":[{"href":"https:\/\/miningspareparts.com\/es\/wp-json\/wp\/v2\/product\/2065","targetHints":{"allow":["GET"]}}],"collection":[{"href":"https:\/\/miningspareparts.com\/es\/wp-json\/wp\/v2\/product"}],"about":[{"href":"https:\/\/miningspareparts.com\/es\/wp-json\/wp\/v2\/types\/product"}],"wp:featuredmedia":[{"embeddable":true,"href":"https:\/\/miningspareparts.com\/es\/wp-json\/wp\/v2\/media\/4783"}],"wp:attachment":[{"href":"https:\/\/miningspareparts.com\/es\/wp-json\/wp\/v2\/media?parent=2065"}],"wp:term":[{"taxonomy":"product_brand","embeddable":true,"href":"https:\/\/miningspareparts.com\/es\/wp-json\/wp\/v2\/product_brand?post=2065"},{"taxonomy":"product_cat","embeddable":true,"href":"https:\/\/miningspareparts.com\/es\/wp-json\/wp\/v2\/product_cat?post=2065"},{"taxonomy":"product_tag","embeddable":true,"href":"https:\/\/miningspareparts.com\/es\/wp-json\/wp\/v2\/product_tag?post=2065"}],"curies":[{"name":"wp","href":"https:\/\/api.w.org\/{rel}","templated":true}]}}