{"id":2108,"date":"2023-12-31T05:26:16","date_gmt":"2023-12-31T05:26:16","guid":{"rendered":"https:\/\/miningspareparts.com\/?post_type=product&#038;p=2108"},"modified":"2024-04-06T02:57:48","modified_gmt":"2024-04-06T02:57:48","slug":"nflg-js3000xd6-0-mixer-and-parts","status":"publish","type":"product","link":"https:\/\/miningspareparts.com\/es\/producto\/nflg-js3000xd6-0-mixer-and-parts\/","title":{"rendered":"NFLG JS3000XD6.0 Mezcladora Y Piezas"},"content":{"rendered":"<p><strong>He aqu\u00ed una descripci\u00f3n de NFLG JS3000XD6.0 Mixer And Parts<\/strong><\/p>\n<table>\n<tbody>\n<tr>\n<td width=\"48\">NO.<\/td>\n<td width=\"146\">Especificaci\u00f3n<\/td>\n<td width=\"191\">C\u00f3digo del art\u00edculo<\/td>\n<td width=\"62\">Cantidad<\/td>\n<td width=\"80\">Peso unitario (Kg)<\/td>\n<td width=\"98\">Peso total (Kg)<\/td>\n<td width=\"91\">Observaciones<\/td>\n<\/tr>\n<tr>\n<td width=\"48\">1<\/td>\n<td width=\"146\">Diamand<\/td>\n<td width=\"191\">JS3000XD.3-11<\/td>\n<td width=\"62\">98<\/td>\n<td width=\"80\">6.4<\/td>\n<td width=\"98\">627.2<\/td>\n<td width=\"91\"><\/td>\n<\/tr>\n<tr>\n<td width=\"48\">2<\/td>\n<td width=\"146\">Trapezoide<\/td>\n<td width=\"191\">JS3000XD.3-12<\/td>\n<td width=\"62\">28<\/td>\n<td width=\"80\">6.8<\/td>\n<td width=\"98\">190.4<\/td>\n<td width=\"91\"><\/td>\n<\/tr>\n<tr>\n<td width=\"48\">4<\/td>\n<td width=\"146\">Forro del arco superior<\/td>\n<td width=\"191\">JS3000XD-6.3-1<\/td>\n<td width=\"62\">8<\/td>\n<td width=\"80\"><\/td>\n<td width=\"98\">0<\/td>\n<td width=\"91\">\u94a2\u677f\u4ef6<\/td>\n<\/tr>\n<tr>\n<td width=\"48\">5<\/td>\n<td width=\"146\">Forro final 1<\/td>\n<td width=\"191\">JS3000XD.3-7<\/td>\n<td width=\"62\">24<\/td>\n<td width=\"80\">7<\/td>\n<td width=\"98\">168<\/td>\n<td width=\"91\"><\/td>\n<\/tr>\n<tr>\n<td width=\"48\">7<\/td>\n<td width=\"146\">Forro final 2<\/td>\n<td width=\"191\">JS3000XD.3-4<\/td>\n<td width=\"62\">16<\/td>\n<td width=\"80\">18.8<\/td>\n<td width=\"98\">300.8<\/td>\n<td width=\"91\"><\/td>\n<\/tr>\n<tr>\n<td width=\"48\">8<\/td>\n<td width=\"146\">Fin del forro 3<\/td>\n<td width=\"191\">JS3000XD.3-5<\/td>\n<td width=\"62\">4<\/td>\n<td width=\"80\">15.8<\/td>\n<td width=\"98\">63.2<\/td>\n<td width=\"91\"><\/td>\n<\/tr>\n<tr>\n<td width=\"48\">9<\/td>\n<td width=\"146\">Forro final 4<\/td>\n<td width=\"191\">JS3000XD.3-6<\/td>\n<td width=\"62\">4<\/td>\n<td width=\"80\">15.8<\/td>\n<td width=\"98\">63.2<\/td>\n<td width=\"91\"><\/td>\n<\/tr>\n<tr>\n<td width=\"48\">10<\/td>\n<td width=\"146\">Banda de sellado de la puerta de descarga<\/td>\n<td width=\"191\">JS3000XD-6.3-2<\/td>\n<td width=\"62\">8<\/td>\n<td width=\"80\">14.6<\/td>\n<td width=\"98\">116.8<\/td>\n<td width=\"91\"><\/td>\n<\/tr>\n<tr>\n<td width=\"48\">11<\/td>\n<td width=\"146\">Placa de cierre de la puerta de descarga<\/td>\n<td width=\"191\">JS3000XD-6.3-3<\/td>\n<td width=\"62\">2<\/td>\n<td width=\"80\">31.2<\/td>\n<td width=\"98\">62.4<\/td>\n<td width=\"91\">\u74e6\u5934<\/td>\n<\/tr>\n<tr>\n<td width=\"48\">12<\/td>\n<td width=\"146\">Cuchilla de alimentaci\u00f3n lateral<\/td>\n<td width=\"191\">JSL3000.5-6<\/td>\n<td width=\"62\">4<\/td>\n<td width=\"80\">26.8<\/td>\n<td width=\"98\">107.2.<\/td>\n<td width=\"91\"><\/td>\n<\/tr>\n<tr>\n<td width=\"48\">13<\/td>\n<td width=\"146\">Hoja de retorno lateral A<\/td>\n<td width=\"191\">JSL3000.5-2<\/td>\n<td width=\"62\">2<\/td>\n<td width=\"80\">26.2<\/td>\n<td width=\"98\">52.4<\/td>\n<td width=\"91\"><\/td>\n<\/tr>\n<tr>\n<td width=\"48\">14<\/td>\n<td width=\"146\">Hoja de retorno lateral B<\/td>\n<td width=\"191\">JSL3000.5-1<\/td>\n<td width=\"62\">2<\/td>\n<td width=\"80\">24.2<\/td>\n<td width=\"98\">48.4<\/td>\n<td width=\"91\"><\/td>\n<\/tr>\n<tr>\n<td width=\"48\">15<\/td>\n<td width=\"146\">Cuchilla de alimentaci\u00f3n lateral<\/td>\n<td width=\"191\">JSL3000.5-9<\/td>\n<td width=\"62\">12<\/td>\n<td width=\"80\">22.8<\/td>\n<td width=\"98\">273.6<\/td>\n<td width=\"91\"><\/td>\n<\/tr>\n<tr>\n<td width=\"48\">16<\/td>\n<td width=\"146\">Cuchilla de retorno lateral<\/td>\n<td width=\"191\">JSL3000.5-3<\/td>\n<td width=\"62\">4<\/td>\n<td width=\"80\">23<\/td>\n<td width=\"98\">92<\/td>\n<td width=\"91\"><\/td>\n<\/tr>\n<tr>\n<td width=\"48\">17<\/td>\n<td width=\"146\">Alimentaci\u00f3n Brazo mezclador<\/td>\n<td width=\"191\">JSL3000G.5-5<\/td>\n<td width=\"62\">10<\/td>\n<td width=\"80\">53.6<\/td>\n<td width=\"98\">536<\/td>\n<td width=\"91\"><\/td>\n<\/tr>\n<tr>\n<td width=\"48\">18<\/td>\n<td width=\"146\">Brazo mezclador de retorno<\/td>\n<td width=\"191\">JSL3000G.5-12<\/td>\n<td width=\"62\">6<\/td>\n<td width=\"80\">57.8<\/td>\n<td width=\"98\">346.8<\/td>\n<td width=\"91\"><\/td>\n<\/tr>\n<tr>\n<td width=\"48\">19<\/td>\n<td width=\"146\">Manguito del eje<\/td>\n<td width=\"191\">JSL3000.5-11<\/td>\n<td width=\"62\">24<\/td>\n<td width=\"80\">20.95<\/td>\n<td width=\"98\">502.8<\/td>\n<td width=\"91\"><\/td>\n<\/tr>\n<tr>\n<td width=\"48\">20<\/td>\n<td width=\"146\">Espaciador<\/td>\n<td width=\"191\">JS3000.5-14<\/td>\n<td width=\"62\">8<\/td>\n<td width=\"80\">11.4<\/td>\n<td width=\"98\">91.2<\/td>\n<td width=\"91\"><\/td>\n<\/tr>\n<tr>\n<td width=\"48\"><\/td>\n<td width=\"146\">Total<\/td>\n<td width=\"191\"><\/td>\n<td width=\"62\">264<\/td>\n<td width=\"80\"><\/td>\n<td width=\"98\">3642.4<\/td>\n<td width=\"91\"><\/td>\n<\/tr>\n<\/tbody>\n<\/table>\n<p><img fetchpriority=\"high\" decoding=\"async\" class=\"wp-image-3550 alignleft\" src=\"https:\/\/miningspareparts.com\/wp-content\/uploads\/2024\/01\/Mixer-And-Wear-Parts1-239x300.webp\" alt=\"\" width=\"498\" height=\"625\" srcset=\"https:\/\/miningspareparts.com\/wp-content\/uploads\/2024\/01\/Mixer-And-Wear-Parts1-239x300.webp 239w, https:\/\/miningspareparts.com\/wp-content\/uploads\/2024\/01\/Mixer-And-Wear-Parts1-817x1024.webp 817w, https:\/\/miningspareparts.com\/wp-content\/uploads\/2024\/01\/Mixer-And-Wear-Parts1-768x963.webp 768w, https:\/\/miningspareparts.com\/wp-content\/uploads\/2024\/01\/Mixer-And-Wear-Parts1-1226x1536.webp 1226w, https:\/\/miningspareparts.com\/wp-content\/uploads\/2024\/01\/Mixer-And-Wear-Parts1-1634x2048.webp 1634w, https:\/\/miningspareparts.com\/wp-content\/uploads\/2024\/01\/Mixer-And-Wear-Parts1-600x752.webp 600w, https:\/\/miningspareparts.com\/wp-content\/uploads\/2024\/01\/Mixer-And-Wear-Parts1.webp 2037w\" sizes=\"(max-width: 498px) 100vw, 498px\" \/><span style=\"font-size: 16px\">\u00a0<\/span><img decoding=\"async\" class=\"wp-image-3551 alignnone\" style=\"font-weight: inherit\" src=\"https:\/\/miningspareparts.com\/wp-content\/uploads\/2024\/01\/Mixer-And-Wear-Parts2-210x300.webp\" alt=\"\" width=\"454\" height=\"649\" srcset=\"https:\/\/miningspareparts.com\/wp-content\/uploads\/2024\/01\/Mixer-And-Wear-Parts2-210x300.webp 210w, https:\/\/miningspareparts.com\/wp-content\/uploads\/2024\/01\/Mixer-And-Wear-Parts2-600x856.webp 600w\" sizes=\"(max-width: 454px) 100vw, 454px\" \/><\/p>\n<p>Como fabricante l\u00edder, nos enorgullece presentar los componentes de la mezcladora de doble eje NFLG JS3000XD6.0. \"Recambio original\" significa nuestro compromiso con el ajuste exacto, manteniendo un rendimiento y eficiencia \u00f3ptimos. Con nuestras cuchillas, brazos mezcladores y revestimientos dise\u00f1ados con precisi\u00f3n, su mezcladora recibe componentes originales dise\u00f1ados para una integraci\u00f3n perfecta y la m\u00e1xima productividad.<\/p>\n<p>En el \u00e1mbito de las soluciones posventa, nuestra oferta destaca. Proporcionamos alternativas que no s\u00f3lo cumplen las normas del sector, sino que a menudo las superan, ofreciendo soluciones rentables sin comprometer la calidad. Nuestros componentes posventa se someten a rigurosas pruebas para garantizar que cumplen los elevados est\u00e1ndares de los equipos originales.<\/p>\n<p>La fabricaci\u00f3n de precisi\u00f3n y los materiales de calidad caracterizan nuestros componentes de recambio originales. Cada cuchilla, brazo mezclador y camisa se fabrica siguiendo especificaciones exactas, lo que garantiza un ajuste perfecto y un rendimiento fiable. Esta dedicaci\u00f3n a la precisi\u00f3n minimiza el tiempo de inactividad y los costes de mantenimiento, contribuyendo a la eficiencia general de sus operaciones.<\/p>\n<p>En el \u00e1mbito de las soluciones posventa, mantenemos el mismo nivel de garant\u00eda de calidad. Nuestros componentes posventa se dise\u00f1an con precisi\u00f3n y cumplen estrictas medidas de control de calidad. Esto garantiza que incluso nuestras opciones alternativas proporcionen fiabilidad y longevidad, satisfaciendo las demandas de diversos proyectos de construcci\u00f3n.<\/p>\n<p>La durabilidad de nuestros componentes es un testimonio de nuestro compromiso con la excelencia. Entendemos las duras condiciones en las que operan los equipos de construcci\u00f3n, y nuestras cuchillas, brazos mezcladores y revestimientos est\u00e1n dise\u00f1ados para resistir estos desaf\u00edos. Invertir en nuestros componentes duraderos significa invertir en la longevidad y eficiencia de su equipo.<\/p>","protected":false},"excerpt":{"rendered":"<p>Modelos:NFLG JS3000XD6.0<\/p>","protected":false},"featured_media":4787,"template":"","meta":{"_uag_custom_page_level_css":"","site-sidebar-layout":"default","site-content-layout":"","ast-site-content-layout":"default","site-content-style":"default","site-sidebar-style":"default","ast-global-header-display":"","ast-banner-title-visibility":"","ast-main-header-display":"","ast-hfb-above-header-display":"","ast-hfb-below-header-display":"","ast-hfb-mobile-header-display":"","site-post-title":"","ast-breadcrumbs-content":"","ast-featured-img":"","footer-sml-layout":"","ast-disable-related-posts":"","theme-transparent-header-meta":"default","adv-header-id-meta":"","stick-header-meta":"default","header-above-stick-meta":"","header-main-stick-meta":"","header-below-stick-meta":"","astra-migrate-meta-layouts":"set","ast-page-background-enabled":"default","ast-page-background-meta":{"desktop":{"background-color":"var(--ast-global-color-4)","background-image":"","background-repeat":"repeat","background-position":"center center","background-size":"auto","background-attachment":"scroll","background-type":"","background-media":"","overlay-type":"","overlay-color":"","overlay-opacity":"","overlay-gradient":""},"tablet":{"background-color":"","background-image":"","background-repeat":"repeat","background-position":"center center","background-size":"auto","background-attachment":"scroll","background-type":"","background-media":"","overlay-type":"","overlay-color":"","overlay-opacity":"","overlay-gradient":""},"mobile":{"background-color":"","background-image":"","background-repeat":"repeat","background-position":"center center","background-size":"auto","background-attachment":"scroll","background-type":"","background-media":"","overlay-type":"","overlay-color":"","overlay-opacity":"","overlay-gradient":""}},"ast-content-background-meta":{"desktop":{"background-color":"var(--ast-global-color-5)","background-image":"","background-repeat":"repeat","background-position":"center center","background-size":"auto","background-attachment":"scroll","background-type":"","background-media":"","overlay-type":"","overlay-color":"","overlay-opacity":"","overlay-gradient":""},"tablet":{"background-color":"var(--ast-global-color-5)","background-image":"","background-repeat":"repeat","background-position":"center center","background-size":"auto","background-attachment":"scroll","background-type":"","background-media":"","overlay-type":"","overlay-color":"","overlay-opacity":"","overlay-gradient":""},"mobile":{"background-color":"var(--ast-global-color-5)","background-image":"","background-repeat":"repeat","background-position":"center center","background-size":"auto","background-attachment":"scroll","background-type":"","background-media":"","overlay-type":"","overlay-color":"","overlay-opacity":"","overlay-gradient":""}}},"product_brand":[],"product_cat":[82,248],"product_tag":[267,268,269],"class_list":{"0":"post-2108","1":"product","2":"type-product","3":"status-publish","4":"has-post-thumbnail","6":"product_cat-asphalt-mixer-parts","7":"product_cat-nflg","8":"product_tag-asphalt","9":"product_tag-blade","10":"product_tag-mixing-arm","11":"desktop-align-left","12":"tablet-align-left","13":"mobile-align-left","14":"ast-product-gallery-layout-horizontal-slider","15":"ast-product-gallery-with-no-image","16":"ast-product-single-variable","17":"ast-product-tabs-layout-horizontal","19":"first","20":"instock","21":"shipping-taxable","22":"purchasable","23":"product-type-variable"},"yoast_head":"<!-- This site is optimized with the Yoast SEO plugin v27.4 - https:\/\/yoast.com\/product\/yoast-seo-wordpress\/ -->\n<title>NFLG JS3000XD6.0 Mixer And Parts - Crusher parts, Slurry Pump Parts, Excavator shovel parts<\/title>\n<meta name=\"description\" content=\"NFLG JS3000XD6 twin-shaft mixer components are original replacements, ensuring a seamless fit, optimal performance and wear resistance.\" \/>\n<meta name=\"robots\" content=\"index, follow, max-snippet:-1, max-image-preview:large, max-video-preview:-1\" \/>\n<link rel=\"canonical\" href=\"https:\/\/miningspareparts.com\/es\/producto\/nflg-js3000xd6-0-mixer-and-parts\/\" \/>\n<meta property=\"og:locale\" content=\"es_MX\" \/>\n<meta property=\"og:type\" content=\"article\" \/>\n<meta property=\"og:title\" content=\"NFLG JS3000XD6.0 Mixer And Parts - Crusher parts, Slurry Pump Parts, Excavator shovel parts\" \/>\n<meta property=\"og:description\" content=\"NFLG JS3000XD6 twin-shaft mixer components are original replacements, ensuring a seamless fit, optimal performance and wear resistance.\" \/>\n<meta property=\"og:url\" content=\"https:\/\/miningspareparts.com\/es\/producto\/nflg-js3000xd6-0-mixer-and-parts\/\" \/>\n<meta property=\"og:site_name\" content=\"Crusher parts, Slurry Pump Parts, Excavator shovel parts\" \/>\n<meta property=\"article:modified_time\" content=\"2024-04-06T02:57:48+00:00\" \/>\n<meta property=\"og:image\" content=\"https:\/\/miningspareparts.com\/wp-content\/uploads\/2023\/12\/NFLG-JS3000XD6.0-Mixer-And-Parts.webp\" \/>\n\t<meta property=\"og:image:width\" content=\"800\" \/>\n\t<meta property=\"og:image:height\" content=\"800\" \/>\n\t<meta property=\"og:image:type\" content=\"image\/webp\" \/>\n<meta name=\"twitter:card\" content=\"summary_large_image\" \/>\n<meta name=\"twitter:label1\" content=\"Tiempo de lectura\" \/>\n\t<meta name=\"twitter:data1\" content=\"3 minutos\" \/>\n<script type=\"application\/ld+json\" class=\"yoast-schema-graph\">{\"@context\":\"https:\\\/\\\/schema.org\",\"@graph\":[{\"@type\":\"WebPage\",\"@id\":\"https:\\\/\\\/miningspareparts.com\\\/product\\\/nflg-js3000xd6-0-mixer-and-parts\\\/\",\"url\":\"https:\\\/\\\/miningspareparts.com\\\/product\\\/nflg-js3000xd6-0-mixer-and-parts\\\/\",\"name\":\"NFLG JS3000XD6.0 Mixer And Parts - Crusher parts, Slurry Pump Parts, Excavator shovel parts\",\"isPartOf\":{\"@id\":\"https:\\\/\\\/miningspareparts.com\\\/#website\"},\"primaryImageOfPage\":{\"@id\":\"https:\\\/\\\/miningspareparts.com\\\/product\\\/nflg-js3000xd6-0-mixer-and-parts\\\/#primaryimage\"},\"image\":{\"@id\":\"https:\\\/\\\/miningspareparts.com\\\/product\\\/nflg-js3000xd6-0-mixer-and-parts\\\/#primaryimage\"},\"thumbnailUrl\":\"https:\\\/\\\/miningspareparts.com\\\/wp-content\\\/uploads\\\/2023\\\/12\\\/NFLG-JS3000XD6.0-Mixer-And-Parts.webp\",\"datePublished\":\"2023-12-31T05:26:16+00:00\",\"dateModified\":\"2024-04-06T02:57:48+00:00\",\"description\":\"NFLG JS3000XD6 twin-shaft mixer components are original replacements, ensuring a seamless fit, optimal performance and wear resistance.\",\"breadcrumb\":{\"@id\":\"https:\\\/\\\/miningspareparts.com\\\/product\\\/nflg-js3000xd6-0-mixer-and-parts\\\/#breadcrumb\"},\"inLanguage\":\"es\",\"potentialAction\":[{\"@type\":\"ReadAction\",\"target\":[\"https:\\\/\\\/miningspareparts.com\\\/product\\\/nflg-js3000xd6-0-mixer-and-parts\\\/\"]}]},{\"@type\":\"ImageObject\",\"inLanguage\":\"es\",\"@id\":\"https:\\\/\\\/miningspareparts.com\\\/product\\\/nflg-js3000xd6-0-mixer-and-parts\\\/#primaryimage\",\"url\":\"https:\\\/\\\/miningspareparts.com\\\/wp-content\\\/uploads\\\/2023\\\/12\\\/NFLG-JS3000XD6.0-Mixer-And-Parts.webp\",\"contentUrl\":\"https:\\\/\\\/miningspareparts.com\\\/wp-content\\\/uploads\\\/2023\\\/12\\\/NFLG-JS3000XD6.0-Mixer-And-Parts.webp\",\"width\":800,\"height\":800},{\"@type\":\"BreadcrumbList\",\"@id\":\"https:\\\/\\\/miningspareparts.com\\\/product\\\/nflg-js3000xd6-0-mixer-and-parts\\\/#breadcrumb\",\"itemListElement\":[{\"@type\":\"ListItem\",\"position\":1,\"name\":\"Home\",\"item\":\"https:\\\/\\\/miningspareparts.com\\\/\"},{\"@type\":\"ListItem\",\"position\":2,\"name\":\"Premium Mining Wear And Spare Parts\",\"item\":\"https:\\\/\\\/miningspareparts.com\\\/shop\\\/\"},{\"@type\":\"ListItem\",\"position\":3,\"name\":\"NFLG JS3000XD6.0 Mixer And Parts\"}]},{\"@type\":\"WebSite\",\"@id\":\"https:\\\/\\\/miningspareparts.com\\\/#website\",\"url\":\"https:\\\/\\\/miningspareparts.com\\\/\",\"name\":\"Crusher parts , Concrete Mixer Parts, Slurry Pump Parts, Mining Spares\",\"description\":\"Mining Wear &amp; Spare Parts Supplier\",\"publisher\":{\"@id\":\"https:\\\/\\\/miningspareparts.com\\\/#organization\"},\"potentialAction\":[{\"@type\":\"SearchAction\",\"target\":{\"@type\":\"EntryPoint\",\"urlTemplate\":\"https:\\\/\\\/miningspareparts.com\\\/?s={search_term_string}\"},\"query-input\":{\"@type\":\"PropertyValueSpecification\",\"valueRequired\":true,\"valueName\":\"search_term_string\"}}],\"inLanguage\":\"es\"},{\"@type\":\"Organization\",\"@id\":\"https:\\\/\\\/miningspareparts.com\\\/#organization\",\"name\":\"Crusher parts , Concrete Mixer Parts, Slurry Pump Parts, Mining Spares\",\"url\":\"https:\\\/\\\/miningspareparts.com\\\/\",\"logo\":{\"@type\":\"ImageObject\",\"inLanguage\":\"es\",\"@id\":\"https:\\\/\\\/miningspareparts.com\\\/#\\\/schema\\\/logo\\\/image\\\/\",\"url\":\"https:\\\/\\\/miningspareparts.com\\\/wp-content\\\/uploads\\\/2025\\\/04\\\/cropped-cropped-logo\u6b63\u65b9\u5f62.png\",\"contentUrl\":\"https:\\\/\\\/miningspareparts.com\\\/wp-content\\\/uploads\\\/2025\\\/04\\\/cropped-cropped-logo\u6b63\u65b9\u5f62.png\",\"width\":511,\"height\":171,\"caption\":\"Crusher parts , Concrete Mixer Parts, Slurry Pump Parts, Mining Spares\"},\"image\":{\"@id\":\"https:\\\/\\\/miningspareparts.com\\\/#\\\/schema\\\/logo\\\/image\\\/\"}}]}<\/script>\n<!-- \/ Yoast SEO plugin. -->","yoast_head_json":{"title":"NFLG JS3000XD6.0 Mixer And Parts - Crusher parts, Slurry Pump Parts, Excavator shovel parts","description":"NFLG JS3000XD6 twin-shaft mixer components are original replacements, ensuring a seamless fit, optimal performance and wear resistance.","robots":{"index":"index","follow":"follow","max-snippet":"max-snippet:-1","max-image-preview":"max-image-preview:large","max-video-preview":"max-video-preview:-1"},"canonical":"https:\/\/miningspareparts.com\/es\/producto\/nflg-js3000xd6-0-mixer-and-parts\/","og_locale":"es_MX","og_type":"article","og_title":"NFLG JS3000XD6.0 Mixer And Parts - Crusher parts, Slurry Pump Parts, Excavator shovel parts","og_description":"NFLG JS3000XD6 twin-shaft mixer components are original replacements, ensuring a seamless fit, optimal performance and wear resistance.","og_url":"https:\/\/miningspareparts.com\/es\/producto\/nflg-js3000xd6-0-mixer-and-parts\/","og_site_name":"Crusher parts, Slurry Pump Parts, Excavator shovel parts","article_modified_time":"2024-04-06T02:57:48+00:00","og_image":[{"width":800,"height":800,"url":"https:\/\/miningspareparts.com\/wp-content\/uploads\/2023\/12\/NFLG-JS3000XD6.0-Mixer-And-Parts.webp","type":"image\/webp"}],"twitter_card":"summary_large_image","twitter_misc":{"Tiempo de lectura":"3 minutos"},"schema":{"@context":"https:\/\/schema.org","@graph":[{"@type":"WebPage","@id":"https:\/\/miningspareparts.com\/product\/nflg-js3000xd6-0-mixer-and-parts\/","url":"https:\/\/miningspareparts.com\/product\/nflg-js3000xd6-0-mixer-and-parts\/","name":"NFLG JS3000XD6.0 Mixer And Parts - Crusher parts, Slurry Pump Parts, Excavator shovel parts","isPartOf":{"@id":"https:\/\/miningspareparts.com\/#website"},"primaryImageOfPage":{"@id":"https:\/\/miningspareparts.com\/product\/nflg-js3000xd6-0-mixer-and-parts\/#primaryimage"},"image":{"@id":"https:\/\/miningspareparts.com\/product\/nflg-js3000xd6-0-mixer-and-parts\/#primaryimage"},"thumbnailUrl":"https:\/\/miningspareparts.com\/wp-content\/uploads\/2023\/12\/NFLG-JS3000XD6.0-Mixer-And-Parts.webp","datePublished":"2023-12-31T05:26:16+00:00","dateModified":"2024-04-06T02:57:48+00:00","description":"NFLG JS3000XD6 twin-shaft mixer components are original replacements, ensuring a seamless fit, optimal performance and wear resistance.","breadcrumb":{"@id":"https:\/\/miningspareparts.com\/product\/nflg-js3000xd6-0-mixer-and-parts\/#breadcrumb"},"inLanguage":"es","potentialAction":[{"@type":"ReadAction","target":["https:\/\/miningspareparts.com\/product\/nflg-js3000xd6-0-mixer-and-parts\/"]}]},{"@type":"ImageObject","inLanguage":"es","@id":"https:\/\/miningspareparts.com\/product\/nflg-js3000xd6-0-mixer-and-parts\/#primaryimage","url":"https:\/\/miningspareparts.com\/wp-content\/uploads\/2023\/12\/NFLG-JS3000XD6.0-Mixer-And-Parts.webp","contentUrl":"https:\/\/miningspareparts.com\/wp-content\/uploads\/2023\/12\/NFLG-JS3000XD6.0-Mixer-And-Parts.webp","width":800,"height":800},{"@type":"BreadcrumbList","@id":"https:\/\/miningspareparts.com\/product\/nflg-js3000xd6-0-mixer-and-parts\/#breadcrumb","itemListElement":[{"@type":"ListItem","position":1,"name":"Home","item":"https:\/\/miningspareparts.com\/"},{"@type":"ListItem","position":2,"name":"Premium Mining Wear And Spare Parts","item":"https:\/\/miningspareparts.com\/shop\/"},{"@type":"ListItem","position":3,"name":"NFLG JS3000XD6.0 Mixer And Parts"}]},{"@type":"WebSite","@id":"https:\/\/miningspareparts.com\/#website","url":"https:\/\/miningspareparts.com\/","name":"Crusher parts , Concrete Mixer Parts, Slurry Pump Parts, Mining Spares","description":"Mining Wear &amp; Spare Parts Supplier","publisher":{"@id":"https:\/\/miningspareparts.com\/#organization"},"potentialAction":[{"@type":"SearchAction","target":{"@type":"EntryPoint","urlTemplate":"https:\/\/miningspareparts.com\/?s={search_term_string}"},"query-input":{"@type":"PropertyValueSpecification","valueRequired":true,"valueName":"search_term_string"}}],"inLanguage":"es"},{"@type":"Organization","@id":"https:\/\/miningspareparts.com\/#organization","name":"Crusher parts , Concrete Mixer Parts, Slurry Pump Parts, Mining Spares","url":"https:\/\/miningspareparts.com\/","logo":{"@type":"ImageObject","inLanguage":"es","@id":"https:\/\/miningspareparts.com\/#\/schema\/logo\/image\/","url":"https:\/\/miningspareparts.com\/wp-content\/uploads\/2025\/04\/cropped-cropped-logo\u6b63\u65b9\u5f62.png","contentUrl":"https:\/\/miningspareparts.com\/wp-content\/uploads\/2025\/04\/cropped-cropped-logo\u6b63\u65b9\u5f62.png","width":511,"height":171,"caption":"Crusher parts , Concrete Mixer Parts, Slurry Pump Parts, Mining Spares"},"image":{"@id":"https:\/\/miningspareparts.com\/#\/schema\/logo\/image\/"}}]}},"uagb_featured_image_src":{"full":["https:\/\/miningspareparts.com\/wp-content\/uploads\/2023\/12\/NFLG-JS3000XD6.0-Mixer-And-Parts.webp",800,800,false],"thumbnail":["https:\/\/miningspareparts.com\/wp-content\/uploads\/2023\/12\/NFLG-JS3000XD6.0-Mixer-And-Parts-150x150.webp",150,150,true],"medium":["https:\/\/miningspareparts.com\/wp-content\/uploads\/2023\/12\/NFLG-JS3000XD6.0-Mixer-And-Parts-300x300.webp",300,300,true],"medium_large":["https:\/\/miningspareparts.com\/wp-content\/uploads\/2023\/12\/NFLG-JS3000XD6.0-Mixer-And-Parts-768x768.webp",768,768,true],"large":["https:\/\/miningspareparts.com\/wp-content\/uploads\/2023\/12\/NFLG-JS3000XD6.0-Mixer-And-Parts.webp",800,800,false],"1536x1536":["https:\/\/miningspareparts.com\/wp-content\/uploads\/2023\/12\/NFLG-JS3000XD6.0-Mixer-And-Parts.webp",800,800,false],"2048x2048":["https:\/\/miningspareparts.com\/wp-content\/uploads\/2023\/12\/NFLG-JS3000XD6.0-Mixer-And-Parts.webp",800,800,false],"trp-custom-language-flag":["https:\/\/miningspareparts.com\/wp-content\/uploads\/2023\/12\/NFLG-JS3000XD6.0-Mixer-And-Parts-12x12.webp",12,12,true],"woocommerce_thumbnail":["https:\/\/miningspareparts.com\/wp-content\/uploads\/2023\/12\/NFLG-JS3000XD6.0-Mixer-And-Parts-300x300.webp",300,300,true],"woocommerce_single":["https:\/\/miningspareparts.com\/wp-content\/uploads\/2023\/12\/NFLG-JS3000XD6.0-Mixer-And-Parts-600x600.webp",600,600,true],"woocommerce_gallery_thumbnail":["https:\/\/miningspareparts.com\/wp-content\/uploads\/2023\/12\/NFLG-JS3000XD6.0-Mixer-And-Parts-100x100.webp",100,100,true]},"uagb_author_info":{"display_name":"Miningspareparts","author_link":"https:\/\/miningspareparts.com\/es\/author\/"},"uagb_comment_info":0,"uagb_excerpt":"Models:NFLG JS3000XD6.0","_links":{"self":[{"href":"https:\/\/miningspareparts.com\/es\/wp-json\/wp\/v2\/product\/2108","targetHints":{"allow":["GET"]}}],"collection":[{"href":"https:\/\/miningspareparts.com\/es\/wp-json\/wp\/v2\/product"}],"about":[{"href":"https:\/\/miningspareparts.com\/es\/wp-json\/wp\/v2\/types\/product"}],"wp:featuredmedia":[{"embeddable":true,"href":"https:\/\/miningspareparts.com\/es\/wp-json\/wp\/v2\/media\/4787"}],"wp:attachment":[{"href":"https:\/\/miningspareparts.com\/es\/wp-json\/wp\/v2\/media?parent=2108"}],"wp:term":[{"taxonomy":"product_brand","embeddable":true,"href":"https:\/\/miningspareparts.com\/es\/wp-json\/wp\/v2\/product_brand?post=2108"},{"taxonomy":"product_cat","embeddable":true,"href":"https:\/\/miningspareparts.com\/es\/wp-json\/wp\/v2\/product_cat?post=2108"},{"taxonomy":"product_tag","embeddable":true,"href":"https:\/\/miningspareparts.com\/es\/wp-json\/wp\/v2\/product_tag?post=2108"}],"curies":[{"name":"wp","href":"https:\/\/api.w.org\/{rel}","templated":true}]}}