{"id":2123,"date":"2023-12-31T05:34:32","date_gmt":"2023-12-31T05:34:32","guid":{"rendered":"https:\/\/miningspareparts.com\/?post_type=product&#038;p=2123"},"modified":"2024-04-06T03:00:12","modified_gmt":"2024-04-06T03:00:12","slug":"nflg-js2250xc-mixer-and-parts","status":"publish","type":"product","link":"https:\/\/miningspareparts.com\/es\/producto\/nflg-js2250xc-mixer-and-parts\/","title":{"rendered":"Mezcladora NFLG JS2250XC Y Piezas"},"content":{"rendered":"<p><strong>He aqu\u00ed una descripci\u00f3n de la NFLG JS2250XC Mezcladora Y Piezas<\/strong><\/p>\n<table>\n<tbody>\n<tr>\n<td width=\"75\">NO.<\/td>\n<td width=\"246\">Especificaci\u00f3n<\/td>\n<td width=\"104\">Cantidad<\/td>\n<td width=\"104\">Peso unitario (Kg)<\/td>\n<td width=\"111\">Peso total (Kg)<\/td>\n<td width=\"78\">Observaciones<\/td>\n<\/tr>\n<tr>\n<td width=\"75\">1<\/td>\n<td width=\"246\">Diamante<\/td>\n<td width=\"104\">60<\/td>\n<td width=\"104\">6<\/td>\n<td width=\"111\">360<\/td>\n<td width=\"78\"><\/td>\n<\/tr>\n<tr>\n<td width=\"75\">2<\/td>\n<td width=\"246\">Trapezoide<\/td>\n<td width=\"104\">24<\/td>\n<td width=\"104\">4.6<\/td>\n<td width=\"111\">110.4<\/td>\n<td width=\"78\"><\/td>\n<\/tr>\n<tr>\n<td width=\"75\">4<\/td>\n<td width=\"246\">Forro peque\u00f1o<\/td>\n<td width=\"104\">12<\/td>\n<td width=\"104\">5.8<\/td>\n<td width=\"111\">69.6<\/td>\n<td width=\"78\"><\/td>\n<\/tr>\n<tr>\n<td width=\"75\">5<\/td>\n<td width=\"246\">Forro final 1 Arco grande<\/td>\n<td width=\"104\">16<\/td>\n<td width=\"104\">18.8<\/td>\n<td width=\"111\">300.8<\/td>\n<td width=\"78\"><\/td>\n<\/tr>\n<tr>\n<td width=\"75\">6<\/td>\n<td width=\"246\">Forro final 2 Arco peque\u00f1o<\/td>\n<td width=\"104\">24<\/td>\n<td width=\"104\">7.2<\/td>\n<td width=\"111\">172.8<\/td>\n<td width=\"78\"><\/td>\n<\/tr>\n<tr>\n<td width=\"75\">7<\/td>\n<td width=\"246\">Revestimiento final 3 lrregular 1<\/td>\n<td width=\"104\">4<\/td>\n<td width=\"104\">15.8<\/td>\n<td width=\"111\">63.2<\/td>\n<td width=\"78\"><\/td>\n<\/tr>\n<tr>\n<td width=\"75\">8<\/td>\n<td width=\"246\">Revestimiento final 4 lrregular 2<\/td>\n<td width=\"104\">4<\/td>\n<td width=\"104\">14.8<\/td>\n<td width=\"111\">59.2<\/td>\n<td width=\"78\"><\/td>\n<\/tr>\n<tr>\n<td width=\"75\">9<\/td>\n<td width=\"246\">unicading Door<\/p>\n<p>Placa de sellado<\/td>\n<td width=\"104\">4<\/td>\n<td width=\"104\">18.6<\/td>\n<td width=\"111\">74.4<\/td>\n<td width=\"78\">\u74e6\u5934<\/td>\n<\/tr>\n<tr>\n<td width=\"75\">10<\/td>\n<td width=\"246\">Hoja central<\/td>\n<td width=\"104\">8<\/td>\n<td width=\"104\">16.2<\/td>\n<td width=\"111\">129.6<\/td>\n<td width=\"78\"><\/td>\n<\/tr>\n<tr>\n<td width=\"75\">11<\/td>\n<td width=\"246\">Hoja izquierda<\/td>\n<td width=\"104\">4<\/td>\n<td width=\"104\">18.6<\/td>\n<td width=\"111\">74.4<\/td>\n<td width=\"78\"><\/td>\n<\/tr>\n<tr>\n<td width=\"75\">12<\/td>\n<td width=\"246\">Cuchilla derecha<\/td>\n<td width=\"104\">2<\/td>\n<td width=\"104\">17.2<\/td>\n<td width=\"111\">34.4<\/td>\n<td width=\"78\"><\/td>\n<\/tr>\n<tr>\n<td width=\"75\">13<\/td>\n<td width=\"246\">Cuchillo izquierdo<\/td>\n<td width=\"104\">4<\/td>\n<td width=\"104\">9.4<\/td>\n<td width=\"111\">37.6<\/td>\n<td width=\"78\"><\/td>\n<\/tr>\n<tr>\n<td width=\"75\">14<\/td>\n<td width=\"246\">Cuchillo derecho<\/td>\n<td width=\"104\">2<\/td>\n<td width=\"104\">9.2<\/td>\n<td width=\"111\">18.4<\/td>\n<td width=\"78\"><\/td>\n<\/tr>\n<tr>\n<td width=\"75\">15<\/td>\n<td width=\"246\">Brazo central<\/td>\n<td width=\"104\">8<\/td>\n<td width=\"104\">58.2<\/td>\n<td width=\"111\">465.6<\/td>\n<td width=\"78\"><\/td>\n<\/tr>\n<tr>\n<td width=\"75\">16<\/td>\n<td width=\"246\">Brazo izquierdo<\/td>\n<td width=\"104\">4<\/td>\n<td width=\"104\">63.2<\/td>\n<td width=\"111\">252.8<\/td>\n<td width=\"78\"><\/td>\n<\/tr>\n<tr>\n<td width=\"75\">17<\/td>\n<td width=\"246\">Brazo derecho<\/td>\n<td width=\"104\">2<\/td>\n<td width=\"104\">62.8<\/td>\n<td width=\"111\">125.6<\/td>\n<td width=\"78\"><\/td>\n<\/tr>\n<tr>\n<td width=\"75\"><\/td>\n<td width=\"246\">Total<\/td>\n<td width=\"104\">182<\/td>\n<td width=\"104\">346.4<\/td>\n<td width=\"111\">2348.8<\/td>\n<td width=\"78\"><\/td>\n<\/tr>\n<\/tbody>\n<\/table>\n<p><img fetchpriority=\"high\" decoding=\"async\" class=\"wp-image-3550 alignleft\" src=\"https:\/\/miningspareparts.com\/wp-content\/uploads\/2024\/01\/Mixer-And-Wear-Parts1-239x300.webp\" alt=\"\" width=\"498\" height=\"625\" srcset=\"https:\/\/miningspareparts.com\/wp-content\/uploads\/2024\/01\/Mixer-And-Wear-Parts1-239x300.webp 239w, https:\/\/miningspareparts.com\/wp-content\/uploads\/2024\/01\/Mixer-And-Wear-Parts1-817x1024.webp 817w, https:\/\/miningspareparts.com\/wp-content\/uploads\/2024\/01\/Mixer-And-Wear-Parts1-768x963.webp 768w, https:\/\/miningspareparts.com\/wp-content\/uploads\/2024\/01\/Mixer-And-Wear-Parts1-1226x1536.webp 1226w, https:\/\/miningspareparts.com\/wp-content\/uploads\/2024\/01\/Mixer-And-Wear-Parts1-1634x2048.webp 1634w, https:\/\/miningspareparts.com\/wp-content\/uploads\/2024\/01\/Mixer-And-Wear-Parts1-600x752.webp 600w, https:\/\/miningspareparts.com\/wp-content\/uploads\/2024\/01\/Mixer-And-Wear-Parts1.webp 2037w\" sizes=\"(max-width: 498px) 100vw, 498px\" \/><span style=\"font-size: 16px\">\u00a0<\/span><img decoding=\"async\" class=\"wp-image-3551 alignnone\" style=\"font-weight: inherit\" src=\"https:\/\/miningspareparts.com\/wp-content\/uploads\/2024\/01\/Mixer-And-Wear-Parts2-210x300.webp\" alt=\"\" width=\"454\" height=\"649\" srcset=\"https:\/\/miningspareparts.com\/wp-content\/uploads\/2024\/01\/Mixer-And-Wear-Parts2-210x300.webp 210w, https:\/\/miningspareparts.com\/wp-content\/uploads\/2024\/01\/Mixer-And-Wear-Parts2-600x856.webp 600w\" sizes=\"(max-width: 454px) 100vw, 454px\" \/><\/p>\n<p>Nuestro compromiso de ofrecer el m\u00e1ximo rendimiento gira en torno a los conceptos fundamentales de recambio original, soluciones posventa y durabilidad inigualable.<\/p>\n<p>En el \u00e1mbito de las soluciones posventa, nos distinguimos por ofrecer productos que no s\u00f3lo cumplen las normas del sector, sino que las superan. Nuestras palas mezcladoras, brazos mezcladores y revestimientos NFLG JS2250XC est\u00e1n dise\u00f1ados no s\u00f3lo para restaurar sino para elevar el rendimiento de los equipos. Este compromiso de superar las expectativas a\u00f1ade un valor excepcional a nuestra oferta, lo que nos posiciona como la opci\u00f3n preferida para aquellos que buscan piezas de repuesto fiables y de alta calidad que van m\u00e1s all\u00e1 de la l\u00ednea de base.<\/p>\n<p>La durabilidad es la piedra angular de nuestra filosof\u00eda de fabricaci\u00f3n. Reconociendo las exigentes condiciones de la mezcla de hormig\u00f3n, dise\u00f1amos nuestros componentes NFLG JS2250XC para soportar los rigores del uso intensivo. Los materiales empleados, junto con una mano de obra de precisi\u00f3n, garantizan no s\u00f3lo la longevidad, sino un rendimiento sostenido de primer nivel frente a entornos operativos exigentes.<\/p>\n<p>En conclusi\u00f3n, cuando elige nuestras palas, brazos mezcladores y revestimientos para mezcladoras de doble eje NFLG JS2250XC, est\u00e1 seleccionando algo m\u00e1s que componentes. Est\u00e1 eligiendo piezas de repuesto originales que se integran a la perfecci\u00f3n, soluciones posventa que superan las expectativas y una durabilidad que resiste el paso del tiempo. Nuestro compromiso es proporcionarle no s\u00f3lo piezas, sino socios fiables para el \u00e9xito de sus operaciones de mezclado de hormig\u00f3n.<\/p>","protected":false},"excerpt":{"rendered":"<p>Modelos:NFLG <strong>JS2250XC<\/strong><\/p>","protected":false},"featured_media":4789,"template":"","meta":{"_uag_custom_page_level_css":"","site-sidebar-layout":"default","site-content-layout":"","ast-site-content-layout":"default","site-content-style":"default","site-sidebar-style":"default","ast-global-header-display":"","ast-banner-title-visibility":"","ast-main-header-display":"","ast-hfb-above-header-display":"","ast-hfb-below-header-display":"","ast-hfb-mobile-header-display":"","site-post-title":"","ast-breadcrumbs-content":"","ast-featured-img":"","footer-sml-layout":"","ast-disable-related-posts":"","theme-transparent-header-meta":"default","adv-header-id-meta":"","stick-header-meta":"default","header-above-stick-meta":"","header-main-stick-meta":"","header-below-stick-meta":"","astra-migrate-meta-layouts":"set","ast-page-background-enabled":"default","ast-page-background-meta":{"desktop":{"background-color":"var(--ast-global-color-4)","background-image":"","background-repeat":"repeat","background-position":"center center","background-size":"auto","background-attachment":"scroll","background-type":"","background-media":"","overlay-type":"","overlay-color":"","overlay-opacity":"","overlay-gradient":""},"tablet":{"background-color":"","background-image":"","background-repeat":"repeat","background-position":"center center","background-size":"auto","background-attachment":"scroll","background-type":"","background-media":"","overlay-type":"","overlay-color":"","overlay-opacity":"","overlay-gradient":""},"mobile":{"background-color":"","background-image":"","background-repeat":"repeat","background-position":"center center","background-size":"auto","background-attachment":"scroll","background-type":"","background-media":"","overlay-type":"","overlay-color":"","overlay-opacity":"","overlay-gradient":""}},"ast-content-background-meta":{"desktop":{"background-color":"var(--ast-global-color-5)","background-image":"","background-repeat":"repeat","background-position":"center center","background-size":"auto","background-attachment":"scroll","background-type":"","background-media":"","overlay-type":"","overlay-color":"","overlay-opacity":"","overlay-gradient":""},"tablet":{"background-color":"var(--ast-global-color-5)","background-image":"","background-repeat":"repeat","background-position":"center center","background-size":"auto","background-attachment":"scroll","background-type":"","background-media":"","overlay-type":"","overlay-color":"","overlay-opacity":"","overlay-gradient":""},"mobile":{"background-color":"var(--ast-global-color-5)","background-image":"","background-repeat":"repeat","background-position":"center center","background-size":"auto","background-attachment":"scroll","background-type":"","background-media":"","overlay-type":"","overlay-color":"","overlay-opacity":"","overlay-gradient":""}}},"product_brand":[],"product_cat":[82,248],"product_tag":[267,268,269],"class_list":{"0":"post-2123","1":"product","2":"type-product","3":"status-publish","4":"has-post-thumbnail","6":"product_cat-asphalt-mixer-parts","7":"product_cat-nflg","8":"product_tag-asphalt","9":"product_tag-blade","10":"product_tag-mixing-arm","11":"desktop-align-left","12":"tablet-align-left","13":"mobile-align-left","14":"ast-product-gallery-layout-horizontal-slider","15":"ast-product-gallery-with-no-image","16":"ast-product-single-variable","17":"ast-product-tabs-layout-horizontal","19":"first","20":"instock","21":"shipping-taxable","22":"purchasable","23":"product-type-variable"},"yoast_head":"<!-- This site is optimized with the Yoast SEO plugin v27.4 - https:\/\/yoast.com\/product\/yoast-seo-wordpress\/ -->\n<title>NFLG JS2250XC Mixer And Parts - Crusher parts, Slurry Pump Parts, Excavator shovel parts<\/title>\n<meta name=\"description\" content=\"NFLG JS2250XC twin-shaft mixer blades, mixing arms, and liners offer original replacement precision and exceptional wear resistance.\" \/>\n<meta name=\"robots\" content=\"index, follow, max-snippet:-1, max-image-preview:large, max-video-preview:-1\" \/>\n<link rel=\"canonical\" href=\"https:\/\/miningspareparts.com\/es\/producto\/nflg-js2250xc-mixer-and-parts\/\" \/>\n<meta property=\"og:locale\" content=\"es_MX\" \/>\n<meta property=\"og:type\" content=\"article\" \/>\n<meta property=\"og:title\" content=\"NFLG JS2250XC Mixer And Parts - Crusher parts, Slurry Pump Parts, Excavator shovel parts\" \/>\n<meta property=\"og:description\" content=\"NFLG JS2250XC twin-shaft mixer blades, mixing arms, and liners offer original replacement precision and exceptional wear resistance.\" \/>\n<meta property=\"og:url\" content=\"https:\/\/miningspareparts.com\/es\/producto\/nflg-js2250xc-mixer-and-parts\/\" \/>\n<meta property=\"og:site_name\" content=\"Crusher parts, Slurry Pump Parts, Excavator shovel parts\" \/>\n<meta property=\"article:modified_time\" content=\"2024-04-06T03:00:12+00:00\" \/>\n<meta property=\"og:image\" content=\"https:\/\/miningspareparts.com\/wp-content\/uploads\/2023\/12\/NFLG-JS2250XC-Mixer-And-Parts.webp\" \/>\n\t<meta property=\"og:image:width\" content=\"800\" \/>\n\t<meta property=\"og:image:height\" content=\"800\" \/>\n\t<meta property=\"og:image:type\" content=\"image\/webp\" \/>\n<meta name=\"twitter:card\" content=\"summary_large_image\" \/>\n<meta name=\"twitter:label1\" content=\"Tiempo de lectura\" \/>\n\t<meta name=\"twitter:data1\" content=\"3 minutos\" \/>\n<script type=\"application\/ld+json\" class=\"yoast-schema-graph\">{\"@context\":\"https:\\\/\\\/schema.org\",\"@graph\":[{\"@type\":\"WebPage\",\"@id\":\"https:\\\/\\\/miningspareparts.com\\\/product\\\/nflg-js2250xc-mixer-and-parts\\\/\",\"url\":\"https:\\\/\\\/miningspareparts.com\\\/product\\\/nflg-js2250xc-mixer-and-parts\\\/\",\"name\":\"NFLG JS2250XC Mixer And Parts - Crusher parts, Slurry Pump Parts, Excavator shovel parts\",\"isPartOf\":{\"@id\":\"https:\\\/\\\/miningspareparts.com\\\/#website\"},\"primaryImageOfPage\":{\"@id\":\"https:\\\/\\\/miningspareparts.com\\\/product\\\/nflg-js2250xc-mixer-and-parts\\\/#primaryimage\"},\"image\":{\"@id\":\"https:\\\/\\\/miningspareparts.com\\\/product\\\/nflg-js2250xc-mixer-and-parts\\\/#primaryimage\"},\"thumbnailUrl\":\"https:\\\/\\\/miningspareparts.com\\\/wp-content\\\/uploads\\\/2023\\\/12\\\/NFLG-JS2250XC-Mixer-And-Parts.webp\",\"datePublished\":\"2023-12-31T05:34:32+00:00\",\"dateModified\":\"2024-04-06T03:00:12+00:00\",\"description\":\"NFLG JS2250XC twin-shaft mixer blades, mixing arms, and liners offer original replacement precision and exceptional wear resistance.\",\"breadcrumb\":{\"@id\":\"https:\\\/\\\/miningspareparts.com\\\/product\\\/nflg-js2250xc-mixer-and-parts\\\/#breadcrumb\"},\"inLanguage\":\"es\",\"potentialAction\":[{\"@type\":\"ReadAction\",\"target\":[\"https:\\\/\\\/miningspareparts.com\\\/product\\\/nflg-js2250xc-mixer-and-parts\\\/\"]}]},{\"@type\":\"ImageObject\",\"inLanguage\":\"es\",\"@id\":\"https:\\\/\\\/miningspareparts.com\\\/product\\\/nflg-js2250xc-mixer-and-parts\\\/#primaryimage\",\"url\":\"https:\\\/\\\/miningspareparts.com\\\/wp-content\\\/uploads\\\/2023\\\/12\\\/NFLG-JS2250XC-Mixer-And-Parts.webp\",\"contentUrl\":\"https:\\\/\\\/miningspareparts.com\\\/wp-content\\\/uploads\\\/2023\\\/12\\\/NFLG-JS2250XC-Mixer-And-Parts.webp\",\"width\":800,\"height\":800},{\"@type\":\"BreadcrumbList\",\"@id\":\"https:\\\/\\\/miningspareparts.com\\\/product\\\/nflg-js2250xc-mixer-and-parts\\\/#breadcrumb\",\"itemListElement\":[{\"@type\":\"ListItem\",\"position\":1,\"name\":\"Home\",\"item\":\"https:\\\/\\\/miningspareparts.com\\\/\"},{\"@type\":\"ListItem\",\"position\":2,\"name\":\"Premium Mining Wear And Spare Parts\",\"item\":\"https:\\\/\\\/miningspareparts.com\\\/shop\\\/\"},{\"@type\":\"ListItem\",\"position\":3,\"name\":\"NFLG JS2250XC Mixer And Parts\"}]},{\"@type\":\"WebSite\",\"@id\":\"https:\\\/\\\/miningspareparts.com\\\/#website\",\"url\":\"https:\\\/\\\/miningspareparts.com\\\/\",\"name\":\"Crusher parts , Concrete Mixer Parts, Slurry Pump Parts, Mining Spares\",\"description\":\"Mining Wear &amp; Spare Parts Supplier\",\"publisher\":{\"@id\":\"https:\\\/\\\/miningspareparts.com\\\/#organization\"},\"potentialAction\":[{\"@type\":\"SearchAction\",\"target\":{\"@type\":\"EntryPoint\",\"urlTemplate\":\"https:\\\/\\\/miningspareparts.com\\\/?s={search_term_string}\"},\"query-input\":{\"@type\":\"PropertyValueSpecification\",\"valueRequired\":true,\"valueName\":\"search_term_string\"}}],\"inLanguage\":\"es\"},{\"@type\":\"Organization\",\"@id\":\"https:\\\/\\\/miningspareparts.com\\\/#organization\",\"name\":\"Crusher parts , Concrete Mixer Parts, Slurry Pump Parts, Mining Spares\",\"url\":\"https:\\\/\\\/miningspareparts.com\\\/\",\"logo\":{\"@type\":\"ImageObject\",\"inLanguage\":\"es\",\"@id\":\"https:\\\/\\\/miningspareparts.com\\\/#\\\/schema\\\/logo\\\/image\\\/\",\"url\":\"https:\\\/\\\/miningspareparts.com\\\/wp-content\\\/uploads\\\/2025\\\/04\\\/cropped-cropped-logo\u6b63\u65b9\u5f62.png\",\"contentUrl\":\"https:\\\/\\\/miningspareparts.com\\\/wp-content\\\/uploads\\\/2025\\\/04\\\/cropped-cropped-logo\u6b63\u65b9\u5f62.png\",\"width\":511,\"height\":171,\"caption\":\"Crusher parts , Concrete Mixer Parts, Slurry Pump Parts, Mining Spares\"},\"image\":{\"@id\":\"https:\\\/\\\/miningspareparts.com\\\/#\\\/schema\\\/logo\\\/image\\\/\"}}]}<\/script>\n<!-- \/ Yoast SEO plugin. -->","yoast_head_json":{"title":"NFLG JS2250XC Mixer And Parts - Crusher parts, Slurry Pump Parts, Excavator shovel parts","description":"NFLG JS2250XC twin-shaft mixer blades, mixing arms, and liners offer original replacement precision and exceptional wear resistance.","robots":{"index":"index","follow":"follow","max-snippet":"max-snippet:-1","max-image-preview":"max-image-preview:large","max-video-preview":"max-video-preview:-1"},"canonical":"https:\/\/miningspareparts.com\/es\/producto\/nflg-js2250xc-mixer-and-parts\/","og_locale":"es_MX","og_type":"article","og_title":"NFLG JS2250XC Mixer And Parts - Crusher parts, Slurry Pump Parts, Excavator shovel parts","og_description":"NFLG JS2250XC twin-shaft mixer blades, mixing arms, and liners offer original replacement precision and exceptional wear resistance.","og_url":"https:\/\/miningspareparts.com\/es\/producto\/nflg-js2250xc-mixer-and-parts\/","og_site_name":"Crusher parts, Slurry Pump Parts, Excavator shovel parts","article_modified_time":"2024-04-06T03:00:12+00:00","og_image":[{"width":800,"height":800,"url":"https:\/\/miningspareparts.com\/wp-content\/uploads\/2023\/12\/NFLG-JS2250XC-Mixer-And-Parts.webp","type":"image\/webp"}],"twitter_card":"summary_large_image","twitter_misc":{"Tiempo de lectura":"3 minutos"},"schema":{"@context":"https:\/\/schema.org","@graph":[{"@type":"WebPage","@id":"https:\/\/miningspareparts.com\/product\/nflg-js2250xc-mixer-and-parts\/","url":"https:\/\/miningspareparts.com\/product\/nflg-js2250xc-mixer-and-parts\/","name":"NFLG JS2250XC Mixer And Parts - Crusher parts, Slurry Pump Parts, Excavator shovel parts","isPartOf":{"@id":"https:\/\/miningspareparts.com\/#website"},"primaryImageOfPage":{"@id":"https:\/\/miningspareparts.com\/product\/nflg-js2250xc-mixer-and-parts\/#primaryimage"},"image":{"@id":"https:\/\/miningspareparts.com\/product\/nflg-js2250xc-mixer-and-parts\/#primaryimage"},"thumbnailUrl":"https:\/\/miningspareparts.com\/wp-content\/uploads\/2023\/12\/NFLG-JS2250XC-Mixer-And-Parts.webp","datePublished":"2023-12-31T05:34:32+00:00","dateModified":"2024-04-06T03:00:12+00:00","description":"NFLG JS2250XC twin-shaft mixer blades, mixing arms, and liners offer original replacement precision and exceptional wear resistance.","breadcrumb":{"@id":"https:\/\/miningspareparts.com\/product\/nflg-js2250xc-mixer-and-parts\/#breadcrumb"},"inLanguage":"es","potentialAction":[{"@type":"ReadAction","target":["https:\/\/miningspareparts.com\/product\/nflg-js2250xc-mixer-and-parts\/"]}]},{"@type":"ImageObject","inLanguage":"es","@id":"https:\/\/miningspareparts.com\/product\/nflg-js2250xc-mixer-and-parts\/#primaryimage","url":"https:\/\/miningspareparts.com\/wp-content\/uploads\/2023\/12\/NFLG-JS2250XC-Mixer-And-Parts.webp","contentUrl":"https:\/\/miningspareparts.com\/wp-content\/uploads\/2023\/12\/NFLG-JS2250XC-Mixer-And-Parts.webp","width":800,"height":800},{"@type":"BreadcrumbList","@id":"https:\/\/miningspareparts.com\/product\/nflg-js2250xc-mixer-and-parts\/#breadcrumb","itemListElement":[{"@type":"ListItem","position":1,"name":"Home","item":"https:\/\/miningspareparts.com\/"},{"@type":"ListItem","position":2,"name":"Premium Mining Wear And Spare Parts","item":"https:\/\/miningspareparts.com\/shop\/"},{"@type":"ListItem","position":3,"name":"NFLG JS2250XC Mixer And Parts"}]},{"@type":"WebSite","@id":"https:\/\/miningspareparts.com\/#website","url":"https:\/\/miningspareparts.com\/","name":"Crusher parts , Concrete Mixer Parts, Slurry Pump Parts, Mining Spares","description":"Mining Wear &amp; Spare Parts Supplier","publisher":{"@id":"https:\/\/miningspareparts.com\/#organization"},"potentialAction":[{"@type":"SearchAction","target":{"@type":"EntryPoint","urlTemplate":"https:\/\/miningspareparts.com\/?s={search_term_string}"},"query-input":{"@type":"PropertyValueSpecification","valueRequired":true,"valueName":"search_term_string"}}],"inLanguage":"es"},{"@type":"Organization","@id":"https:\/\/miningspareparts.com\/#organization","name":"Crusher parts , Concrete Mixer Parts, Slurry Pump Parts, Mining Spares","url":"https:\/\/miningspareparts.com\/","logo":{"@type":"ImageObject","inLanguage":"es","@id":"https:\/\/miningspareparts.com\/#\/schema\/logo\/image\/","url":"https:\/\/miningspareparts.com\/wp-content\/uploads\/2025\/04\/cropped-cropped-logo\u6b63\u65b9\u5f62.png","contentUrl":"https:\/\/miningspareparts.com\/wp-content\/uploads\/2025\/04\/cropped-cropped-logo\u6b63\u65b9\u5f62.png","width":511,"height":171,"caption":"Crusher parts , Concrete Mixer Parts, Slurry Pump Parts, Mining Spares"},"image":{"@id":"https:\/\/miningspareparts.com\/#\/schema\/logo\/image\/"}}]}},"uagb_featured_image_src":{"full":["https:\/\/miningspareparts.com\/wp-content\/uploads\/2023\/12\/NFLG-JS2250XC-Mixer-And-Parts.webp",800,800,false],"thumbnail":["https:\/\/miningspareparts.com\/wp-content\/uploads\/2023\/12\/NFLG-JS2250XC-Mixer-And-Parts-150x150.webp",150,150,true],"medium":["https:\/\/miningspareparts.com\/wp-content\/uploads\/2023\/12\/NFLG-JS2250XC-Mixer-And-Parts-300x300.webp",300,300,true],"medium_large":["https:\/\/miningspareparts.com\/wp-content\/uploads\/2023\/12\/NFLG-JS2250XC-Mixer-And-Parts-768x768.webp",768,768,true],"large":["https:\/\/miningspareparts.com\/wp-content\/uploads\/2023\/12\/NFLG-JS2250XC-Mixer-And-Parts.webp",800,800,false],"1536x1536":["https:\/\/miningspareparts.com\/wp-content\/uploads\/2023\/12\/NFLG-JS2250XC-Mixer-And-Parts.webp",800,800,false],"2048x2048":["https:\/\/miningspareparts.com\/wp-content\/uploads\/2023\/12\/NFLG-JS2250XC-Mixer-And-Parts.webp",800,800,false],"trp-custom-language-flag":["https:\/\/miningspareparts.com\/wp-content\/uploads\/2023\/12\/NFLG-JS2250XC-Mixer-And-Parts-12x12.webp",12,12,true],"woocommerce_thumbnail":["https:\/\/miningspareparts.com\/wp-content\/uploads\/2023\/12\/NFLG-JS2250XC-Mixer-And-Parts-300x300.webp",300,300,true],"woocommerce_single":["https:\/\/miningspareparts.com\/wp-content\/uploads\/2023\/12\/NFLG-JS2250XC-Mixer-And-Parts-600x600.webp",600,600,true],"woocommerce_gallery_thumbnail":["https:\/\/miningspareparts.com\/wp-content\/uploads\/2023\/12\/NFLG-JS2250XC-Mixer-And-Parts-100x100.webp",100,100,true]},"uagb_author_info":{"display_name":"Miningspareparts","author_link":"https:\/\/miningspareparts.com\/es\/author\/"},"uagb_comment_info":0,"uagb_excerpt":"Models:NFLG JS2250XC","_links":{"self":[{"href":"https:\/\/miningspareparts.com\/es\/wp-json\/wp\/v2\/product\/2123","targetHints":{"allow":["GET"]}}],"collection":[{"href":"https:\/\/miningspareparts.com\/es\/wp-json\/wp\/v2\/product"}],"about":[{"href":"https:\/\/miningspareparts.com\/es\/wp-json\/wp\/v2\/types\/product"}],"wp:featuredmedia":[{"embeddable":true,"href":"https:\/\/miningspareparts.com\/es\/wp-json\/wp\/v2\/media\/4789"}],"wp:attachment":[{"href":"https:\/\/miningspareparts.com\/es\/wp-json\/wp\/v2\/media?parent=2123"}],"wp:term":[{"taxonomy":"product_brand","embeddable":true,"href":"https:\/\/miningspareparts.com\/es\/wp-json\/wp\/v2\/product_brand?post=2123"},{"taxonomy":"product_cat","embeddable":true,"href":"https:\/\/miningspareparts.com\/es\/wp-json\/wp\/v2\/product_cat?post=2123"},{"taxonomy":"product_tag","embeddable":true,"href":"https:\/\/miningspareparts.com\/es\/wp-json\/wp\/v2\/product_tag?post=2123"}],"curies":[{"name":"wp","href":"https:\/\/api.w.org\/{rel}","templated":true}]}}