{"id":2158,"date":"2023-12-31T06:03:32","date_gmt":"2023-12-31T06:03:32","guid":{"rendered":"https:\/\/miningspareparts.com\/?post_type=product&#038;p=2158"},"modified":"2024-04-06T05:42:49","modified_gmt":"2024-04-06T05:42:49","slug":"zoomlion-1500-mixer-and-parts","status":"publish","type":"product","link":"https:\/\/miningspareparts.com\/es\/producto\/zoomlion-1500-mixer-and-parts\/","title":{"rendered":"ZOOMLION1500 Mezclador Y Piezas"},"content":{"rendered":"<p><strong>He aqu\u00ed una descripci\u00f3n de ZOOMLION 1500 Mixer And Parts<\/strong><\/p>\n<table>\n<tbody>\n<tr>\n<td width=\"48\">NO.<\/td>\n<td width=\"368\">Especificaci\u00f3n<\/td>\n<td width=\"57\">Cantidad<\/td>\n<td width=\"47\">Unidad.<\/td>\n<td width=\"47\">Peso unitario (Kg)<\/td>\n<td width=\"67\">Peso total (Kg)<\/td>\n<td width=\"84\">Observaciones<\/td>\n<\/tr>\n<tr>\n<td width=\"48\">1<\/td>\n<td width=\"368\">A1.5 Liner A<\/td>\n<td width=\"57\">16<\/td>\n<td width=\"47\">\u4ef6<\/td>\n<td width=\"47\">8.9<\/td>\n<td width=\"67\">142.4<\/td>\n<td width=\"84\"><\/td>\n<\/tr>\n<tr>\n<td width=\"48\">2<\/td>\n<td width=\"368\">A1.6 Liner B<\/td>\n<td width=\"57\">16<\/td>\n<td width=\"47\">\u4ef6<\/td>\n<td width=\"47\">10.3<\/td>\n<td width=\"67\">164.8<\/td>\n<td width=\"84\"><\/td>\n<\/tr>\n<tr>\n<td width=\"48\">3<\/td>\n<td width=\"368\">A1.7 Liner C<\/td>\n<td width=\"57\">4<\/td>\n<td width=\"47\">\u4ef6<\/td>\n<td width=\"47\">7.3<\/td>\n<td width=\"67\">29.2<\/td>\n<td width=\"84\"><\/td>\n<\/tr>\n<tr>\n<td width=\"48\">4<\/td>\n<td width=\"368\">A1.8 Liner D<\/td>\n<td width=\"57\">4<\/td>\n<td width=\"47\">\u4ef6<\/td>\n<td width=\"47\">7.3<\/td>\n<td width=\"67\">29.2<\/td>\n<td width=\"84\"><\/td>\n<\/tr>\n<tr>\n<td width=\"48\">5<\/td>\n<td width=\"368\">ZOOMLION1150 Liner 0005<\/td>\n<td width=\"57\">98<\/td>\n<td width=\"47\">\u4ef6<\/td>\n<td width=\"47\">5.2<\/td>\n<td width=\"67\">509.6<\/td>\n<td width=\"84\"><\/td>\n<\/tr>\n<tr>\n<td width=\"48\">6<\/td>\n<td width=\"368\">ZOOMLION1150 Liner 0006<\/td>\n<td width=\"57\">14<\/td>\n<td width=\"47\">\u4ef6<\/td>\n<td width=\"47\">5<\/td>\n<td width=\"67\">70<\/td>\n<td width=\"84\"><\/td>\n<\/tr>\n<tr>\n<td width=\"48\">7<\/td>\n<td width=\"368\">ZOOMLION1150 Liner 0007<\/td>\n<td width=\"57\">8<\/td>\n<td width=\"47\">\u4ef6<\/td>\n<td width=\"47\">2.5<\/td>\n<td width=\"67\">20<\/td>\n<td width=\"84\"><\/td>\n<\/tr>\n<tr>\n<td width=\"48\">8<\/td>\n<td width=\"368\">ZOOMLION1150 Liner 0008<\/td>\n<td width=\"57\">14<\/td>\n<td width=\"47\">\u4ef6<\/td>\n<td width=\"47\">5<\/td>\n<td width=\"67\">70<\/td>\n<td width=\"84\"><\/td>\n<\/tr>\n<tr>\n<td width=\"48\">9<\/td>\n<td width=\"368\">A1.5 Cuchilla de alimentaci\u00f3n<\/td>\n<td width=\"57\">12<\/td>\n<td width=\"47\">\u4ef6<\/td>\n<td width=\"47\">11<\/td>\n<td width=\"67\">132<\/td>\n<td width=\"84\"><\/td>\n<\/tr>\n<tr>\n<td width=\"48\">10<\/td>\n<td width=\"368\">A1.5 Cuchilla de retorno<\/td>\n<td width=\"57\">2<\/td>\n<td width=\"47\">\u4ef6<\/td>\n<td width=\"47\">11<\/td>\n<td width=\"67\">22<\/td>\n<td width=\"84\"><\/td>\n<\/tr>\n<tr>\n<td width=\"48\">11<\/td>\n<td width=\"368\">A1.5 Hoja lateral de retorno<\/td>\n<td width=\"57\">2<\/td>\n<td width=\"47\">\u4ef6<\/td>\n<td width=\"47\">13.9<\/td>\n<td width=\"67\">27.8<\/td>\n<td width=\"84\"><\/td>\n<\/tr>\n<tr>\n<td width=\"48\">12<\/td>\n<td width=\"368\">A1.5 Cuchilla lateral de alimentaci\u00f3n<\/td>\n<td width=\"57\">2<\/td>\n<td width=\"47\">\u4ef6<\/td>\n<td width=\"47\">13.9<\/td>\n<td width=\"67\">27.8<\/td>\n<td width=\"84\"><\/td>\n<\/tr>\n<tr>\n<td width=\"48\">13<\/td>\n<td width=\"368\">A1.5 Hoja de la pala de alimentaci\u00f3n<\/td>\n<td width=\"57\">2<\/td>\n<td width=\"47\">\u4ef6<\/td>\n<td width=\"47\">9.3<\/td>\n<td width=\"67\">18.6<\/td>\n<td width=\"84\"><\/td>\n<\/tr>\n<tr>\n<td width=\"48\">14<\/td>\n<td width=\"368\">A1.5\u65b9 Hoja de la pala de retorno<\/td>\n<td width=\"57\">2<\/td>\n<td width=\"47\">\u4ef6<\/td>\n<td width=\"47\">9.3<\/td>\n<td width=\"67\">18.6<\/td>\n<td width=\"84\"><\/td>\n<\/tr>\n<tr>\n<td width=\"48\">15<\/td>\n<td width=\"368\">ZOOMLION1150 Brazo 1002<\/td>\n<td width=\"57\">14<\/td>\n<td width=\"47\">\u4ef6<\/td>\n<td width=\"47\">29.4<\/td>\n<td width=\"67\">411.6<\/td>\n<td width=\"84\"><\/td>\n<\/tr>\n<tr>\n<td width=\"48\">16<\/td>\n<td width=\"368\">ZOOMLION1150 Brazo 3002<\/td>\n<td width=\"57\">4<\/td>\n<td width=\"47\">\u4ef6<\/td>\n<td width=\"47\">29.4<\/td>\n<td width=\"67\">117.6<\/td>\n<td width=\"84\"><\/td>\n<\/tr>\n<tr>\n<td width=\"48\">17<\/td>\n<td width=\"368\">ZOOMLION1150 Brazo 5002<\/td>\n<td width=\"57\">2<\/td>\n<td width=\"47\">\u4ef6<\/td>\n<td width=\"47\">19.1<\/td>\n<td width=\"67\">38.2<\/td>\n<td width=\"84\"><\/td>\n<\/tr>\n<tr>\n<td width=\"48\">8<\/td>\n<td width=\"368\">ZOOMLION1150 Brazo 6002<\/td>\n<td width=\"57\">2<\/td>\n<td width=\"47\">\u4ef6<\/td>\n<td width=\"47\">19.1<\/td>\n<td width=\"67\">38.2<\/td>\n<td width=\"84\"><\/td>\n<\/tr>\n<tr>\n<td width=\"48\">9<\/td>\n<td width=\"368\">ZOOMLION1150 Cerradura Asiento 0001<\/td>\n<td width=\"57\">14<\/td>\n<td width=\"47\">\u4ef6<\/td>\n<td width=\"47\">13.5<\/td>\n<td width=\"67\">189<\/td>\n<td width=\"84\"><\/td>\n<\/tr>\n<tr>\n<td width=\"48\">20<\/td>\n<td width=\"368\">ZOOMLION1150 Abrazadera del eje principal 0002<\/td>\n<td width=\"57\">4<\/td>\n<td width=\"47\">\u4ef6<\/td>\n<td width=\"47\">2.8<\/td>\n<td width=\"67\">11.2<\/td>\n<td width=\"84\"><\/td>\n<\/tr>\n<tr>\n<td width=\"48\">Total<\/td>\n<td width=\"368\"><\/td>\n<td width=\"57\"><\/td>\n<td width=\"47\"><\/td>\n<td width=\"47\"><\/td>\n<td width=\"67\">2087.8<\/td>\n<td width=\"84\"><\/td>\n<\/tr>\n<\/tbody>\n<\/table>\n<p><img fetchpriority=\"high\" decoding=\"async\" class=\"wp-image-3550 alignleft\" src=\"https:\/\/miningspareparts.com\/wp-content\/uploads\/2024\/01\/Mixer-And-Wear-Parts1-239x300.webp\" alt=\"\" width=\"498\" height=\"625\" srcset=\"https:\/\/miningspareparts.com\/wp-content\/uploads\/2024\/01\/Mixer-And-Wear-Parts1-239x300.webp 239w, https:\/\/miningspareparts.com\/wp-content\/uploads\/2024\/01\/Mixer-And-Wear-Parts1-817x1024.webp 817w, https:\/\/miningspareparts.com\/wp-content\/uploads\/2024\/01\/Mixer-And-Wear-Parts1-768x963.webp 768w, https:\/\/miningspareparts.com\/wp-content\/uploads\/2024\/01\/Mixer-And-Wear-Parts1-1226x1536.webp 1226w, https:\/\/miningspareparts.com\/wp-content\/uploads\/2024\/01\/Mixer-And-Wear-Parts1-1634x2048.webp 1634w, https:\/\/miningspareparts.com\/wp-content\/uploads\/2024\/01\/Mixer-And-Wear-Parts1-600x752.webp 600w, https:\/\/miningspareparts.com\/wp-content\/uploads\/2024\/01\/Mixer-And-Wear-Parts1.webp 2037w\" sizes=\"(max-width: 498px) 100vw, 498px\" \/><span style=\"font-size: 16px\">\u00a0<\/span><img decoding=\"async\" class=\"wp-image-3551 alignnone\" style=\"font-weight: inherit\" src=\"https:\/\/miningspareparts.com\/wp-content\/uploads\/2024\/01\/Mixer-And-Wear-Parts2-210x300.webp\" alt=\"\" width=\"454\" height=\"649\" srcset=\"https:\/\/miningspareparts.com\/wp-content\/uploads\/2024\/01\/Mixer-And-Wear-Parts2-210x300.webp 210w, https:\/\/miningspareparts.com\/wp-content\/uploads\/2024\/01\/Mixer-And-Wear-Parts2-600x856.webp 600w\" sizes=\"(max-width: 454px) 100vw, 454px\" \/><\/p>\n<p>Como fabricante distinguido de palas, brazos mezcladores y revestimientos para mezcladoras de doble eje ZOOMLION 1500, nos enorgullecemos de ofrecer componentes de repuesto originales que redefinen la excelencia en el panorama de las mezcladoras de hormig\u00f3n. El recambio original significa nuestra dedicaci\u00f3n a suministrar componentes que se ajusten perfectamente a las especificaciones de ZOOMLION, garantizando un rendimiento y una compatibilidad \u00f3ptimos.<\/p>\n<p>En el \u00e1mbito de la posventa, destacamos por ofrecer soluciones que van m\u00e1s all\u00e1 de las meras sustituciones. Nuestros componentes se elaboran meticulosamente para mejorar la eficacia y longevidad de las mezcladoras ZOOMLION. Este compromiso con la excelencia en el mercado posventa significa que nuestros clientes experimentan un tiempo de inactividad m\u00ednimo, una mayor productividad y un mantenimiento rentable.<\/p>","protected":false},"excerpt":{"rendered":"<p>Modelos:ZOOMLION 1500<\/p>","protected":false},"featured_media":4807,"template":"","meta":{"_uag_custom_page_level_css":"","site-sidebar-layout":"default","site-content-layout":"","ast-site-content-layout":"default","site-content-style":"default","site-sidebar-style":"default","ast-global-header-display":"","ast-banner-title-visibility":"","ast-main-header-display":"","ast-hfb-above-header-display":"","ast-hfb-below-header-display":"","ast-hfb-mobile-header-display":"","site-post-title":"","ast-breadcrumbs-content":"","ast-featured-img":"","footer-sml-layout":"","ast-disable-related-posts":"","theme-transparent-header-meta":"default","adv-header-id-meta":"","stick-header-meta":"default","header-above-stick-meta":"","header-main-stick-meta":"","header-below-stick-meta":"","astra-migrate-meta-layouts":"set","ast-page-background-enabled":"default","ast-page-background-meta":{"desktop":{"background-color":"var(--ast-global-color-4)","background-image":"","background-repeat":"repeat","background-position":"center center","background-size":"auto","background-attachment":"scroll","background-type":"","background-media":"","overlay-type":"","overlay-color":"","overlay-opacity":"","overlay-gradient":""},"tablet":{"background-color":"","background-image":"","background-repeat":"repeat","background-position":"center center","background-size":"auto","background-attachment":"scroll","background-type":"","background-media":"","overlay-type":"","overlay-color":"","overlay-opacity":"","overlay-gradient":""},"mobile":{"background-color":"","background-image":"","background-repeat":"repeat","background-position":"center center","background-size":"auto","background-attachment":"scroll","background-type":"","background-media":"","overlay-type":"","overlay-color":"","overlay-opacity":"","overlay-gradient":""}},"ast-content-background-meta":{"desktop":{"background-color":"var(--ast-global-color-5)","background-image":"","background-repeat":"repeat","background-position":"center center","background-size":"auto","background-attachment":"scroll","background-type":"","background-media":"","overlay-type":"","overlay-color":"","overlay-opacity":"","overlay-gradient":""},"tablet":{"background-color":"var(--ast-global-color-5)","background-image":"","background-repeat":"repeat","background-position":"center center","background-size":"auto","background-attachment":"scroll","background-type":"","background-media":"","overlay-type":"","overlay-color":"","overlay-opacity":"","overlay-gradient":""},"mobile":{"background-color":"var(--ast-global-color-5)","background-image":"","background-repeat":"repeat","background-position":"center center","background-size":"auto","background-attachment":"scroll","background-type":"","background-media":"","overlay-type":"","overlay-color":"","overlay-opacity":"","overlay-gradient":""}}},"product_brand":[],"product_cat":[281,77],"product_tag":[268,288,269],"class_list":{"0":"post-2158","1":"product","2":"type-product","3":"status-publish","4":"has-post-thumbnail","6":"product_cat-zoomlion","7":"product_cat-concrete-mixer-parts","8":"product_tag-blade","9":"product_tag-concrete-mixer","10":"product_tag-mixing-arm","11":"desktop-align-left","12":"tablet-align-left","13":"mobile-align-left","14":"ast-product-gallery-layout-horizontal-slider","15":"ast-product-gallery-with-no-image","16":"ast-product-single-variable","17":"ast-product-tabs-layout-horizontal","19":"first","20":"instock","21":"shipping-taxable","22":"purchasable","23":"product-type-variable"},"yoast_head":"<!-- This site is optimized with the Yoast SEO plugin v27.4 - https:\/\/yoast.com\/product\/yoast-seo-wordpress\/ -->\n<title>ZOOMLION 1500 Mixer And Parts - Crusher parts, Slurry Pump Parts, Excavator shovel parts<\/title>\n<meta name=\"description\" content=\"Our Zoomlion 1500 twin-shaft mixer blades, arms and liners are original replacement and ensure wear resistance for unparalleled durability and efficiency.\" \/>\n<meta name=\"robots\" content=\"index, follow, max-snippet:-1, max-image-preview:large, max-video-preview:-1\" \/>\n<link rel=\"canonical\" href=\"https:\/\/miningspareparts.com\/es\/producto\/zoomlion-1500-mixer-and-parts\/\" \/>\n<meta property=\"og:locale\" content=\"es_MX\" \/>\n<meta property=\"og:type\" content=\"article\" \/>\n<meta property=\"og:title\" content=\"ZOOMLION 1500 Mixer And Parts - Crusher parts, Slurry Pump Parts, Excavator shovel parts\" \/>\n<meta property=\"og:description\" content=\"Our Zoomlion 1500 twin-shaft mixer blades, arms and liners are original replacement and ensure wear resistance for unparalleled durability and efficiency.\" \/>\n<meta property=\"og:url\" content=\"https:\/\/miningspareparts.com\/es\/producto\/zoomlion-1500-mixer-and-parts\/\" \/>\n<meta property=\"og:site_name\" content=\"Crusher parts, Slurry Pump Parts, Excavator shovel parts\" \/>\n<meta property=\"article:modified_time\" content=\"2024-04-06T05:42:49+00:00\" \/>\n<meta property=\"og:image\" content=\"https:\/\/miningspareparts.com\/wp-content\/uploads\/2023\/12\/ZOOMLION1500-Mixer-And-Parts.webp\" \/>\n\t<meta property=\"og:image:width\" content=\"800\" \/>\n\t<meta property=\"og:image:height\" content=\"800\" \/>\n\t<meta property=\"og:image:type\" content=\"image\/webp\" \/>\n<meta name=\"twitter:card\" content=\"summary_large_image\" \/>\n<meta name=\"twitter:label1\" content=\"Tiempo de lectura\" \/>\n\t<meta name=\"twitter:data1\" content=\"2 minutos\" \/>\n<script type=\"application\/ld+json\" class=\"yoast-schema-graph\">{\"@context\":\"https:\\\/\\\/schema.org\",\"@graph\":[{\"@type\":\"WebPage\",\"@id\":\"https:\\\/\\\/miningspareparts.com\\\/product\\\/zoomlion-1500-mixer-and-parts\\\/\",\"url\":\"https:\\\/\\\/miningspareparts.com\\\/product\\\/zoomlion-1500-mixer-and-parts\\\/\",\"name\":\"ZOOMLION 1500 Mixer And Parts - Crusher parts, Slurry Pump Parts, Excavator shovel parts\",\"isPartOf\":{\"@id\":\"https:\\\/\\\/miningspareparts.com\\\/#website\"},\"primaryImageOfPage\":{\"@id\":\"https:\\\/\\\/miningspareparts.com\\\/product\\\/zoomlion-1500-mixer-and-parts\\\/#primaryimage\"},\"image\":{\"@id\":\"https:\\\/\\\/miningspareparts.com\\\/product\\\/zoomlion-1500-mixer-and-parts\\\/#primaryimage\"},\"thumbnailUrl\":\"https:\\\/\\\/miningspareparts.com\\\/wp-content\\\/uploads\\\/2023\\\/12\\\/ZOOMLION1500-Mixer-And-Parts.webp\",\"datePublished\":\"2023-12-31T06:03:32+00:00\",\"dateModified\":\"2024-04-06T05:42:49+00:00\",\"description\":\"Our Zoomlion 1500 twin-shaft mixer blades, arms and liners are original replacement and ensure wear resistance for unparalleled durability and efficiency.\",\"breadcrumb\":{\"@id\":\"https:\\\/\\\/miningspareparts.com\\\/product\\\/zoomlion-1500-mixer-and-parts\\\/#breadcrumb\"},\"inLanguage\":\"es\",\"potentialAction\":[{\"@type\":\"ReadAction\",\"target\":[\"https:\\\/\\\/miningspareparts.com\\\/product\\\/zoomlion-1500-mixer-and-parts\\\/\"]}]},{\"@type\":\"ImageObject\",\"inLanguage\":\"es\",\"@id\":\"https:\\\/\\\/miningspareparts.com\\\/product\\\/zoomlion-1500-mixer-and-parts\\\/#primaryimage\",\"url\":\"https:\\\/\\\/miningspareparts.com\\\/wp-content\\\/uploads\\\/2023\\\/12\\\/ZOOMLION1500-Mixer-And-Parts.webp\",\"contentUrl\":\"https:\\\/\\\/miningspareparts.com\\\/wp-content\\\/uploads\\\/2023\\\/12\\\/ZOOMLION1500-Mixer-And-Parts.webp\",\"width\":800,\"height\":800},{\"@type\":\"BreadcrumbList\",\"@id\":\"https:\\\/\\\/miningspareparts.com\\\/product\\\/zoomlion-1500-mixer-and-parts\\\/#breadcrumb\",\"itemListElement\":[{\"@type\":\"ListItem\",\"position\":1,\"name\":\"Home\",\"item\":\"https:\\\/\\\/miningspareparts.com\\\/\"},{\"@type\":\"ListItem\",\"position\":2,\"name\":\"Premium Mining Wear And Spare Parts\",\"item\":\"https:\\\/\\\/miningspareparts.com\\\/shop\\\/\"},{\"@type\":\"ListItem\",\"position\":3,\"name\":\"ZOOMLION1500 Mixer And Parts\"}]},{\"@type\":\"WebSite\",\"@id\":\"https:\\\/\\\/miningspareparts.com\\\/#website\",\"url\":\"https:\\\/\\\/miningspareparts.com\\\/\",\"name\":\"Crusher parts , Concrete Mixer Parts, Slurry Pump Parts, Mining Spares\",\"description\":\"Mining Wear &amp; Spare Parts Supplier\",\"publisher\":{\"@id\":\"https:\\\/\\\/miningspareparts.com\\\/#organization\"},\"potentialAction\":[{\"@type\":\"SearchAction\",\"target\":{\"@type\":\"EntryPoint\",\"urlTemplate\":\"https:\\\/\\\/miningspareparts.com\\\/?s={search_term_string}\"},\"query-input\":{\"@type\":\"PropertyValueSpecification\",\"valueRequired\":true,\"valueName\":\"search_term_string\"}}],\"inLanguage\":\"es\"},{\"@type\":\"Organization\",\"@id\":\"https:\\\/\\\/miningspareparts.com\\\/#organization\",\"name\":\"Crusher parts , Concrete Mixer Parts, Slurry Pump Parts, Mining Spares\",\"url\":\"https:\\\/\\\/miningspareparts.com\\\/\",\"logo\":{\"@type\":\"ImageObject\",\"inLanguage\":\"es\",\"@id\":\"https:\\\/\\\/miningspareparts.com\\\/#\\\/schema\\\/logo\\\/image\\\/\",\"url\":\"https:\\\/\\\/miningspareparts.com\\\/wp-content\\\/uploads\\\/2025\\\/04\\\/cropped-cropped-logo\u6b63\u65b9\u5f62.png\",\"contentUrl\":\"https:\\\/\\\/miningspareparts.com\\\/wp-content\\\/uploads\\\/2025\\\/04\\\/cropped-cropped-logo\u6b63\u65b9\u5f62.png\",\"width\":511,\"height\":171,\"caption\":\"Crusher parts , Concrete Mixer Parts, Slurry Pump Parts, Mining Spares\"},\"image\":{\"@id\":\"https:\\\/\\\/miningspareparts.com\\\/#\\\/schema\\\/logo\\\/image\\\/\"}}]}<\/script>\n<!-- \/ Yoast SEO plugin. -->","yoast_head_json":{"title":"ZOOMLION 1500 Mixer And Parts - Crusher parts, Slurry Pump Parts, Excavator shovel parts","description":"Our Zoomlion 1500 twin-shaft mixer blades, arms and liners are original replacement and ensure wear resistance for unparalleled durability and efficiency.","robots":{"index":"index","follow":"follow","max-snippet":"max-snippet:-1","max-image-preview":"max-image-preview:large","max-video-preview":"max-video-preview:-1"},"canonical":"https:\/\/miningspareparts.com\/es\/producto\/zoomlion-1500-mixer-and-parts\/","og_locale":"es_MX","og_type":"article","og_title":"ZOOMLION 1500 Mixer And Parts - Crusher parts, Slurry Pump Parts, Excavator shovel parts","og_description":"Our Zoomlion 1500 twin-shaft mixer blades, arms and liners are original replacement and ensure wear resistance for unparalleled durability and efficiency.","og_url":"https:\/\/miningspareparts.com\/es\/producto\/zoomlion-1500-mixer-and-parts\/","og_site_name":"Crusher parts, Slurry Pump Parts, Excavator shovel parts","article_modified_time":"2024-04-06T05:42:49+00:00","og_image":[{"width":800,"height":800,"url":"https:\/\/miningspareparts.com\/wp-content\/uploads\/2023\/12\/ZOOMLION1500-Mixer-And-Parts.webp","type":"image\/webp"}],"twitter_card":"summary_large_image","twitter_misc":{"Tiempo de lectura":"2 minutos"},"schema":{"@context":"https:\/\/schema.org","@graph":[{"@type":"WebPage","@id":"https:\/\/miningspareparts.com\/product\/zoomlion-1500-mixer-and-parts\/","url":"https:\/\/miningspareparts.com\/product\/zoomlion-1500-mixer-and-parts\/","name":"ZOOMLION 1500 Mixer And Parts - Crusher parts, Slurry Pump Parts, Excavator shovel parts","isPartOf":{"@id":"https:\/\/miningspareparts.com\/#website"},"primaryImageOfPage":{"@id":"https:\/\/miningspareparts.com\/product\/zoomlion-1500-mixer-and-parts\/#primaryimage"},"image":{"@id":"https:\/\/miningspareparts.com\/product\/zoomlion-1500-mixer-and-parts\/#primaryimage"},"thumbnailUrl":"https:\/\/miningspareparts.com\/wp-content\/uploads\/2023\/12\/ZOOMLION1500-Mixer-And-Parts.webp","datePublished":"2023-12-31T06:03:32+00:00","dateModified":"2024-04-06T05:42:49+00:00","description":"Our Zoomlion 1500 twin-shaft mixer blades, arms and liners are original replacement and ensure wear resistance for unparalleled durability and efficiency.","breadcrumb":{"@id":"https:\/\/miningspareparts.com\/product\/zoomlion-1500-mixer-and-parts\/#breadcrumb"},"inLanguage":"es","potentialAction":[{"@type":"ReadAction","target":["https:\/\/miningspareparts.com\/product\/zoomlion-1500-mixer-and-parts\/"]}]},{"@type":"ImageObject","inLanguage":"es","@id":"https:\/\/miningspareparts.com\/product\/zoomlion-1500-mixer-and-parts\/#primaryimage","url":"https:\/\/miningspareparts.com\/wp-content\/uploads\/2023\/12\/ZOOMLION1500-Mixer-And-Parts.webp","contentUrl":"https:\/\/miningspareparts.com\/wp-content\/uploads\/2023\/12\/ZOOMLION1500-Mixer-And-Parts.webp","width":800,"height":800},{"@type":"BreadcrumbList","@id":"https:\/\/miningspareparts.com\/product\/zoomlion-1500-mixer-and-parts\/#breadcrumb","itemListElement":[{"@type":"ListItem","position":1,"name":"Home","item":"https:\/\/miningspareparts.com\/"},{"@type":"ListItem","position":2,"name":"Premium Mining Wear And Spare Parts","item":"https:\/\/miningspareparts.com\/shop\/"},{"@type":"ListItem","position":3,"name":"ZOOMLION1500 Mixer And Parts"}]},{"@type":"WebSite","@id":"https:\/\/miningspareparts.com\/#website","url":"https:\/\/miningspareparts.com\/","name":"Crusher parts , Concrete Mixer Parts, Slurry Pump Parts, Mining Spares","description":"Mining Wear &amp; Spare Parts Supplier","publisher":{"@id":"https:\/\/miningspareparts.com\/#organization"},"potentialAction":[{"@type":"SearchAction","target":{"@type":"EntryPoint","urlTemplate":"https:\/\/miningspareparts.com\/?s={search_term_string}"},"query-input":{"@type":"PropertyValueSpecification","valueRequired":true,"valueName":"search_term_string"}}],"inLanguage":"es"},{"@type":"Organization","@id":"https:\/\/miningspareparts.com\/#organization","name":"Crusher parts , Concrete Mixer Parts, Slurry Pump Parts, Mining Spares","url":"https:\/\/miningspareparts.com\/","logo":{"@type":"ImageObject","inLanguage":"es","@id":"https:\/\/miningspareparts.com\/#\/schema\/logo\/image\/","url":"https:\/\/miningspareparts.com\/wp-content\/uploads\/2025\/04\/cropped-cropped-logo\u6b63\u65b9\u5f62.png","contentUrl":"https:\/\/miningspareparts.com\/wp-content\/uploads\/2025\/04\/cropped-cropped-logo\u6b63\u65b9\u5f62.png","width":511,"height":171,"caption":"Crusher parts , Concrete Mixer Parts, Slurry Pump Parts, Mining Spares"},"image":{"@id":"https:\/\/miningspareparts.com\/#\/schema\/logo\/image\/"}}]}},"uagb_featured_image_src":{"full":["https:\/\/miningspareparts.com\/wp-content\/uploads\/2023\/12\/ZOOMLION1500-Mixer-And-Parts.webp",800,800,false],"thumbnail":["https:\/\/miningspareparts.com\/wp-content\/uploads\/2023\/12\/ZOOMLION1500-Mixer-And-Parts-150x150.webp",150,150,true],"medium":["https:\/\/miningspareparts.com\/wp-content\/uploads\/2023\/12\/ZOOMLION1500-Mixer-And-Parts-300x300.webp",300,300,true],"medium_large":["https:\/\/miningspareparts.com\/wp-content\/uploads\/2023\/12\/ZOOMLION1500-Mixer-And-Parts-768x768.webp",768,768,true],"large":["https:\/\/miningspareparts.com\/wp-content\/uploads\/2023\/12\/ZOOMLION1500-Mixer-And-Parts.webp",800,800,false],"1536x1536":["https:\/\/miningspareparts.com\/wp-content\/uploads\/2023\/12\/ZOOMLION1500-Mixer-And-Parts.webp",800,800,false],"2048x2048":["https:\/\/miningspareparts.com\/wp-content\/uploads\/2023\/12\/ZOOMLION1500-Mixer-And-Parts.webp",800,800,false],"trp-custom-language-flag":["https:\/\/miningspareparts.com\/wp-content\/uploads\/2023\/12\/ZOOMLION1500-Mixer-And-Parts-12x12.webp",12,12,true],"woocommerce_thumbnail":["https:\/\/miningspareparts.com\/wp-content\/uploads\/2023\/12\/ZOOMLION1500-Mixer-And-Parts-300x300.webp",300,300,true],"woocommerce_single":["https:\/\/miningspareparts.com\/wp-content\/uploads\/2023\/12\/ZOOMLION1500-Mixer-And-Parts-600x600.webp",600,600,true],"woocommerce_gallery_thumbnail":["https:\/\/miningspareparts.com\/wp-content\/uploads\/2023\/12\/ZOOMLION1500-Mixer-And-Parts-100x100.webp",100,100,true]},"uagb_author_info":{"display_name":"Miningspareparts","author_link":"https:\/\/miningspareparts.com\/es\/author\/"},"uagb_comment_info":0,"uagb_excerpt":"Models:ZOOMLION 1500","_links":{"self":[{"href":"https:\/\/miningspareparts.com\/es\/wp-json\/wp\/v2\/product\/2158","targetHints":{"allow":["GET"]}}],"collection":[{"href":"https:\/\/miningspareparts.com\/es\/wp-json\/wp\/v2\/product"}],"about":[{"href":"https:\/\/miningspareparts.com\/es\/wp-json\/wp\/v2\/types\/product"}],"wp:featuredmedia":[{"embeddable":true,"href":"https:\/\/miningspareparts.com\/es\/wp-json\/wp\/v2\/media\/4807"}],"wp:attachment":[{"href":"https:\/\/miningspareparts.com\/es\/wp-json\/wp\/v2\/media?parent=2158"}],"wp:term":[{"taxonomy":"product_brand","embeddable":true,"href":"https:\/\/miningspareparts.com\/es\/wp-json\/wp\/v2\/product_brand?post=2158"},{"taxonomy":"product_cat","embeddable":true,"href":"https:\/\/miningspareparts.com\/es\/wp-json\/wp\/v2\/product_cat?post=2158"},{"taxonomy":"product_tag","embeddable":true,"href":"https:\/\/miningspareparts.com\/es\/wp-json\/wp\/v2\/product_tag?post=2158"}],"curies":[{"name":"wp","href":"https:\/\/api.w.org\/{rel}","templated":true}]}}