{"id":2165,"date":"2023-12-31T06:10:23","date_gmt":"2023-12-31T06:10:23","guid":{"rendered":"https:\/\/miningspareparts.com\/?post_type=product&#038;p=2165"},"modified":"2024-04-06T05:40:39","modified_gmt":"2024-04-06T05:40:39","slug":"zoomlion-5000-mixer-and-parts","status":"publish","type":"product","link":"https:\/\/miningspareparts.com\/es\/producto\/zoomlion-5000-mixer-and-parts\/","title":{"rendered":"Mezcladora ZOOMLION 5000 y piezas de recambio"},"content":{"rendered":"<p><strong>He aqu\u00ed una descripci\u00f3n de ZOOMLION 5000 Mixer And Parts<\/strong><\/p>\n<table>\n<tbody>\n<tr>\n<td width=\"46\">NO.<\/td>\n<td width=\"192\">Especificaci\u00f3n<\/td>\n<td width=\"196\">C\u00f3digo del art\u00edculo<\/td>\n<td width=\"43\">Unidad.<\/td>\n<td width=\"42\">Cantidad<\/td>\n<td width=\"66\">Peso unitario (Kg)<\/td>\n<td width=\"66\">Peso total (Kg)<\/td>\n<td width=\"66\">Observaciones<\/td>\n<\/tr>\n<tr>\n<td width=\"46\">1<\/td>\n<td width=\"192\">End Liner A<\/td>\n<td width=\"196\">001401400A0300001<\/td>\n<td width=\"43\">Pcs<\/td>\n<td width=\"42\">24<\/td>\n<td width=\"66\">11.7<\/td>\n<td width=\"66\">280.8<\/td>\n<td width=\"66\"><\/td>\n<\/tr>\n<tr>\n<td width=\"46\">2<\/td>\n<td width=\"192\">End Liner B<\/td>\n<td width=\"196\">001401400A0300002<\/td>\n<td width=\"43\">Pcs<\/td>\n<td width=\"42\">24<\/td>\n<td width=\"66\">14.6<\/td>\n<td width=\"66\">350.4<\/td>\n<td width=\"66\"><\/td>\n<\/tr>\n<tr>\n<td width=\"46\">3<\/td>\n<td width=\"192\">End Liner C<\/td>\n<td width=\"196\">001401400A0300003<\/td>\n<td width=\"43\">Pcs<\/td>\n<td width=\"42\">4<\/td>\n<td width=\"66\">11.6<\/td>\n<td width=\"66\">46.4<\/td>\n<td width=\"66\"><\/td>\n<\/tr>\n<tr>\n<td width=\"46\">4<\/td>\n<td width=\"192\">End Liner D<\/td>\n<td width=\"196\">001401400A0300004<\/td>\n<td width=\"43\">Pcs<\/td>\n<td width=\"42\">4<\/td>\n<td width=\"66\">11.6<\/td>\n<td width=\"66\">46.4<\/td>\n<td width=\"66\"><\/td>\n<\/tr>\n<tr>\n<td width=\"46\">5<\/td>\n<td width=\"192\">Arco Revestimiento A<\/td>\n<td width=\"196\">001401400A0300005<\/td>\n<td width=\"43\">Pcs<\/td>\n<td width=\"42\">126<\/td>\n<td width=\"66\">9<\/td>\n<td width=\"66\">1134<\/td>\n<td width=\"66\"><\/td>\n<\/tr>\n<tr>\n<td width=\"46\">6<\/td>\n<td width=\"192\">Arco Revestimiento B<\/td>\n<td width=\"196\">001401400A0300006<\/td>\n<td width=\"43\">Pcs<\/td>\n<td width=\"42\">28<\/td>\n<td width=\"66\">7.7<\/td>\n<td width=\"66\">215.6<\/td>\n<td width=\"66\"><\/td>\n<\/tr>\n<tr>\n<td width=\"46\">7<\/td>\n<td width=\"192\">Forro de arco peque\u00f1o<\/td>\n<td width=\"196\">001401400A0300008<\/td>\n<td width=\"43\">Pcs<\/td>\n<td width=\"42\">8<\/td>\n<td width=\"66\">2.2<\/td>\n<td width=\"66\">17.6<\/td>\n<td width=\"66\"><\/td>\n<\/tr>\n<tr>\n<td width=\"46\">8<\/td>\n<td width=\"192\">Cuchilla de tornillo de alimentaci\u00f3n lateral<\/td>\n<td width=\"196\">001401400A0601001<\/td>\n<td width=\"43\">Pcs<\/td>\n<td width=\"42\">2<\/td>\n<td width=\"66\">23.4<\/td>\n<td width=\"66\">46.8<\/td>\n<td width=\"66\"><\/td>\n<\/tr>\n<tr>\n<td width=\"46\">9<\/td>\n<td width=\"192\">Cuchilla del tornillo de alimentaci\u00f3n<\/td>\n<td width=\"196\">001401400A0602001<\/td>\n<td width=\"43\">Pcs<\/td>\n<td width=\"42\">16<\/td>\n<td width=\"66\">20.2<\/td>\n<td width=\"66\">323.2<\/td>\n<td width=\"66\"><\/td>\n<\/tr>\n<tr>\n<td width=\"46\">10<\/td>\n<td width=\"192\">Tornillo de retorno Cuchilla<\/td>\n<td width=\"196\">001401400A0603001<\/td>\n<td width=\"43\">Pcs<\/td>\n<td width=\"42\">4<\/td>\n<td width=\"66\">20.2<\/td>\n<td width=\"66\">80.8<\/td>\n<td width=\"66\"><\/td>\n<\/tr>\n<tr>\n<td width=\"46\">11<\/td>\n<td width=\"192\">Tornillo de retorno lateral Cuchilla<\/td>\n<td width=\"196\">001401400A0604001<\/td>\n<td width=\"43\">Pcs<\/td>\n<td width=\"42\">2<\/td>\n<td width=\"66\">23.4<\/td>\n<td width=\"66\">46.8<\/td>\n<td width=\"66\"><\/td>\n<\/tr>\n<tr>\n<td width=\"46\">12<\/td>\n<td width=\"192\">Pala de alimentaci\u00f3n lateral A<\/td>\n<td width=\"196\">001401400A0605001<\/td>\n<td width=\"43\">Pcs<\/td>\n<td width=\"42\">2<\/td>\n<td width=\"66\">9.4<\/td>\n<td width=\"66\">18.8<\/td>\n<td width=\"66\"><\/td>\n<\/tr>\n<tr>\n<td width=\"46\">13<\/td>\n<td width=\"192\">Pala de alimentaci\u00f3n lateral B<\/td>\n<td width=\"196\">001401400A0605003<\/td>\n<td width=\"43\">Pcs<\/td>\n<td width=\"42\">2<\/td>\n<td width=\"66\">8<\/td>\n<td width=\"66\">16<\/td>\n<td width=\"66\"><\/td>\n<\/tr>\n<tr>\n<td width=\"46\">14<\/td>\n<td width=\"192\">Pala de alimentaci\u00f3n<\/td>\n<td width=\"196\">001401400A0606001<\/td>\n<td width=\"43\">Pcs<\/td>\n<td width=\"42\">16<\/td>\n<td width=\"66\">5.6<\/td>\n<td width=\"66\">89.6<\/td>\n<td width=\"66\"><\/td>\n<\/tr>\n<tr>\n<td width=\"46\">15<\/td>\n<td width=\"192\">Pala de retorno<\/td>\n<td width=\"196\">001401400A0607001<\/td>\n<td width=\"43\">Pcs<\/td>\n<td width=\"42\">4<\/td>\n<td width=\"66\">5.6<\/td>\n<td width=\"66\">22.4<\/td>\n<td width=\"66\"><\/td>\n<\/tr>\n<tr>\n<td width=\"46\">16<\/td>\n<td width=\"192\">Pala de retorno lateral A<\/td>\n<td width=\"196\">001401400A0608001<\/td>\n<td width=\"43\">Pcs<\/td>\n<td width=\"42\">2<\/td>\n<td width=\"66\">9.4<\/td>\n<td width=\"66\">18.8<\/td>\n<td width=\"66\"><\/td>\n<\/tr>\n<tr>\n<td width=\"46\">17<\/td>\n<td width=\"192\">Pala de retorno lateral B<\/td>\n<td width=\"196\">001401400A0608003<\/td>\n<td width=\"43\">Pcs<\/td>\n<td width=\"42\">2<\/td>\n<td width=\"66\">8<\/td>\n<td width=\"66\">16<\/td>\n<td width=\"66\"><\/td>\n<\/tr>\n<tr>\n<td width=\"46\">18<\/td>\n<td width=\"192\">Alimentaci\u00f3n Brazo grande<\/td>\n<td width=\"196\">001401400A0601002<\/td>\n<td width=\"43\">Pcs<\/td>\n<td width=\"42\">18<\/td>\n<td width=\"66\">56.3<\/td>\n<td width=\"66\">1013.4<\/td>\n<td width=\"66\"><\/td>\n<\/tr>\n<tr>\n<td width=\"46\">19<\/td>\n<td width=\"192\">Brazo grande de retorno<\/td>\n<td width=\"196\">001401400A0603002<\/td>\n<td width=\"43\">Pcs<\/td>\n<td width=\"42\">6<\/td>\n<td width=\"66\">56.3<\/td>\n<td width=\"66\">337.8<\/td>\n<td width=\"66\"><\/td>\n<\/tr>\n<tr>\n<td width=\"46\">20<\/td>\n<td width=\"192\">Alimentaci\u00f3n lateral Brazo peque\u00f1o<\/td>\n<td width=\"196\">001401400A0605002<\/td>\n<td width=\"43\">Pcs<\/td>\n<td width=\"42\">2<\/td>\n<td width=\"66\">36.3<\/td>\n<td width=\"66\">72.6<\/td>\n<td width=\"66\"><\/td>\n<\/tr>\n<tr>\n<td width=\"46\">21<\/td>\n<td width=\"192\">Alimentaci\u00f3n Brazo Peque\u00f1o<\/td>\n<td width=\"196\">001401400A0606002<\/td>\n<td width=\"43\">Pcs<\/td>\n<td width=\"42\">16<\/td>\n<td width=\"66\">31.2<\/td>\n<td width=\"66\">499.2<\/td>\n<td width=\"66\"><\/td>\n<\/tr>\n<tr>\n<td width=\"46\">22<\/td>\n<td width=\"192\">Brazo peque\u00f1o de retorno<\/td>\n<td width=\"196\">001401400A0607002<\/td>\n<td width=\"43\">Pcs<\/td>\n<td width=\"42\">4<\/td>\n<td width=\"66\">31.2<\/td>\n<td width=\"66\">124.8<\/td>\n<td width=\"66\"><\/td>\n<\/tr>\n<tr>\n<td width=\"46\">23<\/td>\n<td width=\"192\">Retorno lateral Brazo peque\u00f1o<\/td>\n<td width=\"196\">001401400A0608002<\/td>\n<td width=\"43\">Pcs<\/td>\n<td width=\"42\">2<\/td>\n<td width=\"66\">36.3<\/td>\n<td width=\"66\">72.6<\/td>\n<td width=\"66\"><\/td>\n<\/tr>\n<tr>\n<td width=\"46\">Total<\/td>\n<td width=\"192\"><\/td>\n<td width=\"196\"><\/td>\n<td width=\"43\"><\/td>\n<td width=\"42\">318<\/td>\n<td width=\"66\"><\/td>\n<td width=\"66\">4890.8<\/td>\n<td width=\"66\"><\/td>\n<\/tr>\n<\/tbody>\n<\/table>\n<p><img fetchpriority=\"high\" decoding=\"async\" class=\"wp-image-3550 alignleft\" src=\"https:\/\/miningspareparts.com\/wp-content\/uploads\/2024\/01\/Mixer-And-Wear-Parts1-239x300.webp\" alt=\"\" width=\"498\" height=\"625\" srcset=\"https:\/\/miningspareparts.com\/wp-content\/uploads\/2024\/01\/Mixer-And-Wear-Parts1-239x300.webp 239w, https:\/\/miningspareparts.com\/wp-content\/uploads\/2024\/01\/Mixer-And-Wear-Parts1-817x1024.webp 817w, https:\/\/miningspareparts.com\/wp-content\/uploads\/2024\/01\/Mixer-And-Wear-Parts1-768x963.webp 768w, https:\/\/miningspareparts.com\/wp-content\/uploads\/2024\/01\/Mixer-And-Wear-Parts1-1226x1536.webp 1226w, https:\/\/miningspareparts.com\/wp-content\/uploads\/2024\/01\/Mixer-And-Wear-Parts1-1634x2048.webp 1634w, https:\/\/miningspareparts.com\/wp-content\/uploads\/2024\/01\/Mixer-And-Wear-Parts1-600x752.webp 600w, https:\/\/miningspareparts.com\/wp-content\/uploads\/2024\/01\/Mixer-And-Wear-Parts1.webp 2037w\" sizes=\"(max-width: 498px) 100vw, 498px\" \/><span style=\"font-size: 16px\">\u00a0<\/span><img decoding=\"async\" class=\"wp-image-3551 alignnone\" style=\"font-weight: inherit\" src=\"https:\/\/miningspareparts.com\/wp-content\/uploads\/2024\/01\/Mixer-And-Wear-Parts2-210x300.webp\" alt=\"\" width=\"454\" height=\"649\" srcset=\"https:\/\/miningspareparts.com\/wp-content\/uploads\/2024\/01\/Mixer-And-Wear-Parts2-210x300.webp 210w, https:\/\/miningspareparts.com\/wp-content\/uploads\/2024\/01\/Mixer-And-Wear-Parts2-600x856.webp 600w\" sizes=\"(max-width: 454px) 100vw, 454px\" \/><\/p>\n<p>Como estimados fabricantes de palas mezcladoras de doble eje, brazos mezcladores y camisas ZOOMLION 5000, nos enorgullecemos de ofrecer productos que encarnan la esencia del recambio original. Nuestro compromiso con la excelencia va m\u00e1s all\u00e1 de lo convencional, abarcando tanto soluciones posventa como una durabilidad sin igual.<\/p>\n<p>El t\u00e9rmino \"recambio original\" tiene un profundo significado en nuestro contexto, ya que denota un meticuloso proceso de ingenier\u00eda que garantiza que nuestros componentes sustituyan a la perfecci\u00f3n las piezas originales de las mezcladoras de doble eje ZOOMLION 5000. Esta precisi\u00f3n es crucial para mantener un rendimiento \u00f3ptimo, la eficiencia y la longevidad general del equipo.<\/p>\n<p>En el \u00e1mbito de las soluciones posventa, nuestras ofertas destacan como ejemplos de innovaci\u00f3n y adaptabilidad. Comprendemos las diversas necesidades de nuestros clientes, y nuestros componentes posventa no s\u00f3lo cumplen las expectativas, sino que las superan. Estas soluciones se elaboran con la misma atenci\u00f3n al detalle que nuestros recambios originales, lo que garantiza un ajuste perfecto y un mayor rendimiento durante periodos prolongados.<\/p>","protected":false},"excerpt":{"rendered":"<p>Modelos:ZOOMLION 5000<\/p>","protected":false},"featured_media":4806,"template":"","meta":{"_uag_custom_page_level_css":"","site-sidebar-layout":"default","site-content-layout":"","ast-site-content-layout":"default","site-content-style":"default","site-sidebar-style":"default","ast-global-header-display":"","ast-banner-title-visibility":"","ast-main-header-display":"","ast-hfb-above-header-display":"","ast-hfb-below-header-display":"","ast-hfb-mobile-header-display":"","site-post-title":"","ast-breadcrumbs-content":"","ast-featured-img":"","footer-sml-layout":"","ast-disable-related-posts":"","theme-transparent-header-meta":"default","adv-header-id-meta":"","stick-header-meta":"default","header-above-stick-meta":"","header-main-stick-meta":"","header-below-stick-meta":"","astra-migrate-meta-layouts":"set","ast-page-background-enabled":"default","ast-page-background-meta":{"desktop":{"background-color":"var(--ast-global-color-4)","background-image":"","background-repeat":"repeat","background-position":"center center","background-size":"auto","background-attachment":"scroll","background-type":"","background-media":"","overlay-type":"","overlay-color":"","overlay-opacity":"","overlay-gradient":""},"tablet":{"background-color":"","background-image":"","background-repeat":"repeat","background-position":"center center","background-size":"auto","background-attachment":"scroll","background-type":"","background-media":"","overlay-type":"","overlay-color":"","overlay-opacity":"","overlay-gradient":""},"mobile":{"background-color":"","background-image":"","background-repeat":"repeat","background-position":"center center","background-size":"auto","background-attachment":"scroll","background-type":"","background-media":"","overlay-type":"","overlay-color":"","overlay-opacity":"","overlay-gradient":""}},"ast-content-background-meta":{"desktop":{"background-color":"var(--ast-global-color-5)","background-image":"","background-repeat":"repeat","background-position":"center center","background-size":"auto","background-attachment":"scroll","background-type":"","background-media":"","overlay-type":"","overlay-color":"","overlay-opacity":"","overlay-gradient":""},"tablet":{"background-color":"var(--ast-global-color-5)","background-image":"","background-repeat":"repeat","background-position":"center center","background-size":"auto","background-attachment":"scroll","background-type":"","background-media":"","overlay-type":"","overlay-color":"","overlay-opacity":"","overlay-gradient":""},"mobile":{"background-color":"var(--ast-global-color-5)","background-image":"","background-repeat":"repeat","background-position":"center center","background-size":"auto","background-attachment":"scroll","background-type":"","background-media":"","overlay-type":"","overlay-color":"","overlay-opacity":"","overlay-gradient":""}}},"product_brand":[],"product_cat":[281,77],"product_tag":[268,288,269],"class_list":{"0":"post-2165","1":"product","2":"type-product","3":"status-publish","4":"has-post-thumbnail","6":"product_cat-zoomlion","7":"product_cat-concrete-mixer-parts","8":"product_tag-blade","9":"product_tag-concrete-mixer","10":"product_tag-mixing-arm","11":"desktop-align-left","12":"tablet-align-left","13":"mobile-align-left","14":"ast-product-gallery-layout-horizontal-slider","15":"ast-product-gallery-with-no-image","16":"ast-product-single-variable","17":"ast-product-tabs-layout-horizontal","19":"first","20":"instock","21":"shipping-taxable","22":"purchasable","23":"product-type-variable"},"yoast_head":"<!-- This site is optimized with the Yoast SEO plugin v27.4 - https:\/\/yoast.com\/product\/yoast-seo-wordpress\/ -->\n<title>ZOOMLION 5000 Mixer And Parts - Crusher parts, Slurry Pump Parts, Excavator shovel parts<\/title>\n<meta name=\"description\" content=\"Zoomlion 5000 twin-shaft mixer blades, mixer arms and liners, original replacement parts, offer unparalleled wear resistance and long-lasting performance.\" \/>\n<meta name=\"robots\" content=\"index, follow, max-snippet:-1, max-image-preview:large, max-video-preview:-1\" \/>\n<link rel=\"canonical\" href=\"https:\/\/miningspareparts.com\/es\/producto\/zoomlion-5000-mixer-and-parts\/\" \/>\n<meta property=\"og:locale\" content=\"es_MX\" \/>\n<meta property=\"og:type\" content=\"article\" \/>\n<meta property=\"og:title\" content=\"ZOOMLION 5000 Mixer And Parts - Crusher parts, Slurry Pump Parts, Excavator shovel parts\" \/>\n<meta property=\"og:description\" content=\"Zoomlion 5000 twin-shaft mixer blades, mixer arms and liners, original replacement parts, offer unparalleled wear resistance and long-lasting performance.\" \/>\n<meta property=\"og:url\" content=\"https:\/\/miningspareparts.com\/es\/producto\/zoomlion-5000-mixer-and-parts\/\" \/>\n<meta property=\"og:site_name\" content=\"Crusher parts, Slurry Pump Parts, Excavator shovel parts\" \/>\n<meta property=\"article:modified_time\" content=\"2024-04-06T05:40:39+00:00\" \/>\n<meta property=\"og:image\" content=\"https:\/\/miningspareparts.com\/wp-content\/uploads\/2023\/12\/ZOOMLION-5000-Mixer-And-Parts.webp\" \/>\n\t<meta property=\"og:image:width\" content=\"800\" \/>\n\t<meta property=\"og:image:height\" content=\"800\" \/>\n\t<meta property=\"og:image:type\" content=\"image\/webp\" \/>\n<meta name=\"twitter:card\" content=\"summary_large_image\" \/>\n<meta name=\"twitter:label1\" content=\"Tiempo de lectura\" \/>\n\t<meta name=\"twitter:data1\" content=\"3 minutos\" \/>\n<script type=\"application\/ld+json\" class=\"yoast-schema-graph\">{\"@context\":\"https:\\\/\\\/schema.org\",\"@graph\":[{\"@type\":\"WebPage\",\"@id\":\"https:\\\/\\\/miningspareparts.com\\\/product\\\/zoomlion-5000-mixer-and-parts\\\/\",\"url\":\"https:\\\/\\\/miningspareparts.com\\\/product\\\/zoomlion-5000-mixer-and-parts\\\/\",\"name\":\"ZOOMLION 5000 Mixer And Parts - Crusher parts, Slurry Pump Parts, Excavator shovel parts\",\"isPartOf\":{\"@id\":\"https:\\\/\\\/miningspareparts.com\\\/#website\"},\"primaryImageOfPage\":{\"@id\":\"https:\\\/\\\/miningspareparts.com\\\/product\\\/zoomlion-5000-mixer-and-parts\\\/#primaryimage\"},\"image\":{\"@id\":\"https:\\\/\\\/miningspareparts.com\\\/product\\\/zoomlion-5000-mixer-and-parts\\\/#primaryimage\"},\"thumbnailUrl\":\"https:\\\/\\\/miningspareparts.com\\\/wp-content\\\/uploads\\\/2023\\\/12\\\/ZOOMLION-5000-Mixer-And-Parts.webp\",\"datePublished\":\"2023-12-31T06:10:23+00:00\",\"dateModified\":\"2024-04-06T05:40:39+00:00\",\"description\":\"Zoomlion 5000 twin-shaft mixer blades, mixer arms and liners, original replacement parts, offer unparalleled wear resistance and long-lasting performance.\",\"breadcrumb\":{\"@id\":\"https:\\\/\\\/miningspareparts.com\\\/product\\\/zoomlion-5000-mixer-and-parts\\\/#breadcrumb\"},\"inLanguage\":\"es\",\"potentialAction\":[{\"@type\":\"ReadAction\",\"target\":[\"https:\\\/\\\/miningspareparts.com\\\/product\\\/zoomlion-5000-mixer-and-parts\\\/\"]}]},{\"@type\":\"ImageObject\",\"inLanguage\":\"es\",\"@id\":\"https:\\\/\\\/miningspareparts.com\\\/product\\\/zoomlion-5000-mixer-and-parts\\\/#primaryimage\",\"url\":\"https:\\\/\\\/miningspareparts.com\\\/wp-content\\\/uploads\\\/2023\\\/12\\\/ZOOMLION-5000-Mixer-And-Parts.webp\",\"contentUrl\":\"https:\\\/\\\/miningspareparts.com\\\/wp-content\\\/uploads\\\/2023\\\/12\\\/ZOOMLION-5000-Mixer-And-Parts.webp\",\"width\":800,\"height\":800},{\"@type\":\"BreadcrumbList\",\"@id\":\"https:\\\/\\\/miningspareparts.com\\\/product\\\/zoomlion-5000-mixer-and-parts\\\/#breadcrumb\",\"itemListElement\":[{\"@type\":\"ListItem\",\"position\":1,\"name\":\"Home\",\"item\":\"https:\\\/\\\/miningspareparts.com\\\/\"},{\"@type\":\"ListItem\",\"position\":2,\"name\":\"Premium Mining Wear And Spare Parts\",\"item\":\"https:\\\/\\\/miningspareparts.com\\\/shop\\\/\"},{\"@type\":\"ListItem\",\"position\":3,\"name\":\"ZOOMLION 5000 Mixer And Parts\"}]},{\"@type\":\"WebSite\",\"@id\":\"https:\\\/\\\/miningspareparts.com\\\/#website\",\"url\":\"https:\\\/\\\/miningspareparts.com\\\/\",\"name\":\"Crusher parts , Concrete Mixer Parts, Slurry Pump Parts, Mining Spares\",\"description\":\"Mining Wear &amp; Spare Parts Supplier\",\"publisher\":{\"@id\":\"https:\\\/\\\/miningspareparts.com\\\/#organization\"},\"potentialAction\":[{\"@type\":\"SearchAction\",\"target\":{\"@type\":\"EntryPoint\",\"urlTemplate\":\"https:\\\/\\\/miningspareparts.com\\\/?s={search_term_string}\"},\"query-input\":{\"@type\":\"PropertyValueSpecification\",\"valueRequired\":true,\"valueName\":\"search_term_string\"}}],\"inLanguage\":\"es\"},{\"@type\":\"Organization\",\"@id\":\"https:\\\/\\\/miningspareparts.com\\\/#organization\",\"name\":\"Crusher parts , Concrete Mixer Parts, Slurry Pump Parts, Mining Spares\",\"url\":\"https:\\\/\\\/miningspareparts.com\\\/\",\"logo\":{\"@type\":\"ImageObject\",\"inLanguage\":\"es\",\"@id\":\"https:\\\/\\\/miningspareparts.com\\\/#\\\/schema\\\/logo\\\/image\\\/\",\"url\":\"https:\\\/\\\/miningspareparts.com\\\/wp-content\\\/uploads\\\/2025\\\/04\\\/cropped-cropped-logo\u6b63\u65b9\u5f62.png\",\"contentUrl\":\"https:\\\/\\\/miningspareparts.com\\\/wp-content\\\/uploads\\\/2025\\\/04\\\/cropped-cropped-logo\u6b63\u65b9\u5f62.png\",\"width\":511,\"height\":171,\"caption\":\"Crusher parts , Concrete Mixer Parts, Slurry Pump Parts, Mining Spares\"},\"image\":{\"@id\":\"https:\\\/\\\/miningspareparts.com\\\/#\\\/schema\\\/logo\\\/image\\\/\"}}]}<\/script>\n<!-- \/ Yoast SEO plugin. -->","yoast_head_json":{"title":"ZOOMLION 5000 Mixer And Parts - Crusher parts, Slurry Pump Parts, Excavator shovel parts","description":"Zoomlion 5000 twin-shaft mixer blades, mixer arms and liners, original replacement parts, offer unparalleled wear resistance and long-lasting performance.","robots":{"index":"index","follow":"follow","max-snippet":"max-snippet:-1","max-image-preview":"max-image-preview:large","max-video-preview":"max-video-preview:-1"},"canonical":"https:\/\/miningspareparts.com\/es\/producto\/zoomlion-5000-mixer-and-parts\/","og_locale":"es_MX","og_type":"article","og_title":"ZOOMLION 5000 Mixer And Parts - Crusher parts, Slurry Pump Parts, Excavator shovel parts","og_description":"Zoomlion 5000 twin-shaft mixer blades, mixer arms and liners, original replacement parts, offer unparalleled wear resistance and long-lasting performance.","og_url":"https:\/\/miningspareparts.com\/es\/producto\/zoomlion-5000-mixer-and-parts\/","og_site_name":"Crusher parts, Slurry Pump Parts, Excavator shovel parts","article_modified_time":"2024-04-06T05:40:39+00:00","og_image":[{"width":800,"height":800,"url":"https:\/\/miningspareparts.com\/wp-content\/uploads\/2023\/12\/ZOOMLION-5000-Mixer-And-Parts.webp","type":"image\/webp"}],"twitter_card":"summary_large_image","twitter_misc":{"Tiempo de lectura":"3 minutos"},"schema":{"@context":"https:\/\/schema.org","@graph":[{"@type":"WebPage","@id":"https:\/\/miningspareparts.com\/product\/zoomlion-5000-mixer-and-parts\/","url":"https:\/\/miningspareparts.com\/product\/zoomlion-5000-mixer-and-parts\/","name":"ZOOMLION 5000 Mixer And Parts - Crusher parts, Slurry Pump Parts, Excavator shovel parts","isPartOf":{"@id":"https:\/\/miningspareparts.com\/#website"},"primaryImageOfPage":{"@id":"https:\/\/miningspareparts.com\/product\/zoomlion-5000-mixer-and-parts\/#primaryimage"},"image":{"@id":"https:\/\/miningspareparts.com\/product\/zoomlion-5000-mixer-and-parts\/#primaryimage"},"thumbnailUrl":"https:\/\/miningspareparts.com\/wp-content\/uploads\/2023\/12\/ZOOMLION-5000-Mixer-And-Parts.webp","datePublished":"2023-12-31T06:10:23+00:00","dateModified":"2024-04-06T05:40:39+00:00","description":"Zoomlion 5000 twin-shaft mixer blades, mixer arms and liners, original replacement parts, offer unparalleled wear resistance and long-lasting performance.","breadcrumb":{"@id":"https:\/\/miningspareparts.com\/product\/zoomlion-5000-mixer-and-parts\/#breadcrumb"},"inLanguage":"es","potentialAction":[{"@type":"ReadAction","target":["https:\/\/miningspareparts.com\/product\/zoomlion-5000-mixer-and-parts\/"]}]},{"@type":"ImageObject","inLanguage":"es","@id":"https:\/\/miningspareparts.com\/product\/zoomlion-5000-mixer-and-parts\/#primaryimage","url":"https:\/\/miningspareparts.com\/wp-content\/uploads\/2023\/12\/ZOOMLION-5000-Mixer-And-Parts.webp","contentUrl":"https:\/\/miningspareparts.com\/wp-content\/uploads\/2023\/12\/ZOOMLION-5000-Mixer-And-Parts.webp","width":800,"height":800},{"@type":"BreadcrumbList","@id":"https:\/\/miningspareparts.com\/product\/zoomlion-5000-mixer-and-parts\/#breadcrumb","itemListElement":[{"@type":"ListItem","position":1,"name":"Home","item":"https:\/\/miningspareparts.com\/"},{"@type":"ListItem","position":2,"name":"Premium Mining Wear And Spare Parts","item":"https:\/\/miningspareparts.com\/shop\/"},{"@type":"ListItem","position":3,"name":"ZOOMLION 5000 Mixer And Parts"}]},{"@type":"WebSite","@id":"https:\/\/miningspareparts.com\/#website","url":"https:\/\/miningspareparts.com\/","name":"Crusher parts , Concrete Mixer Parts, Slurry Pump Parts, Mining Spares","description":"Mining Wear &amp; Spare Parts Supplier","publisher":{"@id":"https:\/\/miningspareparts.com\/#organization"},"potentialAction":[{"@type":"SearchAction","target":{"@type":"EntryPoint","urlTemplate":"https:\/\/miningspareparts.com\/?s={search_term_string}"},"query-input":{"@type":"PropertyValueSpecification","valueRequired":true,"valueName":"search_term_string"}}],"inLanguage":"es"},{"@type":"Organization","@id":"https:\/\/miningspareparts.com\/#organization","name":"Crusher parts , Concrete Mixer Parts, Slurry Pump Parts, Mining Spares","url":"https:\/\/miningspareparts.com\/","logo":{"@type":"ImageObject","inLanguage":"es","@id":"https:\/\/miningspareparts.com\/#\/schema\/logo\/image\/","url":"https:\/\/miningspareparts.com\/wp-content\/uploads\/2025\/04\/cropped-cropped-logo\u6b63\u65b9\u5f62.png","contentUrl":"https:\/\/miningspareparts.com\/wp-content\/uploads\/2025\/04\/cropped-cropped-logo\u6b63\u65b9\u5f62.png","width":511,"height":171,"caption":"Crusher parts , Concrete Mixer Parts, Slurry Pump Parts, Mining Spares"},"image":{"@id":"https:\/\/miningspareparts.com\/#\/schema\/logo\/image\/"}}]}},"uagb_featured_image_src":{"full":["https:\/\/miningspareparts.com\/wp-content\/uploads\/2023\/12\/ZOOMLION-5000-Mixer-And-Parts.webp",800,800,false],"thumbnail":["https:\/\/miningspareparts.com\/wp-content\/uploads\/2023\/12\/ZOOMLION-5000-Mixer-And-Parts-150x150.webp",150,150,true],"medium":["https:\/\/miningspareparts.com\/wp-content\/uploads\/2023\/12\/ZOOMLION-5000-Mixer-And-Parts-300x300.webp",300,300,true],"medium_large":["https:\/\/miningspareparts.com\/wp-content\/uploads\/2023\/12\/ZOOMLION-5000-Mixer-And-Parts-768x768.webp",768,768,true],"large":["https:\/\/miningspareparts.com\/wp-content\/uploads\/2023\/12\/ZOOMLION-5000-Mixer-And-Parts.webp",800,800,false],"1536x1536":["https:\/\/miningspareparts.com\/wp-content\/uploads\/2023\/12\/ZOOMLION-5000-Mixer-And-Parts.webp",800,800,false],"2048x2048":["https:\/\/miningspareparts.com\/wp-content\/uploads\/2023\/12\/ZOOMLION-5000-Mixer-And-Parts.webp",800,800,false],"trp-custom-language-flag":["https:\/\/miningspareparts.com\/wp-content\/uploads\/2023\/12\/ZOOMLION-5000-Mixer-And-Parts-12x12.webp",12,12,true],"woocommerce_thumbnail":["https:\/\/miningspareparts.com\/wp-content\/uploads\/2023\/12\/ZOOMLION-5000-Mixer-And-Parts-300x300.webp",300,300,true],"woocommerce_single":["https:\/\/miningspareparts.com\/wp-content\/uploads\/2023\/12\/ZOOMLION-5000-Mixer-And-Parts-600x600.webp",600,600,true],"woocommerce_gallery_thumbnail":["https:\/\/miningspareparts.com\/wp-content\/uploads\/2023\/12\/ZOOMLION-5000-Mixer-And-Parts-100x100.webp",100,100,true]},"uagb_author_info":{"display_name":"Miningspareparts","author_link":"https:\/\/miningspareparts.com\/es\/author\/"},"uagb_comment_info":0,"uagb_excerpt":"Models:ZOOMLION 5000","_links":{"self":[{"href":"https:\/\/miningspareparts.com\/es\/wp-json\/wp\/v2\/product\/2165","targetHints":{"allow":["GET"]}}],"collection":[{"href":"https:\/\/miningspareparts.com\/es\/wp-json\/wp\/v2\/product"}],"about":[{"href":"https:\/\/miningspareparts.com\/es\/wp-json\/wp\/v2\/types\/product"}],"wp:featuredmedia":[{"embeddable":true,"href":"https:\/\/miningspareparts.com\/es\/wp-json\/wp\/v2\/media\/4806"}],"wp:attachment":[{"href":"https:\/\/miningspareparts.com\/es\/wp-json\/wp\/v2\/media?parent=2165"}],"wp:term":[{"taxonomy":"product_brand","embeddable":true,"href":"https:\/\/miningspareparts.com\/es\/wp-json\/wp\/v2\/product_brand?post=2165"},{"taxonomy":"product_cat","embeddable":true,"href":"https:\/\/miningspareparts.com\/es\/wp-json\/wp\/v2\/product_cat?post=2165"},{"taxonomy":"product_tag","embeddable":true,"href":"https:\/\/miningspareparts.com\/es\/wp-json\/wp\/v2\/product_tag?post=2165"}],"curies":[{"name":"wp","href":"https:\/\/api.w.org\/{rel}","templated":true}]}}