{"id":2172,"date":"2023-12-31T06:13:30","date_gmt":"2023-12-31T06:13:30","guid":{"rendered":"https:\/\/miningspareparts.com\/?post_type=product&#038;p=2172"},"modified":"2024-04-06T05:39:49","modified_gmt":"2024-04-06T05:39:49","slug":"zoomlion-js4000-mixer-and-parts","status":"publish","type":"product","link":"https:\/\/miningspareparts.com\/es\/producto\/zoomlion-js4000-mixer-and-parts\/","title":{"rendered":"Mezcladora ZOOMLION JS4000 y piezas de repuesto"},"content":{"rendered":"<p><strong>He aqu\u00ed una descripci\u00f3n de ZOOMLION JS4000 Mixer And Parts<\/strong><\/p>\n<table>\n<tbody>\n<tr>\n<td width=\"43\">NO.<\/td>\n<td width=\"135\">Especificaci\u00f3n<\/td>\n<td width=\"215\">C\u00f3digo del art\u00edculo<\/td>\n<td width=\"45\">Unidad.<\/td>\n<td width=\"46\">Cantidad<\/td>\n<td width=\"82\">Peso unitario (Kg)<\/td>\n<td width=\"74\">Peso total (Kg)<\/td>\n<td width=\"78\">Observaciones<\/td>\n<\/tr>\n<tr>\n<td width=\"43\">1<\/td>\n<td width=\"135\">Revestimiento final A<\/td>\n<td width=\"215\">001401400A0300001<\/td>\n<td width=\"45\">\u4ef6<\/td>\n<td width=\"46\">24<\/td>\n<td width=\"82\">11.7<\/td>\n<td width=\"74\">280.8<\/td>\n<td width=\"78\"><\/td>\n<\/tr>\n<tr>\n<td width=\"43\">2<\/td>\n<td width=\"135\">Revestimiento final B<\/td>\n<td width=\"215\">001401400A0300002<\/td>\n<td width=\"45\">\u4ef6<\/td>\n<td width=\"46\">24<\/td>\n<td width=\"82\">14.6<\/td>\n<td width=\"74\">350.4<\/td>\n<td width=\"78\"><\/td>\n<\/tr>\n<tr>\n<td width=\"43\">3<\/td>\n<td width=\"135\">Revestimiento final C<\/td>\n<td width=\"215\">001401400A0300003<\/td>\n<td width=\"45\">\u4ef6<\/td>\n<td width=\"46\">4<\/td>\n<td width=\"82\">11.6<\/td>\n<td width=\"74\">46.4<\/td>\n<td width=\"78\"><\/td>\n<\/tr>\n<tr>\n<td width=\"43\">4<\/td>\n<td width=\"135\">Revestimiento final D<\/td>\n<td width=\"215\">001401400A0300004<\/td>\n<td width=\"45\">\u4ef6<\/td>\n<td width=\"46\">4<\/td>\n<td width=\"82\">11.6<\/td>\n<td width=\"74\">46.4<\/td>\n<td width=\"78\"><\/td>\n<\/tr>\n<tr>\n<td width=\"43\">5<\/td>\n<td width=\"135\">Arco Revestimiento A<\/td>\n<td width=\"215\">001401400A0300005<\/td>\n<td width=\"45\">\u4ef6<\/td>\n<td width=\"46\">98<\/td>\n<td width=\"82\">9<\/td>\n<td width=\"74\">882<\/td>\n<td width=\"78\"><\/td>\n<\/tr>\n<tr>\n<td width=\"43\">6<\/td>\n<td width=\"135\">Arco Revestimiento B<\/td>\n<td width=\"215\">001401400A0300006<\/td>\n<td width=\"45\">\u4ef6<\/td>\n<td width=\"46\">14<\/td>\n<td width=\"82\">7.7<\/td>\n<td width=\"74\">107.8<\/td>\n<td width=\"78\"><\/td>\n<\/tr>\n<tr>\n<td width=\"43\">7<\/td>\n<td width=\"135\">Arco Revestimiento C<\/td>\n<td width=\"215\">001401400A0300007<\/td>\n<td width=\"45\">\u4ef6<\/td>\n<td width=\"46\">14<\/td>\n<td width=\"82\">7.7<\/td>\n<td width=\"74\">107.8<\/td>\n<td width=\"78\"><\/td>\n<\/tr>\n<tr>\n<td width=\"43\">8<\/td>\n<td width=\"135\">Forro de arco peque\u00f1o<\/td>\n<td width=\"215\">001401400A0300008<\/td>\n<td width=\"45\">\u4ef6<\/td>\n<td width=\"46\">8<\/td>\n<td width=\"82\">2.2<\/td>\n<td width=\"74\">17.6<\/td>\n<td width=\"78\"><\/td>\n<\/tr>\n<tr>\n<td width=\"43\">9<\/td>\n<td width=\"135\">Cuchilla de tornillo de alimentaci\u00f3n lateral<\/td>\n<td width=\"215\">001401400A0601001<\/td>\n<td width=\"45\">\u4ef6<\/td>\n<td width=\"46\">2<\/td>\n<td width=\"82\">23.4<\/td>\n<td width=\"74\">46.8<\/td>\n<td width=\"78\"><\/td>\n<\/tr>\n<tr>\n<td width=\"43\">10<\/td>\n<td width=\"135\">Cuchilla del tornillo de alimentaci\u00f3n<\/td>\n<td width=\"215\">001401400A0602001<\/td>\n<td width=\"45\">\u4ef6<\/td>\n<td width=\"46\">14<\/td>\n<td width=\"82\">20.2<\/td>\n<td width=\"74\">282.8<\/td>\n<td width=\"78\"><\/td>\n<\/tr>\n<tr>\n<td width=\"43\">11<\/td>\n<td width=\"135\">Tornillo de retorno Cuchilla<\/td>\n<td width=\"215\">001401400A0603001<\/td>\n<td width=\"45\">\u4ef6<\/td>\n<td width=\"46\">2<\/td>\n<td width=\"82\">20.2<\/td>\n<td width=\"74\">40.4<\/td>\n<td width=\"78\"><\/td>\n<\/tr>\n<tr>\n<td width=\"43\">12<\/td>\n<td width=\"135\">Tornillo de retorno lateral<\/td>\n<td width=\"215\">001401400A0604001<\/td>\n<td width=\"45\">\u4ef6<\/td>\n<td width=\"46\">2<\/td>\n<td width=\"82\">23.4<\/td>\n<td width=\"74\">46.8<\/td>\n<td width=\"78\"><\/td>\n<\/tr>\n<tr>\n<td width=\"43\">13<\/td>\n<td width=\"135\">Pala de alimentaci\u00f3n lateral A<\/td>\n<td width=\"215\">001401400A0605001<\/td>\n<td width=\"45\">\u4ef6<\/td>\n<td width=\"46\">2<\/td>\n<td width=\"82\">9.4<\/td>\n<td width=\"74\">18.8<\/td>\n<td width=\"78\"><\/td>\n<\/tr>\n<tr>\n<td width=\"43\">14<\/td>\n<td width=\"135\">Pala de alimentaci\u00f3n lateral B<\/td>\n<td width=\"215\">001401400A0605003<\/td>\n<td width=\"45\">\u4ef6<\/td>\n<td width=\"46\">2<\/td>\n<td width=\"82\">8<\/td>\n<td width=\"74\">16<\/td>\n<td width=\"78\"><\/td>\n<\/tr>\n<tr>\n<td width=\"43\">15<\/td>\n<td width=\"135\">Pala de retorno lateral A<\/td>\n<td width=\"215\">001401400A0608001<\/td>\n<td width=\"45\">\u4ef6<\/td>\n<td width=\"46\">2<\/td>\n<td width=\"82\">9.4.<\/td>\n<td width=\"74\">18.8<\/td>\n<td width=\"78\"><\/td>\n<\/tr>\n<tr>\n<td width=\"43\">16<\/td>\n<td width=\"135\">Pala de retorno lateral B<\/td>\n<td width=\"215\">001401400A0608003<\/td>\n<td width=\"45\">\u4ef6<\/td>\n<td width=\"46\">2<\/td>\n<td width=\"82\">8<\/td>\n<td width=\"74\">16<\/td>\n<td width=\"78\"><\/td>\n<\/tr>\n<tr>\n<td width=\"43\">17<\/td>\n<td width=\"135\">Alimentaci\u00f3n Brazo grande<\/td>\n<td width=\"215\">001401400A0601002<\/td>\n<td width=\"45\">\u4ef6<\/td>\n<td width=\"46\">16<\/td>\n<td width=\"82\">56.3<\/td>\n<td width=\"74\">900.8<\/td>\n<td width=\"78\"><\/td>\n<\/tr>\n<tr>\n<td width=\"43\">18<\/td>\n<td width=\"135\">Brazo grande de retorno<\/td>\n<td width=\"215\">001401400A0603002<\/td>\n<td width=\"45\">\u4ef6<\/td>\n<td width=\"46\">4<\/td>\n<td width=\"82\">56.3<\/td>\n<td width=\"74\">225.2<\/td>\n<td width=\"78\"><\/td>\n<\/tr>\n<tr>\n<td width=\"43\">19<\/td>\n<td width=\"135\">Alimentaci\u00f3n lateral Brazo peque\u00f1o<\/td>\n<td width=\"215\">001401400A0605002<\/td>\n<td width=\"45\">\u4ef6<\/td>\n<td width=\"46\">2<\/td>\n<td width=\"82\">36.3<\/td>\n<td width=\"74\">72.6<\/td>\n<td width=\"78\"><\/td>\n<\/tr>\n<tr>\n<td width=\"43\">20<\/td>\n<td width=\"135\">Asiento con bloqueo<\/td>\n<td width=\"215\">001401400A0606002<\/td>\n<td width=\"45\">\u4ef6<\/td>\n<td width=\"46\">16<\/td>\n<td width=\"82\">20<\/td>\n<td width=\"74\">320<\/td>\n<td width=\"78\"><\/td>\n<\/tr>\n<tr>\n<td width=\"43\">21<\/td>\n<td width=\"135\">Retorno lateral Brazo peque\u00f1o<\/td>\n<td width=\"215\">001401400A0608002<\/td>\n<td width=\"45\">\u4ef6<\/td>\n<td width=\"46\">2<\/td>\n<td width=\"82\">36.3<\/td>\n<td width=\"74\">72.6<\/td>\n<td width=\"78\"><\/td>\n<\/tr>\n<tr>\n<td colspan=\"3\" width=\"393\">Total<\/td>\n<td width=\"45\"><\/td>\n<td width=\"46\">258<\/td>\n<td width=\"82\"><\/td>\n<td width=\"74\">3916.8<\/td>\n<td width=\"78\"><\/td>\n<\/tr>\n<\/tbody>\n<\/table>\n<p><img fetchpriority=\"high\" decoding=\"async\" class=\"wp-image-3550 alignleft\" src=\"https:\/\/miningspareparts.com\/wp-content\/uploads\/2024\/01\/Mixer-And-Wear-Parts1-239x300.webp\" alt=\"\" width=\"498\" height=\"625\" srcset=\"https:\/\/miningspareparts.com\/wp-content\/uploads\/2024\/01\/Mixer-And-Wear-Parts1-239x300.webp 239w, https:\/\/miningspareparts.com\/wp-content\/uploads\/2024\/01\/Mixer-And-Wear-Parts1-817x1024.webp 817w, https:\/\/miningspareparts.com\/wp-content\/uploads\/2024\/01\/Mixer-And-Wear-Parts1-768x963.webp 768w, https:\/\/miningspareparts.com\/wp-content\/uploads\/2024\/01\/Mixer-And-Wear-Parts1-1226x1536.webp 1226w, https:\/\/miningspareparts.com\/wp-content\/uploads\/2024\/01\/Mixer-And-Wear-Parts1-1634x2048.webp 1634w, https:\/\/miningspareparts.com\/wp-content\/uploads\/2024\/01\/Mixer-And-Wear-Parts1-600x752.webp 600w, https:\/\/miningspareparts.com\/wp-content\/uploads\/2024\/01\/Mixer-And-Wear-Parts1.webp 2037w\" sizes=\"(max-width: 498px) 100vw, 498px\" \/><span style=\"font-size: 16px\">\u00a0<\/span><img decoding=\"async\" class=\"wp-image-3551 alignnone\" style=\"font-weight: inherit\" src=\"https:\/\/miningspareparts.com\/wp-content\/uploads\/2024\/01\/Mixer-And-Wear-Parts2-210x300.webp\" alt=\"\" width=\"454\" height=\"649\" srcset=\"https:\/\/miningspareparts.com\/wp-content\/uploads\/2024\/01\/Mixer-And-Wear-Parts2-210x300.webp 210w, https:\/\/miningspareparts.com\/wp-content\/uploads\/2024\/01\/Mixer-And-Wear-Parts2-600x856.webp 600w\" sizes=\"(max-width: 454px) 100vw, 454px\" \/><\/p>\n<p>En el \u00e1mbito de los componentes para mezcladoras de doble eje ZOOMLION JS4000, somos fabricantes comprometidos con la excelencia. Nuestra atenci\u00f3n se centra en la artesan\u00eda intrincada de reemplazo original, haciendo hincapi\u00e9 en la precisi\u00f3n sin precedentes y la calidad de nuestros productos.<\/p>\n<p>Cuando hablamos de recambios originales, nos referimos a la meticulosa ingenier\u00eda que se emplea en la fabricaci\u00f3n de cada cuchilla, brazo mezclador y camisa. Estos componentes est\u00e1n dise\u00f1ados para integrarse perfectamente en las mezcladoras ZOOMLION JS4000, garantizando un ajuste perfecto y una funcionalidad \u00f3ptima. Elegir nuestros recambios originales significa elegir fiabilidad, precisi\u00f3n y un compromiso con las especificaciones exactas de las piezas originales.<\/p>\n<p>En el \u00e1mbito de la posventa, nos distinguimos por ofrecer soluciones que van m\u00e1s all\u00e1 de las meras sustituciones. Nuestros componentes de posventa no s\u00f3lo cumplen los elevados est\u00e1ndares establecidos por el equipo original, sino que a menudo los superan. Comprendemos la evoluci\u00f3n de las necesidades de nuestros clientes y nos esforzamos por ofrecer innovaciones que mejoren el rendimiento y la longevidad.<\/p>","protected":false},"excerpt":{"rendered":"<p>Modelos:ZOOMLION JS4000<\/p>","protected":false},"featured_media":4805,"template":"","meta":{"_uag_custom_page_level_css":"","site-sidebar-layout":"default","site-content-layout":"","ast-site-content-layout":"default","site-content-style":"default","site-sidebar-style":"default","ast-global-header-display":"","ast-banner-title-visibility":"","ast-main-header-display":"","ast-hfb-above-header-display":"","ast-hfb-below-header-display":"","ast-hfb-mobile-header-display":"","site-post-title":"","ast-breadcrumbs-content":"","ast-featured-img":"","footer-sml-layout":"","ast-disable-related-posts":"","theme-transparent-header-meta":"default","adv-header-id-meta":"","stick-header-meta":"default","header-above-stick-meta":"","header-main-stick-meta":"","header-below-stick-meta":"","astra-migrate-meta-layouts":"set","ast-page-background-enabled":"default","ast-page-background-meta":{"desktop":{"background-color":"var(--ast-global-color-4)","background-image":"","background-repeat":"repeat","background-position":"center center","background-size":"auto","background-attachment":"scroll","background-type":"","background-media":"","overlay-type":"","overlay-color":"","overlay-opacity":"","overlay-gradient":""},"tablet":{"background-color":"","background-image":"","background-repeat":"repeat","background-position":"center center","background-size":"auto","background-attachment":"scroll","background-type":"","background-media":"","overlay-type":"","overlay-color":"","overlay-opacity":"","overlay-gradient":""},"mobile":{"background-color":"","background-image":"","background-repeat":"repeat","background-position":"center center","background-size":"auto","background-attachment":"scroll","background-type":"","background-media":"","overlay-type":"","overlay-color":"","overlay-opacity":"","overlay-gradient":""}},"ast-content-background-meta":{"desktop":{"background-color":"var(--ast-global-color-5)","background-image":"","background-repeat":"repeat","background-position":"center center","background-size":"auto","background-attachment":"scroll","background-type":"","background-media":"","overlay-type":"","overlay-color":"","overlay-opacity":"","overlay-gradient":""},"tablet":{"background-color":"var(--ast-global-color-5)","background-image":"","background-repeat":"repeat","background-position":"center center","background-size":"auto","background-attachment":"scroll","background-type":"","background-media":"","overlay-type":"","overlay-color":"","overlay-opacity":"","overlay-gradient":""},"mobile":{"background-color":"var(--ast-global-color-5)","background-image":"","background-repeat":"repeat","background-position":"center center","background-size":"auto","background-attachment":"scroll","background-type":"","background-media":"","overlay-type":"","overlay-color":"","overlay-opacity":"","overlay-gradient":""}}},"product_brand":[],"product_cat":[281,77],"product_tag":[268,288,269],"class_list":{"0":"post-2172","1":"product","2":"type-product","3":"status-publish","4":"has-post-thumbnail","6":"product_cat-zoomlion","7":"product_cat-concrete-mixer-parts","8":"product_tag-blade","9":"product_tag-concrete-mixer","10":"product_tag-mixing-arm","11":"desktop-align-left","12":"tablet-align-left","13":"mobile-align-left","14":"ast-product-gallery-layout-horizontal-slider","15":"ast-product-gallery-with-no-image","16":"ast-product-single-variable","17":"ast-product-tabs-layout-horizontal","19":"first","20":"instock","21":"shipping-taxable","22":"purchasable","23":"product-type-variable"},"yoast_head":"<!-- This site is optimized with the Yoast SEO plugin v27.4 - https:\/\/yoast.com\/product\/yoast-seo-wordpress\/ -->\n<title>ZOOMLION JS4000 Mixer And Parts - Crusher parts, Slurry Pump Parts, Excavator shovel parts<\/title>\n<meta name=\"description\" content=\"Zoomlion JS4000 twin-shaft mixer blades, mixing arms and liners, original replacement, ensuring best-in-class durability and excellent aftermarket.\" \/>\n<meta name=\"robots\" content=\"index, follow, max-snippet:-1, max-image-preview:large, max-video-preview:-1\" \/>\n<link rel=\"canonical\" href=\"https:\/\/miningspareparts.com\/es\/producto\/zoomlion-js4000-mixer-and-parts\/\" \/>\n<meta property=\"og:locale\" content=\"es_MX\" \/>\n<meta property=\"og:type\" content=\"article\" \/>\n<meta property=\"og:title\" content=\"ZOOMLION JS4000 Mixer And Parts - Crusher parts, Slurry Pump Parts, Excavator shovel parts\" \/>\n<meta property=\"og:description\" content=\"Zoomlion JS4000 twin-shaft mixer blades, mixing arms and liners, original replacement, ensuring best-in-class durability and excellent aftermarket.\" \/>\n<meta property=\"og:url\" content=\"https:\/\/miningspareparts.com\/es\/producto\/zoomlion-js4000-mixer-and-parts\/\" \/>\n<meta property=\"og:site_name\" content=\"Crusher parts, Slurry Pump Parts, Excavator shovel parts\" \/>\n<meta property=\"article:modified_time\" content=\"2024-04-06T05:39:49+00:00\" \/>\n<meta property=\"og:image\" content=\"https:\/\/miningspareparts.com\/wp-content\/uploads\/2023\/12\/ZOOMLION-JS4000-Mixer-And-Parts.webp\" \/>\n\t<meta property=\"og:image:width\" content=\"800\" \/>\n\t<meta property=\"og:image:height\" content=\"800\" \/>\n\t<meta property=\"og:image:type\" content=\"image\/webp\" \/>\n<meta name=\"twitter:card\" content=\"summary_large_image\" \/>\n<meta name=\"twitter:label1\" content=\"Tiempo de lectura\" \/>\n\t<meta name=\"twitter:data1\" content=\"3 minutos\" \/>\n<script type=\"application\/ld+json\" class=\"yoast-schema-graph\">{\"@context\":\"https:\\\/\\\/schema.org\",\"@graph\":[{\"@type\":\"WebPage\",\"@id\":\"https:\\\/\\\/miningspareparts.com\\\/product\\\/zoomlion-js4000-mixer-and-parts\\\/\",\"url\":\"https:\\\/\\\/miningspareparts.com\\\/product\\\/zoomlion-js4000-mixer-and-parts\\\/\",\"name\":\"ZOOMLION JS4000 Mixer And Parts - Crusher parts, Slurry Pump Parts, Excavator shovel parts\",\"isPartOf\":{\"@id\":\"https:\\\/\\\/miningspareparts.com\\\/#website\"},\"primaryImageOfPage\":{\"@id\":\"https:\\\/\\\/miningspareparts.com\\\/product\\\/zoomlion-js4000-mixer-and-parts\\\/#primaryimage\"},\"image\":{\"@id\":\"https:\\\/\\\/miningspareparts.com\\\/product\\\/zoomlion-js4000-mixer-and-parts\\\/#primaryimage\"},\"thumbnailUrl\":\"https:\\\/\\\/miningspareparts.com\\\/wp-content\\\/uploads\\\/2023\\\/12\\\/ZOOMLION-JS4000-Mixer-And-Parts.webp\",\"datePublished\":\"2023-12-31T06:13:30+00:00\",\"dateModified\":\"2024-04-06T05:39:49+00:00\",\"description\":\"Zoomlion JS4000 twin-shaft mixer blades, mixing arms and liners, original replacement, ensuring best-in-class durability and excellent aftermarket.\",\"breadcrumb\":{\"@id\":\"https:\\\/\\\/miningspareparts.com\\\/product\\\/zoomlion-js4000-mixer-and-parts\\\/#breadcrumb\"},\"inLanguage\":\"es\",\"potentialAction\":[{\"@type\":\"ReadAction\",\"target\":[\"https:\\\/\\\/miningspareparts.com\\\/product\\\/zoomlion-js4000-mixer-and-parts\\\/\"]}]},{\"@type\":\"ImageObject\",\"inLanguage\":\"es\",\"@id\":\"https:\\\/\\\/miningspareparts.com\\\/product\\\/zoomlion-js4000-mixer-and-parts\\\/#primaryimage\",\"url\":\"https:\\\/\\\/miningspareparts.com\\\/wp-content\\\/uploads\\\/2023\\\/12\\\/ZOOMLION-JS4000-Mixer-And-Parts.webp\",\"contentUrl\":\"https:\\\/\\\/miningspareparts.com\\\/wp-content\\\/uploads\\\/2023\\\/12\\\/ZOOMLION-JS4000-Mixer-And-Parts.webp\",\"width\":800,\"height\":800},{\"@type\":\"BreadcrumbList\",\"@id\":\"https:\\\/\\\/miningspareparts.com\\\/product\\\/zoomlion-js4000-mixer-and-parts\\\/#breadcrumb\",\"itemListElement\":[{\"@type\":\"ListItem\",\"position\":1,\"name\":\"Home\",\"item\":\"https:\\\/\\\/miningspareparts.com\\\/\"},{\"@type\":\"ListItem\",\"position\":2,\"name\":\"Premium Mining Wear And Spare Parts\",\"item\":\"https:\\\/\\\/miningspareparts.com\\\/shop\\\/\"},{\"@type\":\"ListItem\",\"position\":3,\"name\":\"ZOOMLION JS4000 Mixer And Parts\"}]},{\"@type\":\"WebSite\",\"@id\":\"https:\\\/\\\/miningspareparts.com\\\/#website\",\"url\":\"https:\\\/\\\/miningspareparts.com\\\/\",\"name\":\"Crusher parts , Concrete Mixer Parts, Slurry Pump Parts, Mining Spares\",\"description\":\"Mining Wear &amp; Spare Parts Supplier\",\"publisher\":{\"@id\":\"https:\\\/\\\/miningspareparts.com\\\/#organization\"},\"potentialAction\":[{\"@type\":\"SearchAction\",\"target\":{\"@type\":\"EntryPoint\",\"urlTemplate\":\"https:\\\/\\\/miningspareparts.com\\\/?s={search_term_string}\"},\"query-input\":{\"@type\":\"PropertyValueSpecification\",\"valueRequired\":true,\"valueName\":\"search_term_string\"}}],\"inLanguage\":\"es\"},{\"@type\":\"Organization\",\"@id\":\"https:\\\/\\\/miningspareparts.com\\\/#organization\",\"name\":\"Crusher parts , Concrete Mixer Parts, Slurry Pump Parts, Mining Spares\",\"url\":\"https:\\\/\\\/miningspareparts.com\\\/\",\"logo\":{\"@type\":\"ImageObject\",\"inLanguage\":\"es\",\"@id\":\"https:\\\/\\\/miningspareparts.com\\\/#\\\/schema\\\/logo\\\/image\\\/\",\"url\":\"https:\\\/\\\/miningspareparts.com\\\/wp-content\\\/uploads\\\/2025\\\/04\\\/cropped-cropped-logo\u6b63\u65b9\u5f62.png\",\"contentUrl\":\"https:\\\/\\\/miningspareparts.com\\\/wp-content\\\/uploads\\\/2025\\\/04\\\/cropped-cropped-logo\u6b63\u65b9\u5f62.png\",\"width\":511,\"height\":171,\"caption\":\"Crusher parts , Concrete Mixer Parts, Slurry Pump Parts, Mining Spares\"},\"image\":{\"@id\":\"https:\\\/\\\/miningspareparts.com\\\/#\\\/schema\\\/logo\\\/image\\\/\"}}]}<\/script>\n<!-- \/ Yoast SEO plugin. -->","yoast_head_json":{"title":"ZOOMLION JS4000 Mixer And Parts - Crusher parts, Slurry Pump Parts, Excavator shovel parts","description":"Zoomlion JS4000 twin-shaft mixer blades, mixing arms and liners, original replacement, ensuring best-in-class durability and excellent aftermarket.","robots":{"index":"index","follow":"follow","max-snippet":"max-snippet:-1","max-image-preview":"max-image-preview:large","max-video-preview":"max-video-preview:-1"},"canonical":"https:\/\/miningspareparts.com\/es\/producto\/zoomlion-js4000-mixer-and-parts\/","og_locale":"es_MX","og_type":"article","og_title":"ZOOMLION JS4000 Mixer And Parts - Crusher parts, Slurry Pump Parts, Excavator shovel parts","og_description":"Zoomlion JS4000 twin-shaft mixer blades, mixing arms and liners, original replacement, ensuring best-in-class durability and excellent aftermarket.","og_url":"https:\/\/miningspareparts.com\/es\/producto\/zoomlion-js4000-mixer-and-parts\/","og_site_name":"Crusher parts, Slurry Pump Parts, Excavator shovel parts","article_modified_time":"2024-04-06T05:39:49+00:00","og_image":[{"width":800,"height":800,"url":"https:\/\/miningspareparts.com\/wp-content\/uploads\/2023\/12\/ZOOMLION-JS4000-Mixer-And-Parts.webp","type":"image\/webp"}],"twitter_card":"summary_large_image","twitter_misc":{"Tiempo de lectura":"3 minutos"},"schema":{"@context":"https:\/\/schema.org","@graph":[{"@type":"WebPage","@id":"https:\/\/miningspareparts.com\/product\/zoomlion-js4000-mixer-and-parts\/","url":"https:\/\/miningspareparts.com\/product\/zoomlion-js4000-mixer-and-parts\/","name":"ZOOMLION JS4000 Mixer And Parts - Crusher parts, Slurry Pump Parts, Excavator shovel parts","isPartOf":{"@id":"https:\/\/miningspareparts.com\/#website"},"primaryImageOfPage":{"@id":"https:\/\/miningspareparts.com\/product\/zoomlion-js4000-mixer-and-parts\/#primaryimage"},"image":{"@id":"https:\/\/miningspareparts.com\/product\/zoomlion-js4000-mixer-and-parts\/#primaryimage"},"thumbnailUrl":"https:\/\/miningspareparts.com\/wp-content\/uploads\/2023\/12\/ZOOMLION-JS4000-Mixer-And-Parts.webp","datePublished":"2023-12-31T06:13:30+00:00","dateModified":"2024-04-06T05:39:49+00:00","description":"Zoomlion JS4000 twin-shaft mixer blades, mixing arms and liners, original replacement, ensuring best-in-class durability and excellent aftermarket.","breadcrumb":{"@id":"https:\/\/miningspareparts.com\/product\/zoomlion-js4000-mixer-and-parts\/#breadcrumb"},"inLanguage":"es","potentialAction":[{"@type":"ReadAction","target":["https:\/\/miningspareparts.com\/product\/zoomlion-js4000-mixer-and-parts\/"]}]},{"@type":"ImageObject","inLanguage":"es","@id":"https:\/\/miningspareparts.com\/product\/zoomlion-js4000-mixer-and-parts\/#primaryimage","url":"https:\/\/miningspareparts.com\/wp-content\/uploads\/2023\/12\/ZOOMLION-JS4000-Mixer-And-Parts.webp","contentUrl":"https:\/\/miningspareparts.com\/wp-content\/uploads\/2023\/12\/ZOOMLION-JS4000-Mixer-And-Parts.webp","width":800,"height":800},{"@type":"BreadcrumbList","@id":"https:\/\/miningspareparts.com\/product\/zoomlion-js4000-mixer-and-parts\/#breadcrumb","itemListElement":[{"@type":"ListItem","position":1,"name":"Home","item":"https:\/\/miningspareparts.com\/"},{"@type":"ListItem","position":2,"name":"Premium Mining Wear And Spare Parts","item":"https:\/\/miningspareparts.com\/shop\/"},{"@type":"ListItem","position":3,"name":"ZOOMLION JS4000 Mixer And Parts"}]},{"@type":"WebSite","@id":"https:\/\/miningspareparts.com\/#website","url":"https:\/\/miningspareparts.com\/","name":"Crusher parts , Concrete Mixer Parts, Slurry Pump Parts, Mining Spares","description":"Mining Wear &amp; Spare Parts Supplier","publisher":{"@id":"https:\/\/miningspareparts.com\/#organization"},"potentialAction":[{"@type":"SearchAction","target":{"@type":"EntryPoint","urlTemplate":"https:\/\/miningspareparts.com\/?s={search_term_string}"},"query-input":{"@type":"PropertyValueSpecification","valueRequired":true,"valueName":"search_term_string"}}],"inLanguage":"es"},{"@type":"Organization","@id":"https:\/\/miningspareparts.com\/#organization","name":"Crusher parts , Concrete Mixer Parts, Slurry Pump Parts, Mining Spares","url":"https:\/\/miningspareparts.com\/","logo":{"@type":"ImageObject","inLanguage":"es","@id":"https:\/\/miningspareparts.com\/#\/schema\/logo\/image\/","url":"https:\/\/miningspareparts.com\/wp-content\/uploads\/2025\/04\/cropped-cropped-logo\u6b63\u65b9\u5f62.png","contentUrl":"https:\/\/miningspareparts.com\/wp-content\/uploads\/2025\/04\/cropped-cropped-logo\u6b63\u65b9\u5f62.png","width":511,"height":171,"caption":"Crusher parts , Concrete Mixer Parts, Slurry Pump Parts, Mining Spares"},"image":{"@id":"https:\/\/miningspareparts.com\/#\/schema\/logo\/image\/"}}]}},"uagb_featured_image_src":{"full":["https:\/\/miningspareparts.com\/wp-content\/uploads\/2023\/12\/ZOOMLION-JS4000-Mixer-And-Parts.webp",800,800,false],"thumbnail":["https:\/\/miningspareparts.com\/wp-content\/uploads\/2023\/12\/ZOOMLION-JS4000-Mixer-And-Parts-150x150.webp",150,150,true],"medium":["https:\/\/miningspareparts.com\/wp-content\/uploads\/2023\/12\/ZOOMLION-JS4000-Mixer-And-Parts-300x300.webp",300,300,true],"medium_large":["https:\/\/miningspareparts.com\/wp-content\/uploads\/2023\/12\/ZOOMLION-JS4000-Mixer-And-Parts-768x768.webp",768,768,true],"large":["https:\/\/miningspareparts.com\/wp-content\/uploads\/2023\/12\/ZOOMLION-JS4000-Mixer-And-Parts.webp",800,800,false],"1536x1536":["https:\/\/miningspareparts.com\/wp-content\/uploads\/2023\/12\/ZOOMLION-JS4000-Mixer-And-Parts.webp",800,800,false],"2048x2048":["https:\/\/miningspareparts.com\/wp-content\/uploads\/2023\/12\/ZOOMLION-JS4000-Mixer-And-Parts.webp",800,800,false],"trp-custom-language-flag":["https:\/\/miningspareparts.com\/wp-content\/uploads\/2023\/12\/ZOOMLION-JS4000-Mixer-And-Parts-12x12.webp",12,12,true],"woocommerce_thumbnail":["https:\/\/miningspareparts.com\/wp-content\/uploads\/2023\/12\/ZOOMLION-JS4000-Mixer-And-Parts-300x300.webp",300,300,true],"woocommerce_single":["https:\/\/miningspareparts.com\/wp-content\/uploads\/2023\/12\/ZOOMLION-JS4000-Mixer-And-Parts-600x600.webp",600,600,true],"woocommerce_gallery_thumbnail":["https:\/\/miningspareparts.com\/wp-content\/uploads\/2023\/12\/ZOOMLION-JS4000-Mixer-And-Parts-100x100.webp",100,100,true]},"uagb_author_info":{"display_name":"Miningspareparts","author_link":"https:\/\/miningspareparts.com\/es\/author\/"},"uagb_comment_info":0,"uagb_excerpt":"Models:ZOOMLION JS4000","_links":{"self":[{"href":"https:\/\/miningspareparts.com\/es\/wp-json\/wp\/v2\/product\/2172","targetHints":{"allow":["GET"]}}],"collection":[{"href":"https:\/\/miningspareparts.com\/es\/wp-json\/wp\/v2\/product"}],"about":[{"href":"https:\/\/miningspareparts.com\/es\/wp-json\/wp\/v2\/types\/product"}],"wp:featuredmedia":[{"embeddable":true,"href":"https:\/\/miningspareparts.com\/es\/wp-json\/wp\/v2\/media\/4805"}],"wp:attachment":[{"href":"https:\/\/miningspareparts.com\/es\/wp-json\/wp\/v2\/media?parent=2172"}],"wp:term":[{"taxonomy":"product_brand","embeddable":true,"href":"https:\/\/miningspareparts.com\/es\/wp-json\/wp\/v2\/product_brand?post=2172"},{"taxonomy":"product_cat","embeddable":true,"href":"https:\/\/miningspareparts.com\/es\/wp-json\/wp\/v2\/product_cat?post=2172"},{"taxonomy":"product_tag","embeddable":true,"href":"https:\/\/miningspareparts.com\/es\/wp-json\/wp\/v2\/product_tag?post=2172"}],"curies":[{"name":"wp","href":"https:\/\/api.w.org\/{rel}","templated":true}]}}