{"id":2216,"date":"2023-12-31T07:27:37","date_gmt":"2023-12-31T07:27:37","guid":{"rendered":"https:\/\/miningspareparts.com\/?post_type=product&#038;p=2216"},"modified":"2024-04-06T09:17:52","modified_gmt":"2024-04-06T09:17:52","slug":"baiyinluji-jsd4500-mixer-and-parts","status":"publish","type":"product","link":"https:\/\/miningspareparts.com\/es\/producto\/baiyinluji-jsd4500-mixer-and-parts\/","title":{"rendered":"BAIYINLUJi JSD4500 Mezclador Y Piezas"},"content":{"rendered":"<p><strong>He aqu\u00ed una descripci\u00f3n de BAIYINLUJi JSD4500 Mixer And Parts<\/strong><\/p>\n<table>\n<tbody>\n<tr>\n<td width=\"62\">NO.<\/td>\n<td width=\"199\">Especificaci\u00f3n<\/td>\n<td width=\"113\">C\u00f3digo del art\u00edculo<\/td>\n<td width=\"56\">Unidad.<\/td>\n<td width=\"66\">Cantidad<\/td>\n<td width=\"75\">Peso unitario (Kg)<\/td>\n<td width=\"69\">Peso total (Kg)<\/td>\n<td width=\"78\">Observaciones<\/td>\n<\/tr>\n<tr>\n<td width=\"62\">1<\/td>\n<td width=\"199\">Brazo mezclador central<\/td>\n<td width=\"113\">JSD4500<\/td>\n<td width=\"56\">Pcs<\/td>\n<td width=\"66\">14<\/td>\n<td width=\"75\">74.2<\/td>\n<td width=\"69\">1038.8<\/td>\n<td width=\"78\"><\/td>\n<\/tr>\n<tr>\n<td width=\"62\">2<\/td>\n<td width=\"199\">Brazo mezclador izquierdo<\/td>\n<td width=\"113\">JSD4500<\/td>\n<td width=\"56\">Pcs<\/td>\n<td width=\"66\">4<\/td>\n<td width=\"75\">69.6<\/td>\n<td width=\"69\">278.4<\/td>\n<td width=\"78\"><\/td>\n<\/tr>\n<tr>\n<td width=\"62\">3<\/td>\n<td width=\"199\">Brazo mezclador derecho<\/td>\n<td width=\"113\">JSD4500<\/td>\n<td width=\"56\">Pcs<\/td>\n<td width=\"66\">2<\/td>\n<td width=\"75\">68<\/td>\n<td width=\"69\">136<\/td>\n<td width=\"78\"><\/td>\n<\/tr>\n<tr>\n<td width=\"62\">4<\/td>\n<td width=\"199\">Base del brazo mezclador<\/td>\n<td width=\"113\">JSD4500<\/td>\n<td width=\"56\">Pcs<\/td>\n<td width=\"66\">20<\/td>\n<td width=\"75\">35.2<\/td>\n<td width=\"69\">704<\/td>\n<td width=\"78\"><\/td>\n<\/tr>\n<tr>\n<td width=\"62\">5<\/td>\n<td width=\"199\">Cuchilla mezcladora central<\/td>\n<td width=\"113\">JSD4500<\/td>\n<td width=\"56\">Pcs<\/td>\n<td width=\"66\">14<\/td>\n<td width=\"75\">25.8<\/td>\n<td width=\"69\">361.2<\/td>\n<td width=\"78\"><\/td>\n<\/tr>\n<tr>\n<td width=\"62\">6<\/td>\n<td width=\"199\">Cuchilla mezcladora izquierda<\/td>\n<td width=\"113\">JSD4500<\/td>\n<td width=\"56\">Pcs<\/td>\n<td width=\"66\">4<\/td>\n<td width=\"75\">17.4<\/td>\n<td width=\"69\">69.6<\/td>\n<td width=\"78\"><\/td>\n<\/tr>\n<tr>\n<td width=\"62\">7<\/td>\n<td width=\"199\">Cuchilla mezcladora derecha<\/td>\n<td width=\"113\">JSD4500<\/td>\n<td width=\"56\">Pcs<\/td>\n<td width=\"66\">2<\/td>\n<td width=\"75\">17.4<\/td>\n<td width=\"69\">34.8<\/td>\n<td width=\"78\"><\/td>\n<\/tr>\n<tr>\n<td width=\"62\">8<\/td>\n<td width=\"199\">Rascador de fondo lateral<\/td>\n<td width=\"113\">JSD4500<\/td>\n<td width=\"56\">Pcs<\/td>\n<td width=\"66\">6<\/td>\n<td width=\"75\">17<\/td>\n<td width=\"69\">102<\/td>\n<td width=\"78\"><\/td>\n<\/tr>\n<tr>\n<td width=\"62\">9<\/td>\n<td width=\"199\">Revestimiento del arco 1<\/td>\n<td width=\"113\">JSD4500<\/td>\n<td width=\"56\">Pcs<\/td>\n<td width=\"66\">144<\/td>\n<td width=\"75\">6.9<\/td>\n<td width=\"69\">993.6<\/td>\n<td width=\"78\"><\/td>\n<\/tr>\n<tr>\n<td width=\"62\">10<\/td>\n<td width=\"199\">Forro Arc 2<\/td>\n<td width=\"113\">JSD4500<\/td>\n<td width=\"56\">Pcs<\/td>\n<td width=\"66\">36<\/td>\n<td width=\"75\">6.6<\/td>\n<td width=\"69\">237.6<\/td>\n<td width=\"78\"><\/td>\n<\/tr>\n<tr>\n<td width=\"62\">11<\/td>\n<td width=\"199\">Revestimiento del arco de la puerta<\/td>\n<td width=\"113\">JSD4500<\/td>\n<td width=\"56\">Pcs<\/td>\n<td width=\"66\">4<\/td>\n<td width=\"75\">4.5<\/td>\n<td width=\"69\">18<\/td>\n<td width=\"78\"><\/td>\n<\/tr>\n<tr>\n<td width=\"62\">12<\/td>\n<td width=\"199\">Forro final 1<\/td>\n<td width=\"113\">JSD4500<\/td>\n<td width=\"56\">Pcs<\/td>\n<td width=\"66\">8<\/td>\n<td width=\"75\">21.4<\/td>\n<td width=\"69\">171.2<\/td>\n<td width=\"78\"><\/td>\n<\/tr>\n<tr>\n<td width=\"62\">13<\/td>\n<td width=\"199\">Forro final 2<\/td>\n<td width=\"113\">JSD4500<\/td>\n<td width=\"56\">Pcs<\/td>\n<td width=\"66\">4<\/td>\n<td width=\"75\">20.8<\/td>\n<td width=\"69\">83.2<\/td>\n<td width=\"78\"><\/td>\n<\/tr>\n<tr>\n<td width=\"62\">14<\/td>\n<td width=\"199\">Fin del forro 3<\/td>\n<td width=\"113\">JSD4500<\/td>\n<td width=\"56\">Pcs<\/td>\n<td width=\"66\">4<\/td>\n<td width=\"75\">20.8<\/td>\n<td width=\"69\">83.2<\/td>\n<td width=\"78\"><\/td>\n<\/tr>\n<tr>\n<td width=\"62\">15<\/td>\n<td width=\"199\">Forro final 4<\/td>\n<td width=\"113\">JSD4500<\/td>\n<td width=\"56\">Pcs<\/td>\n<td width=\"66\">2<\/td>\n<td width=\"75\">21<\/td>\n<td width=\"69\">42<\/td>\n<td width=\"78\"><\/td>\n<\/tr>\n<tr>\n<td width=\"62\">16<\/td>\n<td width=\"199\">Fin del forro 5<\/td>\n<td width=\"113\">JSD4500<\/td>\n<td width=\"56\">Pcs<\/td>\n<td width=\"66\">2<\/td>\n<td width=\"75\">21<\/td>\n<td width=\"69\">42<\/td>\n<td width=\"78\"><\/td>\n<\/tr>\n<tr>\n<td width=\"62\">17<\/td>\n<td width=\"199\">Forro final 6<\/td>\n<td width=\"113\">JSD4500<\/td>\n<td width=\"56\">Pcs<\/td>\n<td width=\"66\">2<\/td>\n<td width=\"75\">18.8<\/td>\n<td width=\"69\">37.6<\/td>\n<td width=\"78\"><\/td>\n<\/tr>\n<tr>\n<td width=\"62\">18<\/td>\n<td width=\"199\">Fin del forro 7<\/td>\n<td width=\"113\">JSD4500<\/td>\n<td width=\"56\">Pcs<\/td>\n<td width=\"66\">2<\/td>\n<td width=\"75\">18.8<\/td>\n<td width=\"69\">37.6<\/td>\n<td width=\"78\"><\/td>\n<\/tr>\n<tr>\n<td width=\"62\">19<\/td>\n<td width=\"199\">Forro final 8<\/td>\n<td width=\"113\">JSD4500<\/td>\n<td width=\"56\">Pcs<\/td>\n<td width=\"66\">16<\/td>\n<td width=\"75\">10.9<\/td>\n<td width=\"69\">174.4<\/td>\n<td width=\"78\"><\/td>\n<\/tr>\n<tr>\n<td width=\"62\"><\/td>\n<td width=\"199\"><\/td>\n<td width=\"113\"><\/td>\n<td width=\"56\"><\/td>\n<td width=\"66\"><\/td>\n<td width=\"75\"><\/td>\n<td width=\"69\"><\/td>\n<td width=\"78\"><\/td>\n<\/tr>\n<tr>\n<td width=\"62\"><\/td>\n<td width=\"199\">Total<\/td>\n<td width=\"113\"><\/td>\n<td width=\"56\"><\/td>\n<td width=\"66\">262<\/td>\n<td width=\"75\"><\/td>\n<td width=\"69\">4645.2<\/td>\n<td width=\"78\"><\/td>\n<\/tr>\n<\/tbody>\n<\/table>\n<p><img fetchpriority=\"high\" decoding=\"async\" class=\"wp-image-3550 alignleft\" src=\"https:\/\/miningspareparts.com\/wp-content\/uploads\/2024\/01\/Mixer-And-Wear-Parts1-239x300.webp\" alt=\"\" width=\"498\" height=\"625\" srcset=\"https:\/\/miningspareparts.com\/wp-content\/uploads\/2024\/01\/Mixer-And-Wear-Parts1-239x300.webp 239w, https:\/\/miningspareparts.com\/wp-content\/uploads\/2024\/01\/Mixer-And-Wear-Parts1-817x1024.webp 817w, https:\/\/miningspareparts.com\/wp-content\/uploads\/2024\/01\/Mixer-And-Wear-Parts1-768x963.webp 768w, https:\/\/miningspareparts.com\/wp-content\/uploads\/2024\/01\/Mixer-And-Wear-Parts1-1226x1536.webp 1226w, https:\/\/miningspareparts.com\/wp-content\/uploads\/2024\/01\/Mixer-And-Wear-Parts1-1634x2048.webp 1634w, https:\/\/miningspareparts.com\/wp-content\/uploads\/2024\/01\/Mixer-And-Wear-Parts1-600x752.webp 600w, https:\/\/miningspareparts.com\/wp-content\/uploads\/2024\/01\/Mixer-And-Wear-Parts1.webp 2037w\" sizes=\"(max-width: 498px) 100vw, 498px\" \/><span style=\"font-size: 16px\">\u00a0<\/span><img decoding=\"async\" class=\"wp-image-3551 alignnone\" style=\"font-weight: inherit\" src=\"https:\/\/miningspareparts.com\/wp-content\/uploads\/2024\/01\/Mixer-And-Wear-Parts2-210x300.webp\" alt=\"\" width=\"454\" height=\"649\" srcset=\"https:\/\/miningspareparts.com\/wp-content\/uploads\/2024\/01\/Mixer-And-Wear-Parts2-210x300.webp 210w, https:\/\/miningspareparts.com\/wp-content\/uploads\/2024\/01\/Mixer-And-Wear-Parts2-600x856.webp 600w\" sizes=\"(max-width: 454px) 100vw, 454px\" \/><\/p>\n<p>En el \u00e1mbito de la tecnolog\u00eda de mezclado de hormig\u00f3n, nuestras palas, brazos mezcladores y revestimientos de la mezcladora de doble eje BAIYINLUJi JSD4500 destacan por su excelencia. Como fabricante distinguido, encarnamos el esp\u00edritu de la sustituci\u00f3n original, la innovaci\u00f3n posventa y la durabilidad inquebrantable.<\/p>\n<p>Al adentrarnos en el \u00e1mbito de la posventa, apostamos por la innovaci\u00f3n. Nuestras soluciones posventa no son meros sustitutos, sino mejoras que aumentan el rendimiento de su mezcladora. Dise\u00f1ados con un profundo conocimiento de las necesidades cambiantes de la industria, nuestros componentes posventa prometen eficacia, fiabilidad y un toque de ingenio.<\/p>\n<p>La durabilidad es la piedra angular de nuestra filosof\u00eda de fabricaci\u00f3n. Somos conscientes de los rigores que soportan los componentes de las mezcladoras de doble eje en los exigentes entornos de mezclado de hormig\u00f3n. Por ello, nuestras palas, brazos mezcladores y revestimientos est\u00e1n forjados con materiales de la m\u00e1s alta calidad, lo que refuerza su resistencia al desgaste. Esta durabilidad garantiza una vida \u00fatil prolongada, reduciendo el tiempo de inactividad y mejorando la rentabilidad general de su equipo.<\/p>","protected":false},"excerpt":{"rendered":"<p>Modelos:BAIYINLUJi <strong>JSD4500<\/strong><\/p>","protected":false},"featured_media":4824,"template":"","meta":{"_uag_custom_page_level_css":"","site-sidebar-layout":"default","site-content-layout":"","ast-site-content-layout":"default","site-content-style":"default","site-sidebar-style":"default","ast-global-header-display":"","ast-banner-title-visibility":"","ast-main-header-display":"","ast-hfb-above-header-display":"","ast-hfb-below-header-display":"","ast-hfb-mobile-header-display":"","site-post-title":"","ast-breadcrumbs-content":"","ast-featured-img":"","footer-sml-layout":"","ast-disable-related-posts":"","theme-transparent-header-meta":"default","adv-header-id-meta":"","stick-header-meta":"default","header-above-stick-meta":"","header-main-stick-meta":"","header-below-stick-meta":"","astra-migrate-meta-layouts":"set","ast-page-background-enabled":"default","ast-page-background-meta":{"desktop":{"background-color":"var(--ast-global-color-4)","background-image":"","background-repeat":"repeat","background-position":"center center","background-size":"auto","background-attachment":"scroll","background-type":"","background-media":"","overlay-type":"","overlay-color":"","overlay-opacity":"","overlay-gradient":""},"tablet":{"background-color":"","background-image":"","background-repeat":"repeat","background-position":"center center","background-size":"auto","background-attachment":"scroll","background-type":"","background-media":"","overlay-type":"","overlay-color":"","overlay-opacity":"","overlay-gradient":""},"mobile":{"background-color":"","background-image":"","background-repeat":"repeat","background-position":"center center","background-size":"auto","background-attachment":"scroll","background-type":"","background-media":"","overlay-type":"","overlay-color":"","overlay-opacity":"","overlay-gradient":""}},"ast-content-background-meta":{"desktop":{"background-color":"var(--ast-global-color-5)","background-image":"","background-repeat":"repeat","background-position":"center center","background-size":"auto","background-attachment":"scroll","background-type":"","background-media":"","overlay-type":"","overlay-color":"","overlay-opacity":"","overlay-gradient":""},"tablet":{"background-color":"var(--ast-global-color-5)","background-image":"","background-repeat":"repeat","background-position":"center center","background-size":"auto","background-attachment":"scroll","background-type":"","background-media":"","overlay-type":"","overlay-color":"","overlay-opacity":"","overlay-gradient":""},"mobile":{"background-color":"var(--ast-global-color-5)","background-image":"","background-repeat":"repeat","background-position":"center center","background-size":"auto","background-attachment":"scroll","background-type":"","background-media":"","overlay-type":"","overlay-color":"","overlay-opacity":"","overlay-gradient":""}}},"product_brand":[],"product_cat":[289,77],"product_tag":[268,288,269],"class_list":{"0":"post-2216","1":"product","2":"type-product","3":"status-publish","4":"has-post-thumbnail","6":"product_cat-other-concrete-mixer-parts","7":"product_cat-concrete-mixer-parts","8":"product_tag-blade","9":"product_tag-concrete-mixer","10":"product_tag-mixing-arm","11":"desktop-align-left","12":"tablet-align-left","13":"mobile-align-left","14":"ast-product-gallery-layout-horizontal-slider","15":"ast-product-gallery-with-no-image","16":"ast-product-single-variable","17":"ast-product-tabs-layout-horizontal","19":"first","20":"instock","21":"shipping-taxable","22":"purchasable","23":"product-type-variable"},"yoast_head":"<!-- This site is optimized with the Yoast SEO plugin v27.4 - https:\/\/yoast.com\/product\/yoast-seo-wordpress\/ -->\n<title>BAIYINLUJi JSD4500 Mixer And Parts - Crusher parts, Slurry Pump Parts, Excavator shovel parts<\/title>\n<meta name=\"description\" content=\"Our BAIYINLUJi JSD4500 twin-shaft mixer blades, mixer arms and liners are original replacement precision and wear-resistant to ensure long-lasting performance.\" \/>\n<meta name=\"robots\" content=\"index, follow, max-snippet:-1, max-image-preview:large, max-video-preview:-1\" \/>\n<link rel=\"canonical\" href=\"https:\/\/miningspareparts.com\/es\/producto\/baiyinluji-jsd4500-mixer-and-parts\/\" \/>\n<meta property=\"og:locale\" content=\"es_MX\" \/>\n<meta property=\"og:type\" content=\"article\" \/>\n<meta property=\"og:title\" content=\"BAIYINLUJi JSD4500 Mixer And Parts - Crusher parts, Slurry Pump Parts, Excavator shovel parts\" \/>\n<meta property=\"og:description\" content=\"Our BAIYINLUJi JSD4500 twin-shaft mixer blades, mixer arms and liners are original replacement precision and wear-resistant to ensure long-lasting performance.\" \/>\n<meta property=\"og:url\" content=\"https:\/\/miningspareparts.com\/es\/producto\/baiyinluji-jsd4500-mixer-and-parts\/\" \/>\n<meta property=\"og:site_name\" content=\"Crusher parts, Slurry Pump Parts, Excavator shovel parts\" \/>\n<meta property=\"article:modified_time\" content=\"2024-04-06T09:17:52+00:00\" \/>\n<meta property=\"og:image\" content=\"https:\/\/miningspareparts.com\/wp-content\/uploads\/2023\/12\/BAIYINLUJi-JSD4500-Mixer-And-Parts.webp\" \/>\n\t<meta property=\"og:image:width\" content=\"800\" \/>\n\t<meta property=\"og:image:height\" content=\"800\" \/>\n\t<meta property=\"og:image:type\" content=\"image\/webp\" \/>\n<meta name=\"twitter:card\" content=\"summary_large_image\" \/>\n<meta name=\"twitter:label1\" content=\"Tiempo de lectura\" \/>\n\t<meta name=\"twitter:data1\" content=\"3 minutos\" \/>\n<script type=\"application\/ld+json\" class=\"yoast-schema-graph\">{\"@context\":\"https:\\\/\\\/schema.org\",\"@graph\":[{\"@type\":\"WebPage\",\"@id\":\"https:\\\/\\\/miningspareparts.com\\\/product\\\/baiyinluji-jsd4500-mixer-and-parts\\\/\",\"url\":\"https:\\\/\\\/miningspareparts.com\\\/product\\\/baiyinluji-jsd4500-mixer-and-parts\\\/\",\"name\":\"BAIYINLUJi JSD4500 Mixer And Parts - Crusher parts, Slurry Pump Parts, Excavator shovel parts\",\"isPartOf\":{\"@id\":\"https:\\\/\\\/miningspareparts.com\\\/#website\"},\"primaryImageOfPage\":{\"@id\":\"https:\\\/\\\/miningspareparts.com\\\/product\\\/baiyinluji-jsd4500-mixer-and-parts\\\/#primaryimage\"},\"image\":{\"@id\":\"https:\\\/\\\/miningspareparts.com\\\/product\\\/baiyinluji-jsd4500-mixer-and-parts\\\/#primaryimage\"},\"thumbnailUrl\":\"https:\\\/\\\/miningspareparts.com\\\/wp-content\\\/uploads\\\/2023\\\/12\\\/BAIYINLUJi-JSD4500-Mixer-And-Parts.webp\",\"datePublished\":\"2023-12-31T07:27:37+00:00\",\"dateModified\":\"2024-04-06T09:17:52+00:00\",\"description\":\"Our BAIYINLUJi JSD4500 twin-shaft mixer blades, mixer arms and liners are original replacement precision and wear-resistant to ensure long-lasting performance.\",\"breadcrumb\":{\"@id\":\"https:\\\/\\\/miningspareparts.com\\\/product\\\/baiyinluji-jsd4500-mixer-and-parts\\\/#breadcrumb\"},\"inLanguage\":\"es\",\"potentialAction\":[{\"@type\":\"ReadAction\",\"target\":[\"https:\\\/\\\/miningspareparts.com\\\/product\\\/baiyinluji-jsd4500-mixer-and-parts\\\/\"]}]},{\"@type\":\"ImageObject\",\"inLanguage\":\"es\",\"@id\":\"https:\\\/\\\/miningspareparts.com\\\/product\\\/baiyinluji-jsd4500-mixer-and-parts\\\/#primaryimage\",\"url\":\"https:\\\/\\\/miningspareparts.com\\\/wp-content\\\/uploads\\\/2023\\\/12\\\/BAIYINLUJi-JSD4500-Mixer-And-Parts.webp\",\"contentUrl\":\"https:\\\/\\\/miningspareparts.com\\\/wp-content\\\/uploads\\\/2023\\\/12\\\/BAIYINLUJi-JSD4500-Mixer-And-Parts.webp\",\"width\":800,\"height\":800},{\"@type\":\"BreadcrumbList\",\"@id\":\"https:\\\/\\\/miningspareparts.com\\\/product\\\/baiyinluji-jsd4500-mixer-and-parts\\\/#breadcrumb\",\"itemListElement\":[{\"@type\":\"ListItem\",\"position\":1,\"name\":\"Home\",\"item\":\"https:\\\/\\\/miningspareparts.com\\\/\"},{\"@type\":\"ListItem\",\"position\":2,\"name\":\"Premium Mining Wear And Spare Parts\",\"item\":\"https:\\\/\\\/miningspareparts.com\\\/shop\\\/\"},{\"@type\":\"ListItem\",\"position\":3,\"name\":\"BAIYINLUJi JSD4500 Mixer And Parts\"}]},{\"@type\":\"WebSite\",\"@id\":\"https:\\\/\\\/miningspareparts.com\\\/#website\",\"url\":\"https:\\\/\\\/miningspareparts.com\\\/\",\"name\":\"Crusher parts , Concrete Mixer Parts, Slurry Pump Parts, Mining Spares\",\"description\":\"Mining Wear &amp; Spare Parts Supplier\",\"publisher\":{\"@id\":\"https:\\\/\\\/miningspareparts.com\\\/#organization\"},\"potentialAction\":[{\"@type\":\"SearchAction\",\"target\":{\"@type\":\"EntryPoint\",\"urlTemplate\":\"https:\\\/\\\/miningspareparts.com\\\/?s={search_term_string}\"},\"query-input\":{\"@type\":\"PropertyValueSpecification\",\"valueRequired\":true,\"valueName\":\"search_term_string\"}}],\"inLanguage\":\"es\"},{\"@type\":\"Organization\",\"@id\":\"https:\\\/\\\/miningspareparts.com\\\/#organization\",\"name\":\"Crusher parts , Concrete Mixer Parts, Slurry Pump Parts, Mining Spares\",\"url\":\"https:\\\/\\\/miningspareparts.com\\\/\",\"logo\":{\"@type\":\"ImageObject\",\"inLanguage\":\"es\",\"@id\":\"https:\\\/\\\/miningspareparts.com\\\/#\\\/schema\\\/logo\\\/image\\\/\",\"url\":\"https:\\\/\\\/miningspareparts.com\\\/wp-content\\\/uploads\\\/2025\\\/04\\\/cropped-cropped-logo\u6b63\u65b9\u5f62.png\",\"contentUrl\":\"https:\\\/\\\/miningspareparts.com\\\/wp-content\\\/uploads\\\/2025\\\/04\\\/cropped-cropped-logo\u6b63\u65b9\u5f62.png\",\"width\":511,\"height\":171,\"caption\":\"Crusher parts , Concrete Mixer Parts, Slurry Pump Parts, Mining Spares\"},\"image\":{\"@id\":\"https:\\\/\\\/miningspareparts.com\\\/#\\\/schema\\\/logo\\\/image\\\/\"}}]}<\/script>\n<!-- \/ Yoast SEO plugin. -->","yoast_head_json":{"title":"BAIYINLUJi JSD4500 Mixer And Parts - Crusher parts, Slurry Pump Parts, Excavator shovel parts","description":"Our BAIYINLUJi JSD4500 twin-shaft mixer blades, mixer arms and liners are original replacement precision and wear-resistant to ensure long-lasting performance.","robots":{"index":"index","follow":"follow","max-snippet":"max-snippet:-1","max-image-preview":"max-image-preview:large","max-video-preview":"max-video-preview:-1"},"canonical":"https:\/\/miningspareparts.com\/es\/producto\/baiyinluji-jsd4500-mixer-and-parts\/","og_locale":"es_MX","og_type":"article","og_title":"BAIYINLUJi JSD4500 Mixer And Parts - Crusher parts, Slurry Pump Parts, Excavator shovel parts","og_description":"Our BAIYINLUJi JSD4500 twin-shaft mixer blades, mixer arms and liners are original replacement precision and wear-resistant to ensure long-lasting performance.","og_url":"https:\/\/miningspareparts.com\/es\/producto\/baiyinluji-jsd4500-mixer-and-parts\/","og_site_name":"Crusher parts, Slurry Pump Parts, Excavator shovel parts","article_modified_time":"2024-04-06T09:17:52+00:00","og_image":[{"width":800,"height":800,"url":"https:\/\/miningspareparts.com\/wp-content\/uploads\/2023\/12\/BAIYINLUJi-JSD4500-Mixer-And-Parts.webp","type":"image\/webp"}],"twitter_card":"summary_large_image","twitter_misc":{"Tiempo de lectura":"3 minutos"},"schema":{"@context":"https:\/\/schema.org","@graph":[{"@type":"WebPage","@id":"https:\/\/miningspareparts.com\/product\/baiyinluji-jsd4500-mixer-and-parts\/","url":"https:\/\/miningspareparts.com\/product\/baiyinluji-jsd4500-mixer-and-parts\/","name":"BAIYINLUJi JSD4500 Mixer And Parts - Crusher parts, Slurry Pump Parts, Excavator shovel parts","isPartOf":{"@id":"https:\/\/miningspareparts.com\/#website"},"primaryImageOfPage":{"@id":"https:\/\/miningspareparts.com\/product\/baiyinluji-jsd4500-mixer-and-parts\/#primaryimage"},"image":{"@id":"https:\/\/miningspareparts.com\/product\/baiyinluji-jsd4500-mixer-and-parts\/#primaryimage"},"thumbnailUrl":"https:\/\/miningspareparts.com\/wp-content\/uploads\/2023\/12\/BAIYINLUJi-JSD4500-Mixer-And-Parts.webp","datePublished":"2023-12-31T07:27:37+00:00","dateModified":"2024-04-06T09:17:52+00:00","description":"Our BAIYINLUJi JSD4500 twin-shaft mixer blades, mixer arms and liners are original replacement precision and wear-resistant to ensure long-lasting performance.","breadcrumb":{"@id":"https:\/\/miningspareparts.com\/product\/baiyinluji-jsd4500-mixer-and-parts\/#breadcrumb"},"inLanguage":"es","potentialAction":[{"@type":"ReadAction","target":["https:\/\/miningspareparts.com\/product\/baiyinluji-jsd4500-mixer-and-parts\/"]}]},{"@type":"ImageObject","inLanguage":"es","@id":"https:\/\/miningspareparts.com\/product\/baiyinluji-jsd4500-mixer-and-parts\/#primaryimage","url":"https:\/\/miningspareparts.com\/wp-content\/uploads\/2023\/12\/BAIYINLUJi-JSD4500-Mixer-And-Parts.webp","contentUrl":"https:\/\/miningspareparts.com\/wp-content\/uploads\/2023\/12\/BAIYINLUJi-JSD4500-Mixer-And-Parts.webp","width":800,"height":800},{"@type":"BreadcrumbList","@id":"https:\/\/miningspareparts.com\/product\/baiyinluji-jsd4500-mixer-and-parts\/#breadcrumb","itemListElement":[{"@type":"ListItem","position":1,"name":"Home","item":"https:\/\/miningspareparts.com\/"},{"@type":"ListItem","position":2,"name":"Premium Mining Wear And Spare Parts","item":"https:\/\/miningspareparts.com\/shop\/"},{"@type":"ListItem","position":3,"name":"BAIYINLUJi JSD4500 Mixer And Parts"}]},{"@type":"WebSite","@id":"https:\/\/miningspareparts.com\/#website","url":"https:\/\/miningspareparts.com\/","name":"Crusher parts , Concrete Mixer Parts, Slurry Pump Parts, Mining Spares","description":"Mining Wear &amp; Spare Parts Supplier","publisher":{"@id":"https:\/\/miningspareparts.com\/#organization"},"potentialAction":[{"@type":"SearchAction","target":{"@type":"EntryPoint","urlTemplate":"https:\/\/miningspareparts.com\/?s={search_term_string}"},"query-input":{"@type":"PropertyValueSpecification","valueRequired":true,"valueName":"search_term_string"}}],"inLanguage":"es"},{"@type":"Organization","@id":"https:\/\/miningspareparts.com\/#organization","name":"Crusher parts , Concrete Mixer Parts, Slurry Pump Parts, Mining Spares","url":"https:\/\/miningspareparts.com\/","logo":{"@type":"ImageObject","inLanguage":"es","@id":"https:\/\/miningspareparts.com\/#\/schema\/logo\/image\/","url":"https:\/\/miningspareparts.com\/wp-content\/uploads\/2025\/04\/cropped-cropped-logo\u6b63\u65b9\u5f62.png","contentUrl":"https:\/\/miningspareparts.com\/wp-content\/uploads\/2025\/04\/cropped-cropped-logo\u6b63\u65b9\u5f62.png","width":511,"height":171,"caption":"Crusher parts , Concrete Mixer Parts, Slurry Pump Parts, Mining Spares"},"image":{"@id":"https:\/\/miningspareparts.com\/#\/schema\/logo\/image\/"}}]}},"uagb_featured_image_src":{"full":["https:\/\/miningspareparts.com\/wp-content\/uploads\/2023\/12\/BAIYINLUJi-JSD4500-Mixer-And-Parts.webp",800,800,false],"thumbnail":["https:\/\/miningspareparts.com\/wp-content\/uploads\/2023\/12\/BAIYINLUJi-JSD4500-Mixer-And-Parts-150x150.webp",150,150,true],"medium":["https:\/\/miningspareparts.com\/wp-content\/uploads\/2023\/12\/BAIYINLUJi-JSD4500-Mixer-And-Parts-300x300.webp",300,300,true],"medium_large":["https:\/\/miningspareparts.com\/wp-content\/uploads\/2023\/12\/BAIYINLUJi-JSD4500-Mixer-And-Parts-768x768.webp",768,768,true],"large":["https:\/\/miningspareparts.com\/wp-content\/uploads\/2023\/12\/BAIYINLUJi-JSD4500-Mixer-And-Parts.webp",800,800,false],"1536x1536":["https:\/\/miningspareparts.com\/wp-content\/uploads\/2023\/12\/BAIYINLUJi-JSD4500-Mixer-And-Parts.webp",800,800,false],"2048x2048":["https:\/\/miningspareparts.com\/wp-content\/uploads\/2023\/12\/BAIYINLUJi-JSD4500-Mixer-And-Parts.webp",800,800,false],"trp-custom-language-flag":["https:\/\/miningspareparts.com\/wp-content\/uploads\/2023\/12\/BAIYINLUJi-JSD4500-Mixer-And-Parts-12x12.webp",12,12,true],"woocommerce_thumbnail":["https:\/\/miningspareparts.com\/wp-content\/uploads\/2023\/12\/BAIYINLUJi-JSD4500-Mixer-And-Parts-300x300.webp",300,300,true],"woocommerce_single":["https:\/\/miningspareparts.com\/wp-content\/uploads\/2023\/12\/BAIYINLUJi-JSD4500-Mixer-And-Parts-600x600.webp",600,600,true],"woocommerce_gallery_thumbnail":["https:\/\/miningspareparts.com\/wp-content\/uploads\/2023\/12\/BAIYINLUJi-JSD4500-Mixer-And-Parts-100x100.webp",100,100,true]},"uagb_author_info":{"display_name":"Miningspareparts","author_link":"https:\/\/miningspareparts.com\/es\/author\/"},"uagb_comment_info":0,"uagb_excerpt":"Models:BAIYINLUJi JSD4500","_links":{"self":[{"href":"https:\/\/miningspareparts.com\/es\/wp-json\/wp\/v2\/product\/2216","targetHints":{"allow":["GET"]}}],"collection":[{"href":"https:\/\/miningspareparts.com\/es\/wp-json\/wp\/v2\/product"}],"about":[{"href":"https:\/\/miningspareparts.com\/es\/wp-json\/wp\/v2\/types\/product"}],"wp:featuredmedia":[{"embeddable":true,"href":"https:\/\/miningspareparts.com\/es\/wp-json\/wp\/v2\/media\/4824"}],"wp:attachment":[{"href":"https:\/\/miningspareparts.com\/es\/wp-json\/wp\/v2\/media?parent=2216"}],"wp:term":[{"taxonomy":"product_brand","embeddable":true,"href":"https:\/\/miningspareparts.com\/es\/wp-json\/wp\/v2\/product_brand?post=2216"},{"taxonomy":"product_cat","embeddable":true,"href":"https:\/\/miningspareparts.com\/es\/wp-json\/wp\/v2\/product_cat?post=2216"},{"taxonomy":"product_tag","embeddable":true,"href":"https:\/\/miningspareparts.com\/es\/wp-json\/wp\/v2\/product_tag?post=2216"}],"curies":[{"name":"wp","href":"https:\/\/api.w.org\/{rel}","templated":true}]}}