{"id":2238,"date":"2023-12-31T07:51:11","date_gmt":"2023-12-31T07:51:11","guid":{"rendered":"https:\/\/miningspareparts.com\/?post_type=product&#038;p=2238"},"modified":"2024-01-18T09:00:07","modified_gmt":"2024-01-18T09:00:07","slug":"sdmix-kt20c-mixer-and-parts","status":"publish","type":"product","link":"https:\/\/miningspareparts.com\/es\/producto\/sdmix-kt20c-mixer-and-parts\/","title":{"rendered":"SDMIX KT20C Mezclador Y Piezas"},"content":{"rendered":"<p><strong>He aqu\u00ed una descripci\u00f3n de SDMIX KT20C Mixer And Parts<\/strong><\/p>\n<table>\n<tbody>\n<tr>\n<td width=\"50\">NO.<\/td>\n<td width=\"233\">Especificaci\u00f3n<\/td>\n<td width=\"94\">Unidad.<\/td>\n<td width=\"76\">Cantidad<\/td>\n<td width=\"81\">Peso unitario (Kg)<\/td>\n<td width=\"72\">Peso total (Kg)<\/td>\n<td width=\"111\">Observaciones<\/td>\n<\/tr>\n<tr>\n<td width=\"50\">1<\/td>\n<td width=\"233\">Brazo central<\/td>\n<td width=\"94\">Pcs<\/td>\n<td width=\"76\">10<\/td>\n<td width=\"81\">54.00<\/td>\n<td width=\"72\">540.00<\/td>\n<td width=\"111\"><\/td>\n<\/tr>\n<tr>\n<td width=\"50\">2<\/td>\n<td width=\"233\">Brazo izquierdo<\/td>\n<td width=\"94\">Pcs<\/td>\n<td width=\"76\">4<\/td>\n<td width=\"81\">56.00<\/td>\n<td width=\"72\">224.00<\/td>\n<td width=\"111\"><\/td>\n<\/tr>\n<tr>\n<td width=\"50\">3<\/td>\n<td width=\"233\">Brazo derecho<\/td>\n<td width=\"94\">Pcs<\/td>\n<td width=\"76\">2<\/td>\n<td width=\"81\">58.00<\/td>\n<td width=\"72\">116.00<\/td>\n<td width=\"111\"><\/td>\n<\/tr>\n<tr>\n<td width=\"50\">4<\/td>\n<td width=\"233\">Hoja central<\/td>\n<td width=\"94\">Pcs<\/td>\n<td width=\"76\">10<\/td>\n<td width=\"81\">14.50<\/td>\n<td width=\"72\">145.00<\/td>\n<td width=\"111\"><\/td>\n<\/tr>\n<tr>\n<td width=\"50\">5<\/td>\n<td width=\"233\">Rascador izquierdo<\/td>\n<td width=\"94\">Pcs<\/td>\n<td width=\"76\">4<\/td>\n<td width=\"81\">12.00<\/td>\n<td width=\"72\">48.00<\/td>\n<td width=\"111\"><\/td>\n<\/tr>\n<tr>\n<td width=\"50\">6<\/td>\n<td width=\"233\">Rascador derecho<\/td>\n<td width=\"94\">Pcs<\/td>\n<td width=\"76\">2<\/td>\n<td width=\"81\">13.00<\/td>\n<td width=\"72\">26.00<\/td>\n<td width=\"111\"><\/td>\n<\/tr>\n<tr>\n<td width=\"50\">7<\/td>\n<td width=\"233\">Rascador inferior izquierdo<\/td>\n<td width=\"94\">Pcs<\/td>\n<td width=\"76\">4<\/td>\n<td width=\"81\">12.50<\/td>\n<td width=\"72\">50.00<\/td>\n<td width=\"111\"><\/td>\n<\/tr>\n<tr>\n<td width=\"50\">8<\/td>\n<td width=\"233\">Rascador inferior derecho<\/td>\n<td width=\"94\">Pcs<\/td>\n<td width=\"76\">2<\/td>\n<td width=\"81\">8.80<\/td>\n<td width=\"72\">17.60<\/td>\n<td width=\"111\"><\/td>\n<\/tr>\n<tr>\n<td width=\"50\">9<\/td>\n<td width=\"233\">Liner Diamante<\/td>\n<td width=\"94\">Pcs<\/td>\n<td width=\"76\">72<\/td>\n<td width=\"81\">5.50<\/td>\n<td width=\"72\">396.00<\/td>\n<td width=\"111\"><\/td>\n<\/tr>\n<tr>\n<td width=\"50\">10<\/td>\n<td width=\"233\">Liner trapezoidal<\/td>\n<td width=\"94\">Pcs<\/td>\n<td width=\"76\">24<\/td>\n<td width=\"81\">5.50<\/td>\n<td width=\"72\">132.00<\/td>\n<td width=\"111\"><\/td>\n<\/tr>\n<tr>\n<td width=\"50\">11<\/td>\n<td width=\"233\">Liner cuadrado<\/td>\n<td width=\"94\">Pcs<\/td>\n<td width=\"76\">32<\/td>\n<td width=\"81\">4.80<\/td>\n<td width=\"72\">153.60<\/td>\n<td width=\"111\"><\/td>\n<\/tr>\n<tr>\n<td width=\"50\">12<\/td>\n<td width=\"233\">End Liner 1<\/td>\n<td width=\"94\">Pcs<\/td>\n<td width=\"76\">16<\/td>\n<td width=\"81\">9.90<\/td>\n<td width=\"72\">158.40<\/td>\n<td width=\"111\"><\/td>\n<\/tr>\n<tr>\n<td width=\"50\">13<\/td>\n<td width=\"233\">End Liner 2<\/td>\n<td width=\"94\">Pcs<\/td>\n<td width=\"76\">4<\/td>\n<td width=\"81\">10.40<\/td>\n<td width=\"72\">41.60<\/td>\n<td width=\"111\"><\/td>\n<\/tr>\n<tr>\n<td width=\"50\">14<\/td>\n<td width=\"233\">End Liner 3<\/td>\n<td width=\"94\">Pcs<\/td>\n<td width=\"76\">4<\/td>\n<td width=\"81\">10.60<\/td>\n<td width=\"72\">42.40<\/td>\n<td width=\"111\"><\/td>\n<\/tr>\n<tr>\n<td width=\"50\">15<\/td>\n<td width=\"233\">End Liner 4<\/td>\n<td width=\"94\">Pcs<\/td>\n<td width=\"76\">4<\/td>\n<td width=\"81\">7.30<\/td>\n<td width=\"72\">29.20<\/td>\n<td width=\"111\"><\/td>\n<\/tr>\n<tr>\n<td width=\"50\">16<\/td>\n<td width=\"233\">End Liner 5<\/td>\n<td width=\"94\">Pcs<\/td>\n<td width=\"76\">4<\/td>\n<td width=\"81\">7.30<\/td>\n<td width=\"72\">29.20<\/td>\n<td width=\"111\"><\/td>\n<\/tr>\n<tr>\n<td width=\"50\">17<\/td>\n<td width=\"233\">Semi-circle End Liner 1<\/td>\n<td width=\"94\">Pcs<\/td>\n<td width=\"76\">8<\/td>\n<td width=\"81\">8.60<\/td>\n<td width=\"72\">68.80<\/td>\n<td width=\"111\"><\/td>\n<\/tr>\n<tr>\n<td width=\"50\">18<\/td>\n<td width=\"233\">Semi-circle End Liner 2<\/td>\n<td width=\"94\">Pcs<\/td>\n<td width=\"76\">8<\/td>\n<td width=\"81\">8.60<\/td>\n<td width=\"72\">68.80<\/td>\n<td width=\"111\"><\/td>\n<\/tr>\n<tr>\n<td width=\"50\">19<\/td>\n<td width=\"233\">Liner de doble extremo<\/td>\n<td width=\"94\">Pcs<\/td>\n<td width=\"76\">2<\/td>\n<td width=\"81\">13.30<\/td>\n<td width=\"72\">26.60<\/td>\n<td width=\"111\"><\/td>\n<\/tr>\n<tr>\n<td width=\"50\">20<\/td>\n<td width=\"233\">Revestimiento de la puerta de descarga<\/td>\n<td width=\"94\">Pcs<\/td>\n<td width=\"76\">5<\/td>\n<td width=\"81\">4.00<\/td>\n<td width=\"72\">20.00<\/td>\n<td width=\"111\"><\/td>\n<\/tr>\n<tr>\n<td width=\"50\"><\/td>\n<td width=\"233\">Total<\/td>\n<td width=\"94\"><\/td>\n<td width=\"76\">221<\/td>\n<td width=\"81\"><\/td>\n<td width=\"72\">2333.20<\/td>\n<td width=\"111\"><\/td>\n<\/tr>\n<\/tbody>\n<\/table>\n<table width=\"1095\">\n<tbody>\n<tr>\n<td width=\"151\">\u8fdb\u6599\u5bb9\u91cf\uff08L\uff09<\/td>\n<td width=\"85\">1500<\/td>\n<td width=\"85\">1750<\/td>\n<td width=\"94\">2250<\/td>\n<td width=\"85\">3000<\/td>\n<td width=\"95\">3750<\/td>\n<td width=\"104\">4500<\/td>\n<td width=\"89\">5300<\/td>\n<td width=\"102\">6000<\/td>\n<td width=\"102\">6750<\/td>\n<td width=\"102\">9000<\/td>\n<\/tr>\n<tr>\n<td width=\"151\">\u51fa\u6599\u5bb9\u91cf\uff08L\uff09<\/td>\n<td width=\"85\">1000<\/td>\n<td width=\"85\">1250<\/td>\n<td width=\"94\">1500<\/td>\n<td width=\"85\">2000<\/td>\n<td width=\"95\">2500<\/td>\n<td width=\"104\">3000<\/td>\n<td width=\"89\">3500<\/td>\n<td width=\"102\">4000<\/td>\n<td width=\"102\">4500<\/td>\n<td width=\"102\">6000<\/td>\n<\/tr>\n<tr>\n<td width=\"151\">\u6700\u5927\u7c92\u5f84\uff08mm\uff09<\/td>\n<td width=\"85\">80\/100<\/td>\n<td width=\"85\">80\/100<\/td>\n<td width=\"94\">80\/100<\/td>\n<td width=\"85\">80\/100<\/td>\n<td width=\"95\">80\/100<\/td>\n<td width=\"104\">80\/120<\/td>\n<td width=\"89\">80\/120<\/td>\n<td width=\"102\">80\/150<\/td>\n<td width=\"102\">80\/150<\/td>\n<td width=\"102\">150\/180<\/td>\n<\/tr>\n<tr>\n<td width=\"151\">\u91cd\u91cf\uff08t\uff09<\/td>\n<td width=\"85\">5.2<\/td>\n<td width=\"85\">5.5<\/td>\n<td width=\"94\">5.8<\/td>\n<td width=\"85\">7.5<\/td>\n<td width=\"95\">8.5<\/td>\n<td width=\"104\">9.2<\/td>\n<td width=\"89\">9.6<\/td>\n<td width=\"102\">12.2<\/td>\n<td width=\"102\">12.5<\/td>\n<td width=\"102\">20.5<\/td>\n<\/tr>\n<tr>\n<td width=\"151\">\u7535\u673a\u529f\u7387\uff08KW\uff09<\/td>\n<td width=\"85\">18.5&#215;2<\/td>\n<td width=\"85\">22&#215;2<\/td>\n<td width=\"94\">30&#215;2<\/td>\n<td width=\"85\">37&#215;2<\/td>\n<td width=\"95\">45&#215;2<\/td>\n<td width=\"104\">55&#215;2<\/td>\n<td width=\"89\">55&#215;2<\/td>\n<td width=\"102\">75&#215;2<\/td>\n<td width=\"102\">75&#215;2<\/td>\n<td width=\"102\">55&#215;4<\/td>\n<\/tr>\n<tr>\n<td width=\"151\">\u5916\u578b\u5c3a\u5bf8\uff08mm\uff09<\/td>\n<td width=\"85\">2810x2000X1920<\/td>\n<td width=\"85\">3020X2000X1920<\/td>\n<td width=\"94\">3230X2000X1920<\/td>\n<td width=\"85\">3460X2320X2140<\/td>\n<td width=\"95\">3670X2320X2140<\/td>\n<td width=\"104\">3880X2600X2200<\/td>\n<td width=\"89\">4100X2600X2200<\/td>\n<td width=\"102\">4670X2600X2200<\/td>\n<td width=\"102\">4890X2600X2200<\/td>\n<td width=\"102\">5600X3000X2500<\/td>\n<\/tr>\n<tr>\n<td width=\"151\">\u6405\u62cc\u65f6\u95f4\uff08s\uff09<\/td>\n<td width=\"85\">\u226430<\/td>\n<td width=\"85\">\u226430<\/td>\n<td width=\"94\">\u226430<\/td>\n<td width=\"85\">\u226430<\/td>\n<td width=\"95\">\u226430<\/td>\n<td width=\"104\">\u226430<\/td>\n<td width=\"89\">\u226430<\/td>\n<td width=\"102\">\u226430<\/td>\n<td width=\"102\">\u226430<\/td>\n<td width=\"102\">\u226430<\/td>\n<\/tr>\n<\/tbody>\n<\/table>\n<p><img fetchpriority=\"high\" decoding=\"async\" class=\"wp-image-3550 alignleft\" src=\"https:\/\/miningspareparts.com\/wp-content\/uploads\/2024\/01\/Mixer-And-Wear-Parts1-239x300.webp\" alt=\"\" width=\"498\" height=\"625\" srcset=\"https:\/\/miningspareparts.com\/wp-content\/uploads\/2024\/01\/Mixer-And-Wear-Parts1-239x300.webp 239w, https:\/\/miningspareparts.com\/wp-content\/uploads\/2024\/01\/Mixer-And-Wear-Parts1-817x1024.webp 817w, https:\/\/miningspareparts.com\/wp-content\/uploads\/2024\/01\/Mixer-And-Wear-Parts1-768x963.webp 768w, https:\/\/miningspareparts.com\/wp-content\/uploads\/2024\/01\/Mixer-And-Wear-Parts1-1226x1536.webp 1226w, https:\/\/miningspareparts.com\/wp-content\/uploads\/2024\/01\/Mixer-And-Wear-Parts1-1634x2048.webp 1634w, https:\/\/miningspareparts.com\/wp-content\/uploads\/2024\/01\/Mixer-And-Wear-Parts1-600x752.webp 600w, https:\/\/miningspareparts.com\/wp-content\/uploads\/2024\/01\/Mixer-And-Wear-Parts1.webp 2037w\" sizes=\"(max-width: 498px) 100vw, 498px\" \/><span style=\"font-size: 16px\">\u00a0<\/span><img decoding=\"async\" class=\"wp-image-3551 alignnone\" style=\"font-weight: inherit\" src=\"https:\/\/miningspareparts.com\/wp-content\/uploads\/2024\/01\/Mixer-And-Wear-Parts2-210x300.webp\" alt=\"\" width=\"454\" height=\"649\" srcset=\"https:\/\/miningspareparts.com\/wp-content\/uploads\/2024\/01\/Mixer-And-Wear-Parts2-210x300.webp 210w, https:\/\/miningspareparts.com\/wp-content\/uploads\/2024\/01\/Mixer-And-Wear-Parts2-600x856.webp 600w\" sizes=\"(max-width: 454px) 100vw, 454px\" \/><\/p>\n<p>Reconocidas por su excelencia, nuestras palas, brazos mezcladores y camisas de mezcladora de doble eje SDMIX KT20C redefinen la sustituci\u00f3n original. Con la adaptabilidad del mercado de accesorios y durabilidad inquebrantable, nuestros productos lideran la industria. Fabricados meticulosamente para un ajuste preciso, son testimonio de nuestro compromiso con la calidad y la innovaci\u00f3n. Nuestras palas, brazos mezcladores y camisas se integran a la perfecci\u00f3n en las mezcladoras de doble eje, garantizando un rendimiento \u00f3ptimo y una larga vida \u00fatil.<\/p>\n<p>Fabricados con tecnolog\u00eda punta, nuestros brazos mezcladores son un ejemplo de durabilidad, ya que resisten los rigores de las aplicaciones m\u00e1s exigentes. Estos componentes desempe\u00f1an un papel crucial a la hora de conseguir mezclas de hormig\u00f3n homog\u00e9neas de forma constante. Los revestimientos, dise\u00f1ados para resistir el desgaste, garantizan una vida \u00fatil prolongada, reduciendo el tiempo de inactividad y los costes de mantenimiento.<\/p>\n<p>En el \u00e1mbito de las mezcladoras de doble eje, nuestros componentes SDMIX KT20C no s\u00f3lo sirven como recambios, sino que elevan el rendimiento. Representan una mezcla armoniosa de ingenier\u00eda de precisi\u00f3n, adaptabilidad posventa y durabilidad robusta. Elija nuestros productos para una integraci\u00f3n perfecta que garantice que su equipo funcione con la m\u00e1xima eficiencia, reduciendo el tiempo de inactividad y mejorando la productividad general.<\/p>","protected":false},"excerpt":{"rendered":"<p>Modelos:SDMIX KT20C<\/p>","protected":false},"featured_media":2357,"template":"","meta":{"_uag_custom_page_level_css":"","site-sidebar-layout":"default","site-content-layout":"","ast-site-content-layout":"default","site-content-style":"default","site-sidebar-style":"default","ast-global-header-display":"","ast-banner-title-visibility":"","ast-main-header-display":"","ast-hfb-above-header-display":"","ast-hfb-below-header-display":"","ast-hfb-mobile-header-display":"","site-post-title":"","ast-breadcrumbs-content":"","ast-featured-img":"","footer-sml-layout":"","ast-disable-related-posts":"","theme-transparent-header-meta":"default","adv-header-id-meta":"","stick-header-meta":"default","header-above-stick-meta":"","header-main-stick-meta":"","header-below-stick-meta":"","astra-migrate-meta-layouts":"set","ast-page-background-enabled":"default","ast-page-background-meta":{"desktop":{"background-color":"var(--ast-global-color-4)","background-image":"","background-repeat":"repeat","background-position":"center center","background-size":"auto","background-attachment":"scroll","background-type":"","background-media":"","overlay-type":"","overlay-color":"","overlay-opacity":"","overlay-gradient":""},"tablet":{"background-color":"","background-image":"","background-repeat":"repeat","background-position":"center center","background-size":"auto","background-attachment":"scroll","background-type":"","background-media":"","overlay-type":"","overlay-color":"","overlay-opacity":"","overlay-gradient":""},"mobile":{"background-color":"","background-image":"","background-repeat":"repeat","background-position":"center center","background-size":"auto","background-attachment":"scroll","background-type":"","background-media":"","overlay-type":"","overlay-color":"","overlay-opacity":"","overlay-gradient":""}},"ast-content-background-meta":{"desktop":{"background-color":"var(--ast-global-color-5)","background-image":"","background-repeat":"repeat","background-position":"center center","background-size":"auto","background-attachment":"scroll","background-type":"","background-media":"","overlay-type":"","overlay-color":"","overlay-opacity":"","overlay-gradient":""},"tablet":{"background-color":"var(--ast-global-color-5)","background-image":"","background-repeat":"repeat","background-position":"center center","background-size":"auto","background-attachment":"scroll","background-type":"","background-media":"","overlay-type":"","overlay-color":"","overlay-opacity":"","overlay-gradient":""},"mobile":{"background-color":"var(--ast-global-color-5)","background-image":"","background-repeat":"repeat","background-position":"center center","background-size":"auto","background-attachment":"scroll","background-type":"","background-media":"","overlay-type":"","overlay-color":"","overlay-opacity":"","overlay-gradient":""}}},"product_brand":[],"product_cat":[289,77],"product_tag":[268,288,269],"class_list":{"0":"post-2238","1":"product","2":"type-product","3":"status-publish","4":"has-post-thumbnail","6":"product_cat-other-concrete-mixer-parts","7":"product_cat-concrete-mixer-parts","8":"product_tag-blade","9":"product_tag-concrete-mixer","10":"product_tag-mixing-arm","11":"desktop-align-left","12":"tablet-align-left","13":"mobile-align-left","14":"ast-product-gallery-layout-horizontal-slider","15":"ast-product-single-variable","16":"ast-product-tabs-layout-horizontal","18":"first","19":"instock","20":"shipping-taxable","21":"purchasable","22":"product-type-variable"},"yoast_head":"<!-- This site is optimized with the Yoast SEO plugin v27.4 - https:\/\/yoast.com\/product\/yoast-seo-wordpress\/ -->\n<title>SDMIX KT20C Mixer And Parts - Crusher parts, Slurry Pump Parts, Excavator shovel parts<\/title>\n<meta name=\"description\" content=\"Our SDMIX KT20C twin-shaft mixer blades, mixer arms and liners, original replacement parts, are highly wear-resistant for long-lasting durability\" \/>\n<meta name=\"robots\" content=\"index, follow, max-snippet:-1, max-image-preview:large, max-video-preview:-1\" \/>\n<link rel=\"canonical\" href=\"https:\/\/miningspareparts.com\/es\/producto\/sdmix-kt20c-mixer-and-parts\/\" \/>\n<meta property=\"og:locale\" content=\"es_MX\" \/>\n<meta property=\"og:type\" content=\"article\" \/>\n<meta property=\"og:title\" content=\"SDMIX KT20C Mixer And Parts - Crusher parts, Slurry Pump Parts, Excavator shovel parts\" \/>\n<meta property=\"og:description\" content=\"Our SDMIX KT20C twin-shaft mixer blades, mixer arms and liners, original replacement parts, are highly wear-resistant for long-lasting durability\" \/>\n<meta property=\"og:url\" content=\"https:\/\/miningspareparts.com\/es\/producto\/sdmix-kt20c-mixer-and-parts\/\" \/>\n<meta property=\"og:site_name\" content=\"Crusher parts, Slurry Pump Parts, Excavator shovel parts\" \/>\n<meta property=\"article:modified_time\" content=\"2024-01-18T09:00:07+00:00\" \/>\n<meta property=\"og:image\" content=\"https:\/\/miningspareparts.com\/wp-content\/uploads\/2023\/12\/SDMIX-Front.webp\" \/>\n\t<meta property=\"og:image:width\" content=\"1417\" \/>\n\t<meta property=\"og:image:height\" content=\"1417\" \/>\n\t<meta property=\"og:image:type\" content=\"image\/webp\" \/>\n<meta name=\"twitter:card\" content=\"summary_large_image\" \/>\n<meta name=\"twitter:label1\" content=\"Tiempo de lectura\" \/>\n\t<meta name=\"twitter:data1\" content=\"3 minutos\" \/>\n<script type=\"application\/ld+json\" class=\"yoast-schema-graph\">{\"@context\":\"https:\\\/\\\/schema.org\",\"@graph\":[{\"@type\":\"WebPage\",\"@id\":\"https:\\\/\\\/miningspareparts.com\\\/product\\\/sdmix-kt20c-mixer-and-parts\\\/\",\"url\":\"https:\\\/\\\/miningspareparts.com\\\/product\\\/sdmix-kt20c-mixer-and-parts\\\/\",\"name\":\"SDMIX KT20C Mixer And Parts - Crusher parts, Slurry Pump Parts, Excavator shovel parts\",\"isPartOf\":{\"@id\":\"https:\\\/\\\/miningspareparts.com\\\/#website\"},\"primaryImageOfPage\":{\"@id\":\"https:\\\/\\\/miningspareparts.com\\\/product\\\/sdmix-kt20c-mixer-and-parts\\\/#primaryimage\"},\"image\":{\"@id\":\"https:\\\/\\\/miningspareparts.com\\\/product\\\/sdmix-kt20c-mixer-and-parts\\\/#primaryimage\"},\"thumbnailUrl\":\"https:\\\/\\\/miningspareparts.com\\\/wp-content\\\/uploads\\\/2023\\\/12\\\/SDMIX-Front.webp\",\"datePublished\":\"2023-12-31T07:51:11+00:00\",\"dateModified\":\"2024-01-18T09:00:07+00:00\",\"description\":\"Our SDMIX KT20C twin-shaft mixer blades, mixer arms and liners, original replacement parts, are highly wear-resistant for long-lasting durability\",\"breadcrumb\":{\"@id\":\"https:\\\/\\\/miningspareparts.com\\\/product\\\/sdmix-kt20c-mixer-and-parts\\\/#breadcrumb\"},\"inLanguage\":\"es\",\"potentialAction\":[{\"@type\":\"ReadAction\",\"target\":[\"https:\\\/\\\/miningspareparts.com\\\/product\\\/sdmix-kt20c-mixer-and-parts\\\/\"]}]},{\"@type\":\"ImageObject\",\"inLanguage\":\"es\",\"@id\":\"https:\\\/\\\/miningspareparts.com\\\/product\\\/sdmix-kt20c-mixer-and-parts\\\/#primaryimage\",\"url\":\"https:\\\/\\\/miningspareparts.com\\\/wp-content\\\/uploads\\\/2023\\\/12\\\/SDMIX-Front.webp\",\"contentUrl\":\"https:\\\/\\\/miningspareparts.com\\\/wp-content\\\/uploads\\\/2023\\\/12\\\/SDMIX-Front.webp\",\"width\":1417,\"height\":1417},{\"@type\":\"BreadcrumbList\",\"@id\":\"https:\\\/\\\/miningspareparts.com\\\/product\\\/sdmix-kt20c-mixer-and-parts\\\/#breadcrumb\",\"itemListElement\":[{\"@type\":\"ListItem\",\"position\":1,\"name\":\"Home\",\"item\":\"https:\\\/\\\/miningspareparts.com\\\/\"},{\"@type\":\"ListItem\",\"position\":2,\"name\":\"Premium Mining Wear And Spare Parts\",\"item\":\"https:\\\/\\\/miningspareparts.com\\\/shop\\\/\"},{\"@type\":\"ListItem\",\"position\":3,\"name\":\"SDMIX KT20C Mixer And Parts\"}]},{\"@type\":\"WebSite\",\"@id\":\"https:\\\/\\\/miningspareparts.com\\\/#website\",\"url\":\"https:\\\/\\\/miningspareparts.com\\\/\",\"name\":\"Crusher parts , Concrete Mixer Parts, Slurry Pump Parts, Mining Spares\",\"description\":\"Mining Wear &amp; Spare Parts Supplier\",\"publisher\":{\"@id\":\"https:\\\/\\\/miningspareparts.com\\\/#organization\"},\"potentialAction\":[{\"@type\":\"SearchAction\",\"target\":{\"@type\":\"EntryPoint\",\"urlTemplate\":\"https:\\\/\\\/miningspareparts.com\\\/?s={search_term_string}\"},\"query-input\":{\"@type\":\"PropertyValueSpecification\",\"valueRequired\":true,\"valueName\":\"search_term_string\"}}],\"inLanguage\":\"es\"},{\"@type\":\"Organization\",\"@id\":\"https:\\\/\\\/miningspareparts.com\\\/#organization\",\"name\":\"Crusher parts , Concrete Mixer Parts, Slurry Pump Parts, Mining Spares\",\"url\":\"https:\\\/\\\/miningspareparts.com\\\/\",\"logo\":{\"@type\":\"ImageObject\",\"inLanguage\":\"es\",\"@id\":\"https:\\\/\\\/miningspareparts.com\\\/#\\\/schema\\\/logo\\\/image\\\/\",\"url\":\"https:\\\/\\\/miningspareparts.com\\\/wp-content\\\/uploads\\\/2025\\\/04\\\/cropped-cropped-logo\u6b63\u65b9\u5f62.png\",\"contentUrl\":\"https:\\\/\\\/miningspareparts.com\\\/wp-content\\\/uploads\\\/2025\\\/04\\\/cropped-cropped-logo\u6b63\u65b9\u5f62.png\",\"width\":511,\"height\":171,\"caption\":\"Crusher parts , Concrete Mixer Parts, Slurry Pump Parts, Mining Spares\"},\"image\":{\"@id\":\"https:\\\/\\\/miningspareparts.com\\\/#\\\/schema\\\/logo\\\/image\\\/\"}}]}<\/script>\n<!-- \/ Yoast SEO plugin. -->","yoast_head_json":{"title":"SDMIX KT20C Mixer And Parts - Crusher parts, Slurry Pump Parts, Excavator shovel parts","description":"Our SDMIX KT20C twin-shaft mixer blades, mixer arms and liners, original replacement parts, are highly wear-resistant for long-lasting durability","robots":{"index":"index","follow":"follow","max-snippet":"max-snippet:-1","max-image-preview":"max-image-preview:large","max-video-preview":"max-video-preview:-1"},"canonical":"https:\/\/miningspareparts.com\/es\/producto\/sdmix-kt20c-mixer-and-parts\/","og_locale":"es_MX","og_type":"article","og_title":"SDMIX KT20C Mixer And Parts - Crusher parts, Slurry Pump Parts, Excavator shovel parts","og_description":"Our SDMIX KT20C twin-shaft mixer blades, mixer arms and liners, original replacement parts, are highly wear-resistant for long-lasting durability","og_url":"https:\/\/miningspareparts.com\/es\/producto\/sdmix-kt20c-mixer-and-parts\/","og_site_name":"Crusher parts, Slurry Pump Parts, Excavator shovel parts","article_modified_time":"2024-01-18T09:00:07+00:00","og_image":[{"width":1417,"height":1417,"url":"https:\/\/miningspareparts.com\/wp-content\/uploads\/2023\/12\/SDMIX-Front.webp","type":"image\/webp"}],"twitter_card":"summary_large_image","twitter_misc":{"Tiempo de lectura":"3 minutos"},"schema":{"@context":"https:\/\/schema.org","@graph":[{"@type":"WebPage","@id":"https:\/\/miningspareparts.com\/product\/sdmix-kt20c-mixer-and-parts\/","url":"https:\/\/miningspareparts.com\/product\/sdmix-kt20c-mixer-and-parts\/","name":"SDMIX KT20C Mixer And Parts - Crusher parts, Slurry Pump Parts, Excavator shovel parts","isPartOf":{"@id":"https:\/\/miningspareparts.com\/#website"},"primaryImageOfPage":{"@id":"https:\/\/miningspareparts.com\/product\/sdmix-kt20c-mixer-and-parts\/#primaryimage"},"image":{"@id":"https:\/\/miningspareparts.com\/product\/sdmix-kt20c-mixer-and-parts\/#primaryimage"},"thumbnailUrl":"https:\/\/miningspareparts.com\/wp-content\/uploads\/2023\/12\/SDMIX-Front.webp","datePublished":"2023-12-31T07:51:11+00:00","dateModified":"2024-01-18T09:00:07+00:00","description":"Our SDMIX KT20C twin-shaft mixer blades, mixer arms and liners, original replacement parts, are highly wear-resistant for long-lasting durability","breadcrumb":{"@id":"https:\/\/miningspareparts.com\/product\/sdmix-kt20c-mixer-and-parts\/#breadcrumb"},"inLanguage":"es","potentialAction":[{"@type":"ReadAction","target":["https:\/\/miningspareparts.com\/product\/sdmix-kt20c-mixer-and-parts\/"]}]},{"@type":"ImageObject","inLanguage":"es","@id":"https:\/\/miningspareparts.com\/product\/sdmix-kt20c-mixer-and-parts\/#primaryimage","url":"https:\/\/miningspareparts.com\/wp-content\/uploads\/2023\/12\/SDMIX-Front.webp","contentUrl":"https:\/\/miningspareparts.com\/wp-content\/uploads\/2023\/12\/SDMIX-Front.webp","width":1417,"height":1417},{"@type":"BreadcrumbList","@id":"https:\/\/miningspareparts.com\/product\/sdmix-kt20c-mixer-and-parts\/#breadcrumb","itemListElement":[{"@type":"ListItem","position":1,"name":"Home","item":"https:\/\/miningspareparts.com\/"},{"@type":"ListItem","position":2,"name":"Premium Mining Wear And Spare Parts","item":"https:\/\/miningspareparts.com\/shop\/"},{"@type":"ListItem","position":3,"name":"SDMIX KT20C Mixer And Parts"}]},{"@type":"WebSite","@id":"https:\/\/miningspareparts.com\/#website","url":"https:\/\/miningspareparts.com\/","name":"Crusher parts , Concrete Mixer Parts, Slurry Pump Parts, Mining Spares","description":"Mining Wear &amp; Spare Parts Supplier","publisher":{"@id":"https:\/\/miningspareparts.com\/#organization"},"potentialAction":[{"@type":"SearchAction","target":{"@type":"EntryPoint","urlTemplate":"https:\/\/miningspareparts.com\/?s={search_term_string}"},"query-input":{"@type":"PropertyValueSpecification","valueRequired":true,"valueName":"search_term_string"}}],"inLanguage":"es"},{"@type":"Organization","@id":"https:\/\/miningspareparts.com\/#organization","name":"Crusher parts , Concrete Mixer Parts, Slurry Pump Parts, Mining Spares","url":"https:\/\/miningspareparts.com\/","logo":{"@type":"ImageObject","inLanguage":"es","@id":"https:\/\/miningspareparts.com\/#\/schema\/logo\/image\/","url":"https:\/\/miningspareparts.com\/wp-content\/uploads\/2025\/04\/cropped-cropped-logo\u6b63\u65b9\u5f62.png","contentUrl":"https:\/\/miningspareparts.com\/wp-content\/uploads\/2025\/04\/cropped-cropped-logo\u6b63\u65b9\u5f62.png","width":511,"height":171,"caption":"Crusher parts , Concrete Mixer Parts, Slurry Pump Parts, Mining Spares"},"image":{"@id":"https:\/\/miningspareparts.com\/#\/schema\/logo\/image\/"}}]}},"uagb_featured_image_src":{"full":["https:\/\/miningspareparts.com\/wp-content\/uploads\/2023\/12\/SDMIX-Front.webp",1417,1417,false],"thumbnail":["https:\/\/miningspareparts.com\/wp-content\/uploads\/2023\/12\/SDMIX-Front-150x150.webp",150,150,true],"medium":["https:\/\/miningspareparts.com\/wp-content\/uploads\/2023\/12\/SDMIX-Front-300x300.webp",300,300,true],"medium_large":["https:\/\/miningspareparts.com\/wp-content\/uploads\/2023\/12\/SDMIX-Front-768x768.webp",768,768,true],"large":["https:\/\/miningspareparts.com\/wp-content\/uploads\/2023\/12\/SDMIX-Front-1024x1024.webp",1024,1024,true],"1536x1536":["https:\/\/miningspareparts.com\/wp-content\/uploads\/2023\/12\/SDMIX-Front.webp",1417,1417,false],"2048x2048":["https:\/\/miningspareparts.com\/wp-content\/uploads\/2023\/12\/SDMIX-Front.webp",1417,1417,false],"trp-custom-language-flag":["https:\/\/miningspareparts.com\/wp-content\/uploads\/2023\/12\/SDMIX-Front.webp",12,12,false],"woocommerce_thumbnail":["https:\/\/miningspareparts.com\/wp-content\/uploads\/2023\/12\/SDMIX-Front-300x300.webp",300,300,true],"woocommerce_single":["https:\/\/miningspareparts.com\/wp-content\/uploads\/2023\/12\/SDMIX-Front-600x600.webp",600,600,true],"woocommerce_gallery_thumbnail":["https:\/\/miningspareparts.com\/wp-content\/uploads\/2023\/12\/SDMIX-Front-100x100.webp",100,100,true]},"uagb_author_info":{"display_name":"Miningspareparts","author_link":"https:\/\/miningspareparts.com\/es\/author\/"},"uagb_comment_info":0,"uagb_excerpt":"Models:SDMIX KT20C","_links":{"self":[{"href":"https:\/\/miningspareparts.com\/es\/wp-json\/wp\/v2\/product\/2238","targetHints":{"allow":["GET"]}}],"collection":[{"href":"https:\/\/miningspareparts.com\/es\/wp-json\/wp\/v2\/product"}],"about":[{"href":"https:\/\/miningspareparts.com\/es\/wp-json\/wp\/v2\/types\/product"}],"wp:featuredmedia":[{"embeddable":true,"href":"https:\/\/miningspareparts.com\/es\/wp-json\/wp\/v2\/media\/2357"}],"wp:attachment":[{"href":"https:\/\/miningspareparts.com\/es\/wp-json\/wp\/v2\/media?parent=2238"}],"wp:term":[{"taxonomy":"product_brand","embeddable":true,"href":"https:\/\/miningspareparts.com\/es\/wp-json\/wp\/v2\/product_brand?post=2238"},{"taxonomy":"product_cat","embeddable":true,"href":"https:\/\/miningspareparts.com\/es\/wp-json\/wp\/v2\/product_cat?post=2238"},{"taxonomy":"product_tag","embeddable":true,"href":"https:\/\/miningspareparts.com\/es\/wp-json\/wp\/v2\/product_tag?post=2238"}],"curies":[{"name":"wp","href":"https:\/\/api.w.org\/{rel}","templated":true}]}}