{"id":2277,"date":"2024-01-02T03:39:21","date_gmt":"2024-01-02T03:39:21","guid":{"rendered":"https:\/\/miningspareparts.com\/?post_type=product&#038;p=2277"},"modified":"2024-01-19T03:07:57","modified_gmt":"2024-01-19T03:07:57","slug":"shanghaiwandaxinye-js3000-mixer-and-parts","status":"publish","type":"product","link":"https:\/\/miningspareparts.com\/es\/producto\/shanghaiwandaxinye-js3000-mixer-and-parts\/","title":{"rendered":"SHANGHAIWANDAXINYE JS3000 Mezclador Y Piezas"},"content":{"rendered":"<p><strong>He aqu\u00ed una descripci\u00f3n de la SHANGHAIWANDAXINYE JS3000 Mixer And Parts<\/strong><\/p>\n<table width=\"718\">\n<tbody>\n<tr>\n<td width=\"57\">NO.<\/td>\n<td width=\"283\">Especificaci\u00f3n<\/td>\n<td width=\"57\">Unidad.<\/td>\n<td width=\"66\">\u51c0\u91cd<\/td>\n<td width=\"85\">Cantidad<\/td>\n<td width=\"85\">\u603b\u91cd<\/td>\n<td width=\"85\">Observaciones<\/td>\n<\/tr>\n<tr>\n<td width=\"57\">1<\/td>\n<td width=\"283\">Brazo mezclador central<\/td>\n<td width=\"57\">Pcs<\/td>\n<td width=\"66\">42<\/td>\n<td width=\"85\">14<\/td>\n<td width=\"85\">588.00<\/td>\n<td width=\"85\"><\/td>\n<\/tr>\n<tr>\n<td width=\"57\">2<\/td>\n<td width=\"283\">Brazo mezclador izquierdo<\/td>\n<td width=\"57\">Pcs<\/td>\n<td width=\"66\">43<\/td>\n<td width=\"85\">4<\/td>\n<td width=\"85\">172.00<\/td>\n<td width=\"85\"><\/td>\n<\/tr>\n<tr>\n<td width=\"57\">3<\/td>\n<td width=\"283\">Brazo mezclador derecho<\/td>\n<td width=\"57\">Pcs<\/td>\n<td width=\"66\">43<\/td>\n<td width=\"85\">2<\/td>\n<td width=\"85\">86.00<\/td>\n<td width=\"85\"><\/td>\n<\/tr>\n<tr>\n<td width=\"57\">4<\/td>\n<td width=\"283\">Asiento de conexi\u00f3n del brazo mezclador<\/td>\n<td width=\"57\">Pcs<\/td>\n<td width=\"66\">16.5<\/td>\n<td width=\"85\">20<\/td>\n<td width=\"85\">330.00<\/td>\n<td width=\"85\"><\/td>\n<\/tr>\n<tr>\n<td width=\"57\">5<\/td>\n<td width=\"283\">Cuchilla protectora izquierda para brazo mezclador<\/td>\n<td width=\"57\">Pcs<\/td>\n<td width=\"66\">1.5<\/td>\n<td width=\"85\">2<\/td>\n<td width=\"85\">3.00<\/td>\n<td width=\"85\"><\/td>\n<\/tr>\n<tr>\n<td width=\"57\">6<\/td>\n<td width=\"283\">Cuchilla protectora derecha<\/p>\n<p>para brazo mezclador<\/td>\n<td width=\"57\">Pcs<\/td>\n<td width=\"66\">1.5<\/td>\n<td width=\"85\">2<\/td>\n<td width=\"85\">3.00<\/td>\n<td width=\"85\"><\/td>\n<\/tr>\n<tr>\n<td width=\"57\">7<\/td>\n<td width=\"283\">Cuchilla mezcladora central<\/td>\n<td width=\"57\">Pcs<\/td>\n<td width=\"66\">18.50<\/td>\n<td width=\"85\">14<\/td>\n<td width=\"85\">259.00<\/td>\n<td width=\"85\"><\/td>\n<\/tr>\n<tr>\n<td width=\"57\">8<\/td>\n<td width=\"283\">Cuchilla mezcladora derecha<\/td>\n<td width=\"57\">Pcs<\/td>\n<td width=\"66\">12.00<\/td>\n<td width=\"85\">4<\/td>\n<td width=\"85\">48.00<\/td>\n<td width=\"85\"><\/td>\n<\/tr>\n<tr>\n<td width=\"57\">9<\/td>\n<td width=\"283\">Cuchilla mezcladora izquierda<\/td>\n<td width=\"57\">Pcs<\/td>\n<td width=\"66\">11.50<\/td>\n<td width=\"85\">8<\/td>\n<td width=\"85\">92.00<\/td>\n<td width=\"85\"><\/td>\n<\/tr>\n<tr>\n<td width=\"57\">10<\/td>\n<td width=\"283\">Placa de revestimiento de diamante<\/td>\n<td width=\"57\">Pcs<\/td>\n<td width=\"66\">9.50<\/td>\n<td width=\"85\">72<\/td>\n<td width=\"85\">684.00<\/td>\n<td width=\"85\"><\/td>\n<\/tr>\n<tr>\n<td width=\"57\">11<\/td>\n<td width=\"283\">Placa de revestimiento del escal\u00f3n<\/td>\n<td width=\"57\">Pcs<\/td>\n<td width=\"66\">9.50<\/td>\n<td width=\"85\">24<\/td>\n<td width=\"85\">228.00<\/td>\n<td width=\"85\"><\/td>\n<\/tr>\n<tr>\n<td width=\"57\">12<\/td>\n<td width=\"283\">Rascadores a ambos lados de la puerta de descarga<\/td>\n<td width=\"57\">Pcs<\/td>\n<td width=\"66\">6.50<\/td>\n<td width=\"85\">6<\/td>\n<td width=\"85\">39.00<\/td>\n<td width=\"85\"><\/td>\n<\/tr>\n<tr>\n<td width=\"57\">13<\/td>\n<td width=\"283\">Placa de presi\u00f3n a ambos lados de la puerta de descarga<\/td>\n<td width=\"57\">Pcs<\/td>\n<td width=\"66\">16.00<\/td>\n<td width=\"85\">2<\/td>\n<td width=\"85\">32.00<\/td>\n<td width=\"85\"><\/td>\n<\/tr>\n<tr>\n<td width=\"57\">14<\/td>\n<td width=\"283\">Placa de revestimiento de la puerta de descarga<\/td>\n<td width=\"57\">Pcs<\/td>\n<td width=\"66\">38.00<\/td>\n<td width=\"85\">2<\/td>\n<td width=\"85\">76.00<\/td>\n<td width=\"85\">16MN<\/td>\n<\/tr>\n<tr>\n<td width=\"57\">15<\/td>\n<td width=\"283\">Placa de revestimiento del extremo exterior<\/td>\n<td width=\"57\">Pcs<\/td>\n<td width=\"66\">32.00<\/td>\n<td width=\"85\">8<\/td>\n<td width=\"85\">256.00<\/td>\n<td width=\"85\"><\/td>\n<\/tr>\n<tr>\n<td width=\"57\">16<\/td>\n<td width=\"283\">Placa de revestimiento del extremo izquierdo<\/td>\n<td width=\"57\">Pcs<\/td>\n<td width=\"66\">28<\/td>\n<td width=\"85\">4<\/td>\n<td width=\"85\">112.00<\/td>\n<td width=\"85\"><\/td>\n<\/tr>\n<tr>\n<td width=\"57\">17<\/td>\n<td width=\"283\">Placa de revestimiento del extremo derecho<\/td>\n<td width=\"57\">Pcs<\/td>\n<td width=\"66\">28<\/td>\n<td width=\"85\">4<\/td>\n<td width=\"85\">112.00<\/td>\n<td width=\"85\"><\/td>\n<\/tr>\n<tr>\n<td width=\"57\">18<\/td>\n<td width=\"283\">Placa de revestimiento del extremo central<\/td>\n<td width=\"57\">Pcs<\/td>\n<td width=\"66\">15<\/td>\n<td width=\"85\">4<\/td>\n<td width=\"85\">60.00<\/td>\n<td width=\"85\"><\/td>\n<\/tr>\n<tr>\n<td width=\"57\"><\/td>\n<td width=\"283\">Total<\/td>\n<td width=\"57\"><\/td>\n<td width=\"66\"><\/td>\n<td width=\"85\">196<\/td>\n<td width=\"85\">3180<\/td>\n<td width=\"85\"><\/td>\n<\/tr>\n<\/tbody>\n<\/table>\n<p><img fetchpriority=\"high\" decoding=\"async\" class=\"wp-image-3550 alignleft\" src=\"https:\/\/miningspareparts.com\/wp-content\/uploads\/2024\/01\/Mixer-And-Wear-Parts1-239x300.webp\" alt=\"\" width=\"498\" height=\"625\" srcset=\"https:\/\/miningspareparts.com\/wp-content\/uploads\/2024\/01\/Mixer-And-Wear-Parts1-239x300.webp 239w, https:\/\/miningspareparts.com\/wp-content\/uploads\/2024\/01\/Mixer-And-Wear-Parts1-817x1024.webp 817w, https:\/\/miningspareparts.com\/wp-content\/uploads\/2024\/01\/Mixer-And-Wear-Parts1-768x963.webp 768w, https:\/\/miningspareparts.com\/wp-content\/uploads\/2024\/01\/Mixer-And-Wear-Parts1-1226x1536.webp 1226w, https:\/\/miningspareparts.com\/wp-content\/uploads\/2024\/01\/Mixer-And-Wear-Parts1-1634x2048.webp 1634w, https:\/\/miningspareparts.com\/wp-content\/uploads\/2024\/01\/Mixer-And-Wear-Parts1-600x752.webp 600w, https:\/\/miningspareparts.com\/wp-content\/uploads\/2024\/01\/Mixer-And-Wear-Parts1.webp 2037w\" sizes=\"(max-width: 498px) 100vw, 498px\" \/><span style=\"font-size: 16px\">\u00a0<\/span><img decoding=\"async\" class=\"wp-image-3551 alignnone\" style=\"font-weight: inherit\" src=\"https:\/\/miningspareparts.com\/wp-content\/uploads\/2024\/01\/Mixer-And-Wear-Parts2-210x300.webp\" alt=\"\" width=\"454\" height=\"649\" srcset=\"https:\/\/miningspareparts.com\/wp-content\/uploads\/2024\/01\/Mixer-And-Wear-Parts2-210x300.webp 210w, https:\/\/miningspareparts.com\/wp-content\/uploads\/2024\/01\/Mixer-And-Wear-Parts2-600x856.webp 600w\" sizes=\"(max-width: 454px) 100vw, 454px\" \/><\/p>\n<p>Las palas, brazos mezcladores y camisas de la mezcladora de doble eje SHANGHAIWANDAXINYE JS3000 representan el ep\u00edtome de la ingenier\u00eda de vanguardia. Como fabricante de recambios originales, nuestro compromiso va m\u00e1s all\u00e1 del suministro de componentes: es una promesa para garantizar una compatibilidad perfecta y el m\u00e1ximo rendimiento de su mezcladora.<\/p>\n<p>En el \u00e1mbito de los recambios originales, ofrecemos algo m\u00e1s que piezas de repuesto; proporcionamos componentes de ingenier\u00eda de precisi\u00f3n dise\u00f1ados para integrarse perfectamente con su mezcladora de doble eje JS3000. Elegir nuestros productos significa elegir fiabilidad, precisi\u00f3n y la garant\u00eda de que su mezcladora funcionar\u00e1 a su capacidad \u00f3ptima.<\/p>\n<p>Nuestras soluciones posventa redefinen las expectativas. M\u00e1s all\u00e1 de los meros sustitutos, nuestros componentes mejoran el rendimiento de su mezcladora. Vamos m\u00e1s all\u00e1 de las especificaciones de los fabricantes de equipos originales, introduciendo innovaciones que mejoran la eficiencia, la longevidad y la funcionalidad general. Optar por nuestras soluciones posventa garantiza que su mezcladora no s\u00f3lo mantenga su rendimiento, sino que lo eleve.<\/p>\n<p>En resumen, las palas, brazos mezcladores y camisas de la mezcladora de doble eje SHANGHAIWANDAXINYE JS3000 redefinen los est\u00e1ndares de la industria. Como fabricante de repuestos originales, ofrecemos algo m\u00e1s que piezas: ofrecemos compatibilidad y m\u00e1ximo rendimiento. Nuestras soluciones posventa elevan las capacidades de su mezcladora, y la durabilidad no es s\u00f3lo una caracter\u00edstica, sino un rasgo fundamental. Elija nuestros componentes para una experiencia de mezclado que supera<\/p>","protected":false},"excerpt":{"rendered":"<p>Modelos:\u4e0a\u6d77\u4e07\u5927\u946b\u4e1a JS3000<\/p>","protected":false},"featured_media":3500,"template":"","meta":{"_uag_custom_page_level_css":"","site-sidebar-layout":"default","site-content-layout":"","ast-site-content-layout":"default","site-content-style":"default","site-sidebar-style":"default","ast-global-header-display":"","ast-banner-title-visibility":"","ast-main-header-display":"","ast-hfb-above-header-display":"","ast-hfb-below-header-display":"","ast-hfb-mobile-header-display":"","site-post-title":"","ast-breadcrumbs-content":"","ast-featured-img":"","footer-sml-layout":"","ast-disable-related-posts":"","theme-transparent-header-meta":"default","adv-header-id-meta":"","stick-header-meta":"default","header-above-stick-meta":"","header-main-stick-meta":"","header-below-stick-meta":"","astra-migrate-meta-layouts":"set","ast-page-background-enabled":"default","ast-page-background-meta":{"desktop":{"background-color":"var(--ast-global-color-4)","background-image":"","background-repeat":"repeat","background-position":"center center","background-size":"auto","background-attachment":"scroll","background-type":"","background-media":"","overlay-type":"","overlay-color":"","overlay-opacity":"","overlay-gradient":""},"tablet":{"background-color":"","background-image":"","background-repeat":"repeat","background-position":"center center","background-size":"auto","background-attachment":"scroll","background-type":"","background-media":"","overlay-type":"","overlay-color":"","overlay-opacity":"","overlay-gradient":""},"mobile":{"background-color":"","background-image":"","background-repeat":"repeat","background-position":"center center","background-size":"auto","background-attachment":"scroll","background-type":"","background-media":"","overlay-type":"","overlay-color":"","overlay-opacity":"","overlay-gradient":""}},"ast-content-background-meta":{"desktop":{"background-color":"var(--ast-global-color-5)","background-image":"","background-repeat":"repeat","background-position":"center center","background-size":"auto","background-attachment":"scroll","background-type":"","background-media":"","overlay-type":"","overlay-color":"","overlay-opacity":"","overlay-gradient":""},"tablet":{"background-color":"var(--ast-global-color-5)","background-image":"","background-repeat":"repeat","background-position":"center center","background-size":"auto","background-attachment":"scroll","background-type":"","background-media":"","overlay-type":"","overlay-color":"","overlay-opacity":"","overlay-gradient":""},"mobile":{"background-color":"var(--ast-global-color-5)","background-image":"","background-repeat":"repeat","background-position":"center center","background-size":"auto","background-attachment":"scroll","background-type":"","background-media":"","overlay-type":"","overlay-color":"","overlay-opacity":"","overlay-gradient":""}}},"product_brand":[],"product_cat":[289,77],"product_tag":[268,288,269],"class_list":{"0":"post-2277","1":"product","2":"type-product","3":"status-publish","4":"has-post-thumbnail","6":"product_cat-other-concrete-mixer-parts","7":"product_cat-concrete-mixer-parts","8":"product_tag-blade","9":"product_tag-concrete-mixer","10":"product_tag-mixing-arm","11":"desktop-align-left","12":"tablet-align-left","13":"mobile-align-left","14":"ast-product-gallery-layout-horizontal-slider","15":"ast-product-gallery-with-no-image","16":"ast-product-single-variable","17":"ast-product-tabs-layout-horizontal","19":"first","20":"instock","21":"shipping-taxable","22":"purchasable","23":"product-type-variable"},"yoast_head":"<!-- This site is optimized with the Yoast SEO plugin v27.4 - https:\/\/yoast.com\/product\/yoast-seo-wordpress\/ -->\n<title>SHANGHAIWANDAXINYE JS3000 Mixer And Parts - Crusher parts, Slurry Pump Parts, Excavator shovel parts<\/title>\n<meta name=\"description\" content=\"SHANGHAIWANDAXINYE JS3000 twin-shaft mixer blades, mixing arms, and liners: Original replacements ensuring wear resistance for peak performance and longevity.\" \/>\n<meta name=\"robots\" content=\"index, follow, max-snippet:-1, max-image-preview:large, max-video-preview:-1\" \/>\n<link rel=\"canonical\" href=\"https:\/\/miningspareparts.com\/es\/producto\/shanghaiwandaxinye-js3000-mixer-and-parts\/\" \/>\n<meta property=\"og:locale\" content=\"es_MX\" \/>\n<meta property=\"og:type\" content=\"article\" \/>\n<meta property=\"og:title\" content=\"SHANGHAIWANDAXINYE JS3000 Mixer And Parts - Crusher parts, Slurry Pump Parts, Excavator shovel parts\" \/>\n<meta property=\"og:description\" content=\"SHANGHAIWANDAXINYE JS3000 twin-shaft mixer blades, mixing arms, and liners: Original replacements ensuring wear resistance for peak performance and longevity.\" \/>\n<meta property=\"og:url\" content=\"https:\/\/miningspareparts.com\/es\/producto\/shanghaiwandaxinye-js3000-mixer-and-parts\/\" \/>\n<meta property=\"og:site_name\" content=\"Crusher parts, Slurry Pump Parts, Excavator shovel parts\" \/>\n<meta property=\"article:modified_time\" content=\"2024-01-19T03:07:57+00:00\" \/>\n<meta property=\"og:image\" content=\"https:\/\/miningspareparts.com\/wp-content\/uploads\/2024\/01\/SHANGHAIWANDAXINYE-JS3000-Concrete-Mixer-And-Parts.webp\" \/>\n\t<meta property=\"og:image:width\" content=\"484\" \/>\n\t<meta property=\"og:image:height\" content=\"383\" \/>\n\t<meta property=\"og:image:type\" content=\"image\/webp\" \/>\n<meta name=\"twitter:card\" content=\"summary_large_image\" \/>\n<meta name=\"twitter:label1\" content=\"Tiempo de lectura\" \/>\n\t<meta name=\"twitter:data1\" content=\"3 minutos\" \/>\n<script type=\"application\/ld+json\" class=\"yoast-schema-graph\">{\"@context\":\"https:\\\/\\\/schema.org\",\"@graph\":[{\"@type\":\"WebPage\",\"@id\":\"https:\\\/\\\/miningspareparts.com\\\/product\\\/shanghaiwandaxinye-js3000-mixer-and-parts\\\/\",\"url\":\"https:\\\/\\\/miningspareparts.com\\\/product\\\/shanghaiwandaxinye-js3000-mixer-and-parts\\\/\",\"name\":\"SHANGHAIWANDAXINYE JS3000 Mixer And Parts - Crusher parts, Slurry Pump Parts, Excavator shovel parts\",\"isPartOf\":{\"@id\":\"https:\\\/\\\/miningspareparts.com\\\/#website\"},\"primaryImageOfPage\":{\"@id\":\"https:\\\/\\\/miningspareparts.com\\\/product\\\/shanghaiwandaxinye-js3000-mixer-and-parts\\\/#primaryimage\"},\"image\":{\"@id\":\"https:\\\/\\\/miningspareparts.com\\\/product\\\/shanghaiwandaxinye-js3000-mixer-and-parts\\\/#primaryimage\"},\"thumbnailUrl\":\"https:\\\/\\\/miningspareparts.com\\\/wp-content\\\/uploads\\\/2024\\\/01\\\/SHANGHAIWANDAXINYE-JS3000-Concrete-Mixer-And-Parts.webp\",\"datePublished\":\"2024-01-02T03:39:21+00:00\",\"dateModified\":\"2024-01-19T03:07:57+00:00\",\"description\":\"SHANGHAIWANDAXINYE JS3000 twin-shaft mixer blades, mixing arms, and liners: Original replacements ensuring wear resistance for peak performance and longevity.\",\"breadcrumb\":{\"@id\":\"https:\\\/\\\/miningspareparts.com\\\/product\\\/shanghaiwandaxinye-js3000-mixer-and-parts\\\/#breadcrumb\"},\"inLanguage\":\"es\",\"potentialAction\":[{\"@type\":\"ReadAction\",\"target\":[\"https:\\\/\\\/miningspareparts.com\\\/product\\\/shanghaiwandaxinye-js3000-mixer-and-parts\\\/\"]}]},{\"@type\":\"ImageObject\",\"inLanguage\":\"es\",\"@id\":\"https:\\\/\\\/miningspareparts.com\\\/product\\\/shanghaiwandaxinye-js3000-mixer-and-parts\\\/#primaryimage\",\"url\":\"https:\\\/\\\/miningspareparts.com\\\/wp-content\\\/uploads\\\/2024\\\/01\\\/SHANGHAIWANDAXINYE-JS3000-Concrete-Mixer-And-Parts.webp\",\"contentUrl\":\"https:\\\/\\\/miningspareparts.com\\\/wp-content\\\/uploads\\\/2024\\\/01\\\/SHANGHAIWANDAXINYE-JS3000-Concrete-Mixer-And-Parts.webp\",\"width\":484,\"height\":383},{\"@type\":\"BreadcrumbList\",\"@id\":\"https:\\\/\\\/miningspareparts.com\\\/product\\\/shanghaiwandaxinye-js3000-mixer-and-parts\\\/#breadcrumb\",\"itemListElement\":[{\"@type\":\"ListItem\",\"position\":1,\"name\":\"Home\",\"item\":\"https:\\\/\\\/miningspareparts.com\\\/\"},{\"@type\":\"ListItem\",\"position\":2,\"name\":\"Premium Mining Wear And Spare Parts\",\"item\":\"https:\\\/\\\/miningspareparts.com\\\/shop\\\/\"},{\"@type\":\"ListItem\",\"position\":3,\"name\":\"SHANGHAIWANDAXINYE JS3000 Mixer And Parts\"}]},{\"@type\":\"WebSite\",\"@id\":\"https:\\\/\\\/miningspareparts.com\\\/#website\",\"url\":\"https:\\\/\\\/miningspareparts.com\\\/\",\"name\":\"Crusher parts , Concrete Mixer Parts, Slurry Pump Parts, Mining Spares\",\"description\":\"Mining Wear &amp; Spare Parts Supplier\",\"publisher\":{\"@id\":\"https:\\\/\\\/miningspareparts.com\\\/#organization\"},\"potentialAction\":[{\"@type\":\"SearchAction\",\"target\":{\"@type\":\"EntryPoint\",\"urlTemplate\":\"https:\\\/\\\/miningspareparts.com\\\/?s={search_term_string}\"},\"query-input\":{\"@type\":\"PropertyValueSpecification\",\"valueRequired\":true,\"valueName\":\"search_term_string\"}}],\"inLanguage\":\"es\"},{\"@type\":\"Organization\",\"@id\":\"https:\\\/\\\/miningspareparts.com\\\/#organization\",\"name\":\"Crusher parts , Concrete Mixer Parts, Slurry Pump Parts, Mining Spares\",\"url\":\"https:\\\/\\\/miningspareparts.com\\\/\",\"logo\":{\"@type\":\"ImageObject\",\"inLanguage\":\"es\",\"@id\":\"https:\\\/\\\/miningspareparts.com\\\/#\\\/schema\\\/logo\\\/image\\\/\",\"url\":\"https:\\\/\\\/miningspareparts.com\\\/wp-content\\\/uploads\\\/2025\\\/04\\\/cropped-cropped-logo\u6b63\u65b9\u5f62.png\",\"contentUrl\":\"https:\\\/\\\/miningspareparts.com\\\/wp-content\\\/uploads\\\/2025\\\/04\\\/cropped-cropped-logo\u6b63\u65b9\u5f62.png\",\"width\":511,\"height\":171,\"caption\":\"Crusher parts , Concrete Mixer Parts, Slurry Pump Parts, Mining Spares\"},\"image\":{\"@id\":\"https:\\\/\\\/miningspareparts.com\\\/#\\\/schema\\\/logo\\\/image\\\/\"}}]}<\/script>\n<!-- \/ Yoast SEO plugin. -->","yoast_head_json":{"title":"SHANGHAIWANDAXINYE JS3000 Mixer And Parts - Crusher parts, Slurry Pump Parts, Excavator shovel parts","description":"SHANGHAIWANDAXINYE JS3000 twin-shaft mixer blades, mixing arms, and liners: Original replacements ensuring wear resistance for peak performance and longevity.","robots":{"index":"index","follow":"follow","max-snippet":"max-snippet:-1","max-image-preview":"max-image-preview:large","max-video-preview":"max-video-preview:-1"},"canonical":"https:\/\/miningspareparts.com\/es\/producto\/shanghaiwandaxinye-js3000-mixer-and-parts\/","og_locale":"es_MX","og_type":"article","og_title":"SHANGHAIWANDAXINYE JS3000 Mixer And Parts - Crusher parts, Slurry Pump Parts, Excavator shovel parts","og_description":"SHANGHAIWANDAXINYE JS3000 twin-shaft mixer blades, mixing arms, and liners: Original replacements ensuring wear resistance for peak performance and longevity.","og_url":"https:\/\/miningspareparts.com\/es\/producto\/shanghaiwandaxinye-js3000-mixer-and-parts\/","og_site_name":"Crusher parts, Slurry Pump Parts, Excavator shovel parts","article_modified_time":"2024-01-19T03:07:57+00:00","og_image":[{"width":484,"height":383,"url":"https:\/\/miningspareparts.com\/wp-content\/uploads\/2024\/01\/SHANGHAIWANDAXINYE-JS3000-Concrete-Mixer-And-Parts.webp","type":"image\/webp"}],"twitter_card":"summary_large_image","twitter_misc":{"Tiempo de lectura":"3 minutos"},"schema":{"@context":"https:\/\/schema.org","@graph":[{"@type":"WebPage","@id":"https:\/\/miningspareparts.com\/product\/shanghaiwandaxinye-js3000-mixer-and-parts\/","url":"https:\/\/miningspareparts.com\/product\/shanghaiwandaxinye-js3000-mixer-and-parts\/","name":"SHANGHAIWANDAXINYE JS3000 Mixer And Parts - Crusher parts, Slurry Pump Parts, Excavator shovel parts","isPartOf":{"@id":"https:\/\/miningspareparts.com\/#website"},"primaryImageOfPage":{"@id":"https:\/\/miningspareparts.com\/product\/shanghaiwandaxinye-js3000-mixer-and-parts\/#primaryimage"},"image":{"@id":"https:\/\/miningspareparts.com\/product\/shanghaiwandaxinye-js3000-mixer-and-parts\/#primaryimage"},"thumbnailUrl":"https:\/\/miningspareparts.com\/wp-content\/uploads\/2024\/01\/SHANGHAIWANDAXINYE-JS3000-Concrete-Mixer-And-Parts.webp","datePublished":"2024-01-02T03:39:21+00:00","dateModified":"2024-01-19T03:07:57+00:00","description":"SHANGHAIWANDAXINYE JS3000 twin-shaft mixer blades, mixing arms, and liners: Original replacements ensuring wear resistance for peak performance and longevity.","breadcrumb":{"@id":"https:\/\/miningspareparts.com\/product\/shanghaiwandaxinye-js3000-mixer-and-parts\/#breadcrumb"},"inLanguage":"es","potentialAction":[{"@type":"ReadAction","target":["https:\/\/miningspareparts.com\/product\/shanghaiwandaxinye-js3000-mixer-and-parts\/"]}]},{"@type":"ImageObject","inLanguage":"es","@id":"https:\/\/miningspareparts.com\/product\/shanghaiwandaxinye-js3000-mixer-and-parts\/#primaryimage","url":"https:\/\/miningspareparts.com\/wp-content\/uploads\/2024\/01\/SHANGHAIWANDAXINYE-JS3000-Concrete-Mixer-And-Parts.webp","contentUrl":"https:\/\/miningspareparts.com\/wp-content\/uploads\/2024\/01\/SHANGHAIWANDAXINYE-JS3000-Concrete-Mixer-And-Parts.webp","width":484,"height":383},{"@type":"BreadcrumbList","@id":"https:\/\/miningspareparts.com\/product\/shanghaiwandaxinye-js3000-mixer-and-parts\/#breadcrumb","itemListElement":[{"@type":"ListItem","position":1,"name":"Home","item":"https:\/\/miningspareparts.com\/"},{"@type":"ListItem","position":2,"name":"Premium Mining Wear And Spare Parts","item":"https:\/\/miningspareparts.com\/shop\/"},{"@type":"ListItem","position":3,"name":"SHANGHAIWANDAXINYE JS3000 Mixer And Parts"}]},{"@type":"WebSite","@id":"https:\/\/miningspareparts.com\/#website","url":"https:\/\/miningspareparts.com\/","name":"Crusher parts , Concrete Mixer Parts, Slurry Pump Parts, Mining Spares","description":"Mining Wear &amp; Spare Parts Supplier","publisher":{"@id":"https:\/\/miningspareparts.com\/#organization"},"potentialAction":[{"@type":"SearchAction","target":{"@type":"EntryPoint","urlTemplate":"https:\/\/miningspareparts.com\/?s={search_term_string}"},"query-input":{"@type":"PropertyValueSpecification","valueRequired":true,"valueName":"search_term_string"}}],"inLanguage":"es"},{"@type":"Organization","@id":"https:\/\/miningspareparts.com\/#organization","name":"Crusher parts , Concrete Mixer Parts, Slurry Pump Parts, Mining Spares","url":"https:\/\/miningspareparts.com\/","logo":{"@type":"ImageObject","inLanguage":"es","@id":"https:\/\/miningspareparts.com\/#\/schema\/logo\/image\/","url":"https:\/\/miningspareparts.com\/wp-content\/uploads\/2025\/04\/cropped-cropped-logo\u6b63\u65b9\u5f62.png","contentUrl":"https:\/\/miningspareparts.com\/wp-content\/uploads\/2025\/04\/cropped-cropped-logo\u6b63\u65b9\u5f62.png","width":511,"height":171,"caption":"Crusher parts , Concrete Mixer Parts, Slurry Pump Parts, Mining Spares"},"image":{"@id":"https:\/\/miningspareparts.com\/#\/schema\/logo\/image\/"}}]}},"uagb_featured_image_src":{"full":["https:\/\/miningspareparts.com\/wp-content\/uploads\/2024\/01\/SHANGHAIWANDAXINYE-JS3000-Concrete-Mixer-And-Parts.webp",484,383,false],"thumbnail":["https:\/\/miningspareparts.com\/wp-content\/uploads\/2024\/01\/SHANGHAIWANDAXINYE-JS3000-Concrete-Mixer-And-Parts-150x150.webp",150,150,true],"medium":["https:\/\/miningspareparts.com\/wp-content\/uploads\/2024\/01\/SHANGHAIWANDAXINYE-JS3000-Concrete-Mixer-And-Parts-300x237.webp",300,237,true],"medium_large":["https:\/\/miningspareparts.com\/wp-content\/uploads\/2024\/01\/SHANGHAIWANDAXINYE-JS3000-Concrete-Mixer-And-Parts.webp",484,383,false],"large":["https:\/\/miningspareparts.com\/wp-content\/uploads\/2024\/01\/SHANGHAIWANDAXINYE-JS3000-Concrete-Mixer-And-Parts.webp",484,383,false],"1536x1536":["https:\/\/miningspareparts.com\/wp-content\/uploads\/2024\/01\/SHANGHAIWANDAXINYE-JS3000-Concrete-Mixer-And-Parts.webp",484,383,false],"2048x2048":["https:\/\/miningspareparts.com\/wp-content\/uploads\/2024\/01\/SHANGHAIWANDAXINYE-JS3000-Concrete-Mixer-And-Parts.webp",484,383,false],"trp-custom-language-flag":["https:\/\/miningspareparts.com\/wp-content\/uploads\/2024\/01\/SHANGHAIWANDAXINYE-JS3000-Concrete-Mixer-And-Parts.webp",15,12,false],"woocommerce_thumbnail":["https:\/\/miningspareparts.com\/wp-content\/uploads\/2024\/01\/SHANGHAIWANDAXINYE-JS3000-Concrete-Mixer-And-Parts-300x300.webp",300,300,true],"woocommerce_single":["https:\/\/miningspareparts.com\/wp-content\/uploads\/2024\/01\/SHANGHAIWANDAXINYE-JS3000-Concrete-Mixer-And-Parts.webp",484,383,false],"woocommerce_gallery_thumbnail":["https:\/\/miningspareparts.com\/wp-content\/uploads\/2024\/01\/SHANGHAIWANDAXINYE-JS3000-Concrete-Mixer-And-Parts-100x100.webp",100,100,true]},"uagb_author_info":{"display_name":"Miningspareparts","author_link":"https:\/\/miningspareparts.com\/es\/author\/"},"uagb_comment_info":0,"uagb_excerpt":"Models:\u4e0a\u6d77\u4e07\u5927\u946b\u4e1a JS3000","_links":{"self":[{"href":"https:\/\/miningspareparts.com\/es\/wp-json\/wp\/v2\/product\/2277","targetHints":{"allow":["GET"]}}],"collection":[{"href":"https:\/\/miningspareparts.com\/es\/wp-json\/wp\/v2\/product"}],"about":[{"href":"https:\/\/miningspareparts.com\/es\/wp-json\/wp\/v2\/types\/product"}],"wp:featuredmedia":[{"embeddable":true,"href":"https:\/\/miningspareparts.com\/es\/wp-json\/wp\/v2\/media\/3500"}],"wp:attachment":[{"href":"https:\/\/miningspareparts.com\/es\/wp-json\/wp\/v2\/media?parent=2277"}],"wp:term":[{"taxonomy":"product_brand","embeddable":true,"href":"https:\/\/miningspareparts.com\/es\/wp-json\/wp\/v2\/product_brand?post=2277"},{"taxonomy":"product_cat","embeddable":true,"href":"https:\/\/miningspareparts.com\/es\/wp-json\/wp\/v2\/product_cat?post=2277"},{"taxonomy":"product_tag","embeddable":true,"href":"https:\/\/miningspareparts.com\/es\/wp-json\/wp\/v2\/product_tag?post=2277"}],"curies":[{"name":"wp","href":"https:\/\/api.w.org\/{rel}","templated":true}]}}