{"id":2314,"date":"2024-01-02T04:57:05","date_gmt":"2024-01-02T04:57:05","guid":{"rendered":"https:\/\/miningspareparts.com\/?post_type=product&#038;p=2314"},"modified":"2024-01-19T06:13:59","modified_gmt":"2024-01-19T06:13:59","slug":"shaoguan-js3000fg-mixer-and-parts","status":"publish","type":"product","link":"https:\/\/miningspareparts.com\/es\/producto\/shaoguan-js3000fg-mixer-and-parts\/","title":{"rendered":"SHAOGUAN JS3000FG Mezclador Y Piezas"},"content":{"rendered":"<p><strong>He aqu\u00ed una descripci\u00f3n de SHAOGUAN JS3000FG Mixer And Parts<\/strong><\/p>\n<table>\n<tbody>\n<tr>\n<td width=\"53\">NO.<\/td>\n<td width=\"202\">Especificaci\u00f3n<\/td>\n<td width=\"113\">Unidad.<\/td>\n<td width=\"66\">Cantidad<\/td>\n<td width=\"94\">Peso unitario (Kg)<\/td>\n<td width=\"95\">Peso total (Kg)<\/td>\n<td width=\"94\">Observaciones<\/td>\n<\/tr>\n<tr>\n<td width=\"53\">1<\/td>\n<td width=\"202\">Hoja central<\/td>\n<td width=\"113\">Pcs<\/td>\n<td width=\"66\">14<\/td>\n<td width=\"94\">14.85<\/td>\n<td width=\"95\">207.90<\/td>\n<td width=\"94\"><\/td>\n<\/tr>\n<tr>\n<td width=\"53\">2<\/td>\n<td width=\"202\">Cuchilla lateral<\/td>\n<td width=\"113\">Pcs<\/td>\n<td width=\"66\">4<\/td>\n<td width=\"94\">12.40<\/td>\n<td width=\"95\">49.60<\/td>\n<td width=\"94\"><\/td>\n<\/tr>\n<tr>\n<td width=\"53\">3<\/td>\n<td width=\"202\">Rascador<\/td>\n<td width=\"113\">Pcs<\/td>\n<td width=\"66\">4<\/td>\n<td width=\"94\">13.20<\/td>\n<td width=\"95\">52.80<\/td>\n<td width=\"94\"><\/td>\n<\/tr>\n<tr>\n<td width=\"53\">4<\/td>\n<td width=\"202\">Arco Liner<\/td>\n<td width=\"113\">Pcs<\/td>\n<td width=\"66\">162<\/td>\n<td width=\"94\">4.40<\/td>\n<td width=\"95\">712.80<\/td>\n<td width=\"94\"><\/td>\n<\/tr>\n<tr>\n<td width=\"53\">5<\/td>\n<td width=\"202\">Liner bucal<\/td>\n<td width=\"113\">Pcs<\/td>\n<td width=\"66\">18<\/td>\n<td width=\"94\">4.40<\/td>\n<td width=\"95\">79.20<\/td>\n<td width=\"94\"><\/td>\n<\/tr>\n<tr>\n<td width=\"53\">6<\/td>\n<td width=\"202\">End Liner \u2460<\/td>\n<td width=\"113\">Pcs<\/td>\n<td width=\"66\">32<\/td>\n<td width=\"94\">10.80<\/td>\n<td width=\"95\">345.60<\/td>\n<td width=\"94\"><\/td>\n<\/tr>\n<tr>\n<td width=\"53\">7<\/td>\n<td width=\"202\">End Liner \u2461<\/td>\n<td width=\"113\">Pcs<\/td>\n<td width=\"66\">8<\/td>\n<td width=\"94\">10.70<\/td>\n<td width=\"95\">85.60<\/td>\n<td width=\"94\">\u6b63\u53cd\u54044<\/td>\n<\/tr>\n<tr>\n<td width=\"53\">8<\/td>\n<td width=\"202\">End Liner \u2462<\/td>\n<td width=\"113\">Pcs<\/td>\n<td width=\"66\">8<\/td>\n<td width=\"94\">8.30<\/td>\n<td width=\"95\">66.40<\/td>\n<td width=\"94\">\u6b63\u53cd\u54044<\/td>\n<\/tr>\n<tr>\n<td width=\"53\">9<\/td>\n<td width=\"202\">End Liner \u2463<\/td>\n<td width=\"113\">Pcs<\/td>\n<td width=\"66\">16<\/td>\n<td width=\"94\">7.60<\/td>\n<td width=\"95\">121.60<\/td>\n<td width=\"94\"><\/td>\n<\/tr>\n<tr>\n<td width=\"53\">10<\/td>\n<td width=\"202\">Brazo central<\/td>\n<td width=\"113\">Pcs<\/td>\n<td width=\"66\">14<\/td>\n<td width=\"94\">58.00<\/td>\n<td width=\"95\">812.00<\/td>\n<td width=\"94\"><\/td>\n<\/tr>\n<tr>\n<td width=\"53\">11<\/td>\n<td width=\"202\">Brazo lateral<\/td>\n<td width=\"113\">Pcs<\/td>\n<td width=\"66\">4<\/td>\n<td width=\"94\">55.00<\/td>\n<td width=\"95\">220.00<\/td>\n<td width=\"94\">\u6b63\u53cd\u54042<\/td>\n<\/tr>\n<tr>\n<td width=\"53\">12<\/td>\n<td width=\"202\">Base inferior<\/td>\n<td width=\"113\">Pcs<\/td>\n<td width=\"66\">18<\/td>\n<td width=\"94\">19.00<\/td>\n<td width=\"95\">342.00<\/td>\n<td width=\"94\"><\/td>\n<\/tr>\n<tr>\n<td width=\"53\">13<\/td>\n<td width=\"202\">Revestimiento de baldosas<\/td>\n<td width=\"113\">Pcs<\/td>\n<td width=\"66\">2<\/td>\n<td width=\"94\">6.50<\/td>\n<td width=\"95\">13.00<\/td>\n<td width=\"94\"><\/td>\n<\/tr>\n<tr>\n<td width=\"53\"><\/td>\n<td width=\"202\"><\/td>\n<td width=\"113\"><\/td>\n<td width=\"66\"><\/td>\n<td width=\"94\"><\/td>\n<td width=\"95\"><\/td>\n<td width=\"94\"><\/td>\n<\/tr>\n<tr>\n<td width=\"53\"><\/td>\n<td width=\"202\">\u5408\u8ba1<\/td>\n<td width=\"113\"><\/td>\n<td width=\"66\">304<\/td>\n<td width=\"94\"><\/td>\n<td width=\"95\">3108.50<\/td>\n<td width=\"94\"><\/td>\n<\/tr>\n<\/tbody>\n<\/table>\n<p><img fetchpriority=\"high\" decoding=\"async\" class=\"wp-image-3550 alignleft\" src=\"https:\/\/miningspareparts.com\/wp-content\/uploads\/2024\/01\/Mixer-And-Wear-Parts1-239x300.webp\" alt=\"\" width=\"498\" height=\"625\" srcset=\"https:\/\/miningspareparts.com\/wp-content\/uploads\/2024\/01\/Mixer-And-Wear-Parts1-239x300.webp 239w, https:\/\/miningspareparts.com\/wp-content\/uploads\/2024\/01\/Mixer-And-Wear-Parts1-817x1024.webp 817w, https:\/\/miningspareparts.com\/wp-content\/uploads\/2024\/01\/Mixer-And-Wear-Parts1-768x963.webp 768w, https:\/\/miningspareparts.com\/wp-content\/uploads\/2024\/01\/Mixer-And-Wear-Parts1-1226x1536.webp 1226w, https:\/\/miningspareparts.com\/wp-content\/uploads\/2024\/01\/Mixer-And-Wear-Parts1-1634x2048.webp 1634w, https:\/\/miningspareparts.com\/wp-content\/uploads\/2024\/01\/Mixer-And-Wear-Parts1-600x752.webp 600w, https:\/\/miningspareparts.com\/wp-content\/uploads\/2024\/01\/Mixer-And-Wear-Parts1.webp 2037w\" sizes=\"(max-width: 498px) 100vw, 498px\" \/><span style=\"font-size: 16px\">\u00a0<\/span><img decoding=\"async\" class=\"wp-image-3551 alignnone\" style=\"font-weight: inherit\" src=\"https:\/\/miningspareparts.com\/wp-content\/uploads\/2024\/01\/Mixer-And-Wear-Parts2-210x300.webp\" alt=\"\" width=\"454\" height=\"649\" srcset=\"https:\/\/miningspareparts.com\/wp-content\/uploads\/2024\/01\/Mixer-And-Wear-Parts2-210x300.webp 210w, https:\/\/miningspareparts.com\/wp-content\/uploads\/2024\/01\/Mixer-And-Wear-Parts2-600x856.webp 600w\" sizes=\"(max-width: 454px) 100vw, 454px\" \/><\/p>\n<p>Nuestras palas mezcladoras de doble eje, brazos mezcladores y revestimientos SHAOGUAN JS3000FG representan el pin\u00e1culo de la excelencia en la industria de la mezcla de hormig\u00f3n. Como componentes de repuesto originales, encarnan a la perfecci\u00f3n la esencia de la fiabilidad, garantizando un funcionamiento suave y eficiente para sus necesidades de mezcla de hormig\u00f3n.<\/p>\n<p>En el \u00e1mbito de las soluciones posventa, nuestros productos son un testimonio de innovaci\u00f3n y adaptabilidad. Dise\u00f1ados para integrarse perfectamente en los sistemas existentes, nuestras palas mezcladoras, brazos mezcladores y camisas ofrecen una alternativa fiable, manteniendo los altos est\u00e1ndares establecidos por los componentes originales.<\/p>\n<p>Duraderos por dise\u00f1o, estos componentes se someten a rigurosas pruebas para garantizar su longevidad y resistencia al desgaste. La construcci\u00f3n robusta y los materiales avanzados utilizados en nuestros productos garantizan una vida \u00fatil prolongada, reduciendo el tiempo de inactividad y mejorando la eficiencia general de sus procesos de mezcla de hormig\u00f3n.<\/p>\n<p>Elija nuestras palas mezcladoras de doble eje, brazos mezcladores y revestimientos SHAOGUAN JS3000FG para obtener una combinaci\u00f3n armoniosa de precisi\u00f3n, fiabilidad y longevidad. Experimente la perfecta integraci\u00f3n de la sustituci\u00f3n original, la flexibilidad del mercado de accesorios y la durabilidad duradera en cada mezcla de hormig\u00f3n.<\/p>","protected":false},"excerpt":{"rendered":"<p>Modelos:SHAOGUAN JS3000FG<\/p>","protected":false},"featured_media":3501,"template":"","meta":{"_uag_custom_page_level_css":"","site-sidebar-layout":"default","site-content-layout":"","ast-site-content-layout":"default","site-content-style":"default","site-sidebar-style":"default","ast-global-header-display":"","ast-banner-title-visibility":"","ast-main-header-display":"","ast-hfb-above-header-display":"","ast-hfb-below-header-display":"","ast-hfb-mobile-header-display":"","site-post-title":"","ast-breadcrumbs-content":"","ast-featured-img":"","footer-sml-layout":"","ast-disable-related-posts":"","theme-transparent-header-meta":"default","adv-header-id-meta":"","stick-header-meta":"default","header-above-stick-meta":"","header-main-stick-meta":"","header-below-stick-meta":"","astra-migrate-meta-layouts":"set","ast-page-background-enabled":"default","ast-page-background-meta":{"desktop":{"background-color":"var(--ast-global-color-4)","background-image":"","background-repeat":"repeat","background-position":"center center","background-size":"auto","background-attachment":"scroll","background-type":"","background-media":"","overlay-type":"","overlay-color":"","overlay-opacity":"","overlay-gradient":""},"tablet":{"background-color":"","background-image":"","background-repeat":"repeat","background-position":"center center","background-size":"auto","background-attachment":"scroll","background-type":"","background-media":"","overlay-type":"","overlay-color":"","overlay-opacity":"","overlay-gradient":""},"mobile":{"background-color":"","background-image":"","background-repeat":"repeat","background-position":"center center","background-size":"auto","background-attachment":"scroll","background-type":"","background-media":"","overlay-type":"","overlay-color":"","overlay-opacity":"","overlay-gradient":""}},"ast-content-background-meta":{"desktop":{"background-color":"var(--ast-global-color-5)","background-image":"","background-repeat":"repeat","background-position":"center center","background-size":"auto","background-attachment":"scroll","background-type":"","background-media":"","overlay-type":"","overlay-color":"","overlay-opacity":"","overlay-gradient":""},"tablet":{"background-color":"var(--ast-global-color-5)","background-image":"","background-repeat":"repeat","background-position":"center center","background-size":"auto","background-attachment":"scroll","background-type":"","background-media":"","overlay-type":"","overlay-color":"","overlay-opacity":"","overlay-gradient":""},"mobile":{"background-color":"var(--ast-global-color-5)","background-image":"","background-repeat":"repeat","background-position":"center center","background-size":"auto","background-attachment":"scroll","background-type":"","background-media":"","overlay-type":"","overlay-color":"","overlay-opacity":"","overlay-gradient":""}}},"product_brand":[],"product_cat":[289,77],"product_tag":[268,288,269],"class_list":{"0":"post-2314","1":"product","2":"type-product","3":"status-publish","4":"has-post-thumbnail","6":"product_cat-other-concrete-mixer-parts","7":"product_cat-concrete-mixer-parts","8":"product_tag-blade","9":"product_tag-concrete-mixer","10":"product_tag-mixing-arm","11":"desktop-align-left","12":"tablet-align-left","13":"mobile-align-left","14":"ast-product-gallery-layout-horizontal-slider","15":"ast-product-gallery-with-no-image","16":"ast-product-single-variable","17":"ast-product-tabs-layout-horizontal","19":"first","20":"instock","21":"shipping-taxable","22":"purchasable","23":"product-type-variable"},"yoast_head":"<!-- This site is optimized with the Yoast SEO plugin v27.4 - https:\/\/yoast.com\/product\/yoast-seo-wordpress\/ -->\n<title>SHAOGUAN JS3000FG Mixer And Parts - Crusher parts, Slurry Pump Parts, Excavator shovel parts<\/title>\n<meta name=\"description\" content=\"Our SHAOGUAN JS3000FG twin-shaft mixer blades, mixer arms and liners are original replacement, aftermarket reliability and durable performance.\" \/>\n<meta name=\"robots\" content=\"index, follow, max-snippet:-1, max-image-preview:large, max-video-preview:-1\" \/>\n<link rel=\"canonical\" href=\"https:\/\/miningspareparts.com\/es\/producto\/shaoguan-js3000fg-mixer-and-parts\/\" \/>\n<meta property=\"og:locale\" content=\"es_MX\" \/>\n<meta property=\"og:type\" content=\"article\" \/>\n<meta property=\"og:title\" content=\"SHAOGUAN JS3000FG Mixer And Parts - Crusher parts, Slurry Pump Parts, Excavator shovel parts\" \/>\n<meta property=\"og:description\" content=\"Our SHAOGUAN JS3000FG twin-shaft mixer blades, mixer arms and liners are original replacement, aftermarket reliability and durable performance.\" \/>\n<meta property=\"og:url\" content=\"https:\/\/miningspareparts.com\/es\/producto\/shaoguan-js3000fg-mixer-and-parts\/\" \/>\n<meta property=\"og:site_name\" content=\"Crusher parts, Slurry Pump Parts, Excavator shovel parts\" \/>\n<meta property=\"article:modified_time\" content=\"2024-01-19T06:13:59+00:00\" \/>\n<meta property=\"og:image\" content=\"https:\/\/miningspareparts.com\/wp-content\/uploads\/2024\/01\/SHAOGUAN-JS3000FG-Concrete-Mixer-And-Parts.webp\" \/>\n\t<meta property=\"og:image:width\" content=\"1476\" \/>\n\t<meta property=\"og:image:height\" content=\"1181\" \/>\n\t<meta property=\"og:image:type\" content=\"image\/webp\" \/>\n<meta name=\"twitter:card\" content=\"summary_large_image\" \/>\n<meta name=\"twitter:label1\" content=\"Tiempo de lectura\" \/>\n\t<meta name=\"twitter:data1\" content=\"2 minutos\" \/>\n<script type=\"application\/ld+json\" class=\"yoast-schema-graph\">{\"@context\":\"https:\\\/\\\/schema.org\",\"@graph\":[{\"@type\":\"WebPage\",\"@id\":\"https:\\\/\\\/miningspareparts.com\\\/product\\\/shaoguan-js3000fg-mixer-and-parts\\\/\",\"url\":\"https:\\\/\\\/miningspareparts.com\\\/product\\\/shaoguan-js3000fg-mixer-and-parts\\\/\",\"name\":\"SHAOGUAN JS3000FG Mixer And Parts - Crusher parts, Slurry Pump Parts, Excavator shovel parts\",\"isPartOf\":{\"@id\":\"https:\\\/\\\/miningspareparts.com\\\/#website\"},\"primaryImageOfPage\":{\"@id\":\"https:\\\/\\\/miningspareparts.com\\\/product\\\/shaoguan-js3000fg-mixer-and-parts\\\/#primaryimage\"},\"image\":{\"@id\":\"https:\\\/\\\/miningspareparts.com\\\/product\\\/shaoguan-js3000fg-mixer-and-parts\\\/#primaryimage\"},\"thumbnailUrl\":\"https:\\\/\\\/miningspareparts.com\\\/wp-content\\\/uploads\\\/2024\\\/01\\\/SHAOGUAN-JS3000FG-Concrete-Mixer-And-Parts.webp\",\"datePublished\":\"2024-01-02T04:57:05+00:00\",\"dateModified\":\"2024-01-19T06:13:59+00:00\",\"description\":\"Our SHAOGUAN JS3000FG twin-shaft mixer blades, mixer arms and liners are original replacement, aftermarket reliability and durable performance.\",\"breadcrumb\":{\"@id\":\"https:\\\/\\\/miningspareparts.com\\\/product\\\/shaoguan-js3000fg-mixer-and-parts\\\/#breadcrumb\"},\"inLanguage\":\"es\",\"potentialAction\":[{\"@type\":\"ReadAction\",\"target\":[\"https:\\\/\\\/miningspareparts.com\\\/product\\\/shaoguan-js3000fg-mixer-and-parts\\\/\"]}]},{\"@type\":\"ImageObject\",\"inLanguage\":\"es\",\"@id\":\"https:\\\/\\\/miningspareparts.com\\\/product\\\/shaoguan-js3000fg-mixer-and-parts\\\/#primaryimage\",\"url\":\"https:\\\/\\\/miningspareparts.com\\\/wp-content\\\/uploads\\\/2024\\\/01\\\/SHAOGUAN-JS3000FG-Concrete-Mixer-And-Parts.webp\",\"contentUrl\":\"https:\\\/\\\/miningspareparts.com\\\/wp-content\\\/uploads\\\/2024\\\/01\\\/SHAOGUAN-JS3000FG-Concrete-Mixer-And-Parts.webp\",\"width\":1476,\"height\":1181},{\"@type\":\"BreadcrumbList\",\"@id\":\"https:\\\/\\\/miningspareparts.com\\\/product\\\/shaoguan-js3000fg-mixer-and-parts\\\/#breadcrumb\",\"itemListElement\":[{\"@type\":\"ListItem\",\"position\":1,\"name\":\"Home\",\"item\":\"https:\\\/\\\/miningspareparts.com\\\/\"},{\"@type\":\"ListItem\",\"position\":2,\"name\":\"Premium Mining Wear And Spare Parts\",\"item\":\"https:\\\/\\\/miningspareparts.com\\\/shop\\\/\"},{\"@type\":\"ListItem\",\"position\":3,\"name\":\"SHAOGUAN JS3000FG Mixer And Parts\"}]},{\"@type\":\"WebSite\",\"@id\":\"https:\\\/\\\/miningspareparts.com\\\/#website\",\"url\":\"https:\\\/\\\/miningspareparts.com\\\/\",\"name\":\"Crusher parts , Concrete Mixer Parts, Slurry Pump Parts, Mining Spares\",\"description\":\"Mining Wear &amp; Spare Parts Supplier\",\"publisher\":{\"@id\":\"https:\\\/\\\/miningspareparts.com\\\/#organization\"},\"potentialAction\":[{\"@type\":\"SearchAction\",\"target\":{\"@type\":\"EntryPoint\",\"urlTemplate\":\"https:\\\/\\\/miningspareparts.com\\\/?s={search_term_string}\"},\"query-input\":{\"@type\":\"PropertyValueSpecification\",\"valueRequired\":true,\"valueName\":\"search_term_string\"}}],\"inLanguage\":\"es\"},{\"@type\":\"Organization\",\"@id\":\"https:\\\/\\\/miningspareparts.com\\\/#organization\",\"name\":\"Crusher parts , Concrete Mixer Parts, Slurry Pump Parts, Mining Spares\",\"url\":\"https:\\\/\\\/miningspareparts.com\\\/\",\"logo\":{\"@type\":\"ImageObject\",\"inLanguage\":\"es\",\"@id\":\"https:\\\/\\\/miningspareparts.com\\\/#\\\/schema\\\/logo\\\/image\\\/\",\"url\":\"https:\\\/\\\/miningspareparts.com\\\/wp-content\\\/uploads\\\/2025\\\/04\\\/cropped-cropped-logo\u6b63\u65b9\u5f62.png\",\"contentUrl\":\"https:\\\/\\\/miningspareparts.com\\\/wp-content\\\/uploads\\\/2025\\\/04\\\/cropped-cropped-logo\u6b63\u65b9\u5f62.png\",\"width\":511,\"height\":171,\"caption\":\"Crusher parts , Concrete Mixer Parts, Slurry Pump Parts, Mining Spares\"},\"image\":{\"@id\":\"https:\\\/\\\/miningspareparts.com\\\/#\\\/schema\\\/logo\\\/image\\\/\"}}]}<\/script>\n<!-- \/ Yoast SEO plugin. -->","yoast_head_json":{"title":"SHAOGUAN JS3000FG Mixer And Parts - Crusher parts, Slurry Pump Parts, Excavator shovel parts","description":"Our SHAOGUAN JS3000FG twin-shaft mixer blades, mixer arms and liners are original replacement, aftermarket reliability and durable performance.","robots":{"index":"index","follow":"follow","max-snippet":"max-snippet:-1","max-image-preview":"max-image-preview:large","max-video-preview":"max-video-preview:-1"},"canonical":"https:\/\/miningspareparts.com\/es\/producto\/shaoguan-js3000fg-mixer-and-parts\/","og_locale":"es_MX","og_type":"article","og_title":"SHAOGUAN JS3000FG Mixer And Parts - Crusher parts, Slurry Pump Parts, Excavator shovel parts","og_description":"Our SHAOGUAN JS3000FG twin-shaft mixer blades, mixer arms and liners are original replacement, aftermarket reliability and durable performance.","og_url":"https:\/\/miningspareparts.com\/es\/producto\/shaoguan-js3000fg-mixer-and-parts\/","og_site_name":"Crusher parts, Slurry Pump Parts, Excavator shovel parts","article_modified_time":"2024-01-19T06:13:59+00:00","og_image":[{"width":1476,"height":1181,"url":"https:\/\/miningspareparts.com\/wp-content\/uploads\/2024\/01\/SHAOGUAN-JS3000FG-Concrete-Mixer-And-Parts.webp","type":"image\/webp"}],"twitter_card":"summary_large_image","twitter_misc":{"Tiempo de lectura":"2 minutos"},"schema":{"@context":"https:\/\/schema.org","@graph":[{"@type":"WebPage","@id":"https:\/\/miningspareparts.com\/product\/shaoguan-js3000fg-mixer-and-parts\/","url":"https:\/\/miningspareparts.com\/product\/shaoguan-js3000fg-mixer-and-parts\/","name":"SHAOGUAN JS3000FG Mixer And Parts - Crusher parts, Slurry Pump Parts, Excavator shovel parts","isPartOf":{"@id":"https:\/\/miningspareparts.com\/#website"},"primaryImageOfPage":{"@id":"https:\/\/miningspareparts.com\/product\/shaoguan-js3000fg-mixer-and-parts\/#primaryimage"},"image":{"@id":"https:\/\/miningspareparts.com\/product\/shaoguan-js3000fg-mixer-and-parts\/#primaryimage"},"thumbnailUrl":"https:\/\/miningspareparts.com\/wp-content\/uploads\/2024\/01\/SHAOGUAN-JS3000FG-Concrete-Mixer-And-Parts.webp","datePublished":"2024-01-02T04:57:05+00:00","dateModified":"2024-01-19T06:13:59+00:00","description":"Our SHAOGUAN JS3000FG twin-shaft mixer blades, mixer arms and liners are original replacement, aftermarket reliability and durable performance.","breadcrumb":{"@id":"https:\/\/miningspareparts.com\/product\/shaoguan-js3000fg-mixer-and-parts\/#breadcrumb"},"inLanguage":"es","potentialAction":[{"@type":"ReadAction","target":["https:\/\/miningspareparts.com\/product\/shaoguan-js3000fg-mixer-and-parts\/"]}]},{"@type":"ImageObject","inLanguage":"es","@id":"https:\/\/miningspareparts.com\/product\/shaoguan-js3000fg-mixer-and-parts\/#primaryimage","url":"https:\/\/miningspareparts.com\/wp-content\/uploads\/2024\/01\/SHAOGUAN-JS3000FG-Concrete-Mixer-And-Parts.webp","contentUrl":"https:\/\/miningspareparts.com\/wp-content\/uploads\/2024\/01\/SHAOGUAN-JS3000FG-Concrete-Mixer-And-Parts.webp","width":1476,"height":1181},{"@type":"BreadcrumbList","@id":"https:\/\/miningspareparts.com\/product\/shaoguan-js3000fg-mixer-and-parts\/#breadcrumb","itemListElement":[{"@type":"ListItem","position":1,"name":"Home","item":"https:\/\/miningspareparts.com\/"},{"@type":"ListItem","position":2,"name":"Premium Mining Wear And Spare Parts","item":"https:\/\/miningspareparts.com\/shop\/"},{"@type":"ListItem","position":3,"name":"SHAOGUAN JS3000FG Mixer And Parts"}]},{"@type":"WebSite","@id":"https:\/\/miningspareparts.com\/#website","url":"https:\/\/miningspareparts.com\/","name":"Crusher parts , Concrete Mixer Parts, Slurry Pump Parts, Mining Spares","description":"Mining Wear &amp; Spare Parts Supplier","publisher":{"@id":"https:\/\/miningspareparts.com\/#organization"},"potentialAction":[{"@type":"SearchAction","target":{"@type":"EntryPoint","urlTemplate":"https:\/\/miningspareparts.com\/?s={search_term_string}"},"query-input":{"@type":"PropertyValueSpecification","valueRequired":true,"valueName":"search_term_string"}}],"inLanguage":"es"},{"@type":"Organization","@id":"https:\/\/miningspareparts.com\/#organization","name":"Crusher parts , Concrete Mixer Parts, Slurry Pump Parts, Mining Spares","url":"https:\/\/miningspareparts.com\/","logo":{"@type":"ImageObject","inLanguage":"es","@id":"https:\/\/miningspareparts.com\/#\/schema\/logo\/image\/","url":"https:\/\/miningspareparts.com\/wp-content\/uploads\/2025\/04\/cropped-cropped-logo\u6b63\u65b9\u5f62.png","contentUrl":"https:\/\/miningspareparts.com\/wp-content\/uploads\/2025\/04\/cropped-cropped-logo\u6b63\u65b9\u5f62.png","width":511,"height":171,"caption":"Crusher parts , Concrete Mixer Parts, Slurry Pump Parts, Mining Spares"},"image":{"@id":"https:\/\/miningspareparts.com\/#\/schema\/logo\/image\/"}}]}},"uagb_featured_image_src":{"full":["https:\/\/miningspareparts.com\/wp-content\/uploads\/2024\/01\/SHAOGUAN-JS3000FG-Concrete-Mixer-And-Parts.webp",1476,1181,false],"thumbnail":["https:\/\/miningspareparts.com\/wp-content\/uploads\/2024\/01\/SHAOGUAN-JS3000FG-Concrete-Mixer-And-Parts-150x150.webp",150,150,true],"medium":["https:\/\/miningspareparts.com\/wp-content\/uploads\/2024\/01\/SHAOGUAN-JS3000FG-Concrete-Mixer-And-Parts-300x240.webp",300,240,true],"medium_large":["https:\/\/miningspareparts.com\/wp-content\/uploads\/2024\/01\/SHAOGUAN-JS3000FG-Concrete-Mixer-And-Parts-768x615.webp",768,615,true],"large":["https:\/\/miningspareparts.com\/wp-content\/uploads\/2024\/01\/SHAOGUAN-JS3000FG-Concrete-Mixer-And-Parts-1024x819.webp",1024,819,true],"1536x1536":["https:\/\/miningspareparts.com\/wp-content\/uploads\/2024\/01\/SHAOGUAN-JS3000FG-Concrete-Mixer-And-Parts.webp",1476,1181,false],"2048x2048":["https:\/\/miningspareparts.com\/wp-content\/uploads\/2024\/01\/SHAOGUAN-JS3000FG-Concrete-Mixer-And-Parts.webp",1476,1181,false],"trp-custom-language-flag":["https:\/\/miningspareparts.com\/wp-content\/uploads\/2024\/01\/SHAOGUAN-JS3000FG-Concrete-Mixer-And-Parts.webp",15,12,false],"woocommerce_thumbnail":["https:\/\/miningspareparts.com\/wp-content\/uploads\/2024\/01\/SHAOGUAN-JS3000FG-Concrete-Mixer-And-Parts-300x300.webp",300,300,true],"woocommerce_single":["https:\/\/miningspareparts.com\/wp-content\/uploads\/2024\/01\/SHAOGUAN-JS3000FG-Concrete-Mixer-And-Parts-600x480.webp",600,480,true],"woocommerce_gallery_thumbnail":["https:\/\/miningspareparts.com\/wp-content\/uploads\/2024\/01\/SHAOGUAN-JS3000FG-Concrete-Mixer-And-Parts-100x100.webp",100,100,true]},"uagb_author_info":{"display_name":"Miningspareparts","author_link":"https:\/\/miningspareparts.com\/es\/author\/"},"uagb_comment_info":0,"uagb_excerpt":"Models:SHAOGUAN JS3000FG","_links":{"self":[{"href":"https:\/\/miningspareparts.com\/es\/wp-json\/wp\/v2\/product\/2314","targetHints":{"allow":["GET"]}}],"collection":[{"href":"https:\/\/miningspareparts.com\/es\/wp-json\/wp\/v2\/product"}],"about":[{"href":"https:\/\/miningspareparts.com\/es\/wp-json\/wp\/v2\/types\/product"}],"wp:featuredmedia":[{"embeddable":true,"href":"https:\/\/miningspareparts.com\/es\/wp-json\/wp\/v2\/media\/3501"}],"wp:attachment":[{"href":"https:\/\/miningspareparts.com\/es\/wp-json\/wp\/v2\/media?parent=2314"}],"wp:term":[{"taxonomy":"product_brand","embeddable":true,"href":"https:\/\/miningspareparts.com\/es\/wp-json\/wp\/v2\/product_brand?post=2314"},{"taxonomy":"product_cat","embeddable":true,"href":"https:\/\/miningspareparts.com\/es\/wp-json\/wp\/v2\/product_cat?post=2314"},{"taxonomy":"product_tag","embeddable":true,"href":"https:\/\/miningspareparts.com\/es\/wp-json\/wp\/v2\/product_tag?post=2314"}],"curies":[{"name":"wp","href":"https:\/\/api.w.org\/{rel}","templated":true}]}}