{"id":2378,"date":"2024-01-03T05:47:16","date_gmt":"2024-01-03T05:47:16","guid":{"rendered":"https:\/\/miningspareparts.com\/?post_type=product&#038;p=2378"},"modified":"2024-02-22T09:12:19","modified_gmt":"2024-02-22T09:12:19","slug":"dg-machinery-dg5000-mixer-and-parts","status":"publish","type":"product","link":"https:\/\/miningspareparts.com\/es\/producto\/dg-machinery-dg5000-mixer-and-parts\/","title":{"rendered":"DG-MACHINERY DG5000 Mezclador Y Piezas"},"content":{"rendered":"<p><strong>He aqu\u00ed una descripci\u00f3n de DG-MACHINERY DG5000 Mixer And Parts<\/strong><\/p>\n<table>\n<tbody>\n<tr>\n<td width=\"235\">Especificaci\u00f3n<\/td>\n<td width=\"99\">Unidad.<\/td>\n<td width=\"74\">Cantidad<\/td>\n<td width=\"115\">Peso unitario (Kg)<\/td>\n<td width=\"118\">Peso total (Kg)<\/td>\n<td width=\"78\">Observaciones<\/td>\n<\/tr>\n<tr>\n<td width=\"235\">Hoja central<\/td>\n<td width=\"99\">Pcs<\/td>\n<td width=\"74\">36<\/td>\n<td width=\"115\">14.5<\/td>\n<td width=\"118\">522<\/td>\n<td width=\"78\"><\/td>\n<\/tr>\n<tr>\n<td width=\"235\">Placa de revestimiento superior<\/td>\n<td width=\"99\">Pcs<\/td>\n<td width=\"74\">14<\/td>\n<td width=\"115\">15.7<\/td>\n<td width=\"118\">219.8<\/td>\n<td width=\"78\"><\/td>\n<\/tr>\n<tr>\n<td width=\"235\">Placa de revestimiento del arco<\/td>\n<td width=\"99\">Pcs<\/td>\n<td width=\"74\">42<\/td>\n<td width=\"115\">14.55<\/td>\n<td width=\"118\">611.1<\/td>\n<td width=\"78\"><\/td>\n<\/tr>\n<tr>\n<td width=\"235\">Placa puente<\/td>\n<td width=\"99\">Pcs<\/td>\n<td width=\"74\">4<\/td>\n<td width=\"115\">10.1<\/td>\n<td width=\"118\">40.4<\/td>\n<td width=\"78\"><\/td>\n<\/tr>\n<tr>\n<td width=\"235\">Placa de revestimiento de la puerta<\/td>\n<td width=\"99\">Pcs<\/td>\n<td width=\"74\">12<\/td>\n<td width=\"115\">11.75<\/td>\n<td width=\"118\">141<\/td>\n<td width=\"78\"><\/td>\n<\/tr>\n<tr>\n<td width=\"235\">Placa de revestimiento lateral cuadrada superior<\/td>\n<td width=\"99\">Pcs<\/td>\n<td width=\"74\">12<\/td>\n<td width=\"115\">16.45<\/td>\n<td width=\"118\">197.4<\/td>\n<td width=\"78\"><\/td>\n<\/tr>\n<tr>\n<td width=\"235\">Placa de revestimiento lateral rectangular superior<\/td>\n<td width=\"99\">Pcs<\/td>\n<td width=\"74\">4<\/td>\n<td width=\"115\">24.45<\/td>\n<td width=\"118\">97.8<\/td>\n<td width=\"78\"><\/td>\n<\/tr>\n<tr>\n<td width=\"235\">Placa de revestimiento lateral axial cuadrada superior<\/td>\n<td width=\"99\">Pcs<\/td>\n<td width=\"74\">4<\/td>\n<td width=\"115\">14.75<\/td>\n<td width=\"118\">59<\/td>\n<td width=\"78\">\u6b63\u53cd\u54042\u4ef6<\/td>\n<\/tr>\n<tr>\n<td width=\"235\">Placa de revestimiento lateral axial rectangular superior<\/td>\n<td width=\"99\">Pcs<\/td>\n<td width=\"74\">4<\/td>\n<td width=\"115\">23.25<\/td>\n<td width=\"118\">93<\/td>\n<td width=\"78\">\u6b63\u53cd\u54042\u4ef6<\/td>\n<\/tr>\n<tr>\n<td width=\"235\">Placa de revestimiento lateral inferior en forma de abanico<\/td>\n<td width=\"99\">Pcs<\/td>\n<td width=\"74\">4<\/td>\n<td width=\"115\">32.6<\/td>\n<td width=\"118\">130.4<\/td>\n<td width=\"78\">\u6b63\u53cd\u54042\u4ef6<\/td>\n<\/tr>\n<tr>\n<td width=\"235\">Placa de revestimiento lateral axial inferior<\/td>\n<td width=\"99\">Pcs<\/td>\n<td width=\"74\">4<\/td>\n<td width=\"115\">29.45<\/td>\n<td width=\"118\">117.8<\/td>\n<td width=\"78\"><\/td>\n<\/tr>\n<tr>\n<td width=\"235\">Placa de revestimiento lateral central inferior<\/td>\n<td width=\"99\">Pcs<\/td>\n<td width=\"74\">4<\/td>\n<td width=\"115\">29.45<\/td>\n<td width=\"118\">117.8<\/td>\n<td width=\"78\">\u6b63\u53cd\u54042\u4ef6<\/td>\n<\/tr>\n<tr>\n<td width=\"235\">Brazo mezclador<\/td>\n<td width=\"99\">Pcs<\/td>\n<td width=\"74\">36<\/td>\n<td width=\"115\">44.65<\/td>\n<td width=\"118\">1607.4<\/td>\n<td width=\"78\"><\/td>\n<\/tr>\n<\/tbody>\n<\/table>\n<p><img fetchpriority=\"high\" decoding=\"async\" class=\"wp-image-3550 alignleft\" src=\"https:\/\/miningspareparts.com\/wp-content\/uploads\/2024\/01\/Mixer-And-Wear-Parts1-239x300.webp\" alt=\"\" width=\"498\" height=\"625\" srcset=\"https:\/\/miningspareparts.com\/wp-content\/uploads\/2024\/01\/Mixer-And-Wear-Parts1-239x300.webp 239w, https:\/\/miningspareparts.com\/wp-content\/uploads\/2024\/01\/Mixer-And-Wear-Parts1-817x1024.webp 817w, https:\/\/miningspareparts.com\/wp-content\/uploads\/2024\/01\/Mixer-And-Wear-Parts1-768x963.webp 768w, https:\/\/miningspareparts.com\/wp-content\/uploads\/2024\/01\/Mixer-And-Wear-Parts1-1226x1536.webp 1226w, https:\/\/miningspareparts.com\/wp-content\/uploads\/2024\/01\/Mixer-And-Wear-Parts1-1634x2048.webp 1634w, https:\/\/miningspareparts.com\/wp-content\/uploads\/2024\/01\/Mixer-And-Wear-Parts1-600x752.webp 600w, https:\/\/miningspareparts.com\/wp-content\/uploads\/2024\/01\/Mixer-And-Wear-Parts1.webp 2037w\" sizes=\"(max-width: 498px) 100vw, 498px\" \/><span style=\"font-size: 16px\">\u00a0<\/span><img decoding=\"async\" class=\"wp-image-3551 alignnone\" style=\"font-weight: inherit\" src=\"https:\/\/miningspareparts.com\/wp-content\/uploads\/2024\/01\/Mixer-And-Wear-Parts2-210x300.webp\" alt=\"\" width=\"454\" height=\"649\" srcset=\"https:\/\/miningspareparts.com\/wp-content\/uploads\/2024\/01\/Mixer-And-Wear-Parts2-210x300.webp 210w, https:\/\/miningspareparts.com\/wp-content\/uploads\/2024\/01\/Mixer-And-Wear-Parts2-600x856.webp 600w\" sizes=\"(max-width: 454px) 100vw, 454px\" \/><\/p>\n<p>Como fabricante l\u00edder de palas mezcladoras de doble eje, brazos mezcladores y revestimientos DG-MACHINERY DG5000, damos prioridad al suministro de componentes de alta calidad que destacan por su sustituci\u00f3n original, asistencia posventa y durabilidad.<\/p>\n<p>Adem\u00e1s de los recambios originales, ofrecemos un completo servicio posventa para satisfacer las diversas necesidades de nuestros clientes. Nuestro dedicado equipo de atenci\u00f3n al cliente ofrece asistencia r\u00e1pida, orientaci\u00f3n t\u00e9cnica y piezas de repuesto f\u00e1cilmente disponibles, garantizando un tiempo de inactividad m\u00ednimo y la m\u00e1xima productividad para sus operaciones.<\/p>\n<p>Adem\u00e1s, nuestras palas, brazos mezcladores y camisas son famosos por su excepcional durabilidad, capaz de soportar las rigurosas exigencias de las aplicaciones de mezclado de alta resistencia. Fabricados con materiales de alta calidad y sometidos a estrictas medidas de control de calidad, nuestros componentes presentan una resistencia superior al desgaste, lo que minimiza la necesidad de sustituciones frecuentes y reduce los costes de mantenimiento.<\/p>\n<p>Nuestro compromiso con la excelencia va m\u00e1s all\u00e1 del mero suministro de productos fiables. Invertimos continuamente en investigaci\u00f3n y desarrollo para innovar y mejorar el rendimiento de nuestros componentes de mezcladoras, manteni\u00e9ndonos a la vanguardia de los avances tecnol\u00f3gicos del sector.<\/p>\n<p>En conclusi\u00f3n, nuestras palas, brazos mezcladores y camisas para mezcladoras de doble eje DG-MACHINERY DG5000 ofrecen un valor inigualable gracias a su compatibilidad con los recambios originales, una amplia asistencia posventa y una durabilidad excepcional. As\u00f3ciese con nosotros para obtener soluciones fiables que optimicen la eficiencia y longevidad de su equipo de mezclado.<\/p>","protected":false},"excerpt":{"rendered":"<p>Modelos:DG-MACHINERY DG5000<\/p>","protected":false},"featured_media":2377,"template":"","meta":{"_uag_custom_page_level_css":"","site-sidebar-layout":"default","site-content-layout":"","ast-site-content-layout":"default","site-content-style":"default","site-sidebar-style":"default","ast-global-header-display":"","ast-banner-title-visibility":"","ast-main-header-display":"","ast-hfb-above-header-display":"","ast-hfb-below-header-display":"","ast-hfb-mobile-header-display":"","site-post-title":"","ast-breadcrumbs-content":"","ast-featured-img":"","footer-sml-layout":"","ast-disable-related-posts":"","theme-transparent-header-meta":"default","adv-header-id-meta":"","stick-header-meta":"default","header-above-stick-meta":"","header-main-stick-meta":"","header-below-stick-meta":"","astra-migrate-meta-layouts":"set","ast-page-background-enabled":"default","ast-page-background-meta":{"desktop":{"background-color":"var(--ast-global-color-4)","background-image":"","background-repeat":"repeat","background-position":"center center","background-size":"auto","background-attachment":"scroll","background-type":"","background-media":"","overlay-type":"","overlay-color":"","overlay-opacity":"","overlay-gradient":""},"tablet":{"background-color":"","background-image":"","background-repeat":"repeat","background-position":"center center","background-size":"auto","background-attachment":"scroll","background-type":"","background-media":"","overlay-type":"","overlay-color":"","overlay-opacity":"","overlay-gradient":""},"mobile":{"background-color":"","background-image":"","background-repeat":"repeat","background-position":"center center","background-size":"auto","background-attachment":"scroll","background-type":"","background-media":"","overlay-type":"","overlay-color":"","overlay-opacity":"","overlay-gradient":""}},"ast-content-background-meta":{"desktop":{"background-color":"var(--ast-global-color-5)","background-image":"","background-repeat":"repeat","background-position":"center center","background-size":"auto","background-attachment":"scroll","background-type":"","background-media":"","overlay-type":"","overlay-color":"","overlay-opacity":"","overlay-gradient":""},"tablet":{"background-color":"var(--ast-global-color-5)","background-image":"","background-repeat":"repeat","background-position":"center center","background-size":"auto","background-attachment":"scroll","background-type":"","background-media":"","overlay-type":"","overlay-color":"","overlay-opacity":"","overlay-gradient":""},"mobile":{"background-color":"var(--ast-global-color-5)","background-image":"","background-repeat":"repeat","background-position":"center center","background-size":"auto","background-attachment":"scroll","background-type":"","background-media":"","overlay-type":"","overlay-color":"","overlay-opacity":"","overlay-gradient":""}}},"product_brand":[],"product_cat":[275,82],"product_tag":[268,288,269],"class_list":{"0":"post-2378","1":"product","2":"type-product","3":"status-publish","4":"has-post-thumbnail","6":"product_cat-other","7":"product_cat-asphalt-mixer-parts","8":"product_tag-blade","9":"product_tag-concrete-mixer","10":"product_tag-mixing-arm","11":"desktop-align-left","12":"tablet-align-left","13":"mobile-align-left","14":"ast-product-gallery-layout-horizontal-slider","15":"ast-product-gallery-with-no-image","16":"ast-product-single-variable","17":"ast-product-tabs-layout-horizontal","19":"first","20":"instock","21":"shipping-taxable","22":"purchasable","23":"product-type-variable"},"yoast_head":"<!-- This site is optimized with the Yoast SEO plugin v27.4 - https:\/\/yoast.com\/product\/yoast-seo-wordpress\/ -->\n<title>DG-MACHINERY DG5000 Mixer And Parts - Crusher parts, Slurry Pump Parts, Excavator shovel parts<\/title>\n<meta name=\"description\" content=\"DG-MACHINERY DG5000 twin-shaft mixer components ensure original replacement, guaranteeing optimal performance and compatibility with your equipment.\" \/>\n<meta name=\"robots\" content=\"index, follow, max-snippet:-1, max-image-preview:large, max-video-preview:-1\" \/>\n<link rel=\"canonical\" href=\"https:\/\/miningspareparts.com\/es\/producto\/dg-machinery-dg5000-mixer-and-parts\/\" \/>\n<meta property=\"og:locale\" content=\"es_MX\" \/>\n<meta property=\"og:type\" content=\"article\" \/>\n<meta property=\"og:title\" content=\"DG-MACHINERY DG5000 Mixer And Parts - Crusher parts, Slurry Pump Parts, Excavator shovel parts\" \/>\n<meta property=\"og:description\" content=\"DG-MACHINERY DG5000 twin-shaft mixer components ensure original replacement, guaranteeing optimal performance and compatibility with your equipment.\" \/>\n<meta property=\"og:url\" content=\"https:\/\/miningspareparts.com\/es\/producto\/dg-machinery-dg5000-mixer-and-parts\/\" \/>\n<meta property=\"og:site_name\" content=\"Crusher parts, Slurry Pump Parts, Excavator shovel parts\" \/>\n<meta property=\"article:modified_time\" content=\"2024-02-22T09:12:19+00:00\" \/>\n<meta property=\"og:image\" content=\"https:\/\/miningspareparts.com\/wp-content\/uploads\/2024\/01\/DG-MACHINERY-DG5000.webp\" \/>\n\t<meta property=\"og:image:width\" content=\"550\" \/>\n\t<meta property=\"og:image:height\" content=\"413\" \/>\n\t<meta property=\"og:image:type\" content=\"image\/webp\" \/>\n<meta name=\"twitter:card\" content=\"summary_large_image\" \/>\n<meta name=\"twitter:label1\" content=\"Tiempo de lectura\" \/>\n\t<meta name=\"twitter:data1\" content=\"3 minutos\" \/>\n<script type=\"application\/ld+json\" class=\"yoast-schema-graph\">{\"@context\":\"https:\\\/\\\/schema.org\",\"@graph\":[{\"@type\":\"WebPage\",\"@id\":\"https:\\\/\\\/miningspareparts.com\\\/product\\\/dg-machinery-dg5000-mixer-and-parts\\\/\",\"url\":\"https:\\\/\\\/miningspareparts.com\\\/product\\\/dg-machinery-dg5000-mixer-and-parts\\\/\",\"name\":\"DG-MACHINERY DG5000 Mixer And Parts - Crusher parts, Slurry Pump Parts, Excavator shovel parts\",\"isPartOf\":{\"@id\":\"https:\\\/\\\/miningspareparts.com\\\/#website\"},\"primaryImageOfPage\":{\"@id\":\"https:\\\/\\\/miningspareparts.com\\\/product\\\/dg-machinery-dg5000-mixer-and-parts\\\/#primaryimage\"},\"image\":{\"@id\":\"https:\\\/\\\/miningspareparts.com\\\/product\\\/dg-machinery-dg5000-mixer-and-parts\\\/#primaryimage\"},\"thumbnailUrl\":\"https:\\\/\\\/miningspareparts.com\\\/wp-content\\\/uploads\\\/2024\\\/01\\\/DG-MACHINERY-DG5000.webp\",\"datePublished\":\"2024-01-03T05:47:16+00:00\",\"dateModified\":\"2024-02-22T09:12:19+00:00\",\"description\":\"DG-MACHINERY DG5000 twin-shaft mixer components ensure original replacement, guaranteeing optimal performance and compatibility with your equipment.\",\"breadcrumb\":{\"@id\":\"https:\\\/\\\/miningspareparts.com\\\/product\\\/dg-machinery-dg5000-mixer-and-parts\\\/#breadcrumb\"},\"inLanguage\":\"es\",\"potentialAction\":[{\"@type\":\"ReadAction\",\"target\":[\"https:\\\/\\\/miningspareparts.com\\\/product\\\/dg-machinery-dg5000-mixer-and-parts\\\/\"]}]},{\"@type\":\"ImageObject\",\"inLanguage\":\"es\",\"@id\":\"https:\\\/\\\/miningspareparts.com\\\/product\\\/dg-machinery-dg5000-mixer-and-parts\\\/#primaryimage\",\"url\":\"https:\\\/\\\/miningspareparts.com\\\/wp-content\\\/uploads\\\/2024\\\/01\\\/DG-MACHINERY-DG5000.webp\",\"contentUrl\":\"https:\\\/\\\/miningspareparts.com\\\/wp-content\\\/uploads\\\/2024\\\/01\\\/DG-MACHINERY-DG5000.webp\",\"width\":550,\"height\":413},{\"@type\":\"BreadcrumbList\",\"@id\":\"https:\\\/\\\/miningspareparts.com\\\/product\\\/dg-machinery-dg5000-mixer-and-parts\\\/#breadcrumb\",\"itemListElement\":[{\"@type\":\"ListItem\",\"position\":1,\"name\":\"Home\",\"item\":\"https:\\\/\\\/miningspareparts.com\\\/\"},{\"@type\":\"ListItem\",\"position\":2,\"name\":\"Premium Mining Wear And Spare Parts\",\"item\":\"https:\\\/\\\/miningspareparts.com\\\/shop\\\/\"},{\"@type\":\"ListItem\",\"position\":3,\"name\":\"DG-MACHINERY DG5000 Mixer And Parts\"}]},{\"@type\":\"WebSite\",\"@id\":\"https:\\\/\\\/miningspareparts.com\\\/#website\",\"url\":\"https:\\\/\\\/miningspareparts.com\\\/\",\"name\":\"Crusher parts , Concrete Mixer Parts, Slurry Pump Parts, Mining Spares\",\"description\":\"Mining Wear &amp; Spare Parts Supplier\",\"publisher\":{\"@id\":\"https:\\\/\\\/miningspareparts.com\\\/#organization\"},\"potentialAction\":[{\"@type\":\"SearchAction\",\"target\":{\"@type\":\"EntryPoint\",\"urlTemplate\":\"https:\\\/\\\/miningspareparts.com\\\/?s={search_term_string}\"},\"query-input\":{\"@type\":\"PropertyValueSpecification\",\"valueRequired\":true,\"valueName\":\"search_term_string\"}}],\"inLanguage\":\"es\"},{\"@type\":\"Organization\",\"@id\":\"https:\\\/\\\/miningspareparts.com\\\/#organization\",\"name\":\"Crusher parts , Concrete Mixer Parts, Slurry Pump Parts, Mining Spares\",\"url\":\"https:\\\/\\\/miningspareparts.com\\\/\",\"logo\":{\"@type\":\"ImageObject\",\"inLanguage\":\"es\",\"@id\":\"https:\\\/\\\/miningspareparts.com\\\/#\\\/schema\\\/logo\\\/image\\\/\",\"url\":\"https:\\\/\\\/miningspareparts.com\\\/wp-content\\\/uploads\\\/2025\\\/04\\\/cropped-cropped-logo\u6b63\u65b9\u5f62.png\",\"contentUrl\":\"https:\\\/\\\/miningspareparts.com\\\/wp-content\\\/uploads\\\/2025\\\/04\\\/cropped-cropped-logo\u6b63\u65b9\u5f62.png\",\"width\":511,\"height\":171,\"caption\":\"Crusher parts , Concrete Mixer Parts, Slurry Pump Parts, Mining Spares\"},\"image\":{\"@id\":\"https:\\\/\\\/miningspareparts.com\\\/#\\\/schema\\\/logo\\\/image\\\/\"}}]}<\/script>\n<!-- \/ Yoast SEO plugin. -->","yoast_head_json":{"title":"DG-MACHINERY DG5000 Mixer And Parts - Crusher parts, Slurry Pump Parts, Excavator shovel parts","description":"DG-MACHINERY DG5000 twin-shaft mixer components ensure original replacement, guaranteeing optimal performance and compatibility with your equipment.","robots":{"index":"index","follow":"follow","max-snippet":"max-snippet:-1","max-image-preview":"max-image-preview:large","max-video-preview":"max-video-preview:-1"},"canonical":"https:\/\/miningspareparts.com\/es\/producto\/dg-machinery-dg5000-mixer-and-parts\/","og_locale":"es_MX","og_type":"article","og_title":"DG-MACHINERY DG5000 Mixer And Parts - Crusher parts, Slurry Pump Parts, Excavator shovel parts","og_description":"DG-MACHINERY DG5000 twin-shaft mixer components ensure original replacement, guaranteeing optimal performance and compatibility with your equipment.","og_url":"https:\/\/miningspareparts.com\/es\/producto\/dg-machinery-dg5000-mixer-and-parts\/","og_site_name":"Crusher parts, Slurry Pump Parts, Excavator shovel parts","article_modified_time":"2024-02-22T09:12:19+00:00","og_image":[{"width":550,"height":413,"url":"https:\/\/miningspareparts.com\/wp-content\/uploads\/2024\/01\/DG-MACHINERY-DG5000.webp","type":"image\/webp"}],"twitter_card":"summary_large_image","twitter_misc":{"Tiempo de lectura":"3 minutos"},"schema":{"@context":"https:\/\/schema.org","@graph":[{"@type":"WebPage","@id":"https:\/\/miningspareparts.com\/product\/dg-machinery-dg5000-mixer-and-parts\/","url":"https:\/\/miningspareparts.com\/product\/dg-machinery-dg5000-mixer-and-parts\/","name":"DG-MACHINERY DG5000 Mixer And Parts - Crusher parts, Slurry Pump Parts, Excavator shovel parts","isPartOf":{"@id":"https:\/\/miningspareparts.com\/#website"},"primaryImageOfPage":{"@id":"https:\/\/miningspareparts.com\/product\/dg-machinery-dg5000-mixer-and-parts\/#primaryimage"},"image":{"@id":"https:\/\/miningspareparts.com\/product\/dg-machinery-dg5000-mixer-and-parts\/#primaryimage"},"thumbnailUrl":"https:\/\/miningspareparts.com\/wp-content\/uploads\/2024\/01\/DG-MACHINERY-DG5000.webp","datePublished":"2024-01-03T05:47:16+00:00","dateModified":"2024-02-22T09:12:19+00:00","description":"DG-MACHINERY DG5000 twin-shaft mixer components ensure original replacement, guaranteeing optimal performance and compatibility with your equipment.","breadcrumb":{"@id":"https:\/\/miningspareparts.com\/product\/dg-machinery-dg5000-mixer-and-parts\/#breadcrumb"},"inLanguage":"es","potentialAction":[{"@type":"ReadAction","target":["https:\/\/miningspareparts.com\/product\/dg-machinery-dg5000-mixer-and-parts\/"]}]},{"@type":"ImageObject","inLanguage":"es","@id":"https:\/\/miningspareparts.com\/product\/dg-machinery-dg5000-mixer-and-parts\/#primaryimage","url":"https:\/\/miningspareparts.com\/wp-content\/uploads\/2024\/01\/DG-MACHINERY-DG5000.webp","contentUrl":"https:\/\/miningspareparts.com\/wp-content\/uploads\/2024\/01\/DG-MACHINERY-DG5000.webp","width":550,"height":413},{"@type":"BreadcrumbList","@id":"https:\/\/miningspareparts.com\/product\/dg-machinery-dg5000-mixer-and-parts\/#breadcrumb","itemListElement":[{"@type":"ListItem","position":1,"name":"Home","item":"https:\/\/miningspareparts.com\/"},{"@type":"ListItem","position":2,"name":"Premium Mining Wear And Spare Parts","item":"https:\/\/miningspareparts.com\/shop\/"},{"@type":"ListItem","position":3,"name":"DG-MACHINERY DG5000 Mixer And Parts"}]},{"@type":"WebSite","@id":"https:\/\/miningspareparts.com\/#website","url":"https:\/\/miningspareparts.com\/","name":"Crusher parts , Concrete Mixer Parts, Slurry Pump Parts, Mining Spares","description":"Mining Wear &amp; Spare Parts Supplier","publisher":{"@id":"https:\/\/miningspareparts.com\/#organization"},"potentialAction":[{"@type":"SearchAction","target":{"@type":"EntryPoint","urlTemplate":"https:\/\/miningspareparts.com\/?s={search_term_string}"},"query-input":{"@type":"PropertyValueSpecification","valueRequired":true,"valueName":"search_term_string"}}],"inLanguage":"es"},{"@type":"Organization","@id":"https:\/\/miningspareparts.com\/#organization","name":"Crusher parts , Concrete Mixer Parts, Slurry Pump Parts, Mining Spares","url":"https:\/\/miningspareparts.com\/","logo":{"@type":"ImageObject","inLanguage":"es","@id":"https:\/\/miningspareparts.com\/#\/schema\/logo\/image\/","url":"https:\/\/miningspareparts.com\/wp-content\/uploads\/2025\/04\/cropped-cropped-logo\u6b63\u65b9\u5f62.png","contentUrl":"https:\/\/miningspareparts.com\/wp-content\/uploads\/2025\/04\/cropped-cropped-logo\u6b63\u65b9\u5f62.png","width":511,"height":171,"caption":"Crusher parts , Concrete Mixer Parts, Slurry Pump Parts, Mining Spares"},"image":{"@id":"https:\/\/miningspareparts.com\/#\/schema\/logo\/image\/"}}]}},"uagb_featured_image_src":{"full":["https:\/\/miningspareparts.com\/wp-content\/uploads\/2024\/01\/DG-MACHINERY-DG5000.webp",550,413,false],"thumbnail":["https:\/\/miningspareparts.com\/wp-content\/uploads\/2024\/01\/DG-MACHINERY-DG5000-150x150.webp",150,150,true],"medium":["https:\/\/miningspareparts.com\/wp-content\/uploads\/2024\/01\/DG-MACHINERY-DG5000-300x225.webp",300,225,true],"medium_large":["https:\/\/miningspareparts.com\/wp-content\/uploads\/2024\/01\/DG-MACHINERY-DG5000.webp",550,413,false],"large":["https:\/\/miningspareparts.com\/wp-content\/uploads\/2024\/01\/DG-MACHINERY-DG5000.webp",550,413,false],"1536x1536":["https:\/\/miningspareparts.com\/wp-content\/uploads\/2024\/01\/DG-MACHINERY-DG5000.webp",550,413,false],"2048x2048":["https:\/\/miningspareparts.com\/wp-content\/uploads\/2024\/01\/DG-MACHINERY-DG5000.webp",550,413,false],"trp-custom-language-flag":["https:\/\/miningspareparts.com\/wp-content\/uploads\/2024\/01\/DG-MACHINERY-DG5000.webp",16,12,false],"woocommerce_thumbnail":["https:\/\/miningspareparts.com\/wp-content\/uploads\/2024\/01\/DG-MACHINERY-DG5000-300x300.webp",300,300,true],"woocommerce_single":["https:\/\/miningspareparts.com\/wp-content\/uploads\/2024\/01\/DG-MACHINERY-DG5000.webp",550,413,false],"woocommerce_gallery_thumbnail":["https:\/\/miningspareparts.com\/wp-content\/uploads\/2024\/01\/DG-MACHINERY-DG5000-100x100.webp",100,100,true]},"uagb_author_info":{"display_name":"Miningspareparts","author_link":"https:\/\/miningspareparts.com\/es\/author\/"},"uagb_comment_info":0,"uagb_excerpt":"Models:DG-MACHINERY DG5000","_links":{"self":[{"href":"https:\/\/miningspareparts.com\/es\/wp-json\/wp\/v2\/product\/2378","targetHints":{"allow":["GET"]}}],"collection":[{"href":"https:\/\/miningspareparts.com\/es\/wp-json\/wp\/v2\/product"}],"about":[{"href":"https:\/\/miningspareparts.com\/es\/wp-json\/wp\/v2\/types\/product"}],"wp:featuredmedia":[{"embeddable":true,"href":"https:\/\/miningspareparts.com\/es\/wp-json\/wp\/v2\/media\/2377"}],"wp:attachment":[{"href":"https:\/\/miningspareparts.com\/es\/wp-json\/wp\/v2\/media?parent=2378"}],"wp:term":[{"taxonomy":"product_brand","embeddable":true,"href":"https:\/\/miningspareparts.com\/es\/wp-json\/wp\/v2\/product_brand?post=2378"},{"taxonomy":"product_cat","embeddable":true,"href":"https:\/\/miningspareparts.com\/es\/wp-json\/wp\/v2\/product_cat?post=2378"},{"taxonomy":"product_tag","embeddable":true,"href":"https:\/\/miningspareparts.com\/es\/wp-json\/wp\/v2\/product_tag?post=2378"}],"curies":[{"name":"wp","href":"https:\/\/api.w.org\/{rel}","templated":true}]}}