{"id":3891,"date":"2024-03-19T04:44:22","date_gmt":"2024-03-19T04:44:22","guid":{"rendered":"https:\/\/miningspareparts.com\/?post_type=product&#038;p=3891"},"modified":"2024-03-19T04:51:51","modified_gmt":"2024-03-19T04:51:51","slug":"trio-tv95-vsi-crusher-and-parts","status":"publish","type":"product","link":"https:\/\/miningspareparts.com\/es\/producto\/trio-tv95-vsi-crusher-and-parts\/","title":{"rendered":"Trio TV95 VSI Trituradora Y Piezas"},"content":{"rendered":"<p><strong>He aqu\u00ed una descripci\u00f3n de Trio TV95 VSI Crusher And Parts<\/strong><\/p>\n<table width=\"596\">\n<tbody>\n<tr>\n<td colspan=\"5\" width=\"596\">TV95<\/td>\n<\/tr>\n<tr>\n<td width=\"212\">Nombre del art\u00edculo<\/td>\n<td colspan=\"2\" width=\"192\">C\u00f3digo del art\u00edculo<\/td>\n<td width=\"96\">CANT<\/td>\n<td width=\"96\">Peso<\/td>\n<\/tr>\n<tr>\n<td width=\"212\">Conjunto del rotor<\/td>\n<td colspan=\"2\" width=\"192\">TVS325.00(YL)<\/td>\n<td width=\"96\">1<\/td>\n<td width=\"96\">712<\/td>\n<\/tr>\n<tr>\n<td width=\"212\">Bastidor del rotor<\/td>\n<td colspan=\"2\" width=\"192\">TVS325.1<\/td>\n<td width=\"96\">1<\/td>\n<td width=\"96\">159<\/td>\n<\/tr>\n<tr>\n<td width=\"212\">Placa de desgaste<\/td>\n<td colspan=\"2\" width=\"192\">TVS325-5<\/td>\n<td width=\"96\">10<\/td>\n<td width=\"96\">10<\/td>\n<\/tr>\n<tr>\n<td width=\"212\">Punta de tungsteno (Out)<\/td>\n<td colspan=\"2\" width=\"192\">TVS325.3(YL)<\/td>\n<td width=\"96\">5<\/td>\n<td width=\"96\">9<\/td>\n<\/tr>\n<tr>\n<td width=\"212\">Distrubuidor del Centro<\/td>\n<td colspan=\"2\" width=\"192\">TVS325-802<\/td>\n<td width=\"96\">1<\/td>\n<td width=\"96\">48<\/td>\n<\/tr>\n<tr>\n<td width=\"212\">Anillo de alimentaci\u00f3n<\/td>\n<td colspan=\"2\" width=\"192\">TVS325-3<\/td>\n<td width=\"96\">1<\/td>\n<td width=\"96\">37<\/td>\n<\/tr>\n<tr>\n<td width=\"212\">Barra de desgaste vertical<\/td>\n<td colspan=\"2\" width=\"192\">TV325-6<\/td>\n<td width=\"96\">5<\/td>\n<td width=\"96\">9<\/td>\n<\/tr>\n<tr>\n<td width=\"212\">Placa de protecci\u00f3n inferior<\/td>\n<td colspan=\"2\" width=\"192\">TV325B.4<\/td>\n<td width=\"96\">1<\/td>\n<td width=\"96\">75<\/td>\n<\/tr>\n<tr>\n<td width=\"212\">Placa de protecci\u00f3n superior<\/td>\n<td colspan=\"2\" width=\"192\">TVR325.2<\/td>\n<td width=\"96\">1<\/td>\n<td width=\"96\">62<\/td>\n<\/tr>\n<tr>\n<td width=\"212\">Punta del rotor<\/td>\n<td colspan=\"2\" width=\"192\">TVI356.4 2A(YL)<\/td>\n<td width=\"96\">5<\/td>\n<td width=\"96\">9<\/td>\n<\/tr>\n<tr>\n<td width=\"212\">Anillo distribuidor<\/td>\n<td colspan=\"2\" width=\"192\">TVS325-801<\/td>\n<td width=\"96\">1<\/td>\n<td width=\"96\">27<\/td>\n<\/tr>\n<tr>\n<td width=\"212\">Liner vertical<\/td>\n<td colspan=\"2\" width=\"192\">TVS325-9<\/td>\n<td width=\"96\">5<\/td>\n<td width=\"96\">1<\/td>\n<\/tr>\n<tr>\n<td width=\"212\">Rotor Boss<\/td>\n<td colspan=\"2\" width=\"192\">TV325-10<\/td>\n<td width=\"96\">1<\/td>\n<td width=\"96\">90<\/td>\n<\/tr>\n<tr>\n<td width=\"212\">Casquillo<\/td>\n<td colspan=\"2\" width=\"192\">TV325-11<\/td>\n<td width=\"96\">1<\/td>\n<td width=\"96\">12<\/td>\n<\/tr>\n<tr>\n<td width=\"212\">Placa de doce agujeros<\/td>\n<td colspan=\"2\" width=\"192\">TV325-9<\/td>\n<td width=\"96\">1<\/td>\n<td width=\"96\">7<\/td>\n<\/tr>\n<\/tbody>\n<\/table>\n<p><span style=\"font-size: 16px\">Como fabricante de piezas resistentes al desgaste para VSI Trio TV95, nos especializamos en proporcionar componentes de repuesto originales que ofrecen calidad, durabilidad y rendimiento inigualables. Nuestro compromiso con la excelencia garantiza que nuestras piezas de repuesto no solo cumplen, sino que superan los est\u00e1ndares establecidos por el fabricante de equipos originales (OEM).<\/span><\/p>\n<p>Las piezas de repuesto originales est\u00e1n dise\u00f1adas para integrarse perfectamente con la Trio TV95 VSI, ofreciendo un ajuste preciso y una funcionalidad \u00f3ptima. Al adherirse a las especificaciones y materiales originales, estas piezas garantizan la compatibilidad y fiabilidad, preservando la eficiencia y longevidad de la m\u00e1quina.<\/p>\n<p>Adem\u00e1s de las piezas de repuesto originales, ofrecemos soluciones posventa que proporcionan alternativas rentables sin comprometer la calidad. Nuestras piezas de repuesto se someten a rigurosas pruebas para garantizar su durabilidad y rendimiento, ofreciendo a los clientes una opci\u00f3n fiable y asequible para el mantenimiento de sus m\u00e1quinas CANICA 2000 VSI.<\/p>\n<p>Adem\u00e1s, nuestro enfoque en la durabilidad nos distingue en la industria. Entendemos las duras condiciones de operaci\u00f3n que soportan las m\u00e1quinas Trio TV95 VSI, y nuestras piezas resistentes al desgaste est\u00e1n dise\u00f1adas para soportar estos desaf\u00edos. A trav\u00e9s de materiales y procesos de fabricaci\u00f3n avanzados, nos aseguramos de que nuestras piezas ofrezcan una resistencia al desgaste superior, reduciendo la necesidad de reemplazos frecuentes y minimizando el tiempo de inactividad.<\/p>\n<p>Nuestra dedicaci\u00f3n a la calidad, precisi\u00f3n y durabilidad nos convierte en un socio de confianza para los operadores y equipos de mantenimiento que conf\u00edan en las m\u00e1quinas Trio TV95 VSI. Ya se trate de piezas de repuesto originales, alternativas del mercado de accesorios o componentes duraderos resistentes al desgaste, ofrecemos soluciones que optimizan el rendimiento y maximizan la vida \u00fatil de su equipo.<\/p>","protected":false},"excerpt":{"rendered":"<p>Aqu\u00ed est\u00e1 una descripci\u00f3n de la Trio TV95 VSI Crusher And Parts TV95 Item Name Item Code QTY Weight Rotor Assembly TVS325.00(YL) 1 712 Rotor Frame TVS325.1 1 159 Wear Plate TVS325-5 10 10 Tungsten Tip (Out) TVS325.3(YL) 5 9 Center Distrubutor TVS325-802 1 48 Feed Eye Ring TVS325-3 1 37 Vertical Wear Bar Out [...].<\/p>","protected":false},"featured_media":3906,"template":"","meta":{"_uag_custom_page_level_css":"","site-sidebar-layout":"default","site-content-layout":"","ast-site-content-layout":"default","site-content-style":"default","site-sidebar-style":"default","ast-global-header-display":"","ast-banner-title-visibility":"","ast-main-header-display":"","ast-hfb-above-header-display":"","ast-hfb-below-header-display":"","ast-hfb-mobile-header-display":"","site-post-title":"","ast-breadcrumbs-content":"","ast-featured-img":"","footer-sml-layout":"","ast-disable-related-posts":"","theme-transparent-header-meta":"default","adv-header-id-meta":"","stick-header-meta":"default","header-above-stick-meta":"","header-main-stick-meta":"","header-below-stick-meta":"","astra-migrate-meta-layouts":"set","ast-page-background-enabled":"default","ast-page-background-meta":{"desktop":{"background-color":"var(--ast-global-color-4)","background-image":"","background-repeat":"repeat","background-position":"center center","background-size":"auto","background-attachment":"scroll","background-type":"","background-media":"","overlay-type":"","overlay-color":"","overlay-opacity":"","overlay-gradient":""},"tablet":{"background-color":"","background-image":"","background-repeat":"repeat","background-position":"center center","background-size":"auto","background-attachment":"scroll","background-type":"","background-media":"","overlay-type":"","overlay-color":"","overlay-opacity":"","overlay-gradient":""},"mobile":{"background-color":"","background-image":"","background-repeat":"repeat","background-position":"center center","background-size":"auto","background-attachment":"scroll","background-type":"","background-media":"","overlay-type":"","overlay-color":"","overlay-opacity":"","overlay-gradient":""}},"ast-content-background-meta":{"desktop":{"background-color":"var(--ast-global-color-5)","background-image":"","background-repeat":"repeat","background-position":"center center","background-size":"auto","background-attachment":"scroll","background-type":"","background-media":"","overlay-type":"","overlay-color":"","overlay-opacity":"","overlay-gradient":""},"tablet":{"background-color":"var(--ast-global-color-5)","background-image":"","background-repeat":"repeat","background-position":"center center","background-size":"auto","background-attachment":"scroll","background-type":"","background-media":"","overlay-type":"","overlay-color":"","overlay-opacity":"","overlay-gradient":""},"mobile":{"background-color":"var(--ast-global-color-5)","background-image":"","background-repeat":"repeat","background-position":"center center","background-size":"auto","background-attachment":"scroll","background-type":"","background-media":"","overlay-type":"","overlay-color":"","overlay-opacity":"","overlay-gradient":""}}},"product_brand":[],"product_cat":[45,48,44],"product_tag":[],"class_list":{"0":"post-3891","1":"product","2":"type-product","3":"status-publish","4":"has-post-thumbnail","6":"product_cat-barmac","7":"product_cat-trio","8":"product_cat-vsi-liner","9":"desktop-align-left","10":"tablet-align-left","11":"mobile-align-left","12":"ast-product-gallery-layout-horizontal-slider","13":"ast-product-single-variable","14":"ast-product-tabs-layout-horizontal","16":"first","17":"instock","18":"shipping-taxable","19":"purchasable","20":"product-type-variable"},"yoast_head":"<!-- This site is optimized with the Yoast SEO plugin v27.4 - https:\/\/yoast.com\/product\/yoast-seo-wordpress\/ -->\n<title>Trio TV95 VSI Crusher And Parts- Crusher parts, Slurry Pump Parts, Excavator shovel parts<\/title>\n<meta name=\"description\" content=\"The Trio TV95 VSI sand making machine offers superior wear resistance and serves as an ideal choice for original replacements.\" \/>\n<meta name=\"robots\" content=\"index, follow, max-snippet:-1, max-image-preview:large, max-video-preview:-1\" \/>\n<link rel=\"canonical\" href=\"https:\/\/miningspareparts.com\/es\/producto\/trio-tv95-vsi-crusher-and-parts\/\" \/>\n<meta property=\"og:locale\" content=\"es_MX\" \/>\n<meta property=\"og:type\" content=\"article\" \/>\n<meta property=\"og:title\" content=\"Trio TV95 VSI Crusher And Parts- Crusher parts, Slurry Pump Parts, Excavator shovel parts\" \/>\n<meta property=\"og:description\" content=\"The Trio TV95 VSI sand making machine offers superior wear resistance and serves as an ideal choice for original replacements.\" \/>\n<meta property=\"og:url\" content=\"https:\/\/miningspareparts.com\/es\/producto\/trio-tv95-vsi-crusher-and-parts\/\" \/>\n<meta property=\"og:site_name\" content=\"Crusher parts, Slurry Pump Parts, Excavator shovel parts\" \/>\n<meta property=\"article:modified_time\" content=\"2024-03-19T04:51:51+00:00\" \/>\n<meta property=\"og:image\" content=\"https:\/\/miningspareparts.com\/wp-content\/uploads\/2024\/03\/TV325-9.jpg\" \/>\n\t<meta property=\"og:image:width\" content=\"800\" \/>\n\t<meta property=\"og:image:height\" content=\"800\" \/>\n\t<meta property=\"og:image:type\" content=\"image\/jpeg\" \/>\n<meta name=\"twitter:card\" content=\"summary_large_image\" \/>\n<meta name=\"twitter:label1\" content=\"Tiempo de lectura\" \/>\n\t<meta name=\"twitter:data1\" content=\"2 minutos\" \/>\n<script type=\"application\/ld+json\" class=\"yoast-schema-graph\">{\"@context\":\"https:\\\/\\\/schema.org\",\"@graph\":[{\"@type\":\"WebPage\",\"@id\":\"https:\\\/\\\/miningspareparts.com\\\/product\\\/trio-tv95-vsi-crusher-and-parts\\\/\",\"url\":\"https:\\\/\\\/miningspareparts.com\\\/product\\\/trio-tv95-vsi-crusher-and-parts\\\/\",\"name\":\"Trio TV95 VSI Crusher And Parts- Crusher parts, Slurry Pump Parts, Excavator shovel parts\",\"isPartOf\":{\"@id\":\"https:\\\/\\\/miningspareparts.com\\\/#website\"},\"primaryImageOfPage\":{\"@id\":\"https:\\\/\\\/miningspareparts.com\\\/product\\\/trio-tv95-vsi-crusher-and-parts\\\/#primaryimage\"},\"image\":{\"@id\":\"https:\\\/\\\/miningspareparts.com\\\/product\\\/trio-tv95-vsi-crusher-and-parts\\\/#primaryimage\"},\"thumbnailUrl\":\"https:\\\/\\\/miningspareparts.com\\\/wp-content\\\/uploads\\\/2024\\\/03\\\/TV325-9.jpg\",\"datePublished\":\"2024-03-19T04:44:22+00:00\",\"dateModified\":\"2024-03-19T04:51:51+00:00\",\"description\":\"The Trio TV95 VSI sand making machine offers superior wear resistance and serves as an ideal choice for original replacements.\",\"breadcrumb\":{\"@id\":\"https:\\\/\\\/miningspareparts.com\\\/product\\\/trio-tv95-vsi-crusher-and-parts\\\/#breadcrumb\"},\"inLanguage\":\"es\",\"potentialAction\":[{\"@type\":\"ReadAction\",\"target\":[\"https:\\\/\\\/miningspareparts.com\\\/product\\\/trio-tv95-vsi-crusher-and-parts\\\/\"]}]},{\"@type\":\"ImageObject\",\"inLanguage\":\"es\",\"@id\":\"https:\\\/\\\/miningspareparts.com\\\/product\\\/trio-tv95-vsi-crusher-and-parts\\\/#primaryimage\",\"url\":\"https:\\\/\\\/miningspareparts.com\\\/wp-content\\\/uploads\\\/2024\\\/03\\\/TV325-9.jpg\",\"contentUrl\":\"https:\\\/\\\/miningspareparts.com\\\/wp-content\\\/uploads\\\/2024\\\/03\\\/TV325-9.jpg\",\"width\":800,\"height\":800},{\"@type\":\"BreadcrumbList\",\"@id\":\"https:\\\/\\\/miningspareparts.com\\\/product\\\/trio-tv95-vsi-crusher-and-parts\\\/#breadcrumb\",\"itemListElement\":[{\"@type\":\"ListItem\",\"position\":1,\"name\":\"Home\",\"item\":\"https:\\\/\\\/miningspareparts.com\\\/\"},{\"@type\":\"ListItem\",\"position\":2,\"name\":\"Premium Mining Wear And Spare Parts\",\"item\":\"https:\\\/\\\/miningspareparts.com\\\/shop\\\/\"},{\"@type\":\"ListItem\",\"position\":3,\"name\":\"Trio TV95 VSI Crusher And Parts\"}]},{\"@type\":\"WebSite\",\"@id\":\"https:\\\/\\\/miningspareparts.com\\\/#website\",\"url\":\"https:\\\/\\\/miningspareparts.com\\\/\",\"name\":\"Crusher parts , Concrete Mixer Parts, Slurry Pump Parts, Mining Spares\",\"description\":\"Mining Wear &amp; Spare Parts Supplier\",\"publisher\":{\"@id\":\"https:\\\/\\\/miningspareparts.com\\\/#organization\"},\"potentialAction\":[{\"@type\":\"SearchAction\",\"target\":{\"@type\":\"EntryPoint\",\"urlTemplate\":\"https:\\\/\\\/miningspareparts.com\\\/?s={search_term_string}\"},\"query-input\":{\"@type\":\"PropertyValueSpecification\",\"valueRequired\":true,\"valueName\":\"search_term_string\"}}],\"inLanguage\":\"es\"},{\"@type\":\"Organization\",\"@id\":\"https:\\\/\\\/miningspareparts.com\\\/#organization\",\"name\":\"Crusher parts , Concrete Mixer Parts, Slurry Pump Parts, Mining Spares\",\"url\":\"https:\\\/\\\/miningspareparts.com\\\/\",\"logo\":{\"@type\":\"ImageObject\",\"inLanguage\":\"es\",\"@id\":\"https:\\\/\\\/miningspareparts.com\\\/#\\\/schema\\\/logo\\\/image\\\/\",\"url\":\"https:\\\/\\\/miningspareparts.com\\\/wp-content\\\/uploads\\\/2025\\\/04\\\/cropped-cropped-logo\u6b63\u65b9\u5f62.png\",\"contentUrl\":\"https:\\\/\\\/miningspareparts.com\\\/wp-content\\\/uploads\\\/2025\\\/04\\\/cropped-cropped-logo\u6b63\u65b9\u5f62.png\",\"width\":511,\"height\":171,\"caption\":\"Crusher parts , Concrete Mixer Parts, Slurry Pump Parts, Mining Spares\"},\"image\":{\"@id\":\"https:\\\/\\\/miningspareparts.com\\\/#\\\/schema\\\/logo\\\/image\\\/\"}}]}<\/script>\n<!-- \/ Yoast SEO plugin. -->","yoast_head_json":{"title":"Trio TV95 VSI Crusher And Parts- Crusher parts, Slurry Pump Parts, Excavator shovel parts","description":"The Trio TV95 VSI sand making machine offers superior wear resistance and serves as an ideal choice for original replacements.","robots":{"index":"index","follow":"follow","max-snippet":"max-snippet:-1","max-image-preview":"max-image-preview:large","max-video-preview":"max-video-preview:-1"},"canonical":"https:\/\/miningspareparts.com\/es\/producto\/trio-tv95-vsi-crusher-and-parts\/","og_locale":"es_MX","og_type":"article","og_title":"Trio TV95 VSI Crusher And Parts- Crusher parts, Slurry Pump Parts, Excavator shovel parts","og_description":"The Trio TV95 VSI sand making machine offers superior wear resistance and serves as an ideal choice for original replacements.","og_url":"https:\/\/miningspareparts.com\/es\/producto\/trio-tv95-vsi-crusher-and-parts\/","og_site_name":"Crusher parts, Slurry Pump Parts, Excavator shovel parts","article_modified_time":"2024-03-19T04:51:51+00:00","og_image":[{"width":800,"height":800,"url":"https:\/\/miningspareparts.com\/wp-content\/uploads\/2024\/03\/TV325-9.jpg","type":"image\/jpeg"}],"twitter_card":"summary_large_image","twitter_misc":{"Tiempo de lectura":"2 minutos"},"schema":{"@context":"https:\/\/schema.org","@graph":[{"@type":"WebPage","@id":"https:\/\/miningspareparts.com\/product\/trio-tv95-vsi-crusher-and-parts\/","url":"https:\/\/miningspareparts.com\/product\/trio-tv95-vsi-crusher-and-parts\/","name":"Trio TV95 VSI Crusher And Parts- Crusher parts, Slurry Pump Parts, Excavator shovel parts","isPartOf":{"@id":"https:\/\/miningspareparts.com\/#website"},"primaryImageOfPage":{"@id":"https:\/\/miningspareparts.com\/product\/trio-tv95-vsi-crusher-and-parts\/#primaryimage"},"image":{"@id":"https:\/\/miningspareparts.com\/product\/trio-tv95-vsi-crusher-and-parts\/#primaryimage"},"thumbnailUrl":"https:\/\/miningspareparts.com\/wp-content\/uploads\/2024\/03\/TV325-9.jpg","datePublished":"2024-03-19T04:44:22+00:00","dateModified":"2024-03-19T04:51:51+00:00","description":"The Trio TV95 VSI sand making machine offers superior wear resistance and serves as an ideal choice for original replacements.","breadcrumb":{"@id":"https:\/\/miningspareparts.com\/product\/trio-tv95-vsi-crusher-and-parts\/#breadcrumb"},"inLanguage":"es","potentialAction":[{"@type":"ReadAction","target":["https:\/\/miningspareparts.com\/product\/trio-tv95-vsi-crusher-and-parts\/"]}]},{"@type":"ImageObject","inLanguage":"es","@id":"https:\/\/miningspareparts.com\/product\/trio-tv95-vsi-crusher-and-parts\/#primaryimage","url":"https:\/\/miningspareparts.com\/wp-content\/uploads\/2024\/03\/TV325-9.jpg","contentUrl":"https:\/\/miningspareparts.com\/wp-content\/uploads\/2024\/03\/TV325-9.jpg","width":800,"height":800},{"@type":"BreadcrumbList","@id":"https:\/\/miningspareparts.com\/product\/trio-tv95-vsi-crusher-and-parts\/#breadcrumb","itemListElement":[{"@type":"ListItem","position":1,"name":"Home","item":"https:\/\/miningspareparts.com\/"},{"@type":"ListItem","position":2,"name":"Premium Mining Wear And Spare Parts","item":"https:\/\/miningspareparts.com\/shop\/"},{"@type":"ListItem","position":3,"name":"Trio TV95 VSI Crusher And Parts"}]},{"@type":"WebSite","@id":"https:\/\/miningspareparts.com\/#website","url":"https:\/\/miningspareparts.com\/","name":"Crusher parts , Concrete Mixer Parts, Slurry Pump Parts, Mining Spares","description":"Mining Wear &amp; Spare Parts Supplier","publisher":{"@id":"https:\/\/miningspareparts.com\/#organization"},"potentialAction":[{"@type":"SearchAction","target":{"@type":"EntryPoint","urlTemplate":"https:\/\/miningspareparts.com\/?s={search_term_string}"},"query-input":{"@type":"PropertyValueSpecification","valueRequired":true,"valueName":"search_term_string"}}],"inLanguage":"es"},{"@type":"Organization","@id":"https:\/\/miningspareparts.com\/#organization","name":"Crusher parts , Concrete Mixer Parts, Slurry Pump Parts, Mining Spares","url":"https:\/\/miningspareparts.com\/","logo":{"@type":"ImageObject","inLanguage":"es","@id":"https:\/\/miningspareparts.com\/#\/schema\/logo\/image\/","url":"https:\/\/miningspareparts.com\/wp-content\/uploads\/2025\/04\/cropped-cropped-logo\u6b63\u65b9\u5f62.png","contentUrl":"https:\/\/miningspareparts.com\/wp-content\/uploads\/2025\/04\/cropped-cropped-logo\u6b63\u65b9\u5f62.png","width":511,"height":171,"caption":"Crusher parts , Concrete Mixer Parts, Slurry Pump Parts, Mining Spares"},"image":{"@id":"https:\/\/miningspareparts.com\/#\/schema\/logo\/image\/"}}]}},"uagb_featured_image_src":{"full":["https:\/\/miningspareparts.com\/wp-content\/uploads\/2024\/03\/TV325-9.jpg",800,800,false],"thumbnail":["https:\/\/miningspareparts.com\/wp-content\/uploads\/2024\/03\/TV325-9-150x150.jpg",150,150,true],"medium":["https:\/\/miningspareparts.com\/wp-content\/uploads\/2024\/03\/TV325-9-300x300.jpg",300,300,true],"medium_large":["https:\/\/miningspareparts.com\/wp-content\/uploads\/2024\/03\/TV325-9-768x768.jpg",768,768,true],"large":["https:\/\/miningspareparts.com\/wp-content\/uploads\/2024\/03\/TV325-9.jpg",800,800,false],"1536x1536":["https:\/\/miningspareparts.com\/wp-content\/uploads\/2024\/03\/TV325-9.jpg",800,800,false],"2048x2048":["https:\/\/miningspareparts.com\/wp-content\/uploads\/2024\/03\/TV325-9.jpg",800,800,false],"trp-custom-language-flag":["https:\/\/miningspareparts.com\/wp-content\/uploads\/2024\/03\/TV325-9.jpg",12,12,false],"woocommerce_thumbnail":["https:\/\/miningspareparts.com\/wp-content\/uploads\/2024\/03\/TV325-9-300x300.jpg",300,300,true],"woocommerce_single":["https:\/\/miningspareparts.com\/wp-content\/uploads\/2024\/03\/TV325-9-600x600.jpg",600,600,true],"woocommerce_gallery_thumbnail":["https:\/\/miningspareparts.com\/wp-content\/uploads\/2024\/03\/TV325-9-100x100.jpg",100,100,true]},"uagb_author_info":{"display_name":"Miningspareparts","author_link":"https:\/\/miningspareparts.com\/es\/author\/"},"uagb_comment_info":0,"uagb_excerpt":"Here is a description of the Trio TV95 VSI Crusher And Parts TV95 Item Name Item Code QTY Weight Rotor Assembly TVS325.00(YL) 1 712 Rotor Frame TVS325.1 1 159 Wear Plate TVS325-5 10 10 Tungsten Tip (Out) TVS325.3(YL) 5 9 Center Distrubutor TVS325-802 1 48 Feed Eye Ring TVS325-3 1 37 Vertical Wear Bar Out&hellip;","_links":{"self":[{"href":"https:\/\/miningspareparts.com\/es\/wp-json\/wp\/v2\/product\/3891","targetHints":{"allow":["GET"]}}],"collection":[{"href":"https:\/\/miningspareparts.com\/es\/wp-json\/wp\/v2\/product"}],"about":[{"href":"https:\/\/miningspareparts.com\/es\/wp-json\/wp\/v2\/types\/product"}],"wp:featuredmedia":[{"embeddable":true,"href":"https:\/\/miningspareparts.com\/es\/wp-json\/wp\/v2\/media\/3906"}],"wp:attachment":[{"href":"https:\/\/miningspareparts.com\/es\/wp-json\/wp\/v2\/media?parent=3891"}],"wp:term":[{"taxonomy":"product_brand","embeddable":true,"href":"https:\/\/miningspareparts.com\/es\/wp-json\/wp\/v2\/product_brand?post=3891"},{"taxonomy":"product_cat","embeddable":true,"href":"https:\/\/miningspareparts.com\/es\/wp-json\/wp\/v2\/product_cat?post=3891"},{"taxonomy":"product_tag","embeddable":true,"href":"https:\/\/miningspareparts.com\/es\/wp-json\/wp\/v2\/product_tag?post=3891"}],"curies":[{"name":"wp","href":"https:\/\/api.w.org\/{rel}","templated":true}]}}