{"id":3924,"date":"2024-03-21T11:29:54","date_gmt":"2024-03-21T11:29:54","guid":{"rendered":"https:\/\/miningspareparts.com\/?post_type=product&#038;p=3924"},"modified":"2026-02-10T06:30:36","modified_gmt":"2026-02-10T06:30:36","slug":"symons-3ft-bowl-liner-mantle","status":"publish","type":"product","link":"https:\/\/miningspareparts.com\/es\/producto\/symons-3ft-bowl-liner-mantle\/","title":{"rendered":"Symons 3FT Bowl Liner Mantle"},"content":{"rendered":"<p><strong>He aqu\u00ed la descripci\u00f3n de Symons 3FT Bowl Liner<\/strong><\/p>\n<h1>Revestimiento c\u00f3nico Symons<\/h1>\n<p><strong><u>Piezas de la trituradora de cono Nordberg Spring:<\/u><\/strong><\/p>\n<p>Art\u00edculos: C\u00f3ncavo, Manto, Anillo C\u00f3ncavo, Segmento C\u00f3ncavo, Revestimiento de Taz\u00f3n, Revestimiento de Cono, Protector de Brazo, Placa de Distribuci\u00f3n<\/p>\n<p>Material de fundici\u00f3n: Acero al manganeso austens\u00edtico (Mn14, M14Cr2, Mn18Cr2, Mn22Cr2)<\/p>\n<p>M\u00e9todo de fundici\u00f3n: Colado en arena con vidrio al agua<\/p>\n<p>Material aplicable:Grava, granito, basalto, mineral, piedra caliza, arenisca, Quatz, adoquines<\/p>\n<p>Aplicaciones: Miner\u00eda , Canteras, Construcci\u00f3n ,Cemento y Materiales ,Demolici\u00f3n,ReciclajeD<\/p>\n<table style=\"font-weight: 400;\">\n<tbody>\n<tr>\n<td width=\"150\"><strong>C\u00f3digo del art\u00edculo<\/strong><\/td>\n<td width=\"167\"><strong>Nombre del art\u00edculo<\/strong><\/td>\n<td width=\"155\"><strong>Descripci\u00f3n<\/strong><\/td>\n<td width=\"195\"><strong>Modelo<\/strong><\/td>\n<td width=\"125\"><strong>Peso<\/strong><\/td>\n<\/tr>\n<tr>\n<td>50133001<\/td>\n<td width=\"167\">Manto,Extra Grueso<\/td>\n<td width=\"155\">Revestimiento c\u00f3nico<\/td>\n<td width=\"195\">Symons 3FT SH<\/td>\n<td>240<\/td>\n<\/tr>\n<tr>\n<td>48295701<\/td>\n<td width=\"167\">Liner,Extra Grueso<\/td>\n<td width=\"155\">Revestimiento c\u00f3nico<\/td>\n<td width=\"195\">Symons 3FT SH<\/td>\n<td>230<\/td>\n<\/tr>\n<tr>\n<td>50133401<\/td>\n<td width=\"167\">Manto,Grueso<\/td>\n<td width=\"155\">Revestimiento c\u00f3nico<\/td>\n<td width=\"195\">Symons 3FT SH<\/td>\n<td>240<\/td>\n<\/tr>\n<tr>\n<td>48297591<\/td>\n<td width=\"167\">Revestimiento grueso<\/td>\n<td width=\"155\">Revestimiento c\u00f3nico<\/td>\n<td width=\"195\">Symons 3FT SH<\/td>\n<td>370<\/td>\n<\/tr>\n<tr>\n<td>50133801<\/td>\n<td width=\"167\">Manto,Medio<\/td>\n<td width=\"155\">Revestimiento c\u00f3nico<\/td>\n<td width=\"195\">Symons 3FT SH<\/td>\n<td>240<\/td>\n<\/tr>\n<tr>\n<td>48295161<\/td>\n<td width=\"167\">Revestimiento de cuenco, mediano<\/td>\n<td width=\"155\">Revestimiento c\u00f3nico<\/td>\n<td width=\"195\">Symons 3FT SH<\/td>\n<td>310<\/td>\n<\/tr>\n<tr>\n<td>50132801<\/td>\n<td width=\"167\">Manto,Fino<\/td>\n<td width=\"155\">Revestimiento c\u00f3nico<\/td>\n<td width=\"195\">Symons 3FT SH<\/td>\n<td>240<\/td>\n<\/tr>\n<tr>\n<td>48295296<\/td>\n<td width=\"167\">Liner,Fino<\/td>\n<td width=\"155\">Revestimiento c\u00f3nico<\/td>\n<td width=\"195\">Symons 3FT SH<\/td>\n<td>300<\/td>\n<\/tr>\n<tr>\n<td>50132401<\/td>\n<td width=\"167\">Manto,Extra Grueso<\/td>\n<td width=\"155\">Revestimiento c\u00f3nico<\/td>\n<td width=\"195\">Symons 3FT STD<\/td>\n<td>330<\/td>\n<\/tr>\n<tr>\n<td>48296511<\/td>\n<td width=\"167\">Liner,Extra Grueso<\/td>\n<td width=\"155\">Revestimiento c\u00f3nico<\/td>\n<td width=\"195\">Symons 3FT STD<\/td>\n<td>350<\/td>\n<\/tr>\n<tr>\n<td>50132501<\/td>\n<td width=\"167\">Manto,Grueso<\/td>\n<td width=\"155\">Revestimiento c\u00f3nico<\/td>\n<td width=\"195\">Symons 3FT STD<\/td>\n<td>280<\/td>\n<\/tr>\n<tr>\n<td>48296576<\/td>\n<td width=\"167\">Revestimiento grueso<\/td>\n<td width=\"155\">Revestimiento c\u00f3nico<\/td>\n<td width=\"195\">Symons 3FT STD<\/td>\n<td>380<\/td>\n<\/tr>\n<tr>\n<td>50132201<\/td>\n<td width=\"167\">Manto,Fino<\/td>\n<td width=\"155\">Revestimiento c\u00f3nico<\/td>\n<td width=\"195\">Symons 3FT STD<\/td>\n<td>280<\/td>\n<\/tr>\n<tr>\n<td>48296646<\/td>\n<td width=\"167\">Liner,Fino<\/td>\n<td width=\"155\">Revestimiento c\u00f3nico<\/td>\n<td width=\"195\">Symons 3FT STD<\/td>\n<td>380<\/td>\n<\/tr>\n<\/tbody>\n<\/table>\n<table width=\"996\">\n<tbody>\n<tr>\n<td width=\"142\">Marca<\/td>\n<td width=\"210\">Serie<\/td>\n<td width=\"644\">Modelo de trituradora<\/td>\n<\/tr>\n<tr>\n<td rowspan=\"3\">Mettso<\/td>\n<td>Trituradora de mand\u00edbulas serie C<\/td>\n<td>C80, C96 ,C106, C116, C120, C130, C150, C160, C200<\/td>\n<\/tr>\n<tr>\n<td>Trituradora de cono serie GP<\/td>\n<td>GP100, GP100S, GP200S, GP220, GP330, GP300S, GP550, GP500S,GP7<\/td>\n<\/tr>\n<tr>\n<td>Trituradora de cono serie HP<\/td>\n<td>HP100, HP200, HP300, HP400, HP500, HP3, HP4, HP5, HP6, HP900<\/td>\n<\/tr>\n<tr>\n<td rowspan=\"3\">Sandvick<\/td>\n<td>Trituradora de mand\u00edbulas serie CJ<\/td>\n<td>CJ815, CJ615, CJ613, CJ612, CJ412, CJ411, CJ409, CJ211<\/td>\n<\/tr>\n<tr>\n<td>Trituradora de cono serie CH<\/td>\n<td>CH420, CH430, CH440, CH830i, CH840i, CH660, CH860i, CH865i, CH870i, CH880, CH890i, CH895i<\/td>\n<\/tr>\n<tr>\n<td>Trituradora de cono serie CS<\/td>\n<td>CS420, CS430, CS440, CS840i, CS660<\/td>\n<\/tr>\n<tr>\n<td rowspan=\"3\">Shanbao<\/td>\n<td>Trituradora de mand\u00edbulas serie PE<\/td>\n<td width=\"644\">PE150x250, PE250x400, PE400x600, PE500x750, PE600x900, PE750x1050, PE900x1200, PE100X1200, PE1200x1500, PE1500x1800.<\/td>\n<\/tr>\n<tr>\n<td>Trituradora de mand\u00edbulas serie PEX<\/td>\n<td>PEX250x750, PEX250x1000, PEX250x1200, PEX300x1300<\/td>\n<\/tr>\n<tr>\n<td>Trituradora de cono serie PY<\/td>\n<td>PYB\/PYD600, PYB\/PYZ\/PYD900, PYB\/PYZ\/PYD1200, PYB\/PYZ\/PYD1750, PYB\/PYD1750<\/td>\n<\/tr>\n<tr>\n<td>Symons<\/td>\n<td>Trituradora de cono serie FT<\/td>\n<td>2 PIES, 3 PIES, 4 PIES, 4-1\/4 PIES, 5-1\/2 PIES, 7 PIES<\/td>\n<\/tr>\n<tr>\n<td rowspan=\"3\">Terex MPS<\/td>\n<td>Trituradora de mand\u00edbulas serie JC\/JW\/JS<\/td>\n<td>JC2236, JC3660, JC5460, JW42, JW55, JS3750, JS4552<\/td>\n<\/tr>\n<tr>\n<td>Trituradora de cono serie TC\/TG<\/td>\n<td>TC1000, TC1150, TC1300, TG120, TG220, TG320, TG420, TG820, TG1020<\/td>\n<\/tr>\n<tr>\n<td>Trituradora de cono serie TGS\/MVP<\/td>\n<td>TGS120, TGS220, TGS320, TGS420, MVP380X MVP450X MVP550X,RC45III<\/td>\n<\/tr>\n<tr>\n<td rowspan=\"3\">Telsmith<\/td>\n<td>Trituradora de mand\u00edbulas serie H<\/td>\n<td>H2238,H2550.H3244,H3450.H4448,H5060,H3042,H3055.H3648.H3258.H3858<\/td>\n<\/tr>\n<tr>\n<td>Trituradora de conoSerie T<\/td>\n<td>T200\uff0cT300\uff0cT400\uff0cT500\uff0cT900.<\/td>\n<\/tr>\n<tr>\n<td>Trituradora de cono serie SBS\/SBX<\/td>\n<td>SBS38.SBS44.SBS52SBS57.SBS68.SBX44.SBX52.SBX57<\/td>\n<\/tr>\n<tr>\n<td style=\"text-align: center;\" colspan=\"3\">Otras marcas y dibujos personalizados por favor p\u00f3ngase en contacto con nosotros para promote@miningspareparts.com<\/td>\n<\/tr>\n<\/tbody>\n<\/table>\n<h5 style=\"text-align: center;\">Por qu\u00e9 elegirnos\uff1f<\/h5>\n<p>El revestimiento Symons 3FT Bowl Liner, meticulosamente fabricado por nuestro equipo de profesionales, garantiza un rendimiento \u00f3ptimo en las trituradoras de cono. Dise\u00f1ada con precisi\u00f3n, garantiza una eficacia de trituraci\u00f3n excepcional y prolonga la vida \u00fatil del equipo. Utilizando materiales de alta calidad y t\u00e9cnicas de fabricaci\u00f3n avanzadas, ofrecemos un revestimiento con una excepcional resistencia al desgaste, minimizando el tiempo de inactividad y los costes de mantenimiento. El revestimiento de taz\u00f3n Symons 3FT est\u00e1 dise\u00f1ado para soportar las rigurosas exigencias de las operaciones de trituraci\u00f3n, proporcionando resultados consistentes en diversas aplicaciones. Conf\u00ede en nuestro compromiso con la calidad, ya que la satisfacci\u00f3n del cliente y la fiabilidad son nuestras principales prioridades. Aumente el rendimiento y la vida \u00fatil de su trituradora de cono con nuestro revestimiento de taz\u00f3n Symons 3FT magn\u00edficamente dise\u00f1ado y fabricado. Garantizamos la excelencia en todos los aspectos.<\/p>","protected":false},"excerpt":{"rendered":"<p>He aqu\u00ed una descripci\u00f3n de la Symons 3FT Bowl Liner Symons Cono Bowl Liner Nordberg Spring Cone Crusher Parts: Art\u00edculos: C\u00f3ncavo, Manto, Anillo del C\u00f3ncavo, Segmento del C\u00f3ncavo, Revestimiento del Taz\u00f3n, Revestimiento del Cono, Protector del Brazo, Placa de Distribuci\u00f3n Material de Fundici\u00f3n: Acero al manganeso austens\u00edtico (Mn14, M14Cr2, Mn18Cr2, Mn22Cr2) M\u00e9todo de fundici\u00f3n: Colada en arena de vidrio de agua Material aplicable: Grava, granito, basalto, mineral, piedra caliza, piedra arenisca [...]<\/p>","protected":false},"featured_media":11162,"template":"","meta":{"_uag_custom_page_level_css":"","site-sidebar-layout":"default","site-content-layout":"","ast-site-content-layout":"default","site-content-style":"default","site-sidebar-style":"default","ast-global-header-display":"","ast-banner-title-visibility":"","ast-main-header-display":"","ast-hfb-above-header-display":"","ast-hfb-below-header-display":"","ast-hfb-mobile-header-display":"","site-post-title":"","ast-breadcrumbs-content":"","ast-featured-img":"","footer-sml-layout":"","ast-disable-related-posts":"","theme-transparent-header-meta":"default","adv-header-id-meta":"","stick-header-meta":"default","header-above-stick-meta":"","header-main-stick-meta":"","header-below-stick-meta":"","astra-migrate-meta-layouts":"set","ast-page-background-enabled":"default","ast-page-background-meta":{"desktop":{"background-color":"var(--ast-global-color-4)","background-image":"","background-repeat":"repeat","background-position":"center center","background-size":"auto","background-attachment":"scroll","background-type":"","background-media":"","overlay-type":"","overlay-color":"","overlay-opacity":"","overlay-gradient":""},"tablet":{"background-color":"","background-image":"","background-repeat":"repeat","background-position":"center center","background-size":"auto","background-attachment":"scroll","background-type":"","background-media":"","overlay-type":"","overlay-color":"","overlay-opacity":"","overlay-gradient":""},"mobile":{"background-color":"","background-image":"","background-repeat":"repeat","background-position":"center center","background-size":"auto","background-attachment":"scroll","background-type":"","background-media":"","overlay-type":"","overlay-color":"","overlay-opacity":"","overlay-gradient":""}},"ast-content-background-meta":{"desktop":{"background-color":"var(--ast-global-color-5)","background-image":"","background-repeat":"repeat","background-position":"center center","background-size":"auto","background-attachment":"scroll","background-type":"","background-media":"","overlay-type":"","overlay-color":"","overlay-opacity":"","overlay-gradient":""},"tablet":{"background-color":"var(--ast-global-color-5)","background-image":"","background-repeat":"repeat","background-position":"center center","background-size":"auto","background-attachment":"scroll","background-type":"","background-media":"","overlay-type":"","overlay-color":"","overlay-opacity":"","overlay-gradient":""},"mobile":{"background-color":"var(--ast-global-color-5)","background-image":"","background-repeat":"repeat","background-position":"center center","background-size":"auto","background-attachment":"scroll","background-type":"","background-media":"","overlay-type":"","overlay-color":"","overlay-opacity":"","overlay-gradient":""}}},"product_brand":[],"product_cat":[37,189],"product_tag":[205,215,204,214],"class_list":{"0":"post-3924","1":"product","2":"type-product","3":"status-publish","4":"has-post-thumbnail","6":"product_cat-bowl-liner","7":"product_cat-symons","8":"product_tag-bowl-liner","9":"product_tag-conecrusherparts","10":"product_tag-mantle","11":"product_tag-symons","12":"desktop-align-left","13":"tablet-align-left","14":"mobile-align-left","15":"ast-product-gallery-layout-horizontal-slider","16":"ast-product-single-variable","17":"ast-product-tabs-layout-horizontal","19":"first","20":"instock","21":"shipping-taxable","22":"purchasable","23":"product-type-variable"},"yoast_head":"<!-- This site is optimized with the Yoast SEO plugin v27.4 - https:\/\/yoast.com\/product\/yoast-seo-wordpress\/ -->\n<title>Symons 3FT Bowl Liner Cone Crusher- Crusher parts, Slurry Pump Parts, Excavator shovel parts<\/title>\n<meta name=\"description\" content=\"The Symons 3FT Bowl Liner is engineered to withstand the rigorous demands of crushing operations, providing consistent results across various applications.\" \/>\n<meta name=\"robots\" content=\"index, follow, max-snippet:-1, max-image-preview:large, max-video-preview:-1\" \/>\n<link rel=\"canonical\" href=\"https:\/\/miningspareparts.com\/es\/producto\/symons-3ft-bowl-liner-mantle\/\" \/>\n<meta property=\"og:locale\" content=\"es_MX\" \/>\n<meta property=\"og:type\" content=\"article\" \/>\n<meta property=\"og:title\" content=\"Symons 3FT Bowl Liner Cone Crusher- Crusher parts, Slurry Pump Parts, Excavator shovel parts\" \/>\n<meta property=\"og:description\" content=\"The Symons 3FT Bowl Liner is engineered to withstand the rigorous demands of crushing operations, providing consistent results across various applications.\" \/>\n<meta property=\"og:url\" content=\"https:\/\/miningspareparts.com\/es\/producto\/symons-3ft-bowl-liner-mantle\/\" \/>\n<meta property=\"og:site_name\" content=\"Crusher parts, Slurry Pump Parts, Excavator shovel parts\" \/>\n<meta property=\"article:modified_time\" content=\"2026-02-10T06:30:36+00:00\" \/>\n<meta property=\"og:image\" content=\"https:\/\/miningspareparts.com\/wp-content\/uploads\/2024\/03\/\u5706\u95253.webp\" \/>\n\t<meta property=\"og:image:width\" content=\"800\" \/>\n\t<meta property=\"og:image:height\" content=\"800\" \/>\n\t<meta property=\"og:image:type\" content=\"image\/webp\" \/>\n<meta name=\"twitter:card\" content=\"summary_large_image\" \/>\n<meta name=\"twitter:label1\" content=\"Tiempo de lectura\" \/>\n\t<meta name=\"twitter:data1\" content=\"3 minutos\" \/>\n<script type=\"application\/ld+json\" class=\"yoast-schema-graph\">{\"@context\":\"https:\\\/\\\/schema.org\",\"@graph\":[{\"@type\":\"WebPage\",\"@id\":\"https:\\\/\\\/miningspareparts.com\\\/product\\\/symons-3ft-bowl-liner-mantle\\\/\",\"url\":\"https:\\\/\\\/miningspareparts.com\\\/product\\\/symons-3ft-bowl-liner-mantle\\\/\",\"name\":\"Symons 3FT Bowl Liner Cone Crusher- Crusher parts, Slurry Pump Parts, Excavator shovel parts\",\"isPartOf\":{\"@id\":\"https:\\\/\\\/miningspareparts.com\\\/#website\"},\"primaryImageOfPage\":{\"@id\":\"https:\\\/\\\/miningspareparts.com\\\/product\\\/symons-3ft-bowl-liner-mantle\\\/#primaryimage\"},\"image\":{\"@id\":\"https:\\\/\\\/miningspareparts.com\\\/product\\\/symons-3ft-bowl-liner-mantle\\\/#primaryimage\"},\"thumbnailUrl\":\"https:\\\/\\\/miningspareparts.com\\\/wp-content\\\/uploads\\\/2024\\\/03\\\/\u5706\u95253.webp\",\"datePublished\":\"2024-03-21T11:29:54+00:00\",\"dateModified\":\"2026-02-10T06:30:36+00:00\",\"description\":\"The Symons 3FT Bowl Liner is engineered to withstand the rigorous demands of crushing operations, providing consistent results across various applications.\",\"breadcrumb\":{\"@id\":\"https:\\\/\\\/miningspareparts.com\\\/product\\\/symons-3ft-bowl-liner-mantle\\\/#breadcrumb\"},\"inLanguage\":\"es\",\"potentialAction\":[{\"@type\":\"ReadAction\",\"target\":[\"https:\\\/\\\/miningspareparts.com\\\/product\\\/symons-3ft-bowl-liner-mantle\\\/\"]}]},{\"@type\":\"ImageObject\",\"inLanguage\":\"es\",\"@id\":\"https:\\\/\\\/miningspareparts.com\\\/product\\\/symons-3ft-bowl-liner-mantle\\\/#primaryimage\",\"url\":\"https:\\\/\\\/miningspareparts.com\\\/wp-content\\\/uploads\\\/2024\\\/03\\\/\u5706\u95253.webp\",\"contentUrl\":\"https:\\\/\\\/miningspareparts.com\\\/wp-content\\\/uploads\\\/2024\\\/03\\\/\u5706\u95253.webp\",\"width\":800,\"height\":800,\"caption\":\"Symons 3FT Bowl Liner Mantle\"},{\"@type\":\"BreadcrumbList\",\"@id\":\"https:\\\/\\\/miningspareparts.com\\\/product\\\/symons-3ft-bowl-liner-mantle\\\/#breadcrumb\",\"itemListElement\":[{\"@type\":\"ListItem\",\"position\":1,\"name\":\"Home\",\"item\":\"https:\\\/\\\/miningspareparts.com\\\/\"},{\"@type\":\"ListItem\",\"position\":2,\"name\":\"Premium Mining Wear And Spare Parts\",\"item\":\"https:\\\/\\\/miningspareparts.com\\\/shop\\\/\"},{\"@type\":\"ListItem\",\"position\":3,\"name\":\"Symons 3FT Bowl Liner Mantle\"}]},{\"@type\":\"WebSite\",\"@id\":\"https:\\\/\\\/miningspareparts.com\\\/#website\",\"url\":\"https:\\\/\\\/miningspareparts.com\\\/\",\"name\":\"Crusher parts , Concrete Mixer Parts, Slurry Pump Parts, Mining Spares\",\"description\":\"Mining Wear &amp; Spare Parts Supplier\",\"publisher\":{\"@id\":\"https:\\\/\\\/miningspareparts.com\\\/#organization\"},\"potentialAction\":[{\"@type\":\"SearchAction\",\"target\":{\"@type\":\"EntryPoint\",\"urlTemplate\":\"https:\\\/\\\/miningspareparts.com\\\/?s={search_term_string}\"},\"query-input\":{\"@type\":\"PropertyValueSpecification\",\"valueRequired\":true,\"valueName\":\"search_term_string\"}}],\"inLanguage\":\"es\"},{\"@type\":\"Organization\",\"@id\":\"https:\\\/\\\/miningspareparts.com\\\/#organization\",\"name\":\"Crusher parts , Concrete Mixer Parts, Slurry Pump Parts, Mining Spares\",\"url\":\"https:\\\/\\\/miningspareparts.com\\\/\",\"logo\":{\"@type\":\"ImageObject\",\"inLanguage\":\"es\",\"@id\":\"https:\\\/\\\/miningspareparts.com\\\/#\\\/schema\\\/logo\\\/image\\\/\",\"url\":\"https:\\\/\\\/miningspareparts.com\\\/wp-content\\\/uploads\\\/2025\\\/04\\\/cropped-cropped-logo\u6b63\u65b9\u5f62.png\",\"contentUrl\":\"https:\\\/\\\/miningspareparts.com\\\/wp-content\\\/uploads\\\/2025\\\/04\\\/cropped-cropped-logo\u6b63\u65b9\u5f62.png\",\"width\":511,\"height\":171,\"caption\":\"Crusher parts , Concrete Mixer Parts, Slurry Pump Parts, Mining Spares\"},\"image\":{\"@id\":\"https:\\\/\\\/miningspareparts.com\\\/#\\\/schema\\\/logo\\\/image\\\/\"}}]}<\/script>\n<!-- \/ Yoast SEO plugin. -->","yoast_head_json":{"title":"Symons 3FT Bowl Liner Cone Crusher- Crusher parts, Slurry Pump Parts, Excavator shovel parts","description":"The Symons 3FT Bowl Liner is engineered to withstand the rigorous demands of crushing operations, providing consistent results across various applications.","robots":{"index":"index","follow":"follow","max-snippet":"max-snippet:-1","max-image-preview":"max-image-preview:large","max-video-preview":"max-video-preview:-1"},"canonical":"https:\/\/miningspareparts.com\/es\/producto\/symons-3ft-bowl-liner-mantle\/","og_locale":"es_MX","og_type":"article","og_title":"Symons 3FT Bowl Liner Cone Crusher- Crusher parts, Slurry Pump Parts, Excavator shovel parts","og_description":"The Symons 3FT Bowl Liner is engineered to withstand the rigorous demands of crushing operations, providing consistent results across various applications.","og_url":"https:\/\/miningspareparts.com\/es\/producto\/symons-3ft-bowl-liner-mantle\/","og_site_name":"Crusher parts, Slurry Pump Parts, Excavator shovel parts","article_modified_time":"2026-02-10T06:30:36+00:00","og_image":[{"width":800,"height":800,"url":"https:\/\/miningspareparts.com\/wp-content\/uploads\/2024\/03\/\u5706\u95253.webp","type":"image\/webp"}],"twitter_card":"summary_large_image","twitter_misc":{"Tiempo de lectura":"3 minutos"},"schema":{"@context":"https:\/\/schema.org","@graph":[{"@type":"WebPage","@id":"https:\/\/miningspareparts.com\/product\/symons-3ft-bowl-liner-mantle\/","url":"https:\/\/miningspareparts.com\/product\/symons-3ft-bowl-liner-mantle\/","name":"Symons 3FT Bowl Liner Cone Crusher- Crusher parts, Slurry Pump Parts, Excavator shovel parts","isPartOf":{"@id":"https:\/\/miningspareparts.com\/#website"},"primaryImageOfPage":{"@id":"https:\/\/miningspareparts.com\/product\/symons-3ft-bowl-liner-mantle\/#primaryimage"},"image":{"@id":"https:\/\/miningspareparts.com\/product\/symons-3ft-bowl-liner-mantle\/#primaryimage"},"thumbnailUrl":"https:\/\/miningspareparts.com\/wp-content\/uploads\/2024\/03\/\u5706\u95253.webp","datePublished":"2024-03-21T11:29:54+00:00","dateModified":"2026-02-10T06:30:36+00:00","description":"The Symons 3FT Bowl Liner is engineered to withstand the rigorous demands of crushing operations, providing consistent results across various applications.","breadcrumb":{"@id":"https:\/\/miningspareparts.com\/product\/symons-3ft-bowl-liner-mantle\/#breadcrumb"},"inLanguage":"es","potentialAction":[{"@type":"ReadAction","target":["https:\/\/miningspareparts.com\/product\/symons-3ft-bowl-liner-mantle\/"]}]},{"@type":"ImageObject","inLanguage":"es","@id":"https:\/\/miningspareparts.com\/product\/symons-3ft-bowl-liner-mantle\/#primaryimage","url":"https:\/\/miningspareparts.com\/wp-content\/uploads\/2024\/03\/\u5706\u95253.webp","contentUrl":"https:\/\/miningspareparts.com\/wp-content\/uploads\/2024\/03\/\u5706\u95253.webp","width":800,"height":800,"caption":"Symons 3FT Bowl Liner Mantle"},{"@type":"BreadcrumbList","@id":"https:\/\/miningspareparts.com\/product\/symons-3ft-bowl-liner-mantle\/#breadcrumb","itemListElement":[{"@type":"ListItem","position":1,"name":"Home","item":"https:\/\/miningspareparts.com\/"},{"@type":"ListItem","position":2,"name":"Premium Mining Wear And Spare Parts","item":"https:\/\/miningspareparts.com\/shop\/"},{"@type":"ListItem","position":3,"name":"Symons 3FT Bowl Liner Mantle"}]},{"@type":"WebSite","@id":"https:\/\/miningspareparts.com\/#website","url":"https:\/\/miningspareparts.com\/","name":"Crusher parts , Concrete Mixer Parts, Slurry Pump Parts, Mining Spares","description":"Mining Wear &amp; Spare Parts Supplier","publisher":{"@id":"https:\/\/miningspareparts.com\/#organization"},"potentialAction":[{"@type":"SearchAction","target":{"@type":"EntryPoint","urlTemplate":"https:\/\/miningspareparts.com\/?s={search_term_string}"},"query-input":{"@type":"PropertyValueSpecification","valueRequired":true,"valueName":"search_term_string"}}],"inLanguage":"es"},{"@type":"Organization","@id":"https:\/\/miningspareparts.com\/#organization","name":"Crusher parts , Concrete Mixer Parts, Slurry Pump Parts, Mining Spares","url":"https:\/\/miningspareparts.com\/","logo":{"@type":"ImageObject","inLanguage":"es","@id":"https:\/\/miningspareparts.com\/#\/schema\/logo\/image\/","url":"https:\/\/miningspareparts.com\/wp-content\/uploads\/2025\/04\/cropped-cropped-logo\u6b63\u65b9\u5f62.png","contentUrl":"https:\/\/miningspareparts.com\/wp-content\/uploads\/2025\/04\/cropped-cropped-logo\u6b63\u65b9\u5f62.png","width":511,"height":171,"caption":"Crusher parts , Concrete Mixer Parts, Slurry Pump Parts, Mining Spares"},"image":{"@id":"https:\/\/miningspareparts.com\/#\/schema\/logo\/image\/"}}]}},"uagb_featured_image_src":{"full":["https:\/\/miningspareparts.com\/wp-content\/uploads\/2024\/03\/\u5706\u95253.webp",800,800,false],"thumbnail":["https:\/\/miningspareparts.com\/wp-content\/uploads\/2024\/03\/\u5706\u95253-150x150.webp",150,150,true],"medium":["https:\/\/miningspareparts.com\/wp-content\/uploads\/2024\/03\/\u5706\u95253-300x300.webp",300,300,true],"medium_large":["https:\/\/miningspareparts.com\/wp-content\/uploads\/2024\/03\/\u5706\u95253-768x768.webp",768,768,true],"large":["https:\/\/miningspareparts.com\/wp-content\/uploads\/2024\/03\/\u5706\u95253.webp",800,800,false],"1536x1536":["https:\/\/miningspareparts.com\/wp-content\/uploads\/2024\/03\/\u5706\u95253.webp",800,800,false],"2048x2048":["https:\/\/miningspareparts.com\/wp-content\/uploads\/2024\/03\/\u5706\u95253.webp",800,800,false],"trp-custom-language-flag":["https:\/\/miningspareparts.com\/wp-content\/uploads\/2024\/03\/\u5706\u95253-12x12.webp",12,12,true],"woocommerce_thumbnail":["https:\/\/miningspareparts.com\/wp-content\/uploads\/2024\/03\/\u5706\u95253-300x300.webp",300,300,true],"woocommerce_single":["https:\/\/miningspareparts.com\/wp-content\/uploads\/2024\/03\/\u5706\u95253-600x600.webp",600,600,true],"woocommerce_gallery_thumbnail":["https:\/\/miningspareparts.com\/wp-content\/uploads\/2024\/03\/\u5706\u95253-100x100.webp",100,100,true]},"uagb_author_info":{"display_name":"Miningspareparts","author_link":"https:\/\/miningspareparts.com\/es\/author\/"},"uagb_comment_info":0,"uagb_excerpt":"Here is a description of the Symons 3FT\u00a0 Bowl Liner Symons Cone Bowl Liner Nordberg Spring Cone Crusher Parts: Items: Concave, Mantle, Concave Ring, Concave Segment , Bowl Liner,Cone Liner,Arm Guard, Distribution Plate Casting Material: Austenstic Manganese Steel (Mn14, M14Cr2, Mn18Cr2, Mn22Cr2) Casting Method: Water Glass Sand Casting Applicable Material:Gravel, Granite, Basalt, Ore, Limestone, Sandstone&hellip;","_links":{"self":[{"href":"https:\/\/miningspareparts.com\/es\/wp-json\/wp\/v2\/product\/3924","targetHints":{"allow":["GET"]}}],"collection":[{"href":"https:\/\/miningspareparts.com\/es\/wp-json\/wp\/v2\/product"}],"about":[{"href":"https:\/\/miningspareparts.com\/es\/wp-json\/wp\/v2\/types\/product"}],"wp:featuredmedia":[{"embeddable":true,"href":"https:\/\/miningspareparts.com\/es\/wp-json\/wp\/v2\/media\/11162"}],"wp:attachment":[{"href":"https:\/\/miningspareparts.com\/es\/wp-json\/wp\/v2\/media?parent=3924"}],"wp:term":[{"taxonomy":"product_brand","embeddable":true,"href":"https:\/\/miningspareparts.com\/es\/wp-json\/wp\/v2\/product_brand?post=3924"},{"taxonomy":"product_cat","embeddable":true,"href":"https:\/\/miningspareparts.com\/es\/wp-json\/wp\/v2\/product_cat?post=3924"},{"taxonomy":"product_tag","embeddable":true,"href":"https:\/\/miningspareparts.com\/es\/wp-json\/wp\/v2\/product_tag?post=3924"}],"curies":[{"name":"wp","href":"https:\/\/api.w.org\/{rel}","templated":true}]}}