{"id":3965,"date":"2024-03-22T04:57:06","date_gmt":"2024-03-22T04:57:06","guid":{"rendered":"https:\/\/miningspareparts.com\/?post_type=product&#038;p=3965"},"modified":"2025-11-25T03:01:37","modified_gmt":"2025-11-25T03:01:37","slug":"telsmith-gyrasphere-48s-cone-crusher-bolw-liner-and-mantle","status":"publish","type":"product","link":"https:\/\/miningspareparts.com\/es\/producto\/telsmith-gyrasphere-48s-cone-crusher-bolw-liner-and-mantle\/","title":{"rendered":"Gyrasphere 48S Revestimiento de pernos de trituradora de cono"},"content":{"rendered":"<p><strong>Aqu\u00ed hay una descripci\u00f3n de Telsmith Gyrasphere 48S Cone Crusher Bolw Liner And Mantle<\/strong><\/p>\n<table width=\"1042\">\n<tbody>\n<tr>\n<td width=\"142\">Marca<\/td>\n<td width=\"210\">Serie<\/td>\n<td width=\"690\">Modelo de trituradora<\/td>\n<\/tr>\n<tr>\n<td rowspan=\"3\">Mettso<\/td>\n<td>Trituradora de mand\u00edbulas serie C<\/td>\n<td>C80, C96 ,C106, C116, C120, C130, C150, C160, C200<\/td>\n<\/tr>\n<tr>\n<td>Trituradora de cono serie GP<\/td>\n<td>GP100, GP100S, GP200S, GP220, GP330, GP300S, GP550, GP500S,GP7<\/td>\n<\/tr>\n<tr>\n<td>Trituradora de cono serie HP<\/td>\n<td>HP100, HP200, HP300, HP400, HP500, HP3, HP4, HP5, HP6, HP900<\/td>\n<\/tr>\n<tr>\n<td rowspan=\"3\">Sandvick<\/td>\n<td>Trituradora de mand\u00edbulas serie CJ<\/td>\n<td>CJ815, CJ615, CJ613, CJ612, CJ412, CJ411, CJ409, CJ211<\/td>\n<\/tr>\n<tr>\n<td>Trituradora de cono serie CH<\/td>\n<td>CH420, CH430, CH440, CH830i, CH840i, CH660, CH860i, CH865i, CH870i, CH880, CH890i, CH895i<\/td>\n<\/tr>\n<tr>\n<td>Trituradora de cono serie CS<\/td>\n<td>CS420, CS430, CS440, CS840i, CS660<\/td>\n<\/tr>\n<tr>\n<td rowspan=\"3\">Shanbao<\/td>\n<td>Trituradora de mand\u00edbulas serie PE<\/td>\n<td width=\"690\">PE150x250, PE250x400, PE400x600, PE500x750, PE600x900, PE750x1050, PE900x1200, PE100X1200, PE1200x1500, PE1500x1800.<\/td>\n<\/tr>\n<tr>\n<td>Trituradora de mand\u00edbulas serie PEX<\/td>\n<td>PEX250x750, PEX250x1000, PEX250x1200, PEX300x1300<\/td>\n<\/tr>\n<tr>\n<td>Trituradora de cono serie PY<\/td>\n<td>PYB\/PYD600, PYB\/PYZ\/PYD900, PYB\/PYZ\/PYD1200, PYB\/PYZ\/PYD1750, PYB\/PYD1750<\/td>\n<\/tr>\n<tr>\n<td>Symons<\/td>\n<td>Trituradora de cono serie FT<\/td>\n<td>2 PIES, 3 PIES, 4 PIES, 4-1\/4 PIES, 5-1\/2 PIES, 7 PIES<\/td>\n<\/tr>\n<tr>\n<td rowspan=\"3\">Terex MPS<\/td>\n<td>Trituradora de mand\u00edbulas serie JC\/JW\/JS<\/td>\n<td>JC2236, JC3660, JC5460, JW42, JW55, JS3750, JS4552<\/td>\n<\/tr>\n<tr>\n<td>Trituradora de cono serie TC\/TG<\/td>\n<td>TC1000, TC1150, TC1300, TG120, TG220, TG320, TG420, TG820, TG1020<\/td>\n<\/tr>\n<tr>\n<td>Trituradora de cono serie TGS\/MVP<\/td>\n<td>TGS120, TGS220, TGS320, TGS420, MVP380X MVP450X MVP550X,RC45III<\/td>\n<\/tr>\n<tr>\n<td rowspan=\"4\">Telsmith<\/td>\n<td>Trituradora de mand\u00edbulas serie H<\/td>\n<td>H2238,H2550.H3244,H3450.H4448,H5060,H3042,H3055.H3648.H3258.H3858<\/td>\n<\/tr>\n<tr>\n<td>Trituradora de cono serie T<\/td>\n<td>T200, T300,T400, T500, T900.<\/td>\n<\/tr>\n<tr>\n<td>Serie Gyrasphere Cone<\/td>\n<td>24\u2033, 36\u2033Std, <a href=\"https:\/\/miningspareparts.com\/es\/producto\/telsmith-gyrasphere-36ft-cone-crusher-bolw-liner-and-mantle\/\">36FC<\/a>, 38H, 44\u2033, 48S\", 48FC<\/td>\n<\/tr>\n<tr>\n<td>Trituradora de cono serie SBS\/SBX<\/td>\n<td>SBS38, SBS44, SBS52, SBS57, SBS68, SBX44, SBX52, SBX57<\/td>\n<\/tr>\n<tr>\n<td rowspan=\"2\">Astec<\/td>\n<td>Pioneer Serie Mand\u00edbula Est\u00e1ndar<\/td>\n<td width=\"690\">10&#215;16, 10&#215;20, 10&#215;24, 15&#215;24, 10&#215;30, 18&#215;30, 8&#215;36, 9&#215;36, 10&#215;36, 13&#215;36, 15&#215;36, 18&#215;36, 20&#215;36, 24&#215;36, 26&#215;40, 30&#215;42,<br \/>\n36&#215;42, 31&#215;44, 35&#215;46, 10&#215;47, 21&#215;48, 42&#215;48, 24&#215;49, 33&#215;50, 28&#215;54, 30&#215;55<\/td>\n<\/tr>\n<tr>\n<td width=\"210\">Serie de mand\u00edbulas Astec KPI-JCI<\/td>\n<td width=\"690\">2742, 2650, 3055, 3365, 4448IG, 5060IG, 2238H, 3244H, 3450H<\/td>\n<\/tr>\n<tr>\n<td colspan=\"3\">Otras marcas y dibujos personalizados por favor p\u00f3ngase en contacto con nosotros para promote@miningspareparts.com<\/td>\n<\/tr>\n<\/tbody>\n<\/table>\n<h5>Por qu\u00e9 elegirnos\uff1f<\/h5>\n<p>Nos especializamos en la producci\u00f3n de revestimiento y manto para pernos Telsmith Gyrasphere 48S de alta calidad, meticulosamente elaborados para mejorar el rendimiento de la trituradora.<\/p>\n<p>Nuestra fabricaci\u00f3n de precisi\u00f3n garantiza un ajuste perfecto, favoreciendo la eficacia de las operaciones de trituraci\u00f3n.<br \/>\nNuestros revestimientos de conos est\u00e1n fabricados con materiales duraderos con una excelente resistencia al desgaste, lo que prolonga su vida \u00fatil y minimiza el tiempo de inactividad.<\/p>\n<p>El dise\u00f1o de la camisa y el manto Telsmith Gyrasphere 48S Bolw optimiza la eficiencia de trituraci\u00f3n, facilitando la reducci\u00f3n de diversos materiales con facilidad. Conf\u00ede en nuestra experiencia para suministrar placas de mand\u00edbula fiables y robustas, que contribuyen a la productividad general y la longevidad de su equipo de trituraci\u00f3n.<\/p>","protected":false},"excerpt":{"rendered":"<p>A continuaci\u00f3n se presenta una descripci\u00f3n de la trituradora de cono Telsmith Gyrasphere 48S Bolw Liner And Mantle Brand Series Crusher Model Mettso Jaw Crusher C series C80, C96 ,C106, C116, C120, C130, C150, C160, C200 Trituradora de cono Serie GP GP100, GP100S, GP200S, GP220, GP330, GP300S, GP550, GP500S,GP7 Trituradora de cono Serie HP HP100, HP200, HP300, HP400, HP500, HP3, [...]<\/p>","protected":false},"featured_media":11159,"template":"","meta":{"_uag_custom_page_level_css":"","site-sidebar-layout":"default","site-content-layout":"","ast-site-content-layout":"default","site-content-style":"default","site-sidebar-style":"default","ast-global-header-display":"","ast-banner-title-visibility":"","ast-main-header-display":"","ast-hfb-above-header-display":"","ast-hfb-below-header-display":"","ast-hfb-mobile-header-display":"","site-post-title":"","ast-breadcrumbs-content":"","ast-featured-img":"","footer-sml-layout":"","ast-disable-related-posts":"","theme-transparent-header-meta":"default","adv-header-id-meta":"","stick-header-meta":"default","header-above-stick-meta":"","header-main-stick-meta":"","header-below-stick-meta":"","astra-migrate-meta-layouts":"set","ast-page-background-enabled":"default","ast-page-background-meta":{"desktop":{"background-color":"var(--ast-global-color-4)","background-image":"","background-repeat":"repeat","background-position":"center center","background-size":"auto","background-attachment":"scroll","background-type":"","background-media":"","overlay-type":"","overlay-color":"","overlay-opacity":"","overlay-gradient":""},"tablet":{"background-color":"","background-image":"","background-repeat":"repeat","background-position":"center center","background-size":"auto","background-attachment":"scroll","background-type":"","background-media":"","overlay-type":"","overlay-color":"","overlay-opacity":"","overlay-gradient":""},"mobile":{"background-color":"","background-image":"","background-repeat":"repeat","background-position":"center center","background-size":"auto","background-attachment":"scroll","background-type":"","background-media":"","overlay-type":"","overlay-color":"","overlay-opacity":"","overlay-gradient":""}},"ast-content-background-meta":{"desktop":{"background-color":"var(--ast-global-color-5)","background-image":"","background-repeat":"repeat","background-position":"center center","background-size":"auto","background-attachment":"scroll","background-type":"","background-media":"","overlay-type":"","overlay-color":"","overlay-opacity":"","overlay-gradient":""},"tablet":{"background-color":"var(--ast-global-color-5)","background-image":"","background-repeat":"repeat","background-position":"center center","background-size":"auto","background-attachment":"scroll","background-type":"","background-media":"","overlay-type":"","overlay-color":"","overlay-opacity":"","overlay-gradient":""},"mobile":{"background-color":"var(--ast-global-color-5)","background-image":"","background-repeat":"repeat","background-position":"center center","background-size":"auto","background-attachment":"scroll","background-type":"","background-media":"","overlay-type":"","overlay-color":"","overlay-opacity":"","overlay-gradient":""}}},"product_brand":[],"product_cat":[284,406,347,100,37,38,54,36,53,57,239,240,241,223,87],"product_tag":[],"class_list":{"0":"post-3965","1":"product","2":"type-product","3":"status-publish","4":"has-post-thumbnail","6":"product_cat-by-brands","7":"product_cat-telsmith-by-brands","8":"product_cat-telsmith","9":"product_cat-crusher-liner","10":"product_cat-bowl-liner","11":"product_cat-concave-ring","12":"product_cat-concave-segment","13":"product_cat-cone-liner","14":"product_cat-gyratory-liner","15":"product_cat-crusher-spares","16":"product_cat-bowl-assembly","17":"product_cat-countershaft-assembly","18":"product_cat-eccentric","19":"product_cat-machining-parts","20":"product_cat-engineering-parts","21":"desktop-align-left","22":"tablet-align-left","23":"mobile-align-left","24":"ast-product-gallery-layout-horizontal-slider","25":"ast-product-single-variable","26":"ast-product-tabs-layout-horizontal","28":"first","29":"instock","30":"shipping-taxable","31":"purchasable","32":"product-type-variable"},"yoast_head":"<!-- This site is optimized with the Yoast SEO plugin v27.4 - https:\/\/yoast.com\/product\/yoast-seo-wordpress\/ -->\n<title>Telsmith Gyrasphere 48S Cone Crusher Bolw Liner And Mantle<\/title>\n<meta name=\"description\" content=\"Telsmith Gyrasphere 48S: Premium Mn18cr2 construction ensures an original replacement, delivering optimal performance for effective quarry crushing.\" \/>\n<meta name=\"robots\" content=\"index, follow, max-snippet:-1, max-image-preview:large, max-video-preview:-1\" \/>\n<link rel=\"canonical\" href=\"https:\/\/miningspareparts.com\/es\/producto\/telsmith-gyrasphere-48s-cone-crusher-bolw-liner-and-mantle\/\" \/>\n<meta property=\"og:locale\" content=\"es_MX\" \/>\n<meta property=\"og:type\" content=\"article\" \/>\n<meta property=\"og:title\" content=\"Telsmith Gyrasphere 48S Cone Crusher Bolw Liner And Mantle\" \/>\n<meta property=\"og:description\" content=\"Telsmith Gyrasphere 48S: Premium Mn18cr2 construction ensures an original replacement, delivering optimal performance for effective quarry crushing.\" \/>\n<meta property=\"og:url\" content=\"https:\/\/miningspareparts.com\/es\/producto\/telsmith-gyrasphere-48s-cone-crusher-bolw-liner-and-mantle\/\" \/>\n<meta property=\"og:site_name\" content=\"Crusher parts, Slurry Pump Parts, Excavator shovel parts\" \/>\n<meta property=\"article:modified_time\" content=\"2025-11-25T03:01:37+00:00\" \/>\n<meta property=\"og:image\" content=\"https:\/\/miningspareparts.com\/wp-content\/uploads\/2024\/03\/7678.webp\" \/>\n\t<meta property=\"og:image:width\" content=\"800\" \/>\n\t<meta property=\"og:image:height\" content=\"800\" \/>\n\t<meta property=\"og:image:type\" content=\"image\/webp\" \/>\n<meta name=\"twitter:card\" content=\"summary_large_image\" \/>\n<meta name=\"twitter:label1\" content=\"Tiempo de lectura\" \/>\n\t<meta name=\"twitter:data1\" content=\"3 minutos\" \/>\n<script type=\"application\/ld+json\" class=\"yoast-schema-graph\">{\"@context\":\"https:\\\/\\\/schema.org\",\"@graph\":[{\"@type\":\"WebPage\",\"@id\":\"https:\\\/\\\/miningspareparts.com\\\/product\\\/telsmith-gyrasphere-48s-cone-crusher-bolw-liner-and-mantle\\\/\",\"url\":\"https:\\\/\\\/miningspareparts.com\\\/product\\\/telsmith-gyrasphere-48s-cone-crusher-bolw-liner-and-mantle\\\/\",\"name\":\"Telsmith Gyrasphere 48S Cone Crusher Bolw Liner And Mantle\",\"isPartOf\":{\"@id\":\"https:\\\/\\\/miningspareparts.com\\\/#website\"},\"primaryImageOfPage\":{\"@id\":\"https:\\\/\\\/miningspareparts.com\\\/product\\\/telsmith-gyrasphere-48s-cone-crusher-bolw-liner-and-mantle\\\/#primaryimage\"},\"image\":{\"@id\":\"https:\\\/\\\/miningspareparts.com\\\/product\\\/telsmith-gyrasphere-48s-cone-crusher-bolw-liner-and-mantle\\\/#primaryimage\"},\"thumbnailUrl\":\"https:\\\/\\\/miningspareparts.com\\\/wp-content\\\/uploads\\\/2024\\\/03\\\/7678.webp\",\"datePublished\":\"2024-03-22T04:57:06+00:00\",\"dateModified\":\"2025-11-25T03:01:37+00:00\",\"description\":\"Telsmith Gyrasphere 48S: Premium Mn18cr2 construction ensures an original replacement, delivering optimal performance for effective quarry crushing.\",\"breadcrumb\":{\"@id\":\"https:\\\/\\\/miningspareparts.com\\\/product\\\/telsmith-gyrasphere-48s-cone-crusher-bolw-liner-and-mantle\\\/#breadcrumb\"},\"inLanguage\":\"es\",\"potentialAction\":[{\"@type\":\"ReadAction\",\"target\":[\"https:\\\/\\\/miningspareparts.com\\\/product\\\/telsmith-gyrasphere-48s-cone-crusher-bolw-liner-and-mantle\\\/\"]}]},{\"@type\":\"ImageObject\",\"inLanguage\":\"es\",\"@id\":\"https:\\\/\\\/miningspareparts.com\\\/product\\\/telsmith-gyrasphere-48s-cone-crusher-bolw-liner-and-mantle\\\/#primaryimage\",\"url\":\"https:\\\/\\\/miningspareparts.com\\\/wp-content\\\/uploads\\\/2024\\\/03\\\/7678.webp\",\"contentUrl\":\"https:\\\/\\\/miningspareparts.com\\\/wp-content\\\/uploads\\\/2024\\\/03\\\/7678.webp\",\"width\":800,\"height\":800,\"caption\":\"Gyrasphere 48S Cone Crusher Bolw Liner\"},{\"@type\":\"BreadcrumbList\",\"@id\":\"https:\\\/\\\/miningspareparts.com\\\/product\\\/telsmith-gyrasphere-48s-cone-crusher-bolw-liner-and-mantle\\\/#breadcrumb\",\"itemListElement\":[{\"@type\":\"ListItem\",\"position\":1,\"name\":\"Home\",\"item\":\"https:\\\/\\\/miningspareparts.com\\\/\"},{\"@type\":\"ListItem\",\"position\":2,\"name\":\"Premium Mining Wear And Spare Parts\",\"item\":\"https:\\\/\\\/miningspareparts.com\\\/shop\\\/\"},{\"@type\":\"ListItem\",\"position\":3,\"name\":\"Gyrasphere 48S Cone Crusher Bolw Liner\"}]},{\"@type\":\"WebSite\",\"@id\":\"https:\\\/\\\/miningspareparts.com\\\/#website\",\"url\":\"https:\\\/\\\/miningspareparts.com\\\/\",\"name\":\"Crusher parts , Concrete Mixer Parts, Slurry Pump Parts, Mining Spares\",\"description\":\"Mining Wear &amp; Spare Parts Supplier\",\"publisher\":{\"@id\":\"https:\\\/\\\/miningspareparts.com\\\/#organization\"},\"potentialAction\":[{\"@type\":\"SearchAction\",\"target\":{\"@type\":\"EntryPoint\",\"urlTemplate\":\"https:\\\/\\\/miningspareparts.com\\\/?s={search_term_string}\"},\"query-input\":{\"@type\":\"PropertyValueSpecification\",\"valueRequired\":true,\"valueName\":\"search_term_string\"}}],\"inLanguage\":\"es\"},{\"@type\":\"Organization\",\"@id\":\"https:\\\/\\\/miningspareparts.com\\\/#organization\",\"name\":\"Crusher parts , Concrete Mixer Parts, Slurry Pump Parts, Mining Spares\",\"url\":\"https:\\\/\\\/miningspareparts.com\\\/\",\"logo\":{\"@type\":\"ImageObject\",\"inLanguage\":\"es\",\"@id\":\"https:\\\/\\\/miningspareparts.com\\\/#\\\/schema\\\/logo\\\/image\\\/\",\"url\":\"https:\\\/\\\/miningspareparts.com\\\/wp-content\\\/uploads\\\/2025\\\/04\\\/cropped-cropped-logo\u6b63\u65b9\u5f62.png\",\"contentUrl\":\"https:\\\/\\\/miningspareparts.com\\\/wp-content\\\/uploads\\\/2025\\\/04\\\/cropped-cropped-logo\u6b63\u65b9\u5f62.png\",\"width\":511,\"height\":171,\"caption\":\"Crusher parts , Concrete Mixer Parts, Slurry Pump Parts, Mining Spares\"},\"image\":{\"@id\":\"https:\\\/\\\/miningspareparts.com\\\/#\\\/schema\\\/logo\\\/image\\\/\"}}]}<\/script>\n<!-- \/ Yoast SEO plugin. -->","yoast_head_json":{"title":"Telsmith Gyrasphere 48S Cone Crusher Bolw Liner And Mantle","description":"Telsmith Gyrasphere 48S: Premium Mn18cr2 construction ensures an original replacement, delivering optimal performance for effective quarry crushing.","robots":{"index":"index","follow":"follow","max-snippet":"max-snippet:-1","max-image-preview":"max-image-preview:large","max-video-preview":"max-video-preview:-1"},"canonical":"https:\/\/miningspareparts.com\/es\/producto\/telsmith-gyrasphere-48s-cone-crusher-bolw-liner-and-mantle\/","og_locale":"es_MX","og_type":"article","og_title":"Telsmith Gyrasphere 48S Cone Crusher Bolw Liner And Mantle","og_description":"Telsmith Gyrasphere 48S: Premium Mn18cr2 construction ensures an original replacement, delivering optimal performance for effective quarry crushing.","og_url":"https:\/\/miningspareparts.com\/es\/producto\/telsmith-gyrasphere-48s-cone-crusher-bolw-liner-and-mantle\/","og_site_name":"Crusher parts, Slurry Pump Parts, Excavator shovel parts","article_modified_time":"2025-11-25T03:01:37+00:00","og_image":[{"width":800,"height":800,"url":"https:\/\/miningspareparts.com\/wp-content\/uploads\/2024\/03\/7678.webp","type":"image\/webp"}],"twitter_card":"summary_large_image","twitter_misc":{"Tiempo de lectura":"3 minutos"},"schema":{"@context":"https:\/\/schema.org","@graph":[{"@type":"WebPage","@id":"https:\/\/miningspareparts.com\/product\/telsmith-gyrasphere-48s-cone-crusher-bolw-liner-and-mantle\/","url":"https:\/\/miningspareparts.com\/product\/telsmith-gyrasphere-48s-cone-crusher-bolw-liner-and-mantle\/","name":"Telsmith Gyrasphere 48S Cone Crusher Bolw Liner And Mantle","isPartOf":{"@id":"https:\/\/miningspareparts.com\/#website"},"primaryImageOfPage":{"@id":"https:\/\/miningspareparts.com\/product\/telsmith-gyrasphere-48s-cone-crusher-bolw-liner-and-mantle\/#primaryimage"},"image":{"@id":"https:\/\/miningspareparts.com\/product\/telsmith-gyrasphere-48s-cone-crusher-bolw-liner-and-mantle\/#primaryimage"},"thumbnailUrl":"https:\/\/miningspareparts.com\/wp-content\/uploads\/2024\/03\/7678.webp","datePublished":"2024-03-22T04:57:06+00:00","dateModified":"2025-11-25T03:01:37+00:00","description":"Telsmith Gyrasphere 48S: Premium Mn18cr2 construction ensures an original replacement, delivering optimal performance for effective quarry crushing.","breadcrumb":{"@id":"https:\/\/miningspareparts.com\/product\/telsmith-gyrasphere-48s-cone-crusher-bolw-liner-and-mantle\/#breadcrumb"},"inLanguage":"es","potentialAction":[{"@type":"ReadAction","target":["https:\/\/miningspareparts.com\/product\/telsmith-gyrasphere-48s-cone-crusher-bolw-liner-and-mantle\/"]}]},{"@type":"ImageObject","inLanguage":"es","@id":"https:\/\/miningspareparts.com\/product\/telsmith-gyrasphere-48s-cone-crusher-bolw-liner-and-mantle\/#primaryimage","url":"https:\/\/miningspareparts.com\/wp-content\/uploads\/2024\/03\/7678.webp","contentUrl":"https:\/\/miningspareparts.com\/wp-content\/uploads\/2024\/03\/7678.webp","width":800,"height":800,"caption":"Gyrasphere 48S Cone Crusher Bolw Liner"},{"@type":"BreadcrumbList","@id":"https:\/\/miningspareparts.com\/product\/telsmith-gyrasphere-48s-cone-crusher-bolw-liner-and-mantle\/#breadcrumb","itemListElement":[{"@type":"ListItem","position":1,"name":"Home","item":"https:\/\/miningspareparts.com\/"},{"@type":"ListItem","position":2,"name":"Premium Mining Wear And Spare Parts","item":"https:\/\/miningspareparts.com\/shop\/"},{"@type":"ListItem","position":3,"name":"Gyrasphere 48S Cone Crusher Bolw Liner"}]},{"@type":"WebSite","@id":"https:\/\/miningspareparts.com\/#website","url":"https:\/\/miningspareparts.com\/","name":"Crusher parts , Concrete Mixer Parts, Slurry Pump Parts, Mining Spares","description":"Mining Wear &amp; Spare Parts Supplier","publisher":{"@id":"https:\/\/miningspareparts.com\/#organization"},"potentialAction":[{"@type":"SearchAction","target":{"@type":"EntryPoint","urlTemplate":"https:\/\/miningspareparts.com\/?s={search_term_string}"},"query-input":{"@type":"PropertyValueSpecification","valueRequired":true,"valueName":"search_term_string"}}],"inLanguage":"es"},{"@type":"Organization","@id":"https:\/\/miningspareparts.com\/#organization","name":"Crusher parts , Concrete Mixer Parts, Slurry Pump Parts, Mining Spares","url":"https:\/\/miningspareparts.com\/","logo":{"@type":"ImageObject","inLanguage":"es","@id":"https:\/\/miningspareparts.com\/#\/schema\/logo\/image\/","url":"https:\/\/miningspareparts.com\/wp-content\/uploads\/2025\/04\/cropped-cropped-logo\u6b63\u65b9\u5f62.png","contentUrl":"https:\/\/miningspareparts.com\/wp-content\/uploads\/2025\/04\/cropped-cropped-logo\u6b63\u65b9\u5f62.png","width":511,"height":171,"caption":"Crusher parts , Concrete Mixer Parts, Slurry Pump Parts, Mining Spares"},"image":{"@id":"https:\/\/miningspareparts.com\/#\/schema\/logo\/image\/"}}]}},"uagb_featured_image_src":{"full":["https:\/\/miningspareparts.com\/wp-content\/uploads\/2024\/03\/7678.webp",800,800,false],"thumbnail":["https:\/\/miningspareparts.com\/wp-content\/uploads\/2024\/03\/7678-150x150.webp",150,150,true],"medium":["https:\/\/miningspareparts.com\/wp-content\/uploads\/2024\/03\/7678-300x300.webp",300,300,true],"medium_large":["https:\/\/miningspareparts.com\/wp-content\/uploads\/2024\/03\/7678-768x768.webp",768,768,true],"large":["https:\/\/miningspareparts.com\/wp-content\/uploads\/2024\/03\/7678.webp",800,800,false],"1536x1536":["https:\/\/miningspareparts.com\/wp-content\/uploads\/2024\/03\/7678.webp",800,800,false],"2048x2048":["https:\/\/miningspareparts.com\/wp-content\/uploads\/2024\/03\/7678.webp",800,800,false],"trp-custom-language-flag":["https:\/\/miningspareparts.com\/wp-content\/uploads\/2024\/03\/7678-12x12.webp",12,12,true],"woocommerce_thumbnail":["https:\/\/miningspareparts.com\/wp-content\/uploads\/2024\/03\/7678-300x300.webp",300,300,true],"woocommerce_single":["https:\/\/miningspareparts.com\/wp-content\/uploads\/2024\/03\/7678-600x600.webp",600,600,true],"woocommerce_gallery_thumbnail":["https:\/\/miningspareparts.com\/wp-content\/uploads\/2024\/03\/7678-100x100.webp",100,100,true]},"uagb_author_info":{"display_name":"Miningspareparts","author_link":"https:\/\/miningspareparts.com\/es\/author\/"},"uagb_comment_info":0,"uagb_excerpt":"Here is a description of the Telsmith Gyrasphere 48S Cone Crusher Bolw Liner And Mantle Brand Series Crusher Model Mettso Jaw Crusher C series C80, C96 ,C106, C116, C120, C130, C150, C160, C200 Cone Crusher GP series GP100, GP100S, GP200S, GP220, GP330, GP300S, GP550, GP500S,GP7 Cone Crusher HP series HP100, HP200, HP300, HP400, HP500, HP3,&hellip;","_links":{"self":[{"href":"https:\/\/miningspareparts.com\/es\/wp-json\/wp\/v2\/product\/3965","targetHints":{"allow":["GET"]}}],"collection":[{"href":"https:\/\/miningspareparts.com\/es\/wp-json\/wp\/v2\/product"}],"about":[{"href":"https:\/\/miningspareparts.com\/es\/wp-json\/wp\/v2\/types\/product"}],"wp:featuredmedia":[{"embeddable":true,"href":"https:\/\/miningspareparts.com\/es\/wp-json\/wp\/v2\/media\/11159"}],"wp:attachment":[{"href":"https:\/\/miningspareparts.com\/es\/wp-json\/wp\/v2\/media?parent=3965"}],"wp:term":[{"taxonomy":"product_brand","embeddable":true,"href":"https:\/\/miningspareparts.com\/es\/wp-json\/wp\/v2\/product_brand?post=3965"},{"taxonomy":"product_cat","embeddable":true,"href":"https:\/\/miningspareparts.com\/es\/wp-json\/wp\/v2\/product_cat?post=3965"},{"taxonomy":"product_tag","embeddable":true,"href":"https:\/\/miningspareparts.com\/es\/wp-json\/wp\/v2\/product_tag?post=3965"}],"curies":[{"name":"wp","href":"https:\/\/api.w.org\/{rel}","templated":true}]}}