{"id":4280,"date":"2024-03-26T05:49:00","date_gmt":"2024-03-26T05:49:00","guid":{"rendered":"https:\/\/miningspareparts.com\/?post_type=product&#038;p=4280"},"modified":"2026-03-26T03:30:06","modified_gmt":"2026-03-26T03:30:06","slug":"parker4232_crusher_parts","status":"publish","type":"product","link":"https:\/\/miningspareparts.com\/es\/producto\/parker4232_crusher_parts\/","title":{"rendered":"Fixed and Swin jaw plate suit Parker Rocksledger 42&#215;32 Crusher"},"content":{"rendered":"<p><strong>MiningSpares tiene una larga comprensi\u00f3n y cobertura Rocksledger trituradoras de mand\u00edbula coinciden \uff0c.<\/strong><strong>He aqu\u00ed la descripci\u00f3n de Rocksledger 42\u00d732 Jaw Plate<\/strong><\/p>\n<p>Art\u00edculos: C\u00f3ncavo, Manto, Anillo C\u00f3ncavo, Segmento C\u00f3ncavo, Revestimiento de Taz\u00f3n, Revestimiento de Cono, Protector de Brazo, Placa de Distribuci\u00f3n<\/p>\n<p>Material de fundici\u00f3n: Acero al manganeso austens\u00edtico (M14Cr2, Mn18Cr2, Mn22Cr2)<\/p>\n<p>M\u00e9todo de fundici\u00f3n: Colado en arena con vidrio al agua<\/p>\n<p>Material aplicable:Grava, granito, basalto, mineral, piedra caliza, arenisca, Quatz, adoquines<\/p>\n<p>Aplicaciones: Miner\u00eda , Canteras, Construcci\u00f3n ,Cemento y Materiales ,Reciclaje<\/p>\n<p>&nbsp;<\/p>\n<h5>Por qu\u00e9 elegirnos\uff1f<\/h5>\n<p>Estamos especializados en la producci\u00f3n de placas de mand\u00edbula Rocksledger 42\u00d732 de alta calidad, meticulosamente elaboradas para mejorar el rendimiento de las trituradoras.<\/p>\n<p>Nuestra fabricaci\u00f3n de precisi\u00f3n garantiza un ajuste perfecto, favoreciendo la eficacia de las operaciones de trituraci\u00f3n.<br \/>\nFabricadas con materiales duraderos, nuestras placas de mand\u00edbula presentan una excepcional resistencia al desgaste, lo que prolonga su vida \u00fatil y minimiza el tiempo de inactividad.<\/p>\n<p>El dise\u00f1o de la placa de mand\u00edbulas Rocksledger 42\u00d732 optimiza la eficiencia de trituraci\u00f3n, facilitando la reducci\u00f3n de diversos materiales con facilidad. Conf\u00ede en nuestra experiencia para suministrar placas de mand\u00edbula fiables y robustas, que contribuyen a la productividad general y la longevidad de su equipo de trituraci\u00f3n.<\/p>","protected":false},"excerpt":{"rendered":"<p style=\"font-weight: 400;\"><strong>Jaques australiana trituradora de mand\u00edbula Liners :<\/strong><\/p>\n<p style=\"font-weight: 400;\">Nombres de los art\u00edculos: Placas de Mand\u00edbula, Diente de Mand\u00edbula Estacionario, Mand\u00edbula M\u00f3vil Mordaza Fija, Placa de Mand\u00edbula Giratoria,<\/p>\n<p style=\"font-weight: 400;\">Mand\u00edbula fija, Mand\u00edbula m\u00f3vil, Placa de mejilla, Placa lateral, Cara de mand\u00edbula fija, Mand\u00edbula trituradora suelta<\/p>\n<p>Model: Parker Rocksledger 4232 Jaw<\/p>\n<p>Casting Material: Austenstic Manganese Steel ( M14Cr2, Mn18Cr2, Mn22Cr2)<\/p>","protected":false},"featured_media":11233,"template":"","meta":{"_uag_custom_page_level_css":"","site-sidebar-layout":"default","site-content-layout":"","ast-site-content-layout":"default","site-content-style":"default","site-sidebar-style":"default","ast-global-header-display":"","ast-banner-title-visibility":"","ast-main-header-display":"","ast-hfb-above-header-display":"","ast-hfb-below-header-display":"","ast-hfb-mobile-header-display":"","site-post-title":"","ast-breadcrumbs-content":"","ast-featured-img":"","footer-sml-layout":"","ast-disable-related-posts":"","theme-transparent-header-meta":"default","adv-header-id-meta":"","stick-header-meta":"default","header-above-stick-meta":"","header-main-stick-meta":"","header-below-stick-meta":"","astra-migrate-meta-layouts":"set","ast-page-background-enabled":"default","ast-page-background-meta":{"desktop":{"background-color":"var(--ast-global-color-4)","background-image":"","background-repeat":"repeat","background-position":"center center","background-size":"auto","background-attachment":"scroll","background-type":"","background-media":"","overlay-type":"","overlay-color":"","overlay-opacity":"","overlay-gradient":""},"tablet":{"background-color":"","background-image":"","background-repeat":"repeat","background-position":"center center","background-size":"auto","background-attachment":"scroll","background-type":"","background-media":"","overlay-type":"","overlay-color":"","overlay-opacity":"","overlay-gradient":""},"mobile":{"background-color":"","background-image":"","background-repeat":"repeat","background-position":"center center","background-size":"auto","background-attachment":"scroll","background-type":"","background-media":"","overlay-type":"","overlay-color":"","overlay-opacity":"","overlay-gradient":""}},"ast-content-background-meta":{"desktop":{"background-color":"var(--ast-global-color-5)","background-image":"","background-repeat":"repeat","background-position":"center center","background-size":"auto","background-attachment":"scroll","background-type":"","background-media":"","overlay-type":"","overlay-color":"","overlay-opacity":"","overlay-gradient":""},"tablet":{"background-color":"var(--ast-global-color-5)","background-image":"","background-repeat":"repeat","background-position":"center center","background-size":"auto","background-attachment":"scroll","background-type":"","background-media":"","overlay-type":"","overlay-color":"","overlay-opacity":"","overlay-gradient":""},"mobile":{"background-color":"var(--ast-global-color-5)","background-image":"","background-repeat":"repeat","background-position":"center center","background-size":"auto","background-attachment":"scroll","background-type":"","background-media":"","overlay-type":"","overlay-color":"","overlay-opacity":"","overlay-gradient":""}}},"product_brand":[],"product_cat":[284,100,33,32,57,225,246,223,87],"product_tag":[],"class_list":{"0":"post-4280","1":"product","2":"type-product","3":"status-publish","4":"has-post-thumbnail","6":"product_cat-by-brands","7":"product_cat-crusher-liner","8":"product_cat-jaw-die-plate","9":"product_cat-jaw-liner","10":"product_cat-crusher-spares","11":"product_cat-frame-shells","12":"product_cat-jaw-frame","13":"product_cat-machining-parts","14":"product_cat-engineering-parts","15":"desktop-align-left","16":"tablet-align-left","17":"mobile-align-left","18":"ast-product-gallery-layout-horizontal-slider","19":"ast-product-gallery-with-no-image","20":"ast-product-single-variable","21":"ast-product-tabs-layout-horizontal","23":"first","24":"instock","25":"shipping-taxable","26":"purchasable","27":"product-type-variable"},"yoast_head":"<!-- This site is optimized with the Yoast SEO plugin v27.4 - https:\/\/yoast.com\/product\/yoast-seo-wordpress\/ -->\n<title>Rocksledger 42x32 Jaw Plate Jaw Crusher<\/title>\n<meta name=\"description\" content=\"Rocksledger 42x32 Jaw Plate: Premium Mn18cr2 construction ensures an original replacement, delivering optimal performance for effective quarry crushing.\" \/>\n<meta name=\"robots\" content=\"index, follow, max-snippet:-1, max-image-preview:large, max-video-preview:-1\" \/>\n<link rel=\"canonical\" href=\"https:\/\/miningspareparts.com\/es\/producto\/parker4232_crusher_parts\/\" \/>\n<meta property=\"og:locale\" content=\"es_MX\" \/>\n<meta property=\"og:type\" content=\"article\" \/>\n<meta property=\"og:title\" content=\"Rocksledger 42x32 Jaw Plate Jaw Crusher\" \/>\n<meta property=\"og:description\" content=\"Rocksledger 42x32 Jaw Plate: Premium Mn18cr2 construction ensures an original replacement, delivering optimal performance for effective quarry crushing.\" \/>\n<meta property=\"og:url\" content=\"https:\/\/miningspareparts.com\/es\/producto\/parker4232_crusher_parts\/\" \/>\n<meta property=\"og:site_name\" content=\"Crusher parts, Slurry Pump Parts, Excavator shovel parts\" \/>\n<meta property=\"article:modified_time\" content=\"2026-03-26T03:30:06+00:00\" \/>\n<meta property=\"og:image\" content=\"https:\/\/miningspareparts.com\/wp-content\/uploads\/2024\/03\/Rocksledger-42x32-Jaw-Plate-Jaw-Crusher.webp\" \/>\n\t<meta property=\"og:image:width\" content=\"800\" \/>\n\t<meta property=\"og:image:height\" content=\"800\" \/>\n\t<meta property=\"og:image:type\" content=\"image\/webp\" \/>\n<meta name=\"twitter:card\" content=\"summary_large_image\" \/>\n<meta name=\"twitter:label1\" content=\"Tiempo de lectura\" \/>\n\t<meta name=\"twitter:data1\" content=\"2 minutos\" \/>\n<script type=\"application\/ld+json\" class=\"yoast-schema-graph\">{\"@context\":\"https:\\\/\\\/schema.org\",\"@graph\":[{\"@type\":\"WebPage\",\"@id\":\"https:\\\/\\\/miningspareparts.com\\\/product\\\/parker4232_crusher_parts\\\/\",\"url\":\"https:\\\/\\\/miningspareparts.com\\\/product\\\/parker4232_crusher_parts\\\/\",\"name\":\"Rocksledger 42x32 Jaw Plate Jaw Crusher\",\"isPartOf\":{\"@id\":\"https:\\\/\\\/miningspareparts.com\\\/#website\"},\"primaryImageOfPage\":{\"@id\":\"https:\\\/\\\/miningspareparts.com\\\/product\\\/parker4232_crusher_parts\\\/#primaryimage\"},\"image\":{\"@id\":\"https:\\\/\\\/miningspareparts.com\\\/product\\\/parker4232_crusher_parts\\\/#primaryimage\"},\"thumbnailUrl\":\"https:\\\/\\\/miningspareparts.com\\\/wp-content\\\/uploads\\\/2024\\\/03\\\/Rocksledger-42x32-Jaw-Plate-Jaw-Crusher.webp\",\"datePublished\":\"2024-03-26T05:49:00+00:00\",\"dateModified\":\"2026-03-26T03:30:06+00:00\",\"description\":\"Rocksledger 42x32 Jaw Plate: Premium Mn18cr2 construction ensures an original replacement, delivering optimal performance for effective quarry crushing.\",\"breadcrumb\":{\"@id\":\"https:\\\/\\\/miningspareparts.com\\\/product\\\/parker4232_crusher_parts\\\/#breadcrumb\"},\"inLanguage\":\"es\",\"potentialAction\":[{\"@type\":\"ReadAction\",\"target\":[\"https:\\\/\\\/miningspareparts.com\\\/product\\\/parker4232_crusher_parts\\\/\"]}]},{\"@type\":\"ImageObject\",\"inLanguage\":\"es\",\"@id\":\"https:\\\/\\\/miningspareparts.com\\\/product\\\/parker4232_crusher_parts\\\/#primaryimage\",\"url\":\"https:\\\/\\\/miningspareparts.com\\\/wp-content\\\/uploads\\\/2024\\\/03\\\/Rocksledger-42x32-Jaw-Plate-Jaw-Crusher.webp\",\"contentUrl\":\"https:\\\/\\\/miningspareparts.com\\\/wp-content\\\/uploads\\\/2024\\\/03\\\/Rocksledger-42x32-Jaw-Plate-Jaw-Crusher.webp\",\"width\":800,\"height\":800,\"caption\":\"Rocksledger 42x32 Jaw Plate Jaw Crusher\"},{\"@type\":\"BreadcrumbList\",\"@id\":\"https:\\\/\\\/miningspareparts.com\\\/product\\\/parker4232_crusher_parts\\\/#breadcrumb\",\"itemListElement\":[{\"@type\":\"ListItem\",\"position\":1,\"name\":\"Home\",\"item\":\"https:\\\/\\\/miningspareparts.com\\\/\"},{\"@type\":\"ListItem\",\"position\":2,\"name\":\"Premium Mining Wear And Spare Parts\",\"item\":\"https:\\\/\\\/miningspareparts.com\\\/shop\\\/\"},{\"@type\":\"ListItem\",\"position\":3,\"name\":\"Fixed and Swin jaw plate suit Parker Rocksledger 42&#215;32 Crusher\"}]},{\"@type\":\"WebSite\",\"@id\":\"https:\\\/\\\/miningspareparts.com\\\/#website\",\"url\":\"https:\\\/\\\/miningspareparts.com\\\/\",\"name\":\"Crusher parts , Concrete Mixer Parts, Slurry Pump Parts, Mining Spares\",\"description\":\"Mining Wear &amp; Spare Parts Supplier\",\"publisher\":{\"@id\":\"https:\\\/\\\/miningspareparts.com\\\/#organization\"},\"potentialAction\":[{\"@type\":\"SearchAction\",\"target\":{\"@type\":\"EntryPoint\",\"urlTemplate\":\"https:\\\/\\\/miningspareparts.com\\\/?s={search_term_string}\"},\"query-input\":{\"@type\":\"PropertyValueSpecification\",\"valueRequired\":true,\"valueName\":\"search_term_string\"}}],\"inLanguage\":\"es\"},{\"@type\":\"Organization\",\"@id\":\"https:\\\/\\\/miningspareparts.com\\\/#organization\",\"name\":\"Crusher parts , Concrete Mixer Parts, Slurry Pump Parts, Mining Spares\",\"url\":\"https:\\\/\\\/miningspareparts.com\\\/\",\"logo\":{\"@type\":\"ImageObject\",\"inLanguage\":\"es\",\"@id\":\"https:\\\/\\\/miningspareparts.com\\\/#\\\/schema\\\/logo\\\/image\\\/\",\"url\":\"https:\\\/\\\/miningspareparts.com\\\/wp-content\\\/uploads\\\/2025\\\/04\\\/cropped-cropped-logo\u6b63\u65b9\u5f62.png\",\"contentUrl\":\"https:\\\/\\\/miningspareparts.com\\\/wp-content\\\/uploads\\\/2025\\\/04\\\/cropped-cropped-logo\u6b63\u65b9\u5f62.png\",\"width\":511,\"height\":171,\"caption\":\"Crusher parts , Concrete Mixer Parts, Slurry Pump Parts, Mining Spares\"},\"image\":{\"@id\":\"https:\\\/\\\/miningspareparts.com\\\/#\\\/schema\\\/logo\\\/image\\\/\"}}]}<\/script>\n<!-- \/ Yoast SEO plugin. -->","yoast_head_json":{"title":"Rocksledger 42x32 Jaw Plate Jaw Crusher","description":"Rocksledger 42x32 Jaw Plate: Premium Mn18cr2 construction ensures an original replacement, delivering optimal performance for effective quarry crushing.","robots":{"index":"index","follow":"follow","max-snippet":"max-snippet:-1","max-image-preview":"max-image-preview:large","max-video-preview":"max-video-preview:-1"},"canonical":"https:\/\/miningspareparts.com\/es\/producto\/parker4232_crusher_parts\/","og_locale":"es_MX","og_type":"article","og_title":"Rocksledger 42x32 Jaw Plate Jaw Crusher","og_description":"Rocksledger 42x32 Jaw Plate: Premium Mn18cr2 construction ensures an original replacement, delivering optimal performance for effective quarry crushing.","og_url":"https:\/\/miningspareparts.com\/es\/producto\/parker4232_crusher_parts\/","og_site_name":"Crusher parts, Slurry Pump Parts, Excavator shovel parts","article_modified_time":"2026-03-26T03:30:06+00:00","og_image":[{"width":800,"height":800,"url":"https:\/\/miningspareparts.com\/wp-content\/uploads\/2024\/03\/Rocksledger-42x32-Jaw-Plate-Jaw-Crusher.webp","type":"image\/webp"}],"twitter_card":"summary_large_image","twitter_misc":{"Tiempo de lectura":"2 minutos"},"schema":{"@context":"https:\/\/schema.org","@graph":[{"@type":"WebPage","@id":"https:\/\/miningspareparts.com\/product\/parker4232_crusher_parts\/","url":"https:\/\/miningspareparts.com\/product\/parker4232_crusher_parts\/","name":"Rocksledger 42x32 Jaw Plate Jaw Crusher","isPartOf":{"@id":"https:\/\/miningspareparts.com\/#website"},"primaryImageOfPage":{"@id":"https:\/\/miningspareparts.com\/product\/parker4232_crusher_parts\/#primaryimage"},"image":{"@id":"https:\/\/miningspareparts.com\/product\/parker4232_crusher_parts\/#primaryimage"},"thumbnailUrl":"https:\/\/miningspareparts.com\/wp-content\/uploads\/2024\/03\/Rocksledger-42x32-Jaw-Plate-Jaw-Crusher.webp","datePublished":"2024-03-26T05:49:00+00:00","dateModified":"2026-03-26T03:30:06+00:00","description":"Rocksledger 42x32 Jaw Plate: Premium Mn18cr2 construction ensures an original replacement, delivering optimal performance for effective quarry crushing.","breadcrumb":{"@id":"https:\/\/miningspareparts.com\/product\/parker4232_crusher_parts\/#breadcrumb"},"inLanguage":"es","potentialAction":[{"@type":"ReadAction","target":["https:\/\/miningspareparts.com\/product\/parker4232_crusher_parts\/"]}]},{"@type":"ImageObject","inLanguage":"es","@id":"https:\/\/miningspareparts.com\/product\/parker4232_crusher_parts\/#primaryimage","url":"https:\/\/miningspareparts.com\/wp-content\/uploads\/2024\/03\/Rocksledger-42x32-Jaw-Plate-Jaw-Crusher.webp","contentUrl":"https:\/\/miningspareparts.com\/wp-content\/uploads\/2024\/03\/Rocksledger-42x32-Jaw-Plate-Jaw-Crusher.webp","width":800,"height":800,"caption":"Rocksledger 42x32 Jaw Plate Jaw Crusher"},{"@type":"BreadcrumbList","@id":"https:\/\/miningspareparts.com\/product\/parker4232_crusher_parts\/#breadcrumb","itemListElement":[{"@type":"ListItem","position":1,"name":"Home","item":"https:\/\/miningspareparts.com\/"},{"@type":"ListItem","position":2,"name":"Premium Mining Wear And Spare Parts","item":"https:\/\/miningspareparts.com\/shop\/"},{"@type":"ListItem","position":3,"name":"Fixed and Swin jaw plate suit Parker Rocksledger 42&#215;32 Crusher"}]},{"@type":"WebSite","@id":"https:\/\/miningspareparts.com\/#website","url":"https:\/\/miningspareparts.com\/","name":"Crusher parts , Concrete Mixer Parts, Slurry Pump Parts, Mining Spares","description":"Mining Wear &amp; Spare Parts Supplier","publisher":{"@id":"https:\/\/miningspareparts.com\/#organization"},"potentialAction":[{"@type":"SearchAction","target":{"@type":"EntryPoint","urlTemplate":"https:\/\/miningspareparts.com\/?s={search_term_string}"},"query-input":{"@type":"PropertyValueSpecification","valueRequired":true,"valueName":"search_term_string"}}],"inLanguage":"es"},{"@type":"Organization","@id":"https:\/\/miningspareparts.com\/#organization","name":"Crusher parts , Concrete Mixer Parts, Slurry Pump Parts, Mining Spares","url":"https:\/\/miningspareparts.com\/","logo":{"@type":"ImageObject","inLanguage":"es","@id":"https:\/\/miningspareparts.com\/#\/schema\/logo\/image\/","url":"https:\/\/miningspareparts.com\/wp-content\/uploads\/2025\/04\/cropped-cropped-logo\u6b63\u65b9\u5f62.png","contentUrl":"https:\/\/miningspareparts.com\/wp-content\/uploads\/2025\/04\/cropped-cropped-logo\u6b63\u65b9\u5f62.png","width":511,"height":171,"caption":"Crusher parts , Concrete Mixer Parts, Slurry Pump Parts, Mining Spares"},"image":{"@id":"https:\/\/miningspareparts.com\/#\/schema\/logo\/image\/"}}]}},"uagb_featured_image_src":{"full":["https:\/\/miningspareparts.com\/wp-content\/uploads\/2024\/03\/Rocksledger-42x32-Jaw-Plate-Jaw-Crusher.webp",800,800,false],"thumbnail":["https:\/\/miningspareparts.com\/wp-content\/uploads\/2024\/03\/Rocksledger-42x32-Jaw-Plate-Jaw-Crusher-150x150.webp",150,150,true],"medium":["https:\/\/miningspareparts.com\/wp-content\/uploads\/2024\/03\/Rocksledger-42x32-Jaw-Plate-Jaw-Crusher-300x300.webp",300,300,true],"medium_large":["https:\/\/miningspareparts.com\/wp-content\/uploads\/2024\/03\/Rocksledger-42x32-Jaw-Plate-Jaw-Crusher-768x768.webp",768,768,true],"large":["https:\/\/miningspareparts.com\/wp-content\/uploads\/2024\/03\/Rocksledger-42x32-Jaw-Plate-Jaw-Crusher.webp",800,800,false],"1536x1536":["https:\/\/miningspareparts.com\/wp-content\/uploads\/2024\/03\/Rocksledger-42x32-Jaw-Plate-Jaw-Crusher.webp",800,800,false],"2048x2048":["https:\/\/miningspareparts.com\/wp-content\/uploads\/2024\/03\/Rocksledger-42x32-Jaw-Plate-Jaw-Crusher.webp",800,800,false],"trp-custom-language-flag":["https:\/\/miningspareparts.com\/wp-content\/uploads\/2024\/03\/Rocksledger-42x32-Jaw-Plate-Jaw-Crusher-12x12.webp",12,12,true],"woocommerce_thumbnail":["https:\/\/miningspareparts.com\/wp-content\/uploads\/2024\/03\/Rocksledger-42x32-Jaw-Plate-Jaw-Crusher-300x300.webp",300,300,true],"woocommerce_single":["https:\/\/miningspareparts.com\/wp-content\/uploads\/2024\/03\/Rocksledger-42x32-Jaw-Plate-Jaw-Crusher-600x600.webp",600,600,true],"woocommerce_gallery_thumbnail":["https:\/\/miningspareparts.com\/wp-content\/uploads\/2024\/03\/Rocksledger-42x32-Jaw-Plate-Jaw-Crusher-100x100.webp",100,100,true]},"uagb_author_info":{"display_name":"Miningspareparts","author_link":"https:\/\/miningspareparts.com\/es\/author\/"},"uagb_comment_info":0,"uagb_excerpt":"Australian Jaques Jaw crusher Liners\u00a0: Item Names:\u00a0Jaw Plates,Stationary\u00a0Jaw Tooth,\u00a0Movable\u00a0Jaw Die\u00a0Fixed Jaw, Swing Jaw Plate, Jaw Fixed, Jaw Moveable ,Cheek Plate\u00a0,Side Plate,Jawface Fixed, Crusher Jaw Loose Model: Parker Rocksledger 4232 Jaw Casting Material: Austenstic Manganese Steel ( M14Cr2, Mn18Cr2, Mn22Cr2)","_links":{"self":[{"href":"https:\/\/miningspareparts.com\/es\/wp-json\/wp\/v2\/product\/4280","targetHints":{"allow":["GET"]}}],"collection":[{"href":"https:\/\/miningspareparts.com\/es\/wp-json\/wp\/v2\/product"}],"about":[{"href":"https:\/\/miningspareparts.com\/es\/wp-json\/wp\/v2\/types\/product"}],"wp:featuredmedia":[{"embeddable":true,"href":"https:\/\/miningspareparts.com\/es\/wp-json\/wp\/v2\/media\/11233"}],"wp:attachment":[{"href":"https:\/\/miningspareparts.com\/es\/wp-json\/wp\/v2\/media?parent=4280"}],"wp:term":[{"taxonomy":"product_brand","embeddable":true,"href":"https:\/\/miningspareparts.com\/es\/wp-json\/wp\/v2\/product_brand?post=4280"},{"taxonomy":"product_cat","embeddable":true,"href":"https:\/\/miningspareparts.com\/es\/wp-json\/wp\/v2\/product_cat?post=4280"},{"taxonomy":"product_tag","embeddable":true,"href":"https:\/\/miningspareparts.com\/es\/wp-json\/wp\/v2\/product_tag?post=4280"}],"curies":[{"name":"wp","href":"https:\/\/api.w.org\/{rel}","templated":true}]}}