{"id":4436,"date":"2024-03-27T09:20:56","date_gmt":"2024-03-27T09:20:56","guid":{"rendered":"https:\/\/miningspareparts.com\/?post_type=product&#038;p=4436"},"modified":"2026-03-26T03:35:42","modified_gmt":"2026-03-26T03:35:42","slug":"c110_crusher_parts","status":"publish","type":"product","link":"https:\/\/miningspareparts.com\/es\/producto\/c110_crusher_parts\/","title":{"rendered":"Jaw Quarry Tooth Long Suit   Nordberg C110 Jaw Crusher"},"content":{"rendered":"<p><strong>He aqu\u00ed una descripci\u00f3n de la trituradora de mand\u00edbulas Terex XA400 Jaw plate<\/strong><\/p>\n<p style=\"font-weight: 400;\">Nombres de los art\u00edculos: Placas de Mand\u00edbula, Diente de Mand\u00edbula Estacionario, Mand\u00edbula M\u00f3vil Mordaza Fija, Placa de Mand\u00edbula Giratoria,<\/p>\n<p style=\"font-weight: 400;\">Mand\u00edbula fija, Mand\u00edbula m\u00f3vil, Placa de mejilla, Placa lateral, Cara de mand\u00edbula fija, Mand\u00edbula trituradora suelta<\/p>\n<p style=\"font-weight: 400;\">Material de fundici\u00f3n: Acero al manganeso austens\u00edtico (Mn14, M14Cr2, Mn18Cr2, Mn22Cr2)<\/p>\n<p style=\"font-weight: 400;\">M\u00e9todo de fundici\u00f3n: Colado en arena con vidrio al agua<\/p>\n<p style=\"font-weight: 400;\">Material aplicable:Grava, granito, basalto, mineral, piedra caliza, arenisca, Quatz, adoquines<\/p>\n<p style=\"font-weight: 400;\">Aplicaciones: Miner\u00eda, Canteras, Construcci\u00f3n ,Cemento y Materiales ,Reciclaje<\/p>\n<table width=\"1042\">\n<tbody>\n<tr>\n<td width=\"142\">Marca<\/td>\n<td width=\"210\">Serie<\/td>\n<td width=\"690\">Modelo de trituradora<\/td>\n<\/tr>\n<tr>\n<td rowspan=\"3\">Mettso<\/td>\n<td>Trituradora de mand\u00edbulas serie C<\/td>\n<td>C80, C96 ,C106, C116, C120, C130, C150, C160, C200<\/td>\n<\/tr>\n<tr>\n<td>Trituradora de cono serie GP<\/td>\n<td>GP100, GP100S, GP200S, GP220, GP330, GP300S, GP550, GP500S,GP7<\/td>\n<\/tr>\n<tr>\n<td>Trituradora de cono serie HP<\/td>\n<td>HP100, HP200, HP300, HP400, HP500, HP3, HP4, HP5, HP6, HP900<\/td>\n<\/tr>\n<tr>\n<td rowspan=\"3\">Sandvick<\/td>\n<td>Trituradora de mand\u00edbulas serie CJ<\/td>\n<td>CJ815, CJ615, CJ613, CJ612, CJ412, CJ411, CJ409, CJ211<\/td>\n<\/tr>\n<tr>\n<td>Trituradora de cono serie CH<\/td>\n<td>CH420, CH430, CH440, CH830i, CH840i, CH660, CH860i, CH865i, CH870i, CH880, CH890i, CH895i<\/td>\n<\/tr>\n<tr>\n<td>Trituradora de cono serie CS<\/td>\n<td>CS420, CS430, CS440, CS840i, CS660<\/td>\n<\/tr>\n<tr>\n<td rowspan=\"3\">Shanbao<\/td>\n<td>Trituradora de mand\u00edbulas serie PE<\/td>\n<td width=\"690\">PE150x250, PE250x400, PE400x600, PE500x750, PE600x900, PE750x1050, PE900x1200, PE100X1200, PE1200x1500, PE1500x1800.<\/td>\n<\/tr>\n<tr>\n<td>Trituradora de mand\u00edbulas serie PEX<\/td>\n<td>PEX250x750, PEX250x1000, PEX250x1200, PEX300x1300<\/td>\n<\/tr>\n<tr>\n<td>Trituradora de cono serie PY<\/td>\n<td>PYB\/PYD600, PYB\/PYZ\/PYD900, PYB\/PYZ\/PYD1200, PYB\/PYZ\/PYD1750, PYB\/PYD1750<\/td>\n<\/tr>\n<tr>\n<td>Symons<\/td>\n<td>Trituradora de cono serie FT<\/td>\n<td>2 PIES, 3 PIES, 4 PIES, 4-1\/4 PIES, 5-1\/2 PIES, 7 PIES<\/td>\n<\/tr>\n<tr>\n<td rowspan=\"3\">Terex MPS<\/td>\n<td>Trituradora de mand\u00edbulas serie JC\/JW\/JS<\/td>\n<td>JC2236, JC3660, JC5460, JW42, JW55, JS3750, JS4552<\/td>\n<\/tr>\n<tr>\n<td>Trituradora de cono serie TC\/TG<\/td>\n<td>TC1000, TC1150, TC1300, TG120, TG220, TG320, TG420, TG820, TG1020<\/td>\n<\/tr>\n<tr>\n<td>Trituradora de cono serie TGS\/MVP<\/td>\n<td>TGS120, TGS220, TGS320, TGS420, MVP380X MVP450X MVP550X,RC45III<\/td>\n<\/tr>\n<tr>\n<td rowspan=\"4\">Telsmith<\/td>\n<td>Trituradora de mand\u00edbulas serie H<\/td>\n<td>H2238,H2550.H3244,H3450.H4448,H5060,H3042,H3055.H3648.H3258.H3858<\/td>\n<\/tr>\n<tr>\n<td>Trituradora de cono serie T<\/td>\n<td>T200, T300,T400, T500, T900.<\/td>\n<\/tr>\n<tr>\n<td>Serie Gyrasphere Cone<\/td>\n<td>24\u2033, 36\u2033Std, 36FC, 38H, 44\u2033, 48S\", 48FC<\/td>\n<\/tr>\n<tr>\n<td>Trituradora de cono serie SBS\/SBX<\/td>\n<td>SBS38, SBS44, SBS52, SBS57, SBS68, SBX44, SBX52, SBX57<\/td>\n<\/tr>\n<tr>\n<td rowspan=\"2\">Astec<\/td>\n<td>Pioneer Serie Mand\u00edbula Est\u00e1ndar<\/td>\n<td width=\"690\">10&#215;16, 10&#215;20, 10&#215;24, 15&#215;24, 10&#215;30, 18&#215;30, 8&#215;36, 9&#215;36, 10&#215;36, 13&#215;36, 15&#215;36, 18&#215;36, 20&#215;36, 24&#215;36, 26&#215;40, 30&#215;42,<br \/>\n36&#215;42, 31&#215;44, 35&#215;46, 10&#215;47, 21&#215;48, 42&#215;48, 24&#215;49, 33&#215;50, 28&#215;54, 30&#215;55<\/td>\n<\/tr>\n<tr>\n<td width=\"210\">Serie de mand\u00edbulas Astec KPI-JCI<\/td>\n<td width=\"690\">2742, 2650, 3055, 3365, 4448IG, 5060IG, 2238H, 3244H, 3450H<\/td>\n<\/tr>\n<tr>\n<td colspan=\"3\">Otras marcas y dibujos personalizados por favor p\u00f3ngase en contacto con nosotros para promote@miningspareparts.com<\/td>\n<\/tr>\n<\/tbody>\n<\/table>\n<p>&nbsp;<\/p>\n<h5>Por qu\u00e9 elegirnos\uff1f<\/h5>\n<p>1.100% Garant\u00eda de ajuste: Garantizamos nuestras piezas 100% ajuste a su m\u00e1quina si no le devolveremos el dinero.<\/p>\n<p>2.Garant\u00eda de calidad: Damos Garant\u00eda de nuestras piezas se han suministrado para Reemplazar una nueva piezas si las Piezas que tienen grave calidad de grieta y poco comunes problemas de desgaste.<\/p>\n<p>3. Amplia cobertura: Tenemos una amplia cobertura de dibujo y patr\u00f3n sobre 80% de modelos de trituradoras populares disponibles en el mercado, las edades de trituradoras pueden ser rastreadas antes de 1950.<\/p>\n<p>4.Disponibilidad de Stock: Mantenemos las piezas VSI y trituradora com\u00fan en stock nos permiten entrega r\u00e1pida.<\/p>\n<p>5.Flexibilidad: Somos lo suficientemente flexibles como para proporcionar diversas condiciones de pago a la conveniencia de nuestros clientes de diferentes regiones, tales como T \/ T, L \/ C, DP, Western Union, Udial como etc y podemos hacer el env\u00edo CIF LCL, FCL, carga a\u00e9rea, servicio de puerta a puerta. para la entrega FOB los art\u00edculos al almac\u00e9n en China y puede ser la entrega a Guangzhou y Yiwu.<\/p>\n<p>6.Personalizado: Podemos hacer fundici\u00f3n personalizada seg\u00fan los dibujos del cliente y la composici\u00f3n del material.<\/p>\n<p>7. Servicios: Inspecci\u00f3n, informe de pruebas de propiedades, informe de dimensiones e ingenier\u00eda inversa seg\u00fan las muestras del cliente.<\/p>","protected":false},"excerpt":{"rendered":"<p><strong>Jaques australiana trituradora de mand\u00edbula Liners :<\/strong><\/p>\n<p>Nombres de los art\u00edculos: Placas de Mand\u00edbula, Diente de Mand\u00edbula Estacionario, Mand\u00edbula M\u00f3vil Mordaza Fija, Placa de Mand\u00edbula Giratoria,<\/p>\n<p>Mand\u00edbula fija, Mand\u00edbula m\u00f3vil, Placa de mejilla, Placa lateral, Cara de mand\u00edbula fija, Mand\u00edbula trituradora suelta<\/p>\n<p>Model: Metso C110\/LT110<\/p>\n<p>Casting Material: Austenstic Manganese Steel ( M14Cr2, Mn18Cr2, Mn22Cr2)<\/p>","protected":false},"featured_media":11189,"template":"","meta":{"_uag_custom_page_level_css":"","site-sidebar-layout":"default","site-content-layout":"","ast-site-content-layout":"default","site-content-style":"default","site-sidebar-style":"default","ast-global-header-display":"","ast-banner-title-visibility":"","ast-main-header-display":"","ast-hfb-above-header-display":"","ast-hfb-below-header-display":"","ast-hfb-mobile-header-display":"","site-post-title":"","ast-breadcrumbs-content":"","ast-featured-img":"","footer-sml-layout":"","ast-disable-related-posts":"","theme-transparent-header-meta":"default","adv-header-id-meta":"","stick-header-meta":"default","header-above-stick-meta":"","header-main-stick-meta":"","header-below-stick-meta":"","astra-migrate-meta-layouts":"set","ast-page-background-enabled":"default","ast-page-background-meta":{"desktop":{"background-color":"var(--ast-global-color-4)","background-image":"","background-repeat":"repeat","background-position":"center center","background-size":"auto","background-attachment":"scroll","background-type":"","background-media":"","overlay-type":"","overlay-color":"","overlay-opacity":"","overlay-gradient":""},"tablet":{"background-color":"","background-image":"","background-repeat":"repeat","background-position":"center center","background-size":"auto","background-attachment":"scroll","background-type":"","background-media":"","overlay-type":"","overlay-color":"","overlay-opacity":"","overlay-gradient":""},"mobile":{"background-color":"","background-image":"","background-repeat":"repeat","background-position":"center center","background-size":"auto","background-attachment":"scroll","background-type":"","background-media":"","overlay-type":"","overlay-color":"","overlay-opacity":"","overlay-gradient":""}},"ast-content-background-meta":{"desktop":{"background-color":"var(--ast-global-color-5)","background-image":"","background-repeat":"repeat","background-position":"center center","background-size":"auto","background-attachment":"scroll","background-type":"","background-media":"","overlay-type":"","overlay-color":"","overlay-opacity":"","overlay-gradient":""},"tablet":{"background-color":"var(--ast-global-color-5)","background-image":"","background-repeat":"repeat","background-position":"center center","background-size":"auto","background-attachment":"scroll","background-type":"","background-media":"","overlay-type":"","overlay-color":"","overlay-opacity":"","overlay-gradient":""},"mobile":{"background-color":"var(--ast-global-color-5)","background-image":"","background-repeat":"repeat","background-position":"center center","background-size":"auto","background-attachment":"scroll","background-type":"","background-media":"","overlay-type":"","overlay-color":"","overlay-opacity":"","overlay-gradient":""}}},"product_brand":[],"product_cat":[284,285,100,33,32,221,57,222,225,223,87],"product_tag":[],"class_list":{"0":"post-4436","1":"product","2":"type-product","3":"status-publish","4":"has-post-thumbnail","6":"product_cat-by-brands","7":"product_cat-terex","8":"product_cat-crusher-liner","9":"product_cat-jaw-die-plate","10":"product_cat-jaw-liner","11":"product_cat-jaw-wedges","12":"product_cat-crusher-spares","13":"product_cat-bronze-parts","14":"product_cat-frame-shells","15":"product_cat-machining-parts","16":"product_cat-engineering-parts","17":"desktop-align-left","18":"tablet-align-left","19":"mobile-align-left","20":"ast-product-gallery-layout-horizontal-slider","21":"ast-product-gallery-with-no-image","22":"ast-product-single-variable","23":"ast-product-tabs-layout-horizontal","25":"first","26":"instock","27":"shipping-taxable","28":"purchasable","29":"product-type-variable"},"yoast_head":"<!-- This site is optimized with the Yoast SEO plugin v27.4 - https:\/\/yoast.com\/product\/yoast-seo-wordpress\/ -->\n<title>C110 Jaw plate Jaw Crusher\u00a0 - Crusher parts, Slurry Pump Parts, Excavator shovel parts<\/title>\n<meta name=\"description\" content=\"C110 Jaw plate, aftermarket choice with Mn18cr2 material for superior wear resistance and prolonged performance.wear parts\u00a0\" \/>\n<meta name=\"robots\" content=\"index, follow, max-snippet:-1, max-image-preview:large, max-video-preview:-1\" \/>\n<link rel=\"canonical\" href=\"https:\/\/miningspareparts.com\/es\/producto\/c110_crusher_parts\/\" \/>\n<meta property=\"og:locale\" content=\"es_MX\" \/>\n<meta property=\"og:type\" content=\"article\" \/>\n<meta property=\"og:title\" content=\"C110 Jaw plate Jaw Crusher\u00a0 - Crusher parts, Slurry Pump Parts, Excavator shovel parts\" \/>\n<meta property=\"og:description\" content=\"C110 Jaw plate, aftermarket choice with Mn18cr2 material for superior wear resistance and prolonged performance.wear parts\u00a0\" \/>\n<meta property=\"og:url\" content=\"https:\/\/miningspareparts.com\/es\/producto\/c110_crusher_parts\/\" \/>\n<meta property=\"og:site_name\" content=\"Crusher parts, Slurry Pump Parts, Excavator shovel parts\" \/>\n<meta property=\"article:modified_time\" content=\"2026-03-26T03:35:42+00:00\" \/>\n<meta property=\"og:image\" content=\"https:\/\/miningspareparts.com\/wp-content\/uploads\/2024\/03\/C110-Jaw-plate-Jaw-Crusher.webp\" \/>\n\t<meta property=\"og:image:width\" content=\"800\" \/>\n\t<meta property=\"og:image:height\" content=\"800\" \/>\n\t<meta property=\"og:image:type\" content=\"image\/webp\" \/>\n<meta name=\"twitter:card\" content=\"summary_large_image\" \/>\n<meta name=\"twitter:label1\" content=\"Tiempo de lectura\" \/>\n\t<meta name=\"twitter:data1\" content=\"3 minutos\" \/>\n<script type=\"application\/ld+json\" class=\"yoast-schema-graph\">{\"@context\":\"https:\\\/\\\/schema.org\",\"@graph\":[{\"@type\":\"WebPage\",\"@id\":\"https:\\\/\\\/miningspareparts.com\\\/product\\\/c110_crusher_parts\\\/\",\"url\":\"https:\\\/\\\/miningspareparts.com\\\/product\\\/c110_crusher_parts\\\/\",\"name\":\"C110 Jaw plate Jaw Crusher\u00a0 - Crusher parts, Slurry Pump Parts, Excavator shovel parts\",\"isPartOf\":{\"@id\":\"https:\\\/\\\/miningspareparts.com\\\/#website\"},\"primaryImageOfPage\":{\"@id\":\"https:\\\/\\\/miningspareparts.com\\\/product\\\/c110_crusher_parts\\\/#primaryimage\"},\"image\":{\"@id\":\"https:\\\/\\\/miningspareparts.com\\\/product\\\/c110_crusher_parts\\\/#primaryimage\"},\"thumbnailUrl\":\"https:\\\/\\\/miningspareparts.com\\\/wp-content\\\/uploads\\\/2024\\\/03\\\/C110-Jaw-plate-Jaw-Crusher.webp\",\"datePublished\":\"2024-03-27T09:20:56+00:00\",\"dateModified\":\"2026-03-26T03:35:42+00:00\",\"description\":\"C110 Jaw plate, aftermarket choice with Mn18cr2 material for superior wear resistance and prolonged performance.wear parts\u00a0\",\"breadcrumb\":{\"@id\":\"https:\\\/\\\/miningspareparts.com\\\/product\\\/c110_crusher_parts\\\/#breadcrumb\"},\"inLanguage\":\"es\",\"potentialAction\":[{\"@type\":\"ReadAction\",\"target\":[\"https:\\\/\\\/miningspareparts.com\\\/product\\\/c110_crusher_parts\\\/\"]}]},{\"@type\":\"ImageObject\",\"inLanguage\":\"es\",\"@id\":\"https:\\\/\\\/miningspareparts.com\\\/product\\\/c110_crusher_parts\\\/#primaryimage\",\"url\":\"https:\\\/\\\/miningspareparts.com\\\/wp-content\\\/uploads\\\/2024\\\/03\\\/C110-Jaw-plate-Jaw-Crusher.webp\",\"contentUrl\":\"https:\\\/\\\/miningspareparts.com\\\/wp-content\\\/uploads\\\/2024\\\/03\\\/C110-Jaw-plate-Jaw-Crusher.webp\",\"width\":800,\"height\":800,\"caption\":\"C110 Jaw plate Jaw Crusher\"},{\"@type\":\"BreadcrumbList\",\"@id\":\"https:\\\/\\\/miningspareparts.com\\\/product\\\/c110_crusher_parts\\\/#breadcrumb\",\"itemListElement\":[{\"@type\":\"ListItem\",\"position\":1,\"name\":\"Home\",\"item\":\"https:\\\/\\\/miningspareparts.com\\\/\"},{\"@type\":\"ListItem\",\"position\":2,\"name\":\"Premium Mining Wear And Spare Parts\",\"item\":\"https:\\\/\\\/miningspareparts.com\\\/shop\\\/\"},{\"@type\":\"ListItem\",\"position\":3,\"name\":\"Jaw Quarry Tooth Long Suit Nordberg C110 Jaw Crusher\"}]},{\"@type\":\"WebSite\",\"@id\":\"https:\\\/\\\/miningspareparts.com\\\/#website\",\"url\":\"https:\\\/\\\/miningspareparts.com\\\/\",\"name\":\"Crusher parts , Concrete Mixer Parts, Slurry Pump Parts, Mining Spares\",\"description\":\"Mining Wear &amp; Spare Parts Supplier\",\"publisher\":{\"@id\":\"https:\\\/\\\/miningspareparts.com\\\/#organization\"},\"potentialAction\":[{\"@type\":\"SearchAction\",\"target\":{\"@type\":\"EntryPoint\",\"urlTemplate\":\"https:\\\/\\\/miningspareparts.com\\\/?s={search_term_string}\"},\"query-input\":{\"@type\":\"PropertyValueSpecification\",\"valueRequired\":true,\"valueName\":\"search_term_string\"}}],\"inLanguage\":\"es\"},{\"@type\":\"Organization\",\"@id\":\"https:\\\/\\\/miningspareparts.com\\\/#organization\",\"name\":\"Crusher parts , Concrete Mixer Parts, Slurry Pump Parts, Mining Spares\",\"url\":\"https:\\\/\\\/miningspareparts.com\\\/\",\"logo\":{\"@type\":\"ImageObject\",\"inLanguage\":\"es\",\"@id\":\"https:\\\/\\\/miningspareparts.com\\\/#\\\/schema\\\/logo\\\/image\\\/\",\"url\":\"https:\\\/\\\/miningspareparts.com\\\/wp-content\\\/uploads\\\/2025\\\/04\\\/cropped-cropped-logo\u6b63\u65b9\u5f62.png\",\"contentUrl\":\"https:\\\/\\\/miningspareparts.com\\\/wp-content\\\/uploads\\\/2025\\\/04\\\/cropped-cropped-logo\u6b63\u65b9\u5f62.png\",\"width\":511,\"height\":171,\"caption\":\"Crusher parts , Concrete Mixer Parts, Slurry Pump Parts, Mining Spares\"},\"image\":{\"@id\":\"https:\\\/\\\/miningspareparts.com\\\/#\\\/schema\\\/logo\\\/image\\\/\"}}]}<\/script>\n<!-- \/ Yoast SEO plugin. -->","yoast_head_json":{"title":"C110 Jaw plate Jaw Crusher\u00a0 - Crusher parts, Slurry Pump Parts, Excavator shovel parts","description":"C110 Jaw plate, aftermarket choice with Mn18cr2 material for superior wear resistance and prolonged performance.wear parts\u00a0","robots":{"index":"index","follow":"follow","max-snippet":"max-snippet:-1","max-image-preview":"max-image-preview:large","max-video-preview":"max-video-preview:-1"},"canonical":"https:\/\/miningspareparts.com\/es\/producto\/c110_crusher_parts\/","og_locale":"es_MX","og_type":"article","og_title":"C110 Jaw plate Jaw Crusher\u00a0 - Crusher parts, Slurry Pump Parts, Excavator shovel parts","og_description":"C110 Jaw plate, aftermarket choice with Mn18cr2 material for superior wear resistance and prolonged performance.wear parts\u00a0","og_url":"https:\/\/miningspareparts.com\/es\/producto\/c110_crusher_parts\/","og_site_name":"Crusher parts, Slurry Pump Parts, Excavator shovel parts","article_modified_time":"2026-03-26T03:35:42+00:00","og_image":[{"width":800,"height":800,"url":"https:\/\/miningspareparts.com\/wp-content\/uploads\/2024\/03\/C110-Jaw-plate-Jaw-Crusher.webp","type":"image\/webp"}],"twitter_card":"summary_large_image","twitter_misc":{"Tiempo de lectura":"3 minutos"},"schema":{"@context":"https:\/\/schema.org","@graph":[{"@type":"WebPage","@id":"https:\/\/miningspareparts.com\/product\/c110_crusher_parts\/","url":"https:\/\/miningspareparts.com\/product\/c110_crusher_parts\/","name":"C110 Jaw plate Jaw Crusher\u00a0 - Crusher parts, Slurry Pump Parts, Excavator shovel parts","isPartOf":{"@id":"https:\/\/miningspareparts.com\/#website"},"primaryImageOfPage":{"@id":"https:\/\/miningspareparts.com\/product\/c110_crusher_parts\/#primaryimage"},"image":{"@id":"https:\/\/miningspareparts.com\/product\/c110_crusher_parts\/#primaryimage"},"thumbnailUrl":"https:\/\/miningspareparts.com\/wp-content\/uploads\/2024\/03\/C110-Jaw-plate-Jaw-Crusher.webp","datePublished":"2024-03-27T09:20:56+00:00","dateModified":"2026-03-26T03:35:42+00:00","description":"C110 Jaw plate, aftermarket choice with Mn18cr2 material for superior wear resistance and prolonged performance.wear parts\u00a0","breadcrumb":{"@id":"https:\/\/miningspareparts.com\/product\/c110_crusher_parts\/#breadcrumb"},"inLanguage":"es","potentialAction":[{"@type":"ReadAction","target":["https:\/\/miningspareparts.com\/product\/c110_crusher_parts\/"]}]},{"@type":"ImageObject","inLanguage":"es","@id":"https:\/\/miningspareparts.com\/product\/c110_crusher_parts\/#primaryimage","url":"https:\/\/miningspareparts.com\/wp-content\/uploads\/2024\/03\/C110-Jaw-plate-Jaw-Crusher.webp","contentUrl":"https:\/\/miningspareparts.com\/wp-content\/uploads\/2024\/03\/C110-Jaw-plate-Jaw-Crusher.webp","width":800,"height":800,"caption":"C110 Jaw plate Jaw Crusher"},{"@type":"BreadcrumbList","@id":"https:\/\/miningspareparts.com\/product\/c110_crusher_parts\/#breadcrumb","itemListElement":[{"@type":"ListItem","position":1,"name":"Home","item":"https:\/\/miningspareparts.com\/"},{"@type":"ListItem","position":2,"name":"Premium Mining Wear And Spare Parts","item":"https:\/\/miningspareparts.com\/shop\/"},{"@type":"ListItem","position":3,"name":"Jaw Quarry Tooth Long Suit Nordberg C110 Jaw Crusher"}]},{"@type":"WebSite","@id":"https:\/\/miningspareparts.com\/#website","url":"https:\/\/miningspareparts.com\/","name":"Crusher parts , Concrete Mixer Parts, Slurry Pump Parts, Mining Spares","description":"Mining Wear &amp; Spare Parts Supplier","publisher":{"@id":"https:\/\/miningspareparts.com\/#organization"},"potentialAction":[{"@type":"SearchAction","target":{"@type":"EntryPoint","urlTemplate":"https:\/\/miningspareparts.com\/?s={search_term_string}"},"query-input":{"@type":"PropertyValueSpecification","valueRequired":true,"valueName":"search_term_string"}}],"inLanguage":"es"},{"@type":"Organization","@id":"https:\/\/miningspareparts.com\/#organization","name":"Crusher parts , Concrete Mixer Parts, Slurry Pump Parts, Mining Spares","url":"https:\/\/miningspareparts.com\/","logo":{"@type":"ImageObject","inLanguage":"es","@id":"https:\/\/miningspareparts.com\/#\/schema\/logo\/image\/","url":"https:\/\/miningspareparts.com\/wp-content\/uploads\/2025\/04\/cropped-cropped-logo\u6b63\u65b9\u5f62.png","contentUrl":"https:\/\/miningspareparts.com\/wp-content\/uploads\/2025\/04\/cropped-cropped-logo\u6b63\u65b9\u5f62.png","width":511,"height":171,"caption":"Crusher parts , Concrete Mixer Parts, Slurry Pump Parts, Mining Spares"},"image":{"@id":"https:\/\/miningspareparts.com\/#\/schema\/logo\/image\/"}}]}},"uagb_featured_image_src":{"full":["https:\/\/miningspareparts.com\/wp-content\/uploads\/2024\/03\/C110-Jaw-plate-Jaw-Crusher.webp",800,800,false],"thumbnail":["https:\/\/miningspareparts.com\/wp-content\/uploads\/2024\/03\/C110-Jaw-plate-Jaw-Crusher-150x150.webp",150,150,true],"medium":["https:\/\/miningspareparts.com\/wp-content\/uploads\/2024\/03\/C110-Jaw-plate-Jaw-Crusher-300x300.webp",300,300,true],"medium_large":["https:\/\/miningspareparts.com\/wp-content\/uploads\/2024\/03\/C110-Jaw-plate-Jaw-Crusher-768x768.webp",768,768,true],"large":["https:\/\/miningspareparts.com\/wp-content\/uploads\/2024\/03\/C110-Jaw-plate-Jaw-Crusher.webp",800,800,false],"1536x1536":["https:\/\/miningspareparts.com\/wp-content\/uploads\/2024\/03\/C110-Jaw-plate-Jaw-Crusher.webp",800,800,false],"2048x2048":["https:\/\/miningspareparts.com\/wp-content\/uploads\/2024\/03\/C110-Jaw-plate-Jaw-Crusher.webp",800,800,false],"trp-custom-language-flag":["https:\/\/miningspareparts.com\/wp-content\/uploads\/2024\/03\/C110-Jaw-plate-Jaw-Crusher-12x12.webp",12,12,true],"woocommerce_thumbnail":["https:\/\/miningspareparts.com\/wp-content\/uploads\/2024\/03\/C110-Jaw-plate-Jaw-Crusher-300x300.webp",300,300,true],"woocommerce_single":["https:\/\/miningspareparts.com\/wp-content\/uploads\/2024\/03\/C110-Jaw-plate-Jaw-Crusher-600x600.webp",600,600,true],"woocommerce_gallery_thumbnail":["https:\/\/miningspareparts.com\/wp-content\/uploads\/2024\/03\/C110-Jaw-plate-Jaw-Crusher-100x100.webp",100,100,true]},"uagb_author_info":{"display_name":"Miningspareparts","author_link":"https:\/\/miningspareparts.com\/es\/author\/"},"uagb_comment_info":0,"uagb_excerpt":"Australian Jaques Jaw crusher Liners\u00a0: Item Names:\u00a0Jaw Plates,Stationary\u00a0Jaw Tooth,\u00a0Movable\u00a0Jaw Die\u00a0Fixed Jaw, Swing Jaw Plate, Jaw Fixed, Jaw Moveable ,Cheek Plate\u00a0,Side Plate,Jawface Fixed, Crusher Jaw Loose Model: Metso C110\/LT110 Casting Material: Austenstic Manganese Steel ( M14Cr2, Mn18Cr2, Mn22Cr2)","_links":{"self":[{"href":"https:\/\/miningspareparts.com\/es\/wp-json\/wp\/v2\/product\/4436","targetHints":{"allow":["GET"]}}],"collection":[{"href":"https:\/\/miningspareparts.com\/es\/wp-json\/wp\/v2\/product"}],"about":[{"href":"https:\/\/miningspareparts.com\/es\/wp-json\/wp\/v2\/types\/product"}],"wp:featuredmedia":[{"embeddable":true,"href":"https:\/\/miningspareparts.com\/es\/wp-json\/wp\/v2\/media\/11189"}],"wp:attachment":[{"href":"https:\/\/miningspareparts.com\/es\/wp-json\/wp\/v2\/media?parent=4436"}],"wp:term":[{"taxonomy":"product_brand","embeddable":true,"href":"https:\/\/miningspareparts.com\/es\/wp-json\/wp\/v2\/product_brand?post=4436"},{"taxonomy":"product_cat","embeddable":true,"href":"https:\/\/miningspareparts.com\/es\/wp-json\/wp\/v2\/product_cat?post=4436"},{"taxonomy":"product_tag","embeddable":true,"href":"https:\/\/miningspareparts.com\/es\/wp-json\/wp\/v2\/product_tag?post=4436"}],"curies":[{"name":"wp","href":"https:\/\/api.w.org\/{rel}","templated":true}]}}