{"id":726,"date":"2023-11-30T01:46:28","date_gmt":"2023-11-30T01:46:28","guid":{"rendered":"https:\/\/miningspareparts.com\/?post_type=product&#038;p=726"},"modified":"2026-03-23T06:42:24","modified_gmt":"2026-03-23T06:42:24","slug":"c125-jaw-crusher","status":"publish","type":"product","link":"https:\/\/miningspareparts.com\/es\/producto\/c125-jaw-crusher\/","title":{"rendered":"N11954353 Movable Jaw Quarry Long  2344KGS and N11954343 Fixed Jaw Quarry Long 2520kgs for C125 Jaw Crusher Jaw plate"},"content":{"rendered":"<p><strong>He aqu\u00ed una descripci\u00f3n de la trituradora de mand\u00edbulas C125 Placa de mand\u00edbula\u00a0<\/strong><\/p>\n<p style=\"font-weight: 400;\"><strong>Serie C Mand\u00edbula Largo Alcance\u00a0<\/strong><strong>:\u00a0<\/strong>C110 |C120 |C130 |C140 |C150<\/p>\n<table style=\"font-weight: 400;\">\n<tbody>\n<tr>\n<td width=\"157\"><strong>C\u00f3digo tem<\/strong><\/td>\n<td width=\"280\"><strong>Nombre del art\u00edculo<\/strong><\/td>\n<td width=\"103\"><strong>Modelo<\/strong><\/td>\n<td width=\"142\"><strong>Descripci\u00f3n<\/strong><\/td>\n<td width=\"86\"><strong>Peso (kg)<\/strong><\/td>\n<\/tr>\n<tr>\n<td>MM0585542<\/td>\n<td>Placa de mand\u00edbula fija,Cantera<\/td>\n<td>C120<\/td>\n<td>Mand\u00edbula de repuesto<\/td>\n<td>2347<\/td>\n<\/tr>\n<tr>\n<td>MM0586425<\/td>\n<td>Placa de mand\u00edbula oscilante,Cantera<\/td>\n<td>C120<\/td>\n<td>Mand\u00edbula de repuesto<\/td>\n<td>2066<\/td>\n<\/tr>\n<tr>\n<td>MM0513140<\/td>\n<td>Placa de mordaza fija,Super Grip 1\/2-2pcs<\/td>\n<td>C120<\/td>\n<td>Mand\u00edbula de repuesto<\/td>\n<td><\/td>\n<\/tr>\n<tr>\n<td>MM0516731<\/td>\n<td>Placa de mand\u00edbula giratoria,Super Grip 1\/2-2pcs<\/td>\n<td>C120<\/td>\n<td>Mand\u00edbula de repuesto<\/td>\n<td><\/td>\n<\/tr>\n<tr>\n<td>MM0518605<\/td>\n<td>Placa de mand\u00edbula fija,Cantera 1\/2-2pcs<\/td>\n<td>C120<\/td>\n<td>Mand\u00edbula de repuesto<\/td>\n<td>1039<\/td>\n<\/tr>\n<tr>\n<td>MM0589530<\/td>\n<td>Placa de mand\u00edbula oscilante,Cantera 1\/2-2pcs<\/td>\n<td>C120<\/td>\n<td>Mand\u00edbula de repuesto<\/td>\n<td>925<\/td>\n<\/tr>\n<tr>\n<td>MM0512835<\/td>\n<td>Placa de mand\u00edbula oscilante,Cantera 1\/2-2pcs<\/td>\n<td>C120<\/td>\n<td>Mand\u00edbula de repuesto<\/td>\n<td>914<\/td>\n<\/tr>\n<tr>\n<td>MM0521201<\/td>\n<td>Placa de mand\u00edbula fija,Cantera<\/td>\n<td>C120<\/td>\n<td>Mand\u00edbula de repuesto<\/td>\n<td>2112<\/td>\n<\/tr>\n<tr>\n<td>MM0521203<\/td>\n<td>Placa de mand\u00edbula oscilante,Cantera<\/td>\n<td>C120<\/td>\n<td>Mand\u00edbula de repuesto<\/td>\n<td>1875<\/td>\n<\/tr>\n<tr>\n<td>MM0522422<\/td>\n<td>Placa de mordaza fija,Super Grip<\/td>\n<td>C120<\/td>\n<td>Mand\u00edbula de repuesto<\/td>\n<td><\/td>\n<\/tr>\n<tr>\n<td>MM0522425<\/td>\n<td>Placa de mand\u00edbula oscilante,Super Grip<\/td>\n<td>C120<\/td>\n<td>Mand\u00edbula de repuesto<\/td>\n<td><\/td>\n<\/tr>\n<tr>\n<td>MM0588282<\/td>\n<td>Placa de mand\u00edbula oscilante,Super Grip<\/td>\n<td>C120<\/td>\n<td>Mand\u00edbula de repuesto<\/td>\n<td><\/td>\n<\/tr>\n<tr>\n<td>MM0589430<\/td>\n<td>Placa de mand\u00edbula giratoria,Super Grip 1\/2-2pcs<\/td>\n<td>C120<\/td>\n<td>Mand\u00edbula de repuesto<\/td>\n<td>832<\/td>\n<\/tr>\n<tr>\n<td>MM0514485<\/td>\n<td>Placa de mejilla,Superior<\/td>\n<td>C120<\/td>\n<td>Mand\u00edbula de repuesto<\/td>\n<td><\/td>\n<\/tr>\n<tr>\n<td>901528<\/td>\n<td>Placa de mejilla,Inferior<\/td>\n<td>C120<\/td>\n<td>Mand\u00edbula de repuesto<\/td>\n<td><\/td>\n<\/tr>\n<tr>\n<td>MM0548592<\/td>\n<td>Placa de mejilla,Una pieza<\/td>\n<td>C120<\/td>\n<td>Mand\u00edbula de repuesto<\/td>\n<td><\/td>\n<\/tr>\n<tr>\n<td>MM1032302<\/td>\n<td>Placa de mand\u00edbula m\u00f3vil,Cantera-2 piezas<\/td>\n<td>C130<\/td>\n<td>Mand\u00edbula de repuesto<\/td>\n<td><\/td>\n<\/tr>\n<tr>\n<td>MM1085668<\/td>\n<td>Placa de mand\u00edbula fija,Cantera-2 piezas<\/td>\n<td>C130<\/td>\n<td>Mand\u00edbula de repuesto<\/td>\n<td>1457<\/td>\n<\/tr>\n<tr>\n<td>MM1031742<\/td>\n<td>Placa de mand\u00edbula m\u00f3vil,Cantera<\/td>\n<td>C130<\/td>\n<td>Mand\u00edbula de repuesto<\/td>\n<td><\/td>\n<\/tr>\n<tr>\n<td>MM1086204<\/td>\n<td>Placa de mand\u00edbula fija,Cantera<\/td>\n<td>C130<\/td>\n<td>Mand\u00edbula de repuesto<\/td>\n<td><\/td>\n<\/tr>\n<tr>\n<td>MM1071785<\/td>\n<td>Placa de mand\u00edbula fija,Cantera-2 piezas+40mm<\/td>\n<td>C130<\/td>\n<td>Mand\u00edbula de repuesto<\/td>\n<td><\/td>\n<\/tr>\n<tr>\n<td>MM1071836<\/td>\n<td>Placa de mordaza m\u00f3vil,Super Grip-2 uds.<\/td>\n<td>C130<\/td>\n<td>Mand\u00edbula de repuesto<\/td>\n<td><\/td>\n<\/tr>\n<tr>\n<td>MM1071843<\/td>\n<td>Placa de mordaza m\u00f3vil,Super Grip<\/td>\n<td>C130<\/td>\n<td>Mand\u00edbula de repuesto<\/td>\n<td><\/td>\n<\/tr>\n<tr>\n<td>MM1071842<\/td>\n<td>Placa de mordaza fija,Super Grip<\/td>\n<td>C130<\/td>\n<td>Mand\u00edbula de repuesto<\/td>\n<td><\/td>\n<\/tr>\n<tr>\n<td>MM1155334<\/td>\n<td>Placa basculante<\/td>\n<td>C130<\/td>\n<td>Mand\u00edbula de repuesto<\/td>\n<td><\/td>\n<\/tr>\n<tr>\n<td>MM1005346<\/td>\n<td>Asiento basculante<\/td>\n<td>C130<\/td>\n<td>Mand\u00edbula de repuesto<\/td>\n<td><\/td>\n<\/tr>\n<tr>\n<td>MM1235178<\/td>\n<td>Cu\u00f1a Par<\/td>\n<td>C130<\/td>\n<td>Mand\u00edbula de repuesto<\/td>\n<td><\/td>\n<\/tr>\n<tr>\n<td>MM1081689<\/td>\n<td>Apriete de cu\u00f1as<\/td>\n<td>C130<\/td>\n<td>Mand\u00edbula de repuesto<\/td>\n<td><\/td>\n<\/tr>\n<\/tbody>\n<\/table>\n<p>Presentamos el modelo de plato de mand\u00edbula Mesto C125, conocido por su excepcional durabilidad y rendimiento.<\/p>\n<p>Las ventajas de este modelo incluyen un dise\u00f1o robusto, que garantiza una eficacia operativa prolongada. Tiene una aplicaci\u00f3n vers\u00e1til en diversas operaciones de trituraci\u00f3n.<\/p>\n<p>En cuanto a piezas de desgaste, la placa de mand\u00edbulas C125 destaca por su construcci\u00f3n de alta calidad, que garantiza fiabilidad y longevidad en los procesos de trituraci\u00f3n.<\/p>\n<p>1.100% Garant\u00eda de ajuste: Garantizamos nuestras piezas 100% ajuste a su m\u00e1quina si no le devolveremos el dinero.<\/p>\n<p>2.Garant\u00eda de calidad: Damos Garant\u00eda de nuestras piezas se han suministrado para Reemplazar una nueva piezas si las Piezas que tienen grave calidad de grieta y poco comunes problemas de desgaste.<\/p>\n<p>3. Amplia cobertura: Tenemos una amplia cobertura de dibujo y patr\u00f3n sobre 80% de modelos de trituradoras populares disponibles en el mercado, las edades de trituradoras pueden ser rastreadas antes de 1950.<\/p>\n<p>4.Disponibilidad de Stock: Mantenemos las piezas VSI y trituradora com\u00fan en stock nos permiten entrega r\u00e1pida.<\/p>\n<p>5.Flexibilidad: Somos lo suficientemente flexibles como para proporcionar diversas condiciones de pago a la conveniencia de nuestros clientes de diferentes regiones, tales como T \/ T, L \/ C, DP, Western Union, Udial como etc y podemos hacer el env\u00edo CIF LCL, FCL, carga a\u00e9rea, servicio de puerta a puerta. para la entrega FOB los art\u00edculos al almac\u00e9n en China y puede ser la entrega a Guangzhou y Yiwu.<\/p>\n<p>6.Personalizado: Podemos hacer fundici\u00f3n personalizada seg\u00fan los dibujos del cliente y la composici\u00f3n del material.<\/p>\n<p>7. Servicios: Inspecci\u00f3n, informe de pruebas de propiedades, informe de dimensiones e ingenier\u00eda inversa seg\u00fan las muestras del cliente.<\/p>","protected":false},"excerpt":{"rendered":"<p style=\"font-weight: 400;\"><strong>Revestimientos populares para trituradoras de mand\u00edbulas Nordberg C :<\/strong><\/p>\n<p style=\"font-weight: 400;\">Nombres de los art\u00edculos: Placas de Mand\u00edbula, Diente de Mand\u00edbula Estacionario, Mand\u00edbula M\u00f3vil Mordaza Fija, Placa de Mand\u00edbula Giratoria,<\/p>\n<p style=\"font-weight: 400;\">Mand\u00edbula fija, Mand\u00edbula m\u00f3vil, Placa de mejilla, Placa lateral, Cara de mand\u00edbula fija, Mand\u00edbula trituradora suelta<\/p>\n<p style=\"font-weight: 400;\">Material de fundici\u00f3n: Acero al manganeso austens\u00edtico (Mn14, M14Cr2, Mn18Cr2, Mn22Cr2)<\/p>\n<p style=\"font-weight: 400;\">M\u00e9todo de fundici\u00f3n: Colado en arena con vidrio al agua<\/p>\n<p style=\"font-weight: 400;\">Material aplicable:Grava, granito, basalto, mineral, piedra caliza, arenisca, Quatz, adoquines<\/p>\n<p style=\"font-weight: 400;\">Aplicaciones: Miner\u00eda , Canteras, Construcci\u00f3n ,Cemento y Materiales ,Reciclaje<\/p>","protected":false},"featured_media":11195,"template":"","meta":{"_uag_custom_page_level_css":"","site-sidebar-layout":"default","site-content-layout":"","ast-site-content-layout":"default","site-content-style":"default","site-sidebar-style":"default","ast-global-header-display":"","ast-banner-title-visibility":"","ast-main-header-display":"","ast-hfb-above-header-display":"","ast-hfb-below-header-display":"","ast-hfb-mobile-header-display":"","site-post-title":"","ast-breadcrumbs-content":"","ast-featured-img":"","footer-sml-layout":"","ast-disable-related-posts":"","theme-transparent-header-meta":"default","adv-header-id-meta":"","stick-header-meta":"default","header-above-stick-meta":"","header-main-stick-meta":"","header-below-stick-meta":"","astra-migrate-meta-layouts":"set","ast-page-background-enabled":"default","ast-page-background-meta":{"desktop":{"background-color":"var(--ast-global-color-4)","background-image":"","background-repeat":"repeat","background-position":"center center","background-size":"auto","background-attachment":"scroll","background-type":"","background-media":"","overlay-type":"","overlay-color":"","overlay-opacity":"","overlay-gradient":""},"tablet":{"background-color":"","background-image":"","background-repeat":"repeat","background-position":"center center","background-size":"auto","background-attachment":"scroll","background-type":"","background-media":"","overlay-type":"","overlay-color":"","overlay-opacity":"","overlay-gradient":""},"mobile":{"background-color":"","background-image":"","background-repeat":"repeat","background-position":"center center","background-size":"auto","background-attachment":"scroll","background-type":"","background-media":"","overlay-type":"","overlay-color":"","overlay-opacity":"","overlay-gradient":""}},"ast-content-background-meta":{"desktop":{"background-color":"var(--ast-global-color-5)","background-image":"","background-repeat":"repeat","background-position":"center center","background-size":"auto","background-attachment":"scroll","background-type":"","background-media":"","overlay-type":"","overlay-color":"","overlay-opacity":"","overlay-gradient":""},"tablet":{"background-color":"var(--ast-global-color-5)","background-image":"","background-repeat":"repeat","background-position":"center center","background-size":"auto","background-attachment":"scroll","background-type":"","background-media":"","overlay-type":"","overlay-color":"","overlay-opacity":"","overlay-gradient":""},"mobile":{"background-color":"var(--ast-global-color-5)","background-image":"","background-repeat":"repeat","background-position":"center center","background-size":"auto","background-attachment":"scroll","background-type":"","background-media":"","overlay-type":"","overlay-color":"","overlay-opacity":"","overlay-gradient":""}}},"product_brand":[],"product_cat":[32,114],"product_tag":[],"class_list":{"0":"post-726","1":"product","2":"type-product","3":"status-publish","4":"has-post-thumbnail","6":"product_cat-jaw-liner","7":"product_cat-mesto","8":"desktop-align-left","9":"tablet-align-left","10":"mobile-align-left","11":"ast-product-gallery-layout-horizontal-slider","12":"ast-product-single-variable","13":"ast-product-tabs-layout-horizontal","15":"first","16":"instock","17":"shipping-taxable","18":"purchasable","19":"product-type-variable"},"yoast_head":"<!-- This site is optimized with the Yoast SEO plugin v27.4 - https:\/\/yoast.com\/product\/yoast-seo-wordpress\/ -->\n<title>C125 Jaw plate Jaw Crusher wear parts\u00a0 - Crusher parts, Slurry Pump Parts, Excavator shovel parts<\/title>\n<meta name=\"description\" content=\"Metso C125 Jaw Plate, designed for quarry crushing, features Mn18cr2 composition and specialized quarry tooth design, ensuring optimal performance.\" \/>\n<meta name=\"robots\" content=\"index, follow, max-snippet:-1, max-image-preview:large, max-video-preview:-1\" \/>\n<link rel=\"canonical\" href=\"https:\/\/miningspareparts.com\/es\/producto\/c125-jaw-crusher\/\" \/>\n<meta property=\"og:locale\" content=\"es_MX\" \/>\n<meta property=\"og:type\" content=\"article\" \/>\n<meta property=\"og:title\" content=\"C125 Jaw plate Jaw Crusher wear parts\u00a0 - Crusher parts, Slurry Pump Parts, Excavator shovel parts\" \/>\n<meta property=\"og:description\" content=\"Metso C125 Jaw Plate, designed for quarry crushing, features Mn18cr2 composition and specialized quarry tooth design, ensuring optimal performance.\" \/>\n<meta property=\"og:url\" content=\"https:\/\/miningspareparts.com\/es\/producto\/c125-jaw-crusher\/\" \/>\n<meta property=\"og:site_name\" content=\"Crusher parts, Slurry Pump Parts, Excavator shovel parts\" \/>\n<meta property=\"article:modified_time\" content=\"2026-03-23T06:42:24+00:00\" \/>\n<meta property=\"og:image\" content=\"https:\/\/miningspareparts.com\/wp-content\/uploads\/2023\/11\/C125-Jaw-Crusher-Jaw-plate.webp\" \/>\n\t<meta property=\"og:image:width\" content=\"800\" \/>\n\t<meta property=\"og:image:height\" content=\"800\" \/>\n\t<meta property=\"og:image:type\" content=\"image\/webp\" \/>\n<meta name=\"twitter:card\" content=\"summary_large_image\" \/>\n<meta name=\"twitter:label1\" content=\"Tiempo de lectura\" \/>\n\t<meta name=\"twitter:data1\" content=\"3 minutos\" \/>\n<script type=\"application\/ld+json\" class=\"yoast-schema-graph\">{\"@context\":\"https:\\\/\\\/schema.org\",\"@graph\":[{\"@type\":\"WebPage\",\"@id\":\"https:\\\/\\\/miningspareparts.com\\\/product\\\/c125-jaw-crusher\\\/\",\"url\":\"https:\\\/\\\/miningspareparts.com\\\/product\\\/c125-jaw-crusher\\\/\",\"name\":\"C125 Jaw plate Jaw Crusher wear parts\u00a0 - Crusher parts, Slurry Pump Parts, Excavator shovel parts\",\"isPartOf\":{\"@id\":\"https:\\\/\\\/miningspareparts.com\\\/#website\"},\"primaryImageOfPage\":{\"@id\":\"https:\\\/\\\/miningspareparts.com\\\/product\\\/c125-jaw-crusher\\\/#primaryimage\"},\"image\":{\"@id\":\"https:\\\/\\\/miningspareparts.com\\\/product\\\/c125-jaw-crusher\\\/#primaryimage\"},\"thumbnailUrl\":\"https:\\\/\\\/miningspareparts.com\\\/wp-content\\\/uploads\\\/2023\\\/11\\\/C125-Jaw-Crusher-Jaw-plate.webp\",\"datePublished\":\"2023-11-30T01:46:28+00:00\",\"dateModified\":\"2026-03-23T06:42:24+00:00\",\"description\":\"Metso C125 Jaw Plate, designed for quarry crushing, features Mn18cr2 composition and specialized quarry tooth design, ensuring optimal performance.\",\"breadcrumb\":{\"@id\":\"https:\\\/\\\/miningspareparts.com\\\/product\\\/c125-jaw-crusher\\\/#breadcrumb\"},\"inLanguage\":\"es\",\"potentialAction\":[{\"@type\":\"ReadAction\",\"target\":[\"https:\\\/\\\/miningspareparts.com\\\/product\\\/c125-jaw-crusher\\\/\"]}]},{\"@type\":\"ImageObject\",\"inLanguage\":\"es\",\"@id\":\"https:\\\/\\\/miningspareparts.com\\\/product\\\/c125-jaw-crusher\\\/#primaryimage\",\"url\":\"https:\\\/\\\/miningspareparts.com\\\/wp-content\\\/uploads\\\/2023\\\/11\\\/C125-Jaw-Crusher-Jaw-plate.webp\",\"contentUrl\":\"https:\\\/\\\/miningspareparts.com\\\/wp-content\\\/uploads\\\/2023\\\/11\\\/C125-Jaw-Crusher-Jaw-plate.webp\",\"width\":800,\"height\":800,\"caption\":\"N11954353 Movable Jaw Quarry Long 2344KGS and N11954343 Fixed Jaw Quarry Long 2520kgs for C125 Jaw Crusher Jaw plate\"},{\"@type\":\"BreadcrumbList\",\"@id\":\"https:\\\/\\\/miningspareparts.com\\\/product\\\/c125-jaw-crusher\\\/#breadcrumb\",\"itemListElement\":[{\"@type\":\"ListItem\",\"position\":1,\"name\":\"Home\",\"item\":\"https:\\\/\\\/miningspareparts.com\\\/\"},{\"@type\":\"ListItem\",\"position\":2,\"name\":\"Premium Mining Wear And Spare Parts\",\"item\":\"https:\\\/\\\/miningspareparts.com\\\/shop\\\/\"},{\"@type\":\"ListItem\",\"position\":3,\"name\":\"N11954353 Movable Jaw Quarry Long 2344KGS and N11954343 Fixed Jaw Quarry Long 2520kgs for C125 Jaw Crusher Jaw plate\"}]},{\"@type\":\"WebSite\",\"@id\":\"https:\\\/\\\/miningspareparts.com\\\/#website\",\"url\":\"https:\\\/\\\/miningspareparts.com\\\/\",\"name\":\"Crusher parts , Concrete Mixer Parts, Slurry Pump Parts, Mining Spares\",\"description\":\"Mining Wear &amp; Spare Parts Supplier\",\"publisher\":{\"@id\":\"https:\\\/\\\/miningspareparts.com\\\/#organization\"},\"potentialAction\":[{\"@type\":\"SearchAction\",\"target\":{\"@type\":\"EntryPoint\",\"urlTemplate\":\"https:\\\/\\\/miningspareparts.com\\\/?s={search_term_string}\"},\"query-input\":{\"@type\":\"PropertyValueSpecification\",\"valueRequired\":true,\"valueName\":\"search_term_string\"}}],\"inLanguage\":\"es\"},{\"@type\":\"Organization\",\"@id\":\"https:\\\/\\\/miningspareparts.com\\\/#organization\",\"name\":\"Crusher parts , Concrete Mixer Parts, Slurry Pump Parts, Mining Spares\",\"url\":\"https:\\\/\\\/miningspareparts.com\\\/\",\"logo\":{\"@type\":\"ImageObject\",\"inLanguage\":\"es\",\"@id\":\"https:\\\/\\\/miningspareparts.com\\\/#\\\/schema\\\/logo\\\/image\\\/\",\"url\":\"https:\\\/\\\/miningspareparts.com\\\/wp-content\\\/uploads\\\/2025\\\/04\\\/cropped-cropped-logo\u6b63\u65b9\u5f62.png\",\"contentUrl\":\"https:\\\/\\\/miningspareparts.com\\\/wp-content\\\/uploads\\\/2025\\\/04\\\/cropped-cropped-logo\u6b63\u65b9\u5f62.png\",\"width\":511,\"height\":171,\"caption\":\"Crusher parts , Concrete Mixer Parts, Slurry Pump Parts, Mining Spares\"},\"image\":{\"@id\":\"https:\\\/\\\/miningspareparts.com\\\/#\\\/schema\\\/logo\\\/image\\\/\"}}]}<\/script>\n<!-- \/ Yoast SEO plugin. -->","yoast_head_json":{"title":"C125 Jaw plate Jaw Crusher wear parts\u00a0 - Crusher parts, Slurry Pump Parts, Excavator shovel parts","description":"Metso C125 Jaw Plate, designed for quarry crushing, features Mn18cr2 composition and specialized quarry tooth design, ensuring optimal performance.","robots":{"index":"index","follow":"follow","max-snippet":"max-snippet:-1","max-image-preview":"max-image-preview:large","max-video-preview":"max-video-preview:-1"},"canonical":"https:\/\/miningspareparts.com\/es\/producto\/c125-jaw-crusher\/","og_locale":"es_MX","og_type":"article","og_title":"C125 Jaw plate Jaw Crusher wear parts\u00a0 - Crusher parts, Slurry Pump Parts, Excavator shovel parts","og_description":"Metso C125 Jaw Plate, designed for quarry crushing, features Mn18cr2 composition and specialized quarry tooth design, ensuring optimal performance.","og_url":"https:\/\/miningspareparts.com\/es\/producto\/c125-jaw-crusher\/","og_site_name":"Crusher parts, Slurry Pump Parts, Excavator shovel parts","article_modified_time":"2026-03-23T06:42:24+00:00","og_image":[{"width":800,"height":800,"url":"https:\/\/miningspareparts.com\/wp-content\/uploads\/2023\/11\/C125-Jaw-Crusher-Jaw-plate.webp","type":"image\/webp"}],"twitter_card":"summary_large_image","twitter_misc":{"Tiempo de lectura":"3 minutos"},"schema":{"@context":"https:\/\/schema.org","@graph":[{"@type":"WebPage","@id":"https:\/\/miningspareparts.com\/product\/c125-jaw-crusher\/","url":"https:\/\/miningspareparts.com\/product\/c125-jaw-crusher\/","name":"C125 Jaw plate Jaw Crusher wear parts\u00a0 - Crusher parts, Slurry Pump Parts, Excavator shovel parts","isPartOf":{"@id":"https:\/\/miningspareparts.com\/#website"},"primaryImageOfPage":{"@id":"https:\/\/miningspareparts.com\/product\/c125-jaw-crusher\/#primaryimage"},"image":{"@id":"https:\/\/miningspareparts.com\/product\/c125-jaw-crusher\/#primaryimage"},"thumbnailUrl":"https:\/\/miningspareparts.com\/wp-content\/uploads\/2023\/11\/C125-Jaw-Crusher-Jaw-plate.webp","datePublished":"2023-11-30T01:46:28+00:00","dateModified":"2026-03-23T06:42:24+00:00","description":"Metso C125 Jaw Plate, designed for quarry crushing, features Mn18cr2 composition and specialized quarry tooth design, ensuring optimal performance.","breadcrumb":{"@id":"https:\/\/miningspareparts.com\/product\/c125-jaw-crusher\/#breadcrumb"},"inLanguage":"es","potentialAction":[{"@type":"ReadAction","target":["https:\/\/miningspareparts.com\/product\/c125-jaw-crusher\/"]}]},{"@type":"ImageObject","inLanguage":"es","@id":"https:\/\/miningspareparts.com\/product\/c125-jaw-crusher\/#primaryimage","url":"https:\/\/miningspareparts.com\/wp-content\/uploads\/2023\/11\/C125-Jaw-Crusher-Jaw-plate.webp","contentUrl":"https:\/\/miningspareparts.com\/wp-content\/uploads\/2023\/11\/C125-Jaw-Crusher-Jaw-plate.webp","width":800,"height":800,"caption":"N11954353 Movable Jaw Quarry Long 2344KGS and N11954343 Fixed Jaw Quarry Long 2520kgs for C125 Jaw Crusher Jaw plate"},{"@type":"BreadcrumbList","@id":"https:\/\/miningspareparts.com\/product\/c125-jaw-crusher\/#breadcrumb","itemListElement":[{"@type":"ListItem","position":1,"name":"Home","item":"https:\/\/miningspareparts.com\/"},{"@type":"ListItem","position":2,"name":"Premium Mining Wear And Spare Parts","item":"https:\/\/miningspareparts.com\/shop\/"},{"@type":"ListItem","position":3,"name":"N11954353 Movable Jaw Quarry Long 2344KGS and N11954343 Fixed Jaw Quarry Long 2520kgs for C125 Jaw Crusher Jaw plate"}]},{"@type":"WebSite","@id":"https:\/\/miningspareparts.com\/#website","url":"https:\/\/miningspareparts.com\/","name":"Crusher parts , Concrete Mixer Parts, Slurry Pump Parts, Mining Spares","description":"Mining Wear &amp; Spare Parts Supplier","publisher":{"@id":"https:\/\/miningspareparts.com\/#organization"},"potentialAction":[{"@type":"SearchAction","target":{"@type":"EntryPoint","urlTemplate":"https:\/\/miningspareparts.com\/?s={search_term_string}"},"query-input":{"@type":"PropertyValueSpecification","valueRequired":true,"valueName":"search_term_string"}}],"inLanguage":"es"},{"@type":"Organization","@id":"https:\/\/miningspareparts.com\/#organization","name":"Crusher parts , Concrete Mixer Parts, Slurry Pump Parts, Mining Spares","url":"https:\/\/miningspareparts.com\/","logo":{"@type":"ImageObject","inLanguage":"es","@id":"https:\/\/miningspareparts.com\/#\/schema\/logo\/image\/","url":"https:\/\/miningspareparts.com\/wp-content\/uploads\/2025\/04\/cropped-cropped-logo\u6b63\u65b9\u5f62.png","contentUrl":"https:\/\/miningspareparts.com\/wp-content\/uploads\/2025\/04\/cropped-cropped-logo\u6b63\u65b9\u5f62.png","width":511,"height":171,"caption":"Crusher parts , Concrete Mixer Parts, Slurry Pump Parts, Mining Spares"},"image":{"@id":"https:\/\/miningspareparts.com\/#\/schema\/logo\/image\/"}}]}},"uagb_featured_image_src":{"full":["https:\/\/miningspareparts.com\/wp-content\/uploads\/2023\/11\/C125-Jaw-Crusher-Jaw-plate.webp",800,800,false],"thumbnail":["https:\/\/miningspareparts.com\/wp-content\/uploads\/2023\/11\/C125-Jaw-Crusher-Jaw-plate-150x150.webp",150,150,true],"medium":["https:\/\/miningspareparts.com\/wp-content\/uploads\/2023\/11\/C125-Jaw-Crusher-Jaw-plate-300x300.webp",300,300,true],"medium_large":["https:\/\/miningspareparts.com\/wp-content\/uploads\/2023\/11\/C125-Jaw-Crusher-Jaw-plate-768x768.webp",768,768,true],"large":["https:\/\/miningspareparts.com\/wp-content\/uploads\/2023\/11\/C125-Jaw-Crusher-Jaw-plate.webp",800,800,false],"1536x1536":["https:\/\/miningspareparts.com\/wp-content\/uploads\/2023\/11\/C125-Jaw-Crusher-Jaw-plate.webp",800,800,false],"2048x2048":["https:\/\/miningspareparts.com\/wp-content\/uploads\/2023\/11\/C125-Jaw-Crusher-Jaw-plate.webp",800,800,false],"trp-custom-language-flag":["https:\/\/miningspareparts.com\/wp-content\/uploads\/2023\/11\/C125-Jaw-Crusher-Jaw-plate-12x12.webp",12,12,true],"woocommerce_thumbnail":["https:\/\/miningspareparts.com\/wp-content\/uploads\/2023\/11\/C125-Jaw-Crusher-Jaw-plate-300x300.webp",300,300,true],"woocommerce_single":["https:\/\/miningspareparts.com\/wp-content\/uploads\/2023\/11\/C125-Jaw-Crusher-Jaw-plate-600x600.webp",600,600,true],"woocommerce_gallery_thumbnail":["https:\/\/miningspareparts.com\/wp-content\/uploads\/2023\/11\/C125-Jaw-Crusher-Jaw-plate-100x100.webp",100,100,true]},"uagb_author_info":{"display_name":"Miningspareparts","author_link":"https:\/\/miningspareparts.com\/es\/author\/"},"uagb_comment_info":0,"uagb_excerpt":"Popular Nordberg C Jaw Crusher Liners\u00a0: Item Names:\u00a0Jaw Plates,Stationary\u00a0Jaw Tooth,\u00a0Movable\u00a0Jaw Die\u00a0Fixed Jaw, Swing Jaw Plate, Jaw Fixed, Jaw Moveable ,Cheek Plate\u00a0,Side Plate,Jawface Fixed, Crusher Jaw Loose Casting Material: Austenstic Manganese Steel (Mn14, M14Cr2, Mn18Cr2, Mn22Cr2) Casting Method: Water Glass Sand Casting Applicable Material:Gravel, Granite, Basalt, Ore, Limestone, Sandstone ,Quatz,Cobblestone Applications: Mining , Quarry, Construction ,Cement&hellip;","_links":{"self":[{"href":"https:\/\/miningspareparts.com\/es\/wp-json\/wp\/v2\/product\/726","targetHints":{"allow":["GET"]}}],"collection":[{"href":"https:\/\/miningspareparts.com\/es\/wp-json\/wp\/v2\/product"}],"about":[{"href":"https:\/\/miningspareparts.com\/es\/wp-json\/wp\/v2\/types\/product"}],"wp:featuredmedia":[{"embeddable":true,"href":"https:\/\/miningspareparts.com\/es\/wp-json\/wp\/v2\/media\/11195"}],"wp:attachment":[{"href":"https:\/\/miningspareparts.com\/es\/wp-json\/wp\/v2\/media?parent=726"}],"wp:term":[{"taxonomy":"product_brand","embeddable":true,"href":"https:\/\/miningspareparts.com\/es\/wp-json\/wp\/v2\/product_brand?post=726"},{"taxonomy":"product_cat","embeddable":true,"href":"https:\/\/miningspareparts.com\/es\/wp-json\/wp\/v2\/product_cat?post=726"},{"taxonomy":"product_tag","embeddable":true,"href":"https:\/\/miningspareparts.com\/es\/wp-json\/wp\/v2\/product_tag?post=726"}],"curies":[{"name":"wp","href":"https:\/\/api.w.org\/{rel}","templated":true}]}}