{"id":754,"date":"2023-11-30T06:05:26","date_gmt":"2023-11-30T06:05:26","guid":{"rendered":"https:\/\/miningspareparts.com\/?post_type=product&#038;p=754"},"modified":"2025-11-05T08:19:44","modified_gmt":"2025-11-05T08:19:44","slug":"hp200-bowl-liner-cone-crusher","status":"publish","type":"product","link":"https:\/\/miningspareparts.com\/es\/producto\/hp200-bowl-liner-cone-crusher\/","title":{"rendered":"Revestimiento de la taza de la trituradora de cono HP200"},"content":{"rendered":"<p><strong>He aqu\u00ed una descripci\u00f3n del revestimiento de la taza de la trituradora de cono HP200<\/strong><\/p>\n<table style=\"font-weight: 400;\">\n<tbody>\n<tr>\n<td width=\"117\"><strong>C\u00f3digo del art\u00edculo<\/strong><\/td>\n<td width=\"320\"><strong>Nombre del art\u00edculo<\/strong><\/td>\n<td width=\"124\"><strong>Descripci\u00f3n<\/strong><\/td>\n<td width=\"57\"><strong>Modelo<\/strong><\/td>\n<\/tr>\n<tr>\n<td width=\"117\">MSP-N55208135<\/td>\n<td width=\"320\">REVESTIMIENTO DE CUENCO STD C<\/td>\n<td width=\"124\">Revestimiento c\u00f3nico<\/td>\n<td width=\"57\">HP200<\/td>\n<\/tr>\n<tr>\n<td width=\"117\">MSP-N55208137<\/td>\n<td width=\"320\">BOWL LINER STD M<\/td>\n<td width=\"124\">Revestimiento c\u00f3nico<\/td>\n<td width=\"57\">HP200<\/td>\n<\/tr>\n<tr>\n<td width=\"117\">MSP-N55208138<\/td>\n<td width=\"320\">BOWL LINER STD M<\/td>\n<td width=\"124\">Revestimiento c\u00f3nico<\/td>\n<td width=\"57\">HP200<\/td>\n<\/tr>\n<tr>\n<td width=\"117\">MSP-N55208140<\/td>\n<td width=\"320\">REVESTIMIENTO DE CUENCO STD F<\/td>\n<td width=\"124\">Revestimiento c\u00f3nico<\/td>\n<td width=\"57\">HP200<\/td>\n<\/tr>\n<tr>\n<td width=\"117\">MSP-N55208141<\/td>\n<td width=\"320\">REVESTIMIENTO DE CUENCO STD F<\/td>\n<td width=\"124\">Revestimiento c\u00f3nico<\/td>\n<td width=\"57\">HP200<\/td>\n<\/tr>\n<tr>\n<td width=\"117\">MSP-N55208144<\/td>\n<td width=\"320\">REVESTIMIENTO DE CAZOLETA SH C<\/td>\n<td width=\"124\">Revestimiento c\u00f3nico<\/td>\n<td width=\"57\">HP200<\/td>\n<\/tr>\n<tr>\n<td width=\"117\">MSP-N55208146<\/td>\n<td width=\"320\">REVESTIMIENTO CUENCO SH M<\/td>\n<td width=\"124\">Revestimiento c\u00f3nico<\/td>\n<td width=\"57\">HP200<\/td>\n<\/tr>\n<tr>\n<td width=\"117\">MSP-N55208147<\/td>\n<td width=\"320\">REVESTIMIENTO CUENCO SH M<\/td>\n<td width=\"124\">Revestimiento c\u00f3nico<\/td>\n<td width=\"57\">HP200<\/td>\n<\/tr>\n<tr>\n<td width=\"117\">MSP-N55208150<\/td>\n<td width=\"320\">REVESTIMIENTO DE CUENCO SH F<\/td>\n<td width=\"124\">Revestimiento c\u00f3nico<\/td>\n<td width=\"57\">HP200<\/td>\n<\/tr>\n<tr>\n<td width=\"117\">MSP-N55208153<\/td>\n<td width=\"320\">BOL LINER SH EXTRAFINO<\/td>\n<td width=\"124\">Revestimiento c\u00f3nico<\/td>\n<td width=\"57\">HP200<\/td>\n<\/tr>\n<tr>\n<td width=\"117\">MSP-N55308011<\/td>\n<td width=\"320\">MANTO STD F\/M\/C<\/td>\n<td width=\"124\">Revestimiento c\u00f3nico<\/td>\n<td width=\"57\">HP200<\/td>\n<\/tr>\n<tr>\n<td width=\"117\">MSP-N55308012<\/td>\n<td width=\"320\">MANTO SH F\/M\/C<\/td>\n<td width=\"124\">Revestimiento c\u00f3nico<\/td>\n<td width=\"57\">HP200<\/td>\n<\/tr>\n<\/tbody>\n<\/table>\n<p>Fabricado con precisi\u00f3n y pericia, nuestro revestimiento del cuenco de la trituradora de cono HP200 es un testimonio de fabricaci\u00f3n superior. Meticulosamente dise\u00f1ado, este componente esencial garantiza un rendimiento, eficiencia y durabilidad \u00f3ptimos para su trituradora de cono. El uso de materiales de alta calidad y t\u00e9cnicas de fabricaci\u00f3n avanzadas da como resultado una excelente resistencia al desgaste, lo que prolonga la vida \u00fatil de su equipo. Dise\u00f1ada para ser compatible con los modelos HP200, nuestra camisa de cuba es una opci\u00f3n fiable para diversas aplicaciones de trituraci\u00f3n. Conf\u00ede en nuestro compromiso con la calidad, la innovaci\u00f3n y la fiabilidad. Mejore su experiencia de trituraci\u00f3n con nuestro revestimiento de cuba para trituradoras de cono HP200, donde la excelencia se une a la resistencia.<\/p>\n<p>1. 100% Garant\u00eda de coincidencia: Garantizamos que nuestras piezas son 100% adecuadas para su m\u00e1quina, si no encajan, le devolveremos su dinero.<br \/>\n2. Garant\u00eda de calidad: Garantizamos la sustituci\u00f3n de las piezas por otras nuevas en caso de grietas graves de calidad y problemas de desgaste poco comunes.<br \/>\n3. Amplia cobertura: Nuestros dibujos y patrones cubren una amplia gama de aproximadamente 80% de los modelos de trituradoras m\u00e1s populares del mercado, que se remontan a la era de las trituradoras anteriores a 1950.<br \/>\n4. En stock: Almacenamos piezas de VSI y stock general de trituradoras, por lo que podemos entregar r\u00e1pidamente.<br \/>\n5. 5. Flexibilidad: Tenemos la flexibilidad de ofrecer una variedad de m\u00e9todos de pago para la conveniencia de nuestros clientes en diferentes regiones, tales como T\/T, L\/C, DP, Western Union, Udial, etc. Tambi\u00e9n podemos ofrecer servicios LCL, FCL, carga a\u00e9rea y puerta a puerta.<br \/>\n6. 6. Personalizaci\u00f3n: Podemos personalizar las piezas fundidas seg\u00fan el dibujo del cliente y la composici\u00f3n del material.<br \/>\n7. Servicio: Inspecci\u00f3n, informe de pruebas de rendimiento, informe de dimensiones e ingenier\u00eda inversa seg\u00fan la muestra del cliente.<\/p>","protected":false},"excerpt":{"rendered":"<p>Modelo: HP 200<br \/>\nCavidad de trituraci\u00f3n: Fino para fino y grueso<br \/>\nRevestimiento<br \/>\nEmbalaje: Fijado por bandeja de hierro, envuelto con pel\u00edcula de pl\u00e1stico<\/p>","protected":false},"featured_media":11351,"template":"","meta":{"_uag_custom_page_level_css":"","site-sidebar-layout":"default","site-content-layout":"","ast-site-content-layout":"default","site-content-style":"default","site-sidebar-style":"default","ast-global-header-display":"","ast-banner-title-visibility":"","ast-main-header-display":"","ast-hfb-above-header-display":"","ast-hfb-below-header-display":"","ast-hfb-mobile-header-display":"","site-post-title":"","ast-breadcrumbs-content":"","ast-featured-img":"","footer-sml-layout":"","ast-disable-related-posts":"","theme-transparent-header-meta":"default","adv-header-id-meta":"","stick-header-meta":"default","header-above-stick-meta":"","header-main-stick-meta":"","header-below-stick-meta":"","astra-migrate-meta-layouts":"set","ast-page-background-enabled":"default","ast-page-background-meta":{"desktop":{"background-color":"var(--ast-global-color-4)","background-image":"","background-repeat":"repeat","background-position":"center center","background-size":"auto","background-attachment":"scroll","background-type":"","background-media":"","overlay-type":"","overlay-color":"","overlay-opacity":"","overlay-gradient":""},"tablet":{"background-color":"","background-image":"","background-repeat":"repeat","background-position":"center center","background-size":"auto","background-attachment":"scroll","background-type":"","background-media":"","overlay-type":"","overlay-color":"","overlay-opacity":"","overlay-gradient":""},"mobile":{"background-color":"","background-image":"","background-repeat":"repeat","background-position":"center center","background-size":"auto","background-attachment":"scroll","background-type":"","background-media":"","overlay-type":"","overlay-color":"","overlay-opacity":"","overlay-gradient":""}},"ast-content-background-meta":{"desktop":{"background-color":"var(--ast-global-color-5)","background-image":"","background-repeat":"repeat","background-position":"center center","background-size":"auto","background-attachment":"scroll","background-type":"","background-media":"","overlay-type":"","overlay-color":"","overlay-opacity":"","overlay-gradient":""},"tablet":{"background-color":"var(--ast-global-color-5)","background-image":"","background-repeat":"repeat","background-position":"center center","background-size":"auto","background-attachment":"scroll","background-type":"","background-media":"","overlay-type":"","overlay-color":"","overlay-opacity":"","overlay-gradient":""},"mobile":{"background-color":"var(--ast-global-color-5)","background-image":"","background-repeat":"repeat","background-position":"center center","background-size":"auto","background-attachment":"scroll","background-type":"","background-media":"","overlay-type":"","overlay-color":"","overlay-opacity":"","overlay-gradient":""}}},"product_brand":[],"product_cat":[37,36,114],"product_tag":[],"class_list":{"0":"post-754","1":"product","2":"type-product","3":"status-publish","4":"has-post-thumbnail","6":"product_cat-bowl-liner","7":"product_cat-cone-liner","8":"product_cat-mesto","9":"desktop-align-left","10":"tablet-align-left","11":"mobile-align-left","12":"ast-product-gallery-layout-horizontal-slider","13":"ast-product-single-variable","14":"ast-product-tabs-layout-horizontal","16":"first","17":"instock","18":"shipping-taxable","19":"purchasable","20":"product-type-variable"},"yoast_head":"<!-- This site is optimized with the Yoast SEO plugin v27.4 - https:\/\/yoast.com\/product\/yoast-seo-wordpress\/ -->\n<title>HP200 Bowl Liner Cone Crusher parts- Crusher parts, Slurry Pump Parts, Excavator shovel parts<\/title>\n<meta name=\"description\" content=\"Metso HP200 Bowl Liner, a genuine and durable component, offers the best price. Ensuring longevity, it&#039;s a reliable choice for optimal performance.\" \/>\n<meta name=\"robots\" content=\"index, follow, max-snippet:-1, max-image-preview:large, max-video-preview:-1\" \/>\n<link rel=\"canonical\" href=\"https:\/\/miningspareparts.com\/es\/producto\/hp200-bowl-liner-cone-crusher\/\" \/>\n<meta property=\"og:locale\" content=\"es_MX\" \/>\n<meta property=\"og:type\" content=\"article\" \/>\n<meta property=\"og:title\" content=\"HP200 Bowl Liner Cone Crusher parts- Crusher parts, Slurry Pump Parts, Excavator shovel parts\" \/>\n<meta property=\"og:description\" content=\"Metso HP200 Bowl Liner, a genuine and durable component, offers the best price. Ensuring longevity, it&#039;s a reliable choice for optimal performance.\" \/>\n<meta property=\"og:url\" content=\"https:\/\/miningspareparts.com\/es\/producto\/hp200-bowl-liner-cone-crusher\/\" \/>\n<meta property=\"og:site_name\" content=\"Crusher parts, Slurry Pump Parts, Excavator shovel parts\" \/>\n<meta property=\"article:modified_time\" content=\"2025-11-05T08:19:44+00:00\" \/>\n<meta property=\"og:image\" content=\"https:\/\/miningspareparts.com\/wp-content\/uploads\/2023\/11\/HP200-Cone-Crusher-Bowl-Liner-1.webp\" \/>\n\t<meta property=\"og:image:width\" content=\"800\" \/>\n\t<meta property=\"og:image:height\" content=\"800\" \/>\n\t<meta property=\"og:image:type\" content=\"image\/webp\" \/>\n<meta name=\"twitter:card\" content=\"summary_large_image\" \/>\n<meta name=\"twitter:label1\" content=\"Tiempo de lectura\" \/>\n\t<meta name=\"twitter:data1\" content=\"3 minutos\" \/>\n<script type=\"application\/ld+json\" class=\"yoast-schema-graph\">{\"@context\":\"https:\\\/\\\/schema.org\",\"@graph\":[{\"@type\":\"WebPage\",\"@id\":\"https:\\\/\\\/miningspareparts.com\\\/product\\\/hp200-bowl-liner-cone-crusher\\\/\",\"url\":\"https:\\\/\\\/miningspareparts.com\\\/product\\\/hp200-bowl-liner-cone-crusher\\\/\",\"name\":\"HP200 Bowl Liner Cone Crusher parts- Crusher parts, Slurry Pump Parts, Excavator shovel parts\",\"isPartOf\":{\"@id\":\"https:\\\/\\\/miningspareparts.com\\\/#website\"},\"primaryImageOfPage\":{\"@id\":\"https:\\\/\\\/miningspareparts.com\\\/product\\\/hp200-bowl-liner-cone-crusher\\\/#primaryimage\"},\"image\":{\"@id\":\"https:\\\/\\\/miningspareparts.com\\\/product\\\/hp200-bowl-liner-cone-crusher\\\/#primaryimage\"},\"thumbnailUrl\":\"https:\\\/\\\/miningspareparts.com\\\/wp-content\\\/uploads\\\/2023\\\/11\\\/HP200-Cone-Crusher-Bowl-Liner-1.webp\",\"datePublished\":\"2023-11-30T06:05:26+00:00\",\"dateModified\":\"2025-11-05T08:19:44+00:00\",\"description\":\"Metso HP200 Bowl Liner, a genuine and durable component, offers the best price. Ensuring longevity, it's a reliable choice for optimal performance.\",\"breadcrumb\":{\"@id\":\"https:\\\/\\\/miningspareparts.com\\\/product\\\/hp200-bowl-liner-cone-crusher\\\/#breadcrumb\"},\"inLanguage\":\"es\",\"potentialAction\":[{\"@type\":\"ReadAction\",\"target\":[\"https:\\\/\\\/miningspareparts.com\\\/product\\\/hp200-bowl-liner-cone-crusher\\\/\"]}]},{\"@type\":\"ImageObject\",\"inLanguage\":\"es\",\"@id\":\"https:\\\/\\\/miningspareparts.com\\\/product\\\/hp200-bowl-liner-cone-crusher\\\/#primaryimage\",\"url\":\"https:\\\/\\\/miningspareparts.com\\\/wp-content\\\/uploads\\\/2023\\\/11\\\/HP200-Cone-Crusher-Bowl-Liner-1.webp\",\"contentUrl\":\"https:\\\/\\\/miningspareparts.com\\\/wp-content\\\/uploads\\\/2023\\\/11\\\/HP200-Cone-Crusher-Bowl-Liner-1.webp\",\"width\":800,\"height\":800,\"caption\":\"HP200 Cone Crusher Bowl Liner\"},{\"@type\":\"BreadcrumbList\",\"@id\":\"https:\\\/\\\/miningspareparts.com\\\/product\\\/hp200-bowl-liner-cone-crusher\\\/#breadcrumb\",\"itemListElement\":[{\"@type\":\"ListItem\",\"position\":1,\"name\":\"Home\",\"item\":\"https:\\\/\\\/miningspareparts.com\\\/\"},{\"@type\":\"ListItem\",\"position\":2,\"name\":\"Premium Mining Wear And Spare Parts\",\"item\":\"https:\\\/\\\/miningspareparts.com\\\/shop\\\/\"},{\"@type\":\"ListItem\",\"position\":3,\"name\":\"HP200 Cone Crusher Bowl Liner\"}]},{\"@type\":\"WebSite\",\"@id\":\"https:\\\/\\\/miningspareparts.com\\\/#website\",\"url\":\"https:\\\/\\\/miningspareparts.com\\\/\",\"name\":\"Crusher parts , Concrete Mixer Parts, Slurry Pump Parts, Mining Spares\",\"description\":\"Mining Wear &amp; Spare Parts Supplier\",\"publisher\":{\"@id\":\"https:\\\/\\\/miningspareparts.com\\\/#organization\"},\"potentialAction\":[{\"@type\":\"SearchAction\",\"target\":{\"@type\":\"EntryPoint\",\"urlTemplate\":\"https:\\\/\\\/miningspareparts.com\\\/?s={search_term_string}\"},\"query-input\":{\"@type\":\"PropertyValueSpecification\",\"valueRequired\":true,\"valueName\":\"search_term_string\"}}],\"inLanguage\":\"es\"},{\"@type\":\"Organization\",\"@id\":\"https:\\\/\\\/miningspareparts.com\\\/#organization\",\"name\":\"Crusher parts , Concrete Mixer Parts, Slurry Pump Parts, Mining Spares\",\"url\":\"https:\\\/\\\/miningspareparts.com\\\/\",\"logo\":{\"@type\":\"ImageObject\",\"inLanguage\":\"es\",\"@id\":\"https:\\\/\\\/miningspareparts.com\\\/#\\\/schema\\\/logo\\\/image\\\/\",\"url\":\"https:\\\/\\\/miningspareparts.com\\\/wp-content\\\/uploads\\\/2025\\\/04\\\/cropped-cropped-logo\u6b63\u65b9\u5f62.png\",\"contentUrl\":\"https:\\\/\\\/miningspareparts.com\\\/wp-content\\\/uploads\\\/2025\\\/04\\\/cropped-cropped-logo\u6b63\u65b9\u5f62.png\",\"width\":511,\"height\":171,\"caption\":\"Crusher parts , Concrete Mixer Parts, Slurry Pump Parts, Mining Spares\"},\"image\":{\"@id\":\"https:\\\/\\\/miningspareparts.com\\\/#\\\/schema\\\/logo\\\/image\\\/\"}}]}<\/script>\n<!-- \/ Yoast SEO plugin. -->","yoast_head_json":{"title":"HP200 Bowl Liner Cone Crusher parts- Crusher parts, Slurry Pump Parts, Excavator shovel parts","description":"Metso HP200 Bowl Liner, a genuine and durable component, offers the best price. Ensuring longevity, it's a reliable choice for optimal performance.","robots":{"index":"index","follow":"follow","max-snippet":"max-snippet:-1","max-image-preview":"max-image-preview:large","max-video-preview":"max-video-preview:-1"},"canonical":"https:\/\/miningspareparts.com\/es\/producto\/hp200-bowl-liner-cone-crusher\/","og_locale":"es_MX","og_type":"article","og_title":"HP200 Bowl Liner Cone Crusher parts- Crusher parts, Slurry Pump Parts, Excavator shovel parts","og_description":"Metso HP200 Bowl Liner, a genuine and durable component, offers the best price. Ensuring longevity, it's a reliable choice for optimal performance.","og_url":"https:\/\/miningspareparts.com\/es\/producto\/hp200-bowl-liner-cone-crusher\/","og_site_name":"Crusher parts, Slurry Pump Parts, Excavator shovel parts","article_modified_time":"2025-11-05T08:19:44+00:00","og_image":[{"width":800,"height":800,"url":"https:\/\/miningspareparts.com\/wp-content\/uploads\/2023\/11\/HP200-Cone-Crusher-Bowl-Liner-1.webp","type":"image\/webp"}],"twitter_card":"summary_large_image","twitter_misc":{"Tiempo de lectura":"3 minutos"},"schema":{"@context":"https:\/\/schema.org","@graph":[{"@type":"WebPage","@id":"https:\/\/miningspareparts.com\/product\/hp200-bowl-liner-cone-crusher\/","url":"https:\/\/miningspareparts.com\/product\/hp200-bowl-liner-cone-crusher\/","name":"HP200 Bowl Liner Cone Crusher parts- Crusher parts, Slurry Pump Parts, Excavator shovel parts","isPartOf":{"@id":"https:\/\/miningspareparts.com\/#website"},"primaryImageOfPage":{"@id":"https:\/\/miningspareparts.com\/product\/hp200-bowl-liner-cone-crusher\/#primaryimage"},"image":{"@id":"https:\/\/miningspareparts.com\/product\/hp200-bowl-liner-cone-crusher\/#primaryimage"},"thumbnailUrl":"https:\/\/miningspareparts.com\/wp-content\/uploads\/2023\/11\/HP200-Cone-Crusher-Bowl-Liner-1.webp","datePublished":"2023-11-30T06:05:26+00:00","dateModified":"2025-11-05T08:19:44+00:00","description":"Metso HP200 Bowl Liner, a genuine and durable component, offers the best price. Ensuring longevity, it's a reliable choice for optimal performance.","breadcrumb":{"@id":"https:\/\/miningspareparts.com\/product\/hp200-bowl-liner-cone-crusher\/#breadcrumb"},"inLanguage":"es","potentialAction":[{"@type":"ReadAction","target":["https:\/\/miningspareparts.com\/product\/hp200-bowl-liner-cone-crusher\/"]}]},{"@type":"ImageObject","inLanguage":"es","@id":"https:\/\/miningspareparts.com\/product\/hp200-bowl-liner-cone-crusher\/#primaryimage","url":"https:\/\/miningspareparts.com\/wp-content\/uploads\/2023\/11\/HP200-Cone-Crusher-Bowl-Liner-1.webp","contentUrl":"https:\/\/miningspareparts.com\/wp-content\/uploads\/2023\/11\/HP200-Cone-Crusher-Bowl-Liner-1.webp","width":800,"height":800,"caption":"HP200 Cone Crusher Bowl Liner"},{"@type":"BreadcrumbList","@id":"https:\/\/miningspareparts.com\/product\/hp200-bowl-liner-cone-crusher\/#breadcrumb","itemListElement":[{"@type":"ListItem","position":1,"name":"Home","item":"https:\/\/miningspareparts.com\/"},{"@type":"ListItem","position":2,"name":"Premium Mining Wear And Spare Parts","item":"https:\/\/miningspareparts.com\/shop\/"},{"@type":"ListItem","position":3,"name":"HP200 Cone Crusher Bowl Liner"}]},{"@type":"WebSite","@id":"https:\/\/miningspareparts.com\/#website","url":"https:\/\/miningspareparts.com\/","name":"Crusher parts , Concrete Mixer Parts, Slurry Pump Parts, Mining Spares","description":"Mining Wear &amp; Spare Parts Supplier","publisher":{"@id":"https:\/\/miningspareparts.com\/#organization"},"potentialAction":[{"@type":"SearchAction","target":{"@type":"EntryPoint","urlTemplate":"https:\/\/miningspareparts.com\/?s={search_term_string}"},"query-input":{"@type":"PropertyValueSpecification","valueRequired":true,"valueName":"search_term_string"}}],"inLanguage":"es"},{"@type":"Organization","@id":"https:\/\/miningspareparts.com\/#organization","name":"Crusher parts , Concrete Mixer Parts, Slurry Pump Parts, Mining Spares","url":"https:\/\/miningspareparts.com\/","logo":{"@type":"ImageObject","inLanguage":"es","@id":"https:\/\/miningspareparts.com\/#\/schema\/logo\/image\/","url":"https:\/\/miningspareparts.com\/wp-content\/uploads\/2025\/04\/cropped-cropped-logo\u6b63\u65b9\u5f62.png","contentUrl":"https:\/\/miningspareparts.com\/wp-content\/uploads\/2025\/04\/cropped-cropped-logo\u6b63\u65b9\u5f62.png","width":511,"height":171,"caption":"Crusher parts , Concrete Mixer Parts, Slurry Pump Parts, Mining Spares"},"image":{"@id":"https:\/\/miningspareparts.com\/#\/schema\/logo\/image\/"}}]}},"uagb_featured_image_src":{"full":["https:\/\/miningspareparts.com\/wp-content\/uploads\/2023\/11\/HP200-Cone-Crusher-Bowl-Liner-1.webp",800,800,false],"thumbnail":["https:\/\/miningspareparts.com\/wp-content\/uploads\/2023\/11\/HP200-Cone-Crusher-Bowl-Liner-1-150x150.webp",150,150,true],"medium":["https:\/\/miningspareparts.com\/wp-content\/uploads\/2023\/11\/HP200-Cone-Crusher-Bowl-Liner-1-300x300.webp",300,300,true],"medium_large":["https:\/\/miningspareparts.com\/wp-content\/uploads\/2023\/11\/HP200-Cone-Crusher-Bowl-Liner-1-768x768.webp",768,768,true],"large":["https:\/\/miningspareparts.com\/wp-content\/uploads\/2023\/11\/HP200-Cone-Crusher-Bowl-Liner-1.webp",800,800,false],"1536x1536":["https:\/\/miningspareparts.com\/wp-content\/uploads\/2023\/11\/HP200-Cone-Crusher-Bowl-Liner-1.webp",800,800,false],"2048x2048":["https:\/\/miningspareparts.com\/wp-content\/uploads\/2023\/11\/HP200-Cone-Crusher-Bowl-Liner-1.webp",800,800,false],"trp-custom-language-flag":["https:\/\/miningspareparts.com\/wp-content\/uploads\/2023\/11\/HP200-Cone-Crusher-Bowl-Liner-1-12x12.webp",12,12,true],"woocommerce_thumbnail":["https:\/\/miningspareparts.com\/wp-content\/uploads\/2023\/11\/HP200-Cone-Crusher-Bowl-Liner-1-300x300.webp",300,300,true],"woocommerce_single":["https:\/\/miningspareparts.com\/wp-content\/uploads\/2023\/11\/HP200-Cone-Crusher-Bowl-Liner-1-600x600.webp",600,600,true],"woocommerce_gallery_thumbnail":["https:\/\/miningspareparts.com\/wp-content\/uploads\/2023\/11\/HP200-Cone-Crusher-Bowl-Liner-1-100x100.webp",100,100,true]},"uagb_author_info":{"display_name":"Miningspareparts","author_link":"https:\/\/miningspareparts.com\/es\/author\/"},"uagb_comment_info":0,"uagb_excerpt":"Model: HP 200 Crushing Cavity: Fine for Fine &amp; Coarse Bowl Liner Packing: Fixed by Iron Tray, Wrapped with Plastic Film","_links":{"self":[{"href":"https:\/\/miningspareparts.com\/es\/wp-json\/wp\/v2\/product\/754","targetHints":{"allow":["GET"]}}],"collection":[{"href":"https:\/\/miningspareparts.com\/es\/wp-json\/wp\/v2\/product"}],"about":[{"href":"https:\/\/miningspareparts.com\/es\/wp-json\/wp\/v2\/types\/product"}],"wp:featuredmedia":[{"embeddable":true,"href":"https:\/\/miningspareparts.com\/es\/wp-json\/wp\/v2\/media\/11351"}],"wp:attachment":[{"href":"https:\/\/miningspareparts.com\/es\/wp-json\/wp\/v2\/media?parent=754"}],"wp:term":[{"taxonomy":"product_brand","embeddable":true,"href":"https:\/\/miningspareparts.com\/es\/wp-json\/wp\/v2\/product_brand?post=754"},{"taxonomy":"product_cat","embeddable":true,"href":"https:\/\/miningspareparts.com\/es\/wp-json\/wp\/v2\/product_cat?post=754"},{"taxonomy":"product_tag","embeddable":true,"href":"https:\/\/miningspareparts.com\/es\/wp-json\/wp\/v2\/product_tag?post=754"}],"curies":[{"name":"wp","href":"https:\/\/api.w.org\/{rel}","templated":true}]}}