{"id":760,"date":"2023-11-30T06:31:41","date_gmt":"2023-11-30T06:31:41","guid":{"rendered":"https:\/\/miningspareparts.com\/?post_type=product&#038;p=760"},"modified":"2025-10-31T06:34:16","modified_gmt":"2025-10-31T06:34:16","slug":"k200-cone-bowl-liner","status":"publish","type":"product","link":"https:\/\/miningspareparts.com\/es\/producto\/k200-cone-bowl-liner\/","title":{"rendered":"Revestimiento de la trituradora de cono Kodiak k200"},"content":{"rendered":"<p><strong>He aqu\u00ed la descripci\u00f3n de kodiak k200 bowl liner<\/strong><\/p>\n<table style=\"font-weight: 400;\">\n<tbody>\n<tr>\n<td width=\"93\"><strong>C\u00f3digo del art\u00edculo<\/strong><\/td>\n<td width=\"315\"><strong>Nombre del art\u00edculo<\/strong><\/td>\n<td width=\"96\"><strong>CATEGORIZADO<\/strong><\/td>\n<td width=\"101\"><strong>Modelo<\/strong><\/td>\n<td width=\"72\"><strong>Peso NETO<\/strong><\/td>\n<\/tr>\n<tr>\n<td width=\"93\">406051X<\/td>\n<td width=\"315\">Manto C\u00e1mara gruesa<\/td>\n<td width=\"96\">Revestimiento c\u00f3nico<\/td>\n<td width=\"101\">Kodiak 200<\/td>\n<td width=\"72\">567<\/td>\n<\/tr>\n<tr>\n<td width=\"93\">406053X<\/td>\n<td width=\"315\">Liner C\u00e1mara gruesa<\/td>\n<td width=\"96\">Revestimiento c\u00f3nico<\/td>\n<td width=\"101\">Kodiak 200<\/td>\n<td width=\"72\">655<\/td>\n<\/tr>\n<tr>\n<td width=\"93\">406051X<\/td>\n<td width=\"315\">Manto C\u00e1mara mediana<\/td>\n<td width=\"96\">Revestimiento c\u00f3nico<\/td>\n<td width=\"101\">Kodiak 200<\/td>\n<td width=\"72\">567<\/td>\n<\/tr>\n<tr>\n<td width=\"93\">406055X<\/td>\n<td width=\"315\">Liner C\u00e1mara Media<\/td>\n<td width=\"96\">Revestimiento c\u00f3nico<\/td>\n<td width=\"101\">Kodiak 200<\/td>\n<td width=\"72\">671<\/td>\n<\/tr>\n<tr>\n<td width=\"93\">406052X<\/td>\n<td width=\"315\">Manto C\u00e1mara fina<\/td>\n<td width=\"96\">Revestimiento c\u00f3nico<\/td>\n<td width=\"101\">Kodiak 200<\/td>\n<td width=\"72\">503<\/td>\n<\/tr>\n<tr>\n<td width=\"93\">406056X<\/td>\n<td width=\"315\">Liner C\u00e1mara fina<\/td>\n<td width=\"96\">Revestimiento c\u00f3nico<\/td>\n<td width=\"101\">Kodiak 200<\/td>\n<td width=\"72\">593<\/td>\n<\/tr>\n<tr>\n<td width=\"93\">406051X<\/td>\n<td width=\"315\">C\u00e1mara media del manto con ranuras de alimentaci\u00f3n<\/td>\n<td width=\"96\">Revestimiento c\u00f3nico<\/td>\n<td width=\"101\">Kodiak 200<\/td>\n<td width=\"72\">567<\/td>\n<\/tr>\n<tr>\n<td width=\"93\">406054X<\/td>\n<td width=\"315\">Liner C\u00e1mara mediana con ranuras de alimentaci\u00f3n<\/td>\n<td width=\"96\">Revestimiento c\u00f3nico<\/td>\n<td width=\"101\">Kodiak 200<\/td>\n<td width=\"72\">671<\/td>\n<\/tr>\n<\/tbody>\n<\/table>\n<p>Bowl Liner en otro nombre anillo c\u00f3ncavo, Es una unidad fija acomodar en el conjunto de taz\u00f3n. Es un revestimiento de sacrificio para exprimir la roca de forma pasiva por el conjunto del manto giratorio.<\/p>\n<p>Normalmente, el revestimiento del recipiente tiene opciones de diferentes cavidades de acuerdo con los requisitos del material, como (Extra Grueso), C (Grueso), M (Medio), F (Fino) y EF (Extra Fino).<\/p>\n<h5>Por qu\u00e9 elegirnos\uff1f<\/h5>\n<p>Cada tipo de trituradora de cono tiene un dise\u00f1o diferente de camisa de cuba, algunas fijadas con cu\u00f1as c\u00f3nicas, otras con pernos en U, y en el mercado hay una serie de imitaciones m\u00ednimamente modificadas. Disponemos de datos completos sobre todos los modelos populares de trituradoras de cono y nuestros ingenieros saben c\u00f3mo seleccionar la camisa adecuada para su m\u00e1quina.<\/p>\n<p>Como fabricante l\u00edder de Kodiak K200 Bowl Liners, nuestro compromiso con la excelencia es evidente en cada detalle.<\/p>\n<p>Dise\u00f1adas con precisi\u00f3n para un rendimiento \u00f3ptimo, nuestras camisas de cuba cuentan con una estructura duradera que garantiza una vida \u00fatil prolongada.<\/p>\n<p>Al elegir nuestros revestimientos de cuba Kodiak K200, se beneficiar\u00e1 de una mayor resistencia al desgaste, un menor tiempo de inactividad y una mayor eficacia de trituraci\u00f3n.<\/p>\n<p>Nos enorgullece ofrecer productos que no s\u00f3lo cumplen las normas del sector, sino que las superan. Con un enfoque en la calidad y la fiabilidad, nuestras camisas de cuba destacan como testimonio de nuestra dedicaci\u00f3n a la satisfacci\u00f3n del cliente. Conf\u00ede en nuestra experiencia para elevar sus operaciones de trituraci\u00f3n a nuevas cotas.<\/p>","protected":false},"excerpt":{"rendered":"<p>Modelo:<\/p>\n<p>Cavidad de trituraci\u00f3n: Fino para fino y grueso<br \/>\nRevestimiento<br \/>\nEmbalaje: Fijado por bandeja de hierro, envuelto con pel\u00edcula de pl\u00e1stico<\/p>","protected":false},"featured_media":11088,"template":"","meta":{"_uag_custom_page_level_css":"","site-sidebar-layout":"default","site-content-layout":"","ast-site-content-layout":"default","site-content-style":"default","site-sidebar-style":"default","ast-global-header-display":"","ast-banner-title-visibility":"","ast-main-header-display":"","ast-hfb-above-header-display":"","ast-hfb-below-header-display":"","ast-hfb-mobile-header-display":"","site-post-title":"","ast-breadcrumbs-content":"","ast-featured-img":"","footer-sml-layout":"","ast-disable-related-posts":"","theme-transparent-header-meta":"default","adv-header-id-meta":"","stick-header-meta":"default","header-above-stick-meta":"","header-main-stick-meta":"","header-below-stick-meta":"","astra-migrate-meta-layouts":"set","ast-page-background-enabled":"default","ast-page-background-meta":{"desktop":{"background-color":"var(--ast-global-color-4)","background-image":"","background-repeat":"repeat","background-position":"center center","background-size":"auto","background-attachment":"scroll","background-type":"","background-media":"","overlay-type":"","overlay-color":"","overlay-opacity":"","overlay-gradient":""},"tablet":{"background-color":"","background-image":"","background-repeat":"repeat","background-position":"center center","background-size":"auto","background-attachment":"scroll","background-type":"","background-media":"","overlay-type":"","overlay-color":"","overlay-opacity":"","overlay-gradient":""},"mobile":{"background-color":"","background-image":"","background-repeat":"repeat","background-position":"center center","background-size":"auto","background-attachment":"scroll","background-type":"","background-media":"","overlay-type":"","overlay-color":"","overlay-opacity":"","overlay-gradient":""}},"ast-content-background-meta":{"desktop":{"background-color":"var(--ast-global-color-5)","background-image":"","background-repeat":"repeat","background-position":"center center","background-size":"auto","background-attachment":"scroll","background-type":"","background-media":"","overlay-type":"","overlay-color":"","overlay-opacity":"","overlay-gradient":""},"tablet":{"background-color":"var(--ast-global-color-5)","background-image":"","background-repeat":"repeat","background-position":"center center","background-size":"auto","background-attachment":"scroll","background-type":"","background-media":"","overlay-type":"","overlay-color":"","overlay-opacity":"","overlay-gradient":""},"mobile":{"background-color":"var(--ast-global-color-5)","background-image":"","background-repeat":"repeat","background-position":"center center","background-size":"auto","background-attachment":"scroll","background-type":"","background-media":"","overlay-type":"","overlay-color":"","overlay-opacity":"","overlay-gradient":""}}},"product_brand":[],"product_cat":[37,36,180],"product_tag":[],"class_list":{"0":"post-760","1":"product","2":"type-product","3":"status-publish","4":"has-post-thumbnail","6":"product_cat-bowl-liner","7":"product_cat-cone-liner","8":"product_cat-kodiak","9":"desktop-align-left","10":"tablet-align-left","11":"mobile-align-left","12":"ast-product-gallery-layout-horizontal-slider","13":"ast-product-gallery-with-no-image","14":"ast-product-single-variable","15":"ast-product-tabs-layout-horizontal","17":"first","18":"instock","19":"shipping-taxable","20":"purchasable","21":"product-type-variable"},"yoast_head":"<!-- This site is optimized with the Yoast SEO plugin v27.4 - https:\/\/yoast.com\/product\/yoast-seo-wordpress\/ -->\n<title>Kodiak k200 bowl Liner cone crusher - Crusher parts, Slurry Pump Parts, Excavator shovel parts<\/title>\n<meta name=\"description\" content=\"Kodiak K200 Bowl Liner, crafted with top-quality Mn18cr2, excels in crushing hard rock. Ensure peak performance with this premium component.\" \/>\n<meta name=\"robots\" content=\"index, follow, max-snippet:-1, max-image-preview:large, max-video-preview:-1\" \/>\n<link rel=\"canonical\" href=\"https:\/\/miningspareparts.com\/es\/producto\/k200-cone-bowl-liner\/\" \/>\n<meta property=\"og:locale\" content=\"es_MX\" \/>\n<meta property=\"og:type\" content=\"article\" \/>\n<meta property=\"og:title\" content=\"Kodiak k200 bowl Liner cone crusher - Crusher parts, Slurry Pump Parts, Excavator shovel parts\" \/>\n<meta property=\"og:description\" content=\"Kodiak K200 Bowl Liner, crafted with top-quality Mn18cr2, excels in crushing hard rock. Ensure peak performance with this premium component.\" \/>\n<meta property=\"og:url\" content=\"https:\/\/miningspareparts.com\/es\/producto\/k200-cone-bowl-liner\/\" \/>\n<meta property=\"og:site_name\" content=\"Crusher parts, Slurry Pump Parts, Excavator shovel parts\" \/>\n<meta property=\"article:modified_time\" content=\"2025-10-31T06:34:16+00:00\" \/>\n<meta property=\"og:image\" content=\"https:\/\/miningspareparts.com\/wp-content\/uploads\/2023\/11\/\u5706\u95254.webp\" \/>\n\t<meta property=\"og:image:width\" content=\"800\" \/>\n\t<meta property=\"og:image:height\" content=\"800\" \/>\n\t<meta property=\"og:image:type\" content=\"image\/webp\" \/>\n<meta name=\"twitter:card\" content=\"summary_large_image\" \/>\n<meta name=\"twitter:label1\" content=\"Tiempo de lectura\" \/>\n\t<meta name=\"twitter:data1\" content=\"2 minutos\" \/>\n<script type=\"application\/ld+json\" class=\"yoast-schema-graph\">{\"@context\":\"https:\\\/\\\/schema.org\",\"@graph\":[{\"@type\":\"WebPage\",\"@id\":\"https:\\\/\\\/miningspareparts.com\\\/product\\\/k200-cone-bowl-liner\\\/\",\"url\":\"https:\\\/\\\/miningspareparts.com\\\/product\\\/k200-cone-bowl-liner\\\/\",\"name\":\"Kodiak k200 bowl Liner cone crusher - Crusher parts, Slurry Pump Parts, Excavator shovel parts\",\"isPartOf\":{\"@id\":\"https:\\\/\\\/miningspareparts.com\\\/#website\"},\"primaryImageOfPage\":{\"@id\":\"https:\\\/\\\/miningspareparts.com\\\/product\\\/k200-cone-bowl-liner\\\/#primaryimage\"},\"image\":{\"@id\":\"https:\\\/\\\/miningspareparts.com\\\/product\\\/k200-cone-bowl-liner\\\/#primaryimage\"},\"thumbnailUrl\":\"https:\\\/\\\/miningspareparts.com\\\/wp-content\\\/uploads\\\/2023\\\/11\\\/\u5706\u95254.webp\",\"datePublished\":\"2023-11-30T06:31:41+00:00\",\"dateModified\":\"2025-10-31T06:34:16+00:00\",\"description\":\"Kodiak K200 Bowl Liner, crafted with top-quality Mn18cr2, excels in crushing hard rock. Ensure peak performance with this premium component.\",\"breadcrumb\":{\"@id\":\"https:\\\/\\\/miningspareparts.com\\\/product\\\/k200-cone-bowl-liner\\\/#breadcrumb\"},\"inLanguage\":\"es\",\"potentialAction\":[{\"@type\":\"ReadAction\",\"target\":[\"https:\\\/\\\/miningspareparts.com\\\/product\\\/k200-cone-bowl-liner\\\/\"]}]},{\"@type\":\"ImageObject\",\"inLanguage\":\"es\",\"@id\":\"https:\\\/\\\/miningspareparts.com\\\/product\\\/k200-cone-bowl-liner\\\/#primaryimage\",\"url\":\"https:\\\/\\\/miningspareparts.com\\\/wp-content\\\/uploads\\\/2023\\\/11\\\/\u5706\u95254.webp\",\"contentUrl\":\"https:\\\/\\\/miningspareparts.com\\\/wp-content\\\/uploads\\\/2023\\\/11\\\/\u5706\u95254.webp\",\"width\":800,\"height\":800,\"caption\":\"Kodiak k200 Cone Crusher Liner\"},{\"@type\":\"BreadcrumbList\",\"@id\":\"https:\\\/\\\/miningspareparts.com\\\/product\\\/k200-cone-bowl-liner\\\/#breadcrumb\",\"itemListElement\":[{\"@type\":\"ListItem\",\"position\":1,\"name\":\"Home\",\"item\":\"https:\\\/\\\/miningspareparts.com\\\/\"},{\"@type\":\"ListItem\",\"position\":2,\"name\":\"Premium Mining Wear And Spare Parts\",\"item\":\"https:\\\/\\\/miningspareparts.com\\\/shop\\\/\"},{\"@type\":\"ListItem\",\"position\":3,\"name\":\"Kodiak k200 Cone Crusher Liner\"}]},{\"@type\":\"WebSite\",\"@id\":\"https:\\\/\\\/miningspareparts.com\\\/#website\",\"url\":\"https:\\\/\\\/miningspareparts.com\\\/\",\"name\":\"Crusher parts , Concrete Mixer Parts, Slurry Pump Parts, Mining Spares\",\"description\":\"Mining Wear &amp; Spare Parts Supplier\",\"publisher\":{\"@id\":\"https:\\\/\\\/miningspareparts.com\\\/#organization\"},\"potentialAction\":[{\"@type\":\"SearchAction\",\"target\":{\"@type\":\"EntryPoint\",\"urlTemplate\":\"https:\\\/\\\/miningspareparts.com\\\/?s={search_term_string}\"},\"query-input\":{\"@type\":\"PropertyValueSpecification\",\"valueRequired\":true,\"valueName\":\"search_term_string\"}}],\"inLanguage\":\"es\"},{\"@type\":\"Organization\",\"@id\":\"https:\\\/\\\/miningspareparts.com\\\/#organization\",\"name\":\"Crusher parts , Concrete Mixer Parts, Slurry Pump Parts, Mining Spares\",\"url\":\"https:\\\/\\\/miningspareparts.com\\\/\",\"logo\":{\"@type\":\"ImageObject\",\"inLanguage\":\"es\",\"@id\":\"https:\\\/\\\/miningspareparts.com\\\/#\\\/schema\\\/logo\\\/image\\\/\",\"url\":\"https:\\\/\\\/miningspareparts.com\\\/wp-content\\\/uploads\\\/2025\\\/04\\\/cropped-cropped-logo\u6b63\u65b9\u5f62.png\",\"contentUrl\":\"https:\\\/\\\/miningspareparts.com\\\/wp-content\\\/uploads\\\/2025\\\/04\\\/cropped-cropped-logo\u6b63\u65b9\u5f62.png\",\"width\":511,\"height\":171,\"caption\":\"Crusher parts , Concrete Mixer Parts, Slurry Pump Parts, Mining Spares\"},\"image\":{\"@id\":\"https:\\\/\\\/miningspareparts.com\\\/#\\\/schema\\\/logo\\\/image\\\/\"}}]}<\/script>\n<!-- \/ Yoast SEO plugin. -->","yoast_head_json":{"title":"Kodiak k200 bowl Liner cone crusher - Crusher parts, Slurry Pump Parts, Excavator shovel parts","description":"Kodiak K200 Bowl Liner, crafted with top-quality Mn18cr2, excels in crushing hard rock. Ensure peak performance with this premium component.","robots":{"index":"index","follow":"follow","max-snippet":"max-snippet:-1","max-image-preview":"max-image-preview:large","max-video-preview":"max-video-preview:-1"},"canonical":"https:\/\/miningspareparts.com\/es\/producto\/k200-cone-bowl-liner\/","og_locale":"es_MX","og_type":"article","og_title":"Kodiak k200 bowl Liner cone crusher - Crusher parts, Slurry Pump Parts, Excavator shovel parts","og_description":"Kodiak K200 Bowl Liner, crafted with top-quality Mn18cr2, excels in crushing hard rock. Ensure peak performance with this premium component.","og_url":"https:\/\/miningspareparts.com\/es\/producto\/k200-cone-bowl-liner\/","og_site_name":"Crusher parts, Slurry Pump Parts, Excavator shovel parts","article_modified_time":"2025-10-31T06:34:16+00:00","og_image":[{"width":800,"height":800,"url":"https:\/\/miningspareparts.com\/wp-content\/uploads\/2023\/11\/\u5706\u95254.webp","type":"image\/webp"}],"twitter_card":"summary_large_image","twitter_misc":{"Tiempo de lectura":"2 minutos"},"schema":{"@context":"https:\/\/schema.org","@graph":[{"@type":"WebPage","@id":"https:\/\/miningspareparts.com\/product\/k200-cone-bowl-liner\/","url":"https:\/\/miningspareparts.com\/product\/k200-cone-bowl-liner\/","name":"Kodiak k200 bowl Liner cone crusher - Crusher parts, Slurry Pump Parts, Excavator shovel parts","isPartOf":{"@id":"https:\/\/miningspareparts.com\/#website"},"primaryImageOfPage":{"@id":"https:\/\/miningspareparts.com\/product\/k200-cone-bowl-liner\/#primaryimage"},"image":{"@id":"https:\/\/miningspareparts.com\/product\/k200-cone-bowl-liner\/#primaryimage"},"thumbnailUrl":"https:\/\/miningspareparts.com\/wp-content\/uploads\/2023\/11\/\u5706\u95254.webp","datePublished":"2023-11-30T06:31:41+00:00","dateModified":"2025-10-31T06:34:16+00:00","description":"Kodiak K200 Bowl Liner, crafted with top-quality Mn18cr2, excels in crushing hard rock. Ensure peak performance with this premium component.","breadcrumb":{"@id":"https:\/\/miningspareparts.com\/product\/k200-cone-bowl-liner\/#breadcrumb"},"inLanguage":"es","potentialAction":[{"@type":"ReadAction","target":["https:\/\/miningspareparts.com\/product\/k200-cone-bowl-liner\/"]}]},{"@type":"ImageObject","inLanguage":"es","@id":"https:\/\/miningspareparts.com\/product\/k200-cone-bowl-liner\/#primaryimage","url":"https:\/\/miningspareparts.com\/wp-content\/uploads\/2023\/11\/\u5706\u95254.webp","contentUrl":"https:\/\/miningspareparts.com\/wp-content\/uploads\/2023\/11\/\u5706\u95254.webp","width":800,"height":800,"caption":"Kodiak k200 Cone Crusher Liner"},{"@type":"BreadcrumbList","@id":"https:\/\/miningspareparts.com\/product\/k200-cone-bowl-liner\/#breadcrumb","itemListElement":[{"@type":"ListItem","position":1,"name":"Home","item":"https:\/\/miningspareparts.com\/"},{"@type":"ListItem","position":2,"name":"Premium Mining Wear And Spare Parts","item":"https:\/\/miningspareparts.com\/shop\/"},{"@type":"ListItem","position":3,"name":"Kodiak k200 Cone Crusher Liner"}]},{"@type":"WebSite","@id":"https:\/\/miningspareparts.com\/#website","url":"https:\/\/miningspareparts.com\/","name":"Crusher parts , Concrete Mixer Parts, Slurry Pump Parts, Mining Spares","description":"Mining Wear &amp; Spare Parts Supplier","publisher":{"@id":"https:\/\/miningspareparts.com\/#organization"},"potentialAction":[{"@type":"SearchAction","target":{"@type":"EntryPoint","urlTemplate":"https:\/\/miningspareparts.com\/?s={search_term_string}"},"query-input":{"@type":"PropertyValueSpecification","valueRequired":true,"valueName":"search_term_string"}}],"inLanguage":"es"},{"@type":"Organization","@id":"https:\/\/miningspareparts.com\/#organization","name":"Crusher parts , Concrete Mixer Parts, Slurry Pump Parts, Mining Spares","url":"https:\/\/miningspareparts.com\/","logo":{"@type":"ImageObject","inLanguage":"es","@id":"https:\/\/miningspareparts.com\/#\/schema\/logo\/image\/","url":"https:\/\/miningspareparts.com\/wp-content\/uploads\/2025\/04\/cropped-cropped-logo\u6b63\u65b9\u5f62.png","contentUrl":"https:\/\/miningspareparts.com\/wp-content\/uploads\/2025\/04\/cropped-cropped-logo\u6b63\u65b9\u5f62.png","width":511,"height":171,"caption":"Crusher parts , Concrete Mixer Parts, Slurry Pump Parts, Mining Spares"},"image":{"@id":"https:\/\/miningspareparts.com\/#\/schema\/logo\/image\/"}}]}},"uagb_featured_image_src":{"full":["https:\/\/miningspareparts.com\/wp-content\/uploads\/2023\/11\/\u5706\u95254.webp",800,800,false],"thumbnail":["https:\/\/miningspareparts.com\/wp-content\/uploads\/2023\/11\/\u5706\u95254-150x150.webp",150,150,true],"medium":["https:\/\/miningspareparts.com\/wp-content\/uploads\/2023\/11\/\u5706\u95254-300x300.webp",300,300,true],"medium_large":["https:\/\/miningspareparts.com\/wp-content\/uploads\/2023\/11\/\u5706\u95254-768x768.webp",768,768,true],"large":["https:\/\/miningspareparts.com\/wp-content\/uploads\/2023\/11\/\u5706\u95254.webp",800,800,false],"1536x1536":["https:\/\/miningspareparts.com\/wp-content\/uploads\/2023\/11\/\u5706\u95254.webp",800,800,false],"2048x2048":["https:\/\/miningspareparts.com\/wp-content\/uploads\/2023\/11\/\u5706\u95254.webp",800,800,false],"trp-custom-language-flag":["https:\/\/miningspareparts.com\/wp-content\/uploads\/2023\/11\/\u5706\u95254-12x12.webp",12,12,true],"woocommerce_thumbnail":["https:\/\/miningspareparts.com\/wp-content\/uploads\/2023\/11\/\u5706\u95254-300x300.webp",300,300,true],"woocommerce_single":["https:\/\/miningspareparts.com\/wp-content\/uploads\/2023\/11\/\u5706\u95254-600x600.webp",600,600,true],"woocommerce_gallery_thumbnail":["https:\/\/miningspareparts.com\/wp-content\/uploads\/2023\/11\/\u5706\u95254-100x100.webp",100,100,true]},"uagb_author_info":{"display_name":"Miningspareparts","author_link":"https:\/\/miningspareparts.com\/es\/author\/"},"uagb_comment_info":2,"uagb_excerpt":"Model: Crushing Cavity: Fine for Fine &amp; Coarse Bowl Liner Packing: Fixed by Iron Tray, Wrapped with Plastic Film","_links":{"self":[{"href":"https:\/\/miningspareparts.com\/es\/wp-json\/wp\/v2\/product\/760","targetHints":{"allow":["GET"]}}],"collection":[{"href":"https:\/\/miningspareparts.com\/es\/wp-json\/wp\/v2\/product"}],"about":[{"href":"https:\/\/miningspareparts.com\/es\/wp-json\/wp\/v2\/types\/product"}],"wp:featuredmedia":[{"embeddable":true,"href":"https:\/\/miningspareparts.com\/es\/wp-json\/wp\/v2\/media\/11088"}],"wp:attachment":[{"href":"https:\/\/miningspareparts.com\/es\/wp-json\/wp\/v2\/media?parent=760"}],"wp:term":[{"taxonomy":"product_brand","embeddable":true,"href":"https:\/\/miningspareparts.com\/es\/wp-json\/wp\/v2\/product_brand?post=760"},{"taxonomy":"product_cat","embeddable":true,"href":"https:\/\/miningspareparts.com\/es\/wp-json\/wp\/v2\/product_cat?post=760"},{"taxonomy":"product_tag","embeddable":true,"href":"https:\/\/miningspareparts.com\/es\/wp-json\/wp\/v2\/product_tag?post=760"}],"curies":[{"name":"wp","href":"https:\/\/api.w.org\/{rel}","templated":true}]}}