{"id":841,"date":"2023-12-01T04:33:07","date_gmt":"2023-12-01T04:33:07","guid":{"rendered":"https:\/\/miningspareparts.com\/?post_type=product&#038;p=841"},"modified":"2025-11-17T03:20:12","modified_gmt":"2025-11-17T03:20:12","slug":"leemann-mco9-bowl-liner-cone-crusher","status":"publish","type":"product","link":"https:\/\/miningspareparts.com\/es\/producto\/leemann-mco9-bowl-liner-cone-crusher\/","title":{"rendered":"Revestimiento de la taza de la trituradora de cono Kleemann MCO9"},"content":{"rendered":"<p><strong>He aqu\u00ed la descripci\u00f3n de Kleemann MCO9 Bowl Liner<\/strong><\/p>\n<h1>Piezas de trituradoras de cono Kleemann<\/h1>\n<p><strong><u>Revestimientos para trituradoras Mobicone:<\/u><\/strong><\/p>\n<p>Art\u00edculos: C\u00f3ncavo, Manto, Anillo C\u00f3ncavo, Segmento C\u00f3ncavo, Revestimiento de Taz\u00f3n, Revestimiento de Cono, Protector de Brazo, Placa de Distribuci\u00f3n<\/p>\n<p>Material de fundici\u00f3n: Acero al manganeso austens\u00edtico (M14Cr2, Mn18Cr2, Mn22Cr2)<\/p>\n<p>M\u00e9todo de fundici\u00f3n: Colado en arena con vidrio al agua<\/p>\n<p>Material aplicable:Grava, granito, basalto, mineral, piedra caliza, arenisca, Quatz, adoquines<\/p>\n<p>Aplicaciones: Miner\u00eda , Canteras, Construcci\u00f3n ,Cemento y Materiales ,Reciclaje<\/p>\n<table style=\"font-weight: 400;\">\n<tbody>\n<tr>\n<td width=\"111\"><strong>C\u00f3digo del art\u00edculo<\/strong><\/td>\n<td width=\"134\"><strong>Otro n\u00famero<\/strong><\/td>\n<td width=\"185\"><strong>Nombre del art\u00edculo<\/strong><\/td>\n<td width=\"109\"><strong>Descripci\u00f3n<\/strong><\/td>\n<td width=\"111\"><strong>Modelo<\/strong><\/td>\n<\/tr>\n<tr>\n<td>2295672<\/td>\n<td><\/td>\n<td>Cono F STD<\/td>\n<td>Revestimiento c\u00f3nico<\/td>\n<td>MCO 9<\/td>\n<\/tr>\n<tr>\n<td>2295652<\/td>\n<td><\/td>\n<td>Shell F STD<\/td>\n<td>Revestimiento c\u00f3nico<\/td>\n<td>MCO 9<\/td>\n<\/tr>\n<tr>\n<td>2295672<\/td>\n<td><\/td>\n<td>Cono M STD<\/td>\n<td>Revestimiento c\u00f3nico<\/td>\n<td>MCO 9<\/td>\n<\/tr>\n<tr>\n<td>2295649<\/td>\n<td><\/td>\n<td>Shell M STD<\/td>\n<td>Revestimiento c\u00f3nico<\/td>\n<td>MCO 9<\/td>\n<\/tr>\n<tr>\n<td>2295672<\/td>\n<td>2588101<\/td>\n<td>Cono C STD<\/td>\n<td>Revestimiento c\u00f3nico<\/td>\n<td>MCO 9<\/td>\n<\/tr>\n<tr>\n<td>2295646<\/td>\n<td>2588099<\/td>\n<td>Shell C STD<\/td>\n<td>Revestimiento c\u00f3nico<\/td>\n<td>MCO 9<\/td>\n<\/tr>\n<tr>\n<td>2295676<\/td>\n<td><\/td>\n<td>Cono F Shorthead<\/td>\n<td>Revestimiento c\u00f3nico<\/td>\n<td>MCO9<\/td>\n<\/tr>\n<tr>\n<td>2369178<\/td>\n<td><\/td>\n<td>Shell F Shorthead<\/td>\n<td>Revestimiento c\u00f3nico<\/td>\n<td>MCO 9<\/td>\n<\/tr>\n<tr>\n<td>2369191<\/td>\n<td><\/td>\n<td>Shell M Shorthead<\/td>\n<td>Revestimiento c\u00f3nico<\/td>\n<td>MCO 9<\/td>\n<\/tr>\n<tr>\n<td>2369180<\/td>\n<td><\/td>\n<td>Shell C Shorthead<\/td>\n<td>Revestimiento c\u00f3nico<\/td>\n<td>MCO 9<\/td>\n<\/tr>\n<\/tbody>\n<\/table>\n<h5>Por qu\u00e9 elegirnos\uff1f<\/h5>\n<p>Como fabricante l\u00edder de revestimientos de cuba Kleemann MCO9, nuestro compromiso con la excelencia se hace evidente en la calidad superior y la ingenier\u00eda de precisi\u00f3n de nuestros productos. Fabricadas con una meticulosa atenci\u00f3n al detalle, nuestras camisas de cuba est\u00e1n dise\u00f1adas para ofrecer un rendimiento y una durabilidad \u00f3ptimos en las trituradoras de cono Kleemann MCO9.<\/p>\n<p>La avanzada composici\u00f3n de nuestras camisas de cuba garantiza una excepcional resistencia al desgaste, reduciendo los tiempos de inactividad y mejorando la eficacia global de las operaciones de trituraci\u00f3n. Nuestra dedicaci\u00f3n al control de calidad garantiza que todas las camisas de cuba Kleemann MCO9 cumplen estrictas normas y ofrecen resultados fiables y constantes en diversas aplicaciones de trituraci\u00f3n.<\/p>\n<p>El ajuste perfecto y la perfecta integraci\u00f3n de nuestras camisas de cuba con las trituradoras Kleemann MCO9 ponen de manifiesto nuestro compromiso de ofrecer soluciones que superen las expectativas. Ya se trate de \u00e1ridos, minerales u otros materiales, nuestras camisas de cuba contribuyen a la longevidad y rentabilidad de su equipo de trituraci\u00f3n.<\/p>\n<p>Adem\u00e1s de nuestros productos de primera calidad, nos distingue nuestro enfoque centrado en el cliente. Entregas puntuales, asistencia completa y un enfoque centrado en la satisfacci\u00f3n del cliente definen nuestro servicio. Elija nuestras camisas de cuba Kleemann MCO9 para disfrutar de una experiencia de trituraci\u00f3n fiable y eficiente, con el respaldo de un fabricante dedicado a elevar el rendimiento en el sector de los \u00e1ridos y la miner\u00eda.<\/p>","protected":false},"excerpt":{"rendered":"<p>He aqu\u00ed una descripci\u00f3n de la Kleemann MCO9 Bowl Liner Kleemann Cone Crusher Parts Mobicone Crusher Liners: Art\u00edculos: C\u00f3ncavo, Manto, Anillo C\u00f3ncavo, Segmento C\u00f3ncavo, Revestimiento de Taz\u00f3n, Revestimiento de Cono, Protector de Brazo, Placa de Distribuci\u00f3n Material de Fundici\u00f3n: Acero al manganeso austens\u00edtico (M14Cr2, Mn18Cr2, Mn22Cr2) M\u00e9todo de fundici\u00f3n: Fundici\u00f3n de arena de vidrio de agua Material aplicable: Grava, granito, basalto, mineral, piedra caliza, piedra arenisca, Quatz, Cobblestone Aplicaciones: Miner\u00eda [...]<\/p>","protected":false},"featured_media":11715,"template":"","meta":{"_uag_custom_page_level_css":"","site-sidebar-layout":"default","site-content-layout":"","ast-site-content-layout":"default","site-content-style":"default","site-sidebar-style":"default","ast-global-header-display":"","ast-banner-title-visibility":"","ast-main-header-display":"","ast-hfb-above-header-display":"","ast-hfb-below-header-display":"","ast-hfb-mobile-header-display":"","site-post-title":"","ast-breadcrumbs-content":"","ast-featured-img":"","footer-sml-layout":"","ast-disable-related-posts":"","theme-transparent-header-meta":"default","adv-header-id-meta":"","stick-header-meta":"default","header-above-stick-meta":"","header-main-stick-meta":"","header-below-stick-meta":"","astra-migrate-meta-layouts":"set","ast-page-background-enabled":"default","ast-page-background-meta":{"desktop":{"background-color":"var(--ast-global-color-4)","background-image":"","background-repeat":"repeat","background-position":"center center","background-size":"auto","background-attachment":"scroll","background-type":"","background-media":"","overlay-type":"","overlay-color":"","overlay-opacity":"","overlay-gradient":""},"tablet":{"background-color":"","background-image":"","background-repeat":"repeat","background-position":"center center","background-size":"auto","background-attachment":"scroll","background-type":"","background-media":"","overlay-type":"","overlay-color":"","overlay-opacity":"","overlay-gradient":""},"mobile":{"background-color":"","background-image":"","background-repeat":"repeat","background-position":"center center","background-size":"auto","background-attachment":"scroll","background-type":"","background-media":"","overlay-type":"","overlay-color":"","overlay-opacity":"","overlay-gradient":""}},"ast-content-background-meta":{"desktop":{"background-color":"var(--ast-global-color-5)","background-image":"","background-repeat":"repeat","background-position":"center center","background-size":"auto","background-attachment":"scroll","background-type":"","background-media":"","overlay-type":"","overlay-color":"","overlay-opacity":"","overlay-gradient":""},"tablet":{"background-color":"var(--ast-global-color-5)","background-image":"","background-repeat":"repeat","background-position":"center center","background-size":"auto","background-attachment":"scroll","background-type":"","background-media":"","overlay-type":"","overlay-color":"","overlay-opacity":"","overlay-gradient":""},"mobile":{"background-color":"var(--ast-global-color-5)","background-image":"","background-repeat":"repeat","background-position":"center center","background-size":"auto","background-attachment":"scroll","background-type":"","background-media":"","overlay-type":"","overlay-color":"","overlay-opacity":"","overlay-gradient":""}}},"product_brand":[],"product_cat":[37,38,137],"product_tag":[],"class_list":{"0":"post-841","1":"product","2":"type-product","3":"status-publish","4":"has-post-thumbnail","6":"product_cat-bowl-liner","7":"product_cat-concave-ring","8":"product_cat-kleemann","9":"desktop-align-left","10":"tablet-align-left","11":"mobile-align-left","12":"ast-product-gallery-layout-horizontal-slider","13":"ast-product-single-variable","14":"ast-product-tabs-layout-horizontal","16":"first","17":"instock","18":"shipping-taxable","19":"purchasable","20":"product-type-variable"},"yoast_head":"<!-- This site is optimized with the Yoast SEO plugin v27.4 - https:\/\/yoast.com\/product\/yoast-seo-wordpress\/ -->\n<title>Kleemann MCO9 Bowl Liner Cone Crusher - Crusher parts, Slurry Pump Parts, Excavator shovel parts<\/title>\n<meta name=\"description\" content=\"Kleemann MCO9 Bowl Liner: A high-quality Mn18cr2 composition guarantees an original replacement, ideal for efficient quarry crushing performance.\" \/>\n<meta name=\"robots\" content=\"index, follow, max-snippet:-1, max-image-preview:large, max-video-preview:-1\" \/>\n<link rel=\"canonical\" href=\"https:\/\/miningspareparts.com\/es\/producto\/leemann-mco9-bowl-liner-cone-crusher\/\" \/>\n<meta property=\"og:locale\" content=\"es_MX\" \/>\n<meta property=\"og:type\" content=\"article\" \/>\n<meta property=\"og:title\" content=\"Kleemann MCO9 Bowl Liner Cone Crusher - Crusher parts, Slurry Pump Parts, Excavator shovel parts\" \/>\n<meta property=\"og:description\" content=\"Kleemann MCO9 Bowl Liner: A high-quality Mn18cr2 composition guarantees an original replacement, ideal for efficient quarry crushing performance.\" \/>\n<meta property=\"og:url\" content=\"https:\/\/miningspareparts.com\/es\/producto\/leemann-mco9-bowl-liner-cone-crusher\/\" \/>\n<meta property=\"og:site_name\" content=\"Crusher parts, Slurry Pump Parts, Excavator shovel parts\" \/>\n<meta property=\"article:modified_time\" content=\"2025-11-17T03:20:12+00:00\" \/>\n<meta property=\"og:image\" content=\"https:\/\/miningspareparts.com\/wp-content\/uploads\/2023\/12\/Kleemann-MCO9-Cone-Crusher-Bowl-Liner.webp\" \/>\n\t<meta property=\"og:image:width\" content=\"800\" \/>\n\t<meta property=\"og:image:height\" content=\"800\" \/>\n\t<meta property=\"og:image:type\" content=\"image\/webp\" \/>\n<meta name=\"twitter:card\" content=\"summary_large_image\" \/>\n<meta name=\"twitter:label1\" content=\"Tiempo de lectura\" \/>\n\t<meta name=\"twitter:data1\" content=\"3 minutos\" \/>\n<script type=\"application\/ld+json\" class=\"yoast-schema-graph\">{\"@context\":\"https:\\\/\\\/schema.org\",\"@graph\":[{\"@type\":\"WebPage\",\"@id\":\"https:\\\/\\\/miningspareparts.com\\\/product\\\/leemann-mco9-bowl-liner-cone-crusher\\\/\",\"url\":\"https:\\\/\\\/miningspareparts.com\\\/product\\\/leemann-mco9-bowl-liner-cone-crusher\\\/\",\"name\":\"Kleemann MCO9 Bowl Liner Cone Crusher - Crusher parts, Slurry Pump Parts, Excavator shovel parts\",\"isPartOf\":{\"@id\":\"https:\\\/\\\/miningspareparts.com\\\/#website\"},\"primaryImageOfPage\":{\"@id\":\"https:\\\/\\\/miningspareparts.com\\\/product\\\/leemann-mco9-bowl-liner-cone-crusher\\\/#primaryimage\"},\"image\":{\"@id\":\"https:\\\/\\\/miningspareparts.com\\\/product\\\/leemann-mco9-bowl-liner-cone-crusher\\\/#primaryimage\"},\"thumbnailUrl\":\"https:\\\/\\\/miningspareparts.com\\\/wp-content\\\/uploads\\\/2023\\\/12\\\/Kleemann-MCO9-Cone-Crusher-Bowl-Liner.webp\",\"datePublished\":\"2023-12-01T04:33:07+00:00\",\"dateModified\":\"2025-11-17T03:20:12+00:00\",\"description\":\"Kleemann MCO9 Bowl Liner: A high-quality Mn18cr2 composition guarantees an original replacement, ideal for efficient quarry crushing performance.\",\"breadcrumb\":{\"@id\":\"https:\\\/\\\/miningspareparts.com\\\/product\\\/leemann-mco9-bowl-liner-cone-crusher\\\/#breadcrumb\"},\"inLanguage\":\"es\",\"potentialAction\":[{\"@type\":\"ReadAction\",\"target\":[\"https:\\\/\\\/miningspareparts.com\\\/product\\\/leemann-mco9-bowl-liner-cone-crusher\\\/\"]}]},{\"@type\":\"ImageObject\",\"inLanguage\":\"es\",\"@id\":\"https:\\\/\\\/miningspareparts.com\\\/product\\\/leemann-mco9-bowl-liner-cone-crusher\\\/#primaryimage\",\"url\":\"https:\\\/\\\/miningspareparts.com\\\/wp-content\\\/uploads\\\/2023\\\/12\\\/Kleemann-MCO9-Cone-Crusher-Bowl-Liner.webp\",\"contentUrl\":\"https:\\\/\\\/miningspareparts.com\\\/wp-content\\\/uploads\\\/2023\\\/12\\\/Kleemann-MCO9-Cone-Crusher-Bowl-Liner.webp\",\"width\":800,\"height\":800,\"caption\":\"Kleemann MCO9 Cone Crusher Bowl Liner\"},{\"@type\":\"BreadcrumbList\",\"@id\":\"https:\\\/\\\/miningspareparts.com\\\/product\\\/leemann-mco9-bowl-liner-cone-crusher\\\/#breadcrumb\",\"itemListElement\":[{\"@type\":\"ListItem\",\"position\":1,\"name\":\"Home\",\"item\":\"https:\\\/\\\/miningspareparts.com\\\/\"},{\"@type\":\"ListItem\",\"position\":2,\"name\":\"Premium Mining Wear And Spare Parts\",\"item\":\"https:\\\/\\\/miningspareparts.com\\\/shop\\\/\"},{\"@type\":\"ListItem\",\"position\":3,\"name\":\"Kleemann MCO9 Cone Crusher Bowl Liner\"}]},{\"@type\":\"WebSite\",\"@id\":\"https:\\\/\\\/miningspareparts.com\\\/#website\",\"url\":\"https:\\\/\\\/miningspareparts.com\\\/\",\"name\":\"Crusher parts , Concrete Mixer Parts, Slurry Pump Parts, Mining Spares\",\"description\":\"Mining Wear &amp; Spare Parts Supplier\",\"publisher\":{\"@id\":\"https:\\\/\\\/miningspareparts.com\\\/#organization\"},\"potentialAction\":[{\"@type\":\"SearchAction\",\"target\":{\"@type\":\"EntryPoint\",\"urlTemplate\":\"https:\\\/\\\/miningspareparts.com\\\/?s={search_term_string}\"},\"query-input\":{\"@type\":\"PropertyValueSpecification\",\"valueRequired\":true,\"valueName\":\"search_term_string\"}}],\"inLanguage\":\"es\"},{\"@type\":\"Organization\",\"@id\":\"https:\\\/\\\/miningspareparts.com\\\/#organization\",\"name\":\"Crusher parts , Concrete Mixer Parts, Slurry Pump Parts, Mining Spares\",\"url\":\"https:\\\/\\\/miningspareparts.com\\\/\",\"logo\":{\"@type\":\"ImageObject\",\"inLanguage\":\"es\",\"@id\":\"https:\\\/\\\/miningspareparts.com\\\/#\\\/schema\\\/logo\\\/image\\\/\",\"url\":\"https:\\\/\\\/miningspareparts.com\\\/wp-content\\\/uploads\\\/2025\\\/04\\\/cropped-cropped-logo\u6b63\u65b9\u5f62.png\",\"contentUrl\":\"https:\\\/\\\/miningspareparts.com\\\/wp-content\\\/uploads\\\/2025\\\/04\\\/cropped-cropped-logo\u6b63\u65b9\u5f62.png\",\"width\":511,\"height\":171,\"caption\":\"Crusher parts , Concrete Mixer Parts, Slurry Pump Parts, Mining Spares\"},\"image\":{\"@id\":\"https:\\\/\\\/miningspareparts.com\\\/#\\\/schema\\\/logo\\\/image\\\/\"}}]}<\/script>\n<!-- \/ Yoast SEO plugin. -->","yoast_head_json":{"title":"Kleemann MCO9 Bowl Liner Cone Crusher - Crusher parts, Slurry Pump Parts, Excavator shovel parts","description":"Kleemann MCO9 Bowl Liner: A high-quality Mn18cr2 composition guarantees an original replacement, ideal for efficient quarry crushing performance.","robots":{"index":"index","follow":"follow","max-snippet":"max-snippet:-1","max-image-preview":"max-image-preview:large","max-video-preview":"max-video-preview:-1"},"canonical":"https:\/\/miningspareparts.com\/es\/producto\/leemann-mco9-bowl-liner-cone-crusher\/","og_locale":"es_MX","og_type":"article","og_title":"Kleemann MCO9 Bowl Liner Cone Crusher - Crusher parts, Slurry Pump Parts, Excavator shovel parts","og_description":"Kleemann MCO9 Bowl Liner: A high-quality Mn18cr2 composition guarantees an original replacement, ideal for efficient quarry crushing performance.","og_url":"https:\/\/miningspareparts.com\/es\/producto\/leemann-mco9-bowl-liner-cone-crusher\/","og_site_name":"Crusher parts, Slurry Pump Parts, Excavator shovel parts","article_modified_time":"2025-11-17T03:20:12+00:00","og_image":[{"width":800,"height":800,"url":"https:\/\/miningspareparts.com\/wp-content\/uploads\/2023\/12\/Kleemann-MCO9-Cone-Crusher-Bowl-Liner.webp","type":"image\/webp"}],"twitter_card":"summary_large_image","twitter_misc":{"Tiempo de lectura":"3 minutos"},"schema":{"@context":"https:\/\/schema.org","@graph":[{"@type":"WebPage","@id":"https:\/\/miningspareparts.com\/product\/leemann-mco9-bowl-liner-cone-crusher\/","url":"https:\/\/miningspareparts.com\/product\/leemann-mco9-bowl-liner-cone-crusher\/","name":"Kleemann MCO9 Bowl Liner Cone Crusher - Crusher parts, Slurry Pump Parts, Excavator shovel parts","isPartOf":{"@id":"https:\/\/miningspareparts.com\/#website"},"primaryImageOfPage":{"@id":"https:\/\/miningspareparts.com\/product\/leemann-mco9-bowl-liner-cone-crusher\/#primaryimage"},"image":{"@id":"https:\/\/miningspareparts.com\/product\/leemann-mco9-bowl-liner-cone-crusher\/#primaryimage"},"thumbnailUrl":"https:\/\/miningspareparts.com\/wp-content\/uploads\/2023\/12\/Kleemann-MCO9-Cone-Crusher-Bowl-Liner.webp","datePublished":"2023-12-01T04:33:07+00:00","dateModified":"2025-11-17T03:20:12+00:00","description":"Kleemann MCO9 Bowl Liner: A high-quality Mn18cr2 composition guarantees an original replacement, ideal for efficient quarry crushing performance.","breadcrumb":{"@id":"https:\/\/miningspareparts.com\/product\/leemann-mco9-bowl-liner-cone-crusher\/#breadcrumb"},"inLanguage":"es","potentialAction":[{"@type":"ReadAction","target":["https:\/\/miningspareparts.com\/product\/leemann-mco9-bowl-liner-cone-crusher\/"]}]},{"@type":"ImageObject","inLanguage":"es","@id":"https:\/\/miningspareparts.com\/product\/leemann-mco9-bowl-liner-cone-crusher\/#primaryimage","url":"https:\/\/miningspareparts.com\/wp-content\/uploads\/2023\/12\/Kleemann-MCO9-Cone-Crusher-Bowl-Liner.webp","contentUrl":"https:\/\/miningspareparts.com\/wp-content\/uploads\/2023\/12\/Kleemann-MCO9-Cone-Crusher-Bowl-Liner.webp","width":800,"height":800,"caption":"Kleemann MCO9 Cone Crusher Bowl Liner"},{"@type":"BreadcrumbList","@id":"https:\/\/miningspareparts.com\/product\/leemann-mco9-bowl-liner-cone-crusher\/#breadcrumb","itemListElement":[{"@type":"ListItem","position":1,"name":"Home","item":"https:\/\/miningspareparts.com\/"},{"@type":"ListItem","position":2,"name":"Premium Mining Wear And Spare Parts","item":"https:\/\/miningspareparts.com\/shop\/"},{"@type":"ListItem","position":3,"name":"Kleemann MCO9 Cone Crusher Bowl Liner"}]},{"@type":"WebSite","@id":"https:\/\/miningspareparts.com\/#website","url":"https:\/\/miningspareparts.com\/","name":"Crusher parts , Concrete Mixer Parts, Slurry Pump Parts, Mining Spares","description":"Mining Wear &amp; Spare Parts Supplier","publisher":{"@id":"https:\/\/miningspareparts.com\/#organization"},"potentialAction":[{"@type":"SearchAction","target":{"@type":"EntryPoint","urlTemplate":"https:\/\/miningspareparts.com\/?s={search_term_string}"},"query-input":{"@type":"PropertyValueSpecification","valueRequired":true,"valueName":"search_term_string"}}],"inLanguage":"es"},{"@type":"Organization","@id":"https:\/\/miningspareparts.com\/#organization","name":"Crusher parts , Concrete Mixer Parts, Slurry Pump Parts, Mining Spares","url":"https:\/\/miningspareparts.com\/","logo":{"@type":"ImageObject","inLanguage":"es","@id":"https:\/\/miningspareparts.com\/#\/schema\/logo\/image\/","url":"https:\/\/miningspareparts.com\/wp-content\/uploads\/2025\/04\/cropped-cropped-logo\u6b63\u65b9\u5f62.png","contentUrl":"https:\/\/miningspareparts.com\/wp-content\/uploads\/2025\/04\/cropped-cropped-logo\u6b63\u65b9\u5f62.png","width":511,"height":171,"caption":"Crusher parts , Concrete Mixer Parts, Slurry Pump Parts, Mining Spares"},"image":{"@id":"https:\/\/miningspareparts.com\/#\/schema\/logo\/image\/"}}]}},"uagb_featured_image_src":{"full":["https:\/\/miningspareparts.com\/wp-content\/uploads\/2023\/12\/Kleemann-MCO9-Cone-Crusher-Bowl-Liner.webp",800,800,false],"thumbnail":["https:\/\/miningspareparts.com\/wp-content\/uploads\/2023\/12\/Kleemann-MCO9-Cone-Crusher-Bowl-Liner-150x150.webp",150,150,true],"medium":["https:\/\/miningspareparts.com\/wp-content\/uploads\/2023\/12\/Kleemann-MCO9-Cone-Crusher-Bowl-Liner-300x300.webp",300,300,true],"medium_large":["https:\/\/miningspareparts.com\/wp-content\/uploads\/2023\/12\/Kleemann-MCO9-Cone-Crusher-Bowl-Liner-768x768.webp",768,768,true],"large":["https:\/\/miningspareparts.com\/wp-content\/uploads\/2023\/12\/Kleemann-MCO9-Cone-Crusher-Bowl-Liner.webp",800,800,false],"1536x1536":["https:\/\/miningspareparts.com\/wp-content\/uploads\/2023\/12\/Kleemann-MCO9-Cone-Crusher-Bowl-Liner.webp",800,800,false],"2048x2048":["https:\/\/miningspareparts.com\/wp-content\/uploads\/2023\/12\/Kleemann-MCO9-Cone-Crusher-Bowl-Liner.webp",800,800,false],"trp-custom-language-flag":["https:\/\/miningspareparts.com\/wp-content\/uploads\/2023\/12\/Kleemann-MCO9-Cone-Crusher-Bowl-Liner-12x12.webp",12,12,true],"woocommerce_thumbnail":["https:\/\/miningspareparts.com\/wp-content\/uploads\/2023\/12\/Kleemann-MCO9-Cone-Crusher-Bowl-Liner-300x300.webp",300,300,true],"woocommerce_single":["https:\/\/miningspareparts.com\/wp-content\/uploads\/2023\/12\/Kleemann-MCO9-Cone-Crusher-Bowl-Liner-600x600.webp",600,600,true],"woocommerce_gallery_thumbnail":["https:\/\/miningspareparts.com\/wp-content\/uploads\/2023\/12\/Kleemann-MCO9-Cone-Crusher-Bowl-Liner-100x100.webp",100,100,true]},"uagb_author_info":{"display_name":"Miningspareparts","author_link":"https:\/\/miningspareparts.com\/es\/author\/"},"uagb_comment_info":0,"uagb_excerpt":"Here is a description of the Kleemann MCO9 Bowl Liner Kleemann Cone Crusher Parts Mobicone Crusher Liners: Items: Concave, Mantle, Concave Ring, Concave Segment , Bowl Liner,Cone Liner,Arm Guard, Distribution Plate Casting Material: Austenstic Manganese Steel (M14Cr2, Mn18Cr2, Mn22Cr2) Casting Method: Water Glass Sand Casting Applicable Material:Gravel, Granite, Basalt, Ore, Limestone, Sandstone ,Quatz,Cobblestone Applications: Mining&hellip;","_links":{"self":[{"href":"https:\/\/miningspareparts.com\/es\/wp-json\/wp\/v2\/product\/841","targetHints":{"allow":["GET"]}}],"collection":[{"href":"https:\/\/miningspareparts.com\/es\/wp-json\/wp\/v2\/product"}],"about":[{"href":"https:\/\/miningspareparts.com\/es\/wp-json\/wp\/v2\/types\/product"}],"wp:featuredmedia":[{"embeddable":true,"href":"https:\/\/miningspareparts.com\/es\/wp-json\/wp\/v2\/media\/11715"}],"wp:attachment":[{"href":"https:\/\/miningspareparts.com\/es\/wp-json\/wp\/v2\/media?parent=841"}],"wp:term":[{"taxonomy":"product_brand","embeddable":true,"href":"https:\/\/miningspareparts.com\/es\/wp-json\/wp\/v2\/product_brand?post=841"},{"taxonomy":"product_cat","embeddable":true,"href":"https:\/\/miningspareparts.com\/es\/wp-json\/wp\/v2\/product_cat?post=841"},{"taxonomy":"product_tag","embeddable":true,"href":"https:\/\/miningspareparts.com\/es\/wp-json\/wp\/v2\/product_tag?post=841"}],"curies":[{"name":"wp","href":"https:\/\/api.w.org\/{rel}","templated":true}]}}