{"id":871,"date":"2023-12-01T04:43:27","date_gmt":"2023-12-01T04:43:27","guid":{"rendered":"https:\/\/miningspareparts.com\/?post_type=product&#038;p=871"},"modified":"2024-07-26T07:30:55","modified_gmt":"2024-07-26T07:30:55","slug":"mp800-bowl-liner-sh-for-cone-crusher-1048315254","status":"publish","type":"product","link":"https:\/\/miningspareparts.com\/es\/producto\/mp800-bowl-liner-sh-for-cone-crusher-1048315254\/","title":{"rendered":"MP800 Revestimiento de taz\u00f3n SH para trituradora de cono 1048315254"},"content":{"rendered":"<p><strong>He aqu\u00ed la descripci\u00f3n de MP800 Bowl Liner<\/strong><\/p>\n<p style=\"font-weight: 400\">MINING conoce y cubre desde hace tiempo las trituradoras de cono Nordberg MP de los siguientes modelos<\/p>\n<p style=\"font-weight: 400\"><strong>Serie Nordberg MP:<\/strong>\u00a0MP800| MP1000|MP1250|MP2250<\/p>\n<p>&nbsp;<\/p>\n<p><strong>Revestimiento<\/strong>\u00a0con otro nombre\u00a0<strong>Anillo c\u00f3ncavo<\/strong>\u00a0Es una unidad fija alojada en el conjunto de la cuba. Es un revestimiento de sacrificio para exprimir la roca pasivamente por la rotaci\u00f3n.\u00a0<strong>conjunto del manto<\/strong><\/p>\n<p>Normalmente, el revestimiento del recipiente tiene opciones de diferentes cavidades de acuerdo con los requisitos del material, como (Extra Grueso), C (Grueso), M (Medio), F (Fino) y EF (Extra Fino).<\/p>\n<p class=\"p\">Cada tipo de trituradora de cono tiene un dise\u00f1o diferente de la cuba, algunas se fijan con cu\u00f1as c\u00f3nicas y otras con pernos en U, y en el mercado existen muchas copias con peque\u00f1os cambios. Casteel dispone de datos completos de todos los modelos populares de trituradoras de cono y nuestros ingenieros saben realmente c\u00f3mo seleccionar la camisa de cuba adecuada para su m\u00e1quina.<\/p>\n<p style=\"font-weight: 400\"><strong><u>Revestimientos de trituradoras de cono hidr\u00e1ulicas:<\/u><\/strong><\/p>\n<p style=\"font-weight: 400\">Art\u00edculos: C\u00f3ncavo, Manto, Anillo C\u00f3ncavo, Segmento C\u00f3ncavo, Revestimiento de Taz\u00f3n, Revestimiento de Cono, Protector de Brazo, Placa de Distribuci\u00f3n<\/p>\n<p style=\"font-weight: 400\">Material de fundici\u00f3n: Acero al manganeso austens\u00edtico (M14Cr2, Mn18Cr2, Mn22Cr2)<\/p>\n<p style=\"font-weight: 400\">M\u00e9todo de fundici\u00f3n: Colado en arena con vidrio al agua<\/p>\n<p style=\"font-weight: 400\">Material aplicable:Grava, granito, basalto, mineral, piedra caliza, arenisca, Quatz, adoquines<\/p>\n<p style=\"font-weight: 400\">Aplicaciones: Miner\u00eda , Canteras, Construcci\u00f3n ,Cemento y Materiales ,Reciclaje<\/p>\n<h5>Por qu\u00e9 elegirnos\uff1f<\/h5>\n<p>Como fabricante de renombre especializado en componentes para equipos de miner\u00eda, nos enorgullecemos de ofrecer Revestimientos de Taz\u00f3n MP800 de alta calidad adaptados para un rendimiento \u00f3ptimo en aplicaciones de trituraci\u00f3n. Nuestros revestimientos de taz\u00f3n MP800 est\u00e1n meticulosamente fabricados con ingenier\u00eda de precisi\u00f3n, lo que garantiza un ajuste perfecto para las trituradoras de cono MP800.<\/p>\n<p>Lo que distingue a nuestras camisas de cuba MP800 es su excepcional durabilidad y resistencia al desgaste. Dise\u00f1ados para soportar las rigurosas exigencias de las operaciones de trituraci\u00f3n, estos revestimientos contribuyen a prolongar la vida \u00fatil del equipo y a mejorar la eficiencia. La avanzada composici\u00f3n de nuestras camisas de cuba proporciona una protecci\u00f3n fiable contra la abrasi\u00f3n y los impactos, reduciendo el tiempo de inactividad por mantenimiento y aumentando la productividad global.<\/p>\n<p>Damos prioridad al control de calidad en todas las fases de fabricaci\u00f3n, cumpliendo estrictas normas para suministrar productos que cumplan o superen las expectativas de los clientes. La perfecta integraci\u00f3n de nuestras camisas de cuba MP800 garantiza un rendimiento de trituraci\u00f3n constante y fiable, lo que las convierte en una opci\u00f3n de confianza para diversas aplicaciones en la industria minera.<\/p>\n<p>Nuestro compromiso va m\u00e1s all\u00e1 de la excelencia del producto y se extiende a la satisfacci\u00f3n del cliente. Con entregas puntuales, asistencia integral y un enfoque centrado en el cliente, nos esforzamos por ofrecer una experiencia superior a nuestros clientes. Elija nuestros revestimientos de cuba MP800 para obtener una soluci\u00f3n de trituraci\u00f3n fiable y eficiente, respaldada por un fabricante dedicado a elevar el rendimiento en el sector minero.<\/p>","protected":false},"excerpt":{"rendered":"<p><strong>Nombres de los art\u00edculos: <\/strong>C\u00f3ncavo, Manto, Anillo C\u00f3ncavo, Segmento C\u00f3ncavo, Revestimiento de Taz\u00f3n, Revestimiento de Cono, Guardabrazos, Placa de Distribuci\u00f3n, Manto Inferior, Manto Superior<\/p>\n<p><strong>Modelo:<\/strong> MP800\u00a0 \u00a0 <strong>Pesos:<\/strong> 5212kg\u00a0 \u00a0 \u00a0 \u00a0<strong>C\u00f3digo del art\u00edculo:<\/strong> 1048315254<\/p>\n<p><strong>Material de fundici\u00f3n:<\/strong>\u00a0 M13Cr2, Mn18Cr2, Mn22Cr2<\/p>\n<p><strong>Material aplicable:<\/strong> Grava, Granito, Basalto, Mineral, Caliza, Arenisca, Quatz, Adoqu\u00edn<\/p>\n<p><strong>Aplicaciones:<\/strong> Miner\u00eda, canteras, construcci\u00f3n, cemento y materiales, reciclaje<\/p>","protected":false},"featured_media":0,"template":"","meta":{"_uag_custom_page_level_css":"","site-sidebar-layout":"default","site-content-layout":"","ast-site-content-layout":"default","site-content-style":"default","site-sidebar-style":"default","ast-global-header-display":"","ast-banner-title-visibility":"","ast-main-header-display":"","ast-hfb-above-header-display":"","ast-hfb-below-header-display":"","ast-hfb-mobile-header-display":"","site-post-title":"","ast-breadcrumbs-content":"","ast-featured-img":"","footer-sml-layout":"","ast-disable-related-posts":"","theme-transparent-header-meta":"default","adv-header-id-meta":"","stick-header-meta":"default","header-above-stick-meta":"","header-main-stick-meta":"","header-below-stick-meta":"","astra-migrate-meta-layouts":"set","ast-page-background-enabled":"default","ast-page-background-meta":{"desktop":{"background-color":"var(--ast-global-color-4)","background-image":"","background-repeat":"repeat","background-position":"center center","background-size":"auto","background-attachment":"scroll","background-type":"","background-media":"","overlay-type":"","overlay-color":"","overlay-opacity":"","overlay-gradient":""},"tablet":{"background-color":"","background-image":"","background-repeat":"repeat","background-position":"center center","background-size":"auto","background-attachment":"scroll","background-type":"","background-media":"","overlay-type":"","overlay-color":"","overlay-opacity":"","overlay-gradient":""},"mobile":{"background-color":"","background-image":"","background-repeat":"repeat","background-position":"center center","background-size":"auto","background-attachment":"scroll","background-type":"","background-media":"","overlay-type":"","overlay-color":"","overlay-opacity":"","overlay-gradient":""}},"ast-content-background-meta":{"desktop":{"background-color":"var(--ast-global-color-5)","background-image":"","background-repeat":"repeat","background-position":"center center","background-size":"auto","background-attachment":"scroll","background-type":"","background-media":"","overlay-type":"","overlay-color":"","overlay-opacity":"","overlay-gradient":""},"tablet":{"background-color":"var(--ast-global-color-5)","background-image":"","background-repeat":"repeat","background-position":"center center","background-size":"auto","background-attachment":"scroll","background-type":"","background-media":"","overlay-type":"","overlay-color":"","overlay-opacity":"","overlay-gradient":""},"mobile":{"background-color":"var(--ast-global-color-5)","background-image":"","background-repeat":"repeat","background-position":"center center","background-size":"auto","background-attachment":"scroll","background-type":"","background-media":"","overlay-type":"","overlay-color":"","overlay-opacity":"","overlay-gradient":""}}},"product_brand":[],"product_cat":[37,36,251,114],"product_tag":[],"class_list":{"0":"post-871","1":"product","2":"type-product","3":"status-publish","5":"product_cat-bowl-liner","6":"product_cat-cone-liner","7":"product_cat-mantle","8":"product_cat-mesto","9":"desktop-align-left","10":"tablet-align-left","11":"mobile-align-left","12":"ast-product-gallery-layout-horizontal-slider","13":"ast-product-gallery-with-no-image","14":"ast-product-single-variable","15":"ast-product-tabs-layout-horizontal","17":"first","18":"instock","19":"shipping-taxable","20":"purchasable","21":"product-type-variable"},"yoast_head":"<!-- This site is optimized with the Yoast SEO plugin v27.4 - https:\/\/yoast.com\/product\/yoast-seo-wordpress\/ -->\n<title>MP800 Bowl liner SH For Cone Crusher 1048315254 - Crusher parts, Slurry Pump Parts, Excavator shovel parts<\/title>\n<meta name=\"description\" content=\"MP800 Bowl liner SH 1048315254:,An Mn18cr2 composition ensures an original replacement for superior performance in quarry crushing applications.\" \/>\n<meta name=\"robots\" content=\"index, follow, max-snippet:-1, max-image-preview:large, max-video-preview:-1\" \/>\n<link rel=\"canonical\" href=\"https:\/\/miningspareparts.com\/es\/producto\/mp800-bowl-liner-sh-for-cone-crusher-1048315254\/\" \/>\n<meta property=\"og:locale\" content=\"es_MX\" \/>\n<meta property=\"og:type\" content=\"article\" \/>\n<meta property=\"og:title\" content=\"MP800 Bowl liner SH For Cone Crusher 1048315254 - Crusher parts, Slurry Pump Parts, Excavator shovel parts\" \/>\n<meta property=\"og:description\" content=\"MP800 Bowl liner SH 1048315254:,An Mn18cr2 composition ensures an original replacement for superior performance in quarry crushing applications.\" \/>\n<meta property=\"og:url\" content=\"https:\/\/miningspareparts.com\/es\/producto\/mp800-bowl-liner-sh-for-cone-crusher-1048315254\/\" \/>\n<meta property=\"og:site_name\" content=\"Crusher parts, Slurry Pump Parts, Excavator shovel parts\" \/>\n<meta property=\"article:modified_time\" content=\"2024-07-26T07:30:55+00:00\" \/>\n<meta name=\"twitter:card\" content=\"summary_large_image\" \/>\n<meta name=\"twitter:label1\" content=\"Tiempo de lectura\" \/>\n\t<meta name=\"twitter:data1\" content=\"3 minutos\" \/>\n<script type=\"application\/ld+json\" class=\"yoast-schema-graph\">{\"@context\":\"https:\\\/\\\/schema.org\",\"@graph\":[{\"@type\":\"WebPage\",\"@id\":\"https:\\\/\\\/miningspareparts.com\\\/product\\\/mp800-bowl-liner-sh-for-cone-crusher-1048315254\\\/\",\"url\":\"https:\\\/\\\/miningspareparts.com\\\/product\\\/mp800-bowl-liner-sh-for-cone-crusher-1048315254\\\/\",\"name\":\"MP800 Bowl liner SH For Cone Crusher 1048315254 - Crusher parts, Slurry Pump Parts, Excavator shovel parts\",\"isPartOf\":{\"@id\":\"https:\\\/\\\/miningspareparts.com\\\/#website\"},\"datePublished\":\"2023-12-01T04:43:27+00:00\",\"dateModified\":\"2024-07-26T07:30:55+00:00\",\"description\":\"MP800 Bowl liner SH 1048315254:,An Mn18cr2 composition ensures an original replacement for superior performance in quarry crushing applications.\",\"breadcrumb\":{\"@id\":\"https:\\\/\\\/miningspareparts.com\\\/product\\\/mp800-bowl-liner-sh-for-cone-crusher-1048315254\\\/#breadcrumb\"},\"inLanguage\":\"es\",\"potentialAction\":[{\"@type\":\"ReadAction\",\"target\":[\"https:\\\/\\\/miningspareparts.com\\\/product\\\/mp800-bowl-liner-sh-for-cone-crusher-1048315254\\\/\"]}]},{\"@type\":\"BreadcrumbList\",\"@id\":\"https:\\\/\\\/miningspareparts.com\\\/product\\\/mp800-bowl-liner-sh-for-cone-crusher-1048315254\\\/#breadcrumb\",\"itemListElement\":[{\"@type\":\"ListItem\",\"position\":1,\"name\":\"Home\",\"item\":\"https:\\\/\\\/miningspareparts.com\\\/\"},{\"@type\":\"ListItem\",\"position\":2,\"name\":\"Premium Mining Wear And Spare Parts\",\"item\":\"https:\\\/\\\/miningspareparts.com\\\/shop\\\/\"},{\"@type\":\"ListItem\",\"position\":3,\"name\":\"MP800 Bowl liner SH For Cone Crusher 1048315254\"}]},{\"@type\":\"WebSite\",\"@id\":\"https:\\\/\\\/miningspareparts.com\\\/#website\",\"url\":\"https:\\\/\\\/miningspareparts.com\\\/\",\"name\":\"Crusher parts , Concrete Mixer Parts, Slurry Pump Parts, Mining Spares\",\"description\":\"Mining Wear &amp; Spare Parts Supplier\",\"publisher\":{\"@id\":\"https:\\\/\\\/miningspareparts.com\\\/#organization\"},\"potentialAction\":[{\"@type\":\"SearchAction\",\"target\":{\"@type\":\"EntryPoint\",\"urlTemplate\":\"https:\\\/\\\/miningspareparts.com\\\/?s={search_term_string}\"},\"query-input\":{\"@type\":\"PropertyValueSpecification\",\"valueRequired\":true,\"valueName\":\"search_term_string\"}}],\"inLanguage\":\"es\"},{\"@type\":\"Organization\",\"@id\":\"https:\\\/\\\/miningspareparts.com\\\/#organization\",\"name\":\"Crusher parts , Concrete Mixer Parts, Slurry Pump Parts, Mining Spares\",\"url\":\"https:\\\/\\\/miningspareparts.com\\\/\",\"logo\":{\"@type\":\"ImageObject\",\"inLanguage\":\"es\",\"@id\":\"https:\\\/\\\/miningspareparts.com\\\/#\\\/schema\\\/logo\\\/image\\\/\",\"url\":\"https:\\\/\\\/miningspareparts.com\\\/wp-content\\\/uploads\\\/2025\\\/04\\\/cropped-cropped-logo\u6b63\u65b9\u5f62.png\",\"contentUrl\":\"https:\\\/\\\/miningspareparts.com\\\/wp-content\\\/uploads\\\/2025\\\/04\\\/cropped-cropped-logo\u6b63\u65b9\u5f62.png\",\"width\":511,\"height\":171,\"caption\":\"Crusher parts , Concrete Mixer Parts, Slurry Pump Parts, Mining Spares\"},\"image\":{\"@id\":\"https:\\\/\\\/miningspareparts.com\\\/#\\\/schema\\\/logo\\\/image\\\/\"}}]}<\/script>\n<!-- \/ Yoast SEO plugin. -->","yoast_head_json":{"title":"MP800 Bowl liner SH For Cone Crusher 1048315254 - Crusher parts, Slurry Pump Parts, Excavator shovel parts","description":"MP800 Bowl liner SH 1048315254:,An Mn18cr2 composition ensures an original replacement for superior performance in quarry crushing applications.","robots":{"index":"index","follow":"follow","max-snippet":"max-snippet:-1","max-image-preview":"max-image-preview:large","max-video-preview":"max-video-preview:-1"},"canonical":"https:\/\/miningspareparts.com\/es\/producto\/mp800-bowl-liner-sh-for-cone-crusher-1048315254\/","og_locale":"es_MX","og_type":"article","og_title":"MP800 Bowl liner SH For Cone Crusher 1048315254 - Crusher parts, Slurry Pump Parts, Excavator shovel parts","og_description":"MP800 Bowl liner SH 1048315254:,An Mn18cr2 composition ensures an original replacement for superior performance in quarry crushing applications.","og_url":"https:\/\/miningspareparts.com\/es\/producto\/mp800-bowl-liner-sh-for-cone-crusher-1048315254\/","og_site_name":"Crusher parts, Slurry Pump Parts, Excavator shovel parts","article_modified_time":"2024-07-26T07:30:55+00:00","twitter_card":"summary_large_image","twitter_misc":{"Tiempo de lectura":"3 minutos"},"schema":{"@context":"https:\/\/schema.org","@graph":[{"@type":"WebPage","@id":"https:\/\/miningspareparts.com\/product\/mp800-bowl-liner-sh-for-cone-crusher-1048315254\/","url":"https:\/\/miningspareparts.com\/product\/mp800-bowl-liner-sh-for-cone-crusher-1048315254\/","name":"MP800 Bowl liner SH For Cone Crusher 1048315254 - Crusher parts, Slurry Pump Parts, Excavator shovel parts","isPartOf":{"@id":"https:\/\/miningspareparts.com\/#website"},"datePublished":"2023-12-01T04:43:27+00:00","dateModified":"2024-07-26T07:30:55+00:00","description":"MP800 Bowl liner SH 1048315254:,An Mn18cr2 composition ensures an original replacement for superior performance in quarry crushing applications.","breadcrumb":{"@id":"https:\/\/miningspareparts.com\/product\/mp800-bowl-liner-sh-for-cone-crusher-1048315254\/#breadcrumb"},"inLanguage":"es","potentialAction":[{"@type":"ReadAction","target":["https:\/\/miningspareparts.com\/product\/mp800-bowl-liner-sh-for-cone-crusher-1048315254\/"]}]},{"@type":"BreadcrumbList","@id":"https:\/\/miningspareparts.com\/product\/mp800-bowl-liner-sh-for-cone-crusher-1048315254\/#breadcrumb","itemListElement":[{"@type":"ListItem","position":1,"name":"Home","item":"https:\/\/miningspareparts.com\/"},{"@type":"ListItem","position":2,"name":"Premium Mining Wear And Spare Parts","item":"https:\/\/miningspareparts.com\/shop\/"},{"@type":"ListItem","position":3,"name":"MP800 Bowl liner SH For Cone Crusher 1048315254"}]},{"@type":"WebSite","@id":"https:\/\/miningspareparts.com\/#website","url":"https:\/\/miningspareparts.com\/","name":"Crusher parts , Concrete Mixer Parts, Slurry Pump Parts, Mining Spares","description":"Mining Wear &amp; Spare Parts Supplier","publisher":{"@id":"https:\/\/miningspareparts.com\/#organization"},"potentialAction":[{"@type":"SearchAction","target":{"@type":"EntryPoint","urlTemplate":"https:\/\/miningspareparts.com\/?s={search_term_string}"},"query-input":{"@type":"PropertyValueSpecification","valueRequired":true,"valueName":"search_term_string"}}],"inLanguage":"es"},{"@type":"Organization","@id":"https:\/\/miningspareparts.com\/#organization","name":"Crusher parts , Concrete Mixer Parts, Slurry Pump Parts, Mining Spares","url":"https:\/\/miningspareparts.com\/","logo":{"@type":"ImageObject","inLanguage":"es","@id":"https:\/\/miningspareparts.com\/#\/schema\/logo\/image\/","url":"https:\/\/miningspareparts.com\/wp-content\/uploads\/2025\/04\/cropped-cropped-logo\u6b63\u65b9\u5f62.png","contentUrl":"https:\/\/miningspareparts.com\/wp-content\/uploads\/2025\/04\/cropped-cropped-logo\u6b63\u65b9\u5f62.png","width":511,"height":171,"caption":"Crusher parts , Concrete Mixer Parts, Slurry Pump Parts, Mining Spares"},"image":{"@id":"https:\/\/miningspareparts.com\/#\/schema\/logo\/image\/"}}]}},"uagb_featured_image_src":{"full":false,"thumbnail":false,"medium":false,"medium_large":false,"large":false,"1536x1536":false,"2048x2048":false,"trp-custom-language-flag":false,"woocommerce_thumbnail":false,"woocommerce_single":false,"woocommerce_gallery_thumbnail":false},"uagb_author_info":{"display_name":"Miningspareparts","author_link":"https:\/\/miningspareparts.com\/es\/author\/"},"uagb_comment_info":0,"uagb_excerpt":"Item Names: Concave, Mantle, Concave Ring, Concave Segment , Bowl Liner,Cone Liner,Arm Guard, Distribution Plate, Lower Mantle,Upper Mantle Model: MP800\u00a0 \u00a0 Weights: 5212kg\u00a0 \u00a0 \u00a0 \u00a0Item code: 1048315254 Casting Material:\u00a0 M13Cr2,\u00a0 Mn18Cr2,\u00a0 Mn22Cr2 Applicable Material: Gravel, Granite, Basalt, Ore, Limestone, Sandstone ,Quatz,Cobblestone Applications: Mining , Quarry, Construction ,Cement and Materials ,Recycling","_links":{"self":[{"href":"https:\/\/miningspareparts.com\/es\/wp-json\/wp\/v2\/product\/871","targetHints":{"allow":["GET"]}}],"collection":[{"href":"https:\/\/miningspareparts.com\/es\/wp-json\/wp\/v2\/product"}],"about":[{"href":"https:\/\/miningspareparts.com\/es\/wp-json\/wp\/v2\/types\/product"}],"wp:attachment":[{"href":"https:\/\/miningspareparts.com\/es\/wp-json\/wp\/v2\/media?parent=871"}],"wp:term":[{"taxonomy":"product_brand","embeddable":true,"href":"https:\/\/miningspareparts.com\/es\/wp-json\/wp\/v2\/product_brand?post=871"},{"taxonomy":"product_cat","embeddable":true,"href":"https:\/\/miningspareparts.com\/es\/wp-json\/wp\/v2\/product_cat?post=871"},{"taxonomy":"product_tag","embeddable":true,"href":"https:\/\/miningspareparts.com\/es\/wp-json\/wp\/v2\/product_tag?post=871"}],"curies":[{"name":"wp","href":"https:\/\/api.w.org\/{rel}","templated":true}]}}