{"id":1002,"date":"2023-12-07T09:11:45","date_gmt":"2023-12-07T09:11:45","guid":{"rendered":"https:\/\/miningspareparts.com\/?post_type=product&#038;p=1002"},"modified":"2025-11-03T00:42:45","modified_gmt":"2025-11-03T00:42:45","slug":"liming-hpc220-bowl-liner","status":"publish","type":"product","link":"https:\/\/miningspareparts.com\/fr\/produit\/liming-hpc220-bowl-liner\/","title":{"rendered":"Rev\u00eatement du bol du concasseur \u00e0 c\u00f4ne Liming HPC220"},"content":{"rendered":"<p><strong>Voici une description du rev\u00eatement de cuvette Liming HPC220<\/strong><\/p>\n<p style=\"font-weight: 400;\">MINING a une longue compr\u00e9hension et une couverture de Henan Liming Keid Vipeak Vanguard Les concasseurs \u00e0 c\u00f4ne correspondent aux mod\u00e8les suivants<\/p>\n<p style=\"font-weight: 400;\"><strong>Henan Liming Vipeak CS Series :<\/strong>\u00a0CS75B|CS75D|CS160B|CS160D|CS240B|CS240D|CS400B|CS400D<\/p>\n<p style=\"font-weight: 400;\"><strong>Shanghai SBM Zenith S\u00e9rie HPT\/HPC<\/strong>: HPT100|HPT200|HPT300|HPT400|HPT500|HPT800|HPC220|HPC400<\/p>\n<p style=\"font-weight: 400;\"><strong>S\u00e9rie Liming Shibang Kefid HST :\u00a0<\/strong>HST100|HST160|HST250|HST315|HST560|HST750<\/p>\n<h5>Pourquoi nous choisir\uff1f<\/h5>\n<p>En tant que fabricant leader sp\u00e9cialis\u00e9 dans l'\u00e9quipement minier, nous sommes fiers de pr\u00e9senter notre rev\u00eatement de bol Liming HPC220, une solution innovante con\u00e7ue pour optimiser les performances de votre concasseur \u00e0 c\u00f4ne. Con\u00e7ue pour s'adapter avec pr\u00e9cision aux concasseurs \u00e0 c\u00f4ne Liming HPC220, notre doublure de bol se distingue par sa qualit\u00e9 exceptionnelle et ses caract\u00e9ristiques de pointe.<\/p>\n<p>Le rev\u00eatement de cuvette HPC220 est con\u00e7u dans un souci de durabilit\u00e9 et de r\u00e9sistance \u00e0 l'usure, assurant une protection solide contre l'abrasion et les chocs dans les applications de concassage exigeantes. La composition avanc\u00e9e du mat\u00e9riau du rev\u00eatement am\u00e9liore la r\u00e9sistance \u00e0 l'usure, minimisant le besoin de remplacements fr\u00e9quents et augmentant la dur\u00e9e de vie de l'\u00e9quipement. Cela se traduit par une efficacit\u00e9 op\u00e9rationnelle accrue et une r\u00e9duction des temps d'arr\u00eat pour vos op\u00e9rations de concassage.<\/p>\n<p>Notre rev\u00eatement de cuvette se distingue non seulement par la qualit\u00e9 sup\u00e9rieure de ses mat\u00e9riaux, mais aussi par notre engagement en faveur d'une fabrication pr\u00e9cise. Nous adh\u00e9rons \u00e0 des normes rigoureuses de contr\u00f4le de la qualit\u00e9 afin de fournir des produits qui respectent et d\u00e9passent les normes de l'industrie. L'ajustement parfait du rev\u00eatement de bol HPC220 est un t\u00e9moignage de notre d\u00e9vouement \u00e0 l'ing\u00e9nierie de pr\u00e9cision, garantissant l'uniformit\u00e9 et la fiabilit\u00e9 des op\u00e9rations de concassage.<\/p>\n<p>Outre l'excellence de nos produits, nous accordons la priorit\u00e9 \u00e0 la satisfaction de nos clients. Des livraisons dans les d\u00e9lais, un support client complet et une approche centr\u00e9e sur le client soulignent notre engagement pour votre succ\u00e8s. Choisissez notre rev\u00eatement de bol HPC220 pour une solution de concassage sup\u00e9rieure, soutenue par un fabricant d\u00e9vou\u00e9 \u00e0 l'am\u00e9lioration des performances et de la fiabilit\u00e9 dans l'industrie mini\u00e8re.<\/p>","protected":false},"excerpt":{"rendered":"<p>Voici une description du Liming HPC220 Bowl Liner MINING a une longue compr\u00e9hension et couverture des concasseurs \u00e0 c\u00f4ne Henan Liming Keid Vipeak Vanguard correspondant aux mod\u00e8les suivants Henan Liming Vipeak CS Series : CS75B|CS75D|CS160B|CS160D|CS240B|CS240D|CS400B|CS400D Shanghai SBM Zenith S\u00e9rie HPT\/HPC : HPT100|HPT200|HPT300|HPT400|HPT500|HPT800|HPC220|HPC400 Liming Shibang Kefid S\u00e9rie HST : HST100|HST160|HST250|HST315|HST560|HST750 Pourquoi nous choisir\uff1f En tant que fabricant leader sp\u00e9cialis\u00e9 dans les \u00e9quipements miniers, nous [...]<\/p>","protected":false},"featured_media":11167,"template":"","meta":{"_uag_custom_page_level_css":"","site-sidebar-layout":"default","site-content-layout":"","ast-site-content-layout":"default","site-content-style":"default","site-sidebar-style":"default","ast-global-header-display":"","ast-banner-title-visibility":"","ast-main-header-display":"","ast-hfb-above-header-display":"","ast-hfb-below-header-display":"","ast-hfb-mobile-header-display":"","site-post-title":"","ast-breadcrumbs-content":"","ast-featured-img":"","footer-sml-layout":"","ast-disable-related-posts":"","theme-transparent-header-meta":"default","adv-header-id-meta":"","stick-header-meta":"default","header-above-stick-meta":"","header-main-stick-meta":"","header-below-stick-meta":"","astra-migrate-meta-layouts":"set","ast-page-background-enabled":"default","ast-page-background-meta":{"desktop":{"background-color":"var(--ast-global-color-4)","background-image":"","background-repeat":"repeat","background-position":"center center","background-size":"auto","background-attachment":"scroll","background-type":"","background-media":"","overlay-type":"","overlay-color":"","overlay-opacity":"","overlay-gradient":""},"tablet":{"background-color":"","background-image":"","background-repeat":"repeat","background-position":"center center","background-size":"auto","background-attachment":"scroll","background-type":"","background-media":"","overlay-type":"","overlay-color":"","overlay-opacity":"","overlay-gradient":""},"mobile":{"background-color":"","background-image":"","background-repeat":"repeat","background-position":"center center","background-size":"auto","background-attachment":"scroll","background-type":"","background-media":"","overlay-type":"","overlay-color":"","overlay-opacity":"","overlay-gradient":""}},"ast-content-background-meta":{"desktop":{"background-color":"var(--ast-global-color-5)","background-image":"","background-repeat":"repeat","background-position":"center center","background-size":"auto","background-attachment":"scroll","background-type":"","background-media":"","overlay-type":"","overlay-color":"","overlay-opacity":"","overlay-gradient":""},"tablet":{"background-color":"var(--ast-global-color-5)","background-image":"","background-repeat":"repeat","background-position":"center center","background-size":"auto","background-attachment":"scroll","background-type":"","background-media":"","overlay-type":"","overlay-color":"","overlay-opacity":"","overlay-gradient":""},"mobile":{"background-color":"var(--ast-global-color-5)","background-image":"","background-repeat":"repeat","background-position":"center center","background-size":"auto","background-attachment":"scroll","background-type":"","background-media":"","overlay-type":"","overlay-color":"","overlay-opacity":"","overlay-gradient":""}}},"product_brand":[],"product_cat":[36,114],"product_tag":[187,188],"class_list":{"0":"post-1002","1":"product","2":"type-product","3":"status-publish","4":"has-post-thumbnail","6":"product_cat-cone-liner","7":"product_cat-mesto","8":"product_tag-cone-liner","9":"product_tag-crusher","10":"desktop-align-left","11":"tablet-align-left","12":"mobile-align-left","13":"ast-product-gallery-layout-horizontal-slider","14":"ast-product-gallery-with-no-image","15":"ast-product-single-variable","16":"ast-product-tabs-layout-horizontal","18":"first","19":"instock","20":"shipping-taxable","21":"purchasable","22":"product-type-variable"},"yoast_head":"<!-- This site is optimized with the Yoast SEO plugin v27.4 - https:\/\/yoast.com\/product\/yoast-seo-wordpress\/ -->\n<title>Liming HPC220 Bowl Liner Cone Crusher - Crusher parts, Slurry Pump Parts, Excavator shovel parts<\/title>\n<meta name=\"description\" content=\"Liming HPC220 Bowl Liner, an original replacement made with Mn18cr2, ensures the best price and fast delivery for optimal performance.\" \/>\n<meta name=\"robots\" content=\"index, follow, max-snippet:-1, max-image-preview:large, max-video-preview:-1\" \/>\n<link rel=\"canonical\" href=\"https:\/\/miningspareparts.com\/fr\/produit\/liming-hpc220-bowl-liner\/\" \/>\n<meta property=\"og:locale\" content=\"fr_FR\" \/>\n<meta property=\"og:type\" content=\"article\" \/>\n<meta property=\"og:title\" content=\"Liming HPC220 Bowl Liner Cone Crusher - Crusher parts, Slurry Pump Parts, Excavator shovel parts\" \/>\n<meta property=\"og:description\" content=\"Liming HPC220 Bowl Liner, an original replacement made with Mn18cr2, ensures the best price and fast delivery for optimal performance.\" \/>\n<meta property=\"og:url\" content=\"https:\/\/miningspareparts.com\/fr\/produit\/liming-hpc220-bowl-liner\/\" \/>\n<meta property=\"og:site_name\" content=\"Crusher parts, Slurry Pump Parts, Excavator shovel parts\" \/>\n<meta property=\"article:modified_time\" content=\"2025-11-03T00:42:45+00:00\" \/>\n<meta property=\"og:image\" content=\"https:\/\/miningspareparts.com\/wp-content\/uploads\/2023\/12\/87678678.webp\" \/>\n\t<meta property=\"og:image:width\" content=\"800\" \/>\n\t<meta property=\"og:image:height\" content=\"800\" \/>\n\t<meta property=\"og:image:type\" content=\"image\/webp\" \/>\n<meta name=\"twitter:card\" content=\"summary_large_image\" \/>\n<meta name=\"twitter:label1\" content=\"Dur\u00e9e de lecture estim\u00e9e\" \/>\n\t<meta name=\"twitter:data1\" content=\"2 minutes\" \/>\n<script type=\"application\/ld+json\" class=\"yoast-schema-graph\">{\"@context\":\"https:\\\/\\\/schema.org\",\"@graph\":[{\"@type\":\"WebPage\",\"@id\":\"https:\\\/\\\/miningspareparts.com\\\/product\\\/liming-hpc220-bowl-liner\\\/\",\"url\":\"https:\\\/\\\/miningspareparts.com\\\/product\\\/liming-hpc220-bowl-liner\\\/\",\"name\":\"Liming HPC220 Bowl Liner Cone Crusher - Crusher parts, Slurry Pump Parts, Excavator shovel parts\",\"isPartOf\":{\"@id\":\"https:\\\/\\\/miningspareparts.com\\\/#website\"},\"primaryImageOfPage\":{\"@id\":\"https:\\\/\\\/miningspareparts.com\\\/product\\\/liming-hpc220-bowl-liner\\\/#primaryimage\"},\"image\":{\"@id\":\"https:\\\/\\\/miningspareparts.com\\\/product\\\/liming-hpc220-bowl-liner\\\/#primaryimage\"},\"thumbnailUrl\":\"https:\\\/\\\/miningspareparts.com\\\/wp-content\\\/uploads\\\/2023\\\/12\\\/87678678.webp\",\"datePublished\":\"2023-12-07T09:11:45+00:00\",\"dateModified\":\"2025-11-03T00:42:45+00:00\",\"description\":\"Liming HPC220 Bowl Liner, an original replacement made with Mn18cr2, ensures the best price and fast delivery for optimal performance.\",\"breadcrumb\":{\"@id\":\"https:\\\/\\\/miningspareparts.com\\\/product\\\/liming-hpc220-bowl-liner\\\/#breadcrumb\"},\"inLanguage\":\"fr-FR\",\"potentialAction\":[{\"@type\":\"ReadAction\",\"target\":[\"https:\\\/\\\/miningspareparts.com\\\/product\\\/liming-hpc220-bowl-liner\\\/\"]}]},{\"@type\":\"ImageObject\",\"inLanguage\":\"fr-FR\",\"@id\":\"https:\\\/\\\/miningspareparts.com\\\/product\\\/liming-hpc220-bowl-liner\\\/#primaryimage\",\"url\":\"https:\\\/\\\/miningspareparts.com\\\/wp-content\\\/uploads\\\/2023\\\/12\\\/87678678.webp\",\"contentUrl\":\"https:\\\/\\\/miningspareparts.com\\\/wp-content\\\/uploads\\\/2023\\\/12\\\/87678678.webp\",\"width\":800,\"height\":800,\"caption\":\"Liming HPC220 Cone Crusher Bowl Liner\"},{\"@type\":\"BreadcrumbList\",\"@id\":\"https:\\\/\\\/miningspareparts.com\\\/product\\\/liming-hpc220-bowl-liner\\\/#breadcrumb\",\"itemListElement\":[{\"@type\":\"ListItem\",\"position\":1,\"name\":\"Home\",\"item\":\"https:\\\/\\\/miningspareparts.com\\\/\"},{\"@type\":\"ListItem\",\"position\":2,\"name\":\"Premium Mining Wear And Spare Parts\",\"item\":\"https:\\\/\\\/miningspareparts.com\\\/shop\\\/\"},{\"@type\":\"ListItem\",\"position\":3,\"name\":\"Liming HPC220 Cone Crusher Bowl Liner\"}]},{\"@type\":\"WebSite\",\"@id\":\"https:\\\/\\\/miningspareparts.com\\\/#website\",\"url\":\"https:\\\/\\\/miningspareparts.com\\\/\",\"name\":\"Crusher parts , Concrete Mixer Parts, Slurry Pump Parts, Mining Spares\",\"description\":\"Mining Wear &amp; Spare Parts Supplier\",\"publisher\":{\"@id\":\"https:\\\/\\\/miningspareparts.com\\\/#organization\"},\"potentialAction\":[{\"@type\":\"SearchAction\",\"target\":{\"@type\":\"EntryPoint\",\"urlTemplate\":\"https:\\\/\\\/miningspareparts.com\\\/?s={search_term_string}\"},\"query-input\":{\"@type\":\"PropertyValueSpecification\",\"valueRequired\":true,\"valueName\":\"search_term_string\"}}],\"inLanguage\":\"fr-FR\"},{\"@type\":\"Organization\",\"@id\":\"https:\\\/\\\/miningspareparts.com\\\/#organization\",\"name\":\"Crusher parts , Concrete Mixer Parts, Slurry Pump Parts, Mining Spares\",\"url\":\"https:\\\/\\\/miningspareparts.com\\\/\",\"logo\":{\"@type\":\"ImageObject\",\"inLanguage\":\"fr-FR\",\"@id\":\"https:\\\/\\\/miningspareparts.com\\\/#\\\/schema\\\/logo\\\/image\\\/\",\"url\":\"https:\\\/\\\/miningspareparts.com\\\/wp-content\\\/uploads\\\/2025\\\/04\\\/cropped-cropped-logo\u6b63\u65b9\u5f62.png\",\"contentUrl\":\"https:\\\/\\\/miningspareparts.com\\\/wp-content\\\/uploads\\\/2025\\\/04\\\/cropped-cropped-logo\u6b63\u65b9\u5f62.png\",\"width\":511,\"height\":171,\"caption\":\"Crusher parts , Concrete Mixer Parts, Slurry Pump Parts, Mining Spares\"},\"image\":{\"@id\":\"https:\\\/\\\/miningspareparts.com\\\/#\\\/schema\\\/logo\\\/image\\\/\"}}]}<\/script>\n<!-- \/ Yoast SEO plugin. -->","yoast_head_json":{"title":"Liming HPC220 Bowl Liner Cone Crusher - Crusher parts, Slurry Pump Parts, Excavator shovel parts","description":"Liming HPC220 Bowl Liner, an original replacement made with Mn18cr2, ensures the best price and fast delivery for optimal performance.","robots":{"index":"index","follow":"follow","max-snippet":"max-snippet:-1","max-image-preview":"max-image-preview:large","max-video-preview":"max-video-preview:-1"},"canonical":"https:\/\/miningspareparts.com\/fr\/produit\/liming-hpc220-bowl-liner\/","og_locale":"fr_FR","og_type":"article","og_title":"Liming HPC220 Bowl Liner Cone Crusher - Crusher parts, Slurry Pump Parts, Excavator shovel parts","og_description":"Liming HPC220 Bowl Liner, an original replacement made with Mn18cr2, ensures the best price and fast delivery for optimal performance.","og_url":"https:\/\/miningspareparts.com\/fr\/produit\/liming-hpc220-bowl-liner\/","og_site_name":"Crusher parts, Slurry Pump Parts, Excavator shovel parts","article_modified_time":"2025-11-03T00:42:45+00:00","og_image":[{"width":800,"height":800,"url":"https:\/\/miningspareparts.com\/wp-content\/uploads\/2023\/12\/87678678.webp","type":"image\/webp"}],"twitter_card":"summary_large_image","twitter_misc":{"Dur\u00e9e de lecture estim\u00e9e":"2 minutes"},"schema":{"@context":"https:\/\/schema.org","@graph":[{"@type":"WebPage","@id":"https:\/\/miningspareparts.com\/product\/liming-hpc220-bowl-liner\/","url":"https:\/\/miningspareparts.com\/product\/liming-hpc220-bowl-liner\/","name":"Liming HPC220 Bowl Liner Cone Crusher - Crusher parts, Slurry Pump Parts, Excavator shovel parts","isPartOf":{"@id":"https:\/\/miningspareparts.com\/#website"},"primaryImageOfPage":{"@id":"https:\/\/miningspareparts.com\/product\/liming-hpc220-bowl-liner\/#primaryimage"},"image":{"@id":"https:\/\/miningspareparts.com\/product\/liming-hpc220-bowl-liner\/#primaryimage"},"thumbnailUrl":"https:\/\/miningspareparts.com\/wp-content\/uploads\/2023\/12\/87678678.webp","datePublished":"2023-12-07T09:11:45+00:00","dateModified":"2025-11-03T00:42:45+00:00","description":"Liming HPC220 Bowl Liner, an original replacement made with Mn18cr2, ensures the best price and fast delivery for optimal performance.","breadcrumb":{"@id":"https:\/\/miningspareparts.com\/product\/liming-hpc220-bowl-liner\/#breadcrumb"},"inLanguage":"fr-FR","potentialAction":[{"@type":"ReadAction","target":["https:\/\/miningspareparts.com\/product\/liming-hpc220-bowl-liner\/"]}]},{"@type":"ImageObject","inLanguage":"fr-FR","@id":"https:\/\/miningspareparts.com\/product\/liming-hpc220-bowl-liner\/#primaryimage","url":"https:\/\/miningspareparts.com\/wp-content\/uploads\/2023\/12\/87678678.webp","contentUrl":"https:\/\/miningspareparts.com\/wp-content\/uploads\/2023\/12\/87678678.webp","width":800,"height":800,"caption":"Liming HPC220 Cone Crusher Bowl Liner"},{"@type":"BreadcrumbList","@id":"https:\/\/miningspareparts.com\/product\/liming-hpc220-bowl-liner\/#breadcrumb","itemListElement":[{"@type":"ListItem","position":1,"name":"Home","item":"https:\/\/miningspareparts.com\/"},{"@type":"ListItem","position":2,"name":"Premium Mining Wear And Spare Parts","item":"https:\/\/miningspareparts.com\/shop\/"},{"@type":"ListItem","position":3,"name":"Liming HPC220 Cone Crusher Bowl Liner"}]},{"@type":"WebSite","@id":"https:\/\/miningspareparts.com\/#website","url":"https:\/\/miningspareparts.com\/","name":"Crusher parts , Concrete Mixer Parts, Slurry Pump Parts, Mining Spares","description":"Mining Wear &amp; Spare Parts Supplier","publisher":{"@id":"https:\/\/miningspareparts.com\/#organization"},"potentialAction":[{"@type":"SearchAction","target":{"@type":"EntryPoint","urlTemplate":"https:\/\/miningspareparts.com\/?s={search_term_string}"},"query-input":{"@type":"PropertyValueSpecification","valueRequired":true,"valueName":"search_term_string"}}],"inLanguage":"fr-FR"},{"@type":"Organization","@id":"https:\/\/miningspareparts.com\/#organization","name":"Crusher parts , Concrete Mixer Parts, Slurry Pump Parts, Mining Spares","url":"https:\/\/miningspareparts.com\/","logo":{"@type":"ImageObject","inLanguage":"fr-FR","@id":"https:\/\/miningspareparts.com\/#\/schema\/logo\/image\/","url":"https:\/\/miningspareparts.com\/wp-content\/uploads\/2025\/04\/cropped-cropped-logo\u6b63\u65b9\u5f62.png","contentUrl":"https:\/\/miningspareparts.com\/wp-content\/uploads\/2025\/04\/cropped-cropped-logo\u6b63\u65b9\u5f62.png","width":511,"height":171,"caption":"Crusher parts , Concrete Mixer Parts, Slurry Pump Parts, Mining Spares"},"image":{"@id":"https:\/\/miningspareparts.com\/#\/schema\/logo\/image\/"}}]}},"uagb_featured_image_src":{"full":["https:\/\/miningspareparts.com\/wp-content\/uploads\/2023\/12\/87678678.webp",800,800,false],"thumbnail":["https:\/\/miningspareparts.com\/wp-content\/uploads\/2023\/12\/87678678-150x150.webp",150,150,true],"medium":["https:\/\/miningspareparts.com\/wp-content\/uploads\/2023\/12\/87678678-300x300.webp",300,300,true],"medium_large":["https:\/\/miningspareparts.com\/wp-content\/uploads\/2023\/12\/87678678-768x768.webp",768,768,true],"large":["https:\/\/miningspareparts.com\/wp-content\/uploads\/2023\/12\/87678678.webp",800,800,false],"1536x1536":["https:\/\/miningspareparts.com\/wp-content\/uploads\/2023\/12\/87678678.webp",800,800,false],"2048x2048":["https:\/\/miningspareparts.com\/wp-content\/uploads\/2023\/12\/87678678.webp",800,800,false],"trp-custom-language-flag":["https:\/\/miningspareparts.com\/wp-content\/uploads\/2023\/12\/87678678-12x12.webp",12,12,true],"woocommerce_thumbnail":["https:\/\/miningspareparts.com\/wp-content\/uploads\/2023\/12\/87678678-300x300.webp",300,300,true],"woocommerce_single":["https:\/\/miningspareparts.com\/wp-content\/uploads\/2023\/12\/87678678-600x600.webp",600,600,true],"woocommerce_gallery_thumbnail":["https:\/\/miningspareparts.com\/wp-content\/uploads\/2023\/12\/87678678-100x100.webp",100,100,true]},"uagb_author_info":{"display_name":"Miningspareparts","author_link":"https:\/\/miningspareparts.com\/fr\/author\/"},"uagb_comment_info":0,"uagb_excerpt":"Here is a description of the Liming HPC220 Bowl Liner MINING has long understanding and coverage Of Henan Liming Keid Vipeak Vanguard Cone crushers match with following models Henan Liming Vipeak CS Series:\u00a0CS75B|CS75D|CS160B|CS160D|CS240B|CS240D|CS400B|CS400D Shanghai SBM Zenith HPT\/HPC Series:\u00a0HPT100|HPT200|HPT300|HPT400|HPT500|HPT800|HPC220|HPC400 Liming Shibang Kefid HST Series:\u00a0HST100|HST160|HST250|HST315|HST560|HST750 Why Choose Us\uff1f As a leading manufacturer specializing in mining equipment, we\u2026","_links":{"self":[{"href":"https:\/\/miningspareparts.com\/fr\/wp-json\/wp\/v2\/product\/1002","targetHints":{"allow":["GET"]}}],"collection":[{"href":"https:\/\/miningspareparts.com\/fr\/wp-json\/wp\/v2\/product"}],"about":[{"href":"https:\/\/miningspareparts.com\/fr\/wp-json\/wp\/v2\/types\/product"}],"wp:featuredmedia":[{"embeddable":true,"href":"https:\/\/miningspareparts.com\/fr\/wp-json\/wp\/v2\/media\/11167"}],"wp:attachment":[{"href":"https:\/\/miningspareparts.com\/fr\/wp-json\/wp\/v2\/media?parent=1002"}],"wp:term":[{"taxonomy":"product_brand","embeddable":true,"href":"https:\/\/miningspareparts.com\/fr\/wp-json\/wp\/v2\/product_brand?post=1002"},{"taxonomy":"product_cat","embeddable":true,"href":"https:\/\/miningspareparts.com\/fr\/wp-json\/wp\/v2\/product_cat?post=1002"},{"taxonomy":"product_tag","embeddable":true,"href":"https:\/\/miningspareparts.com\/fr\/wp-json\/wp\/v2\/product_tag?post=1002"}],"curies":[{"name":"wp","href":"https:\/\/api.w.org\/{rel}","templated":true}]}}